{"id":6024,"date":"2025-03-26T13:30:53","date_gmt":"2025-03-26T12:30:53","guid":{"rendered":"http:\/\/talia-fashion.pl\/produkt\/bezowy-plaszcz-przejsciowy-z-welny-i-kaszmiru-ada\/"},"modified":"2026-02-12T18:59:23","modified_gmt":"2026-02-12T17:59:23","slug":"bezowy-plaszcz-przejsciowy-z-welny-i-kaszmiru-ada","status":"publish","type":"product","link":"https:\/\/talia-fashion.pl\/en\/product\/bezowy-plaszcz-przejsciowy-z-welny-i-kaszmiru-ada\/","title":{"rendered":"Beige wool and cashmere transitional coat from Ada"},"content":{"rendered":"<p><span lang=\"DE\">Be\u017cowy p\u0142aszcz przej\u015bciowy z we\u0142ny i kaszmiru Ada to taliowany p\u0142aszcz o d\u0142ugo\u015bci w kolano idealny na wiosn\u0119 i jesie\u0144. Uszyli\u015bmy go z mi\u0119kkiego materia\u0142u z bardzo dobrej jako\u015bci mieszanki we\u0142nianej o l\u017cejszej gramaturze. Ca\u0142o\u015b\u0107 wyko\u0144czona acetatow\u0105 podszewk\u0105. We\u0142niana tkanina oraz acetatowa podszewka zapewni\u0105 optymalny komfort termiczny niezale\u017cnie od zmieniaj\u0105cej si\u0119 aury. P\u0142aszcz jest zapiany na jeden guzik, drugi pe\u0142ni fukcj\u0119 ozdoby. Posiada pasek, kt\u00f3ry uszyli\u015bmy z tej samej tkaniny. Dzi\u0119ki nie mu mo\u017cna dodatkowo podkre\u015bli\u0107 tali\u0119. A wi\u0105zany z ty\u0142u (podobnie jak w trenczu) optycznie wysmukli sylwetk\u0119. P\u0142aszcz ma dopasowany ty\u0142 i profilowany prz\u00f3d, dzi\u0119ki czemu p\u0142aszczyk jest bardzo wygodny i cho\u0107 dopasowany, nie opina sylwetki. Dwie boczne kieszenie wyko\u0144czone ozdobn\u0105 listw\u0105 dodaj\u0105 praktyczno\u015bci. Bez rozporka. <\/span><\/p>\n<p><span lang=\"DE\">Noteworthy is the beautiful exponential collar with an interesting form. We designed it to emphasise the neckline and make it slimmer, especially important for ladies with a generous bust, and when raised, it protects from the wind. We have additionally lined the front of the coat with very delicate glue, stabilising the fibres, emphasising the properties of the fabric and giving the coat a luxurious look.<\/span><\/p>\n<p>Be\u017cowy p\u0142aszcz przej\u015bciowy z we\u0142ny i kaszmiru Ada jest oszcz\u0119dny w ozdoby, utrzymany wr\u0119cz w minimalistycznym stylu. Dzi\u0119ki temu nabiera ponadczasowego charakteru i stanie si\u0119 baz\u0105 wielu, rozmaitych stylizacji. Mo\u017ce w nich pe\u0142ni\u0107 g\u0142\u00f3wn\u0105 rol\u0119 lub sta\u0107 si\u0119 jedynie t\u0142em dla stylizacji wielowarstwowych. Doskonale odnajdzie si\u0119 zar\u00f3wno w modnym stylu Old Money ze spodniami z wysokim stanem i we\u0142nianym sweterkiem czy w bardziej sportowej wersji &#8211; na bluz\u0119 z kapturem, d\u017cinsy i sneakersy. To zdecydowanie obok czarnego p\u0142aszcza obowi\u0105zkowa pozycja w szafie kapsu\u0142owej. Je\u015bli jeszcze nie zacz\u0119\u0142a\u015b swojej przygody z p\u0142aszczami, be\u017cowy p\u0142aszcz to \u015bwietny pocz\u0105tek.<\/p>\n<p><span lang=\"DE\">Zdj\u0119cie rzeczywiste \u2013 jasny be\u017c<\/span><\/p>\n<p>Available colours<span lang=\"DE\">: jasny be\u017c (kawa z mlekiem)<\/span><\/p>\n<p><span lang=\"DE\">Other colours are shown on other coat models and in the <a href=\"https:\/\/talia-fashion.pl\/en\/paleta-kolorow\/\">Colour palette<\/a>. If in doubt, we will be happy to help.\u00a0<\/span><\/p>\n<p><span lang=\"DE\">Available sizes: XS, S, M, L, XL<\/span><\/p>\n<p>The model is 172cm and a size XS.<\/p>\n<p><span lang=\"DE\">Indicative dimensions:<\/span><\/p>\n<p><span lang=\"DE\">XS - bust: 86-88 \/ hips 94-96 \/ length: 97 \/ shoulder width 34.5-35 \/ sleeve 61<br \/>\nS - bust: 90-92 \/ hips: 98-100 \/ length: 98 \/ shoulder width 35.5-36 \/ sleeve: 62<br \/>\nM - bust: 94-96 \/ hips: 102-104 \/ length: 98 \/ shoulder width 37-37.5 \/ sleeve: 62<br \/>\nL - bust: 98-100 \/ hips: 106-108 \/ length: 98 \/ shoulder width 39.5-40 \/ sleeve: 63<br \/>\nXL - bust: 104-106 \/ hips: 112-114 \/ length: 98 \/ shoulder width 42-42.5 \/ sleeve: 64<\/span><\/p>\n<p>We encourage you to read our advice on choosing the right size (\u00a0<a href=\"https:\/\/talia-fashion.pl\/en\/jak-dobrac-rozmiar\/\">How to choose a size?<\/a>\u00a0) and the cut of the coat (\u00a0<a href=\"https:\/\/talia-fashion.pl\/en\/jak-dobrac-plaszcz-do-sylwetki\/\">How do you choose a coat to suit your figure?<\/a>\u00a0).  If in doubt, please contact us.<\/p>\n<p><span lang=\"DE\">Materia\u0142: 97<\/span><span lang=\"DE\">% we\u0142na dziewicza, 3% kaszmir<\/span><\/p>\n<p>Lining: 100% acetate<\/p>\n<p>Like viscose, acetate is produced from cellulose. Acetate yarn can also be made from recycled cellulose such as paper. The acetate lining is excellent at absorbing moisture and permeable to air. It is coated with an antistatic apprettee and is OEKOtex\u00ae Standard 100 certified. It ideally provides thermal comfort and is comfortable to wear.<\/p>\n<p><span lang=\"DE\">Be\u017cowy p\u0142aszcz przej\u015bciowy z we\u0142ny i kaszmiru Ada zaprojektowali\u015bmy maj\u0105c na uwadze\u00a0 zar\u00f3wno wygod\u0119, jak i estetyk\u0119. Dla nas najwa\u017cne jest by\u015bcie czu\u0142y si\u0119 pi\u0119knie i komfortowo. P\u0142aszcz uszyli\u015bmy w naszej pracowni w Poznaniu, tradycyjnymi, pracoch\u0142onnymi metodami i mn\u00f3stwem w\u0142o\u017conego serca, a jednocze\u015bnie w spos\u00f3b przyjazny \u015brodowisku. Ka\u017cdy element p\u0142aszcza zosta\u0142 przez nas przemy\u015blany i dopieszczony, tak by zachwyca\u0142 jako\u015bci\u0105.\u00a0\u00a0<\/span><\/p>\n<p><strong>Individual order - <\/strong>Some modifications can be made at the client's request: shortening, lengthening of the sleeve, shortening and lengthening of the coat. Cost to be determined individually, after prior contact.<\/p>\n<p><strong>An individual order is not subject to exchange or refund.<\/strong><\/p>\n<p><span lang=\"DE\">Beige wool and cashmere transitional coat from Ada<\/span>\u00a0should be dry-cleaned. For regular refreshing of the coat we recommend the following <a href=\"https:\/\/talia-fashion.pl\/en\/product\/szczotka-do-czyszczenia-i-pielegnacji-plaszcza\/\">Brush for cleaning and care<\/a>, which can be purchased in our shop. How to simply look after your coat and enjoy it for years to come is explained in our short guide: <a href=\"https:\/\/talia-fashion.pl\/en\/jak-pielegnowac-i-dbac-o-plaszcz\/\">How to nurture and care for the coat?<\/a> Proper care of garments not only prolongs their lifespan but also contributes to environmental protection.<\/p>\n<p><span lang=\"DE\">The lead time depends on the current stock in the atelier and the availability of the given fabric colour. If the given coat is available in the atelier, the order will be realised within 2-5 working days. If it is necessary to sew the coat or individualise the order - making alterations or sewing a new coat according to the customer's specifications - the order processing time may be extended, up to a maximum of 2 weeks.<\/span><\/p>\n<p>We avoid overproduction and do not sew for stock, so we have to sew this coat for you. And although we try to process orders quickly, sewing a coat takes time and precision. Thank you for supporting Polish craftsmanship.<\/p>\n<p>We encourage you to like our <a href=\"https:\/\/www.instagram.com\/talia_plaszcze\/\">Fanpage on Instagram<\/a>.<\/p>","protected":false},"excerpt":{"rendered":"<p>Be\u017cowy p\u0142aszcz przej\u015bciowy z we\u0142ny i kaszmiru Ada to taliowany p\u0142aszcz o d\u0142ugo\u015bci w kolano idealny na wiosn\u0119 i jesie\u0144. Uszyli\u015bmy go&hellip;<\/p>","protected":false},"featured_media":6025,"template":"","meta":{"_acf_changed":false},"product_cat":[36],"product_tag":[163,89,78,32,176,34,39,41,42,109,43,68,96,181,85,49,50,125,69,60,177,262,263,97,53,88],"class_list":{"0":"post-6024","1":"product","2":"type-product","3":"status-publish","4":"has-post-thumbnail","6":"product_cat-plaszcze-dluzsze","7":"product_tag-bezowy-plaszcz","8":"product_tag-cieply","9":"product_tag-dla-roznych-sylwetek","10":"product_tag-dopasowany-kroj","11":"product_tag-flausz","12":"product_tag-handmade","13":"product_tag-klasyczny","14":"product_tag-na-podszewce","15":"product_tag-nowosc","16":"product_tag-plaszcz-camel","17":"product_tag-plaszcz-damski","18":"product_tag-plaszcz-jesienny","19":"product_tag-plaszcz-na-chlodne-dni","20":"product_tag-plaszcz-w-jodelke","21":"product_tag-plaszcz-welniany","22":"product_tag-plaszcz-wiosenny","23":"product_tag-plaszcz-z-rewersem","24":"product_tag-polskie-rzemioslo","25":"product_tag-prochowiec","26":"product_tag-producent-plaszczy-damskich","27":"product_tag-szlafrokowy-kroj","28":"product_tag-taliowany","29":"product_tag-taliowany-plaszcz","30":"product_tag-trencz","31":"product_tag-welna","32":"product_tag-wiazany","34":"first","35":"instock","36":"shipping-taxable","37":"purchasable","38":"product-type-variable","39":"has-default-attributes"},"acf":[],"yoast_head":"<!-- This site is optimized with the Yoast SEO plugin v25.7 - https:\/\/yoast.com\/wordpress\/plugins\/seo\/ -->\n<title>Be\u017cowy p\u0142aszcz przej\u015bciowy z we\u0142ny i kaszmiru Ada - Talia Fashion - klasyka<\/title>\n<meta name=\"description\" content=\"Camelowy p\u0142aszcz przej\u015bciowy z mieszanki we\u0142ny to klasyczny p\u0142aszcz damski na przej\u015bciowe pory roku. \u015awietna alternatywa dla trencza. Produkt polski.\" \/>\n<meta name=\"robots\" content=\"index, follow, max-snippet:-1, max-image-preview:large, max-video-preview:-1\" \/>\n<link rel=\"canonical\" href=\"https:\/\/talia-fashion.pl\/en\/product\/bezowy-plaszcz-przejsciowy-z-welny-i-kaszmiru-ada\/\" \/>\n<meta property=\"og:locale\" content=\"en_GB\" \/>\n<meta property=\"og:type\" content=\"article\" \/>\n<meta property=\"og:title\" content=\"Be\u017cowy p\u0142aszcz przej\u015bciowy z we\u0142ny i kaszmiru Ada - Talia Fashion - klasyka\" \/>\n<meta property=\"og:description\" content=\"Camelowy p\u0142aszcz przej\u015bciowy z mieszanki we\u0142ny to klasyczny p\u0142aszcz damski na przej\u015bciowe pory roku. \u015awietna alternatywa dla trencza. Produkt polski.\" \/>\n<meta property=\"og:url\" content=\"https:\/\/talia-fashion.pl\/en\/product\/bezowy-plaszcz-przejsciowy-z-welny-i-kaszmiru-ada\/\" \/>\n<meta property=\"og:site_name\" content=\"Talia Fashion\" \/>\n<meta property=\"article:modified_time\" content=\"2026-02-12T17:59:23+00:00\" \/>\n<meta property=\"og:image\" content=\"https:\/\/talia-fashion.pl\/wp-content\/uploads\/2025\/07\/bezowy-plaszcz-przejsciowy-welna-kaszmir.jpg\" \/>\n\t<meta property=\"og:image:width\" content=\"1500\" \/>\n\t<meta property=\"og:image:height\" content=\"2000\" \/>\n\t<meta property=\"og:image:type\" content=\"image\/jpeg\" \/>\n<meta name=\"twitter:card\" content=\"summary_large_image\" \/>\n<meta name=\"twitter:label1\" content=\"Estimated reading time\" \/>\n\t<meta name=\"twitter:data1\" content=\"4 minutes\" \/>\n<script type=\"application\/ld+json\" class=\"yoast-schema-graph\">{\"@context\":\"https:\/\/schema.org\",\"@graph\":[{\"@type\":\"WebPage\",\"@id\":\"https:\/\/talia-fashion.pl\/produkt\/bezowy-plaszcz-przejsciowy-z-welny-i-kaszmiru-ada\/\",\"url\":\"https:\/\/talia-fashion.pl\/produkt\/bezowy-plaszcz-przejsciowy-z-welny-i-kaszmiru-ada\/\",\"name\":\"Be\u017cowy p\u0142aszcz przej\u015bciowy z we\u0142ny i kaszmiru Ada - Talia Fashion - klasyka\",\"isPartOf\":{\"@id\":\"https:\/\/talia-fashion.pl\/#website\"},\"primaryImageOfPage\":{\"@id\":\"https:\/\/talia-fashion.pl\/produkt\/bezowy-plaszcz-przejsciowy-z-welny-i-kaszmiru-ada\/#primaryimage\"},\"image\":{\"@id\":\"https:\/\/talia-fashion.pl\/produkt\/bezowy-plaszcz-przejsciowy-z-welny-i-kaszmiru-ada\/#primaryimage\"},\"thumbnailUrl\":\"https:\/\/talia-fashion.pl\/wp-content\/uploads\/2025\/07\/bezowy-plaszcz-przejsciowy-welna-kaszmir.jpg\",\"datePublished\":\"2025-03-26T12:30:53+00:00\",\"dateModified\":\"2026-02-12T17:59:23+00:00\",\"description\":\"Camelowy p\u0142aszcz przej\u015bciowy z mieszanki we\u0142ny to klasyczny p\u0142aszcz damski na przej\u015bciowe pory roku. \u015awietna alternatywa dla trencza. Produkt polski.\",\"breadcrumb\":{\"@id\":\"https:\/\/talia-fashion.pl\/produkt\/bezowy-plaszcz-przejsciowy-z-welny-i-kaszmiru-ada\/#breadcrumb\"},\"inLanguage\":\"en-GB\",\"potentialAction\":[{\"@type\":\"ReadAction\",\"target\":[\"https:\/\/talia-fashion.pl\/produkt\/bezowy-plaszcz-przejsciowy-z-welny-i-kaszmiru-ada\/\"]}]},{\"@type\":\"ImageObject\",\"inLanguage\":\"en-GB\",\"@id\":\"https:\/\/talia-fashion.pl\/produkt\/bezowy-plaszcz-przejsciowy-z-welny-i-kaszmiru-ada\/#primaryimage\",\"url\":\"https:\/\/talia-fashion.pl\/wp-content\/uploads\/2025\/07\/bezowy-plaszcz-przejsciowy-welna-kaszmir.jpg\",\"contentUrl\":\"https:\/\/talia-fashion.pl\/wp-content\/uploads\/2025\/07\/bezowy-plaszcz-przejsciowy-welna-kaszmir.jpg\",\"width\":1500,\"height\":2000,\"caption\":\"Be\u017cowy p\u0142aszcz przej\u015bciowy z we\u0142ny i kaszmiru. Lekki, ciep\u0142y i stylowy. Idealny na wiosn\u0119 i jesie\u0144.\"},{\"@type\":\"BreadcrumbList\",\"@id\":\"https:\/\/talia-fashion.pl\/produkt\/bezowy-plaszcz-przejsciowy-z-welny-i-kaszmiru-ada\/#breadcrumb\",\"itemListElement\":[{\"@type\":\"ListItem\",\"position\":1,\"name\":\"Strona g\u0142\u00f3wna\",\"item\":\"https:\/\/talia-fashion.pl\/\"},{\"@type\":\"ListItem\",\"position\":2,\"name\":\"Sklep\",\"item\":\"https:\/\/talia-fashion.pl\/sklep\/\"},{\"@type\":\"ListItem\",\"position\":3,\"name\":\"Be\u017cowy p\u0142aszcz przej\u015bciowy z we\u0142ny i kaszmiru Ada\"}]},{\"@type\":\"WebSite\",\"@id\":\"https:\/\/talia-fashion.pl\/#website\",\"url\":\"https:\/\/talia-fashion.pl\/\",\"name\":\"Talia Fashion\",\"description\":\"\",\"potentialAction\":[{\"@type\":\"SearchAction\",\"target\":{\"@type\":\"EntryPoint\",\"urlTemplate\":\"https:\/\/talia-fashion.pl\/?s={search_term_string}\"},\"query-input\":{\"@type\":\"PropertyValueSpecification\",\"valueRequired\":true,\"valueName\":\"search_term_string\"}}],\"inLanguage\":\"en-GB\"}]}<\/script>\n<!-- \/ Yoast SEO plugin. -->","yoast_head_json":{"title":"Be\u017cowy p\u0142aszcz przej\u015bciowy z we\u0142ny i kaszmiru Ada - Talia Fashion - klasyka","description":"Camelowy p\u0142aszcz przej\u015bciowy z mieszanki we\u0142ny to klasyczny p\u0142aszcz damski na przej\u015bciowe pory roku. \u015awietna alternatywa dla trencza. Produkt polski.","robots":{"index":"index","follow":"follow","max-snippet":"max-snippet:-1","max-image-preview":"max-image-preview:large","max-video-preview":"max-video-preview:-1"},"canonical":"https:\/\/talia-fashion.pl\/en\/product\/bezowy-plaszcz-przejsciowy-z-welny-i-kaszmiru-ada\/","og_locale":"en_GB","og_type":"article","og_title":"Be\u017cowy p\u0142aszcz przej\u015bciowy z we\u0142ny i kaszmiru Ada - Talia Fashion - klasyka","og_description":"Camelowy p\u0142aszcz przej\u015bciowy z mieszanki we\u0142ny to klasyczny p\u0142aszcz damski na przej\u015bciowe pory roku. \u015awietna alternatywa dla trencza. Produkt polski.","og_url":"https:\/\/talia-fashion.pl\/en\/product\/bezowy-plaszcz-przejsciowy-z-welny-i-kaszmiru-ada\/","og_site_name":"Talia Fashion","article_modified_time":"2026-02-12T17:59:23+00:00","og_image":[{"width":1500,"height":2000,"url":"https:\/\/talia-fashion.pl\/wp-content\/uploads\/2025\/07\/bezowy-plaszcz-przejsciowy-welna-kaszmir.jpg","type":"image\/jpeg"}],"twitter_card":"summary_large_image","twitter_misc":{"Estimated reading time":"4 minutes"},"schema":{"@context":"https:\/\/schema.org","@graph":[{"@type":"WebPage","@id":"https:\/\/talia-fashion.pl\/produkt\/bezowy-plaszcz-przejsciowy-z-welny-i-kaszmiru-ada\/","url":"https:\/\/talia-fashion.pl\/produkt\/bezowy-plaszcz-przejsciowy-z-welny-i-kaszmiru-ada\/","name":"Be\u017cowy p\u0142aszcz przej\u015bciowy z we\u0142ny i kaszmiru Ada - Talia Fashion - klasyka","isPartOf":{"@id":"https:\/\/talia-fashion.pl\/#website"},"primaryImageOfPage":{"@id":"https:\/\/talia-fashion.pl\/produkt\/bezowy-plaszcz-przejsciowy-z-welny-i-kaszmiru-ada\/#primaryimage"},"image":{"@id":"https:\/\/talia-fashion.pl\/produkt\/bezowy-plaszcz-przejsciowy-z-welny-i-kaszmiru-ada\/#primaryimage"},"thumbnailUrl":"https:\/\/talia-fashion.pl\/wp-content\/uploads\/2025\/07\/bezowy-plaszcz-przejsciowy-welna-kaszmir.jpg","datePublished":"2025-03-26T12:30:53+00:00","dateModified":"2026-02-12T17:59:23+00:00","description":"Camelowy p\u0142aszcz przej\u015bciowy z mieszanki we\u0142ny to klasyczny p\u0142aszcz damski na przej\u015bciowe pory roku. \u015awietna alternatywa dla trencza. Produkt polski.","breadcrumb":{"@id":"https:\/\/talia-fashion.pl\/produkt\/bezowy-plaszcz-przejsciowy-z-welny-i-kaszmiru-ada\/#breadcrumb"},"inLanguage":"en-GB","potentialAction":[{"@type":"ReadAction","target":["https:\/\/talia-fashion.pl\/produkt\/bezowy-plaszcz-przejsciowy-z-welny-i-kaszmiru-ada\/"]}]},{"@type":"ImageObject","inLanguage":"en-GB","@id":"https:\/\/talia-fashion.pl\/produkt\/bezowy-plaszcz-przejsciowy-z-welny-i-kaszmiru-ada\/#primaryimage","url":"https:\/\/talia-fashion.pl\/wp-content\/uploads\/2025\/07\/bezowy-plaszcz-przejsciowy-welna-kaszmir.jpg","contentUrl":"https:\/\/talia-fashion.pl\/wp-content\/uploads\/2025\/07\/bezowy-plaszcz-przejsciowy-welna-kaszmir.jpg","width":1500,"height":2000,"caption":"Be\u017cowy p\u0142aszcz przej\u015bciowy z we\u0142ny i kaszmiru. Lekki, ciep\u0142y i stylowy. Idealny na wiosn\u0119 i jesie\u0144."},{"@type":"BreadcrumbList","@id":"https:\/\/talia-fashion.pl\/produkt\/bezowy-plaszcz-przejsciowy-z-welny-i-kaszmiru-ada\/#breadcrumb","itemListElement":[{"@type":"ListItem","position":1,"name":"Strona g\u0142\u00f3wna","item":"https:\/\/talia-fashion.pl\/"},{"@type":"ListItem","position":2,"name":"Sklep","item":"https:\/\/talia-fashion.pl\/sklep\/"},{"@type":"ListItem","position":3,"name":"Be\u017cowy p\u0142aszcz przej\u015bciowy z we\u0142ny i kaszmiru Ada"}]},{"@type":"WebSite","@id":"https:\/\/talia-fashion.pl\/#website","url":"https:\/\/talia-fashion.pl\/","name":"Talia Fashion","description":"","potentialAction":[{"@type":"SearchAction","target":{"@type":"EntryPoint","urlTemplate":"https:\/\/talia-fashion.pl\/?s={search_term_string}"},"query-input":{"@type":"PropertyValueSpecification","valueRequired":true,"valueName":"search_term_string"}}],"inLanguage":"en-GB"}]}},"_links":{"self":[{"href":"https:\/\/talia-fashion.pl\/en\/wp-json\/wp\/v2\/product\/6024","targetHints":{"allow":["GET"]}}],"collection":[{"href":"https:\/\/talia-fashion.pl\/en\/wp-json\/wp\/v2\/product"}],"about":[{"href":"https:\/\/talia-fashion.pl\/en\/wp-json\/wp\/v2\/types\/product"}],"wp:featuredmedia":[{"embeddable":true,"href":"https:\/\/talia-fashion.pl\/en\/wp-json\/wp\/v2\/media\/6025"}],"wp:attachment":[{"href":"https:\/\/talia-fashion.pl\/en\/wp-json\/wp\/v2\/media?parent=6024"}],"wp:term":[{"taxonomy":"product_cat","embeddable":true,"href":"https:\/\/talia-fashion.pl\/en\/wp-json\/wp\/v2\/product_cat?post=6024"},{"taxonomy":"product_tag","embeddable":true,"href":"https:\/\/talia-fashion.pl\/en\/wp-json\/wp\/v2\/product_tag?post=6024"}],"curies":[{"name":"wp","href":"https:\/\/api.w.org\/{rel}","templated":true}]}}