{"id":5978,"date":"2025-02-25T15:10:33","date_gmt":"2025-02-25T14:10:33","guid":{"rendered":"http:\/\/talia-fashion.pl\/produkt\/czarny-plaszcz-taliowany-do-kolan-z-paskiem-ada\/"},"modified":"2026-03-22T13:20:43","modified_gmt":"2026-03-22T12:20:43","slug":"czarny-plaszcz-taliowany-do-kolan-z-paskiem-ada","status":"publish","type":"product","link":"https:\/\/talia-fashion.pl\/en\/product\/czarny-plaszcz-taliowany-do-kolan-z-paskiem-ada\/","title":{"rendered":"Black waist-length knee-length coat with belt Ada"},"content":{"rendered":"<p><span lang=\"DE\">Czarny p\u0142aszcz taliowany do kolan z paskiem Ada to klasyczny wiosenno-jesienny p\u0142aszczyk o dopasowanym kroju w uniwersalnym kolorze. Uszyli\u015bmy go z mi\u0119kkiej mieszanki we\u0142ny dziewiczej o l\u017cejszej gramaturze, kt\u00f3ra zapewni optymalny komfort termiczny niezale\u017cnie od zmieniaj\u0105cej si\u0119 aury. Ochroni przed zimnem i zapewni przewiewno\u015b\u0107 w cieplejsze dni. Ca\u0142o\u015b\u0107 wyko\u0144czona acetatow\u0105 podszewk\u0105. P\u0142aszcz ma optymaln\u0105 d\u0142ugo\u015b\u0107, kt\u00f3ra doskonale dopasuje si\u0119 do ka\u017cdej sylwetki i wzrostu. Doda lekko\u015bci i szyku, a ponad wszystko jest wygodna i funkcjonalna. W przej\u015bciowym p\u0142aszczu Ada poczujesz si\u0119 lekko, jakby po zimie uby\u0142o kilogram\u00f3w. P\u0142aszcz jest zapiany na jeden guzik, drugi pe\u0142ni fukcj\u0119 ozdoby. Posiada pasek, kt\u00f3ry uszyli\u015bmy z tej samej tkaniny. Dzi\u0119ki nie mu mo\u017cna dodatkowo podkre\u015bli\u0107 tali\u0119. A wi\u0105zany z ty\u0142u optycznie wysmukli sylwetk\u0119. P\u0142aszcz ma dopasowany ty\u0142 i profilowany prz\u00f3d, dzi\u0119ki czemu p\u0142aszczyk jest bardzo wygodny &#8211; op\u0142ywa a nie opina sylwetk\u0119. Dwie boczne kieszenie wyko\u0144czone ozdobn\u0105 listw\u0105 dodaj\u0105 praktyczno\u015bci. Bez rozporka.<br \/>\n<\/span><\/p>\n<p><span lang=\"DE\">Noteworthy is the beautiful exponential collar with an interesting form. We designed it to emphasise the neckline and make it slimmer, especially important for ladies with a generous bust, and when raised, it protects from the wind. We have additionally lined the front of the coat with very delicate glue, stabilising the fibres, emphasising the properties of the fabric and giving the coat a luxurious look.<\/span><\/p>\n<p><span lang=\"DE\">Black waist-length knee-length coat with belt Ada <\/span>to nasza propozycja dla os\u00f3b, kt\u00f3re ceni\u0105 praktyczno\u015b\u0107. P\u0142aszczyk utrzymany w nurcie slow &#8211; czyli minimalistyczny kr\u00f3j, bez zb\u0119dnych ozd\u00f3b i pasuje w\u0142a\u015bciwie do wszystkiego. Zak\u0142adasz go i wychodzisz. Zapinasz, wi\u0105\u017cesz na przodzie lub z ty\u0142u, lub po prostu nosisz rozpi\u0119ty &#8211; za ka\u017cdym razem b\u0119dziesz prezentowa\u0107 si\u0119 doskonale. Walor ten doceni\u0105 wszystkie osoby, kt\u00f3re nie lubi\u0105 zbyt d\u0142ugo zastanawia\u0107 si\u0119 nad swoim codziennym strojem. A czarny kolor z \u0142atwo\u015bci\u0105 po\u0142\u0105czysz z pozosta\u0142ym ubraniami w Twojej garderobie.<\/p>\n<p>Ciesz si\u0119 doskona\u0142ym stylem przez ca\u0142y sezon, si\u0119gaj\u0105c po nasze najnowsze p\u0142aszcze. Klasyczne kroje s\u0105 niezast\u0105pione je\u015bli chcesz doda\u0107 swojemu ubiorowi miejskiego charakteru. Idealnie sprawdz\u0105 si\u0119 te\u017c, gdy zale\u017cy Ci na luksusowym wygl\u0105dzie &#8211; sk\u00f3rzane loafersy na platformie\u00a0 i elegancka torebka dope\u0142ni\u0105 ca\u0142o\u015bci.<\/p>\n<p><span lang=\"DE\">Actual photo - black<\/span><\/p>\n<p>Available colours<span lang=\"DE\">: czarny<\/span><\/p>\n<p><span lang=\"DE\">Other colours are shown on other coat models and in the <a href=\"https:\/\/talia-fashion.pl\/en\/paleta-kolorow\/\">Colour palette<\/a>. If in doubt, we will be happy to help.\u00a0<\/span><\/p>\n<p><span lang=\"DE\">Available sizes: XS, S, M, L, XL<\/span><\/p>\n<p>The model is 172cm and a size S.<\/p>\n<p><span lang=\"DE\">Indicative dimensions:<\/span><\/p>\n<p><span lang=\"DE\">XS - bust: 86-88 \/ hips 94-96 \/ length: 97 \/ shoulder width 34.5-35 \/ sleeve 61<br \/>\nS - bust: 90-92 \/ hips: 98-100 \/ length: 98 \/ shoulder width 35.5-36 \/ sleeve: 62<br \/>\nM - bust: 94-96 \/ hips: 102-104 \/ length: 98 \/ shoulder width 37-37.5 \/ sleeve: 62<br \/>\nL - bust: 98-100 \/ hips: 106-108 \/ length: 98 \/ shoulder width 39.5-40 \/ sleeve: 63<br \/>\nXL - bust: 104-106 \/ hips: 112-114 \/ length: 98 \/ shoulder width 42-42.5 \/ sleeve: 64<\/span><\/p>\n<p>We encourage you to read our advice on choosing the right size (\u00a0<a href=\"https:\/\/talia-fashion.pl\/en\/jak-dobrac-rozmiar\/\">How to choose a size?<\/a>\u00a0) and the cut of the coat (\u00a0<a href=\"https:\/\/talia-fashion.pl\/en\/jak-dobrac-plaszcz-do-sylwetki\/\">How do you choose a coat to suit your figure?<\/a>\u00a0).  If in doubt, please contact us.<\/p>\n<p><span lang=\"DE\">Material: 80<\/span><span lang=\"DE\">% wool, 20% polyamide<\/span><\/p>\n<p>Lining: 100% acetate<\/p>\n<p>Like viscose, acetate is produced from cellulose. Acetate yarn can also be made from recycled cellulose such as paper. The acetate lining is excellent at absorbing moisture and permeable to air. It is coated with an antistatic apprettee and is OEKOtex\u00ae Standard 100 certified. It ideally provides thermal comfort and is comfortable to wear.<\/p>\n<p><span lang=\"DE\">Czarny p\u0142aszcz taliowany do kolan z paskiem Ada zaprojektowali\u015bmy maj\u0105c na uwadze zar\u00f3wno wygod\u0119, jak i estetyk\u0119. Dla nas najwa\u017cne jest by\u015bcie czu\u0142y si\u0119 pi\u0119knie i komfortowo. P\u0142aszcz uszyli\u015bmy w naszej pracowni w Poznaniu, tradycyjnymi, pracoch\u0142onnymi metodami i mn\u00f3stwem w\u0142o\u017conego serca, a jednocze\u015bnie w spos\u00f3b przyjazny \u015brodowisku. Ka\u017cdy element p\u0142aszcza zosta\u0142 przez nas przemy\u015blany i dopieszczony, tak by zachwyca\u0142 jako\u015bci\u0105.\u00a0\u00a0<\/span><\/p>\n<p><strong>Individual order - <\/strong>Some modifications can be made at the client's request: shortening, lengthening of the sleeve, shortening and lengthening of the coat. Cost to be determined individually, after prior contact.<\/p>\n<p><strong>An individual order is not subject to exchange or refund.<\/strong><\/p>\n<p><span lang=\"DE\">Black waist-length knee-length coat with belt Ada<\/span> should be dry-cleaned. For regular refreshing of the coat we recommend the following <a href=\"https:\/\/talia-fashion.pl\/en\/product\/szczotka-do-czyszczenia-i-pielegnacji-plaszcza\/\">Brush for cleaning and care<\/a>, which can be purchased in our shop. How to simply look after your coat and enjoy it for years to come is explained in our short guide: <a href=\"https:\/\/talia-fashion.pl\/en\/jak-pielegnowac-i-dbac-o-plaszcz\/\">How to nurture and care for the coat?<\/a> Proper care of garments not only prolongs their lifespan but also contributes to environmental protection.<\/p>\n<p><span lang=\"DE\">The lead time depends on the current stock in the atelier and the availability of the given fabric colour. If the given coat is available in the atelier, the order will be realised within 2-5 working days. If it is necessary to sew the coat or individualise the order - making alterations or sewing a new coat according to the customer's specifications - the order processing time may be extended, up to a maximum of 2 weeks.<\/span><\/p>\n<p>Unikamy nadprodukcji i tylko cz\u0119\u015b\u0107 naszych kolekcji szyjemy w standardowych rozmiarach, na magazynnie. Dlatego prosimy o cierpliwo\u015b\u0107 musimy uszy\u0107 ten p\u0142aszcz dla Ciebie. I cho\u0107 staramy si\u0119 realizowa\u0107 zam\u00f3wienia szybko, uszycie p\u0142aszcza wymaga czasu i precyzji. Dzi\u0119kujemy, \u017ce wspierasz polskie rzemios\u0142o.<\/p>\n<p>We encourage you to like our <a href=\"https:\/\/www.instagram.com\/talia_plaszcze\/\">Fanpage on Instagram<\/a>.<\/p>","protected":false},"excerpt":{"rendered":"<p>Czarny p\u0142aszcz taliowany do kolan z paskiem Ada to klasyczny wiosenno-jesienny p\u0142aszczyk o dopasowanym kroju w uniwersalnym kolorze. Uszyli\u015bmy go z mi\u0119kkiej&hellip;<\/p>","protected":false},"featured_media":5979,"template":"","meta":{"_acf_changed":false},"product_cat":[36],"product_tag":[89,247,289,78,32,176,34,39,41,109,43,68,96,59,85,49,50,123,125,69,60,177,262,263,97,53,139,88],"class_list":{"0":"post-5978","1":"product","2":"type-product","3":"status-publish","4":"has-post-thumbnail","6":"product_cat-plaszcze-dluzsze","7":"product_tag-cieply","8":"product_tag-czarny-plaszczyk","9":"product_tag-czarny-trencz-damski","10":"product_tag-dla-roznych-sylwetek","11":"product_tag-dopasowany-kroj","12":"product_tag-flausz","13":"product_tag-handmade","14":"product_tag-klasyczny","15":"product_tag-na-podszewce","16":"product_tag-plaszcz-camel","17":"product_tag-plaszcz-damski","18":"product_tag-plaszcz-jesienny","19":"product_tag-plaszcz-na-chlodne-dni","20":"product_tag-plaszcz-przejsciowy","21":"product_tag-plaszcz-welniany","22":"product_tag-plaszcz-wiosenny","23":"product_tag-plaszcz-z-rewersem","24":"product_tag-plaszcze-damskie","25":"product_tag-polskie-rzemioslo","26":"product_tag-prochowiec","27":"product_tag-producent-plaszczy-damskich","28":"product_tag-szlafrokowy-kroj","29":"product_tag-taliowany","30":"product_tag-taliowany-plaszcz","31":"product_tag-trencz","32":"product_tag-welna","33":"product_tag-welna-dziewicza","34":"product_tag-wiazany","36":"first","37":"instock","38":"shipping-taxable","39":"purchasable","40":"product-type-variable","41":"has-default-attributes"},"acf":[],"yoast_head":"<!-- This site is optimized with the Yoast SEO plugin v25.7 - https:\/\/yoast.com\/wordpress\/plugins\/seo\/ -->\n<title>Czarny p\u0142aszcz taliowany do kolan z paskiem Ada - Talia Fashion - p\u0142aszcz damski<\/title>\n<meta name=\"description\" content=\"Czarny p\u0142aszcz taliowany do kolan z paskiem to klasyczny przej\u015bciowy p\u0142aszcz, kt\u00f3ry otula i dodaje szyku. Minimalistyczny kr\u00f3j, wz\u00f3r jode\u0142ki. Nurt slow\" \/>\n<meta name=\"robots\" content=\"index, follow, max-snippet:-1, max-image-preview:large, max-video-preview:-1\" \/>\n<link rel=\"canonical\" href=\"https:\/\/talia-fashion.pl\/en\/product\/czarny-plaszcz-taliowany-do-kolan-z-paskiem-ada\/\" \/>\n<meta property=\"og:locale\" content=\"en_GB\" \/>\n<meta property=\"og:type\" content=\"article\" \/>\n<meta property=\"og:title\" content=\"Czarny p\u0142aszcz taliowany do kolan z paskiem Ada - Talia Fashion - p\u0142aszcz damski\" \/>\n<meta property=\"og:description\" content=\"Czarny p\u0142aszcz taliowany do kolan z paskiem to klasyczny przej\u015bciowy p\u0142aszcz, kt\u00f3ry otula i dodaje szyku. Minimalistyczny kr\u00f3j, wz\u00f3r jode\u0142ki. Nurt slow\" \/>\n<meta property=\"og:url\" content=\"https:\/\/talia-fashion.pl\/en\/product\/czarny-plaszcz-taliowany-do-kolan-z-paskiem-ada\/\" \/>\n<meta property=\"og:site_name\" content=\"Talia Fashion\" \/>\n<meta property=\"article:modified_time\" content=\"2026-03-22T12:20:43+00:00\" \/>\n<meta property=\"og:image\" content=\"https:\/\/talia-fashion.pl\/wp-content\/uploads\/2025\/07\/czarny_plaszcz_taliowany_do_kolan_pasek_przejsciwoy.jpg\" \/>\n\t<meta property=\"og:image:width\" content=\"1500\" \/>\n\t<meta property=\"og:image:height\" content=\"2000\" \/>\n\t<meta property=\"og:image:type\" content=\"image\/jpeg\" \/>\n<meta name=\"twitter:card\" content=\"summary_large_image\" \/>\n<meta name=\"twitter:label1\" content=\"Estimated reading time\" \/>\n\t<meta name=\"twitter:data1\" content=\"4 minutes\" \/>\n<script type=\"application\/ld+json\" class=\"yoast-schema-graph\">{\"@context\":\"https:\/\/schema.org\",\"@graph\":[{\"@type\":\"WebPage\",\"@id\":\"https:\/\/talia-fashion.pl\/produkt\/czarny-plaszcz-taliowany-do-kolan-z-paskiem-ada\/\",\"url\":\"https:\/\/talia-fashion.pl\/produkt\/czarny-plaszcz-taliowany-do-kolan-z-paskiem-ada\/\",\"name\":\"Czarny p\u0142aszcz taliowany do kolan z paskiem Ada - Talia Fashion - p\u0142aszcz damski\",\"isPartOf\":{\"@id\":\"https:\/\/talia-fashion.pl\/#website\"},\"primaryImageOfPage\":{\"@id\":\"https:\/\/talia-fashion.pl\/produkt\/czarny-plaszcz-taliowany-do-kolan-z-paskiem-ada\/#primaryimage\"},\"image\":{\"@id\":\"https:\/\/talia-fashion.pl\/produkt\/czarny-plaszcz-taliowany-do-kolan-z-paskiem-ada\/#primaryimage\"},\"thumbnailUrl\":\"https:\/\/talia-fashion.pl\/wp-content\/uploads\/2025\/07\/czarny_plaszcz_taliowany_do_kolan_pasek_przejsciwoy.jpg\",\"datePublished\":\"2025-02-25T14:10:33+00:00\",\"dateModified\":\"2026-03-22T12:20:43+00:00\",\"description\":\"Czarny p\u0142aszcz taliowany do kolan z paskiem to klasyczny przej\u015bciowy p\u0142aszcz, kt\u00f3ry otula i dodaje szyku. Minimalistyczny kr\u00f3j, wz\u00f3r jode\u0142ki. Nurt slow\",\"breadcrumb\":{\"@id\":\"https:\/\/talia-fashion.pl\/produkt\/czarny-plaszcz-taliowany-do-kolan-z-paskiem-ada\/#breadcrumb\"},\"inLanguage\":\"en-GB\",\"potentialAction\":[{\"@type\":\"ReadAction\",\"target\":[\"https:\/\/talia-fashion.pl\/produkt\/czarny-plaszcz-taliowany-do-kolan-z-paskiem-ada\/\"]}]},{\"@type\":\"ImageObject\",\"inLanguage\":\"en-GB\",\"@id\":\"https:\/\/talia-fashion.pl\/produkt\/czarny-plaszcz-taliowany-do-kolan-z-paskiem-ada\/#primaryimage\",\"url\":\"https:\/\/talia-fashion.pl\/wp-content\/uploads\/2025\/07\/czarny_plaszcz_taliowany_do_kolan_pasek_przejsciwoy.jpg\",\"contentUrl\":\"https:\/\/talia-fashion.pl\/wp-content\/uploads\/2025\/07\/czarny_plaszcz_taliowany_do_kolan_pasek_przejsciwoy.jpg\",\"width\":1500,\"height\":2000,\"caption\":\"Czarny p\u0142aszczyk przej\u015bciowy w kolano z paskiem. Uszyty z l\u017cejszej we\u0142ny. Klasyczny kr\u00f3j i uniwersalny kolor.\"},{\"@type\":\"BreadcrumbList\",\"@id\":\"https:\/\/talia-fashion.pl\/produkt\/czarny-plaszcz-taliowany-do-kolan-z-paskiem-ada\/#breadcrumb\",\"itemListElement\":[{\"@type\":\"ListItem\",\"position\":1,\"name\":\"Strona g\u0142\u00f3wna\",\"item\":\"https:\/\/talia-fashion.pl\/\"},{\"@type\":\"ListItem\",\"position\":2,\"name\":\"Sklep\",\"item\":\"https:\/\/talia-fashion.pl\/sklep\/\"},{\"@type\":\"ListItem\",\"position\":3,\"name\":\"Czarny p\u0142aszcz taliowany do kolan z paskiem Ada\"}]},{\"@type\":\"WebSite\",\"@id\":\"https:\/\/talia-fashion.pl\/#website\",\"url\":\"https:\/\/talia-fashion.pl\/\",\"name\":\"Talia Fashion\",\"description\":\"\",\"potentialAction\":[{\"@type\":\"SearchAction\",\"target\":{\"@type\":\"EntryPoint\",\"urlTemplate\":\"https:\/\/talia-fashion.pl\/?s={search_term_string}\"},\"query-input\":{\"@type\":\"PropertyValueSpecification\",\"valueRequired\":true,\"valueName\":\"search_term_string\"}}],\"inLanguage\":\"en-GB\"}]}<\/script>\n<!-- \/ Yoast SEO plugin. -->","yoast_head_json":{"title":"Czarny p\u0142aszcz taliowany do kolan z paskiem Ada - Talia Fashion - p\u0142aszcz damski","description":"Czarny p\u0142aszcz taliowany do kolan z paskiem to klasyczny przej\u015bciowy p\u0142aszcz, kt\u00f3ry otula i dodaje szyku. Minimalistyczny kr\u00f3j, wz\u00f3r jode\u0142ki. Nurt slow","robots":{"index":"index","follow":"follow","max-snippet":"max-snippet:-1","max-image-preview":"max-image-preview:large","max-video-preview":"max-video-preview:-1"},"canonical":"https:\/\/talia-fashion.pl\/en\/product\/czarny-plaszcz-taliowany-do-kolan-z-paskiem-ada\/","og_locale":"en_GB","og_type":"article","og_title":"Czarny p\u0142aszcz taliowany do kolan z paskiem Ada - Talia Fashion - p\u0142aszcz damski","og_description":"Czarny p\u0142aszcz taliowany do kolan z paskiem to klasyczny przej\u015bciowy p\u0142aszcz, kt\u00f3ry otula i dodaje szyku. Minimalistyczny kr\u00f3j, wz\u00f3r jode\u0142ki. Nurt slow","og_url":"https:\/\/talia-fashion.pl\/en\/product\/czarny-plaszcz-taliowany-do-kolan-z-paskiem-ada\/","og_site_name":"Talia Fashion","article_modified_time":"2026-03-22T12:20:43+00:00","og_image":[{"width":1500,"height":2000,"url":"https:\/\/talia-fashion.pl\/wp-content\/uploads\/2025\/07\/czarny_plaszcz_taliowany_do_kolan_pasek_przejsciwoy.jpg","type":"image\/jpeg"}],"twitter_card":"summary_large_image","twitter_misc":{"Estimated reading time":"4 minutes"},"schema":{"@context":"https:\/\/schema.org","@graph":[{"@type":"WebPage","@id":"https:\/\/talia-fashion.pl\/produkt\/czarny-plaszcz-taliowany-do-kolan-z-paskiem-ada\/","url":"https:\/\/talia-fashion.pl\/produkt\/czarny-plaszcz-taliowany-do-kolan-z-paskiem-ada\/","name":"Czarny p\u0142aszcz taliowany do kolan z paskiem Ada - Talia Fashion - p\u0142aszcz damski","isPartOf":{"@id":"https:\/\/talia-fashion.pl\/#website"},"primaryImageOfPage":{"@id":"https:\/\/talia-fashion.pl\/produkt\/czarny-plaszcz-taliowany-do-kolan-z-paskiem-ada\/#primaryimage"},"image":{"@id":"https:\/\/talia-fashion.pl\/produkt\/czarny-plaszcz-taliowany-do-kolan-z-paskiem-ada\/#primaryimage"},"thumbnailUrl":"https:\/\/talia-fashion.pl\/wp-content\/uploads\/2025\/07\/czarny_plaszcz_taliowany_do_kolan_pasek_przejsciwoy.jpg","datePublished":"2025-02-25T14:10:33+00:00","dateModified":"2026-03-22T12:20:43+00:00","description":"Czarny p\u0142aszcz taliowany do kolan z paskiem to klasyczny przej\u015bciowy p\u0142aszcz, kt\u00f3ry otula i dodaje szyku. Minimalistyczny kr\u00f3j, wz\u00f3r jode\u0142ki. Nurt slow","breadcrumb":{"@id":"https:\/\/talia-fashion.pl\/produkt\/czarny-plaszcz-taliowany-do-kolan-z-paskiem-ada\/#breadcrumb"},"inLanguage":"en-GB","potentialAction":[{"@type":"ReadAction","target":["https:\/\/talia-fashion.pl\/produkt\/czarny-plaszcz-taliowany-do-kolan-z-paskiem-ada\/"]}]},{"@type":"ImageObject","inLanguage":"en-GB","@id":"https:\/\/talia-fashion.pl\/produkt\/czarny-plaszcz-taliowany-do-kolan-z-paskiem-ada\/#primaryimage","url":"https:\/\/talia-fashion.pl\/wp-content\/uploads\/2025\/07\/czarny_plaszcz_taliowany_do_kolan_pasek_przejsciwoy.jpg","contentUrl":"https:\/\/talia-fashion.pl\/wp-content\/uploads\/2025\/07\/czarny_plaszcz_taliowany_do_kolan_pasek_przejsciwoy.jpg","width":1500,"height":2000,"caption":"Czarny p\u0142aszczyk przej\u015bciowy w kolano z paskiem. Uszyty z l\u017cejszej we\u0142ny. Klasyczny kr\u00f3j i uniwersalny kolor."},{"@type":"BreadcrumbList","@id":"https:\/\/talia-fashion.pl\/produkt\/czarny-plaszcz-taliowany-do-kolan-z-paskiem-ada\/#breadcrumb","itemListElement":[{"@type":"ListItem","position":1,"name":"Strona g\u0142\u00f3wna","item":"https:\/\/talia-fashion.pl\/"},{"@type":"ListItem","position":2,"name":"Sklep","item":"https:\/\/talia-fashion.pl\/sklep\/"},{"@type":"ListItem","position":3,"name":"Czarny p\u0142aszcz taliowany do kolan z paskiem Ada"}]},{"@type":"WebSite","@id":"https:\/\/talia-fashion.pl\/#website","url":"https:\/\/talia-fashion.pl\/","name":"Talia Fashion","description":"","potentialAction":[{"@type":"SearchAction","target":{"@type":"EntryPoint","urlTemplate":"https:\/\/talia-fashion.pl\/?s={search_term_string}"},"query-input":{"@type":"PropertyValueSpecification","valueRequired":true,"valueName":"search_term_string"}}],"inLanguage":"en-GB"}]}},"_links":{"self":[{"href":"https:\/\/talia-fashion.pl\/en\/wp-json\/wp\/v2\/product\/5978","targetHints":{"allow":["GET"]}}],"collection":[{"href":"https:\/\/talia-fashion.pl\/en\/wp-json\/wp\/v2\/product"}],"about":[{"href":"https:\/\/talia-fashion.pl\/en\/wp-json\/wp\/v2\/types\/product"}],"wp:featuredmedia":[{"embeddable":true,"href":"https:\/\/talia-fashion.pl\/en\/wp-json\/wp\/v2\/media\/5979"}],"wp:attachment":[{"href":"https:\/\/talia-fashion.pl\/en\/wp-json\/wp\/v2\/media?parent=5978"}],"wp:term":[{"taxonomy":"product_cat","embeddable":true,"href":"https:\/\/talia-fashion.pl\/en\/wp-json\/wp\/v2\/product_cat?post=5978"},{"taxonomy":"product_tag","embeddable":true,"href":"https:\/\/talia-fashion.pl\/en\/wp-json\/wp\/v2\/product_tag?post=5978"}],"curies":[{"name":"wp","href":"https:\/\/api.w.org\/{rel}","templated":true}]}}