{"id":5969,"date":"2025-02-24T14:51:39","date_gmt":"2025-02-24T13:51:39","guid":{"rendered":"http:\/\/talia-fashion.pl\/produkt\/brazowy-dlugi-plaszcz-przejsciowy-z-welny-helena\/"},"modified":"2026-03-03T13:13:49","modified_gmt":"2026-03-03T12:13:49","slug":"brazowy-dlugi-plaszcz-przejsciowy-z-welny-helena","status":"publish","type":"product","link":"https:\/\/talia-fashion.pl\/en\/product\/brazowy-dlugi-plaszcz-przejsciowy-z-welny-helena\/","title":{"rendered":"Brown long transition coat in wool Helena"},"content":{"rendered":"<p><span lang=\"DE\">The Helena brown long wool transitional coat is a coat with a drapey, looser fit that wraps softly around the figure. The ruffled sleeves, finished with epaulettes, add softness to the figure and provide great comfort. Z<\/span><span lang=\"DE\">apinated with double-breasted buttons and tied at the waist. The belt, in the same fabric, for a better fit. We've tailored it in a soft and lightweight wool blend that adds a touch of class and elegance. Further enhancing the effect of a subtle sense of luxury. The coat, despite its mid-calf length, is light, airy and warm. It is ideal for spring and autumn, both on cold days and when the sun is shining. Classic, padded collar with open lapels. Two functional slash pockets. Rear zip. Fully lined. Limited edition.<br \/>\n<\/span><\/p>\n<p>The Helena brown long wool transition coat gives you endless styling possibilities. It's a coat that is timeless in its cut, in a beautiful, versatile colour. A warm brown with a hint of beige that alludes to natural earth tones. The Helena coat is a great base for a capsule wardrobe. It composes with many colours: white, beige, grey, navy, blue, as well as more expressive colours such as red, green, maroon and even pink and orange. Combined with soft, loose fabrics, the brown coat will look very subtle and cosy. It will go perfectly with both dark and light pieces of clothing. It suits both elegant and casual outfits. Play with colours, material textures, combine light and heavy clothing. Always look stylish with a brown coat.<\/p>\n<p><span lang=\"DE\">Actual photo - warm brown<\/span><\/p>\n<p>Available colours: warm brown<\/p>\n<p><span lang=\"DE\">The colours are presented in our <a href=\"https:\/\/talia-fashion.pl\/en\/paleta-kolorow\/\">Colour palette<\/a>. If in doubt, please contact us.<\/span><\/p>\n<p><span lang=\"DE\">Available sizes: XS, S, M, L<\/span><\/p>\n<p><span lang=\"DE\">Indicative dimensions:<\/span><\/p>\n<p>XS - bust: 86-88 \/ hips: 94-96 \/ length: 116 \/ sleeve: 62<br \/>\nS - bust: 90-92 \/ hips: 98-100 \/ length: 116 \/ sleeve: 62<br \/>\nM - bust: 94-96 \/ hips: 102-104 \/ length: 117 \/ sleeve: 62<br \/>\nL - bust: 98-100 \/ hips: 106-108 \/ length: 118 \/ sleeve: 63<br \/>\nXL - bust: 104-106 \/ hips: 112-114 \/ length: 118 \/ sleeve: 64<\/p>\n<p><span lang=\"DE\">What size to choose and how to measure yourself are suggested in our short guide: <a href=\"https:\/\/talia-fashion.pl\/en\/jak-dobrac-rozmiar\/\">How to choose a size?<\/a><\/span><br \/>\n<span lang=\"DE\">The coat has a relaxed but not oversized fit. Due to the raglan sleeve construction, it falls slightly looser, especially in the upper parts. However, thanks to the well-thought-out construction and the use of additional modelling cuts at the front and back, the coat emphasises the silhouette but does not restrict movement. The most important thing about this cut is that it does not sag at the hips. Please contact us if you have any doubts about sizing.<\/span><\/p>\n<p>Mr. <span lang=\"DE\">with broader shoulders or a generous bust <\/span>can confidently consider this proposal. For tips on which coat cut to choose, please see: <a href=\"https:\/\/talia-fashion.pl\/en\/jak-dobrac-plaszcz-do-sylwetki\/\">How do you choose a coat to suit your figure?<\/a><\/p>\n<p><span lang=\"DE\">Material: 80% wool, 20% polyamide<\/span><br \/>\nLining: 100% acetate<\/p>\n<p>Like viscose, acetate is produced from cellulose. Acetate yarn can also be made from recycled cellulose such as paper. The acetate lining is excellent at absorbing moisture and permeable to air. It is coated with an antistatic apprettee and is OEKOtex\u00ae Standard 100 certified.<\/p>\n<p>The brown long transition coat in Helena wool was made in our family tailor shop in Poznan, in an environmentally friendly and Fair Trade manner<span lang=\"DE\">. Our coat is an artisanal creation in which even the buttons have been sewn by hand. It has been sewn from deadstock material selected by us, previously produced for a well-known brand. The process of finding materials is very labour-intensive, but this allows us to offer very good quality materials at a good price and contribute to reducing global overproduction. Sustainability is very important to us.<\/span><\/p>\n<p><span lang=\"DE\">The transition coat should be dry-cleaned. Proper care, hanging and avoiding snags will keep your coat beautiful for a long time. Take a look at our tab: <a href=\"https:\/\/talia-fashion.pl\/en\/jak-pielegnowac-i-dbac-o-plaszcz\/\">How to nurture and care for the coat?<\/a>, where we have included simple methods for enjoying your coat for a long time. And to refresh your wool frequently, we recommend the following\u00a0<a href=\"https:\/\/talia-fashion.pl\/en\/product\/szczotka-do-czyszczenia-i-pielegnacji-plaszcza\/\">Brush for cleaning and care of the coat<\/a>which can be purchased in our shop.<\/span><\/p>\n<p><span lang=\"DE\">There is also the possibility of <strong>Individual orders<\/strong>The coat can be modified at the customer's request. We can shorten or lengthen sleeves, shorten or lengthen the coat, remove decorative epaulettes and patches. The cost of such a service is determined individually after prior contact and determination of possible options.<\/span><\/p>\n<p><strong>An individual order is not subject to exchange or refund.<\/strong><\/p>\n<p><span lang=\"DE\">The lead time depends on the current stock in the atelier and the availability of the fabric colour in question. If the given coat is available in the atelier, the order will be fulfilled very quickly - 2-5 working days. If it is necessary to sew the coat or individualise the order - making alterations or sewing a new coat - the lead time may be extended, up to a maximum of 2 weeks.<\/span><\/p>\n<p>We practice traditional craftsmanship and each of our coats is sewn by hand. For this reason, we do not sew coats for stock, so please be patient - we need to sew this coat for you. Thank you for supporting a local business.<\/p>\n<p>We invite you to stay with us for longer and to follow our profiles on <a href=\"https:\/\/www.facebook.com\/talia.plaszcze\">Facebook<\/a>\u00a0and\u00a0<a href=\"https:\/\/www.instagram.com\/talia_plaszcze\/\">Instagram<\/a>.<\/p>","protected":false},"excerpt":{"rendered":"<p>Br\u0105zowy d\u0142ugi p\u0142aszcz przej\u015bciowy z we\u0142ny Helena to p\u0142aszcz o pow\u0142\u00f3czystym, lu\u017aniejszym kroju, kt\u00f3ry w spos\u00f3b delikatny otula sylwetk\u0119. Raglanowe r\u0119kawy, wyko\u0144czone&hellip;<\/p>","protected":false},"featured_media":5970,"template":"","meta":{"_acf_changed":false},"product_cat":[36],"product_tag":[78,119,34,39,40,80,41,42,135,43,44,45,46,68,83,47,259,59,122,187,195,85,50,173,69,60,52,114,97,258,53,88,147],"class_list":{"0":"post-5969","1":"product","2":"type-product","3":"status-publish","4":"has-post-thumbnail","6":"product_cat-plaszcze-dluzsze","7":"product_tag-dla-roznych-sylwetek","8":"product_tag-dlugi-plaszcz-zimowy","9":"product_tag-handmade","10":"product_tag-klasyczny","11":"product_tag-kolnierz","12":"product_tag-luzny-kroj","13":"product_tag-na-podszewce","14":"product_tag-nowosc","15":"product_tag-plaszcz-brazowy","16":"product_tag-plaszcz-damski","17":"product_tag-plaszcz-damski-dlugi","18":"product_tag-plaszcz-dlugi","19":"product_tag-plaszcz-dwurzedowy","20":"product_tag-plaszcz-jesienny","21":"product_tag-plaszcz-luzny","22":"product_tag-plaszcz-na-guziki","23":"product_tag-plaszcz-na-wiosne","24":"product_tag-plaszcz-przejsciowy","25":"product_tag-plaszcz-szlafrokowy","26":"product_tag-plaszcz-trencz","27":"product_tag-plaszcz-typu-basic","28":"product_tag-plaszcz-welniany","29":"product_tag-plaszcz-z-rewersem","30":"product_tag-polski-producent-plaszczy","31":"product_tag-prochowiec","32":"product_tag-producent-plaszczy-damskich","33":"product_tag-szylkretowe-guziki","34":"product_tag-tencel","35":"product_tag-trencz","36":"product_tag-trencz-damski","37":"product_tag-welna","38":"product_tag-wiazany","39":"product_tag-zrownowazona-produkcja","41":"first","42":"instock","43":"shipping-taxable","44":"purchasable","45":"product-type-variable","46":"has-default-attributes"},"acf":[],"yoast_head":"<!-- This site is optimized with the Yoast SEO plugin v25.7 - https:\/\/yoast.com\/wordpress\/plugins\/seo\/ -->\n<title>Br\u0105zowy d\u0142ugi p\u0142aszcz przej\u015bciowy z we\u0142ny Helena - Talia Fashion - p\u0142aszcz damski<\/title>\n<meta name=\"description\" content=\"Br\u0105zowy d\u0142ugi p\u0142aszcz przej\u015bciowy z we\u0142ny - wygodny kr\u00f3j, \u015bwietny materia\u0142, bazowy kolor. Uszyty r\u0119cznie w naszej rodzinnej pracowni. Jako\u015b\u0107 premium.\" \/>\n<meta name=\"robots\" content=\"index, follow, max-snippet:-1, max-image-preview:large, max-video-preview:-1\" \/>\n<link rel=\"canonical\" href=\"https:\/\/talia-fashion.pl\/en\/product\/brazowy-dlugi-plaszcz-przejsciowy-z-welny-helena\/\" \/>\n<meta property=\"og:locale\" content=\"en_GB\" \/>\n<meta property=\"og:type\" content=\"article\" \/>\n<meta property=\"og:title\" content=\"Br\u0105zowy d\u0142ugi p\u0142aszcz przej\u015bciowy z we\u0142ny Helena - Talia Fashion - p\u0142aszcz damski\" \/>\n<meta property=\"og:description\" content=\"Br\u0105zowy d\u0142ugi p\u0142aszcz przej\u015bciowy z we\u0142ny - wygodny kr\u00f3j, \u015bwietny materia\u0142, bazowy kolor. Uszyty r\u0119cznie w naszej rodzinnej pracowni. Jako\u015b\u0107 premium.\" \/>\n<meta property=\"og:url\" content=\"https:\/\/talia-fashion.pl\/en\/product\/brazowy-dlugi-plaszcz-przejsciowy-z-welny-helena\/\" \/>\n<meta property=\"og:site_name\" content=\"Talia Fashion\" \/>\n<meta property=\"article:modified_time\" content=\"2026-03-03T12:13:49+00:00\" \/>\n<meta property=\"og:image\" content=\"https:\/\/talia-fashion.pl\/wp-content\/uploads\/2025\/07\/brazowy-dlugi-plaszcz-przejsciowy-welniany.jpg\" \/>\n\t<meta property=\"og:image:width\" content=\"1500\" \/>\n\t<meta property=\"og:image:height\" content=\"2000\" \/>\n\t<meta property=\"og:image:type\" content=\"image\/jpeg\" \/>\n<meta name=\"twitter:card\" content=\"summary_large_image\" \/>\n<meta name=\"twitter:label1\" content=\"Estimated reading time\" \/>\n\t<meta name=\"twitter:data1\" content=\"4 minutes\" \/>\n<script type=\"application\/ld+json\" class=\"yoast-schema-graph\">{\"@context\":\"https:\/\/schema.org\",\"@graph\":[{\"@type\":\"WebPage\",\"@id\":\"https:\/\/talia-fashion.pl\/produkt\/brazowy-dlugi-plaszcz-przejsciowy-z-welny-helena\/\",\"url\":\"https:\/\/talia-fashion.pl\/produkt\/brazowy-dlugi-plaszcz-przejsciowy-z-welny-helena\/\",\"name\":\"Br\u0105zowy d\u0142ugi p\u0142aszcz przej\u015bciowy z we\u0142ny Helena - Talia Fashion - p\u0142aszcz damski\",\"isPartOf\":{\"@id\":\"https:\/\/talia-fashion.pl\/#website\"},\"primaryImageOfPage\":{\"@id\":\"https:\/\/talia-fashion.pl\/produkt\/brazowy-dlugi-plaszcz-przejsciowy-z-welny-helena\/#primaryimage\"},\"image\":{\"@id\":\"https:\/\/talia-fashion.pl\/produkt\/brazowy-dlugi-plaszcz-przejsciowy-z-welny-helena\/#primaryimage\"},\"thumbnailUrl\":\"https:\/\/talia-fashion.pl\/wp-content\/uploads\/2025\/07\/brazowy-dlugi-plaszcz-przejsciowy-welniany.jpg\",\"datePublished\":\"2025-02-24T13:51:39+00:00\",\"dateModified\":\"2026-03-03T12:13:49+00:00\",\"description\":\"Br\u0105zowy d\u0142ugi p\u0142aszcz przej\u015bciowy z we\u0142ny - wygodny kr\u00f3j, \u015bwietny materia\u0142, bazowy kolor. Uszyty r\u0119cznie w naszej rodzinnej pracowni. Jako\u015b\u0107 premium.\",\"breadcrumb\":{\"@id\":\"https:\/\/talia-fashion.pl\/produkt\/brazowy-dlugi-plaszcz-przejsciowy-z-welny-helena\/#breadcrumb\"},\"inLanguage\":\"en-GB\",\"potentialAction\":[{\"@type\":\"ReadAction\",\"target\":[\"https:\/\/talia-fashion.pl\/produkt\/brazowy-dlugi-plaszcz-przejsciowy-z-welny-helena\/\"]}]},{\"@type\":\"ImageObject\",\"inLanguage\":\"en-GB\",\"@id\":\"https:\/\/talia-fashion.pl\/produkt\/brazowy-dlugi-plaszcz-przejsciowy-z-welny-helena\/#primaryimage\",\"url\":\"https:\/\/talia-fashion.pl\/wp-content\/uploads\/2025\/07\/brazowy-dlugi-plaszcz-przejsciowy-welniany.jpg\",\"contentUrl\":\"https:\/\/talia-fashion.pl\/wp-content\/uploads\/2025\/07\/brazowy-dlugi-plaszcz-przejsciowy-welniany.jpg\",\"width\":1500,\"height\":2000,\"caption\":\"Br\u0105zowy d\u0142ugi plaszcz przej\u015bciowy we\u0142niany. Raglanowy r\u0119kaw. Pagony.\"},{\"@type\":\"BreadcrumbList\",\"@id\":\"https:\/\/talia-fashion.pl\/produkt\/brazowy-dlugi-plaszcz-przejsciowy-z-welny-helena\/#breadcrumb\",\"itemListElement\":[{\"@type\":\"ListItem\",\"position\":1,\"name\":\"Strona g\u0142\u00f3wna\",\"item\":\"https:\/\/talia-fashion.pl\/\"},{\"@type\":\"ListItem\",\"position\":2,\"name\":\"Sklep\",\"item\":\"https:\/\/talia-fashion.pl\/sklep\/\"},{\"@type\":\"ListItem\",\"position\":3,\"name\":\"Br\u0105zowy d\u0142ugi p\u0142aszcz przej\u015bciowy z we\u0142ny Helena\"}]},{\"@type\":\"WebSite\",\"@id\":\"https:\/\/talia-fashion.pl\/#website\",\"url\":\"https:\/\/talia-fashion.pl\/\",\"name\":\"Talia Fashion\",\"description\":\"\",\"potentialAction\":[{\"@type\":\"SearchAction\",\"target\":{\"@type\":\"EntryPoint\",\"urlTemplate\":\"https:\/\/talia-fashion.pl\/?s={search_term_string}\"},\"query-input\":{\"@type\":\"PropertyValueSpecification\",\"valueRequired\":true,\"valueName\":\"search_term_string\"}}],\"inLanguage\":\"en-GB\"}]}<\/script>\n<!-- \/ Yoast SEO plugin. -->","yoast_head_json":{"title":"Br\u0105zowy d\u0142ugi p\u0142aszcz przej\u015bciowy z we\u0142ny Helena - Talia Fashion - p\u0142aszcz damski","description":"Br\u0105zowy d\u0142ugi p\u0142aszcz przej\u015bciowy z we\u0142ny - wygodny kr\u00f3j, \u015bwietny materia\u0142, bazowy kolor. Uszyty r\u0119cznie w naszej rodzinnej pracowni. Jako\u015b\u0107 premium.","robots":{"index":"index","follow":"follow","max-snippet":"max-snippet:-1","max-image-preview":"max-image-preview:large","max-video-preview":"max-video-preview:-1"},"canonical":"https:\/\/talia-fashion.pl\/en\/product\/brazowy-dlugi-plaszcz-przejsciowy-z-welny-helena\/","og_locale":"en_GB","og_type":"article","og_title":"Br\u0105zowy d\u0142ugi p\u0142aszcz przej\u015bciowy z we\u0142ny Helena - Talia Fashion - p\u0142aszcz damski","og_description":"Br\u0105zowy d\u0142ugi p\u0142aszcz przej\u015bciowy z we\u0142ny - wygodny kr\u00f3j, \u015bwietny materia\u0142, bazowy kolor. Uszyty r\u0119cznie w naszej rodzinnej pracowni. Jako\u015b\u0107 premium.","og_url":"https:\/\/talia-fashion.pl\/en\/product\/brazowy-dlugi-plaszcz-przejsciowy-z-welny-helena\/","og_site_name":"Talia Fashion","article_modified_time":"2026-03-03T12:13:49+00:00","og_image":[{"width":1500,"height":2000,"url":"https:\/\/talia-fashion.pl\/wp-content\/uploads\/2025\/07\/brazowy-dlugi-plaszcz-przejsciowy-welniany.jpg","type":"image\/jpeg"}],"twitter_card":"summary_large_image","twitter_misc":{"Estimated reading time":"4 minutes"},"schema":{"@context":"https:\/\/schema.org","@graph":[{"@type":"WebPage","@id":"https:\/\/talia-fashion.pl\/produkt\/brazowy-dlugi-plaszcz-przejsciowy-z-welny-helena\/","url":"https:\/\/talia-fashion.pl\/produkt\/brazowy-dlugi-plaszcz-przejsciowy-z-welny-helena\/","name":"Br\u0105zowy d\u0142ugi p\u0142aszcz przej\u015bciowy z we\u0142ny Helena - Talia Fashion - p\u0142aszcz damski","isPartOf":{"@id":"https:\/\/talia-fashion.pl\/#website"},"primaryImageOfPage":{"@id":"https:\/\/talia-fashion.pl\/produkt\/brazowy-dlugi-plaszcz-przejsciowy-z-welny-helena\/#primaryimage"},"image":{"@id":"https:\/\/talia-fashion.pl\/produkt\/brazowy-dlugi-plaszcz-przejsciowy-z-welny-helena\/#primaryimage"},"thumbnailUrl":"https:\/\/talia-fashion.pl\/wp-content\/uploads\/2025\/07\/brazowy-dlugi-plaszcz-przejsciowy-welniany.jpg","datePublished":"2025-02-24T13:51:39+00:00","dateModified":"2026-03-03T12:13:49+00:00","description":"Br\u0105zowy d\u0142ugi p\u0142aszcz przej\u015bciowy z we\u0142ny - wygodny kr\u00f3j, \u015bwietny materia\u0142, bazowy kolor. Uszyty r\u0119cznie w naszej rodzinnej pracowni. Jako\u015b\u0107 premium.","breadcrumb":{"@id":"https:\/\/talia-fashion.pl\/produkt\/brazowy-dlugi-plaszcz-przejsciowy-z-welny-helena\/#breadcrumb"},"inLanguage":"en-GB","potentialAction":[{"@type":"ReadAction","target":["https:\/\/talia-fashion.pl\/produkt\/brazowy-dlugi-plaszcz-przejsciowy-z-welny-helena\/"]}]},{"@type":"ImageObject","inLanguage":"en-GB","@id":"https:\/\/talia-fashion.pl\/produkt\/brazowy-dlugi-plaszcz-przejsciowy-z-welny-helena\/#primaryimage","url":"https:\/\/talia-fashion.pl\/wp-content\/uploads\/2025\/07\/brazowy-dlugi-plaszcz-przejsciowy-welniany.jpg","contentUrl":"https:\/\/talia-fashion.pl\/wp-content\/uploads\/2025\/07\/brazowy-dlugi-plaszcz-przejsciowy-welniany.jpg","width":1500,"height":2000,"caption":"Br\u0105zowy d\u0142ugi plaszcz przej\u015bciowy we\u0142niany. Raglanowy r\u0119kaw. Pagony."},{"@type":"BreadcrumbList","@id":"https:\/\/talia-fashion.pl\/produkt\/brazowy-dlugi-plaszcz-przejsciowy-z-welny-helena\/#breadcrumb","itemListElement":[{"@type":"ListItem","position":1,"name":"Strona g\u0142\u00f3wna","item":"https:\/\/talia-fashion.pl\/"},{"@type":"ListItem","position":2,"name":"Sklep","item":"https:\/\/talia-fashion.pl\/sklep\/"},{"@type":"ListItem","position":3,"name":"Br\u0105zowy d\u0142ugi p\u0142aszcz przej\u015bciowy z we\u0142ny Helena"}]},{"@type":"WebSite","@id":"https:\/\/talia-fashion.pl\/#website","url":"https:\/\/talia-fashion.pl\/","name":"Talia Fashion","description":"","potentialAction":[{"@type":"SearchAction","target":{"@type":"EntryPoint","urlTemplate":"https:\/\/talia-fashion.pl\/?s={search_term_string}"},"query-input":{"@type":"PropertyValueSpecification","valueRequired":true,"valueName":"search_term_string"}}],"inLanguage":"en-GB"}]}},"_links":{"self":[{"href":"https:\/\/talia-fashion.pl\/en\/wp-json\/wp\/v2\/product\/5969","targetHints":{"allow":["GET"]}}],"collection":[{"href":"https:\/\/talia-fashion.pl\/en\/wp-json\/wp\/v2\/product"}],"about":[{"href":"https:\/\/talia-fashion.pl\/en\/wp-json\/wp\/v2\/types\/product"}],"wp:featuredmedia":[{"embeddable":true,"href":"https:\/\/talia-fashion.pl\/en\/wp-json\/wp\/v2\/media\/5970"}],"wp:attachment":[{"href":"https:\/\/talia-fashion.pl\/en\/wp-json\/wp\/v2\/media?parent=5969"}],"wp:term":[{"taxonomy":"product_cat","embeddable":true,"href":"https:\/\/talia-fashion.pl\/en\/wp-json\/wp\/v2\/product_cat?post=5969"},{"taxonomy":"product_tag","embeddable":true,"href":"https:\/\/talia-fashion.pl\/en\/wp-json\/wp\/v2\/product_tag?post=5969"}],"curies":[{"name":"wp","href":"https:\/\/api.w.org\/{rel}","templated":true}]}}