{"id":5960,"date":"2025-02-23T11:23:30","date_gmt":"2025-02-23T10:23:30","guid":{"rendered":"http:\/\/talia-fashion.pl\/produkt\/dwurzedowy-plaszcz-z-welna-do-kolan-mokka-melanz-amalfi\/"},"modified":"2026-04-13T12:29:46","modified_gmt":"2026-04-13T10:29:46","slug":"dwurzedowy-plaszcz-z-welna-do-kolan-mokka-melanz-amalfi","status":"publish","type":"product","link":"https:\/\/talia-fashion.pl\/en\/product\/dwurzedowy-plaszcz-z-welna-do-kolan-mokka-melanz-amalfi\/","title":{"rendered":"Double-breasted knee-length wool coat mocha melange Amalfi"},"content":{"rendered":"<p>Dwurz\u0119dowy p\u0142aszcz z we\u0142n\u0105 do kolan mokka melan\u017c Amalfi to nasza najnowsza propozycja eleganckiego i nieco kr\u00f3tszego p\u0142aszcza. Celowo uszyli\u015bmy go w takiej d\u0142ugo\u015bci, by by\u0142 bardziej uniwersalny i mog\u0142y si\u0119 nim cieszy\u0107 Panie niezale\u017cnie od wzrostu. Wykonali\u015bmy go z mi\u0119sistej mieszanki we\u0142ny o l\u017cejszej gramaturze w najmodniejszym kolorze mokka. Ca\u0142o\u015b\u0107 wyko\u0144czona oddychaj\u0105c\u0105, acetatow\u0105 podszewk\u0105. Dzi\u0119ki temu p\u0142aszcz zapewni ciep\u0142o w ch\u0142odniejsze dni i przewiewno\u015b\u0107, gdy wzro\u015bnie temperatura. Jednocze\u015bnie jest lekki, funkcjonalny i stylowy. Zdecydowanie doda \u015bwie\u017co\u015bci do wiosennej garderoby.<\/p>\n<p>Kolor mokka to \u015bwietny wyb\u00f3r na wiosn\u0119. W wersji melan\u017cowej jest jeszcze bardziej interesuj\u0105cy i nowoczesny. P\u0142aszcz melan\u017cowy w odcieniu mokka b\u0119dzie doskonale komponowa\u0142 si\u0119 z innymi neutralnymi kolorami, takimi jak biel, szaro\u015b\u0107 czy granat, ale tak\u017ce z pastelowymi barwami, kt\u00f3re s\u0105 typowe dla wiosny (pastelowa apaszka czy torebka). Idealnie nadaje si\u0119 do tworzenia stylizacji monochromatycznych, kt\u00f3re zawsze wygl\u0105daj\u0105 eksluzywnie i efektownie. Total look \u0142atwo zbudujesz wok\u00f3\u0142 jednego koloru, eksperymentuj\u0105c z r\u00f3\u017cnymi fakturami i materia\u0142ami. Cudnie te\u017c wyglada\u0107 b\u0119dzie je\u015bli po\u0142\u0105czysz go z innymi elementami garderoby w tym samym lub podobnym odcieniu \u2013 na przyk\u0142ad be\u017cowe, br\u0105zowe lub nawet kremowe akcenty.<\/p>\n<p><span lang=\"DE\"> Dwurz\u0119dowy p\u0142aszcz z we\u0142n\u0105 do kolan mokka melan\u017c Amalfi ma raglanowy r\u0119kaw i klasyczny, wyk\u0142adany ko\u0142nierz wyko\u0144czony na ostro. Zapinany na dwa rz\u0119dy, r\u0119cznie przyszywanych guzik\u00f3w. Wi\u0105zany. Pasek uszyty z tej samej tkaniny, dodatkowo podkre\u015bli tali\u0119. Boczne, uko\u015bne kieszenie zako\u0144czone szerok\u0105 listw\u0105. Ty\u0142 delikatnie taliowany, z rozci\u0119ciem u do\u0142u. Subtelne patki na r\u0119kawach. P\u0142aszczyk ma kr\u00f3j minimalistyczny, bez zb\u0119dnych ozd\u00f3b, pasuje w\u0142a\u015bciwie do wszystkiego. Zak\u0142adasz go i wychodzisz. Zapinasz, wi\u0105\u017cesz na przodzie lub z ty\u0142u, lub po prostu nosisz rozpi\u0119ty \u2013 za ka\u017cdym razem b\u0119dziesz prezentowa\u0107 si\u0119 doskonale. Walor ten doceni\u0105 wszystkie osoby, kt\u00f3re nie lubi\u0105 zbyt d\u0142ugo zastanawia\u0107 si\u0119 nad swoim codziennym strojem. Idealnie sprawdzi si\u0119 w sezonie przej\u015bciowym, stanowi\u0105c doskona\u0142\u0105 alternatyw\u0119 dla klasycznego trencza.<br \/>\n<\/span><\/p>\n<p>We have provided guidance on the choice of cut on our website, under the tab <a href=\"https:\/\/talia-fashion.pl\/en\/jak-dobrac-plaszcz-do-sylwetki\/\">How do you choose a coat to suit your figure?<\/a><\/p>\n<p>Zdj\u0119cie rzeczywiste \u2013 mokka melan\u017c (odcie\u0144 br\u0105zu z nut\u0105 be\u017cu i szaro\u015bci)<br \/>\nDost\u0119pne kolory: mokka melan\u017c<br \/>\nThe colour of the fabric can also be seen in<a href=\"https:\/\/talia-fashion.pl\/en\/paleta-kolorow\/\"> Colour palette.<\/a><\/p>\n<p>Available sizes: XS, S, M, L<\/p>\n<p>The model is 172cm and a size S.<\/p>\n<p>Indicative dimensions:<\/p>\n<p>XS \u2013 biust: 86-88 \/ biodra: 94-96 \/ d\u0142ugo\u015b\u0107: 98 \/ r\u0119kaw 61<br \/>\nS \u2013 biust: 90-92 \/ biodra: 98-100 \/ d\u0142ugo\u015b\u0107: 98 \/ r\u0119kaw: 61<br \/>\nM \u2013 biust: 94-96 \/ biodra: 102-104 \/ d\u0142ugo\u015b\u0107: 99 \/ r\u0119kaw: 62<br \/>\nL \u2013 biust: 98-100 \/ biodra: 106-108 \/ d\u0142ugo\u015b\u0107: 99 \/ r\u0119kaw: 63<\/p>\n<p>Dwurz\u0119dowy p\u0142aszcz z we\u0142n\u0105 do kolan mokka melan\u017c Amalfi to model o lu\u017aniejszym kroju. Raglanowa konstrukcja r\u0119kawa nadaje mi\u0119kko\u015bci i zapewnia komfort poruszania. Jednocze\u015bnie sprawiaj\u0105c, i\u017c p\u0142aszcz jest mniej dopasowany w g\u00f3rnych partiach. Dla uchwycenia proporcji oraz podkre\u015blenia sylwetki zastosowali\u015bmy dodatkowe zaszewki modeluj\u0105ce. Dlatego p\u0142aszcz jest swobodny ale nie oversizowy. W tym modelu wa\u017cne jest by, op\u0142ywa\u0142 bioderka a nie si\u0119 na nich opina\u0142. Mimo to, j<span lang=\"DE\">e\u015bli preferowany jest bardziej dopasowany p\u0142aszcz, sugerujemy wyb\u00f3r mniejszego rozmiaru. <\/span>W por\u00f3wnaniu do p\u0142aszczy z klasycznie wszywanym r\u0119kawem wypada o ok. p\u00f3\u0142 rozmiaru wi\u0119kszy. W zak\u0142adce\u00a0<a href=\"https:\/\/talia-fashion.pl\/en\/jak-dobrac-rozmiar\/\">How to choose a size?<\/a> wyja\u015bniamy jak interpretowa\u0107 powy\u017csz\u0105 tabel\u0119 rozmiar\u00f3w i dodatkowo podpowiadamy w jaki spos\u00f3b si\u0119 zmierzy\u0107. W razie w\u0105tpliwo\u015bci prosimy o kontakt.<\/p>\n<p>Material: 80% wool, 20% polyamide<\/p>\n<p>Lining: 100% acetate<\/p>\n<p>Like viscose, acetate is produced from cellulose. Acetate yarn can also be made from recycled cellulose such as paper. The acetate lining is excellent at absorbing moisture and permeable to air. It is coated with an antistatic apprettee and is OEKOtex\u00ae Standard 100 certified.<\/p>\n<p>The coat should be dry-cleaned. However, you can take care of it on a day-to-day basis by using the following products offered in our shop <a href=\"https:\/\/talia-fashion.pl\/en\/product\/szczotka-do-czyszczenia-i-pielegnacji-plaszcza\/\">Brushes for cleaning and care of the coat<\/a>. Polecamy te\u017c regularne go wietrzy\u0107 i odpowiednio przechowywa\u0107. Dbaj\u0105c o sw\u00f3j p\u0142aszcz pomagasz r\u00f3wnie\u017c chroni\u0107 \u015brodowisko, dlatego te\u017c w zak\u0142adce <a href=\"https:\/\/talia-fashion.pl\/en\/jak-pielegnowac-i-dbac-o-plaszcz\/\">How to nurture and care for the coat?<\/a> we have included tips on how to extend the life of your coat.<\/p>\n<p><strong>Individual order\u00a0<\/strong>- We can carry out certain modifications at the customer's request, such as: shortening, lengthening of the sleeve, shortening and lengthening of the coat. We determine the cost individually, pricing the scope of work, after prior contact.<\/p>\n<p><strong>An individual order is not subject to exchange or refund.<\/strong><\/p>\n<p>Czas realizacji zam\u00f3wienia uzale\u017cniamy od aktualnego stanu magazynowego w firmie oraz dost\u0119pno\u015bci danego koloru materia\u0142u. Je\u015bli dany p\u0142aszcz jest dost\u0119pny w pracowni realizacja zam\u00f3wienia nast\u0105pi bardzo szybko 2-5 dni roboczych. Je\u015bli konieczne jest uszycie p\u0142aszcza lub indywidualizacja zam\u00f3wienia \u2013 wykonanie przer\u00f3bki lub uszycie nowego p\u0142aszcza wed\u0142ug specyfikacji Klienta \u2013 czas realizacji zam\u00f3wienia mo\u017ce ulec wyd\u0142u\u017ceniu, maksymalnie do 2 tygodni.<\/p>\n<p>Dwurz\u0119dowy p\u0142aszcz z we\u0142n\u0105 do kolan mokka melan\u017c Amalfi jest naszym autorskim projektem. Uszyli\u015bmy go w naszej rodzinnej pracowni z wielk\u0105 dba\u0142o\u015bci\u0105 o detale. To nietuzinkowy p\u0142aszcz przej\u015bciowy o lu\u017anym kroju, kt\u00f3ry przykuwa uwag\u0119 i dodaje charakteru stylizacji. Od ponad 37 lat zajmujemy si\u0119 rzemios\u0142em i szyjemy nasze p\u0142aszcze wed\u0142ug tradycyjnych metod, a to wymaga czasu i precyzji. Prosimy zatem o cierpliwo\u015b\u0107 w oczekiwaniu na realizacj\u0119 zam\u00f3wienia, poniewa\u017c musimy uszy\u0107 ten p\u0142aszczyk dla Ciebie.<\/p>\n<p>Stay with us longer and watch us on\u00a0<a href=\"https:\/\/www.facebook.com\/talia.plaszcze\">Facebook<\/a>\u00a0i\u00a0<a href=\"https:\/\/www.instagram.com\/talia_plaszcze\/\">Instagram.<\/a><\/p>","protected":false},"excerpt":{"rendered":"<p>Dwurz\u0119dowy p\u0142aszcz z we\u0142n\u0105 do kolan mokka melan\u017c Amalfi to nasza najnowsza propozycja eleganckiego i nieco kr\u00f3tszego p\u0142aszcza. Uniwersalny kr\u00f3j i kolor. Limitowana edycja.<\/p>","protected":false},"featured_media":5961,"template":"","meta":{"_acf_changed":false},"product_cat":[36],"product_tag":[274,78,33,58,34,40,224,80,323,41,81,42,43,68,83,47,291,84,181,137,85,49,50,123,324,260,60,321,63,88,110,147],"class_list":{"0":"post-5960","1":"product","2":"type-product","3":"status-publish","4":"has-post-thumbnail","6":"product_cat-plaszcze-dluzsze","7":"product_tag-deadstock","8":"product_tag-dla-roznych-sylwetek","9":"product_tag-dwurzedowy","10":"product_tag-dyplomatka-dwurzedowa","11":"product_tag-handmade","12":"product_tag-kolnierz","13":"product_tag-limited-edition","14":"product_tag-luzny-kroj","15":"product_tag-mokka","16":"product_tag-na-podszewce","17":"product_tag-naturalne-materialy","18":"product_tag-nowosc","19":"product_tag-plaszcz-damski","20":"product_tag-plaszcz-jesienny","21":"product_tag-plaszcz-luzny","22":"product_tag-plaszcz-na-guziki","23":"product_tag-plaszcz-na-jesien","24":"product_tag-plaszcz-oversizowy","25":"product_tag-plaszcz-w-jodelke","26":"product_tag-plaszcz-w-kolano","27":"product_tag-plaszcz-welniany","28":"product_tag-plaszcz-wiosenny","29":"product_tag-plaszcz-z-rewersem","30":"product_tag-plaszcze-damskie","31":"product_tag-plaszcze-krotsze","32":"product_tag-plaszcze-przejsciowe","33":"product_tag-producent-plaszczy-damskich","34":"product_tag-raglanowy-rekaw","35":"product_tag-welniany","36":"product_tag-wiazany","37":"product_tag-z-paskiem","38":"product_tag-zrownowazona-produkcja","40":"first","41":"instock","42":"shipping-taxable","43":"purchasable","44":"product-type-variable","45":"has-default-attributes"},"acf":[],"yoast_head":"<!-- This site is optimized with the Yoast SEO plugin v25.7 - https:\/\/yoast.com\/wordpress\/plugins\/seo\/ -->\n<title>Dwurz\u0119dowy p\u0142aszcz z we\u0142n\u0105 do kolan mokka melan\u017c Amalfi - Talia Fashion<\/title>\n<meta name=\"description\" content=\"Dwurz\u0119dowy p\u0142aszcz z we\u0142n\u0105 do kolan mokka melan\u017c - limitowana ilo\u015b\u0107, jako\u015bciowy materia\u0142, przepi\u0119kny kolor i nowoczesny kr\u00f3j. Perfekcja w ka\u017cdym detalu.\" \/>\n<meta name=\"robots\" content=\"index, follow, max-snippet:-1, max-image-preview:large, max-video-preview:-1\" \/>\n<link rel=\"canonical\" href=\"https:\/\/talia-fashion.pl\/en\/product\/dwurzedowy-plaszcz-z-welna-do-kolan-mokka-melanz-amalfi\/\" \/>\n<meta property=\"og:locale\" content=\"en_GB\" \/>\n<meta property=\"og:type\" content=\"article\" \/>\n<meta property=\"og:title\" content=\"Dwurz\u0119dowy p\u0142aszcz z we\u0142n\u0105 do kolan mokka melan\u017c Amalfi - Talia Fashion\" \/>\n<meta property=\"og:description\" content=\"Dwurz\u0119dowy p\u0142aszcz z we\u0142n\u0105 do kolan mokka melan\u017c - limitowana ilo\u015b\u0107, jako\u015bciowy materia\u0142, przepi\u0119kny kolor i nowoczesny kr\u00f3j. Perfekcja w ka\u017cdym detalu.\" \/>\n<meta property=\"og:url\" content=\"https:\/\/talia-fashion.pl\/en\/product\/dwurzedowy-plaszcz-z-welna-do-kolan-mokka-melanz-amalfi\/\" \/>\n<meta property=\"og:site_name\" content=\"Talia Fashion\" \/>\n<meta property=\"article:modified_time\" content=\"2026-04-13T10:29:46+00:00\" \/>\n<meta property=\"og:image\" content=\"https:\/\/talia-fashion.pl\/wp-content\/uploads\/2025\/07\/dwurzedowy-plaszcz-welna-do-kolan-mokka-melanz.jpg\" \/>\n\t<meta property=\"og:image:width\" content=\"1500\" \/>\n\t<meta property=\"og:image:height\" content=\"2000\" \/>\n\t<meta property=\"og:image:type\" content=\"image\/jpeg\" \/>\n<meta name=\"twitter:card\" content=\"summary_large_image\" \/>\n<meta name=\"twitter:label1\" content=\"Estimated reading time\" \/>\n\t<meta name=\"twitter:data1\" content=\"4 minutes\" \/>\n<script type=\"application\/ld+json\" class=\"yoast-schema-graph\">{\"@context\":\"https:\/\/schema.org\",\"@graph\":[{\"@type\":\"WebPage\",\"@id\":\"https:\/\/talia-fashion.pl\/produkt\/dwurzedowy-plaszcz-z-welna-do-kolan-mokka-melanz-amalfi\/\",\"url\":\"https:\/\/talia-fashion.pl\/produkt\/dwurzedowy-plaszcz-z-welna-do-kolan-mokka-melanz-amalfi\/\",\"name\":\"Dwurz\u0119dowy p\u0142aszcz z we\u0142n\u0105 do kolan mokka melan\u017c Amalfi - Talia Fashion\",\"isPartOf\":{\"@id\":\"https:\/\/talia-fashion.pl\/#website\"},\"primaryImageOfPage\":{\"@id\":\"https:\/\/talia-fashion.pl\/produkt\/dwurzedowy-plaszcz-z-welna-do-kolan-mokka-melanz-amalfi\/#primaryimage\"},\"image\":{\"@id\":\"https:\/\/talia-fashion.pl\/produkt\/dwurzedowy-plaszcz-z-welna-do-kolan-mokka-melanz-amalfi\/#primaryimage\"},\"thumbnailUrl\":\"https:\/\/talia-fashion.pl\/wp-content\/uploads\/2025\/07\/dwurzedowy-plaszcz-welna-do-kolan-mokka-melanz.jpg\",\"datePublished\":\"2025-02-23T10:23:30+00:00\",\"dateModified\":\"2026-04-13T10:29:46+00:00\",\"description\":\"Dwurz\u0119dowy p\u0142aszcz z we\u0142n\u0105 do kolan mokka melan\u017c - limitowana ilo\u015b\u0107, jako\u015bciowy materia\u0142, przepi\u0119kny kolor i nowoczesny kr\u00f3j. Perfekcja w ka\u017cdym detalu.\",\"breadcrumb\":{\"@id\":\"https:\/\/talia-fashion.pl\/produkt\/dwurzedowy-plaszcz-z-welna-do-kolan-mokka-melanz-amalfi\/#breadcrumb\"},\"inLanguage\":\"en-GB\",\"potentialAction\":[{\"@type\":\"ReadAction\",\"target\":[\"https:\/\/talia-fashion.pl\/produkt\/dwurzedowy-plaszcz-z-welna-do-kolan-mokka-melanz-amalfi\/\"]}]},{\"@type\":\"ImageObject\",\"inLanguage\":\"en-GB\",\"@id\":\"https:\/\/talia-fashion.pl\/produkt\/dwurzedowy-plaszcz-z-welna-do-kolan-mokka-melanz-amalfi\/#primaryimage\",\"url\":\"https:\/\/talia-fashion.pl\/wp-content\/uploads\/2025\/07\/dwurzedowy-plaszcz-welna-do-kolan-mokka-melanz.jpg\",\"contentUrl\":\"https:\/\/talia-fashion.pl\/wp-content\/uploads\/2025\/07\/dwurzedowy-plaszcz-welna-do-kolan-mokka-melanz.jpg\",\"width\":1500,\"height\":2000,\"caption\":\"Dwurz\u0119dowy p\u0142aszcz przej\u015bciowy z we\u0142n\u0105 o uniwersalnej d\u0142ugo\u015bci do kolan. W modnym bazowym kolorze mokka melan\u017c.\"},{\"@type\":\"BreadcrumbList\",\"@id\":\"https:\/\/talia-fashion.pl\/produkt\/dwurzedowy-plaszcz-z-welna-do-kolan-mokka-melanz-amalfi\/#breadcrumb\",\"itemListElement\":[{\"@type\":\"ListItem\",\"position\":1,\"name\":\"Strona g\u0142\u00f3wna\",\"item\":\"https:\/\/talia-fashion.pl\/\"},{\"@type\":\"ListItem\",\"position\":2,\"name\":\"Sklep\",\"item\":\"https:\/\/talia-fashion.pl\/sklep\/\"},{\"@type\":\"ListItem\",\"position\":3,\"name\":\"Dwurz\u0119dowy p\u0142aszcz z we\u0142n\u0105 do kolan mokka melan\u017c Amalfi\"}]},{\"@type\":\"WebSite\",\"@id\":\"https:\/\/talia-fashion.pl\/#website\",\"url\":\"https:\/\/talia-fashion.pl\/\",\"name\":\"Talia Fashion\",\"description\":\"\",\"potentialAction\":[{\"@type\":\"SearchAction\",\"target\":{\"@type\":\"EntryPoint\",\"urlTemplate\":\"https:\/\/talia-fashion.pl\/?s={search_term_string}\"},\"query-input\":{\"@type\":\"PropertyValueSpecification\",\"valueRequired\":true,\"valueName\":\"search_term_string\"}}],\"inLanguage\":\"en-GB\"}]}<\/script>\n<!-- \/ Yoast SEO plugin. -->","yoast_head_json":{"title":"Dwurz\u0119dowy p\u0142aszcz z we\u0142n\u0105 do kolan mokka melan\u017c Amalfi - Talia Fashion","description":"Dwurz\u0119dowy p\u0142aszcz z we\u0142n\u0105 do kolan mokka melan\u017c - limitowana ilo\u015b\u0107, jako\u015bciowy materia\u0142, przepi\u0119kny kolor i nowoczesny kr\u00f3j. Perfekcja w ka\u017cdym detalu.","robots":{"index":"index","follow":"follow","max-snippet":"max-snippet:-1","max-image-preview":"max-image-preview:large","max-video-preview":"max-video-preview:-1"},"canonical":"https:\/\/talia-fashion.pl\/en\/product\/dwurzedowy-plaszcz-z-welna-do-kolan-mokka-melanz-amalfi\/","og_locale":"en_GB","og_type":"article","og_title":"Dwurz\u0119dowy p\u0142aszcz z we\u0142n\u0105 do kolan mokka melan\u017c Amalfi - Talia Fashion","og_description":"Dwurz\u0119dowy p\u0142aszcz z we\u0142n\u0105 do kolan mokka melan\u017c - limitowana ilo\u015b\u0107, jako\u015bciowy materia\u0142, przepi\u0119kny kolor i nowoczesny kr\u00f3j. Perfekcja w ka\u017cdym detalu.","og_url":"https:\/\/talia-fashion.pl\/en\/product\/dwurzedowy-plaszcz-z-welna-do-kolan-mokka-melanz-amalfi\/","og_site_name":"Talia Fashion","article_modified_time":"2026-04-13T10:29:46+00:00","og_image":[{"width":1500,"height":2000,"url":"https:\/\/talia-fashion.pl\/wp-content\/uploads\/2025\/07\/dwurzedowy-plaszcz-welna-do-kolan-mokka-melanz.jpg","type":"image\/jpeg"}],"twitter_card":"summary_large_image","twitter_misc":{"Estimated reading time":"4 minutes"},"schema":{"@context":"https:\/\/schema.org","@graph":[{"@type":"WebPage","@id":"https:\/\/talia-fashion.pl\/produkt\/dwurzedowy-plaszcz-z-welna-do-kolan-mokka-melanz-amalfi\/","url":"https:\/\/talia-fashion.pl\/produkt\/dwurzedowy-plaszcz-z-welna-do-kolan-mokka-melanz-amalfi\/","name":"Dwurz\u0119dowy p\u0142aszcz z we\u0142n\u0105 do kolan mokka melan\u017c Amalfi - Talia Fashion","isPartOf":{"@id":"https:\/\/talia-fashion.pl\/#website"},"primaryImageOfPage":{"@id":"https:\/\/talia-fashion.pl\/produkt\/dwurzedowy-plaszcz-z-welna-do-kolan-mokka-melanz-amalfi\/#primaryimage"},"image":{"@id":"https:\/\/talia-fashion.pl\/produkt\/dwurzedowy-plaszcz-z-welna-do-kolan-mokka-melanz-amalfi\/#primaryimage"},"thumbnailUrl":"https:\/\/talia-fashion.pl\/wp-content\/uploads\/2025\/07\/dwurzedowy-plaszcz-welna-do-kolan-mokka-melanz.jpg","datePublished":"2025-02-23T10:23:30+00:00","dateModified":"2026-04-13T10:29:46+00:00","description":"Dwurz\u0119dowy p\u0142aszcz z we\u0142n\u0105 do kolan mokka melan\u017c - limitowana ilo\u015b\u0107, jako\u015bciowy materia\u0142, przepi\u0119kny kolor i nowoczesny kr\u00f3j. Perfekcja w ka\u017cdym detalu.","breadcrumb":{"@id":"https:\/\/talia-fashion.pl\/produkt\/dwurzedowy-plaszcz-z-welna-do-kolan-mokka-melanz-amalfi\/#breadcrumb"},"inLanguage":"en-GB","potentialAction":[{"@type":"ReadAction","target":["https:\/\/talia-fashion.pl\/produkt\/dwurzedowy-plaszcz-z-welna-do-kolan-mokka-melanz-amalfi\/"]}]},{"@type":"ImageObject","inLanguage":"en-GB","@id":"https:\/\/talia-fashion.pl\/produkt\/dwurzedowy-plaszcz-z-welna-do-kolan-mokka-melanz-amalfi\/#primaryimage","url":"https:\/\/talia-fashion.pl\/wp-content\/uploads\/2025\/07\/dwurzedowy-plaszcz-welna-do-kolan-mokka-melanz.jpg","contentUrl":"https:\/\/talia-fashion.pl\/wp-content\/uploads\/2025\/07\/dwurzedowy-plaszcz-welna-do-kolan-mokka-melanz.jpg","width":1500,"height":2000,"caption":"Dwurz\u0119dowy p\u0142aszcz przej\u015bciowy z we\u0142n\u0105 o uniwersalnej d\u0142ugo\u015bci do kolan. W modnym bazowym kolorze mokka melan\u017c."},{"@type":"BreadcrumbList","@id":"https:\/\/talia-fashion.pl\/produkt\/dwurzedowy-plaszcz-z-welna-do-kolan-mokka-melanz-amalfi\/#breadcrumb","itemListElement":[{"@type":"ListItem","position":1,"name":"Strona g\u0142\u00f3wna","item":"https:\/\/talia-fashion.pl\/"},{"@type":"ListItem","position":2,"name":"Sklep","item":"https:\/\/talia-fashion.pl\/sklep\/"},{"@type":"ListItem","position":3,"name":"Dwurz\u0119dowy p\u0142aszcz z we\u0142n\u0105 do kolan mokka melan\u017c Amalfi"}]},{"@type":"WebSite","@id":"https:\/\/talia-fashion.pl\/#website","url":"https:\/\/talia-fashion.pl\/","name":"Talia Fashion","description":"","potentialAction":[{"@type":"SearchAction","target":{"@type":"EntryPoint","urlTemplate":"https:\/\/talia-fashion.pl\/?s={search_term_string}"},"query-input":{"@type":"PropertyValueSpecification","valueRequired":true,"valueName":"search_term_string"}}],"inLanguage":"en-GB"}]}},"_links":{"self":[{"href":"https:\/\/talia-fashion.pl\/en\/wp-json\/wp\/v2\/product\/5960","targetHints":{"allow":["GET"]}}],"collection":[{"href":"https:\/\/talia-fashion.pl\/en\/wp-json\/wp\/v2\/product"}],"about":[{"href":"https:\/\/talia-fashion.pl\/en\/wp-json\/wp\/v2\/types\/product"}],"wp:featuredmedia":[{"embeddable":true,"href":"https:\/\/talia-fashion.pl\/en\/wp-json\/wp\/v2\/media\/5961"}],"wp:attachment":[{"href":"https:\/\/talia-fashion.pl\/en\/wp-json\/wp\/v2\/media?parent=5960"}],"wp:term":[{"taxonomy":"product_cat","embeddable":true,"href":"https:\/\/talia-fashion.pl\/en\/wp-json\/wp\/v2\/product_cat?post=5960"},{"taxonomy":"product_tag","embeddable":true,"href":"https:\/\/talia-fashion.pl\/en\/wp-json\/wp\/v2\/product_tag?post=5960"}],"curies":[{"name":"wp","href":"https:\/\/api.w.org\/{rel}","templated":true}]}}