{"id":5947,"date":"2025-02-22T12:51:10","date_gmt":"2025-02-22T11:51:10","guid":{"rendered":"http:\/\/talia-fashion.pl\/produkt\/kremowy-trencz-z-mieszanki-bawelny-z-raglanowym-rekawem-marcela\/"},"modified":"2026-04-15T09:04:19","modified_gmt":"2026-04-15T07:04:19","slug":"kremowy-trencz-z-mieszanki-bawelny-z-raglanowym-rekawem-marcela","status":"publish","type":"product","link":"https:\/\/talia-fashion.pl\/en\/product\/kremowy-trencz-z-mieszanki-bawelny-z-raglanowym-rekawem-marcela\/","title":{"rendered":"Cream cotton blend trench with raglan sleeves by Marcela"},"content":{"rendered":"<p>Kremowy trencz z mieszanki bawe\u0142ny z raglanowym r\u0119kawem Marcela to lekki trencz damski o nowoczesnej, swobodnej konstrukcji. Uszyli\u015bmy go z mieszanki bawe\u0142ny wyko\u0144czonej pow\u0142ok\u0105 hydrofobow\u0105 i acetatowej, oddychaj\u0105cej podszewki. Dodatkowo, by nada\u0107 luksusowego wygl\u0105du, przody okleili\u015bmy <span lang=\"DE\">bardzo delikatn\u0105 stabilizuj\u0105c\u0105 klejonk\u0105. Zapinany dwurz\u0119dowo na r\u0119cznie przyszywane guziki. Wi\u0105zany. M<\/span>a du\u017ce klapy, raglanowy r\u0119kaw, pagony na ramionach i ozdobne paski na r\u0119kawach. Na plecach i z przodu ozobna peleryna wyko\u0144czona guzikiem. <span lang=\"DE\">Dwie, boczne kieszenie, dodaj\u0105ce praktyczno\u015bci. <\/span><span lang=\"DE\">Ty\u0142 p\u0142aszcza z rozporkiem zapewniaj\u0105cym komfort w chodzeniu, mimo d\u0142ugo\u015bci midi. <\/span><\/p>\n<p>Kremowy trencz z mieszanki bawe\u0142ny z raglanowym r\u0119kawem Marcela to swobodny, ale nie oversizowy p\u0142aszcz. Raglanowy r\u0119kaw nadaje mi\u0119kko\u015bci i zapewnia wygod\u0119, co jest niezwykle istotne przy tworzeniu stylizacji wielowarstowych. \u015awietnie sprawdzi si\u0119 u os\u00f3b o szerszych i wyra\u017anie zarysowanych ramionach oraz o obfitym biu\u015bcie. Nadmiar materia\u0142u, kt\u00f3ry powstaje w tego typu kostrukcji r\u0119kawa zmniejszyli\u015bmy dodaj\u0105c modeluj\u0105ce zaszewki. Dzi\u0119ki czemu trencz podkre\u015bla sylwetk\u0119 jednocze\u015bnie nie ograniczaj\u0105c ruch\u00f3w. Dla lepszego dopasowania mo\u017cna wi\u0105za\u0107 trencz paskiem w talii. Czy to na przodzie, czy na tyle &#8211; wszystko zale\u017cy od preferencji.<\/p>\n<p>If you're wondering which coat to choose, we suggest you take a look at our tips <a href=\"https:\/\/talia-fashion.pl\/en\/jak-dobrac-plaszcz-do-sylwetki\/\">How do you choose a coat to suit your figure?<\/a><\/p>\n<p>Trencz damski to okrycie wierzchnie, kt\u00f3re nigdy nie wychodzi z mody i cieszy si\u0119 popularno\u015bci\u0105 w\u015br\u00f3d kobiet na ca\u0142ym \u015bwiecie. Jego ponadczasowy charakter sprawia, \u017ce mo\u017cna go dowolnie stylizowa\u0107. Zapi\u0119ty, rozpi\u0119ty, wi\u0105zany na tyle, w wersji dopasowanej, jak i w du\u017co za du\u017cym rozmiarze &#8211; zawsze prezentuje si\u0119 stylowo i szykownie. Trencz jest jednym z tych element\u00f3w garderoby, kt\u00f3ry mo\u017ce by\u0107 noszony w\u0142a\u015bciwie przez wi\u0119kszo\u015b\u0107 roku \u2014 wiosn\u0105 i jesieni\u0105, latem w ch\u0142odniejsze dni i \u0142agodn\u0105 zim\u0105, w po\u0142\u0105czeniu z ciep\u0142ymi warstwami. Jego prostota i elegancja sprawiaj\u0105, \u017ce z \u0142atwo\u015bci\u0105 mo\u017cna dostosowa\u0107 go do zmieniaj\u0105cych si\u0119 trend\u00f3w, dlatego to inwestycja na lata. Dodatkowo, trencz ma w sobie co\u015b subtelnie luksusowego, a zarazem praktycznego.<\/p>\n<p>Zdj\u0119cie rzeczywiste \u2013 ch\u0142odny krem<\/p>\n<p>Dost\u0119pne kolory &#8211; ch\u0142odny krem (po\u0142\u0105czenie bieli, nutki szaro\u015bci i be\u017cu), czarny<\/p>\n<p>All colours are presented in our <a href=\"https:\/\/talia-fashion.pl\/en\/paleta-kolorow\/\">Colour palette,<\/a> a tak\u017ce na zdj\u0119ciach produkt\u00f3w na odr\u0119bnych aukcjach. W razie w\u0105tpliwo\u015bci, prosimy o kontakt.<\/p>\n<p>Available sizes: XS, S, M, L<\/p>\n<p>Indicative dimensions:<\/p>\n<p>XS &#8211; biust: 86-88 \/ biodra: 94-96 \/ d\u0142ugo\u015b\u0107: 106 \/ r\u0119kaw: 61<br \/>\nS - bust: 90-92 \/ hips: 98-100 \/ length: 106 \/ sleeve: 62<br \/>\nM - bust: 94-96 \/ hips: 102-104 \/ length: 107 \/ sleeve: 62<br \/>\nL - bust: 98-100 \/ hips: 106-108 \/ length: 107 \/ sleeve: 63<\/p>\n<p><span lang=\"DE\">Jak si\u0119 zmierzy\u0107 i jaki wybra\u0107 rozmiar podpowiadamy w naszym kr\u00f3tkim poradniku: <a href=\"https:\/\/talia-fashion.pl\/en\/jak-dobrac-rozmiar\/\">How to choose a size?<\/a><\/span><br \/>\n<span lang=\"DE\">Je\u015bli preferowany jest dopasowany p\u0142aszcz, sugerujemy wyb\u00f3r mniejszego rozmiaru. Trencz jest delikatnie lu\u017aniejszy. W razie w\u0105tpliwo\u015bci odno\u015bnie wyboru rozmiaru, prosimy o kontakt.<\/span><\/p>\n<p>The model is 172cm and a size S.<\/p>\n<p>Materia\u0142: bawe\u0142na 70%, nylon 30%<\/p>\n<p>Lining: 50% acetate, 50% viscose<br \/>\nLike viscose, acetate is produced from cellulose. Acetate yarn can also be made from recycled cellulose such as paper. The acetate lining is excellent at absorbing moisture, permeable to air and comfortable to wear. It is coated with an antistatic apprettee and is OEKOtex\u00ae Standard 100 certified.<\/p>\n<p>Podszewka w czarnym kolorze: 55% poliester, 45% wiskoza<\/p>\n<p>Kremowy trencz z mieszanki bawe\u0142ny z raglanowym r\u0119kawem Marcela zaprojektowali\u015bmy i od pocz\u0105tku do ko\u0144ca uszyli\u015bmy w naszej rodzinnej pracowni. To tu powstaj\u0105 nasze projekty, wykroje, p\u0142aszcze pr\u00f3bne i te, kt\u00f3re ostatecznie trafiaj\u0105 do Was. P\u0142aszcze w naszej pracowni szyjemy r\u0119cznie z wyselekcjonowanych materia\u0142\u00f3w. Dzi\u0119ki temu, \u017ce uprawiamy tradycyjne krawiectwo trafia do Ciebie produkt stworzony z najwy\u017csz\u0105 precyzj\u0105 i sercem, kt\u00f3re wk\u0142adamy w nasz\u0105 codzienn\u0105 prac\u0119.<\/p>\n<p><span lang=\"DE\">Trencz damski zalecamy czy\u015bci\u0107 chemicznie. Nasze kr\u00f3tkie wskaz\u00f3wki pozwol\u0105 cieszy\u0107 si\u0119 nim d\u0142ugie lata <a href=\"https:\/\/talia-fashion.pl\/en\/jak-pielegnowac-i-dbac-o-plaszcz\/\">How to nurture and care for the coat? <\/a>Odpowiednie wieszanie, wietrzenie i unikanie zahacze\u0144 sprawi, \u017ce Tw\u00f3j p\u0142aszcz d\u0142ugo pozostanie pi\u0119kny.<\/span><\/p>\n<p>As we sew all the products ourselves, we offer the possibility of\u00a0 <strong>Individual Order<\/strong> with minor modifications, such as shortening or lengthening the sleeves, shortening or lengthening the jacket. The cost of modifications is determined individually after prior contact. <strong>An individual order is not subject to refund or exchange.\u00a0<\/strong><\/p>\n<p>The lead time depends on the company's current stock and the availability of the fabric colour in question. If a given coat is available in the workshop, the order will be realised very quickly - 2-5 working days. If it is necessary to sew a new coat or individualise the order, i.e. make an alteration or sew a new coat according to the customer's specifications, the lead time may be extended to a maximum of 2 weeks.<\/p>\n<p>Prosimy o cierpliwo\u015b\u0107, w wi\u0119kszo\u015bci przypadk\u00f3w nie szyjemy na magazyn, a uszycie trencza wymaga czasu i precyzji. Od ponad 37 lat pracujemy zgodnie z zasadami zr\u00f3wnowa\u017conego rozwoju a tak\u017ce promujemy polskie, tradycyjne rzemios\u0142o. Dzi\u0119kujemy, \u017ce jeste\u015b z nami. A w wolnej chwili zach\u0119camy do polubienia naszego fanpage\u2019a na <a href=\"https:\/\/www.facebook.com\/talia.plaszcze\">Facebook<\/a>\u00a0i\u00a0<a href=\"https:\/\/www.instagram.com\/talia_plaszcze\/\">Instagram<\/a><\/p>","protected":false},"excerpt":{"rendered":"<p>Klasyczny trencz damski w nowoczesnym wydaniu. Doskona\u0142a tkanina i swobodny kr\u00f3j, p\u0142aszcz w ca\u0142o\u015bci na podszewce. Trencz damski ma w sobie co\u015b subtelnie luksusowego, a zarazem praktycznego.<\/p>","protected":false},"featured_media":5948,"template":"","meta":{"_acf_changed":false},"product_cat":[31,36,27],"product_tag":[112,163,89,78,37,34,285,39,79,80,121,41,42,43,44,45,46,68,47,84,49,50,69,156,321,258,312,88],"class_list":{"0":"post-5947","1":"product","2":"type-product","3":"status-publish","4":"has-post-thumbnail","6":"product_cat-nowosci","7":"product_cat-plaszcze-dluzsze","8":"product_cat-trencze","9":"product_tag-bawelniany-trencz","10":"product_tag-bezowy-plaszcz","11":"product_tag-cieply","12":"product_tag-dla-roznych-sylwetek","13":"product_tag-dyplomatka","14":"product_tag-handmade","15":"product_tag-hydrofobowa-bawelna","16":"product_tag-klasyczny","17":"product_tag-kremowy-plaszcz","18":"product_tag-luzny-kroj","19":"product_tag-materialy-przyjazne-dla-srodowiska","20":"product_tag-na-podszewce","21":"product_tag-nowosc","22":"product_tag-plaszcz-damski","23":"product_tag-plaszcz-damski-dlugi","24":"product_tag-plaszcz-dlugi","25":"product_tag-plaszcz-dwurzedowy","26":"product_tag-plaszcz-jesienny","27":"product_tag-plaszcz-na-guziki","28":"product_tag-plaszcz-oversizowy","29":"product_tag-plaszcz-wiosenny","30":"product_tag-plaszcz-z-rewersem","31":"product_tag-prochowiec","32":"product_tag-raglan","33":"product_tag-raglanowy-rekaw","34":"product_tag-trencz-damski","35":"product_tag-trencz-z-peleryna","36":"product_tag-wiazany","38":"first","39":"instock","40":"shipping-taxable","41":"purchasable","42":"product-type-variable","43":"has-default-attributes"},"acf":[],"yoast_head":"<!-- This site is optimized with the Yoast SEO plugin v25.7 - https:\/\/yoast.com\/wordpress\/plugins\/seo\/ -->\n<title>Trencz z mieszanki bawe\u0142ny z raglanowym r\u0119kawem<\/title>\n<meta name=\"description\" content=\"Kremowy trencz z mieszanki bawe\u0142ny z raglanowym r\u0119kawem to obowi\u0105zkowa pozycja w szafie kapsu\u0142owej. Dwurz\u0119dowy, lu\u017any trencz damski z hydrofobowej tkaniny.\" \/>\n<meta name=\"robots\" content=\"index, follow, max-snippet:-1, max-image-preview:large, max-video-preview:-1\" \/>\n<link rel=\"canonical\" href=\"https:\/\/talia-fashion.pl\/en\/product\/kremowy-trencz-z-mieszanki-bawelny-z-raglanowym-rekawem-marcela\/\" \/>\n<meta property=\"og:locale\" content=\"en_GB\" \/>\n<meta property=\"og:type\" content=\"article\" \/>\n<meta property=\"og:title\" content=\"Trencz z mieszanki bawe\u0142ny z raglanowym r\u0119kawem\" \/>\n<meta property=\"og:description\" content=\"Kremowy trencz z mieszanki bawe\u0142ny z raglanowym r\u0119kawem to obowi\u0105zkowa pozycja w szafie kapsu\u0142owej. Dwurz\u0119dowy, lu\u017any trencz damski z hydrofobowej tkaniny.\" \/>\n<meta property=\"og:url\" content=\"https:\/\/talia-fashion.pl\/en\/product\/kremowy-trencz-z-mieszanki-bawelny-z-raglanowym-rekawem-marcela\/\" \/>\n<meta property=\"og:site_name\" content=\"Talia Fashion\" \/>\n<meta property=\"article:modified_time\" content=\"2026-04-15T07:04:19+00:00\" \/>\n<meta property=\"og:image\" content=\"https:\/\/talia-fashion.pl\/wp-content\/uploads\/2025\/07\/kremowy-trencz-mieszanka-bawelny-raglanowy-rekaw-peleryna.jpg\" \/>\n\t<meta property=\"og:image:width\" content=\"1500\" \/>\n\t<meta property=\"og:image:height\" content=\"2000\" \/>\n\t<meta property=\"og:image:type\" content=\"image\/jpeg\" \/>\n<meta name=\"twitter:card\" content=\"summary_large_image\" \/>\n<meta name=\"twitter:label1\" content=\"Estimated reading time\" \/>\n\t<meta name=\"twitter:data1\" content=\"4 minutes\" \/>\n<script type=\"application\/ld+json\" class=\"yoast-schema-graph\">{\"@context\":\"https:\/\/schema.org\",\"@graph\":[{\"@type\":\"WebPage\",\"@id\":\"https:\/\/talia-fashion.pl\/produkt\/kremowy-trencz-z-mieszanki-bawelny-z-raglanowym-rekawem-marcela\/\",\"url\":\"https:\/\/talia-fashion.pl\/produkt\/kremowy-trencz-z-mieszanki-bawelny-z-raglanowym-rekawem-marcela\/\",\"name\":\"Trencz z mieszanki bawe\u0142ny z raglanowym r\u0119kawem\",\"isPartOf\":{\"@id\":\"https:\/\/talia-fashion.pl\/#website\"},\"primaryImageOfPage\":{\"@id\":\"https:\/\/talia-fashion.pl\/produkt\/kremowy-trencz-z-mieszanki-bawelny-z-raglanowym-rekawem-marcela\/#primaryimage\"},\"image\":{\"@id\":\"https:\/\/talia-fashion.pl\/produkt\/kremowy-trencz-z-mieszanki-bawelny-z-raglanowym-rekawem-marcela\/#primaryimage\"},\"thumbnailUrl\":\"https:\/\/talia-fashion.pl\/wp-content\/uploads\/2025\/07\/kremowy-trencz-mieszanka-bawelny-raglanowy-rekaw-peleryna.jpg\",\"datePublished\":\"2025-02-22T11:51:10+00:00\",\"dateModified\":\"2026-04-15T07:04:19+00:00\",\"description\":\"Kremowy trencz z mieszanki bawe\u0142ny z raglanowym r\u0119kawem to obowi\u0105zkowa pozycja w szafie kapsu\u0142owej. Dwurz\u0119dowy, lu\u017any trencz damski z hydrofobowej tkaniny.\",\"breadcrumb\":{\"@id\":\"https:\/\/talia-fashion.pl\/produkt\/kremowy-trencz-z-mieszanki-bawelny-z-raglanowym-rekawem-marcela\/#breadcrumb\"},\"inLanguage\":\"en-GB\",\"potentialAction\":[{\"@type\":\"ReadAction\",\"target\":[\"https:\/\/talia-fashion.pl\/produkt\/kremowy-trencz-z-mieszanki-bawelny-z-raglanowym-rekawem-marcela\/\"]}]},{\"@type\":\"ImageObject\",\"inLanguage\":\"en-GB\",\"@id\":\"https:\/\/talia-fashion.pl\/produkt\/kremowy-trencz-z-mieszanki-bawelny-z-raglanowym-rekawem-marcela\/#primaryimage\",\"url\":\"https:\/\/talia-fashion.pl\/wp-content\/uploads\/2025\/07\/kremowy-trencz-mieszanka-bawelny-raglanowy-rekaw-peleryna.jpg\",\"contentUrl\":\"https:\/\/talia-fashion.pl\/wp-content\/uploads\/2025\/07\/kremowy-trencz-mieszanka-bawelny-raglanowy-rekaw-peleryna.jpg\",\"width\":1500,\"height\":2000,\"caption\":\"Kremowy trencz z mieszanki bawe\u0142ny pokrytej hydrofobow\u0105 pow\u0142ok\u0105. Raglanowy r\u0119kaw, ko\u0142nierz rewers i peleryna.\"},{\"@type\":\"BreadcrumbList\",\"@id\":\"https:\/\/talia-fashion.pl\/produkt\/kremowy-trencz-z-mieszanki-bawelny-z-raglanowym-rekawem-marcela\/#breadcrumb\",\"itemListElement\":[{\"@type\":\"ListItem\",\"position\":1,\"name\":\"Strona g\u0142\u00f3wna\",\"item\":\"https:\/\/talia-fashion.pl\/\"},{\"@type\":\"ListItem\",\"position\":2,\"name\":\"Sklep\",\"item\":\"https:\/\/talia-fashion.pl\/sklep\/\"},{\"@type\":\"ListItem\",\"position\":3,\"name\":\"Kremowy trencz z mieszanki bawe\u0142ny z raglanowym r\u0119kawem Marcela\"}]},{\"@type\":\"WebSite\",\"@id\":\"https:\/\/talia-fashion.pl\/#website\",\"url\":\"https:\/\/talia-fashion.pl\/\",\"name\":\"Talia Fashion\",\"description\":\"\",\"potentialAction\":[{\"@type\":\"SearchAction\",\"target\":{\"@type\":\"EntryPoint\",\"urlTemplate\":\"https:\/\/talia-fashion.pl\/?s={search_term_string}\"},\"query-input\":{\"@type\":\"PropertyValueSpecification\",\"valueRequired\":true,\"valueName\":\"search_term_string\"}}],\"inLanguage\":\"en-GB\"}]}<\/script>\n<!-- \/ Yoast SEO plugin. -->","yoast_head_json":{"title":"Trencz z mieszanki bawe\u0142ny z raglanowym r\u0119kawem","description":"Kremowy trencz z mieszanki bawe\u0142ny z raglanowym r\u0119kawem to obowi\u0105zkowa pozycja w szafie kapsu\u0142owej. Dwurz\u0119dowy, lu\u017any trencz damski z hydrofobowej tkaniny.","robots":{"index":"index","follow":"follow","max-snippet":"max-snippet:-1","max-image-preview":"max-image-preview:large","max-video-preview":"max-video-preview:-1"},"canonical":"https:\/\/talia-fashion.pl\/en\/product\/kremowy-trencz-z-mieszanki-bawelny-z-raglanowym-rekawem-marcela\/","og_locale":"en_GB","og_type":"article","og_title":"Trencz z mieszanki bawe\u0142ny z raglanowym r\u0119kawem","og_description":"Kremowy trencz z mieszanki bawe\u0142ny z raglanowym r\u0119kawem to obowi\u0105zkowa pozycja w szafie kapsu\u0142owej. Dwurz\u0119dowy, lu\u017any trencz damski z hydrofobowej tkaniny.","og_url":"https:\/\/talia-fashion.pl\/en\/product\/kremowy-trencz-z-mieszanki-bawelny-z-raglanowym-rekawem-marcela\/","og_site_name":"Talia Fashion","article_modified_time":"2026-04-15T07:04:19+00:00","og_image":[{"width":1500,"height":2000,"url":"https:\/\/talia-fashion.pl\/wp-content\/uploads\/2025\/07\/kremowy-trencz-mieszanka-bawelny-raglanowy-rekaw-peleryna.jpg","type":"image\/jpeg"}],"twitter_card":"summary_large_image","twitter_misc":{"Estimated reading time":"4 minutes"},"schema":{"@context":"https:\/\/schema.org","@graph":[{"@type":"WebPage","@id":"https:\/\/talia-fashion.pl\/produkt\/kremowy-trencz-z-mieszanki-bawelny-z-raglanowym-rekawem-marcela\/","url":"https:\/\/talia-fashion.pl\/produkt\/kremowy-trencz-z-mieszanki-bawelny-z-raglanowym-rekawem-marcela\/","name":"Trencz z mieszanki bawe\u0142ny z raglanowym r\u0119kawem","isPartOf":{"@id":"https:\/\/talia-fashion.pl\/#website"},"primaryImageOfPage":{"@id":"https:\/\/talia-fashion.pl\/produkt\/kremowy-trencz-z-mieszanki-bawelny-z-raglanowym-rekawem-marcela\/#primaryimage"},"image":{"@id":"https:\/\/talia-fashion.pl\/produkt\/kremowy-trencz-z-mieszanki-bawelny-z-raglanowym-rekawem-marcela\/#primaryimage"},"thumbnailUrl":"https:\/\/talia-fashion.pl\/wp-content\/uploads\/2025\/07\/kremowy-trencz-mieszanka-bawelny-raglanowy-rekaw-peleryna.jpg","datePublished":"2025-02-22T11:51:10+00:00","dateModified":"2026-04-15T07:04:19+00:00","description":"Kremowy trencz z mieszanki bawe\u0142ny z raglanowym r\u0119kawem to obowi\u0105zkowa pozycja w szafie kapsu\u0142owej. Dwurz\u0119dowy, lu\u017any trencz damski z hydrofobowej tkaniny.","breadcrumb":{"@id":"https:\/\/talia-fashion.pl\/produkt\/kremowy-trencz-z-mieszanki-bawelny-z-raglanowym-rekawem-marcela\/#breadcrumb"},"inLanguage":"en-GB","potentialAction":[{"@type":"ReadAction","target":["https:\/\/talia-fashion.pl\/produkt\/kremowy-trencz-z-mieszanki-bawelny-z-raglanowym-rekawem-marcela\/"]}]},{"@type":"ImageObject","inLanguage":"en-GB","@id":"https:\/\/talia-fashion.pl\/produkt\/kremowy-trencz-z-mieszanki-bawelny-z-raglanowym-rekawem-marcela\/#primaryimage","url":"https:\/\/talia-fashion.pl\/wp-content\/uploads\/2025\/07\/kremowy-trencz-mieszanka-bawelny-raglanowy-rekaw-peleryna.jpg","contentUrl":"https:\/\/talia-fashion.pl\/wp-content\/uploads\/2025\/07\/kremowy-trencz-mieszanka-bawelny-raglanowy-rekaw-peleryna.jpg","width":1500,"height":2000,"caption":"Kremowy trencz z mieszanki bawe\u0142ny pokrytej hydrofobow\u0105 pow\u0142ok\u0105. Raglanowy r\u0119kaw, ko\u0142nierz rewers i peleryna."},{"@type":"BreadcrumbList","@id":"https:\/\/talia-fashion.pl\/produkt\/kremowy-trencz-z-mieszanki-bawelny-z-raglanowym-rekawem-marcela\/#breadcrumb","itemListElement":[{"@type":"ListItem","position":1,"name":"Strona g\u0142\u00f3wna","item":"https:\/\/talia-fashion.pl\/"},{"@type":"ListItem","position":2,"name":"Sklep","item":"https:\/\/talia-fashion.pl\/sklep\/"},{"@type":"ListItem","position":3,"name":"Kremowy trencz z mieszanki bawe\u0142ny z raglanowym r\u0119kawem Marcela"}]},{"@type":"WebSite","@id":"https:\/\/talia-fashion.pl\/#website","url":"https:\/\/talia-fashion.pl\/","name":"Talia Fashion","description":"","potentialAction":[{"@type":"SearchAction","target":{"@type":"EntryPoint","urlTemplate":"https:\/\/talia-fashion.pl\/?s={search_term_string}"},"query-input":{"@type":"PropertyValueSpecification","valueRequired":true,"valueName":"search_term_string"}}],"inLanguage":"en-GB"}]}},"_links":{"self":[{"href":"https:\/\/talia-fashion.pl\/en\/wp-json\/wp\/v2\/product\/5947","targetHints":{"allow":["GET"]}}],"collection":[{"href":"https:\/\/talia-fashion.pl\/en\/wp-json\/wp\/v2\/product"}],"about":[{"href":"https:\/\/talia-fashion.pl\/en\/wp-json\/wp\/v2\/types\/product"}],"wp:featuredmedia":[{"embeddable":true,"href":"https:\/\/talia-fashion.pl\/en\/wp-json\/wp\/v2\/media\/5948"}],"wp:attachment":[{"href":"https:\/\/talia-fashion.pl\/en\/wp-json\/wp\/v2\/media?parent=5947"}],"wp:term":[{"taxonomy":"product_cat","embeddable":true,"href":"https:\/\/talia-fashion.pl\/en\/wp-json\/wp\/v2\/product_cat?post=5947"},{"taxonomy":"product_tag","embeddable":true,"href":"https:\/\/talia-fashion.pl\/en\/wp-json\/wp\/v2\/product_tag?post=5947"}],"curies":[{"name":"wp","href":"https:\/\/api.w.org\/{rel}","templated":true}]}}