{"id":5936,"date":"2025-02-22T11:15:03","date_gmt":"2025-02-22T10:15:03","guid":{"rendered":"http:\/\/talia-fashion.pl\/produkt\/czekoladowy-dlugi-trencz-z-mieszanki-welny-coco\/"},"modified":"2026-04-14T13:21:31","modified_gmt":"2026-04-14T11:21:31","slug":"czekoladowy-dlugi-zimowy-trencz-z-mieszanki-welny-helena","status":"publish","type":"product","link":"https:\/\/talia-fashion.pl\/en\/product\/czekoladowy-dlugi-zimowy-trencz-z-mieszanki-welny-helena\/","title":{"rendered":"Helena chocolate long wool blend winter trench"},"content":{"rendered":"<p><span lang=\"DE\">Czekoladowy d\u0142ugi zimowy trencz z mieszanki we\u0142ny Helena to minimalistyczny model w stylu lu\u017aniejszego trencza, kt\u00f3ry jednocze\u015bnie otula i zachwyca. To okrycie wierzchnie idealne na zmienn\u0105 aur\u0119 jesiennych i zimowych dni. Ciep\u0142y i funkcjonalny &#8211; chroni przed ch\u0142odem i zapewnia przewiewno\u015b\u0107 w cieplejsze dni &#8211; uszyli\u015bmy go z mi\u0119kkiego materia\u0142u z przewag\u0105 we\u0142ny dziewiczej i dodatkowo ocieplili\u015bmy. W najmodniejszym w tym sezonie kolorze czekoladowego br\u0105zu. <\/span><span class=\"x_1774405051ILfuVd\" lang=\"pl\"><span class=\"x_1774405051hgKElc\">Bogaty, czekoladowy kolor to ponadczasowy bazowy kolor, jeden z naj\u0142atwiejszych do stylizacji i nieco bardziej wyrafinowany ni\u017c prosta czer\u0144 lub grafitowa szaro\u015b\u0107.<span lang=\"DE\">\u00a0<\/span><\/span><\/span><span lang=\"DE\">Przody p\u0142aszcza zosta\u0142y dodatkowo podklejone bardzo delikatn\u0105 klejonk\u0105, stabilizuj\u0105ca w\u0142\u00f3kna, podkre\u015blaj\u0105c\u0105 w\u0142a\u015bciwo\u015bci tkaniny i nadaj\u0105c\u0105 p\u0142aszczowi luksusowego wygl\u0105du. <\/span><\/p>\n<p><span lang=\"DE\">Coat<\/span><span lang=\"DE\"> ma raglanowe r\u0119kawy ozdobione pagonami oraz klasyczny, wyk\u0142adany ko\u0142nierz. Ty\u0142 p\u0142aszcza wyko\u0144czony rozporkiem &#8211; wysmukla i dodaje elegancji. Zapinany dwurz\u0119dowo, na r\u0119cznie przyszywane guziki i wi\u0105zany paskiem, dla lepszego dopasowania p\u0142aszcza w talii. W ca\u0142o\u015bci na podszewce. Ocieplany. Nasz we\u0142niany trencz jest lekki i wygodny mimo swojej d\u0142ugo\u015bci do po\u0142owy \u0142ydki.<br \/>\n<\/span><\/p>\n<p><span lang=\"DE\">Helena chocolate long wool blend winter trench<\/span>\u00a0ma bardzo nowoczesn\u0105 konstrukcj\u0119, kt\u00f3ra zapewnia komfort noszenia, jak i dodaje klasy, nawet najprostszym stylizacjom. Raglanowe r\u0119kawy sprawiaj\u0105, \u017ce we\u0142niany trencz lepiej uk\u0142ada si\u0119 na sylwetce. Ma bardziej mi\u0119kki wygl\u0105d i jest lu\u017aniejszy. Nie kr\u0119puje ruch\u00f3w, nawet w stylizacjach wielowarstowych. Nadmiar materia\u0142u, kt\u00f3ry powstaje przy raglanowych konstrukcjach, zosta\u0142 przez nas zmniejszony dzi\u0119ki specjalnym zaszewkom modeluj\u0105cym sylwetk\u0119. Dlatego trencz jest swobodny, ale nie mocno oversizowy.\u00a0<span lang=\"DE\">Helena chocolate long wool blend winter trench <\/span>to idealny p\u0142aszcz do noszenia zar\u00f3wno na co dzie\u0144, jak i na specjalne okazje. Wywa\u017cona proporcja szyku i funkcjonalno\u015bci.<\/p>\n<p><span lang=\"DE\">Actual photo - chocolate<br \/>\n<\/span><\/p>\n<p>Available colours<span lang=\"DE\">: czekolada<br \/>\n<\/span><\/p>\n<p><span lang=\"DE\">The colours of the fabrics are presented in the different coat cuts, in the other auctions and in the\u00a0<a href=\"https:\/\/talia-fashion.pl\/en\/paleta-kolorow\/\">colour palette<\/a>. If in doubt about the colour, please contact us.<\/span><\/p>\n<p><span lang=\"DE\">Available sizes: XS, S, M, L, XL<\/span><\/p>\n<p><span lang=\"DE\">Indicative dimensions:<\/span><\/p>\n<p><span lang=\"DE\">XS &#8211; biust: 86-88 \/ biodra 94-96 \/ d\u0142ugo\u015b\u0107: 116 \/ r\u0119kaw 61<br \/>\nS - bust: 90-92 \/ hips: 98-100 \/ length: 116 \/ sleeve: 62<br \/>\nM &#8211; biust: 94-96\u00a0\u00a0\/ biodra: 102-104 \/ d\u0142ugo\u015b\u0107: 117\/ r\u0119kaw: 62<br \/>\nL - bust: 98-100 \/ hips: 106-108 \/ length: 118 \/ sleeve: 63<br \/>\n<\/span><span lang=\"DE\">If you are unsure of your size selection, please contact us.<\/span><\/p>\n<p>Modelka: 172cm i nosi S<\/p>\n<p><span lang=\"DE\">Material: <\/span><span lang=\"DE\">80% we\u0142na dziewicza, 20% poliamid<\/span><\/p>\n<p>Lining: 100% acetate<\/p>\n<p>Like viscose, acetate is produced from cellulose. Acetate yarn can also be made from recycled cellulose such as paper. The acetate lining is excellent at absorbing moisture and permeable to air. It is coated with an antistatic apprettee and is OEKOtex\u00ae Standard 100 certified.<\/p>\n<p><span lang=\"DE\">Czekoladowy d\u0142ugi zimowy trencz z mieszanki we\u0142ny Helena zaprojektowali\u015bmy i uszyli\u015bmy w naszej rodzinnej pracowni, tradycyjnymi i pracoch\u0142onnymi metodami, kt\u00f3re pozwalaj\u0105 na stworzenie unikatowych, precyzyjnie wyko\u0144czonych ubra\u0144, kt\u00f3re zachwycaj\u0105 jako\u015bci\u0105. Wk\u0142adamy w nasz\u0105 prac\u0119 wiele serca, by ka\u017cdy p\u0142aszcz by\u0142 wyj\u0105tkowy,<br \/>\n<\/span><\/p>\n<p>Wszystkie nasze p\u0142aszcze szyjemy sami, st\u0105d istnieje mo\u017cliwo\u015b\u0107 z\u0142o\u017cenia <strong>Indywidualnego, spersonalizowanego zam\u00f3wienia &#8211; <\/strong>wykonania pewnych modyfikacji na \u017cyczenie Klienta: skr\u00f3cenie, wyd\u0142u\u017cenie r\u0119kawa, skr\u00f3cenie i wyd\u0142u\u017cenie p\u0142aszcza. Koszt ustalany indywidualnie, po uprzednim kontakcie.<\/p>\n<p><strong>An individual order is not subject to exchange or refund.<\/strong><\/p>\n<p><span lang=\"DE\">The lead time depends on the current stock in the atelier and the availability of the fabric colour. If a given coat is available in the atelier, the order will be fulfilled very quickly - 2-5 working days. If it is necessary to sew the coat or to individualise the order according to the customer's specifications - making alterations or sewing a new coat - the lead time may be extended, up to a maximum of 2 weeks.<\/span><\/p>\n<p>The coat should be dry-cleaned. For frequent refreshing of the coat we recommend the following <a href=\"https:\/\/talia-fashion.pl\/en\/product\/szczotka-do-czyszczenia-i-pielegnacji-plaszcza\/\">Brush for cleaning and care of the coat<\/a>which can be purchased in our shop.  We also encourage you to read our advice on proper care: <a href=\"https:\/\/talia-fashion.pl\/en\/jak-pielegnowac-i-dbac-o-plaszcz\/\">How to care for and maintain coats? \u00a0<\/a>To keep jackets and coats clean, it is often enough to air them regularly and clean them with a dedicated brush. The process is gentler on the fabrics and avoids using water and energy. Remember that by taking care of your clothes you are protecting our environment.<\/p>\n<p>Please be patient, we need to sew this coat for you.<\/p>\n<p>We encourage you to like our fanpage on\u00a0<a href=\"https:\/\/www.facebook.com\/talia.plaszcze\">Facebook<\/a>\u00a0i\u00a0<a href=\"https:\/\/www.instagram.com\/talia_plaszcze\/\">Instagram<\/a><\/p>","protected":false},"excerpt":{"rendered":"<p><span lang=\"DE\">Czekoladowy d\u0142ugi zimowy trencz z mieszanki we\u0142ny Helena to minimalistyczny model w stylu lu\u017aniejszego trencza, kt\u00f3ry jednocze\u015bnie otula i zachwyca.<\/span><\/p>","protected":false},"featured_media":5937,"template":"","meta":{"_acf_changed":false},"product_cat":[31,36],"product_tag":[89,244,381,78,58,34,224,80,121,41,81,42,67,109,299,43,44,251,47,75,84,122,95,124,125,69,60,319,258,53,139,63,320,88,126],"class_list":{"0":"post-5936","1":"product","2":"type-product","3":"status-publish","4":"has-post-thumbnail","6":"product_cat-nowosci","7":"product_cat-plaszcze-dluzsze","8":"product_tag-cieply","9":"product_tag-czekoladowy-plaszcz","10":"product_tag-damskie-plaszcze","11":"product_tag-dla-roznych-sylwetek","12":"product_tag-dyplomatka-dwurzedowa","13":"product_tag-handmade","14":"product_tag-limited-edition","15":"product_tag-luzny-kroj","16":"product_tag-materialy-przyjazne-dla-srodowiska","17":"product_tag-na-podszewce","18":"product_tag-naturalne-materialy","19":"product_tag-nowosc","20":"product_tag-ocieplany","21":"product_tag-plaszcz-camel","22":"product_tag-plaszcz-czekoladowy","23":"product_tag-plaszcz-damski","24":"product_tag-plaszcz-damski-dlugi","25":"product_tag-plaszcz-kremowy","26":"product_tag-plaszcz-na-guziki","27":"product_tag-plaszcz-ocieplany","28":"product_tag-plaszcz-oversizowy","29":"product_tag-plaszcz-szlafrokowy","30":"product_tag-plaszcz-zimowy","31":"product_tag-polska-marka","32":"product_tag-polskie-rzemioslo","33":"product_tag-prochowiec","34":"product_tag-producent-plaszczy-damskich","35":"product_tag-tencze-damskie","36":"product_tag-trencz-damski","37":"product_tag-welna","38":"product_tag-welna-dziewicza","39":"product_tag-welniany","40":"product_tag-welniany-trencz","41":"product_tag-wiazany","42":"product_tag-wysoka-jakosc","44":"first","45":"instock","46":"shipping-taxable","47":"purchasable","48":"product-type-variable","49":"has-default-attributes"},"acf":[],"yoast_head":"<!-- This site is optimized with the Yoast SEO plugin v25.7 - https:\/\/yoast.com\/wordpress\/plugins\/seo\/ -->\n<title>Czekoladowy d\u0142ugi zimowy trencz z mieszanki we\u0142ny Helena - Talia Fashion - p\u0142aszcz damski<\/title>\n<meta name=\"description\" content=\"Czekoladowy d\u0142ugi trencz z mieszanki we\u0142ny - szlafrokowy kr\u00f3j, czekoladowy kolor i \u015bwietnej jako\u015bci materia\u0142. Klasyka i nowoczesno\u015b\u0107 w jednym. Trencz damski\" \/>\n<meta name=\"robots\" content=\"index, follow, max-snippet:-1, max-image-preview:large, max-video-preview:-1\" \/>\n<link rel=\"canonical\" href=\"https:\/\/talia-fashion.pl\/en\/product\/czekoladowy-dlugi-zimowy-trencz-z-mieszanki-welny-helena\/\" \/>\n<meta property=\"og:locale\" content=\"en_GB\" \/>\n<meta property=\"og:type\" content=\"article\" \/>\n<meta property=\"og:title\" content=\"Czekoladowy d\u0142ugi zimowy trencz z mieszanki we\u0142ny Helena - Talia Fashion - p\u0142aszcz damski\" \/>\n<meta property=\"og:description\" content=\"Czekoladowy d\u0142ugi trencz z mieszanki we\u0142ny - szlafrokowy kr\u00f3j, czekoladowy kolor i \u015bwietnej jako\u015bci materia\u0142. Klasyka i nowoczesno\u015b\u0107 w jednym. Trencz damski\" \/>\n<meta property=\"og:url\" content=\"https:\/\/talia-fashion.pl\/en\/product\/czekoladowy-dlugi-zimowy-trencz-z-mieszanki-welny-helena\/\" \/>\n<meta property=\"og:site_name\" content=\"Talia Fashion\" \/>\n<meta property=\"article:modified_time\" content=\"2026-04-14T11:21:31+00:00\" \/>\n<meta property=\"og:image\" content=\"https:\/\/talia-fashion.pl\/wp-content\/uploads\/2025\/07\/dlugi-czekoladowy-trencz-welniany-z-paskiem-scaled-1.jpg\" \/>\n\t<meta property=\"og:image:width\" content=\"1920\" \/>\n\t<meta property=\"og:image:height\" content=\"2560\" \/>\n\t<meta property=\"og:image:type\" content=\"image\/jpeg\" \/>\n<meta name=\"twitter:card\" content=\"summary_large_image\" \/>\n<meta name=\"twitter:label1\" content=\"Estimated reading time\" \/>\n\t<meta name=\"twitter:data1\" content=\"3 minutes\" \/>\n<script type=\"application\/ld+json\" class=\"yoast-schema-graph\">{\"@context\":\"https:\/\/schema.org\",\"@graph\":[{\"@type\":\"WebPage\",\"@id\":\"https:\/\/talia-fashion.pl\/produkt\/czekoladowy-dlugi-zimowy-trencz-z-mieszanki-welny-helena\/\",\"url\":\"https:\/\/talia-fashion.pl\/produkt\/czekoladowy-dlugi-zimowy-trencz-z-mieszanki-welny-helena\/\",\"name\":\"Czekoladowy d\u0142ugi zimowy trencz z mieszanki we\u0142ny Helena - Talia Fashion - p\u0142aszcz damski\",\"isPartOf\":{\"@id\":\"https:\/\/talia-fashion.pl\/#website\"},\"primaryImageOfPage\":{\"@id\":\"https:\/\/talia-fashion.pl\/produkt\/czekoladowy-dlugi-zimowy-trencz-z-mieszanki-welny-helena\/#primaryimage\"},\"image\":{\"@id\":\"https:\/\/talia-fashion.pl\/produkt\/czekoladowy-dlugi-zimowy-trencz-z-mieszanki-welny-helena\/#primaryimage\"},\"thumbnailUrl\":\"https:\/\/talia-fashion.pl\/wp-content\/uploads\/2025\/07\/dlugi-czekoladowy-trencz-welniany-z-paskiem-scaled-1.jpg\",\"datePublished\":\"2025-02-22T10:15:03+00:00\",\"dateModified\":\"2026-04-14T11:21:31+00:00\",\"description\":\"Czekoladowy d\u0142ugi trencz z mieszanki we\u0142ny - szlafrokowy kr\u00f3j, czekoladowy kolor i \u015bwietnej jako\u015bci materia\u0142. Klasyka i nowoczesno\u015b\u0107 w jednym. Trencz damski\",\"breadcrumb\":{\"@id\":\"https:\/\/talia-fashion.pl\/produkt\/czekoladowy-dlugi-zimowy-trencz-z-mieszanki-welny-helena\/#breadcrumb\"},\"inLanguage\":\"en-GB\",\"potentialAction\":[{\"@type\":\"ReadAction\",\"target\":[\"https:\/\/talia-fashion.pl\/produkt\/czekoladowy-dlugi-zimowy-trencz-z-mieszanki-welny-helena\/\"]}]},{\"@type\":\"ImageObject\",\"inLanguage\":\"en-GB\",\"@id\":\"https:\/\/talia-fashion.pl\/produkt\/czekoladowy-dlugi-zimowy-trencz-z-mieszanki-welny-helena\/#primaryimage\",\"url\":\"https:\/\/talia-fashion.pl\/wp-content\/uploads\/2025\/07\/dlugi-czekoladowy-trencz-welniany-z-paskiem-scaled-1.jpg\",\"contentUrl\":\"https:\/\/talia-fashion.pl\/wp-content\/uploads\/2025\/07\/dlugi-czekoladowy-trencz-welniany-z-paskiem-scaled-1.jpg\",\"width\":1920,\"height\":2560,\"caption\":\"D\u0142ugi czekoladowy trencz z wysokiej jako\u015bci mieszanki we\u0142nianej. Wi\u0105zany i zapinany na guziki. Produkt premium.\"},{\"@type\":\"BreadcrumbList\",\"@id\":\"https:\/\/talia-fashion.pl\/produkt\/czekoladowy-dlugi-zimowy-trencz-z-mieszanki-welny-helena\/#breadcrumb\",\"itemListElement\":[{\"@type\":\"ListItem\",\"position\":1,\"name\":\"Strona g\u0142\u00f3wna\",\"item\":\"https:\/\/talia-fashion.pl\/\"},{\"@type\":\"ListItem\",\"position\":2,\"name\":\"Sklep\",\"item\":\"https:\/\/talia-fashion.pl\/sklep\/\"},{\"@type\":\"ListItem\",\"position\":3,\"name\":\"Czekoladowy d\u0142ugi zimowy trencz z mieszanki we\u0142ny Helena\"}]},{\"@type\":\"WebSite\",\"@id\":\"https:\/\/talia-fashion.pl\/#website\",\"url\":\"https:\/\/talia-fashion.pl\/\",\"name\":\"Talia Fashion\",\"description\":\"\",\"potentialAction\":[{\"@type\":\"SearchAction\",\"target\":{\"@type\":\"EntryPoint\",\"urlTemplate\":\"https:\/\/talia-fashion.pl\/?s={search_term_string}\"},\"query-input\":{\"@type\":\"PropertyValueSpecification\",\"valueRequired\":true,\"valueName\":\"search_term_string\"}}],\"inLanguage\":\"en-GB\"}]}<\/script>\n<!-- \/ Yoast SEO plugin. -->","yoast_head_json":{"title":"Czekoladowy d\u0142ugi zimowy trencz z mieszanki we\u0142ny Helena - Talia Fashion - p\u0142aszcz damski","description":"Czekoladowy d\u0142ugi trencz z mieszanki we\u0142ny - szlafrokowy kr\u00f3j, czekoladowy kolor i \u015bwietnej jako\u015bci materia\u0142. Klasyka i nowoczesno\u015b\u0107 w jednym. Trencz damski","robots":{"index":"index","follow":"follow","max-snippet":"max-snippet:-1","max-image-preview":"max-image-preview:large","max-video-preview":"max-video-preview:-1"},"canonical":"https:\/\/talia-fashion.pl\/en\/product\/czekoladowy-dlugi-zimowy-trencz-z-mieszanki-welny-helena\/","og_locale":"en_GB","og_type":"article","og_title":"Czekoladowy d\u0142ugi zimowy trencz z mieszanki we\u0142ny Helena - Talia Fashion - p\u0142aszcz damski","og_description":"Czekoladowy d\u0142ugi trencz z mieszanki we\u0142ny - szlafrokowy kr\u00f3j, czekoladowy kolor i \u015bwietnej jako\u015bci materia\u0142. Klasyka i nowoczesno\u015b\u0107 w jednym. Trencz damski","og_url":"https:\/\/talia-fashion.pl\/en\/product\/czekoladowy-dlugi-zimowy-trencz-z-mieszanki-welny-helena\/","og_site_name":"Talia Fashion","article_modified_time":"2026-04-14T11:21:31+00:00","og_image":[{"width":1920,"height":2560,"url":"https:\/\/talia-fashion.pl\/wp-content\/uploads\/2025\/07\/dlugi-czekoladowy-trencz-welniany-z-paskiem-scaled-1.jpg","type":"image\/jpeg"}],"twitter_card":"summary_large_image","twitter_misc":{"Estimated reading time":"3 minutes"},"schema":{"@context":"https:\/\/schema.org","@graph":[{"@type":"WebPage","@id":"https:\/\/talia-fashion.pl\/produkt\/czekoladowy-dlugi-zimowy-trencz-z-mieszanki-welny-helena\/","url":"https:\/\/talia-fashion.pl\/produkt\/czekoladowy-dlugi-zimowy-trencz-z-mieszanki-welny-helena\/","name":"Czekoladowy d\u0142ugi zimowy trencz z mieszanki we\u0142ny Helena - Talia Fashion - p\u0142aszcz damski","isPartOf":{"@id":"https:\/\/talia-fashion.pl\/#website"},"primaryImageOfPage":{"@id":"https:\/\/talia-fashion.pl\/produkt\/czekoladowy-dlugi-zimowy-trencz-z-mieszanki-welny-helena\/#primaryimage"},"image":{"@id":"https:\/\/talia-fashion.pl\/produkt\/czekoladowy-dlugi-zimowy-trencz-z-mieszanki-welny-helena\/#primaryimage"},"thumbnailUrl":"https:\/\/talia-fashion.pl\/wp-content\/uploads\/2025\/07\/dlugi-czekoladowy-trencz-welniany-z-paskiem-scaled-1.jpg","datePublished":"2025-02-22T10:15:03+00:00","dateModified":"2026-04-14T11:21:31+00:00","description":"Czekoladowy d\u0142ugi trencz z mieszanki we\u0142ny - szlafrokowy kr\u00f3j, czekoladowy kolor i \u015bwietnej jako\u015bci materia\u0142. Klasyka i nowoczesno\u015b\u0107 w jednym. Trencz damski","breadcrumb":{"@id":"https:\/\/talia-fashion.pl\/produkt\/czekoladowy-dlugi-zimowy-trencz-z-mieszanki-welny-helena\/#breadcrumb"},"inLanguage":"en-GB","potentialAction":[{"@type":"ReadAction","target":["https:\/\/talia-fashion.pl\/produkt\/czekoladowy-dlugi-zimowy-trencz-z-mieszanki-welny-helena\/"]}]},{"@type":"ImageObject","inLanguage":"en-GB","@id":"https:\/\/talia-fashion.pl\/produkt\/czekoladowy-dlugi-zimowy-trencz-z-mieszanki-welny-helena\/#primaryimage","url":"https:\/\/talia-fashion.pl\/wp-content\/uploads\/2025\/07\/dlugi-czekoladowy-trencz-welniany-z-paskiem-scaled-1.jpg","contentUrl":"https:\/\/talia-fashion.pl\/wp-content\/uploads\/2025\/07\/dlugi-czekoladowy-trencz-welniany-z-paskiem-scaled-1.jpg","width":1920,"height":2560,"caption":"D\u0142ugi czekoladowy trencz z wysokiej jako\u015bci mieszanki we\u0142nianej. Wi\u0105zany i zapinany na guziki. Produkt premium."},{"@type":"BreadcrumbList","@id":"https:\/\/talia-fashion.pl\/produkt\/czekoladowy-dlugi-zimowy-trencz-z-mieszanki-welny-helena\/#breadcrumb","itemListElement":[{"@type":"ListItem","position":1,"name":"Strona g\u0142\u00f3wna","item":"https:\/\/talia-fashion.pl\/"},{"@type":"ListItem","position":2,"name":"Sklep","item":"https:\/\/talia-fashion.pl\/sklep\/"},{"@type":"ListItem","position":3,"name":"Czekoladowy d\u0142ugi zimowy trencz z mieszanki we\u0142ny Helena"}]},{"@type":"WebSite","@id":"https:\/\/talia-fashion.pl\/#website","url":"https:\/\/talia-fashion.pl\/","name":"Talia Fashion","description":"","potentialAction":[{"@type":"SearchAction","target":{"@type":"EntryPoint","urlTemplate":"https:\/\/talia-fashion.pl\/?s={search_term_string}"},"query-input":{"@type":"PropertyValueSpecification","valueRequired":true,"valueName":"search_term_string"}}],"inLanguage":"en-GB"}]}},"_links":{"self":[{"href":"https:\/\/talia-fashion.pl\/en\/wp-json\/wp\/v2\/product\/5936","targetHints":{"allow":["GET"]}}],"collection":[{"href":"https:\/\/talia-fashion.pl\/en\/wp-json\/wp\/v2\/product"}],"about":[{"href":"https:\/\/talia-fashion.pl\/en\/wp-json\/wp\/v2\/types\/product"}],"wp:featuredmedia":[{"embeddable":true,"href":"https:\/\/talia-fashion.pl\/en\/wp-json\/wp\/v2\/media\/5937"}],"wp:attachment":[{"href":"https:\/\/talia-fashion.pl\/en\/wp-json\/wp\/v2\/media?parent=5936"}],"wp:term":[{"taxonomy":"product_cat","embeddable":true,"href":"https:\/\/talia-fashion.pl\/en\/wp-json\/wp\/v2\/product_cat?post=5936"},{"taxonomy":"product_tag","embeddable":true,"href":"https:\/\/talia-fashion.pl\/en\/wp-json\/wp\/v2\/product_tag?post=5936"}],"curies":[{"name":"wp","href":"https:\/\/api.w.org\/{rel}","templated":true}]}}