{"id":5925,"date":"2025-02-21T15:37:02","date_gmt":"2025-02-21T14:37:02","guid":{"rendered":"http:\/\/talia-fashion.pl\/produkt\/dlugi-przejsciowy-plaszcz-z-dwukolorowego-diagonalu-ellen\/"},"modified":"2026-04-13T08:25:00","modified_gmt":"2026-04-13T06:25:00","slug":"dlugi-przejsciowy-plaszcz-z-dwukolorowego-diagonalu-ellen","status":"publish","type":"product","link":"https:\/\/talia-fashion.pl\/en\/product\/dlugi-przejsciowy-plaszcz-z-dwukolorowego-diagonalu-ellen\/","title":{"rendered":"Long transitional coat in two-tone twill Ellen"},"content":{"rendered":"<p><span lang=\"DE\"><strong>Long transitional twill coat<\/strong> Ellen is our latest outerwear offering<strong> for spring and autumn.<\/strong> The cut of the coat is reminiscent of a loose trench coat, but it is not made of cotton, but of a soft blend. <strong>lighter weight wools<\/strong>. It ensures thermal comfort on colder days and breathability when the sun is shining. Particularly noteworthy is the interesting pattern of the fabric, which was created from twisted strips in two colours - white and grey, called <strong>diagonal<\/strong>. It is delicate, yet adds character and makes the coat look interesting. Such a pattern draws the eye. <strong>All finished with a lining.<\/strong><br \/>\n<\/span><\/p>\n<p>The coat has <span lang=\"DE\"><strong>raglan, long sleeves<\/strong>, <strong>padded collar<\/strong>, <strong>decorative epaulettes<\/strong> on the shoulders and two, side slit-finished pockets. <strong>It has a double-breasted button fastening<\/strong> i <strong>tied<\/strong> at the waist. Length <strong>to the mid-calf<\/strong> with a back zipper that not only adds elegance but also functionality.\u00a0 <\/span><\/p>\n<p><span lang=\"DE\">The Ellen long transitional coat in two-tone twill is a coat with a very considered cut. Designed to both accentuate the silhouette and ensure comfort when worn. Hence the raglan sleeve construction that gives softness and a gentle looseness. The cut is <strong>casual but not oversized<\/strong>. Therefore, despite the fit, it will accommodate a jumper or jacket. The most important thing about this model is that it does not sag at the hips. Compared to waisted coats, it is half a number larger. But the charm is in the loose fit.  For tips on how to choose your cut, see the tab: <a href=\"https:\/\/talia-fashion.pl\/en\/jak-dobrac-plaszcz-do-sylwetki\/\">How do you choose a coat to suit your figure?<\/a><br \/>\n<\/span><\/p>\n<p>An exquisite proposition offering virtually unlimited styling possibilities. A classic cut and a subtle pattern - what more could you want? Whether for sport, work or a big night out, you will feel special every time. And the comfortable form and soft fabric will ensure comfort, whatever the weather and whatever style you come up with.<\/p>\n<p><span lang=\"DE\">Actual photo - grey diagonal<\/span><\/p>\n<p>Available colours: diagonal grey<\/p>\n<p><span lang=\"DE\">The colours are presented in our <a href=\"https:\/\/talia-fashion.pl\/en\/paleta-kolorow\/\">Colour palette<\/a>. If in doubt, please contact us.<\/span><\/p>\n<p>The model is 172cm and a size S.<\/p>\n<p><span lang=\"DE\">Available sizes: XS, S, M, L<\/span><\/p>\n<p><span lang=\"DE\">Indicative dimensions:<\/span><\/p>\n<p>XS - bust: 86-88 \/ hips: 94-96 \/ length: 116 \/ sleeve: 61<br \/>\nS - bust: 90-92 \/ hips: 98-100 \/ length: 116 \/ sleeve: 62<br \/>\nM - bust: 94-96 \/ hips: 102-104 \/ length: 117 \/ sleeve: 62<br \/>\nL - bust: 98-100 \/ hips: 106-108 \/ length: 118 \/ sleeve: 63<br \/>\n<span lang=\"DE\">What size to choose and how to measure yourself are suggested in our short guide: <a href=\"https:\/\/talia-fashion.pl\/en\/jak-dobrac-rozmiar\/\">How to choose a size?<\/a><\/span><br \/>\n<span lang=\"DE\">If you are unsure of your size selection, please contact us.<\/span><\/p>\n<p><span lang=\"DE\">Material: 70% wool, 20% silk, 10% polyamide<\/span><\/p>\n<p>Lining: 100% acetate<\/p>\n<p>Like viscose, acetate is produced from cellulose. Acetate yarn can also be made from recycled cellulose such as paper. The acetate lining is excellent at absorbing moisture and permeable to air. It is coated with an antistatic apprettee and is OEKOtex\u00ae Standard 100 certified.<\/p>\n<p><span lang=\"DE\">Ellen's long transitional grey twill trench coat has been sewn from a beautiful material found in deadstock. For many years, we have been striving to reduce overproduction and to reduce the use of raw materials, natural resources, water and energy. To this end, we search for interesting, already produced materials and transform them into coats in limited quantities. Thanks to the manual process of making the coat, we are able to precisely match the pattern of the material in each coat piece and, at the same time, arrange the cut in such a way that as little waste as possible is created, thus minimising the negative impact on the environment and providing you with a coat of the highest quality.\u00a0<\/span><\/p>\n<p><span lang=\"DE\">The coat should be dry-cleaned. Proper care, hanging and avoiding snags will ensure that your coat remains beautiful for a long time. Take a look at our tab: <a href=\"https:\/\/talia-fashion.pl\/en\/jak-pielegnowac-i-dbac-o-plaszcz\/\">How to nurture and care for the coat?<\/a>, where we have included simple methods for enjoying your coat for a long time. And to refresh your wool frequently, we recommend the following\u00a0<a href=\"https:\/\/talia-fashion.pl\/en\/product\/szczotka-do-czyszczenia-i-pielegnacji-plaszcza\/\">Brush for cleaning and care of the coat<\/a>which can be purchased in our shop.<\/span><\/p>\n<p><span lang=\"DE\">There is also the possibility of <strong>Individual orders<\/strong>, i.e. with minor modifications at the client's request. We can shorten or lengthen the sleeves, shorten or lengthen the length of the coat. If you do not like the epaulettes on the shoulders, it is also possible to remove them. The cost of such a service is determined individually after contacting us and establishing the possible options.<\/span><\/p>\n<p><strong>An individual order is not subject to exchange or refund.<\/strong><\/p>\n<p><span lang=\"DE\">The lead time depends on the current stock in the atelier and the availability of the fabric colour in question. If the given coat is available in the atelier, the order will be fulfilled very quickly within 2-5 working days. If it is necessary to sew the coat or individualise the order - making alterations or sewing a new coat - the lead time may be extended, up to a maximum of 2 weeks.<\/span><\/p>\n<p>We have been practising traditional tailoring for 37 years and each of our coats is sewn by hand. For this reason, we do not sew coats for stock, so please be patient - we need to sew this coat for you. Thank you for supporting a local business.<\/p>\n<p>We invite you to stay with us for longer and to follow our profiles on <a href=\"https:\/\/www.facebook.com\/talia.plaszcze\">Facebook<\/a>\u00a0and\u00a0<a href=\"https:\/\/www.instagram.com\/talia_plaszcze\/\">Instagram<\/a>.<\/p>","protected":false},"excerpt":{"rendered":"<p>Classic cut and subtle pattern.<\/p>","protected":false},"featured_media":5926,"template":"","meta":{"_acf_changed":false},"product_cat":[31,36],"product_tag":[318,78,33,34,39,40,80,41,42,43,44,45,46,68,83,47,84,181,85,49,50,123,260,69,60,87,61,52,97,53,88,147],"class_list":{"0":"post-5925","1":"product","2":"type-product","3":"status-publish","4":"has-post-thumbnail","6":"product_cat-nowosci","7":"product_cat-plaszcze-dluzsze","8":"product_tag-diagonal","9":"product_tag-dla-roznych-sylwetek","10":"product_tag-dwurzedowy","11":"product_tag-handmade","12":"product_tag-klasyczny","13":"product_tag-kolnierz","14":"product_tag-luzny-kroj","15":"product_tag-na-podszewce","16":"product_tag-nowosc","17":"product_tag-plaszcz-damski","18":"product_tag-plaszcz-damski-dlugi","19":"product_tag-plaszcz-dlugi","20":"product_tag-plaszcz-dwurzedowy","21":"product_tag-plaszcz-jesienny","22":"product_tag-plaszcz-luzny","23":"product_tag-plaszcz-na-guziki","24":"product_tag-plaszcz-oversizowy","25":"product_tag-plaszcz-w-jodelke","26":"product_tag-plaszcz-welniany","27":"product_tag-plaszcz-wiosenny","28":"product_tag-plaszcz-z-rewersem","29":"product_tag-plaszcze-damskie","30":"product_tag-plaszcze-przejsciowe","31":"product_tag-prochowiec","32":"product_tag-producent-plaszczy-damskich","33":"product_tag-produkt-premium","34":"product_tag-recznie-szyty","35":"product_tag-szylkretowe-guziki","36":"product_tag-trencz","37":"product_tag-welna","38":"product_tag-wiazany","39":"product_tag-zrownowazona-produkcja","41":"first","42":"instock","43":"shipping-taxable","44":"purchasable","45":"product-type-variable","46":"has-default-attributes"},"acf":[],"yoast_head":"<!-- This site is optimized with the Yoast SEO plugin v25.7 - https:\/\/yoast.com\/wordpress\/plugins\/seo\/ -->\n<title>D\u0142ugi przej\u015bciowy p\u0142aszcz z dwukolorowego diagonalu Ellen - Talia<\/title>\n<meta name=\"description\" content=\"D\u0142ugi przej\u015bciowy p\u0142aszcz z diagonalu - klasyczny kr\u00f3j zapewniaj\u0105cy komfort. Przyci\u0105gaj\u0105cy wzrok wz\u00f3r materia\u0142u. Uszyty r\u0119cznie w naszej pracowni.\" \/>\n<meta name=\"robots\" content=\"index, follow, max-snippet:-1, max-image-preview:large, max-video-preview:-1\" \/>\n<link rel=\"canonical\" href=\"https:\/\/talia-fashion.pl\/en\/product\/dlugi-przejsciowy-plaszcz-z-dwukolorowego-diagonalu-ellen\/\" \/>\n<meta property=\"og:locale\" content=\"en_GB\" \/>\n<meta property=\"og:type\" content=\"article\" \/>\n<meta property=\"og:title\" content=\"D\u0142ugi przej\u015bciowy p\u0142aszcz z dwukolorowego diagonalu Ellen - Talia\" \/>\n<meta property=\"og:description\" content=\"D\u0142ugi przej\u015bciowy p\u0142aszcz z diagonalu - klasyczny kr\u00f3j zapewniaj\u0105cy komfort. Przyci\u0105gaj\u0105cy wzrok wz\u00f3r materia\u0142u. Uszyty r\u0119cznie w naszej pracowni.\" \/>\n<meta property=\"og:url\" content=\"https:\/\/talia-fashion.pl\/en\/product\/dlugi-przejsciowy-plaszcz-z-dwukolorowego-diagonalu-ellen\/\" \/>\n<meta property=\"og:site_name\" content=\"Talia Fashion\" \/>\n<meta property=\"article:modified_time\" content=\"2026-04-13T06:25:00+00:00\" \/>\n<meta property=\"og:image\" content=\"https:\/\/talia-fashion.pl\/wp-content\/uploads\/2025\/07\/dlugi-przejsciowy-plaszcz-z-diagonalu-szary-welniany.jpg\" \/>\n\t<meta property=\"og:image:width\" content=\"1500\" \/>\n\t<meta property=\"og:image:height\" content=\"2000\" \/>\n\t<meta property=\"og:image:type\" content=\"image\/jpeg\" \/>\n<meta name=\"twitter:card\" content=\"summary_large_image\" \/>\n<meta name=\"twitter:label1\" content=\"Estimated reading time\" \/>\n\t<meta name=\"twitter:data1\" content=\"4 minutes\" \/>\n<script type=\"application\/ld+json\" class=\"yoast-schema-graph\">{\"@context\":\"https:\/\/schema.org\",\"@graph\":[{\"@type\":\"WebPage\",\"@id\":\"https:\/\/talia-fashion.pl\/produkt\/dlugi-przejsciowy-plaszcz-z-dwukolorowego-diagonalu-ellen\/\",\"url\":\"https:\/\/talia-fashion.pl\/produkt\/dlugi-przejsciowy-plaszcz-z-dwukolorowego-diagonalu-ellen\/\",\"name\":\"D\u0142ugi przej\u015bciowy p\u0142aszcz z dwukolorowego diagonalu Ellen - Talia\",\"isPartOf\":{\"@id\":\"https:\/\/talia-fashion.pl\/#website\"},\"primaryImageOfPage\":{\"@id\":\"https:\/\/talia-fashion.pl\/produkt\/dlugi-przejsciowy-plaszcz-z-dwukolorowego-diagonalu-ellen\/#primaryimage\"},\"image\":{\"@id\":\"https:\/\/talia-fashion.pl\/produkt\/dlugi-przejsciowy-plaszcz-z-dwukolorowego-diagonalu-ellen\/#primaryimage\"},\"thumbnailUrl\":\"https:\/\/talia-fashion.pl\/wp-content\/uploads\/2025\/07\/dlugi-przejsciowy-plaszcz-z-diagonalu-szary-welniany.jpg\",\"datePublished\":\"2025-02-21T14:37:02+00:00\",\"dateModified\":\"2026-04-13T06:25:00+00:00\",\"description\":\"D\u0142ugi przej\u015bciowy p\u0142aszcz z diagonalu - klasyczny kr\u00f3j zapewniaj\u0105cy komfort. Przyci\u0105gaj\u0105cy wzrok wz\u00f3r materia\u0142u. Uszyty r\u0119cznie w naszej pracowni.\",\"breadcrumb\":{\"@id\":\"https:\/\/talia-fashion.pl\/produkt\/dlugi-przejsciowy-plaszcz-z-dwukolorowego-diagonalu-ellen\/#breadcrumb\"},\"inLanguage\":\"en-GB\",\"potentialAction\":[{\"@type\":\"ReadAction\",\"target\":[\"https:\/\/talia-fashion.pl\/produkt\/dlugi-przejsciowy-plaszcz-z-dwukolorowego-diagonalu-ellen\/\"]}]},{\"@type\":\"ImageObject\",\"inLanguage\":\"en-GB\",\"@id\":\"https:\/\/talia-fashion.pl\/produkt\/dlugi-przejsciowy-plaszcz-z-dwukolorowego-diagonalu-ellen\/#primaryimage\",\"url\":\"https:\/\/talia-fashion.pl\/wp-content\/uploads\/2025\/07\/dlugi-przejsciowy-plaszcz-z-diagonalu-szary-welniany.jpg\",\"contentUrl\":\"https:\/\/talia-fashion.pl\/wp-content\/uploads\/2025\/07\/dlugi-przejsciowy-plaszcz-z-diagonalu-szary-welniany.jpg\",\"width\":1500,\"height\":2000,\"caption\":\"D\u0142ugi przej\u015bciowy p\u0142aszcz z diagonalu. We\u0142na o l\u017cejszej gramaturze. Stylowy i wygodny. Jako\u015b\u0107 premium.\"},{\"@type\":\"BreadcrumbList\",\"@id\":\"https:\/\/talia-fashion.pl\/produkt\/dlugi-przejsciowy-plaszcz-z-dwukolorowego-diagonalu-ellen\/#breadcrumb\",\"itemListElement\":[{\"@type\":\"ListItem\",\"position\":1,\"name\":\"Strona g\u0142\u00f3wna\",\"item\":\"https:\/\/talia-fashion.pl\/\"},{\"@type\":\"ListItem\",\"position\":2,\"name\":\"Sklep\",\"item\":\"https:\/\/talia-fashion.pl\/sklep\/\"},{\"@type\":\"ListItem\",\"position\":3,\"name\":\"D\u0142ugi przej\u015bciowy p\u0142aszcz z dwukolorowego diagonalu Ellen\"}]},{\"@type\":\"WebSite\",\"@id\":\"https:\/\/talia-fashion.pl\/#website\",\"url\":\"https:\/\/talia-fashion.pl\/\",\"name\":\"Talia Fashion\",\"description\":\"\",\"potentialAction\":[{\"@type\":\"SearchAction\",\"target\":{\"@type\":\"EntryPoint\",\"urlTemplate\":\"https:\/\/talia-fashion.pl\/?s={search_term_string}\"},\"query-input\":{\"@type\":\"PropertyValueSpecification\",\"valueRequired\":true,\"valueName\":\"search_term_string\"}}],\"inLanguage\":\"en-GB\"}]}<\/script>\n<!-- \/ Yoast SEO plugin. -->","yoast_head_json":{"title":"D\u0142ugi przej\u015bciowy p\u0142aszcz z dwukolorowego diagonalu Ellen - Talia","description":"D\u0142ugi przej\u015bciowy p\u0142aszcz z diagonalu - klasyczny kr\u00f3j zapewniaj\u0105cy komfort. Przyci\u0105gaj\u0105cy wzrok wz\u00f3r materia\u0142u. Uszyty r\u0119cznie w naszej pracowni.","robots":{"index":"index","follow":"follow","max-snippet":"max-snippet:-1","max-image-preview":"max-image-preview:large","max-video-preview":"max-video-preview:-1"},"canonical":"https:\/\/talia-fashion.pl\/en\/product\/dlugi-przejsciowy-plaszcz-z-dwukolorowego-diagonalu-ellen\/","og_locale":"en_GB","og_type":"article","og_title":"D\u0142ugi przej\u015bciowy p\u0142aszcz z dwukolorowego diagonalu Ellen - Talia","og_description":"D\u0142ugi przej\u015bciowy p\u0142aszcz z diagonalu - klasyczny kr\u00f3j zapewniaj\u0105cy komfort. Przyci\u0105gaj\u0105cy wzrok wz\u00f3r materia\u0142u. Uszyty r\u0119cznie w naszej pracowni.","og_url":"https:\/\/talia-fashion.pl\/en\/product\/dlugi-przejsciowy-plaszcz-z-dwukolorowego-diagonalu-ellen\/","og_site_name":"Talia Fashion","article_modified_time":"2026-04-13T06:25:00+00:00","og_image":[{"width":1500,"height":2000,"url":"https:\/\/talia-fashion.pl\/wp-content\/uploads\/2025\/07\/dlugi-przejsciowy-plaszcz-z-diagonalu-szary-welniany.jpg","type":"image\/jpeg"}],"twitter_card":"summary_large_image","twitter_misc":{"Estimated reading time":"4 minutes"},"schema":{"@context":"https:\/\/schema.org","@graph":[{"@type":"WebPage","@id":"https:\/\/talia-fashion.pl\/produkt\/dlugi-przejsciowy-plaszcz-z-dwukolorowego-diagonalu-ellen\/","url":"https:\/\/talia-fashion.pl\/produkt\/dlugi-przejsciowy-plaszcz-z-dwukolorowego-diagonalu-ellen\/","name":"D\u0142ugi przej\u015bciowy p\u0142aszcz z dwukolorowego diagonalu Ellen - Talia","isPartOf":{"@id":"https:\/\/talia-fashion.pl\/#website"},"primaryImageOfPage":{"@id":"https:\/\/talia-fashion.pl\/produkt\/dlugi-przejsciowy-plaszcz-z-dwukolorowego-diagonalu-ellen\/#primaryimage"},"image":{"@id":"https:\/\/talia-fashion.pl\/produkt\/dlugi-przejsciowy-plaszcz-z-dwukolorowego-diagonalu-ellen\/#primaryimage"},"thumbnailUrl":"https:\/\/talia-fashion.pl\/wp-content\/uploads\/2025\/07\/dlugi-przejsciowy-plaszcz-z-diagonalu-szary-welniany.jpg","datePublished":"2025-02-21T14:37:02+00:00","dateModified":"2026-04-13T06:25:00+00:00","description":"D\u0142ugi przej\u015bciowy p\u0142aszcz z diagonalu - klasyczny kr\u00f3j zapewniaj\u0105cy komfort. Przyci\u0105gaj\u0105cy wzrok wz\u00f3r materia\u0142u. Uszyty r\u0119cznie w naszej pracowni.","breadcrumb":{"@id":"https:\/\/talia-fashion.pl\/produkt\/dlugi-przejsciowy-plaszcz-z-dwukolorowego-diagonalu-ellen\/#breadcrumb"},"inLanguage":"en-GB","potentialAction":[{"@type":"ReadAction","target":["https:\/\/talia-fashion.pl\/produkt\/dlugi-przejsciowy-plaszcz-z-dwukolorowego-diagonalu-ellen\/"]}]},{"@type":"ImageObject","inLanguage":"en-GB","@id":"https:\/\/talia-fashion.pl\/produkt\/dlugi-przejsciowy-plaszcz-z-dwukolorowego-diagonalu-ellen\/#primaryimage","url":"https:\/\/talia-fashion.pl\/wp-content\/uploads\/2025\/07\/dlugi-przejsciowy-plaszcz-z-diagonalu-szary-welniany.jpg","contentUrl":"https:\/\/talia-fashion.pl\/wp-content\/uploads\/2025\/07\/dlugi-przejsciowy-plaszcz-z-diagonalu-szary-welniany.jpg","width":1500,"height":2000,"caption":"D\u0142ugi przej\u015bciowy p\u0142aszcz z diagonalu. We\u0142na o l\u017cejszej gramaturze. Stylowy i wygodny. Jako\u015b\u0107 premium."},{"@type":"BreadcrumbList","@id":"https:\/\/talia-fashion.pl\/produkt\/dlugi-przejsciowy-plaszcz-z-dwukolorowego-diagonalu-ellen\/#breadcrumb","itemListElement":[{"@type":"ListItem","position":1,"name":"Strona g\u0142\u00f3wna","item":"https:\/\/talia-fashion.pl\/"},{"@type":"ListItem","position":2,"name":"Sklep","item":"https:\/\/talia-fashion.pl\/sklep\/"},{"@type":"ListItem","position":3,"name":"D\u0142ugi przej\u015bciowy p\u0142aszcz z dwukolorowego diagonalu Ellen"}]},{"@type":"WebSite","@id":"https:\/\/talia-fashion.pl\/#website","url":"https:\/\/talia-fashion.pl\/","name":"Talia Fashion","description":"","potentialAction":[{"@type":"SearchAction","target":{"@type":"EntryPoint","urlTemplate":"https:\/\/talia-fashion.pl\/?s={search_term_string}"},"query-input":{"@type":"PropertyValueSpecification","valueRequired":true,"valueName":"search_term_string"}}],"inLanguage":"en-GB"}]}},"_links":{"self":[{"href":"https:\/\/talia-fashion.pl\/en\/wp-json\/wp\/v2\/product\/5925","targetHints":{"allow":["GET"]}}],"collection":[{"href":"https:\/\/talia-fashion.pl\/en\/wp-json\/wp\/v2\/product"}],"about":[{"href":"https:\/\/talia-fashion.pl\/en\/wp-json\/wp\/v2\/types\/product"}],"wp:featuredmedia":[{"embeddable":true,"href":"https:\/\/talia-fashion.pl\/en\/wp-json\/wp\/v2\/media\/5926"}],"wp:attachment":[{"href":"https:\/\/talia-fashion.pl\/en\/wp-json\/wp\/v2\/media?parent=5925"}],"wp:term":[{"taxonomy":"product_cat","embeddable":true,"href":"https:\/\/talia-fashion.pl\/en\/wp-json\/wp\/v2\/product_cat?post=5925"},{"taxonomy":"product_tag","embeddable":true,"href":"https:\/\/talia-fashion.pl\/en\/wp-json\/wp\/v2\/product_tag?post=5925"}],"curies":[{"name":"wp","href":"https:\/\/api.w.org\/{rel}","templated":true}]}}