{"id":5915,"date":"2025-02-20T14:17:48","date_gmt":"2025-02-20T13:17:48","guid":{"rendered":"http:\/\/talia-fashion.pl\/produkt\/wiosenny-plaszczyk-z-welna-dziewicza-pistacjowa-zielen-amalfi\/"},"modified":"2026-02-12T18:30:29","modified_gmt":"2026-02-12T17:30:29","slug":"jesienny-plaszczyk-z-welna-dziewicza-pistacjowa-zielen-amalfi","status":"publish","type":"product","link":"https:\/\/talia-fashion.pl\/en\/product\/jesienny-plaszczyk-z-welna-dziewicza-pistacjowa-zielen-amalfi\/","title":{"rendered":"Autumn virgin wool coat pistachio green Amalfi"},"content":{"rendered":"<p><span lang=\"DE\">Jesienny p\u0142aszczyk z we\u0142n\u0105 dziewicz\u0105 pistacjowa ziele\u0144 Amalfi to wygodny, swobodny kr\u00f3j z raglanowymi r\u0119kawami, zapinany dwurz\u0119dowo na szylkretowe (be\u017cowo-kremowe) guziki. <\/span>Raglanowy r\u0119kaw sprawia, \u017ce p\u0142aszczyk jest lu\u017aniejszy, szczeg\u00f3lnie w g\u00f3rnej cz\u0119\u015bci. Jednak dzi\u0119ki przemy\u015blanym zabiegom konstrukcyjnym, nie jest oversizowy i podkre\u015bla sylwetk\u0119, cho\u0107 jej nie ogranicza. Zapewnia wygod\u0119, nawet z marynark\u0105. Pasek uszyty z tej samej tkaniny, zbuduje tali\u0119. W tym fasonie najwa\u017cniejsze, by p\u0142aszcz op\u0142ywa\u0142 bioderka, a nie si\u0119 na nich opina\u0142. Boczne, uko\u015bne kieszenie <span lang=\"DE\">zako\u0144czone szerok\u0105 listw\u0105. <\/span>Ty\u0142 delikatnie taliowany, z rozci\u0119ciem u do\u0142u. Klasyczny, wyk\u0142adany ko\u0142nierz wyko\u0144czony na ostro.\u00a0D\u0142ugo\u015b\u0107 si\u0119gajaca przed kolano, nadaj\u0105ca lekko\u015bci. P\u0142aszczyk uszyli\u015bmy z tkaniny z przewag\u0105 we\u0142ny o l\u017cejszej gramaturze. Ca\u0142o\u015b\u0107 na podszewce. Materia\u0142y u\u017cyte do jego wykonania nie tylko nadaj\u0105 sylwetce wyrafinowany wygl\u0105d, ale r\u00f3wnie\u017c zapewniaj\u0105 ciep\u0142o i przewiewno\u015b\u0107. I ten kolor, kt\u00f3ry wniesie powiew \u015bwie\u017co\u015bci do Twojej garderoby.<\/p>\n<p data-start=\"264\" data-end=\"541\">Jesienny p\u0142aszczyk z we\u0142n\u0105 dziewicz\u0105 pistacjowa ziele\u0144 Amalfi to model o d\u0142ugo\u015bci przed kolano. Tego typu p\u0142aszcze s\u0105 cz\u0119sto wybierane na przej\u015bciowe pory roku (jesie\u0144, wiosna), poniewa\u017c oferuj\u0105 wystarczaj\u0105c\u0105 ochron\u0119 przed ch\u0142odem, ale nie s\u0105 tak ci\u0119\u017ckie jak p\u0142aszcze zimowe. Jednocze\u015bnie \u0142\u0105cz\u0105 elegancj\u0119 d\u0142ugiego p\u0142aszcza z praktyczno\u015bci\u0105 kr\u00f3tszych modeli. Mo\u017cna je zestawia\u0107 zar\u00f3wno z eleganckimi, jak i bardziej casualowymi stylizacjami.<\/p>\n<p>Nasz przej\u015bciowy p\u0142aszczyk jest bardzo uniwersalny i pasuje na r\u00f3\u017cne sylwetki. \u015amia\u0142o mog\u0105 po niego si\u0119gn\u0105\u0107 zar\u00f3wno osoby niskie, jak i wysokie. Jest to te\u017c \u015bwietna opcja dla Pa\u0144 z wi\u0119kszym biustem. Mi\u0119kka forma i mi\u0119kki materia\u0142 z\u0142agodz\u0105 sylwetk\u0119, gdy masz rozbudowane lub ka\u0144ciaste ramiona. Wskaz\u00f3wki jaki wybra\u0107 fason p\u0142aszcza, umie\u015bcili\u015bmy w zak\u0142adce: <a href=\"https:\/\/talia-fashion.pl\/en\/jak-dobrac-plaszcz-do-sylwetki\/\">How do you choose a coat to suit your figure?<\/a><\/p>\n<p><span lang=\"DE\">Zdj\u0119cie rzeczywiste &#8211; pistacjowa ziele\u0144<\/span><\/p>\n<p>Dost\u0119pne kolory: pistacjowa ziele\u0144, pastelowy r\u00f3\u017c, szary, mokka<\/p>\n<p>Pistachio green <span class=\"ILfuVd\" lang=\"pl\"><span class=\"hgKElc\"> &#8211; mi\u0119kka, pastelowana ziele\u0144 z kremowym odcieniem i nut\u0105 \u017c\u00f3\u0142tego, przypominaj\u0105ca delikatny odcie\u0144 orzecha pistacjowego. Ten wyj\u0105tkowy kolor cz\u0119sto mo\u017cna zobaczy\u0107 w naturze, w subtelnych odcieniach wiosennego ulistnienia. \u015awietnie komponuje si\u0119 z pastelami, biel\u0105, be\u017cami, a tak\u017ce odcieniami szaro\u015bci. Nic dziwnego, i\u017c projektanci ch\u0119tnie si\u0119gn\u0119li po ten kolor, uznaj\u0105c go za najmodniejszy odcie\u0144 zieleni w nadchodz\u0105cym sezonie.<\/span><\/span><\/p>\n<p><span lang=\"DE\">The colours are presented in our <a href=\"https:\/\/talia-fashion.pl\/en\/paleta-kolorow\/\">Colour palette<\/a>. If in doubt, please contact us.<\/span><\/p>\n<p><span lang=\"DE\">Available sizes: XS, S, M, L<br \/>\n<\/span><\/p>\n<p><span lang=\"DE\">Indicative dimensions:<\/span><\/p>\n<p>XS &#8211; biust: 86-88 \/ biodra: 94-96 \/ d\u0142ugo\u015b\u0107: 98 \/ r\u0119kaw: 62<br \/>\nS - bust: 90-92 \/ hips: 98-100 \/ length: 98 \/ sleeve: 62<br \/>\nM - bust: 94-96 \/ hips: 102-104 \/ length: 98 \/ sleeve: 62<br \/>\nL &#8211; biust: 98-100 \/ biodra: 106-108 \/ d\u0142ugo\u015b\u0107: 99\/ r\u0119kaw: 63<br \/>\nXL &#8211; biust: 104-106 \/ biodra: 112-114 \/ d\u0142ugo\u015b\u0107: 99 \/ r\u0119kaw: 64<\/p>\n<p><span lang=\"DE\">What size to choose and how to measure yourself are suggested in our short guide: <a href=\"https:\/\/talia-fashion.pl\/en\/jak-dobrac-rozmiar\/\">How to choose a size?<\/a><\/span><br \/>\n<span lang=\"DE\">If you are unsure of your size selection, please contact us.<\/span><\/p>\n<p>The model is 172cm and a size S.<\/p>\n<p><span lang=\"DE\">Jesienny p\u0142aszczyk z we\u0142n\u0105 dziewicz\u0105 pistacjowa ziele\u0144 Amalfi uszyli\u015bmy z przepi\u0119knego materia\u0142u, z mieszanki z przewag\u0105 we\u0142ny dziewiczej. Od wielu lat d\u0105\u017cymy do ograniczenia nadprodukcji, w tym celu wyszukujemy ciekawe materia\u0142y, ju\u017c wyprodukowane, cz\u0119sto dla znanych marek i przekszta\u0142camy je w p\u0142aszcze w limitowanej ilo\u015bci. Dzi\u0119ki temu jeste\u015bmy w stanie zaproponowa\u0107 wysokiej jako\u015bci produkt w przyst\u0119pnej cenie.<br \/>\n<\/span><\/p>\n<p><span lang=\"DE\">Materia\u0142 pistacjowa ziele\u0144, pastelowy r\u00f3\u017c: 80% we\u0142na dziewicza, 20% poliamid<br \/>\n<\/span><\/p>\n<p>Mataria\u0142 szary: 80% we\u0142na, 20% poliamid<\/p>\n<p>Lining: 100% acetate<\/p>\n<p>Like viscose, acetate is produced from cellulose. Acetate yarn can also be made from recycled cellulose such as paper. The acetate lining is excellent at absorbing moisture and permeable to air. It is coated with an antistatic apprettee and is OEKOtex\u00ae Standard 100 certified.<\/p>\n<p><span lang=\"DE\">The coat should be dry-cleaned. Proper care, hanging and avoiding snags will ensure that your coat remains beautiful for a long time. Take a look at our tab: <a href=\"https:\/\/talia-fashion.pl\/en\/jak-pielegnowac-i-dbac-o-plaszcz\/\">How to nurture and care for the coat?<\/a>, where we have included simple methods for enjoying your coat for a long time. And to refresh your wool frequently, we recommend the following\u00a0<a href=\"https:\/\/talia-fashion.pl\/en\/product\/szczotka-do-czyszczenia-i-pielegnacji-plaszcza\/\">Brush for cleaning and care of the coat<\/a>which can be purchased in our shop.<\/span><\/p>\n<p><span lang=\"DE\">There is also the possibility of <strong>Individual orders<\/strong>, i.e. with minor modifications at the client's request. We can shorten or lengthen the sleeves, shorten or lengthen the length of the coat. The cost of such a service is determined individually after prior contact and determination of possible options.<\/span><\/p>\n<p><strong>An individual order is not subject to exchange or refund.<\/strong><\/p>\n<p>Uprawiamy tradycyjne krawiectwo od ponad 37 lat i ka\u017cdy nasz p\u0142aszcz jest szyty r\u0119cznie. Z tego powodu nie szyjemy p\u0142aszczy na magazyn, dlatego prosimy o cierpliwo\u015b\u0107 &#8211; musimy uszy\u0107 ten p\u0142aszcz dla Ciebie. Dzi\u0119kujemy, \u017ce wspierasz lokaln\u0105 firm\u0119.<\/p>\n<p><span lang=\"DE\">Czas realizacji zam\u00f3wienia zale\u017cy od aktualnego stanu magazynowego w pracowni oraz dost\u0119pno\u015bci danego koloru materia\u0142u. Je\u015bli dany p\u0142aszcz jest dost\u0119pny w pracowni realizacja zam\u00f3wienia nast\u0105pi bardzo szybko w ci\u0105gu 2-5 dni roboczych. Je\u015bli konieczne jest uszycie p\u0142aszcza lub indywidualizacja zam\u00f3wienia \u2013 wykonanie przer\u00f3bki lub uszycie spersonalizowanego p\u0142aszcza \u2013 czas realizacji zam\u00f3wienia mo\u017ce ulec wyd\u0142u\u017ceniu, maksymalnie do 2 tygodni.<\/span><\/p>\n<p>We invite you to stay with us for longer and to follow our profiles on <a href=\"https:\/\/www.facebook.com\/talia.plaszcze\">Facebook<\/a>\u00a0and\u00a0<a href=\"https:\/\/www.instagram.com\/talia_plaszcze\/\">Instagram<\/a>.<\/p>","protected":false},"excerpt":{"rendered":"<p>Wiosenny p\u0142aszczyk z we\u0142ny dziewiczej pistacjowa ziele\u0144 Amalfi to przej\u015bciowy p\u0142aszcz o d\u0142ugo\u015bci przed kolano. Chroni przed ch\u0142odem, ale nie jest\u00a0 tak ci\u0119\u017cki jak p\u0142aszcze zimowe. Jednocze\u015bnie \u0142\u0105czy elegancj\u0119 d\u0142ugiego p\u0142aszcza z praktyczno\u015bci\u0105 kr\u00f3tszych modeli.<\/p>","protected":false},"featured_media":5916,"template":"","meta":{"_acf_changed":false},"product_cat":[36],"product_tag":[78,119,284,34,39,40,80,41,42,43,46,83,47,291,84,59,49,50,173,125,69,156,207,220,52,97,53,139,88,217,147],"class_list":{"0":"post-5915","1":"product","2":"type-product","3":"status-publish","4":"has-post-thumbnail","6":"product_cat-plaszcze-dluzsze","7":"product_tag-dla-roznych-sylwetek","8":"product_tag-dlugi-plaszcz-zimowy","9":"product_tag-dlugosc-przed-kolano","10":"product_tag-handmade","11":"product_tag-klasyczny","12":"product_tag-kolnierz","13":"product_tag-luzny-kroj","14":"product_tag-na-podszewce","15":"product_tag-nowosc","16":"product_tag-plaszcz-damski","17":"product_tag-plaszcz-dwurzedowy","18":"product_tag-plaszcz-luzny","19":"product_tag-plaszcz-na-guziki","20":"product_tag-plaszcz-na-jesien","21":"product_tag-plaszcz-oversizowy","22":"product_tag-plaszcz-przejsciowy","23":"product_tag-plaszcz-wiosenny","24":"product_tag-plaszcz-z-rewersem","25":"product_tag-polski-producent-plaszczy","26":"product_tag-polskie-rzemioslo","27":"product_tag-prochowiec","28":"product_tag-raglan","29":"product_tag-rodzinna-firma","30":"product_tag-styl-retro","31":"product_tag-szylkretowe-guziki","32":"product_tag-trencz","33":"product_tag-welna","34":"product_tag-welna-dziewicza","35":"product_tag-wiazany","36":"product_tag-zielony-plaszcz","37":"product_tag-zrownowazona-produkcja","39":"first","40":"instock","41":"shipping-taxable","42":"purchasable","43":"product-type-variable","44":"has-default-attributes"},"acf":[],"yoast_head":"<!-- This site is optimized with the Yoast SEO plugin v25.7 - https:\/\/yoast.com\/wordpress\/plugins\/seo\/ -->\n<title>Jesienny p\u0142aszczyk z we\u0142n\u0105 dziewicz\u0105 pistacjowa ziele\u0144 Amalfi - Talia Fashion<\/title>\n<meta name=\"description\" content=\"Jesienny p\u0142aszczyk z we\u0142n\u0105 dziewicz\u0105 pistacjowa ziele\u0144 - ponadczasowy, swobodny kr\u00f3j, od\u015bwie\u017caj\u0105cy kolor, \u015bwietny materia\u0142. Alternatywa dla trencza.\" \/>\n<meta name=\"robots\" content=\"index, follow, max-snippet:-1, max-image-preview:large, max-video-preview:-1\" \/>\n<link rel=\"canonical\" href=\"https:\/\/talia-fashion.pl\/en\/product\/jesienny-plaszczyk-z-welna-dziewicza-pistacjowa-zielen-amalfi\/\" \/>\n<meta property=\"og:locale\" content=\"en_GB\" \/>\n<meta property=\"og:type\" content=\"article\" \/>\n<meta property=\"og:title\" content=\"Jesienny p\u0142aszczyk z we\u0142n\u0105 dziewicz\u0105 pistacjowa ziele\u0144 Amalfi - Talia Fashion\" \/>\n<meta property=\"og:description\" content=\"Jesienny p\u0142aszczyk z we\u0142n\u0105 dziewicz\u0105 pistacjowa ziele\u0144 - ponadczasowy, swobodny kr\u00f3j, od\u015bwie\u017caj\u0105cy kolor, \u015bwietny materia\u0142. Alternatywa dla trencza.\" \/>\n<meta property=\"og:url\" content=\"https:\/\/talia-fashion.pl\/en\/product\/jesienny-plaszczyk-z-welna-dziewicza-pistacjowa-zielen-amalfi\/\" \/>\n<meta property=\"og:site_name\" content=\"Talia Fashion\" \/>\n<meta property=\"article:modified_time\" content=\"2026-02-12T17:30:29+00:00\" \/>\n<meta property=\"og:image\" content=\"https:\/\/talia-fashion.pl\/wp-content\/uploads\/2025\/07\/wiosenny-plaszczyk-welna-dziewicza-pistacjowa-zielen.jpg\" \/>\n\t<meta property=\"og:image:width\" content=\"1500\" \/>\n\t<meta property=\"og:image:height\" content=\"2000\" \/>\n\t<meta property=\"og:image:type\" content=\"image\/jpeg\" \/>\n<meta name=\"twitter:card\" content=\"summary_large_image\" \/>\n<meta name=\"twitter:label1\" content=\"Estimated reading time\" \/>\n\t<meta name=\"twitter:data1\" content=\"4 minutes\" \/>\n<script type=\"application\/ld+json\" class=\"yoast-schema-graph\">{\"@context\":\"https:\/\/schema.org\",\"@graph\":[{\"@type\":\"WebPage\",\"@id\":\"https:\/\/talia-fashion.pl\/produkt\/jesienny-plaszczyk-z-welna-dziewicza-pistacjowa-zielen-amalfi\/\",\"url\":\"https:\/\/talia-fashion.pl\/produkt\/jesienny-plaszczyk-z-welna-dziewicza-pistacjowa-zielen-amalfi\/\",\"name\":\"Jesienny p\u0142aszczyk z we\u0142n\u0105 dziewicz\u0105 pistacjowa ziele\u0144 Amalfi - Talia Fashion\",\"isPartOf\":{\"@id\":\"https:\/\/talia-fashion.pl\/#website\"},\"primaryImageOfPage\":{\"@id\":\"https:\/\/talia-fashion.pl\/produkt\/jesienny-plaszczyk-z-welna-dziewicza-pistacjowa-zielen-amalfi\/#primaryimage\"},\"image\":{\"@id\":\"https:\/\/talia-fashion.pl\/produkt\/jesienny-plaszczyk-z-welna-dziewicza-pistacjowa-zielen-amalfi\/#primaryimage\"},\"thumbnailUrl\":\"https:\/\/talia-fashion.pl\/wp-content\/uploads\/2025\/07\/wiosenny-plaszczyk-welna-dziewicza-pistacjowa-zielen.jpg\",\"datePublished\":\"2025-02-20T13:17:48+00:00\",\"dateModified\":\"2026-02-12T17:30:29+00:00\",\"description\":\"Jesienny p\u0142aszczyk z we\u0142n\u0105 dziewicz\u0105 pistacjowa ziele\u0144 - ponadczasowy, swobodny kr\u00f3j, od\u015bwie\u017caj\u0105cy kolor, \u015bwietny materia\u0142. Alternatywa dla trencza.\",\"breadcrumb\":{\"@id\":\"https:\/\/talia-fashion.pl\/produkt\/jesienny-plaszczyk-z-welna-dziewicza-pistacjowa-zielen-amalfi\/#breadcrumb\"},\"inLanguage\":\"en-GB\",\"potentialAction\":[{\"@type\":\"ReadAction\",\"target\":[\"https:\/\/talia-fashion.pl\/produkt\/jesienny-plaszczyk-z-welna-dziewicza-pistacjowa-zielen-amalfi\/\"]}]},{\"@type\":\"ImageObject\",\"inLanguage\":\"en-GB\",\"@id\":\"https:\/\/talia-fashion.pl\/produkt\/jesienny-plaszczyk-z-welna-dziewicza-pistacjowa-zielen-amalfi\/#primaryimage\",\"url\":\"https:\/\/talia-fashion.pl\/wp-content\/uploads\/2025\/07\/wiosenny-plaszczyk-welna-dziewicza-pistacjowa-zielen.jpg\",\"contentUrl\":\"https:\/\/talia-fashion.pl\/wp-content\/uploads\/2025\/07\/wiosenny-plaszczyk-welna-dziewicza-pistacjowa-zielen.jpg\",\"width\":1500,\"height\":2000,\"caption\":\"Wiosenny p\u0142aszczyk z we\u0142ny dziewiczej w pi\u0119knym kolorze pistacjowa ziele\u0144. Wi\u0105zany i zapinany na guziki.\"},{\"@type\":\"BreadcrumbList\",\"@id\":\"https:\/\/talia-fashion.pl\/produkt\/jesienny-plaszczyk-z-welna-dziewicza-pistacjowa-zielen-amalfi\/#breadcrumb\",\"itemListElement\":[{\"@type\":\"ListItem\",\"position\":1,\"name\":\"Strona g\u0142\u00f3wna\",\"item\":\"https:\/\/talia-fashion.pl\/\"},{\"@type\":\"ListItem\",\"position\":2,\"name\":\"Sklep\",\"item\":\"https:\/\/talia-fashion.pl\/sklep\/\"},{\"@type\":\"ListItem\",\"position\":3,\"name\":\"Jesienny p\u0142aszczyk z we\u0142n\u0105 dziewicz\u0105 pistacjowa ziele\u0144 Amalfi\"}]},{\"@type\":\"WebSite\",\"@id\":\"https:\/\/talia-fashion.pl\/#website\",\"url\":\"https:\/\/talia-fashion.pl\/\",\"name\":\"Talia Fashion\",\"description\":\"\",\"potentialAction\":[{\"@type\":\"SearchAction\",\"target\":{\"@type\":\"EntryPoint\",\"urlTemplate\":\"https:\/\/talia-fashion.pl\/?s={search_term_string}\"},\"query-input\":{\"@type\":\"PropertyValueSpecification\",\"valueRequired\":true,\"valueName\":\"search_term_string\"}}],\"inLanguage\":\"en-GB\"}]}<\/script>\n<!-- \/ Yoast SEO plugin. -->","yoast_head_json":{"title":"Jesienny p\u0142aszczyk z we\u0142n\u0105 dziewicz\u0105 pistacjowa ziele\u0144 Amalfi - Talia Fashion","description":"Jesienny p\u0142aszczyk z we\u0142n\u0105 dziewicz\u0105 pistacjowa ziele\u0144 - ponadczasowy, swobodny kr\u00f3j, od\u015bwie\u017caj\u0105cy kolor, \u015bwietny materia\u0142. Alternatywa dla trencza.","robots":{"index":"index","follow":"follow","max-snippet":"max-snippet:-1","max-image-preview":"max-image-preview:large","max-video-preview":"max-video-preview:-1"},"canonical":"https:\/\/talia-fashion.pl\/en\/product\/jesienny-plaszczyk-z-welna-dziewicza-pistacjowa-zielen-amalfi\/","og_locale":"en_GB","og_type":"article","og_title":"Jesienny p\u0142aszczyk z we\u0142n\u0105 dziewicz\u0105 pistacjowa ziele\u0144 Amalfi - Talia Fashion","og_description":"Jesienny p\u0142aszczyk z we\u0142n\u0105 dziewicz\u0105 pistacjowa ziele\u0144 - ponadczasowy, swobodny kr\u00f3j, od\u015bwie\u017caj\u0105cy kolor, \u015bwietny materia\u0142. Alternatywa dla trencza.","og_url":"https:\/\/talia-fashion.pl\/en\/product\/jesienny-plaszczyk-z-welna-dziewicza-pistacjowa-zielen-amalfi\/","og_site_name":"Talia Fashion","article_modified_time":"2026-02-12T17:30:29+00:00","og_image":[{"width":1500,"height":2000,"url":"https:\/\/talia-fashion.pl\/wp-content\/uploads\/2025\/07\/wiosenny-plaszczyk-welna-dziewicza-pistacjowa-zielen.jpg","type":"image\/jpeg"}],"twitter_card":"summary_large_image","twitter_misc":{"Estimated reading time":"4 minutes"},"schema":{"@context":"https:\/\/schema.org","@graph":[{"@type":"WebPage","@id":"https:\/\/talia-fashion.pl\/produkt\/jesienny-plaszczyk-z-welna-dziewicza-pistacjowa-zielen-amalfi\/","url":"https:\/\/talia-fashion.pl\/produkt\/jesienny-plaszczyk-z-welna-dziewicza-pistacjowa-zielen-amalfi\/","name":"Jesienny p\u0142aszczyk z we\u0142n\u0105 dziewicz\u0105 pistacjowa ziele\u0144 Amalfi - Talia Fashion","isPartOf":{"@id":"https:\/\/talia-fashion.pl\/#website"},"primaryImageOfPage":{"@id":"https:\/\/talia-fashion.pl\/produkt\/jesienny-plaszczyk-z-welna-dziewicza-pistacjowa-zielen-amalfi\/#primaryimage"},"image":{"@id":"https:\/\/talia-fashion.pl\/produkt\/jesienny-plaszczyk-z-welna-dziewicza-pistacjowa-zielen-amalfi\/#primaryimage"},"thumbnailUrl":"https:\/\/talia-fashion.pl\/wp-content\/uploads\/2025\/07\/wiosenny-plaszczyk-welna-dziewicza-pistacjowa-zielen.jpg","datePublished":"2025-02-20T13:17:48+00:00","dateModified":"2026-02-12T17:30:29+00:00","description":"Jesienny p\u0142aszczyk z we\u0142n\u0105 dziewicz\u0105 pistacjowa ziele\u0144 - ponadczasowy, swobodny kr\u00f3j, od\u015bwie\u017caj\u0105cy kolor, \u015bwietny materia\u0142. Alternatywa dla trencza.","breadcrumb":{"@id":"https:\/\/talia-fashion.pl\/produkt\/jesienny-plaszczyk-z-welna-dziewicza-pistacjowa-zielen-amalfi\/#breadcrumb"},"inLanguage":"en-GB","potentialAction":[{"@type":"ReadAction","target":["https:\/\/talia-fashion.pl\/produkt\/jesienny-plaszczyk-z-welna-dziewicza-pistacjowa-zielen-amalfi\/"]}]},{"@type":"ImageObject","inLanguage":"en-GB","@id":"https:\/\/talia-fashion.pl\/produkt\/jesienny-plaszczyk-z-welna-dziewicza-pistacjowa-zielen-amalfi\/#primaryimage","url":"https:\/\/talia-fashion.pl\/wp-content\/uploads\/2025\/07\/wiosenny-plaszczyk-welna-dziewicza-pistacjowa-zielen.jpg","contentUrl":"https:\/\/talia-fashion.pl\/wp-content\/uploads\/2025\/07\/wiosenny-plaszczyk-welna-dziewicza-pistacjowa-zielen.jpg","width":1500,"height":2000,"caption":"Wiosenny p\u0142aszczyk z we\u0142ny dziewiczej w pi\u0119knym kolorze pistacjowa ziele\u0144. Wi\u0105zany i zapinany na guziki."},{"@type":"BreadcrumbList","@id":"https:\/\/talia-fashion.pl\/produkt\/jesienny-plaszczyk-z-welna-dziewicza-pistacjowa-zielen-amalfi\/#breadcrumb","itemListElement":[{"@type":"ListItem","position":1,"name":"Strona g\u0142\u00f3wna","item":"https:\/\/talia-fashion.pl\/"},{"@type":"ListItem","position":2,"name":"Sklep","item":"https:\/\/talia-fashion.pl\/sklep\/"},{"@type":"ListItem","position":3,"name":"Jesienny p\u0142aszczyk z we\u0142n\u0105 dziewicz\u0105 pistacjowa ziele\u0144 Amalfi"}]},{"@type":"WebSite","@id":"https:\/\/talia-fashion.pl\/#website","url":"https:\/\/talia-fashion.pl\/","name":"Talia Fashion","description":"","potentialAction":[{"@type":"SearchAction","target":{"@type":"EntryPoint","urlTemplate":"https:\/\/talia-fashion.pl\/?s={search_term_string}"},"query-input":{"@type":"PropertyValueSpecification","valueRequired":true,"valueName":"search_term_string"}}],"inLanguage":"en-GB"}]}},"_links":{"self":[{"href":"https:\/\/talia-fashion.pl\/en\/wp-json\/wp\/v2\/product\/5915","targetHints":{"allow":["GET"]}}],"collection":[{"href":"https:\/\/talia-fashion.pl\/en\/wp-json\/wp\/v2\/product"}],"about":[{"href":"https:\/\/talia-fashion.pl\/en\/wp-json\/wp\/v2\/types\/product"}],"wp:featuredmedia":[{"embeddable":true,"href":"https:\/\/talia-fashion.pl\/en\/wp-json\/wp\/v2\/media\/5916"}],"wp:attachment":[{"href":"https:\/\/talia-fashion.pl\/en\/wp-json\/wp\/v2\/media?parent=5915"}],"wp:term":[{"taxonomy":"product_cat","embeddable":true,"href":"https:\/\/talia-fashion.pl\/en\/wp-json\/wp\/v2\/product_cat?post=5915"},{"taxonomy":"product_tag","embeddable":true,"href":"https:\/\/talia-fashion.pl\/en\/wp-json\/wp\/v2\/product_tag?post=5915"}],"curies":[{"name":"wp","href":"https:\/\/api.w.org\/{rel}","templated":true}]}}