{"id":5894,"date":"2025-02-19T14:48:25","date_gmt":"2025-02-19T13:48:25","guid":{"rendered":"http:\/\/talia-fashion.pl\/produkt\/niebieski-pudelkowy-plaszcz-z-kieszeniami-ivi\/"},"modified":"2026-03-31T12:16:22","modified_gmt":"2026-03-31T10:16:22","slug":"niebieski-pudelkowy-plaszcz-z-kieszeniami-ivi","status":"publish","type":"product","link":"https:\/\/talia-fashion.pl\/en\/product\/niebieski-pudelkowy-plaszcz-z-kieszeniami-ivi\/","title":{"rendered":"Blue boxy coat with pockets Ivi"},"content":{"rendered":"<p>The blue boxy coat with pockets Ivi is a loose, transitional coat with a slightly exaggerated, oversized form. We achieved the overscaled effect by slightly lowering the shoulder line. This makes the coat more comfortable and modern. We also deliberately did not sew in any cushions so that it softly wraps around the shoulders. Coats with a lowered shoulder line are suitable for a \"masculine\" style effect or a nonchalant, relaxed look. They suit different body types and are ideal for creating casual and multi-layered looks. Paired with classic clothes, they will also work well with more elegant looks, while providing a comfortable and casual feel.<\/p>\n<p>Ivi's blue boxy coat with pockets has a straight cut with small shaping darts on the front. Classic details, such as a large, padded collar finished with a pointed point, a double-breasted button closure and two pockets finished with decorative patches on the front. All this adds character to the boxy cut of the coat. Model without belt, long, below-the-knee length. The back of the coat is finished with an opening, optically slimming the silhouette and facilitating movement. The coat is fully lined with acetate, ideal for spring and autumn. Made from a soft wool blend with a lighter weight that will provide optimum thermal comfort whatever the changing weather.<\/p>\n<p>Ivi's gorgeous blue transitional coat will make you feel special every time you put it on. Chic stilettos or crazy trainers? A mini skirt, an airy dress or simple trousers. The Ivi coat will look great in any scenario. Whether you're heading to a formal meeting or a stroll in the park, the oversized coat is perfect for a blazer or a chunky jumper. Your \"must have\" if you are a fan of minimalism and a simple, slightly masculine form.<\/p>\n<p><span lang=\"DE\">Actual photo - pastel blue<\/span><br \/>\nAvailable colours<span lang=\"DE\">: pastel blue, black, light beige, pastel pink<\/span><br \/>\nThe colours of the fabric can be seen in<a href=\"https:\/\/talia-fashion.pl\/en\/paleta-kolorow\/\"> Colour palette<\/a> as well as in the pictures of coats in various models. If in doubt, please do not hesitate to contact us.<\/p>\n<p>Available sizes: XS, S, M, L<\/p>\n<p>Indicative dimensions:<\/p>\n<p>XS - bust: 86-88 \/ hips: 94-96 \/ length: 106 \/ sleeve 61<br \/>\nS - bust: 90-92 \/ hips: 98-100 \/ length: 106 \/ sleeve: 61<br \/>\nM - bust: 94-96 \/ hips: 102-104 \/ length: 106 \/ sleeve: 62<br \/>\nL - bust: 98-100 \/ hips: 106-108 \/ length: 107 \/ sleeve: 63<\/p>\n<p>We have included explanations on how to measure yourself and which size to choose on our website: <a href=\"https:\/\/talia-fashion.pl\/en\/jak-dobrac-rozmiar\/\">How to choose a size?<\/a><br \/>\nThe loose cut of the coat makes it suitable for a variety of silhouettes, you just need to like it casual. We especially recommend it for ladies with an apple and rectangular figure. If a more fitted coat is preferred, we suggest choosing a smaller size. The most important thing, in this cut, is that it does not sag on the hips. If in doubt, please contact us. \u00a0<a href=\"https:\/\/talia-fashion.pl\/en\/jak-dobrac-plaszcz-do-sylwetki\/\">How do you choose a coat to suit your figure?<\/a> - Take a look at our short guide.<\/p>\n<p><span lang=\"DE\">Material pastel blue, black: 80% wool, 20% polyamide<\/span><\/p>\n<p>Material pastel pink: 80% virgin wool, 20% polyamide<\/p>\n<p>Material light beige (coffee with milk): 97% virgin wool, 3% cashmere<br \/>\nLining: 100% acetate<\/p>\n<p>Like viscose, acetate is produced from cellulose. Acetate yarn can also be made from recycled cellulose such as paper. The acetate lining is excellent at absorbing moisture and permeable to air. It is coated with an antistatic apprettee and is OEKOtex\u00ae Standard 100 certified.<\/p>\n<p>The coat should be dry-cleaned. For simple, homemade methods on how to treat your coat, see our tab <span style=\"font-family: 'Helvetica','sans-serif'; color: #858585; background: white;\"> <a href=\"https:\/\/talia-fashion.pl\/en\/jak-pielegnowac-i-dbac-o-plaszcz\/\">How to nurture and care for the coat?<\/a> By taking care of your coat, you protect the environment. For frequent maintenance, we recommend the brush you will find in our shop: <a href=\"https:\/\/talia-fashion.pl\/en\/product\/szczotka-do-czyszczenia-i-pielegnacji-plaszcza\/\">Brush for cleaning and care of the coat.<\/a><\/span><\/p>\n<p>The blue boxy coat with Ivi pockets was designed and sewn in our family workshop. We have been practising traditional tailoring for many years and follow the #lesswaste principle. With our hand-cutting, we minimise waste and make every effort to ensure that nothing goes to waste. We put all our heart into our work so that the product you receive from us is of the highest quality and will serve you for years.<\/p>\n<p>Some modifications can be made, such as shortening, lengthening of the sleeve, shortening and lengthening of the coat - on <strong>Individual Order<\/strong>. We set the cost of the service on an individual basis, once we have established the capacity and scope of the work.<\/p>\n<p>The lead time depends on the company's current stock and the availability of the fabric colour in question. If the coat is sewn, the order will be processed quickly, within 2-5 working days. If the coat needs to be sewn or the order needs to be individualised - making alterations or sewing a personalised coat - the lead time may be extended, up to a maximum of 2 weeks.<\/p>\n<p>You won't find 'tape production' with us, as we are a small, family-run workshop. Each of our coats is sewn using a traditional method. We don't sew \"for stock\", so we ask you to be patient. We need to sew this coat for you.<\/p>\n<p>Stay with us longer and watch us on <a href=\"https:\/\/www.facebook.com\/talia.plaszcze\">Facebook<\/a> i <a href=\"https:\/\/www.instagram.com\/talia_plaszcze\/\">Instagram.<\/a><\/p>","protected":false},"excerpt":{"rendered":"<p>Niebieski pude\u0142kowy p\u0142aszcz z kieszeniami Ivi to lu\u017any, przej\u015bciowy p\u0142aszcz o delikatnie przerysowanej, oversizowej formie. Efekt przeskalowania uzyskali\u015bmy poprzez nieznaczne obni\u017cenie linii&hellip;<\/p>","protected":false},"featured_media":5895,"template":"","meta":{"_acf_changed":false},"product_cat":[36],"product_tag":[57,235,78,58,34,40,80,41,297,42,43,44,45,68,83,47,84,59,49,50,173,51,316,61,53,63,88,236,147],"class_list":{"0":"post-5894","1":"product","2":"type-product","3":"status-publish","4":"has-post-thumbnail","6":"product_cat-plaszcze-dluzsze","7":"product_tag-bez-paska","8":"product_tag-brustasza","9":"product_tag-dla-roznych-sylwetek","10":"product_tag-dyplomatka-dwurzedowa","11":"product_tag-handmade","12":"product_tag-kolnierz","13":"product_tag-luzny-kroj","14":"product_tag-na-podszewce","15":"product_tag-niebieski-plaszcz","16":"product_tag-nowosc","17":"product_tag-plaszcz-damski","18":"product_tag-plaszcz-damski-dlugi","19":"product_tag-plaszcz-dlugi","20":"product_tag-plaszcz-jesienny","21":"product_tag-plaszcz-luzny","22":"product_tag-plaszcz-na-guziki","23":"product_tag-plaszcz-oversizowy","24":"product_tag-plaszcz-przejsciowy","25":"product_tag-plaszcz-wiosenny","26":"product_tag-plaszcz-z-rewersem","27":"product_tag-polski-producent-plaszczy","28":"product_tag-prosty","29":"product_tag-pudelkowy-fason","30":"product_tag-recznie-szyty","31":"product_tag-welna","32":"product_tag-welniany","33":"product_tag-wiazany","34":"product_tag-z-rozporkiem","35":"product_tag-zrownowazona-produkcja","37":"first","38":"instock","39":"shipping-taxable","40":"purchasable","41":"product-type-variable","42":"has-default-attributes"},"acf":[],"yoast_head":"<!-- This site is optimized with the Yoast SEO plugin v25.7 - https:\/\/yoast.com\/wordpress\/plugins\/seo\/ -->\n<title>Niebieski pude\u0142kowy p\u0142aszcz z kieszeniami Ivi - Talia Fashion - producent p\u0142aszczy<\/title>\n<meta name=\"description\" content=\"Niebieski pude\u0142kowy p\u0142aszcz z kieszeniami to niezwyk\u0142a propozycja dla niezwyk\u0142ych kobiet. Minimalistyczny styl, m\u0119ska forma i nonszalancki wygl\u0105d.\" \/>\n<meta name=\"robots\" content=\"index, follow, max-snippet:-1, max-image-preview:large, max-video-preview:-1\" \/>\n<link rel=\"canonical\" href=\"https:\/\/talia-fashion.pl\/en\/product\/niebieski-pudelkowy-plaszcz-z-kieszeniami-ivi\/\" \/>\n<meta property=\"og:locale\" content=\"en_GB\" \/>\n<meta property=\"og:type\" content=\"article\" \/>\n<meta property=\"og:title\" content=\"Niebieski pude\u0142kowy p\u0142aszcz z kieszeniami Ivi - Talia Fashion - producent p\u0142aszczy\" \/>\n<meta property=\"og:description\" content=\"Niebieski pude\u0142kowy p\u0142aszcz z kieszeniami to niezwyk\u0142a propozycja dla niezwyk\u0142ych kobiet. Minimalistyczny styl, m\u0119ska forma i nonszalancki wygl\u0105d.\" \/>\n<meta property=\"og:url\" content=\"https:\/\/talia-fashion.pl\/en\/product\/niebieski-pudelkowy-plaszcz-z-kieszeniami-ivi\/\" \/>\n<meta property=\"og:site_name\" content=\"Talia Fashion\" \/>\n<meta property=\"article:modified_time\" content=\"2026-03-31T10:16:22+00:00\" \/>\n<meta property=\"og:image\" content=\"https:\/\/talia-fashion.pl\/wp-content\/uploads\/2025\/07\/niebieski-pudelkowy-plaszcz-z-kieszeniami-welniany.jpg\" \/>\n\t<meta property=\"og:image:width\" content=\"1500\" \/>\n\t<meta property=\"og:image:height\" content=\"2000\" \/>\n\t<meta property=\"og:image:type\" content=\"image\/jpeg\" \/>\n<meta name=\"twitter:card\" content=\"summary_large_image\" \/>\n<meta name=\"twitter:label1\" content=\"Estimated reading time\" \/>\n\t<meta name=\"twitter:data1\" content=\"4 minutes\" \/>\n<script type=\"application\/ld+json\" class=\"yoast-schema-graph\">{\"@context\":\"https:\/\/schema.org\",\"@graph\":[{\"@type\":\"WebPage\",\"@id\":\"https:\/\/talia-fashion.pl\/produkt\/niebieski-pudelkowy-plaszcz-z-kieszeniami-ivi\/\",\"url\":\"https:\/\/talia-fashion.pl\/produkt\/niebieski-pudelkowy-plaszcz-z-kieszeniami-ivi\/\",\"name\":\"Niebieski pude\u0142kowy p\u0142aszcz z kieszeniami Ivi - Talia Fashion - producent p\u0142aszczy\",\"isPartOf\":{\"@id\":\"https:\/\/talia-fashion.pl\/#website\"},\"primaryImageOfPage\":{\"@id\":\"https:\/\/talia-fashion.pl\/produkt\/niebieski-pudelkowy-plaszcz-z-kieszeniami-ivi\/#primaryimage\"},\"image\":{\"@id\":\"https:\/\/talia-fashion.pl\/produkt\/niebieski-pudelkowy-plaszcz-z-kieszeniami-ivi\/#primaryimage\"},\"thumbnailUrl\":\"https:\/\/talia-fashion.pl\/wp-content\/uploads\/2025\/07\/niebieski-pudelkowy-plaszcz-z-kieszeniami-welniany.jpg\",\"datePublished\":\"2025-02-19T13:48:25+00:00\",\"dateModified\":\"2026-03-31T10:16:22+00:00\",\"description\":\"Niebieski pude\u0142kowy p\u0142aszcz z kieszeniami to niezwyk\u0142a propozycja dla niezwyk\u0142ych kobiet. Minimalistyczny styl, m\u0119ska forma i nonszalancki wygl\u0105d.\",\"breadcrumb\":{\"@id\":\"https:\/\/talia-fashion.pl\/produkt\/niebieski-pudelkowy-plaszcz-z-kieszeniami-ivi\/#breadcrumb\"},\"inLanguage\":\"en-GB\",\"potentialAction\":[{\"@type\":\"ReadAction\",\"target\":[\"https:\/\/talia-fashion.pl\/produkt\/niebieski-pudelkowy-plaszcz-z-kieszeniami-ivi\/\"]}]},{\"@type\":\"ImageObject\",\"inLanguage\":\"en-GB\",\"@id\":\"https:\/\/talia-fashion.pl\/produkt\/niebieski-pudelkowy-plaszcz-z-kieszeniami-ivi\/#primaryimage\",\"url\":\"https:\/\/talia-fashion.pl\/wp-content\/uploads\/2025\/07\/niebieski-pudelkowy-plaszcz-z-kieszeniami-welniany.jpg\",\"contentUrl\":\"https:\/\/talia-fashion.pl\/wp-content\/uploads\/2025\/07\/niebieski-pudelkowy-plaszcz-z-kieszeniami-welniany.jpg\",\"width\":1500,\"height\":2000,\"caption\":\"Niebieski pude\u0142kowy p\u0142aszcz z kieszeniami. Dwurz\u0119dowy. We\u0142niany. W stylu oversize.\"},{\"@type\":\"BreadcrumbList\",\"@id\":\"https:\/\/talia-fashion.pl\/produkt\/niebieski-pudelkowy-plaszcz-z-kieszeniami-ivi\/#breadcrumb\",\"itemListElement\":[{\"@type\":\"ListItem\",\"position\":1,\"name\":\"Strona g\u0142\u00f3wna\",\"item\":\"https:\/\/talia-fashion.pl\/\"},{\"@type\":\"ListItem\",\"position\":2,\"name\":\"Sklep\",\"item\":\"https:\/\/talia-fashion.pl\/sklep\/\"},{\"@type\":\"ListItem\",\"position\":3,\"name\":\"Niebieski pude\u0142kowy p\u0142aszcz z kieszeniami Ivi\"}]},{\"@type\":\"WebSite\",\"@id\":\"https:\/\/talia-fashion.pl\/#website\",\"url\":\"https:\/\/talia-fashion.pl\/\",\"name\":\"Talia Fashion\",\"description\":\"\",\"potentialAction\":[{\"@type\":\"SearchAction\",\"target\":{\"@type\":\"EntryPoint\",\"urlTemplate\":\"https:\/\/talia-fashion.pl\/?s={search_term_string}\"},\"query-input\":{\"@type\":\"PropertyValueSpecification\",\"valueRequired\":true,\"valueName\":\"search_term_string\"}}],\"inLanguage\":\"en-GB\"}]}<\/script>\n<!-- \/ Yoast SEO plugin. -->","yoast_head_json":{"title":"Niebieski pude\u0142kowy p\u0142aszcz z kieszeniami Ivi - Talia Fashion - producent p\u0142aszczy","description":"Niebieski pude\u0142kowy p\u0142aszcz z kieszeniami to niezwyk\u0142a propozycja dla niezwyk\u0142ych kobiet. Minimalistyczny styl, m\u0119ska forma i nonszalancki wygl\u0105d.","robots":{"index":"index","follow":"follow","max-snippet":"max-snippet:-1","max-image-preview":"max-image-preview:large","max-video-preview":"max-video-preview:-1"},"canonical":"https:\/\/talia-fashion.pl\/en\/product\/niebieski-pudelkowy-plaszcz-z-kieszeniami-ivi\/","og_locale":"en_GB","og_type":"article","og_title":"Niebieski pude\u0142kowy p\u0142aszcz z kieszeniami Ivi - Talia Fashion - producent p\u0142aszczy","og_description":"Niebieski pude\u0142kowy p\u0142aszcz z kieszeniami to niezwyk\u0142a propozycja dla niezwyk\u0142ych kobiet. Minimalistyczny styl, m\u0119ska forma i nonszalancki wygl\u0105d.","og_url":"https:\/\/talia-fashion.pl\/en\/product\/niebieski-pudelkowy-plaszcz-z-kieszeniami-ivi\/","og_site_name":"Talia Fashion","article_modified_time":"2026-03-31T10:16:22+00:00","og_image":[{"width":1500,"height":2000,"url":"https:\/\/talia-fashion.pl\/wp-content\/uploads\/2025\/07\/niebieski-pudelkowy-plaszcz-z-kieszeniami-welniany.jpg","type":"image\/jpeg"}],"twitter_card":"summary_large_image","twitter_misc":{"Estimated reading time":"4 minutes"},"schema":{"@context":"https:\/\/schema.org","@graph":[{"@type":"WebPage","@id":"https:\/\/talia-fashion.pl\/produkt\/niebieski-pudelkowy-plaszcz-z-kieszeniami-ivi\/","url":"https:\/\/talia-fashion.pl\/produkt\/niebieski-pudelkowy-plaszcz-z-kieszeniami-ivi\/","name":"Niebieski pude\u0142kowy p\u0142aszcz z kieszeniami Ivi - Talia Fashion - producent p\u0142aszczy","isPartOf":{"@id":"https:\/\/talia-fashion.pl\/#website"},"primaryImageOfPage":{"@id":"https:\/\/talia-fashion.pl\/produkt\/niebieski-pudelkowy-plaszcz-z-kieszeniami-ivi\/#primaryimage"},"image":{"@id":"https:\/\/talia-fashion.pl\/produkt\/niebieski-pudelkowy-plaszcz-z-kieszeniami-ivi\/#primaryimage"},"thumbnailUrl":"https:\/\/talia-fashion.pl\/wp-content\/uploads\/2025\/07\/niebieski-pudelkowy-plaszcz-z-kieszeniami-welniany.jpg","datePublished":"2025-02-19T13:48:25+00:00","dateModified":"2026-03-31T10:16:22+00:00","description":"Niebieski pude\u0142kowy p\u0142aszcz z kieszeniami to niezwyk\u0142a propozycja dla niezwyk\u0142ych kobiet. Minimalistyczny styl, m\u0119ska forma i nonszalancki wygl\u0105d.","breadcrumb":{"@id":"https:\/\/talia-fashion.pl\/produkt\/niebieski-pudelkowy-plaszcz-z-kieszeniami-ivi\/#breadcrumb"},"inLanguage":"en-GB","potentialAction":[{"@type":"ReadAction","target":["https:\/\/talia-fashion.pl\/produkt\/niebieski-pudelkowy-plaszcz-z-kieszeniami-ivi\/"]}]},{"@type":"ImageObject","inLanguage":"en-GB","@id":"https:\/\/talia-fashion.pl\/produkt\/niebieski-pudelkowy-plaszcz-z-kieszeniami-ivi\/#primaryimage","url":"https:\/\/talia-fashion.pl\/wp-content\/uploads\/2025\/07\/niebieski-pudelkowy-plaszcz-z-kieszeniami-welniany.jpg","contentUrl":"https:\/\/talia-fashion.pl\/wp-content\/uploads\/2025\/07\/niebieski-pudelkowy-plaszcz-z-kieszeniami-welniany.jpg","width":1500,"height":2000,"caption":"Niebieski pude\u0142kowy p\u0142aszcz z kieszeniami. Dwurz\u0119dowy. We\u0142niany. W stylu oversize."},{"@type":"BreadcrumbList","@id":"https:\/\/talia-fashion.pl\/produkt\/niebieski-pudelkowy-plaszcz-z-kieszeniami-ivi\/#breadcrumb","itemListElement":[{"@type":"ListItem","position":1,"name":"Strona g\u0142\u00f3wna","item":"https:\/\/talia-fashion.pl\/"},{"@type":"ListItem","position":2,"name":"Sklep","item":"https:\/\/talia-fashion.pl\/sklep\/"},{"@type":"ListItem","position":3,"name":"Niebieski pude\u0142kowy p\u0142aszcz z kieszeniami Ivi"}]},{"@type":"WebSite","@id":"https:\/\/talia-fashion.pl\/#website","url":"https:\/\/talia-fashion.pl\/","name":"Talia Fashion","description":"","potentialAction":[{"@type":"SearchAction","target":{"@type":"EntryPoint","urlTemplate":"https:\/\/talia-fashion.pl\/?s={search_term_string}"},"query-input":{"@type":"PropertyValueSpecification","valueRequired":true,"valueName":"search_term_string"}}],"inLanguage":"en-GB"}]}},"_links":{"self":[{"href":"https:\/\/talia-fashion.pl\/en\/wp-json\/wp\/v2\/product\/5894","targetHints":{"allow":["GET"]}}],"collection":[{"href":"https:\/\/talia-fashion.pl\/en\/wp-json\/wp\/v2\/product"}],"about":[{"href":"https:\/\/talia-fashion.pl\/en\/wp-json\/wp\/v2\/types\/product"}],"wp:featuredmedia":[{"embeddable":true,"href":"https:\/\/talia-fashion.pl\/en\/wp-json\/wp\/v2\/media\/5895"}],"wp:attachment":[{"href":"https:\/\/talia-fashion.pl\/en\/wp-json\/wp\/v2\/media?parent=5894"}],"wp:term":[{"taxonomy":"product_cat","embeddable":true,"href":"https:\/\/talia-fashion.pl\/en\/wp-json\/wp\/v2\/product_cat?post=5894"},{"taxonomy":"product_tag","embeddable":true,"href":"https:\/\/talia-fashion.pl\/en\/wp-json\/wp\/v2\/product_tag?post=5894"}],"curies":[{"name":"wp","href":"https:\/\/api.w.org\/{rel}","templated":true}]}}