{"id":5884,"date":"2025-02-18T15:01:51","date_gmt":"2025-02-18T14:01:51","guid":{"rendered":"http:\/\/talia-fashion.pl\/produkt\/rozowy-wiosenny-plaszcz-w-kolano-z-welna-dziewicza-ada\/"},"modified":"2026-04-13T12:28:10","modified_gmt":"2026-04-13T10:28:10","slug":"rozowy-przejsciowy-plaszcz-w-kolano-z-welna-dziewicza-ada","status":"publish","type":"product","link":"https:\/\/talia-fashion.pl\/en\/product\/rozowy-przejsciowy-plaszcz-w-kolano-z-welna-dziewicza-ada\/","title":{"rendered":"Pink transitional knee-length coat in virgin wool Ada"},"content":{"rendered":"<p><span lang=\"DE\">The pink virgin wool Ada knee-length transitional coat is a slim-fit transitional coat, perfect for spring and autumn. We have sewn it in a soft fabric made from a very good quality wool blend with a lighter weight. The whole is finished with an acetate lining. The coat is lightweight, but the wool fabric and acetate lining will ensure optimum thermal comfort whatever the changing weather. <\/span><span lang=\"DE\">The coat is fastened with one button, the second button acting as a decoration. It has a belt, which we sewed from the same fabric. Thanks to it, you can accentuate your waist. The tie at the back (similar to a trench coat) optically slims the silhouette. The coat has a fitted back and a shaped front, which makes it very comfortable and, although fitted, it does not hug the silhouette. Two side pockets finished with a decorative trim add practicality. No zipper. <\/span><\/p>\n<p><span lang=\"DE\">The most noteworthy feature is the beautiful exponential collar with an interesting form. We designed it to emphasise the neckline and make it slimmer, and when raised, it protects from the wind. We have additionally lined the front of the coat with very fine glue, stabilising the fibres, emphasising the properties of the fabric and giving the coat a luxurious look.<\/span><\/p>\n<p>A pink coat for spring and autumn is a great way to add a splash of colour to your wardrobe while still feeling stylish and comfortable. It suits many styles and pairs well with shades of white, grey, navy or beige. It can take centre stage or become just a subtle accent. Whether you combine it with a white T-shirt, blue jeans and trainers for a casual outfit or with a white shirt, navy blue straight trousers and high-heeled shoes, with the elagant version, you will feel sensual and feminine every time - and in a sophisticated way.<\/p>\n<p><span lang=\"DE\">Actual photo - pastel pink<\/span><\/p>\n<p>Available colours<span lang=\"DE\">: pastel pink, pistachio green<\/span><\/p>\n<p><span lang=\"DE\">Other colours are shown on other coat models and in the <a href=\"https:\/\/talia-fashion.pl\/en\/paleta-kolorow\/\">Colour palette<\/a>. If in doubt, we will be happy to help.\u00a0<\/span><\/p>\n<p><span lang=\"DE\">Available sizes: XS, S, M, L, XL<\/span><\/p>\n<p>The model is 172cm and a size XS.<\/p>\n<p><span lang=\"DE\">Indicative dimensions:<\/span><\/p>\n<p><span lang=\"DE\">XS - bust: 86-88 \/ hips 94-96 \/ length: 97 \/ shoulder width 34.5-35 \/ sleeve 61<br \/>\nS - bust: 90-92 \/ hips: 98-100 \/ length: 98 \/ shoulder width 35.5-36 \/ sleeve: 62<br \/>\nM - bust: 94-96 \/ hips: 102-104 \/ length: 98 \/ shoulder width 37-37.5 \/ sleeve: 62<br \/>\nL - bust: 98-100 \/ hips: 106-108 \/ length: 98 \/ shoulder width 39.5-40 \/ sleeve: 63<br \/>\nXL - bust: 104-106 \/ hips: 112-114 \/ length: 98 \/ shoulder width 42-42.5 \/ sleeve: 64<\/span><\/p>\n<p>We encourage you to read our advice on choosing the right size (\u00a0<a href=\"https:\/\/talia-fashion.pl\/en\/jak-dobrac-rozmiar\/\">How to choose a size?<\/a>\u00a0) and the cut of the coat (\u00a0<a href=\"https:\/\/talia-fashion.pl\/en\/jak-dobrac-plaszcz-do-sylwetki\/\">How do you choose a coat to suit your figure?<\/a>\u00a0).  If in doubt, please contact us.<\/p>\n<p><span lang=\"DE\">Material: 80<\/span><span lang=\"DE\">% virgin wool, 20% polyamide<br \/>\n<\/span><\/p>\n<p>Lining: 100% acetate<\/p>\n<p>Like viscose, acetate is produced from cellulose. Acetate yarn can also be made from recycled cellulose such as paper. The acetate lining is excellent at absorbing moisture and permeable to air. It is coated with an antistatic apprettee and is OEKOtex\u00ae Standard 100 certified. It ideally provides thermal comfort and is comfortable to wear.<\/p>\n<p><span lang=\"DE\">We designed the pink Ada virgin wool transitional coat with both comfort and aesthetics in mind. It is most important to us that you feel beautiful and comfortable. We sewed the coat in our family workshop in Pozna\u0144, using traditional, labour-intensive methods and a lot of heart put into it, while being environmentally friendly. Every element of the coat has been thought out and refined by us so that it impresses with its quality.\u00a0\u00a0<\/span><\/p>\n<p><strong>Individual order - <\/strong>Some modifications can be made at the client's request: shortening, lengthening of the sleeve, shortening and lengthening of the coat. Cost to be determined individually, after prior contact.<\/p>\n<p><strong>An individual order is not subject to exchange or refund.<\/strong><\/p>\n<p>Ada's pink virgin wool knee-length transitional coat should be dry-cleaned. For regular refreshing of the coat we recommend <a href=\"https:\/\/talia-fashion.pl\/en\/product\/szczotka-do-czyszczenia-i-pielegnacji-plaszcza\/\">Brush for cleaning and care<\/a>, which can be purchased in our shop. How to simply look after your coat and enjoy it for years to come is explained in our short guide: <a href=\"https:\/\/talia-fashion.pl\/en\/jak-pielegnowac-i-dbac-o-plaszcz\/\">How to nurture and care for the coat?<\/a> Proper care of garments not only prolongs their lifespan but also contributes to environmental protection.<\/p>\n<p><span lang=\"DE\">The lead time depends on the current stock in the atelier and the availability of the given fabric colour. If the given coat is available in the atelier, the order will be realised within 2-5 working days. If it is necessary to sew the coat or individualise the order - making alterations or sewing a new coat according to the customer's specifications - the order processing time may be extended, up to a maximum of 2 weeks.<\/span><\/p>\n<p>We avoid overproduction and do not sew for stock, so we have to sew this coat for you. And although we try to process orders quickly, sewing a coat takes time and precision. Thank you for supporting Polish craftsmanship.<\/p>\n<p>We encourage you to like our <a href=\"https:\/\/www.instagram.com\/talia_plaszcze\/\">Fanpage on Instagram<\/a>.<\/p>","protected":false},"excerpt":{"rendered":"<p>R\u00f3\u017cowy przej\u015bciowy p\u0142aszcz w kolano z we\u0142n\u0105 dziewicz\u0105 Ada to taliowany p\u0142aszcz przej\u015bciowy, idealny na wiosn\u0119 i jesie\u0144. Uszyli\u015bmy go z mi\u0119kkiego&hellip;<\/p>","protected":false},"featured_media":5885,"template":"","meta":{"_acf_changed":false},"product_cat":[36],"product_tag":[163,89,78,32,176,34,340,39,41,42,109,43,68,96,181,85,49,50,125,69,60,315,177,262,263,97,53,88],"class_list":{"0":"post-5884","1":"product","2":"type-product","3":"status-publish","4":"has-post-thumbnail","6":"product_cat-plaszcze-dluzsze","7":"product_tag-bezowy-plaszcz","8":"product_tag-cieply","9":"product_tag-dla-roznych-sylwetek","10":"product_tag-dopasowany-kroj","11":"product_tag-flausz","12":"product_tag-handmade","13":"product_tag-jesionka","14":"product_tag-klasyczny","15":"product_tag-na-podszewce","16":"product_tag-nowosc","17":"product_tag-plaszcz-camel","18":"product_tag-plaszcz-damski","19":"product_tag-plaszcz-jesienny","20":"product_tag-plaszcz-na-chlodne-dni","21":"product_tag-plaszcz-w-jodelke","22":"product_tag-plaszcz-welniany","23":"product_tag-plaszcz-wiosenny","24":"product_tag-plaszcz-z-rewersem","25":"product_tag-polskie-rzemioslo","26":"product_tag-prochowiec","27":"product_tag-producent-plaszczy-damskich","28":"product_tag-rozowy-plaszcz","29":"product_tag-szlafrokowy-kroj","30":"product_tag-taliowany","31":"product_tag-taliowany-plaszcz","32":"product_tag-trencz","33":"product_tag-welna","34":"product_tag-wiazany","36":"first","37":"instock","38":"shipping-taxable","39":"purchasable","40":"product-type-variable","41":"has-default-attributes"},"acf":[],"yoast_head":"<!-- This site is optimized with the Yoast SEO plugin v25.7 - https:\/\/yoast.com\/wordpress\/plugins\/seo\/ -->\n<title>R\u00f3\u017cowy przej\u015bciowy p\u0142aszcz w kolano z we\u0142n\u0105 dziewicz\u0105 Ada - Talia Fashion - trencz<\/title>\n<meta name=\"description\" content=\"R\u00f3\u017cowy przej\u015bciowy p\u0142aszcz w kolano z we\u0142n\u0105 dziewicz\u0105 to klasyczny p\u0142aszcz damski na przej\u015bciowe pory roku. \u015awietna alternatywa dla trencza. Produkt polski.\" \/>\n<meta name=\"robots\" content=\"index, follow, max-snippet:-1, max-image-preview:large, max-video-preview:-1\" \/>\n<link rel=\"canonical\" href=\"https:\/\/talia-fashion.pl\/en\/product\/rozowy-przejsciowy-plaszcz-w-kolano-z-welna-dziewicza-ada\/\" \/>\n<meta property=\"og:locale\" content=\"en_GB\" \/>\n<meta property=\"og:type\" content=\"article\" \/>\n<meta property=\"og:title\" content=\"R\u00f3\u017cowy przej\u015bciowy p\u0142aszcz w kolano z we\u0142n\u0105 dziewicz\u0105 Ada - Talia Fashion - trencz\" \/>\n<meta property=\"og:description\" content=\"R\u00f3\u017cowy przej\u015bciowy p\u0142aszcz w kolano z we\u0142n\u0105 dziewicz\u0105 to klasyczny p\u0142aszcz damski na przej\u015bciowe pory roku. \u015awietna alternatywa dla trencza. Produkt polski.\" \/>\n<meta property=\"og:url\" content=\"https:\/\/talia-fashion.pl\/en\/product\/rozowy-przejsciowy-plaszcz-w-kolano-z-welna-dziewicza-ada\/\" \/>\n<meta property=\"og:site_name\" content=\"Talia Fashion\" \/>\n<meta property=\"article:modified_time\" content=\"2026-04-13T10:28:10+00:00\" \/>\n<meta property=\"og:image\" content=\"https:\/\/talia-fashion.pl\/wp-content\/uploads\/2025\/07\/rozowy-wiosenny-plaszczyk-w-kolano-welna-dziewicza.jpg\" \/>\n\t<meta property=\"og:image:width\" content=\"1500\" \/>\n\t<meta property=\"og:image:height\" content=\"2000\" \/>\n\t<meta property=\"og:image:type\" content=\"image\/jpeg\" \/>\n<meta name=\"twitter:card\" content=\"summary_large_image\" \/>\n<meta name=\"twitter:label1\" content=\"Estimated reading time\" \/>\n\t<meta name=\"twitter:data1\" content=\"4 minutes\" \/>\n<script type=\"application\/ld+json\" class=\"yoast-schema-graph\">{\"@context\":\"https:\/\/schema.org\",\"@graph\":[{\"@type\":\"WebPage\",\"@id\":\"https:\/\/talia-fashion.pl\/produkt\/rozowy-przejsciowy-plaszcz-w-kolano-z-welna-dziewicza-ada\/\",\"url\":\"https:\/\/talia-fashion.pl\/produkt\/rozowy-przejsciowy-plaszcz-w-kolano-z-welna-dziewicza-ada\/\",\"name\":\"R\u00f3\u017cowy przej\u015bciowy p\u0142aszcz w kolano z we\u0142n\u0105 dziewicz\u0105 Ada - Talia Fashion - trencz\",\"isPartOf\":{\"@id\":\"https:\/\/talia-fashion.pl\/#website\"},\"primaryImageOfPage\":{\"@id\":\"https:\/\/talia-fashion.pl\/produkt\/rozowy-przejsciowy-plaszcz-w-kolano-z-welna-dziewicza-ada\/#primaryimage\"},\"image\":{\"@id\":\"https:\/\/talia-fashion.pl\/produkt\/rozowy-przejsciowy-plaszcz-w-kolano-z-welna-dziewicza-ada\/#primaryimage\"},\"thumbnailUrl\":\"https:\/\/talia-fashion.pl\/wp-content\/uploads\/2025\/07\/rozowy-wiosenny-plaszczyk-w-kolano-welna-dziewicza.jpg\",\"datePublished\":\"2025-02-18T14:01:51+00:00\",\"dateModified\":\"2026-04-13T10:28:10+00:00\",\"description\":\"R\u00f3\u017cowy przej\u015bciowy p\u0142aszcz w kolano z we\u0142n\u0105 dziewicz\u0105 to klasyczny p\u0142aszcz damski na przej\u015bciowe pory roku. \u015awietna alternatywa dla trencza. Produkt polski.\",\"breadcrumb\":{\"@id\":\"https:\/\/talia-fashion.pl\/produkt\/rozowy-przejsciowy-plaszcz-w-kolano-z-welna-dziewicza-ada\/#breadcrumb\"},\"inLanguage\":\"en-GB\",\"potentialAction\":[{\"@type\":\"ReadAction\",\"target\":[\"https:\/\/talia-fashion.pl\/produkt\/rozowy-przejsciowy-plaszcz-w-kolano-z-welna-dziewicza-ada\/\"]}]},{\"@type\":\"ImageObject\",\"inLanguage\":\"en-GB\",\"@id\":\"https:\/\/talia-fashion.pl\/produkt\/rozowy-przejsciowy-plaszcz-w-kolano-z-welna-dziewicza-ada\/#primaryimage\",\"url\":\"https:\/\/talia-fashion.pl\/wp-content\/uploads\/2025\/07\/rozowy-wiosenny-plaszczyk-w-kolano-welna-dziewicza.jpg\",\"contentUrl\":\"https:\/\/talia-fashion.pl\/wp-content\/uploads\/2025\/07\/rozowy-wiosenny-plaszczyk-w-kolano-welna-dziewicza.jpg\",\"width\":1500,\"height\":2000,\"caption\":\"R\u00f3\u017cowy wiosenny p\u0142aszczyk w kolano z we\u0142ny dziewiczej o l\u017cejszej gramaturze. Alternatywa dla trencza.\"},{\"@type\":\"BreadcrumbList\",\"@id\":\"https:\/\/talia-fashion.pl\/produkt\/rozowy-przejsciowy-plaszcz-w-kolano-z-welna-dziewicza-ada\/#breadcrumb\",\"itemListElement\":[{\"@type\":\"ListItem\",\"position\":1,\"name\":\"Strona g\u0142\u00f3wna\",\"item\":\"https:\/\/talia-fashion.pl\/\"},{\"@type\":\"ListItem\",\"position\":2,\"name\":\"Sklep\",\"item\":\"https:\/\/talia-fashion.pl\/sklep\/\"},{\"@type\":\"ListItem\",\"position\":3,\"name\":\"R\u00f3\u017cowy przej\u015bciowy p\u0142aszcz w kolano z we\u0142n\u0105 dziewicz\u0105 Ada\"}]},{\"@type\":\"WebSite\",\"@id\":\"https:\/\/talia-fashion.pl\/#website\",\"url\":\"https:\/\/talia-fashion.pl\/\",\"name\":\"Talia Fashion\",\"description\":\"\",\"potentialAction\":[{\"@type\":\"SearchAction\",\"target\":{\"@type\":\"EntryPoint\",\"urlTemplate\":\"https:\/\/talia-fashion.pl\/?s={search_term_string}\"},\"query-input\":{\"@type\":\"PropertyValueSpecification\",\"valueRequired\":true,\"valueName\":\"search_term_string\"}}],\"inLanguage\":\"en-GB\"}]}<\/script>\n<!-- \/ Yoast SEO plugin. -->","yoast_head_json":{"title":"R\u00f3\u017cowy przej\u015bciowy p\u0142aszcz w kolano z we\u0142n\u0105 dziewicz\u0105 Ada - Talia Fashion - trencz","description":"R\u00f3\u017cowy przej\u015bciowy p\u0142aszcz w kolano z we\u0142n\u0105 dziewicz\u0105 to klasyczny p\u0142aszcz damski na przej\u015bciowe pory roku. \u015awietna alternatywa dla trencza. Produkt polski.","robots":{"index":"index","follow":"follow","max-snippet":"max-snippet:-1","max-image-preview":"max-image-preview:large","max-video-preview":"max-video-preview:-1"},"canonical":"https:\/\/talia-fashion.pl\/en\/product\/rozowy-przejsciowy-plaszcz-w-kolano-z-welna-dziewicza-ada\/","og_locale":"en_GB","og_type":"article","og_title":"R\u00f3\u017cowy przej\u015bciowy p\u0142aszcz w kolano z we\u0142n\u0105 dziewicz\u0105 Ada - Talia Fashion - trencz","og_description":"R\u00f3\u017cowy przej\u015bciowy p\u0142aszcz w kolano z we\u0142n\u0105 dziewicz\u0105 to klasyczny p\u0142aszcz damski na przej\u015bciowe pory roku. \u015awietna alternatywa dla trencza. Produkt polski.","og_url":"https:\/\/talia-fashion.pl\/en\/product\/rozowy-przejsciowy-plaszcz-w-kolano-z-welna-dziewicza-ada\/","og_site_name":"Talia Fashion","article_modified_time":"2026-04-13T10:28:10+00:00","og_image":[{"width":1500,"height":2000,"url":"https:\/\/talia-fashion.pl\/wp-content\/uploads\/2025\/07\/rozowy-wiosenny-plaszczyk-w-kolano-welna-dziewicza.jpg","type":"image\/jpeg"}],"twitter_card":"summary_large_image","twitter_misc":{"Estimated reading time":"4 minutes"},"schema":{"@context":"https:\/\/schema.org","@graph":[{"@type":"WebPage","@id":"https:\/\/talia-fashion.pl\/produkt\/rozowy-przejsciowy-plaszcz-w-kolano-z-welna-dziewicza-ada\/","url":"https:\/\/talia-fashion.pl\/produkt\/rozowy-przejsciowy-plaszcz-w-kolano-z-welna-dziewicza-ada\/","name":"R\u00f3\u017cowy przej\u015bciowy p\u0142aszcz w kolano z we\u0142n\u0105 dziewicz\u0105 Ada - Talia Fashion - trencz","isPartOf":{"@id":"https:\/\/talia-fashion.pl\/#website"},"primaryImageOfPage":{"@id":"https:\/\/talia-fashion.pl\/produkt\/rozowy-przejsciowy-plaszcz-w-kolano-z-welna-dziewicza-ada\/#primaryimage"},"image":{"@id":"https:\/\/talia-fashion.pl\/produkt\/rozowy-przejsciowy-plaszcz-w-kolano-z-welna-dziewicza-ada\/#primaryimage"},"thumbnailUrl":"https:\/\/talia-fashion.pl\/wp-content\/uploads\/2025\/07\/rozowy-wiosenny-plaszczyk-w-kolano-welna-dziewicza.jpg","datePublished":"2025-02-18T14:01:51+00:00","dateModified":"2026-04-13T10:28:10+00:00","description":"R\u00f3\u017cowy przej\u015bciowy p\u0142aszcz w kolano z we\u0142n\u0105 dziewicz\u0105 to klasyczny p\u0142aszcz damski na przej\u015bciowe pory roku. \u015awietna alternatywa dla trencza. Produkt polski.","breadcrumb":{"@id":"https:\/\/talia-fashion.pl\/produkt\/rozowy-przejsciowy-plaszcz-w-kolano-z-welna-dziewicza-ada\/#breadcrumb"},"inLanguage":"en-GB","potentialAction":[{"@type":"ReadAction","target":["https:\/\/talia-fashion.pl\/produkt\/rozowy-przejsciowy-plaszcz-w-kolano-z-welna-dziewicza-ada\/"]}]},{"@type":"ImageObject","inLanguage":"en-GB","@id":"https:\/\/talia-fashion.pl\/produkt\/rozowy-przejsciowy-plaszcz-w-kolano-z-welna-dziewicza-ada\/#primaryimage","url":"https:\/\/talia-fashion.pl\/wp-content\/uploads\/2025\/07\/rozowy-wiosenny-plaszczyk-w-kolano-welna-dziewicza.jpg","contentUrl":"https:\/\/talia-fashion.pl\/wp-content\/uploads\/2025\/07\/rozowy-wiosenny-plaszczyk-w-kolano-welna-dziewicza.jpg","width":1500,"height":2000,"caption":"R\u00f3\u017cowy wiosenny p\u0142aszczyk w kolano z we\u0142ny dziewiczej o l\u017cejszej gramaturze. Alternatywa dla trencza."},{"@type":"BreadcrumbList","@id":"https:\/\/talia-fashion.pl\/produkt\/rozowy-przejsciowy-plaszcz-w-kolano-z-welna-dziewicza-ada\/#breadcrumb","itemListElement":[{"@type":"ListItem","position":1,"name":"Strona g\u0142\u00f3wna","item":"https:\/\/talia-fashion.pl\/"},{"@type":"ListItem","position":2,"name":"Sklep","item":"https:\/\/talia-fashion.pl\/sklep\/"},{"@type":"ListItem","position":3,"name":"R\u00f3\u017cowy przej\u015bciowy p\u0142aszcz w kolano z we\u0142n\u0105 dziewicz\u0105 Ada"}]},{"@type":"WebSite","@id":"https:\/\/talia-fashion.pl\/#website","url":"https:\/\/talia-fashion.pl\/","name":"Talia Fashion","description":"","potentialAction":[{"@type":"SearchAction","target":{"@type":"EntryPoint","urlTemplate":"https:\/\/talia-fashion.pl\/?s={search_term_string}"},"query-input":{"@type":"PropertyValueSpecification","valueRequired":true,"valueName":"search_term_string"}}],"inLanguage":"en-GB"}]}},"_links":{"self":[{"href":"https:\/\/talia-fashion.pl\/en\/wp-json\/wp\/v2\/product\/5884","targetHints":{"allow":["GET"]}}],"collection":[{"href":"https:\/\/talia-fashion.pl\/en\/wp-json\/wp\/v2\/product"}],"about":[{"href":"https:\/\/talia-fashion.pl\/en\/wp-json\/wp\/v2\/types\/product"}],"wp:featuredmedia":[{"embeddable":true,"href":"https:\/\/talia-fashion.pl\/en\/wp-json\/wp\/v2\/media\/5885"}],"wp:attachment":[{"href":"https:\/\/talia-fashion.pl\/en\/wp-json\/wp\/v2\/media?parent=5884"}],"wp:term":[{"taxonomy":"product_cat","embeddable":true,"href":"https:\/\/talia-fashion.pl\/en\/wp-json\/wp\/v2\/product_cat?post=5884"},{"taxonomy":"product_tag","embeddable":true,"href":"https:\/\/talia-fashion.pl\/en\/wp-json\/wp\/v2\/product_tag?post=5884"}],"curies":[{"name":"wp","href":"https:\/\/api.w.org\/{rel}","templated":true}]}}