{"id":5846,"date":"2025-02-15T14:25:54","date_gmt":"2025-02-15T13:25:54","guid":{"rendered":"http:\/\/talia-fashion.pl\/produkt\/trencz-damski-bawelniany-midi-w-chlodnym-bezu-marcela\/"},"modified":"2026-04-14T16:58:50","modified_gmt":"2026-04-14T14:58:50","slug":"trencz-damski-bawelniany-midi-w-chlodnym-bezu-marcela","status":"publish","type":"product","link":"https:\/\/talia-fashion.pl\/en\/product\/trencz-damski-bawelniany-midi-w-chlodnym-bezu-marcela\/","title":{"rendered":"Women's cotton midi trench in cool beige Marcela"},"content":{"rendered":"<p>Trencz damski bawe\u0142niany midi w ch\u0142odnym be\u017cu Marcela to nasza najnowsza propozycja na przej\u015bciowe pory roku. To idealny wyb\u00f3r dla os\u00f3b, kt\u00f3re ceni\u0105 klasyk\u0119 w nowoczesnym wydaniu. Projektuj\u0105c go celowo inspirowali\u015bmy si\u0119 stylem &#8222;quiet luxury&#8221; &#8211; cichy luksus, kt\u00f3ry stawia na ponadczasowo\u015b\u0107. Zale\u017ca\u0142o nam, by nasz trencz pozosta\u0142 elegancki, funkcjonalny i modny niezale\u017cnie od zmieniaj\u0105cych si\u0119 trend\u00f3w. Nie by\u0142 tylko sezonow\u0105 zachciank\u0105 a ulubionym elementem garderoby, w kt\u00f3rym czujesz si\u0119 dobrze i po kt\u00f3ry si\u0119gasz, gdy nie masz pomys\u0142u, co za\u0142o\u017cy\u0107.<\/p>\n<p>Trencz damski bawe\u0142niany midi w ch\u0142odnym be\u017cu Marcela ma du\u017ce klapy, raglanowy r\u0119kaw, pagony na ramionach i ozdobne paski na r\u0119kawach. <span lang=\"DE\">Zapinany dwurz\u0119dowo na guziki, stanowi\u0105ce jednocze\u015bnie ozdob\u0119 p\u0142aszczyka. <\/span>Dodatkowo, wi\u0105zany. Pasek idealnie pos\u0142u\u017cy do podkre\u015blenia talii. Zar\u00f3wno wi\u0105zany tradycyjnie na przodzie, jak i z ty\u0142u, w spos\u00f3b mniej oczywisty, ale nadaj\u0105cy luzu i nonszalancji.\u00a0 Na plecach i z przodu ozobne peleryny wyko\u0144czone guzikiem. <span lang=\"DE\">Dwie, boczne kieszenie, dodaj\u0105ce praktyczno\u015bci. <\/span><span lang=\"DE\">Z ty\u0142u, na dole p\u0142aszcza znajduje si\u0119 rozporek wyd\u0142u\u017caj\u0105cy optycznie sylwetk\u0119, dzi\u0119ki kt\u00f3remu trencz jest komfortowy w chodzeniu, mimo jego d\u0142ugo\u015bci. Wykonany z wodoodpornej mieszanki bawe\u0142ny w ch\u0142odnym odcieniu be\u017cu. W ca\u0142o\u015bci na podszewce. Przody p\u0142aszcza zosta\u0142y dodatkowo podklejone bardzo delikatn\u0105 stabilizuj\u0105c\u0105 klejonk\u0105 nadaj\u0105c\u0105 trenczowi luksusowego wygl\u0105du. Odkryj nasz trencz damski Marcela i zachwy\u0107 si\u0119 jako\u015bci\u0105 wykonania.<\/span><\/p>\n<p>Trencz damski bawe\u0142niany midi w ch\u0142odnym be\u017cu Marcela ma starannie dopracowany fason, kt\u00f3ry podkre\u015bla sylwetk\u0119, a jednocze\u015bnie zapewnia komfort i przestronno\u015b\u0107, umo\u017cliwiaj\u0105c noszenie swetra lub marynarki. Raglanowa konstrukcja r\u0119kaw\u00f3w zapewnia swobod\u0119 ruch\u00f3w, a dodatkowe zaszewki modeluj\u0105 i akcentuj\u0105 figur\u0119. Mo\u017cna te\u017c wi\u0105za\u0107 go paskiem, dla lepszego dopasowania.\u00a0Trencz \u015bwietnie prezentuje si\u0119 zar\u00f3wno w za du\u017cym rozmiarze, jak i w wersji dopasowanej. Wypada lu\u017aniejszy ale nie oversizowy. Je\u015bli zastanawiasz si\u0119 jaki wybra\u0107 p\u0142aszcz, proponujemy zapozna\u0107 si\u0119 z naszymi wskaz\u00f3wkami <a href=\"https:\/\/talia-fashion.pl\/en\/jak-dobrac-plaszcz-do-sylwetki\/\">How do you choose a coat to suit your figure?<\/a><\/p>\n<p>Zdj\u0119cie rzeczywiste \u2013 ch\u0142odny be\u017c<\/p>\n<p>Dost\u0119pne kolory &#8211; ch\u0142odny be\u017c<\/p>\n<p>All colours are presented in our <a href=\"https:\/\/talia-fashion.pl\/en\/paleta-kolorow\/\">Colour palette,<\/a> a tak\u017ce na zdj\u0119ciach produkt\u00f3w na odr\u0119bnych aukcjach. W razie w\u0105tpliwo\u015bci, prosimy o kontakt.<\/p>\n<p>Available sizes: XS, S, M, L<\/p>\n<p>Indicative dimensions:<\/p>\n<p>XS &#8211; biust: 86-88 \/ biodra: 94-96 \/ d\u0142ugo\u015b\u0107: 106 \/ r\u0119kaw: 61<br \/>\nS - bust: 90-92 \/ hips: 98-100 \/ length: 106 \/ sleeve: 62<br \/>\nM - bust: 94-96 \/ hips: 102-104 \/ length: 107 \/ sleeve: 62<br \/>\nL - bust: 98-100 \/ hips: 106-108 \/ length: 107 \/ sleeve: 63<\/p>\n<p><span lang=\"DE\">Jak si\u0119 zmierzy\u0107 i jaki wybra\u0107 rozmiar podpowiadamy w naszym kr\u00f3tkim poradniku: <a href=\"https:\/\/talia-fashion.pl\/en\/jak-dobrac-rozmiar\/\">How to choose a size?<\/a><\/span><br \/>\n<span lang=\"DE\">If you are unsure of your size selection, please contact us.<\/span><\/p>\n<p>The model is 172cm and a size S.<\/p>\n<p>Materia\u0142: bawe\u0142na 80%, nylon 20%<\/p>\n<p>Lining: 100% acetate<br \/>\nLike viscose, acetate is produced from cellulose. Acetate yarn can also be made from recycled cellulose such as paper. The acetate lining is excellent at absorbing moisture, permeable to air and comfortable to wear. It is coated with an antistatic apprettee and is OEKOtex\u00ae Standard 100 certified.<\/p>\n<p>Trencz damski bawe\u0142niany midi w ch\u0142odnym be\u017cu Marcela zaprojektowali\u015bmy i od pocz\u0105tku do ko\u0144ca uszyli\u015bmy w naszej rodzinnej pracowni. Wszystkie guziki w trenczu Marcela przyszyli\u015bmy r\u0119cznie. Dzi\u0119ki temu, \u017ce uprawiamy tradycyjne krawiectwo trafia do Ciebie produkt stworzony z najwy\u017csz\u0105 precyzj\u0105 i sercem, kt\u00f3re wk\u0142adamy w nasz\u0105 codzienn\u0105 prac\u0119.<\/p>\n<p><span lang=\"DE\">Trencz damski nale\u017cy czy\u015bci\u0107 chemicznie. Nasze kr\u00f3tkie wskaz\u00f3wki pozwol\u0105 cieszy\u0107 si\u0119 nim d\u0142ugie lata <a href=\"https:\/\/talia-fashion.pl\/en\/jak-pielegnowac-i-dbac-o-plaszcz\/\">How to nurture and care for the coat? <\/a>Odpowiednie wieszanie, wietrzenie i unikanie zahacze\u0144 sprawi, \u017ce Tw\u00f3j p\u0142aszcz d\u0142ugo pozostanie pi\u0119kny.<\/span><\/p>\n<p><strong>Individual order - <\/strong>Some modifications can be made at the client's request: shortening, lengthening of the sleeve, shortening and lengthening of the coat. Cost to be determined individually, after prior contact.<\/p>\n<p><strong>An individual order is not subject to exchange or refund.<\/strong><\/p>\n<p>The lead time depends on the company's current stock and the availability of the fabric colour in question. If a given coat is available in the workshop, the order will be realised very quickly - 2-5 working days. If it is necessary to sew a new coat or individualise the order, i.e. make an alteration or sew a new coat according to the customer's specifications, the lead time may be extended to a maximum of 2 weeks.<\/p>\n<p>Prosimy o cierpliwo\u015b\u0107, w wi\u0119kszo\u015bci przypadk\u00f3w nie szyjemy na magazyn, a uszycie trencza wymaga czasu i precyzji. Od ponad 37 lat pracujemy zgodnie z zasadami zr\u00f3wnowa\u017conego rozwoju a tak\u017ce promujemy polskie, tradycyjne rzemios\u0142o. Dzi\u0119kujemy, \u017ce jeste\u015b z nami. A w wolnej chwili zach\u0119camy do polubienia naszego fanpage\u2019a na <a href=\"https:\/\/www.facebook.com\/talia.plaszcze\">Facebook<\/a>\u00a0i\u00a0<a href=\"https:\/\/www.instagram.com\/talia_plaszcze\/\">Instagram<\/a><\/p>","protected":false},"excerpt":{"rendered":"<p>Trencz damski bawe\u0142niany midi w ch\u0142odnym be\u017cu \u0142\u0105czy w sobie klasyk\u0119 z nowoczesn\u0105 lini\u0105 ci\u0119cia. Elegancki, funkcjonalny i jednocze\u015bnie modny.<\/p>","protected":false},"featured_media":5847,"template":"","meta":{"_acf_changed":false},"product_cat":[36,27],"product_tag":[119,37,34,80,121,41,42,43,44,91,45,68,47,84,181,50,86,69,53,63,88],"class_list":{"0":"post-5846","1":"product","2":"type-product","3":"status-publish","4":"has-post-thumbnail","6":"product_cat-plaszcze-dluzsze","7":"product_cat-trencze","8":"product_tag-dlugi-plaszcz-zimowy","9":"product_tag-dyplomatka","10":"product_tag-handmade","11":"product_tag-luzny-kroj","12":"product_tag-materialy-przyjazne-dla-srodowiska","13":"product_tag-na-podszewce","14":"product_tag-nowosc","15":"product_tag-plaszcz-damski","16":"product_tag-plaszcz-damski-dlugi","17":"product_tag-plaszcz-damski-zimowy","18":"product_tag-plaszcz-dlugi","19":"product_tag-plaszcz-jesienny","20":"product_tag-plaszcz-na-guziki","21":"product_tag-plaszcz-oversizowy","22":"product_tag-plaszcz-w-jodelke","23":"product_tag-plaszcz-z-rewersem","24":"product_tag-plaszcz-zimowy-ocieplany","25":"product_tag-prochowiec","26":"product_tag-welna","27":"product_tag-welniany","28":"product_tag-wiazany","30":"first","31":"instock","32":"shipping-taxable","33":"purchasable","34":"product-type-variable","35":"has-default-attributes"},"acf":[],"yoast_head":"<!-- This site is optimized with the Yoast SEO plugin v25.7 - https:\/\/yoast.com\/wordpress\/plugins\/seo\/ -->\n<title>Trencz damski bawe\u0142niany midi w ch\u0142odnym be\u017cu Marcela - trencze<\/title>\n<meta name=\"description\" content=\"Trencz damski bawe\u0142niany midi w be\u017cu to nieodzowny element Twojej garderoby. Zaprojektowany i uszyty w naszej rodzinnej pracowni. Quiet Luxury.\" \/>\n<meta name=\"robots\" content=\"index, follow, max-snippet:-1, max-image-preview:large, max-video-preview:-1\" \/>\n<link rel=\"canonical\" href=\"https:\/\/talia-fashion.pl\/en\/product\/trencz-damski-bawelniany-midi-w-chlodnym-bezu-marcela\/\" \/>\n<meta property=\"og:locale\" content=\"en_GB\" \/>\n<meta property=\"og:type\" content=\"article\" \/>\n<meta property=\"og:title\" content=\"Trencz damski bawe\u0142niany midi w ch\u0142odnym be\u017cu Marcela - trencze\" \/>\n<meta property=\"og:description\" content=\"Trencz damski bawe\u0142niany midi w be\u017cu to nieodzowny element Twojej garderoby. Zaprojektowany i uszyty w naszej rodzinnej pracowni. Quiet Luxury.\" \/>\n<meta property=\"og:url\" content=\"https:\/\/talia-fashion.pl\/en\/product\/trencz-damski-bawelniany-midi-w-chlodnym-bezu-marcela\/\" \/>\n<meta property=\"og:site_name\" content=\"Talia Fashion\" \/>\n<meta property=\"article:modified_time\" content=\"2026-04-14T14:58:50+00:00\" \/>\n<meta property=\"og:image\" content=\"https:\/\/talia-fashion.pl\/wp-content\/uploads\/2025\/07\/trencz-damski-bawelniany-midi-chlodny-bez.jpg\" \/>\n\t<meta property=\"og:image:width\" content=\"1500\" \/>\n\t<meta property=\"og:image:height\" content=\"2000\" \/>\n\t<meta property=\"og:image:type\" content=\"image\/jpeg\" \/>\n<meta name=\"twitter:card\" content=\"summary_large_image\" \/>\n<meta name=\"twitter:label1\" content=\"Estimated reading time\" \/>\n\t<meta name=\"twitter:data1\" content=\"4 minutes\" \/>\n<script type=\"application\/ld+json\" class=\"yoast-schema-graph\">{\"@context\":\"https:\/\/schema.org\",\"@graph\":[{\"@type\":\"WebPage\",\"@id\":\"https:\/\/talia-fashion.pl\/produkt\/trencz-damski-bawelniany-midi-w-chlodnym-bezu-marcela\/\",\"url\":\"https:\/\/talia-fashion.pl\/produkt\/trencz-damski-bawelniany-midi-w-chlodnym-bezu-marcela\/\",\"name\":\"Trencz damski bawe\u0142niany midi w ch\u0142odnym be\u017cu Marcela - trencze\",\"isPartOf\":{\"@id\":\"https:\/\/talia-fashion.pl\/#website\"},\"primaryImageOfPage\":{\"@id\":\"https:\/\/talia-fashion.pl\/produkt\/trencz-damski-bawelniany-midi-w-chlodnym-bezu-marcela\/#primaryimage\"},\"image\":{\"@id\":\"https:\/\/talia-fashion.pl\/produkt\/trencz-damski-bawelniany-midi-w-chlodnym-bezu-marcela\/#primaryimage\"},\"thumbnailUrl\":\"https:\/\/talia-fashion.pl\/wp-content\/uploads\/2025\/07\/trencz-damski-bawelniany-midi-chlodny-bez.jpg\",\"datePublished\":\"2025-02-15T13:25:54+00:00\",\"dateModified\":\"2026-04-14T14:58:50+00:00\",\"description\":\"Trencz damski bawe\u0142niany midi w be\u017cu to nieodzowny element Twojej garderoby. Zaprojektowany i uszyty w naszej rodzinnej pracowni. Quiet Luxury.\",\"breadcrumb\":{\"@id\":\"https:\/\/talia-fashion.pl\/produkt\/trencz-damski-bawelniany-midi-w-chlodnym-bezu-marcela\/#breadcrumb\"},\"inLanguage\":\"en-GB\",\"potentialAction\":[{\"@type\":\"ReadAction\",\"target\":[\"https:\/\/talia-fashion.pl\/produkt\/trencz-damski-bawelniany-midi-w-chlodnym-bezu-marcela\/\"]}]},{\"@type\":\"ImageObject\",\"inLanguage\":\"en-GB\",\"@id\":\"https:\/\/talia-fashion.pl\/produkt\/trencz-damski-bawelniany-midi-w-chlodnym-bezu-marcela\/#primaryimage\",\"url\":\"https:\/\/talia-fashion.pl\/wp-content\/uploads\/2025\/07\/trencz-damski-bawelniany-midi-chlodny-bez.jpg\",\"contentUrl\":\"https:\/\/talia-fashion.pl\/wp-content\/uploads\/2025\/07\/trencz-damski-bawelniany-midi-chlodny-bez.jpg\",\"width\":1500,\"height\":2000,\"caption\":\"Trencz damski bawe\u0142niany d\u0142ugo\u015b\u0107 midi w ch\u0142odnym be\u017cu. Zapinany dwurz\u0119dowo i wi\u0105zany. Jako\u015b\u0107 premium.\"},{\"@type\":\"BreadcrumbList\",\"@id\":\"https:\/\/talia-fashion.pl\/produkt\/trencz-damski-bawelniany-midi-w-chlodnym-bezu-marcela\/#breadcrumb\",\"itemListElement\":[{\"@type\":\"ListItem\",\"position\":1,\"name\":\"Strona g\u0142\u00f3wna\",\"item\":\"https:\/\/talia-fashion.pl\/\"},{\"@type\":\"ListItem\",\"position\":2,\"name\":\"Sklep\",\"item\":\"https:\/\/talia-fashion.pl\/sklep\/\"},{\"@type\":\"ListItem\",\"position\":3,\"name\":\"Trencz damski bawe\u0142niany midi w ch\u0142odnym be\u017cu Marcela\"}]},{\"@type\":\"WebSite\",\"@id\":\"https:\/\/talia-fashion.pl\/#website\",\"url\":\"https:\/\/talia-fashion.pl\/\",\"name\":\"Talia Fashion\",\"description\":\"\",\"potentialAction\":[{\"@type\":\"SearchAction\",\"target\":{\"@type\":\"EntryPoint\",\"urlTemplate\":\"https:\/\/talia-fashion.pl\/?s={search_term_string}\"},\"query-input\":{\"@type\":\"PropertyValueSpecification\",\"valueRequired\":true,\"valueName\":\"search_term_string\"}}],\"inLanguage\":\"en-GB\"}]}<\/script>\n<!-- \/ Yoast SEO plugin. -->","yoast_head_json":{"title":"Trencz damski bawe\u0142niany midi w ch\u0142odnym be\u017cu Marcela - trencze","description":"Trencz damski bawe\u0142niany midi w be\u017cu to nieodzowny element Twojej garderoby. Zaprojektowany i uszyty w naszej rodzinnej pracowni. Quiet Luxury.","robots":{"index":"index","follow":"follow","max-snippet":"max-snippet:-1","max-image-preview":"max-image-preview:large","max-video-preview":"max-video-preview:-1"},"canonical":"https:\/\/talia-fashion.pl\/en\/product\/trencz-damski-bawelniany-midi-w-chlodnym-bezu-marcela\/","og_locale":"en_GB","og_type":"article","og_title":"Trencz damski bawe\u0142niany midi w ch\u0142odnym be\u017cu Marcela - trencze","og_description":"Trencz damski bawe\u0142niany midi w be\u017cu to nieodzowny element Twojej garderoby. Zaprojektowany i uszyty w naszej rodzinnej pracowni. Quiet Luxury.","og_url":"https:\/\/talia-fashion.pl\/en\/product\/trencz-damski-bawelniany-midi-w-chlodnym-bezu-marcela\/","og_site_name":"Talia Fashion","article_modified_time":"2026-04-14T14:58:50+00:00","og_image":[{"width":1500,"height":2000,"url":"https:\/\/talia-fashion.pl\/wp-content\/uploads\/2025\/07\/trencz-damski-bawelniany-midi-chlodny-bez.jpg","type":"image\/jpeg"}],"twitter_card":"summary_large_image","twitter_misc":{"Estimated reading time":"4 minutes"},"schema":{"@context":"https:\/\/schema.org","@graph":[{"@type":"WebPage","@id":"https:\/\/talia-fashion.pl\/produkt\/trencz-damski-bawelniany-midi-w-chlodnym-bezu-marcela\/","url":"https:\/\/talia-fashion.pl\/produkt\/trencz-damski-bawelniany-midi-w-chlodnym-bezu-marcela\/","name":"Trencz damski bawe\u0142niany midi w ch\u0142odnym be\u017cu Marcela - trencze","isPartOf":{"@id":"https:\/\/talia-fashion.pl\/#website"},"primaryImageOfPage":{"@id":"https:\/\/talia-fashion.pl\/produkt\/trencz-damski-bawelniany-midi-w-chlodnym-bezu-marcela\/#primaryimage"},"image":{"@id":"https:\/\/talia-fashion.pl\/produkt\/trencz-damski-bawelniany-midi-w-chlodnym-bezu-marcela\/#primaryimage"},"thumbnailUrl":"https:\/\/talia-fashion.pl\/wp-content\/uploads\/2025\/07\/trencz-damski-bawelniany-midi-chlodny-bez.jpg","datePublished":"2025-02-15T13:25:54+00:00","dateModified":"2026-04-14T14:58:50+00:00","description":"Trencz damski bawe\u0142niany midi w be\u017cu to nieodzowny element Twojej garderoby. Zaprojektowany i uszyty w naszej rodzinnej pracowni. Quiet Luxury.","breadcrumb":{"@id":"https:\/\/talia-fashion.pl\/produkt\/trencz-damski-bawelniany-midi-w-chlodnym-bezu-marcela\/#breadcrumb"},"inLanguage":"en-GB","potentialAction":[{"@type":"ReadAction","target":["https:\/\/talia-fashion.pl\/produkt\/trencz-damski-bawelniany-midi-w-chlodnym-bezu-marcela\/"]}]},{"@type":"ImageObject","inLanguage":"en-GB","@id":"https:\/\/talia-fashion.pl\/produkt\/trencz-damski-bawelniany-midi-w-chlodnym-bezu-marcela\/#primaryimage","url":"https:\/\/talia-fashion.pl\/wp-content\/uploads\/2025\/07\/trencz-damski-bawelniany-midi-chlodny-bez.jpg","contentUrl":"https:\/\/talia-fashion.pl\/wp-content\/uploads\/2025\/07\/trencz-damski-bawelniany-midi-chlodny-bez.jpg","width":1500,"height":2000,"caption":"Trencz damski bawe\u0142niany d\u0142ugo\u015b\u0107 midi w ch\u0142odnym be\u017cu. Zapinany dwurz\u0119dowo i wi\u0105zany. Jako\u015b\u0107 premium."},{"@type":"BreadcrumbList","@id":"https:\/\/talia-fashion.pl\/produkt\/trencz-damski-bawelniany-midi-w-chlodnym-bezu-marcela\/#breadcrumb","itemListElement":[{"@type":"ListItem","position":1,"name":"Strona g\u0142\u00f3wna","item":"https:\/\/talia-fashion.pl\/"},{"@type":"ListItem","position":2,"name":"Sklep","item":"https:\/\/talia-fashion.pl\/sklep\/"},{"@type":"ListItem","position":3,"name":"Trencz damski bawe\u0142niany midi w ch\u0142odnym be\u017cu Marcela"}]},{"@type":"WebSite","@id":"https:\/\/talia-fashion.pl\/#website","url":"https:\/\/talia-fashion.pl\/","name":"Talia Fashion","description":"","potentialAction":[{"@type":"SearchAction","target":{"@type":"EntryPoint","urlTemplate":"https:\/\/talia-fashion.pl\/?s={search_term_string}"},"query-input":{"@type":"PropertyValueSpecification","valueRequired":true,"valueName":"search_term_string"}}],"inLanguage":"en-GB"}]}},"_links":{"self":[{"href":"https:\/\/talia-fashion.pl\/en\/wp-json\/wp\/v2\/product\/5846","targetHints":{"allow":["GET"]}}],"collection":[{"href":"https:\/\/talia-fashion.pl\/en\/wp-json\/wp\/v2\/product"}],"about":[{"href":"https:\/\/talia-fashion.pl\/en\/wp-json\/wp\/v2\/types\/product"}],"wp:featuredmedia":[{"embeddable":true,"href":"https:\/\/talia-fashion.pl\/en\/wp-json\/wp\/v2\/media\/5847"}],"wp:attachment":[{"href":"https:\/\/talia-fashion.pl\/en\/wp-json\/wp\/v2\/media?parent=5846"}],"wp:term":[{"taxonomy":"product_cat","embeddable":true,"href":"https:\/\/talia-fashion.pl\/en\/wp-json\/wp\/v2\/product_cat?post=5846"},{"taxonomy":"product_tag","embeddable":true,"href":"https:\/\/talia-fashion.pl\/en\/wp-json\/wp\/v2\/product_tag?post=5846"}],"curies":[{"name":"wp","href":"https:\/\/api.w.org\/{rel}","templated":true}]}}