{"id":5835,"date":"2025-02-15T11:43:26","date_gmt":"2025-02-15T10:43:26","guid":{"rendered":"http:\/\/talia-fashion.pl\/produkt\/plaszcz-przejsciowy-damski-w-stylu-vintage-w-jodelke-verona\/"},"modified":"2026-04-01T08:38:09","modified_gmt":"2026-04-01T06:38:09","slug":"plaszcz-przejsciowy-damski-w-stylu-vintage-w-jodelke-verona","status":"publish","type":"product","link":"https:\/\/talia-fashion.pl\/en\/product\/plaszcz-przejsciowy-damski-w-stylu-vintage-w-jodelke-verona\/","title":{"rendered":"Verona women's vintage style herringbone transitional coat"},"content":{"rendered":"<p>P\u0142aszcz przej\u015bciowy damski w stylu vintage w jode\u0142k\u0119 Verona to nasza najnowsza propozycja na wiosn\u0119 i jesie\u0144. Zaprojektowali\u015bmy go inspiruj\u0105c si\u0119 minionymi dekadami, jednocze\u015bnie nadaj\u0105c mu nowoczesnego sznytu. St\u0105d te\u017c minimalistyczny, delikatnie lu\u017aniejszy kr\u00f3j, niewielkie detale (delikatne patki na r\u0119kawach), mi\u0119kka tkanina oraz \u0142agodna linia ramion. Dla wzmocnienia efektu, si\u0119gn\u0119lismy po ponadczasowy wz\u00f3r jode\u0142ki i to w najmodniejszym w tym roku kolorze mokka. Dese\u0144 jode\u0142ki jest bardzo subtelny, zadowoli r\u00f3wnie\u017c mi\u0142o\u015bnik\u00f3w stonowanych kolor\u00f3w i wzor\u00f3w. P\u0142aszcz jest zapinany dwurz\u0119dowo, na r\u0119cznie przyszywane guziki. Wi\u0105zany w pasie, dla lepszego dopasowania. Dwie, boczne funkcjonalne kieszenie, wyko\u0144czone listewk\u0105. Ko\u0142nierz typu rewers, z wysmuklaj\u0105cymi klapami u\u0142o\u017conymi w liter\u0119 V. D\u0142ugo\u015b\u0107 w kolano &#8211; przy kt\u00f3rej poczujesz si\u0119 lekko i wygodnie. Rozporek z ty\u0142u. To fason o swobodnym (ale nie overisozwym) kroju, nadaj\u0105cym sylwetce zrelaksowanego wygl\u0105du.<\/p>\n<p>Wybieraj\u0105c p\u0142aszcz przej\u015bciowy damski w stylu vintage Verona, mo\u017cesz by\u0107 pewna, \u017ce fason ten b\u0119dzie doskonale komponowa\u0142 si\u0119 z rozmaitymi elementami Twojej garderoby. I w prosty spos\u00f3b stworzysz z nim eleganckie, uniwersalne i jednocze\u015bnie wygodne stylizacje. Dobrze skrojony p\u0142aszcz, w ponadczasowy wz\u00f3r i bazowy kolor to nie sezonowy dodatek lecz pewnik, kt\u00f3ry podkre\u015bli pi\u0119kno Twojego outfitu.<\/p>\n<p>Zdj\u0119cie rzeczywiste \u2013 jode\u0142ka br\u0105zowo-szara<br \/>\nDost\u0119pne kolory: jode\u0142ka br\u0105zowo-szara (delikatnie przenikaj\u0105 si\u0119 nitki czarne, br\u0105zowe, be\u017cowe i szare)<br \/>\nAvailable sizes: XS, S, M, L<\/p>\n<p>The model is 172cm and a size S.<\/p>\n<p>Indicative dimensions:<\/p>\n<p>XS \u2013 biust: 86-88 \/ biodra: 94-96 \/ d\u0142ugo\u015b\u0107: 98\/ r\u0119kaw 61<br \/>\nS \u2013 biust: 90-92 \/ biodra: 98-100 \/ d\u0142ugo\u015b\u0107: 98 \/ r\u0119kaw: 61<br \/>\nM \u2013 biust: 94-96 \/ biodra: 102-104 \/ d\u0142ugo\u015b\u0107: 99 \/ r\u0119kaw: 62<br \/>\nL \u2013 biust: 98-100 \/ biodra: 106-108 \/ d\u0142ugo\u015b\u0107: 99 \/ r\u0119kaw: 63<\/p>\n<p>Under\u00a0<a href=\"https:\/\/talia-fashion.pl\/en\/jak-dobrac-rozmiar\/\">How to choose a size?<\/a> We explain how to interpret the size chart above and also give you tips on how to measure yourself.<br \/>\nIf in doubt, please contact us.<\/p>\n<p>P\u0142aszcz przej\u015bciowy damski w stylu vintage w jode\u0142k\u0119 Verona to model delikatnie lu\u017aniejszy z uwagi na raglanow\u0105 konstrukcj\u0119 r\u0119kawa. Nie jest jednak mocno oversizowy, a nadmiar materia\u0142u zosta\u0142 zmniejszony poprzez zastosowanie modeluj\u0105cych zaszewek. Pomie\u015bci jednak sweterek czy marynark\u0119. <span lang=\"DE\">Idealny dla Pa\u0144 o mocno zaznaczonej linii ramion.<\/span> We have provided guidance on the choice of cut on our website, under the tab <a href=\"https:\/\/talia-fashion.pl\/en\/jak-dobrac-plaszcz-do-sylwetki\/\">How do you choose a coat to suit your figure?<\/a><\/p>\n<p>P\u0142aszcz przej\u015bciowy damski w stylu vintage w jode\u0142k\u0119 Verona uszyli\u015bmy z wysokiej jako\u015bci mieszanki we\u0142nianej o l\u017cejszej gramaturze. Dlatego idealnie sprawdzi si\u0119 gdy, po zimie, zapragniemy za\u0142o\u017cy\u0107 lekkie okrycie wierzchnie, jednocze\u015bnie otulaj\u0105c nas podczas ch\u0142odniejszych powiew\u00f3w wiatru. Ca\u0142o\u015b\u0107 wyko\u0144czona podszewk\u0105, kt\u00f3ra dodatkowo zapewnia komfort termiczny i dobrze si\u0119 nosi. \u015awietna i stylowa alternatywa klasycznego trencza.<\/p>\n<p>Materia\u0142: 70% we\u0142na dziewicza, 30% poliamid<\/p>\n<p>Lining: 50% acetate, 50% viscose<\/p>\n<p>Like viscose, acetate is produced from cellulose. Acetate yarn can also be made from recycled cellulose such as paper. The acetate lining is excellent at absorbing moisture and permeable to air. It is coated with an antistatic apprettee and is OEKOtex\u00ae Standard 100 certified.<\/p>\n<p>The coat should be dry-cleaned. However, you can take care of it on a day-to-day basis by using the following products offered in our shop <a href=\"https:\/\/talia-fashion.pl\/en\/product\/szczotka-do-czyszczenia-i-pielegnacji-plaszcza\/\">Brushes for cleaning and care of the coat<\/a>. Polecamy te\u017c regularne wietrzenie i wieszanie p\u0142aszcza na specjalnie wyprofilowanym wieszaku. Dbaj\u0105c o sw\u00f3j p\u0142aszcz pomagasz r\u00f3wnie\u017c chroni\u0107 \u015brodowisko, dlatego te\u017c w zak\u0142adce <a href=\"https:\/\/talia-fashion.pl\/en\/jak-pielegnowac-i-dbac-o-plaszcz\/\">How to nurture and care for the coat?<\/a> we have included tips on how to extend the life of your coat.<\/p>\n<p><strong>Individual order\u00a0<\/strong>\u2013 wszystkie nasze p\u0142aszcze szyjemy w naszej rodzinnej pracowni, dlatego mo\u017cemy wykona\u0107 pewne modyfikacje na \u017cyczenie Klienta, takie jak: skr\u00f3cenie, wyd\u0142u\u017cenie r\u0119kawa, skr\u00f3cenie i wyd\u0142u\u017cenie p\u0142aszcza. Koszt ustalamy indywidualnie, wyceniaj\u0105c zakres prac, po uprzednim kontakcie.<\/p>\n<p><strong>An individual order is not subject to exchange or refund.<\/strong><\/p>\n<p>Czas realizacji zam\u00f3wienia uzale\u017cniamy od aktualnego stanu magazynowego w firmie oraz dost\u0119pno\u015bci danego koloru materia\u0142u. Je\u015bli dany p\u0142aszcz jest dost\u0119pny w pracowni realizacja zam\u00f3wienia nast\u0105pi bardzo szybko 2-5 dni roboczych. Je\u015bli konieczne jest uszycie p\u0142aszcza lub indywidualizacja zam\u00f3wienia \u2013 wykonanie przer\u00f3bki lub uszycie nowego p\u0142aszcza wed\u0142ug specyfikacji Klienta \u2013 czas realizacji zam\u00f3wienia mo\u017ce ulec wyd\u0142u\u017ceniu, maksymalnie do 2 tygodni.<\/p>\n<p>P\u0142aszcz przej\u015bciowy damski w stylu vintage Verona jest naszym autorskim projektem i szyjemy go w naszej rodzinnej pracowni. Od ponad 37 lat zajmujemy si\u0119 rzemios\u0142em i szyjemy nasze p\u0142aszcze wed\u0142ug tradycyjnych metod, dlatego te\u017c nie szyjemy p\u0142aszczy na magazyn. Prosimy zatem o cierpliwo\u015b\u0107 w oczekiwaniu na realizacj\u0119 zam\u00f3wienia, poniewa\u017c musimy uszy\u0107 ten p\u0142aszczyk dla Ciebie.<\/p>\n<p>Stay with us longer and watch us on\u00a0<a href=\"https:\/\/www.facebook.com\/talia.plaszcze\">Facebook<\/a>\u00a0i\u00a0<a href=\"https:\/\/www.instagram.com\/talia_plaszcze\/\">Instagram.<\/a><\/p>","protected":false},"excerpt":{"rendered":"<p>Limited edition.<\/p>","protected":false},"featured_media":5836,"template":"","meta":{"_acf_changed":false},"product_cat":[36],"product_tag":[78,119,33,58,34,40,74,224,80,41,42,43,91,68,83,47,84,181,85,49,50,258,53,63,88,110,147],"class_list":{"0":"post-5835","1":"product","2":"type-product","3":"status-publish","4":"has-post-thumbnail","6":"product_cat-plaszcze-dluzsze","7":"product_tag-dla-roznych-sylwetek","8":"product_tag-dlugi-plaszcz-zimowy","9":"product_tag-dwurzedowy","10":"product_tag-dyplomatka-dwurzedowa","11":"product_tag-handmade","12":"product_tag-kolnierz","13":"product_tag-kurtka-damska","14":"product_tag-limited-edition","15":"product_tag-luzny-kroj","16":"product_tag-na-podszewce","17":"product_tag-nowosc","18":"product_tag-plaszcz-damski","19":"product_tag-plaszcz-damski-zimowy","20":"product_tag-plaszcz-jesienny","21":"product_tag-plaszcz-luzny","22":"product_tag-plaszcz-na-guziki","23":"product_tag-plaszcz-oversizowy","24":"product_tag-plaszcz-w-jodelke","25":"product_tag-plaszcz-welniany","26":"product_tag-plaszcz-wiosenny","27":"product_tag-plaszcz-z-rewersem","28":"product_tag-trencz-damski","29":"product_tag-welna","30":"product_tag-welniany","31":"product_tag-wiazany","32":"product_tag-z-paskiem","33":"product_tag-zrownowazona-produkcja","35":"first","36":"instock","37":"shipping-taxable","38":"purchasable","39":"product-type-variable","40":"has-default-attributes"},"acf":[],"yoast_head":"<!-- This site is optimized with the Yoast SEO plugin v25.7 - https:\/\/yoast.com\/wordpress\/plugins\/seo\/ -->\n<title>P\u0142aszcz przej\u015bciowy damski w stylu vintage w jode\u0142k\u0119 Verona - Talia Fashion<\/title>\n<meta name=\"description\" content=\"P\u0142aszcz przej\u015bciowy damski w stylu vintage w jode\u0142k\u0119 mokka. Limitowana ilo\u015b\u0107. Bardzo ma\u0142a seria. Szyty r\u0119cznie w Polsce, z dba\u0142o\u015bci\u0105 o ka\u017cdy szczeg\u00f3\u0142.\" \/>\n<meta name=\"robots\" content=\"index, follow, max-snippet:-1, max-image-preview:large, max-video-preview:-1\" \/>\n<link rel=\"canonical\" href=\"https:\/\/talia-fashion.pl\/en\/product\/plaszcz-przejsciowy-damski-w-stylu-vintage-w-jodelke-verona\/\" \/>\n<meta property=\"og:locale\" content=\"en_GB\" \/>\n<meta property=\"og:type\" content=\"article\" \/>\n<meta property=\"og:title\" content=\"P\u0142aszcz przej\u015bciowy damski w stylu vintage w jode\u0142k\u0119 Verona - Talia Fashion\" \/>\n<meta property=\"og:description\" content=\"P\u0142aszcz przej\u015bciowy damski w stylu vintage w jode\u0142k\u0119 mokka. Limitowana ilo\u015b\u0107. Bardzo ma\u0142a seria. Szyty r\u0119cznie w Polsce, z dba\u0142o\u015bci\u0105 o ka\u017cdy szczeg\u00f3\u0142.\" \/>\n<meta property=\"og:url\" content=\"https:\/\/talia-fashion.pl\/en\/product\/plaszcz-przejsciowy-damski-w-stylu-vintage-w-jodelke-verona\/\" \/>\n<meta property=\"og:site_name\" content=\"Talia Fashion\" \/>\n<meta property=\"article:modified_time\" content=\"2026-04-01T06:38:09+00:00\" \/>\n<meta property=\"og:image\" content=\"https:\/\/talia-fashion.pl\/wp-content\/uploads\/2025\/07\/lekki-plaszcz-przejsciowy-damski-vintage-w-jodelke.jpg\" \/>\n\t<meta property=\"og:image:width\" content=\"1500\" \/>\n\t<meta property=\"og:image:height\" content=\"2000\" \/>\n\t<meta property=\"og:image:type\" content=\"image\/jpeg\" \/>\n<meta name=\"twitter:card\" content=\"summary_large_image\" \/>\n<meta name=\"twitter:label1\" content=\"Estimated reading time\" \/>\n\t<meta name=\"twitter:data1\" content=\"4 minutes\" \/>\n<script type=\"application\/ld+json\" class=\"yoast-schema-graph\">{\"@context\":\"https:\/\/schema.org\",\"@graph\":[{\"@type\":\"WebPage\",\"@id\":\"https:\/\/talia-fashion.pl\/produkt\/plaszcz-przejsciowy-damski-w-stylu-vintage-w-jodelke-verona\/\",\"url\":\"https:\/\/talia-fashion.pl\/produkt\/plaszcz-przejsciowy-damski-w-stylu-vintage-w-jodelke-verona\/\",\"name\":\"P\u0142aszcz przej\u015bciowy damski w stylu vintage w jode\u0142k\u0119 Verona - Talia Fashion\",\"isPartOf\":{\"@id\":\"https:\/\/talia-fashion.pl\/#website\"},\"primaryImageOfPage\":{\"@id\":\"https:\/\/talia-fashion.pl\/produkt\/plaszcz-przejsciowy-damski-w-stylu-vintage-w-jodelke-verona\/#primaryimage\"},\"image\":{\"@id\":\"https:\/\/talia-fashion.pl\/produkt\/plaszcz-przejsciowy-damski-w-stylu-vintage-w-jodelke-verona\/#primaryimage\"},\"thumbnailUrl\":\"https:\/\/talia-fashion.pl\/wp-content\/uploads\/2025\/07\/lekki-plaszcz-przejsciowy-damski-vintage-w-jodelke.jpg\",\"datePublished\":\"2025-02-15T10:43:26+00:00\",\"dateModified\":\"2026-04-01T06:38:09+00:00\",\"description\":\"P\u0142aszcz przej\u015bciowy damski w stylu vintage w jode\u0142k\u0119 mokka. Limitowana ilo\u015b\u0107. Bardzo ma\u0142a seria. Szyty r\u0119cznie w Polsce, z dba\u0142o\u015bci\u0105 o ka\u017cdy szczeg\u00f3\u0142.\",\"breadcrumb\":{\"@id\":\"https:\/\/talia-fashion.pl\/produkt\/plaszcz-przejsciowy-damski-w-stylu-vintage-w-jodelke-verona\/#breadcrumb\"},\"inLanguage\":\"en-GB\",\"potentialAction\":[{\"@type\":\"ReadAction\",\"target\":[\"https:\/\/talia-fashion.pl\/produkt\/plaszcz-przejsciowy-damski-w-stylu-vintage-w-jodelke-verona\/\"]}]},{\"@type\":\"ImageObject\",\"inLanguage\":\"en-GB\",\"@id\":\"https:\/\/talia-fashion.pl\/produkt\/plaszcz-przejsciowy-damski-w-stylu-vintage-w-jodelke-verona\/#primaryimage\",\"url\":\"https:\/\/talia-fashion.pl\/wp-content\/uploads\/2025\/07\/lekki-plaszcz-przejsciowy-damski-vintage-w-jodelke.jpg\",\"contentUrl\":\"https:\/\/talia-fashion.pl\/wp-content\/uploads\/2025\/07\/lekki-plaszcz-przejsciowy-damski-vintage-w-jodelke.jpg\",\"width\":1500,\"height\":2000,\"caption\":\"Lekki p\u0142aszcz przej\u015bciowy w jode\u0142k\u0119. D\u0142ugo\u015b\u0107 w kolano. Wi\u0105zany. Styl vintage.\"},{\"@type\":\"BreadcrumbList\",\"@id\":\"https:\/\/talia-fashion.pl\/produkt\/plaszcz-przejsciowy-damski-w-stylu-vintage-w-jodelke-verona\/#breadcrumb\",\"itemListElement\":[{\"@type\":\"ListItem\",\"position\":1,\"name\":\"Strona g\u0142\u00f3wna\",\"item\":\"https:\/\/talia-fashion.pl\/\"},{\"@type\":\"ListItem\",\"position\":2,\"name\":\"Sklep\",\"item\":\"https:\/\/talia-fashion.pl\/sklep\/\"},{\"@type\":\"ListItem\",\"position\":3,\"name\":\"P\u0142aszcz przej\u015bciowy damski w stylu vintage w jode\u0142k\u0119 Verona\"}]},{\"@type\":\"WebSite\",\"@id\":\"https:\/\/talia-fashion.pl\/#website\",\"url\":\"https:\/\/talia-fashion.pl\/\",\"name\":\"Talia Fashion\",\"description\":\"\",\"potentialAction\":[{\"@type\":\"SearchAction\",\"target\":{\"@type\":\"EntryPoint\",\"urlTemplate\":\"https:\/\/talia-fashion.pl\/?s={search_term_string}\"},\"query-input\":{\"@type\":\"PropertyValueSpecification\",\"valueRequired\":true,\"valueName\":\"search_term_string\"}}],\"inLanguage\":\"en-GB\"}]}<\/script>\n<!-- \/ Yoast SEO plugin. -->","yoast_head_json":{"title":"P\u0142aszcz przej\u015bciowy damski w stylu vintage w jode\u0142k\u0119 Verona - Talia Fashion","description":"P\u0142aszcz przej\u015bciowy damski w stylu vintage w jode\u0142k\u0119 mokka. Limitowana ilo\u015b\u0107. Bardzo ma\u0142a seria. Szyty r\u0119cznie w Polsce, z dba\u0142o\u015bci\u0105 o ka\u017cdy szczeg\u00f3\u0142.","robots":{"index":"index","follow":"follow","max-snippet":"max-snippet:-1","max-image-preview":"max-image-preview:large","max-video-preview":"max-video-preview:-1"},"canonical":"https:\/\/talia-fashion.pl\/en\/product\/plaszcz-przejsciowy-damski-w-stylu-vintage-w-jodelke-verona\/","og_locale":"en_GB","og_type":"article","og_title":"P\u0142aszcz przej\u015bciowy damski w stylu vintage w jode\u0142k\u0119 Verona - Talia Fashion","og_description":"P\u0142aszcz przej\u015bciowy damski w stylu vintage w jode\u0142k\u0119 mokka. Limitowana ilo\u015b\u0107. Bardzo ma\u0142a seria. Szyty r\u0119cznie w Polsce, z dba\u0142o\u015bci\u0105 o ka\u017cdy szczeg\u00f3\u0142.","og_url":"https:\/\/talia-fashion.pl\/en\/product\/plaszcz-przejsciowy-damski-w-stylu-vintage-w-jodelke-verona\/","og_site_name":"Talia Fashion","article_modified_time":"2026-04-01T06:38:09+00:00","og_image":[{"width":1500,"height":2000,"url":"https:\/\/talia-fashion.pl\/wp-content\/uploads\/2025\/07\/lekki-plaszcz-przejsciowy-damski-vintage-w-jodelke.jpg","type":"image\/jpeg"}],"twitter_card":"summary_large_image","twitter_misc":{"Estimated reading time":"4 minutes"},"schema":{"@context":"https:\/\/schema.org","@graph":[{"@type":"WebPage","@id":"https:\/\/talia-fashion.pl\/produkt\/plaszcz-przejsciowy-damski-w-stylu-vintage-w-jodelke-verona\/","url":"https:\/\/talia-fashion.pl\/produkt\/plaszcz-przejsciowy-damski-w-stylu-vintage-w-jodelke-verona\/","name":"P\u0142aszcz przej\u015bciowy damski w stylu vintage w jode\u0142k\u0119 Verona - Talia Fashion","isPartOf":{"@id":"https:\/\/talia-fashion.pl\/#website"},"primaryImageOfPage":{"@id":"https:\/\/talia-fashion.pl\/produkt\/plaszcz-przejsciowy-damski-w-stylu-vintage-w-jodelke-verona\/#primaryimage"},"image":{"@id":"https:\/\/talia-fashion.pl\/produkt\/plaszcz-przejsciowy-damski-w-stylu-vintage-w-jodelke-verona\/#primaryimage"},"thumbnailUrl":"https:\/\/talia-fashion.pl\/wp-content\/uploads\/2025\/07\/lekki-plaszcz-przejsciowy-damski-vintage-w-jodelke.jpg","datePublished":"2025-02-15T10:43:26+00:00","dateModified":"2026-04-01T06:38:09+00:00","description":"P\u0142aszcz przej\u015bciowy damski w stylu vintage w jode\u0142k\u0119 mokka. Limitowana ilo\u015b\u0107. Bardzo ma\u0142a seria. Szyty r\u0119cznie w Polsce, z dba\u0142o\u015bci\u0105 o ka\u017cdy szczeg\u00f3\u0142.","breadcrumb":{"@id":"https:\/\/talia-fashion.pl\/produkt\/plaszcz-przejsciowy-damski-w-stylu-vintage-w-jodelke-verona\/#breadcrumb"},"inLanguage":"en-GB","potentialAction":[{"@type":"ReadAction","target":["https:\/\/talia-fashion.pl\/produkt\/plaszcz-przejsciowy-damski-w-stylu-vintage-w-jodelke-verona\/"]}]},{"@type":"ImageObject","inLanguage":"en-GB","@id":"https:\/\/talia-fashion.pl\/produkt\/plaszcz-przejsciowy-damski-w-stylu-vintage-w-jodelke-verona\/#primaryimage","url":"https:\/\/talia-fashion.pl\/wp-content\/uploads\/2025\/07\/lekki-plaszcz-przejsciowy-damski-vintage-w-jodelke.jpg","contentUrl":"https:\/\/talia-fashion.pl\/wp-content\/uploads\/2025\/07\/lekki-plaszcz-przejsciowy-damski-vintage-w-jodelke.jpg","width":1500,"height":2000,"caption":"Lekki p\u0142aszcz przej\u015bciowy w jode\u0142k\u0119. D\u0142ugo\u015b\u0107 w kolano. Wi\u0105zany. Styl vintage."},{"@type":"BreadcrumbList","@id":"https:\/\/talia-fashion.pl\/produkt\/plaszcz-przejsciowy-damski-w-stylu-vintage-w-jodelke-verona\/#breadcrumb","itemListElement":[{"@type":"ListItem","position":1,"name":"Strona g\u0142\u00f3wna","item":"https:\/\/talia-fashion.pl\/"},{"@type":"ListItem","position":2,"name":"Sklep","item":"https:\/\/talia-fashion.pl\/sklep\/"},{"@type":"ListItem","position":3,"name":"P\u0142aszcz przej\u015bciowy damski w stylu vintage w jode\u0142k\u0119 Verona"}]},{"@type":"WebSite","@id":"https:\/\/talia-fashion.pl\/#website","url":"https:\/\/talia-fashion.pl\/","name":"Talia Fashion","description":"","potentialAction":[{"@type":"SearchAction","target":{"@type":"EntryPoint","urlTemplate":"https:\/\/talia-fashion.pl\/?s={search_term_string}"},"query-input":{"@type":"PropertyValueSpecification","valueRequired":true,"valueName":"search_term_string"}}],"inLanguage":"en-GB"}]}},"_links":{"self":[{"href":"https:\/\/talia-fashion.pl\/en\/wp-json\/wp\/v2\/product\/5835","targetHints":{"allow":["GET"]}}],"collection":[{"href":"https:\/\/talia-fashion.pl\/en\/wp-json\/wp\/v2\/product"}],"about":[{"href":"https:\/\/talia-fashion.pl\/en\/wp-json\/wp\/v2\/types\/product"}],"wp:featuredmedia":[{"embeddable":true,"href":"https:\/\/talia-fashion.pl\/en\/wp-json\/wp\/v2\/media\/5836"}],"wp:attachment":[{"href":"https:\/\/talia-fashion.pl\/en\/wp-json\/wp\/v2\/media?parent=5835"}],"wp:term":[{"taxonomy":"product_cat","embeddable":true,"href":"https:\/\/talia-fashion.pl\/en\/wp-json\/wp\/v2\/product_cat?post=5835"},{"taxonomy":"product_tag","embeddable":true,"href":"https:\/\/talia-fashion.pl\/en\/wp-json\/wp\/v2\/product_tag?post=5835"}],"curies":[{"name":"wp","href":"https:\/\/api.w.org\/{rel}","templated":true}]}}