{"id":5809,"date":"2025-02-13T12:49:26","date_gmt":"2025-02-13T11:49:26","guid":{"rendered":"http:\/\/talia-fashion.pl\/produkt\/dlugi-trencz-damski-z-peleryna-khaki-stella\/"},"modified":"2026-04-19T21:03:13","modified_gmt":"2026-04-19T19:03:13","slug":"dlugi-trencz-damski-z-peleryna-khaki-stella","status":"publish","type":"product","link":"https:\/\/talia-fashion.pl\/en\/product\/dlugi-trencz-damski-z-peleryna-khaki-stella\/","title":{"rendered":"Women's long trench with cape khaki Stella"},"content":{"rendered":"<p><span lang=\"DE\"><strong>D\u0142ugi trencz damski z peleryn\u0105 khaki<\/strong> Stella to po\u0142\u0105czenie klasyki i nowocze\u015bno\u015bci. <strong>Lu\u017aniejsza forma<\/strong> prochowca uzyskana dzi\u0119ki <strong>raglanowej konstrukcji r\u0119kawa<\/strong> nadaje mu wyj\u0105tkowego stylu, a Twojej garderobie doda pazura. W zale\u017cno\u015bci od Twoich potrzeb i dodatk\u00f3w, trencz Stella zmieni sw\u00f3j charakter,\u00a0 od casualowego, po elegancki. Je\u015bli jeste\u015b mi\u0142o\u015bniczk\u0105 stylu streatwear &#8211; po\u0142\u0105cz go z lu\u017anymi d\u017cinsowymi spodniami, bia\u0142ym T-shirtem z nadrukiem i sneakersami. Je\u015bli preferujesz klasyk\u0119 &#8211; zestaw oversizowy trench z czarnymi spodniami, bia\u0142\u0105 koszul\u0105 i sk\u00f3rzanymi botkami na platformie. Taki minimalizm z mocnym akcentem na p\u0142aszcz b\u0119dzie wygl\u0105da\u0142 bardzo stylowo. Mo\u017cesz te\u017c spr\u00f3bowa\u0107 stworzy\u0107 <strong>efekt warstwowania<\/strong>. Zar\u00f3wno z we\u0142nianym sweterkiem, d\u0142ug\u0105 koszul\u0105 czy nasz\u0105 <a href=\"https:\/\/talia-fashion.pl\/en\/product\/camelowy-blazer-w-szkocka-krate-100-welna-dziewicza-oksford\/\">marynark\u0105 Oksford<\/a>. Wszystko zale\u017cy od Ciebie. <\/span><\/p>\n<p><span lang=\"DE\">Polecam r\u00f3wnie\u017c <strong>wi\u0105zanie paska na tyle<\/strong>. Doda to nonszalancji i luzu oraz podkre\u015bli sylwetk\u0119 w bardziej nietypowy spos\u00f3b. Z ca\u0142\u0105 pewno\u015bci\u0105 ten trencz d\u0142ugo zago\u015bci w Twojej szafie i sprawdzi si\u0119 w ka\u017cdej sytuacji. Tym bardziej, i\u017c po\u0142\u0105czysz go z wieloma kolorami: nie tylko bazowymi, jak be\u017cowy, szaro\u015b\u0107, biel i czer\u0144, ale r\u00f3wnie\u017c z: r\u00f3\u017cem, burugundem, czerwieni\u0105, b\u0142\u0119kitem, pomara\u0144czem i \u017c\u00f3\u0142tym.<\/span><\/p>\n<p><span lang=\"DE\">Women's long trench with cape khaki Stella<\/span> it's <strong>dwurz\u0119dowy prochowiec z rozporkiem z ty\u0142u<\/strong>, na dole p\u0142aszcza. Rozporek nie tylko wyd\u0142u\u017ca sylwetk\u0119, ale r\u00f3wnie\u017c sprawia, iz trencz jest komfortowy w chodzeniu. <span lang=\"DE\">Zapinany dwurz\u0119dowo na guziki, stanowi\u0105ce jednocze\u015bnie ozdob\u0119 p\u0142aszczyka. <strong>Wysokie podpi\u0119cie<\/strong> chroni przed wiatrem. <\/span>Ko\u0142nierz z mo\u017cliwo\u015bci\u0105 wy\u0142o\u017cenia w formie rewersu. <span lang=\"DE\"><strong>Dwie, boczne kieszenie.<\/strong> The coat has <strong>decorative epaulettes<\/strong> naszywane na ramionach i wyko\u0144czone guzikiem oraz ozdobne paski na r\u0119kawach. Przody p\u0142aszcza zosta\u0142y dodatkowo podklejone bardzo delikatn\u0105 stabilizuj\u0105c\u0105 klejonk\u0105 nadaj\u0105c\u0105 trenczowi luksusowego wygl\u0105du. P\u0142aszcz ma <strong>na ca\u0142o\u015bci podszewk\u0119<\/strong>. Odkryj nasz d\u0142ugi trencz damski z peleryn\u0105 khaki Stella i zachwy\u0107 si\u0119 jako\u015bci\u0105 wykonania.<\/span><\/p>\n<p><span lang=\"DE\">Zdj\u0119cie rzeczywiste &#8211; khaki<\/span><\/p>\n<p><span lang=\"DE\">Kolory g\u0142adkie: khaki, czarny<\/span><\/p>\n<p>The colours are presented in <a href=\"https:\/\/talia-fashion.pl\/en\/paleta-kolorow\/\">colour palette<\/a>. If in doubt, please contact us.<\/p>\n<p>The model is 172cm and a size XS.<\/p>\n<p><span lang=\"DE\">Available sizes: XS, S, M, L<\/span><\/p>\n<p>Indicative dimensions:<\/p>\n<p>XS &#8211; biust: 86-88 \/ biodra: 94-96 \/ d\u0142ugo\u015b\u0107: 106\/ r\u0119kaw: 62<br \/>\nS - bust: 90-92 \/ hips: 98-100 \/ length: 106 \/ sleeve: 62<br \/>\nM - bust: 94-96 \/ hips: 102-104 \/ length: 107 \/ sleeve: 62<br \/>\nL - bust: 98-100 \/ hips: 106-108 \/ length: 107 \/ sleeve: 63<\/p>\n<p><span lang=\"DE\">D\u0142ugi trencz damski z peleryn\u0105 khaki Stella to idealna propozycja na wiosn\u0119 i jesie\u0144, cho\u0107 i latem ochroni Ci\u0119 przed powiewami wiatru. Wypada lu\u017aniejszy, je\u015bli zatem preferowany jest bardziej dopasowany p\u0142aszcz, sugerujemy wyb\u00f3r mniejszego rozmiaru.\u00a0Mo\u017cna go wi\u0105za\u0107 paskiem, co pozwala na lepsze dopasowanie do sylwetki i podkre\u015blenie talii. Ca\u0142y urok jednak w tej lu\u017aniejszej formie. <\/span><span lang=\"DE\">If you are unsure of your size selection, please contact us.<\/span><\/p>\n<p><span lang=\"DE\">Material: 80<\/span><span lang=\"DE\">% bawe\u0142na, 20% nylon<\/span><\/p>\n<p>Lining: 100% acetate<\/p>\n<p>Acetat podobnie jak wiskoza wytwarzany jest z celulozy. Prz\u0119dza acetatowa mo\u017ce by\u0107 wytworzona r\u00f3wnie\u017c z celulozy przetworzonej np. papieru. Podszewka acetatowa doskonale wch\u0142ania wilgo\u0107 i przepuszcza powietrze, dzi\u0119ki czemu zapewnia komfort noszenia. Jest powlekana apretur\u0105 antystatyczn\u0105 i posiada certyfikat OEKOtex\u00ae Standard 100.<\/p>\n<p><span lang=\"DE\">D\u0142ugi trencz damski z peleryn\u0105 khaki Stella zaprojektowali\u015bmy i uszyli\u015bmy w naszej rodzinnej pracowni w Poznaniu, tradycyjnymi i pracoch\u0142onnymi metodami w spos\u00f3b przyjazny dla \u015brodowiska. Od 37 lat staramy si\u0119 piel\u0119gnowa\u0107 polskie rzemios\u0142o i dzi\u0119ki Wam ubieramy kolejne pokolenia. Dzi\u0119kujemy, \u017ce wybieracie lokalne produkty. <\/span><\/p>\n<p><span lang=\"DE\">D\u0142ugi trencz damski z peleryn\u0105 khaki Stella nale\u017cy czy\u015bci\u0107 chemicznie. Nasze kr\u00f3tkie wskaz\u00f3wki pozwol\u0105 cieszy\u0107 si\u0119 nim d\u0142ugie lata <a href=\"https:\/\/talia-fashion.pl\/en\/jak-pielegnowac-i-dbac-o-plaszcz\/\">How to nurture and care for the coat?\u00a0<\/a>Odpowiednie wieszanie, wietrzenie i unikanie zahacze\u0144 sprawi, \u017ce Tw\u00f3j p\u0142aszcz d\u0142ugo pozostanie pi\u0119kny.<\/span><\/p>\n<p><span lang=\"DE\">Wszystkie trencze szyjemy sami dlatego istnieje mo\u017cliwo\u015b\u0107 spersonalizowania p\u0142aszcza &#8211; np. skr\u00f3cenie, b\u0105d\u017a wyd\u0142u\u017cenie r\u0119kaw\u00f3w, wyd\u0142u\u017cenie i skr\u00f3cenie p\u0142aszcza. Koszt ustalany jest indywidualnie po uprzednim kontakcie i zale\u017cy od ilo\u015bci wprowadzanych modyfikacji. Je\u015bli nie przepadacie za pagonami na ramionach &#8211; r\u00f3wnie\u017c istnieje mo\u017cliwo\u015b\u0107 ich usuni\u0119cia.<br \/>\n<\/span><\/p>\n<p><strong>Zam\u00f3wienie indywidualne, personalizowane nie podlega wymianie, ani zwrotowi.<\/strong><\/p>\n<p><span lang=\"DE\">Czas realizacji zam\u00f3wienia uzale\u017cniamy od aktualnego stanu magazynowego w pracowni oraz dost\u0119pno\u015bci danego koloru materia\u0142u. Je\u015bli dany p\u0142aszcz jest dost\u0119pny w firmie realizacja zam\u00f3wienia nast\u0105pi bardzo szybko 2-5 dni roboczych. Je\u015bli konieczne jest uszycie p\u0142aszcza b\u0105d\u017a indywidualizacja zam\u00f3wienia \u2013 wykonanie przer\u00f3bki lub uszycie nowego p\u0142aszcza wed\u0142ug specyfikacji Klienta \u2013 czas realizacji zam\u00f3wienia mo\u017ce ulec wyd\u0142u\u017ceniu, maksymalnie do 2 tygodni.<\/span><\/p>\n<p>Prosimy o cierpliwo\u015b\u0107, musimy uszy\u0107 ten p\u0142aszcz dla Ciebie. Wi\u0119kszo\u015b\u0107 naszych p\u0142aszczy nie szyjemy na magazyn, postaramy si\u0119 jednak jak najszybciej zrealizowa\u0107 zam\u00f3wienie.<\/p>\n<p>Zach\u0119camy do polubienia naszego fanpage&#8217;a na <a href=\"https:\/\/www.facebook.com\/talia.plaszcze\">Facebook<\/a>.<\/p>","protected":false},"excerpt":{"rendered":"<p><span lang=\"DE\">D\u0142ugi trencz damski z peleryn\u0105 khaki Stella to<\/span> lu\u017aniejszy w kroju prochowiec. Zapinany dwurz\u0119dowo. Pasek podkre\u015blaj\u0105cy tali\u0119.<\/p>","protected":false},"featured_media":5810,"template":"","meta":{"_acf_changed":false},"product_cat":[31,36,27],"product_tag":[56,153,78,33,39,80,116,41,42,43,44,46,68,47,84,49,69,156,88],"class_list":{"0":"post-5809","1":"product","2":"type-product","3":"status-publish","4":"has-post-thumbnail","6":"product_cat-nowosci","7":"product_cat-plaszcze-dluzsze","8":"product_cat-trencze","9":"product_tag-bestseller","10":"product_tag-blazer","11":"product_tag-dla-roznych-sylwetek","12":"product_tag-dwurzedowy","13":"product_tag-klasyczny","14":"product_tag-luzny-kroj","15":"product_tag-marynarka","16":"product_tag-na-podszewce","17":"product_tag-nowosc","18":"product_tag-plaszcz-damski","19":"product_tag-plaszcz-damski-dlugi","20":"product_tag-plaszcz-dwurzedowy","21":"product_tag-plaszcz-jesienny","22":"product_tag-plaszcz-na-guziki","23":"product_tag-plaszcz-oversizowy","24":"product_tag-plaszcz-wiosenny","25":"product_tag-prochowiec","26":"product_tag-raglan","27":"product_tag-wiazany","29":"first","30":"instock","31":"shipping-taxable","32":"purchasable","33":"product-type-variable","34":"has-default-attributes"},"acf":[],"yoast_head":"<!-- This site is optimized with the Yoast SEO plugin v25.7 - https:\/\/yoast.com\/wordpress\/plugins\/seo\/ -->\n<title>D\u0142ugi trencz damski z peleryn\u0105 khaki Stella - Talia Fashion - trencze damskie<\/title>\n<meta name=\"description\" content=\"D\u0142ugi trencz damski z peleryn\u0105 khaki - to dwurz\u0119dowy prochowiec o oversizowym kroju z raglanowymi r\u0119kawami i d\u0142ugo\u015bci maxi. Ponadczasowa odzie\u017c wierzchnia.\" \/>\n<meta name=\"robots\" content=\"index, follow, max-snippet:-1, max-image-preview:large, max-video-preview:-1\" \/>\n<link rel=\"canonical\" href=\"https:\/\/talia-fashion.pl\/en\/product\/dlugi-trencz-damski-z-peleryna-khaki-stella\/\" \/>\n<meta property=\"og:locale\" content=\"en_GB\" \/>\n<meta property=\"og:type\" content=\"article\" \/>\n<meta property=\"og:title\" content=\"D\u0142ugi trencz damski z peleryn\u0105 khaki Stella - Talia Fashion - trencze damskie\" \/>\n<meta property=\"og:description\" content=\"D\u0142ugi trencz damski z peleryn\u0105 khaki - to dwurz\u0119dowy prochowiec o oversizowym kroju z raglanowymi r\u0119kawami i d\u0142ugo\u015bci maxi. Ponadczasowa odzie\u017c wierzchnia.\" \/>\n<meta property=\"og:url\" content=\"https:\/\/talia-fashion.pl\/en\/product\/dlugi-trencz-damski-z-peleryna-khaki-stella\/\" \/>\n<meta property=\"og:site_name\" content=\"Talia Fashion\" \/>\n<meta property=\"article:modified_time\" content=\"2026-04-19T19:03:13+00:00\" \/>\n<meta property=\"og:image\" content=\"https:\/\/talia-fashion.pl\/wp-content\/uploads\/2025\/07\/dlugi_trencz_damski_peleryna_khaki.jpg\" \/>\n\t<meta property=\"og:image:width\" content=\"1333\" \/>\n\t<meta property=\"og:image:height\" content=\"2000\" \/>\n\t<meta property=\"og:image:type\" content=\"image\/jpeg\" \/>\n<meta name=\"twitter:card\" content=\"summary_large_image\" \/>\n<meta name=\"twitter:label1\" content=\"Estimated reading time\" \/>\n\t<meta name=\"twitter:data1\" content=\"4 minutes\" \/>\n<script type=\"application\/ld+json\" class=\"yoast-schema-graph\">{\"@context\":\"https:\/\/schema.org\",\"@graph\":[{\"@type\":\"WebPage\",\"@id\":\"https:\/\/talia-fashion.pl\/produkt\/dlugi-trencz-damski-z-peleryna-khaki-stella\/\",\"url\":\"https:\/\/talia-fashion.pl\/produkt\/dlugi-trencz-damski-z-peleryna-khaki-stella\/\",\"name\":\"D\u0142ugi trencz damski z peleryn\u0105 khaki Stella - Talia Fashion - trencze damskie\",\"isPartOf\":{\"@id\":\"https:\/\/talia-fashion.pl\/#website\"},\"primaryImageOfPage\":{\"@id\":\"https:\/\/talia-fashion.pl\/produkt\/dlugi-trencz-damski-z-peleryna-khaki-stella\/#primaryimage\"},\"image\":{\"@id\":\"https:\/\/talia-fashion.pl\/produkt\/dlugi-trencz-damski-z-peleryna-khaki-stella\/#primaryimage\"},\"thumbnailUrl\":\"https:\/\/talia-fashion.pl\/wp-content\/uploads\/2025\/07\/dlugi_trencz_damski_peleryna_khaki.jpg\",\"datePublished\":\"2025-02-13T11:49:26+00:00\",\"dateModified\":\"2026-04-19T19:03:13+00:00\",\"description\":\"D\u0142ugi trencz damski z peleryn\u0105 khaki - to dwurz\u0119dowy prochowiec o oversizowym kroju z raglanowymi r\u0119kawami i d\u0142ugo\u015bci maxi. Ponadczasowa odzie\u017c wierzchnia.\",\"breadcrumb\":{\"@id\":\"https:\/\/talia-fashion.pl\/produkt\/dlugi-trencz-damski-z-peleryna-khaki-stella\/#breadcrumb\"},\"inLanguage\":\"en-GB\",\"potentialAction\":[{\"@type\":\"ReadAction\",\"target\":[\"https:\/\/talia-fashion.pl\/produkt\/dlugi-trencz-damski-z-peleryna-khaki-stella\/\"]}]},{\"@type\":\"ImageObject\",\"inLanguage\":\"en-GB\",\"@id\":\"https:\/\/talia-fashion.pl\/produkt\/dlugi-trencz-damski-z-peleryna-khaki-stella\/#primaryimage\",\"url\":\"https:\/\/talia-fashion.pl\/wp-content\/uploads\/2025\/07\/dlugi_trencz_damski_peleryna_khaki.jpg\",\"contentUrl\":\"https:\/\/talia-fashion.pl\/wp-content\/uploads\/2025\/07\/dlugi_trencz_damski_peleryna_khaki.jpg\",\"width\":1333,\"height\":2000,\"caption\":\"D\u0142ugi trencz damski z mieszanki bawe\u0142ny o hydrofobowej pow\u0142oce. Oversize.\"},{\"@type\":\"BreadcrumbList\",\"@id\":\"https:\/\/talia-fashion.pl\/produkt\/dlugi-trencz-damski-z-peleryna-khaki-stella\/#breadcrumb\",\"itemListElement\":[{\"@type\":\"ListItem\",\"position\":1,\"name\":\"Strona g\u0142\u00f3wna\",\"item\":\"https:\/\/talia-fashion.pl\/\"},{\"@type\":\"ListItem\",\"position\":2,\"name\":\"Sklep\",\"item\":\"https:\/\/talia-fashion.pl\/sklep\/\"},{\"@type\":\"ListItem\",\"position\":3,\"name\":\"D\u0142ugi trencz damski z peleryn\u0105 khaki Stella\"}]},{\"@type\":\"WebSite\",\"@id\":\"https:\/\/talia-fashion.pl\/#website\",\"url\":\"https:\/\/talia-fashion.pl\/\",\"name\":\"Talia Fashion\",\"description\":\"\",\"potentialAction\":[{\"@type\":\"SearchAction\",\"target\":{\"@type\":\"EntryPoint\",\"urlTemplate\":\"https:\/\/talia-fashion.pl\/?s={search_term_string}\"},\"query-input\":{\"@type\":\"PropertyValueSpecification\",\"valueRequired\":true,\"valueName\":\"search_term_string\"}}],\"inLanguage\":\"en-GB\"}]}<\/script>\n<!-- \/ Yoast SEO plugin. -->","yoast_head_json":{"title":"D\u0142ugi trencz damski z peleryn\u0105 khaki Stella - Talia Fashion - trencze damskie","description":"D\u0142ugi trencz damski z peleryn\u0105 khaki - to dwurz\u0119dowy prochowiec o oversizowym kroju z raglanowymi r\u0119kawami i d\u0142ugo\u015bci maxi. Ponadczasowa odzie\u017c wierzchnia.","robots":{"index":"index","follow":"follow","max-snippet":"max-snippet:-1","max-image-preview":"max-image-preview:large","max-video-preview":"max-video-preview:-1"},"canonical":"https:\/\/talia-fashion.pl\/en\/product\/dlugi-trencz-damski-z-peleryna-khaki-stella\/","og_locale":"en_GB","og_type":"article","og_title":"D\u0142ugi trencz damski z peleryn\u0105 khaki Stella - Talia Fashion - trencze damskie","og_description":"D\u0142ugi trencz damski z peleryn\u0105 khaki - to dwurz\u0119dowy prochowiec o oversizowym kroju z raglanowymi r\u0119kawami i d\u0142ugo\u015bci maxi. Ponadczasowa odzie\u017c wierzchnia.","og_url":"https:\/\/talia-fashion.pl\/en\/product\/dlugi-trencz-damski-z-peleryna-khaki-stella\/","og_site_name":"Talia Fashion","article_modified_time":"2026-04-19T19:03:13+00:00","og_image":[{"width":1333,"height":2000,"url":"https:\/\/talia-fashion.pl\/wp-content\/uploads\/2025\/07\/dlugi_trencz_damski_peleryna_khaki.jpg","type":"image\/jpeg"}],"twitter_card":"summary_large_image","twitter_misc":{"Estimated reading time":"4 minutes"},"schema":{"@context":"https:\/\/schema.org","@graph":[{"@type":"WebPage","@id":"https:\/\/talia-fashion.pl\/produkt\/dlugi-trencz-damski-z-peleryna-khaki-stella\/","url":"https:\/\/talia-fashion.pl\/produkt\/dlugi-trencz-damski-z-peleryna-khaki-stella\/","name":"D\u0142ugi trencz damski z peleryn\u0105 khaki Stella - Talia Fashion - trencze damskie","isPartOf":{"@id":"https:\/\/talia-fashion.pl\/#website"},"primaryImageOfPage":{"@id":"https:\/\/talia-fashion.pl\/produkt\/dlugi-trencz-damski-z-peleryna-khaki-stella\/#primaryimage"},"image":{"@id":"https:\/\/talia-fashion.pl\/produkt\/dlugi-trencz-damski-z-peleryna-khaki-stella\/#primaryimage"},"thumbnailUrl":"https:\/\/talia-fashion.pl\/wp-content\/uploads\/2025\/07\/dlugi_trencz_damski_peleryna_khaki.jpg","datePublished":"2025-02-13T11:49:26+00:00","dateModified":"2026-04-19T19:03:13+00:00","description":"D\u0142ugi trencz damski z peleryn\u0105 khaki - to dwurz\u0119dowy prochowiec o oversizowym kroju z raglanowymi r\u0119kawami i d\u0142ugo\u015bci maxi. Ponadczasowa odzie\u017c wierzchnia.","breadcrumb":{"@id":"https:\/\/talia-fashion.pl\/produkt\/dlugi-trencz-damski-z-peleryna-khaki-stella\/#breadcrumb"},"inLanguage":"en-GB","potentialAction":[{"@type":"ReadAction","target":["https:\/\/talia-fashion.pl\/produkt\/dlugi-trencz-damski-z-peleryna-khaki-stella\/"]}]},{"@type":"ImageObject","inLanguage":"en-GB","@id":"https:\/\/talia-fashion.pl\/produkt\/dlugi-trencz-damski-z-peleryna-khaki-stella\/#primaryimage","url":"https:\/\/talia-fashion.pl\/wp-content\/uploads\/2025\/07\/dlugi_trencz_damski_peleryna_khaki.jpg","contentUrl":"https:\/\/talia-fashion.pl\/wp-content\/uploads\/2025\/07\/dlugi_trencz_damski_peleryna_khaki.jpg","width":1333,"height":2000,"caption":"D\u0142ugi trencz damski z mieszanki bawe\u0142ny o hydrofobowej pow\u0142oce. Oversize."},{"@type":"BreadcrumbList","@id":"https:\/\/talia-fashion.pl\/produkt\/dlugi-trencz-damski-z-peleryna-khaki-stella\/#breadcrumb","itemListElement":[{"@type":"ListItem","position":1,"name":"Strona g\u0142\u00f3wna","item":"https:\/\/talia-fashion.pl\/"},{"@type":"ListItem","position":2,"name":"Sklep","item":"https:\/\/talia-fashion.pl\/sklep\/"},{"@type":"ListItem","position":3,"name":"D\u0142ugi trencz damski z peleryn\u0105 khaki Stella"}]},{"@type":"WebSite","@id":"https:\/\/talia-fashion.pl\/#website","url":"https:\/\/talia-fashion.pl\/","name":"Talia Fashion","description":"","potentialAction":[{"@type":"SearchAction","target":{"@type":"EntryPoint","urlTemplate":"https:\/\/talia-fashion.pl\/?s={search_term_string}"},"query-input":{"@type":"PropertyValueSpecification","valueRequired":true,"valueName":"search_term_string"}}],"inLanguage":"en-GB"}]}},"_links":{"self":[{"href":"https:\/\/talia-fashion.pl\/en\/wp-json\/wp\/v2\/product\/5809","targetHints":{"allow":["GET"]}}],"collection":[{"href":"https:\/\/talia-fashion.pl\/en\/wp-json\/wp\/v2\/product"}],"about":[{"href":"https:\/\/talia-fashion.pl\/en\/wp-json\/wp\/v2\/types\/product"}],"wp:featuredmedia":[{"embeddable":true,"href":"https:\/\/talia-fashion.pl\/en\/wp-json\/wp\/v2\/media\/5810"}],"wp:attachment":[{"href":"https:\/\/talia-fashion.pl\/en\/wp-json\/wp\/v2\/media?parent=5809"}],"wp:term":[{"taxonomy":"product_cat","embeddable":true,"href":"https:\/\/talia-fashion.pl\/en\/wp-json\/wp\/v2\/product_cat?post=5809"},{"taxonomy":"product_tag","embeddable":true,"href":"https:\/\/talia-fashion.pl\/en\/wp-json\/wp\/v2\/product_tag?post=5809"}],"curies":[{"name":"wp","href":"https:\/\/api.w.org\/{rel}","templated":true}]}}