{"id":5799,"date":"2025-02-12T13:13:04","date_gmt":"2025-02-12T12:13:04","guid":{"rendered":"http:\/\/talia-fashion.pl\/produkt\/plaszcz-przejsciowy-w-bezowa-jodelke-verona\/"},"modified":"2026-03-24T12:36:36","modified_gmt":"2026-03-24T11:36:36","slug":"plaszcz-przejsciowy-w-bezowa-jodelke-verona","status":"publish","type":"product","link":"https:\/\/talia-fashion.pl\/en\/product\/plaszcz-przejsciowy-w-bezowa-jodelke-verona\/","title":{"rendered":"Verona beige herringbone transitional coat"},"content":{"rendered":"<p>Verona beige herringbone transitional coat <span lang=\"DE\">to nasza najnowsza propozycja na wiosn\u0119 i jesie\u0144. Uszyli\u015bmy go z mi\u0119kkiego materia\u0142u z bardzo dobrej jako\u015bci mieszanki we\u0142nianej o l\u017cejszej gramaturze. <\/span> Znany, ponadczasowy wz\u00f3r jode\u0142ki powraca <span class=\"ILfuVd\" lang=\"pl\"><span class=\"hgKElc\">udowadniaj\u0105c, \u017ce to, co pi\u0119kne i stylowe nie przemija i nie wychodzi z mody. P\u0142aszcz utrzymany w minimalistycznym stylu. Delikatne patki na r\u0119kawach i dwurz\u0119dowe zapiecie to jedyne jego ozdoby. Na g\u0142\u00f3wn\u0105 uwag\u0119 zas\u0142uguje delikatny dese\u0144 be\u017cowej<\/span><\/span> jode\u0142ki oraz nowoczesny kr\u00f3j podkre\u015blony raglanow\u0105 konstrukcj\u0105 r\u0119kawa. Taki fason r\u0119kawa dodaje lekko\u015bci i swobody, dzi\u0119ki czemu p\u0142aszcz jest bardziej komfortowy, zw\u0142aszcza w ch\u0142odniejsze dni, kiedy cz\u0119sto trzeba na siebie nak\u0142ada\u0107 warstwy ubra\u0144. Idealnie sprawdzi si\u0119 w stylizacjach wielowarstowych. P\u0142aszcz jest lu\u017aniejszy, szczeg\u00f3lnie w g\u00f3rnej jego cz\u0119\u015bci, jednak nie oversizowy. <span lang=\"DE\">Modeluj\u0105ce zaszewki na przodzie i pasek do podkre\u015blenia talii dope\u0142niaj\u0105 ca\u0142o\u015b\u0107. Doskona\u0142a harmonia obj\u0119to\u015bci i proporcji.<br \/>\n<\/span><\/p>\n<p>Pasek uszyli\u015bmy z tego samego materia\u0142u co p\u0142aszcz. Mo\u017cna go jednak zawi\u0105za\u0107 na tyle lub wyci\u0105gn\u0105\u0107 a wtedy pude\u0142kowy kr\u00f3j p\u0142aszcza idealnie przypasuje Paniom bez wci\u0119cia w talii. Wyk\u0142adany, delikatnie poszerzany ko\u0142nierz typu rewers. Przednie, wpuszczane sko\u015bnie kieszenie. D\u0142ugo\u015b\u0107 w kolano. Rozporek na tyleW. P\u0142aszcz w ca\u0142o\u015bci na podszewce.<\/p>\n<p>Wybieraj\u0105c p\u0142aszcz przej\u015bciowy w be\u017cow\u0105 jode\u0142k\u0119 Verona, mo\u017cesz by\u0107 pewna, \u017ce fason ten b\u0119dzie doskonale komponowa\u0142 si\u0119 z rozmaitymi stylizacjami, od eleganckich przez biznesowe a\u017c po zupe\u0142nie lu\u017ane, a nawet nieco sportowe. Dzi\u0119ki temu, \u017ce model ten \u0142\u0105czy klasyk\u0119 z nowoczesno\u015bci\u0105, mo\u017cesz za\u0142o\u017cy\u0107 do niego zar\u00f3wno d\u017cinsy, we\u0142niany sweter i wygodne sneakers&#8217;y, jak i dopasowan\u0105 ma\u0142\u0105 czarn\u0105 i czu\u0142enka na s\u0142upku.\u00a0 Sk\u00f3rzana akt\u00f3wka lub pikowana torba shopper? Stylizuj jak lubisz.<\/p>\n<p>P\u0142aszcz przej\u015bciowy w be\u017cow\u0105 jode\u0142k\u0119 Verona uszyli\u015bmy z przepi\u0119knego materia\u0142u o l\u017cejszej gramaturze. \u015awietnie sprawdzi si\u0119 w wiosenno-jesienne ch\u0142ody i gdy przygrzeje s\u0142o\u0144ce, zapewniaj\u0105c komfort termiczny i przewiewno\u015b\u0107. Od wielu lat d\u0105\u017cymy do ograniczenia nadprodukcji oraz redukcji zu\u017cycia surowc\u00f3w, zasob\u00f3w naturalnych, wody oraz energii w tym celu wyszukujemy ciekawe materia\u0142y, ju\u017c wyprodukowane, cz\u0119sto dla znanych marek i przekszta\u0142camy je w p\u0142aszcze w limitowanej ilo\u015bci.<br \/>\nLaying the fabric by hand allows us to fit the pattern perfectly on the elements of the coat. Thanks to the fact that we practice traditional tailoring, you get a product created with the utmost precision and heart that we put into our daily work.<\/p>\n<p>We have provided guidance on the choice of cut on our website, under the tab <a href=\"https:\/\/talia-fashion.pl\/en\/jak-dobrac-plaszcz-do-sylwetki\/\">How do you choose a coat to suit your figure?<\/a><\/p>\n<p>Zdj\u0119cie rzeczywiste \u2013 jode\u0142ka be\u017cowa drobna<br \/>\nDost\u0119pne kolory: jode\u0142ka be\u017cowa drobna<br \/>\nThe colour of the fabric can also be seen in<a href=\"https:\/\/talia-fashion.pl\/en\/paleta-kolorow\/\"> Colour palette.<\/a><\/p>\n<p>Available sizes: XS, S, M, L<\/p>\n<p>Indicative dimensions:<\/p>\n<p>XS \u2013 biust: 86-88 \/ biodra: 94-96 \/ d\u0142ugo\u015b\u0107: 98 \/ r\u0119kaw 61<br \/>\nS \u2013 biust: 90-92 \/ biodra: 98-100 \/ d\u0142ugo\u015b\u0107: 98 \/ r\u0119kaw: 61<br \/>\nM \u2013 biust: 94-96 \/ biodra: 102-104 \/ d\u0142ugo\u015b\u0107: 99 \/ r\u0119kaw: 62<br \/>\nL \u2013 biust: 98-100 \/ biodra: 106-108 \/ d\u0142ugo\u015b\u0107: 99 \/ r\u0119kaw: 63<\/p>\n<p>Under\u00a0<a href=\"https:\/\/talia-fashion.pl\/en\/jak-dobrac-rozmiar\/\">How to choose a size?<\/a> wyja\u015bniamy jak interpretowa\u0107 powy\u017csz\u0105 tabel\u0119 rozmiar\u00f3w i dodatkowo podpowiadamy, w jaki spos\u00f3b si\u0119 zmierzy\u0107.<br \/>\nIf in doubt, please contact us.<\/p>\n<p>Materia\u0142: 70% we\u0142na dziewicza, 30% poliamid<\/p>\n<p>Lining: 100% acetate<\/p>\n<p>Acetat podobnie jak wiskoza wytwarzany jest z celulozy. Prz\u0119dza acetatowa mo\u017ce by\u0107 wytworzona r\u00f3wnie\u017c z celulozy przetworzonej np. papieru. Podszewka acetatowa doskonale wch\u0142ania wilgo\u0107 i przepuszcza powietrze, dzi\u0119ki czemu dobrze si\u0119 nosi i zapewnia komfort. Jest powlekana apretur\u0105 antystatyczn\u0105 i posiada certyfikat OEKOtex\u00ae Standard 100.<\/p>\n<p>The coat should be dry-cleaned. However, you can take care of it on a day-to-day basis by using the following products offered in our shop <a href=\"https:\/\/talia-fashion.pl\/en\/product\/szczotka-do-czyszczenia-i-pielegnacji-plaszcza\/\">Brushes for cleaning and care of the coat<\/a>. By taking care of your coat you are also helping to protect the environment, which is why in the <a href=\"https:\/\/talia-fashion.pl\/en\/jak-pielegnowac-i-dbac-o-plaszcz\/\">How to nurture and care for the coat?<\/a> we have included tips on how to extend the life of your coat.<\/p>\n<p><strong>Individual order\u00a0<\/strong>- We can carry out certain modifications at the customer's request, such as: shortening, lengthening of the sleeve, shortening and lengthening of the coat. We determine the cost individually, pricing the scope of work, after prior contact.<\/p>\n<p><strong>An individual order is not subject to exchange or refund.<\/strong><\/p>\n<p>Czas realizacji zam\u00f3wienia uzale\u017cniamy od aktualnego stanu magazynowego w firmie oraz dost\u0119pno\u015bci danego koloru materia\u0142u. Je\u015bli dany p\u0142aszcz jest dost\u0119pny w pracowni realizacja zam\u00f3wienia nast\u0105pi bardzo szybko 2-5 dni roboczych. Je\u015bli konieczne jest uszycie p\u0142aszcza lub personalizacja zam\u00f3wienia \u2013 wykonanie przer\u00f3bki lub uszycie nowego p\u0142aszcza wed\u0142ug specyfikacji Klienta \u2013 czas realizacji zam\u00f3wienia mo\u017ce ulec wyd\u0142u\u017ceniu, maksymalnie do 2 tygodni.<\/p>\n<p>P\u0142aszcz przej\u015bciowy w be\u017cow\u0105 jode\u0142k\u0119 Verona jest naszym autorskim projektem i szyjemy go w naszej rodzinnej pracowni w Poznaniu. Od ponad 37 lat zajmujemy si\u0119 rzemios\u0142em i szyjemy nasze p\u0142aszcze wed\u0142ug tradycyjnych metod, dlatego te\u017c nie szyjemy p\u0142aszczy na magazyn. Prosimy zatem o cierpliwo\u015b\u0107 w oczekiwaniu na realizacj\u0119 zam\u00f3wienia, poniewa\u017c musimy uszy\u0107 ten p\u0142aszczyk dla Ciebie.<\/p>\n<p>Stay with us longer and watch us on\u00a0<a href=\"https:\/\/www.facebook.com\/talia.plaszcze\">Facebook<\/a>\u00a0i\u00a0<a href=\"https:\/\/www.instagram.com\/talia_plaszcze\/\">Instagram.<\/a><\/p>","protected":false},"excerpt":{"rendered":"<p>Limited edition.<\/p>","protected":false},"featured_media":5800,"template":"","meta":{"_acf_changed":false},"product_cat":[55],"product_tag":[78,119,33,58,34,40,74,224,80,41,42,305,43,68,83,47,84,59,181,137,85,49,50,60,63,88,110,210,147],"class_list":{"0":"post-5799","1":"product","2":"type-product","3":"status-publish","4":"has-post-thumbnail","6":"product_cat-plaszcze-krotsze","7":"product_tag-dla-roznych-sylwetek","8":"product_tag-dlugi-plaszcz-zimowy","9":"product_tag-dwurzedowy","10":"product_tag-dyplomatka-dwurzedowa","11":"product_tag-handmade","12":"product_tag-kolnierz","13":"product_tag-kurtka-damska","14":"product_tag-limited-edition","15":"product_tag-luzny-kroj","16":"product_tag-na-podszewce","17":"product_tag-nowosc","18":"product_tag-plaszcz-bezowy","19":"product_tag-plaszcz-damski","20":"product_tag-plaszcz-jesienny","21":"product_tag-plaszcz-luzny","22":"product_tag-plaszcz-na-guziki","23":"product_tag-plaszcz-oversizowy","24":"product_tag-plaszcz-przejsciowy","25":"product_tag-plaszcz-w-jodelke","26":"product_tag-plaszcz-w-kolano","27":"product_tag-plaszcz-welniany","28":"product_tag-plaszcz-wiosenny","29":"product_tag-plaszcz-z-rewersem","30":"product_tag-producent-plaszczy-damskich","31":"product_tag-welniany","32":"product_tag-wiazany","33":"product_tag-z-paskiem","34":"product_tag-za-kolano","35":"product_tag-zrownowazona-produkcja","37":"first","38":"instock","39":"shipping-taxable","40":"purchasable","41":"product-type-variable","42":"has-default-attributes"},"acf":[],"yoast_head":"<!-- This site is optimized with the Yoast SEO plugin v25.7 - https:\/\/yoast.com\/wordpress\/plugins\/seo\/ -->\n<title>P\u0142aszcz przej\u015bciowy w be\u017cow\u0105 jode\u0142k\u0119 Verona - Talia Fashion - p\u0142aszcze damskie<\/title>\n<meta name=\"description\" content=\"P\u0142aszcz przej\u015bciowy w be\u017cow\u0105 jode\u0142k\u0119 z mieszanki we\u0142ny. Limitowana ilo\u015b\u0107. Bardzo ma\u0142a seria. Szyty r\u0119cznie w Polsce, z dba\u0142o\u015bci\u0105 o ka\u017cdy szczeg\u00f3\u0142.\" \/>\n<meta name=\"robots\" content=\"index, follow, max-snippet:-1, max-image-preview:large, max-video-preview:-1\" \/>\n<link rel=\"canonical\" href=\"https:\/\/talia-fashion.pl\/en\/product\/plaszcz-przejsciowy-w-bezowa-jodelke-verona\/\" \/>\n<meta property=\"og:locale\" content=\"en_GB\" \/>\n<meta property=\"og:type\" content=\"article\" \/>\n<meta property=\"og:title\" content=\"P\u0142aszcz przej\u015bciowy w be\u017cow\u0105 jode\u0142k\u0119 Verona - Talia Fashion - p\u0142aszcze damskie\" \/>\n<meta property=\"og:description\" content=\"P\u0142aszcz przej\u015bciowy w be\u017cow\u0105 jode\u0142k\u0119 z mieszanki we\u0142ny. Limitowana ilo\u015b\u0107. Bardzo ma\u0142a seria. Szyty r\u0119cznie w Polsce, z dba\u0142o\u015bci\u0105 o ka\u017cdy szczeg\u00f3\u0142.\" \/>\n<meta property=\"og:url\" content=\"https:\/\/talia-fashion.pl\/en\/product\/plaszcz-przejsciowy-w-bezowa-jodelke-verona\/\" \/>\n<meta property=\"og:site_name\" content=\"Talia Fashion\" \/>\n<meta property=\"article:modified_time\" content=\"2026-03-24T11:36:36+00:00\" \/>\n<meta property=\"og:image\" content=\"https:\/\/talia-fashion.pl\/wp-content\/uploads\/2025\/07\/plaszcz-przejsciowy-jodelka-bezowa-luzny-kroj-960x1280.jpg\" \/>\n\t<meta property=\"og:image:width\" content=\"960\" \/>\n\t<meta property=\"og:image:height\" content=\"1280\" \/>\n\t<meta property=\"og:image:type\" content=\"image\/jpeg\" \/>\n<meta name=\"twitter:card\" content=\"summary_large_image\" \/>\n<meta name=\"twitter:label1\" content=\"Estimated reading time\" \/>\n\t<meta name=\"twitter:data1\" content=\"4 minutes\" \/>\n<script type=\"application\/ld+json\" class=\"yoast-schema-graph\">{\"@context\":\"https:\/\/schema.org\",\"@graph\":[{\"@type\":\"WebPage\",\"@id\":\"https:\/\/talia-fashion.pl\/produkt\/plaszcz-przejsciowy-w-bezowa-jodelke-verona\/\",\"url\":\"https:\/\/talia-fashion.pl\/produkt\/plaszcz-przejsciowy-w-bezowa-jodelke-verona\/\",\"name\":\"P\u0142aszcz przej\u015bciowy w be\u017cow\u0105 jode\u0142k\u0119 Verona - Talia Fashion - p\u0142aszcze damskie\",\"isPartOf\":{\"@id\":\"https:\/\/talia-fashion.pl\/#website\"},\"primaryImageOfPage\":{\"@id\":\"https:\/\/talia-fashion.pl\/produkt\/plaszcz-przejsciowy-w-bezowa-jodelke-verona\/#primaryimage\"},\"image\":{\"@id\":\"https:\/\/talia-fashion.pl\/produkt\/plaszcz-przejsciowy-w-bezowa-jodelke-verona\/#primaryimage\"},\"thumbnailUrl\":\"https:\/\/talia-fashion.pl\/wp-content\/uploads\/2025\/07\/plaszcz-przejsciowy-jodelka-bezowa-luzny-kroj.jpg\",\"datePublished\":\"2025-02-12T12:13:04+00:00\",\"dateModified\":\"2026-03-24T11:36:36+00:00\",\"description\":\"P\u0142aszcz przej\u015bciowy w be\u017cow\u0105 jode\u0142k\u0119 z mieszanki we\u0142ny. Limitowana ilo\u015b\u0107. Bardzo ma\u0142a seria. Szyty r\u0119cznie w Polsce, z dba\u0142o\u015bci\u0105 o ka\u017cdy szczeg\u00f3\u0142.\",\"breadcrumb\":{\"@id\":\"https:\/\/talia-fashion.pl\/produkt\/plaszcz-przejsciowy-w-bezowa-jodelke-verona\/#breadcrumb\"},\"inLanguage\":\"en-GB\",\"potentialAction\":[{\"@type\":\"ReadAction\",\"target\":[\"https:\/\/talia-fashion.pl\/produkt\/plaszcz-przejsciowy-w-bezowa-jodelke-verona\/\"]}]},{\"@type\":\"ImageObject\",\"inLanguage\":\"en-GB\",\"@id\":\"https:\/\/talia-fashion.pl\/produkt\/plaszcz-przejsciowy-w-bezowa-jodelke-verona\/#primaryimage\",\"url\":\"https:\/\/talia-fashion.pl\/wp-content\/uploads\/2025\/07\/plaszcz-przejsciowy-jodelka-bezowa-luzny-kroj.jpg\",\"contentUrl\":\"https:\/\/talia-fashion.pl\/wp-content\/uploads\/2025\/07\/plaszcz-przejsciowy-jodelka-bezowa-luzny-kroj.jpg\",\"width\":1500,\"height\":2000,\"caption\":\"P\u0142aszcz przej\u015bciowy na wiosn\u0119 i jesie\u0144 z l\u017cejszej tkaniny z przewag\u0105 we\u0142ny. Ponadczasowy wz\u00f3r jode\u0142ki w be\u017cowych odcieniach.\"},{\"@type\":\"BreadcrumbList\",\"@id\":\"https:\/\/talia-fashion.pl\/produkt\/plaszcz-przejsciowy-w-bezowa-jodelke-verona\/#breadcrumb\",\"itemListElement\":[{\"@type\":\"ListItem\",\"position\":1,\"name\":\"Strona g\u0142\u00f3wna\",\"item\":\"https:\/\/talia-fashion.pl\/\"},{\"@type\":\"ListItem\",\"position\":2,\"name\":\"Sklep\",\"item\":\"https:\/\/talia-fashion.pl\/sklep\/\"},{\"@type\":\"ListItem\",\"position\":3,\"name\":\"P\u0142aszcz przej\u015bciowy w be\u017cow\u0105 jode\u0142k\u0119 Verona\"}]},{\"@type\":\"WebSite\",\"@id\":\"https:\/\/talia-fashion.pl\/#website\",\"url\":\"https:\/\/talia-fashion.pl\/\",\"name\":\"Talia Fashion\",\"description\":\"\",\"potentialAction\":[{\"@type\":\"SearchAction\",\"target\":{\"@type\":\"EntryPoint\",\"urlTemplate\":\"https:\/\/talia-fashion.pl\/?s={search_term_string}\"},\"query-input\":{\"@type\":\"PropertyValueSpecification\",\"valueRequired\":true,\"valueName\":\"search_term_string\"}}],\"inLanguage\":\"en-GB\"}]}<\/script>\n<!-- \/ Yoast SEO plugin. -->","yoast_head_json":{"title":"P\u0142aszcz przej\u015bciowy w be\u017cow\u0105 jode\u0142k\u0119 Verona - Talia Fashion - p\u0142aszcze damskie","description":"P\u0142aszcz przej\u015bciowy w be\u017cow\u0105 jode\u0142k\u0119 z mieszanki we\u0142ny. Limitowana ilo\u015b\u0107. Bardzo ma\u0142a seria. Szyty r\u0119cznie w Polsce, z dba\u0142o\u015bci\u0105 o ka\u017cdy szczeg\u00f3\u0142.","robots":{"index":"index","follow":"follow","max-snippet":"max-snippet:-1","max-image-preview":"max-image-preview:large","max-video-preview":"max-video-preview:-1"},"canonical":"https:\/\/talia-fashion.pl\/en\/product\/plaszcz-przejsciowy-w-bezowa-jodelke-verona\/","og_locale":"en_GB","og_type":"article","og_title":"P\u0142aszcz przej\u015bciowy w be\u017cow\u0105 jode\u0142k\u0119 Verona - Talia Fashion - p\u0142aszcze damskie","og_description":"P\u0142aszcz przej\u015bciowy w be\u017cow\u0105 jode\u0142k\u0119 z mieszanki we\u0142ny. Limitowana ilo\u015b\u0107. Bardzo ma\u0142a seria. Szyty r\u0119cznie w Polsce, z dba\u0142o\u015bci\u0105 o ka\u017cdy szczeg\u00f3\u0142.","og_url":"https:\/\/talia-fashion.pl\/en\/product\/plaszcz-przejsciowy-w-bezowa-jodelke-verona\/","og_site_name":"Talia Fashion","article_modified_time":"2026-03-24T11:36:36+00:00","og_image":[{"width":960,"height":1280,"url":"https:\/\/talia-fashion.pl\/wp-content\/uploads\/2025\/07\/plaszcz-przejsciowy-jodelka-bezowa-luzny-kroj-960x1280.jpg","type":"image\/jpeg"}],"twitter_card":"summary_large_image","twitter_misc":{"Estimated reading time":"4 minutes"},"schema":{"@context":"https:\/\/schema.org","@graph":[{"@type":"WebPage","@id":"https:\/\/talia-fashion.pl\/produkt\/plaszcz-przejsciowy-w-bezowa-jodelke-verona\/","url":"https:\/\/talia-fashion.pl\/produkt\/plaszcz-przejsciowy-w-bezowa-jodelke-verona\/","name":"P\u0142aszcz przej\u015bciowy w be\u017cow\u0105 jode\u0142k\u0119 Verona - Talia Fashion - p\u0142aszcze damskie","isPartOf":{"@id":"https:\/\/talia-fashion.pl\/#website"},"primaryImageOfPage":{"@id":"https:\/\/talia-fashion.pl\/produkt\/plaszcz-przejsciowy-w-bezowa-jodelke-verona\/#primaryimage"},"image":{"@id":"https:\/\/talia-fashion.pl\/produkt\/plaszcz-przejsciowy-w-bezowa-jodelke-verona\/#primaryimage"},"thumbnailUrl":"https:\/\/talia-fashion.pl\/wp-content\/uploads\/2025\/07\/plaszcz-przejsciowy-jodelka-bezowa-luzny-kroj.jpg","datePublished":"2025-02-12T12:13:04+00:00","dateModified":"2026-03-24T11:36:36+00:00","description":"P\u0142aszcz przej\u015bciowy w be\u017cow\u0105 jode\u0142k\u0119 z mieszanki we\u0142ny. Limitowana ilo\u015b\u0107. Bardzo ma\u0142a seria. Szyty r\u0119cznie w Polsce, z dba\u0142o\u015bci\u0105 o ka\u017cdy szczeg\u00f3\u0142.","breadcrumb":{"@id":"https:\/\/talia-fashion.pl\/produkt\/plaszcz-przejsciowy-w-bezowa-jodelke-verona\/#breadcrumb"},"inLanguage":"en-GB","potentialAction":[{"@type":"ReadAction","target":["https:\/\/talia-fashion.pl\/produkt\/plaszcz-przejsciowy-w-bezowa-jodelke-verona\/"]}]},{"@type":"ImageObject","inLanguage":"en-GB","@id":"https:\/\/talia-fashion.pl\/produkt\/plaszcz-przejsciowy-w-bezowa-jodelke-verona\/#primaryimage","url":"https:\/\/talia-fashion.pl\/wp-content\/uploads\/2025\/07\/plaszcz-przejsciowy-jodelka-bezowa-luzny-kroj.jpg","contentUrl":"https:\/\/talia-fashion.pl\/wp-content\/uploads\/2025\/07\/plaszcz-przejsciowy-jodelka-bezowa-luzny-kroj.jpg","width":1500,"height":2000,"caption":"P\u0142aszcz przej\u015bciowy na wiosn\u0119 i jesie\u0144 z l\u017cejszej tkaniny z przewag\u0105 we\u0142ny. Ponadczasowy wz\u00f3r jode\u0142ki w be\u017cowych odcieniach."},{"@type":"BreadcrumbList","@id":"https:\/\/talia-fashion.pl\/produkt\/plaszcz-przejsciowy-w-bezowa-jodelke-verona\/#breadcrumb","itemListElement":[{"@type":"ListItem","position":1,"name":"Strona g\u0142\u00f3wna","item":"https:\/\/talia-fashion.pl\/"},{"@type":"ListItem","position":2,"name":"Sklep","item":"https:\/\/talia-fashion.pl\/sklep\/"},{"@type":"ListItem","position":3,"name":"P\u0142aszcz przej\u015bciowy w be\u017cow\u0105 jode\u0142k\u0119 Verona"}]},{"@type":"WebSite","@id":"https:\/\/talia-fashion.pl\/#website","url":"https:\/\/talia-fashion.pl\/","name":"Talia Fashion","description":"","potentialAction":[{"@type":"SearchAction","target":{"@type":"EntryPoint","urlTemplate":"https:\/\/talia-fashion.pl\/?s={search_term_string}"},"query-input":{"@type":"PropertyValueSpecification","valueRequired":true,"valueName":"search_term_string"}}],"inLanguage":"en-GB"}]}},"_links":{"self":[{"href":"https:\/\/talia-fashion.pl\/en\/wp-json\/wp\/v2\/product\/5799","targetHints":{"allow":["GET"]}}],"collection":[{"href":"https:\/\/talia-fashion.pl\/en\/wp-json\/wp\/v2\/product"}],"about":[{"href":"https:\/\/talia-fashion.pl\/en\/wp-json\/wp\/v2\/types\/product"}],"wp:featuredmedia":[{"embeddable":true,"href":"https:\/\/talia-fashion.pl\/en\/wp-json\/wp\/v2\/media\/5800"}],"wp:attachment":[{"href":"https:\/\/talia-fashion.pl\/en\/wp-json\/wp\/v2\/media?parent=5799"}],"wp:term":[{"taxonomy":"product_cat","embeddable":true,"href":"https:\/\/talia-fashion.pl\/en\/wp-json\/wp\/v2\/product_cat?post=5799"},{"taxonomy":"product_tag","embeddable":true,"href":"https:\/\/talia-fashion.pl\/en\/wp-json\/wp\/v2\/product_tag?post=5799"}],"curies":[{"name":"wp","href":"https:\/\/api.w.org\/{rel}","templated":true}]}}