{"id":5770,"date":"2025-02-11T13:22:40","date_gmt":"2025-02-11T12:22:40","guid":{"rendered":"http:\/\/talia-fashion.pl\/produkt\/camelowy-blazer-w-szkocka-krate-100-welna-dziewicza-oksford\/"},"modified":"2026-04-16T12:23:42","modified_gmt":"2026-04-16T10:23:42","slug":"camelowy-blazer-w-szkocka-krate-100-welna-dziewicza-oksford","status":"publish","type":"product","link":"https:\/\/talia-fashion.pl\/en\/product\/camelowy-blazer-w-szkocka-krate-100-welna-dziewicza-oksford\/","title":{"rendered":"Camel blazer in Scottish check 100% virgin wool Oxford"},"content":{"rendered":"<p>Camelowy blazer w szkock\u0105 krat\u0119 100% we\u0142na dziewicza Oksford to lu\u017ana marynarka w ponadczasowy, subtelny wz\u00f3r, kt\u00f3ra \u015bwietnie sprawdzi si\u0119 w biurze, jak i na spotkaniu z przyjaci\u00f3\u0142mi. Najmodniejszy w tym sezonie kr\u00f3j o zr\u00f3wnowa\u017conych proporcjach &#8211; lu\u017any, ale jednocze\u015bnie podkre\u015blaj\u0105cy tali\u0119 dzi\u0119ki zaszewkom modeluj\u0105cym na tyle i przodzie. Model zapinany na guziki, z ko\u0142nierzem typu rewers. Dwie kieszenie na przodzie wyko\u0144czone patkami oraz kryta kieszonka na wysoko\u015bci ramion. D\u0142ugi r\u0119kaw ozdobiony r\u0119cznie przyszywanymi guzikami. Jednorz\u0119dowy blazer z we\u0142ny w drobn\u0105 kratk\u0119 o bardzo wygodnej i swobodnej linii, bez rozci\u0119cia z ty\u0142u. Uszyty z wysokiej jako\u015bci mi\u0119sistej we\u0142ny dziewiczej. Dzi\u0119ki we\u0142nie i acetatowej podszewce idealnie wcieli si\u0119 w rol\u0119 przej\u015bciowego p\u0142aszcza, jak i zast\u0105pi klasyczny trencz, zapewniaj\u0105c komfort termiczny w ch\u0142odniejsze dni. Wersja limitowana. Wy\u015bmienity na ka\u017cd\u0105 por\u0119 roku &#8211; czy to w roli marynarki czy okrycia wierzchniego.<\/p>\n<p>Camelowy blazer w szkock\u0105 krat\u0119 100% we\u0142na dziewicza Oksford \u0142\u0105czy w sobie klasyczne elementy i nowoczesne akcenty. Dzi\u0119ki czemu \u0142atwo zestawisz go z pozosta\u0142ymi elementami swojej garderoby tworz\u0105c najr\u00f3\u017cniejsze stylizacje. Mi\u0119kka tkanina w tradycyjny wz\u00f3r i nowoczesna linia marynarki z nut\u0105 m\u0119skiej elegancji nawi\u0105zuje do stylu vintage. Kt\u00f3ry stawia na ponadczasowo\u015b\u0107, wygod\u0119 i jako\u015b\u0107. Marynarka Oksford idealnie sprawdzi si\u0119 w stylizacjach wielowarstowych &#8211; z bia\u0142\u0105 koszul\u0105, sweterkiem i obowi\u0105zkowo &#8211; z apaszk\u0105. Zestawiona z we\u0142nianym golfem i szerokimi we\u0142nianymi spodniami &#8211; otuli. \u015awietnie prezentowa\u0107 si\u0119 b\u0119dzie w wersji &#8222;na sportowo&#8221; z bluz\u0105, d\u017cinsami i sneakersami. Stylizuj, tak jak lubisz najbardziej.<\/p>\n<p>R\u0119czne uk\u0142adanie tkaniny pozwala nam na idealne spasowanie wzoru kratki na elementach marynarki. Dzi\u0119ki temu, \u017ce uprawiamy tradycyjne krawiectwo trafia do Ciebie produkt stworzony z najwy\u017csz\u0105 precyzj\u0105 i sercem, kt\u00f3re wk\u0142adamy w nasz\u0105 codzienn\u0105 prac\u0119.<\/p>\n<p>If you're wondering which coat to choose, we suggest you take a look at our tips <a href=\"https:\/\/talia-fashion.pl\/en\/jak-dobrac-plaszcz-do-sylwetki\/\">How do you choose a coat to suit your figure?<\/a><\/p>\n<p>Actual photo - warm beige with a fine check pattern<\/p>\n<p>Dost\u0119pne kolory &#8211; ciep\u0142y be\u017c w drobn\u0105 krat\u0119 (burgund, oliwka i czer\u0144)<\/p>\n<p>The colours are shown in the pictures of the coats in different cuts, in the other auctions and in the <a href=\"https:\/\/talia-fashion.pl\/en\/paleta-kolorow\/\">colour palette<\/a>. If in doubt, please contact us.<\/p>\n<p>Available sizes: XS, S, M, L<\/p>\n<p>Indicative dimensions:<\/p>\n<p>XS &#8211; biust: 86-88 \/ biodra: 94-96 \/ d\u0142ugo\u015b\u0107: 75 \/ r\u0119kaw: 61<br \/>\nS &#8211; biust: 90-92 \/ biodra: 98-100 \/ d\u0142ugo\u015b\u0107: 75\/ r\u0119kaw: 62<br \/>\nM &#8211; biust: 94-96 \/ biodra: 102-104 \/ d\u0142ugo\u015b\u0107: 75 \/ r\u0119kaw: 62<br \/>\nL &#8211; biust: 98-100 \/ biodra: 106-108 \/ d\u0142ugo\u015b\u0107: 75 \/ r\u0119kaw: 63<\/p>\n<p>If you are unsure about the size, please contact us.<\/p>\n<p>The model is 172cm and a size S.<\/p>\n<p>Materia\u0142: 100% we\u0142na dziewicza<\/p>\n<p>Lining: 100% acetate<\/p>\n<p>Like viscose, acetate is produced from cellulose. Acetate yarn can also be made from recycled cellulose such as paper. The acetate lining is excellent at absorbing moisture and permeable to air. It is coated with an antistatic apprettee and is OEKOtex\u00ae Standard 100 certified.<\/p>\n<p>Camelowy blazer w szkock\u0105 krat\u0119 100% we\u0142na dziewicza Oksford zaprojektowali\u015bmy i od pocz\u0105tku do ko\u0144ca uszyli\u015bmy w naszej pracowni. Od 37 lat pracujemy zgodnie z zasadami zr\u00f3wnowa\u017conego rozwoju a tak\u017ce promujemy polskie, tradycyjne rzemios\u0142o. \u00a0Od wielu lat d\u0105\u017cymy do ograniczenia nadprodukcji oraz redukcji zu\u017cycia surowc\u00f3w, zasob\u00f3w naturalnych, wody oraz energii w tym celu wyszukujemy ciekawe materia\u0142y, ju\u017c wyprodukowane, cz\u0119sto dla znanych marek i przekszta\u0142camy je w p\u0142aszcze w limitowanej ilo\u015bci.<\/p>\n<p>The jacket should be dry-cleaned. For frequent refreshing of the wool we recommend the following <a href=\"https:\/\/talia-fashion.pl\/en\/product\/szczotka-do-czyszczenia-i-pielegnacji-plaszcza\/\">Brush for cleaning and care of the coat<\/a><a href=\"https:\/\/talia-fashion.pl\/en\/product\/szczotka-do-czyszczenia-i-pielegnacji-plaszcza\/\">, <\/a>which you can buy in our shop. Caring for clothing is caring for the environment.<\/p>\n<p><strong>Individual order - <\/strong>istnieje mo\u017cliwo\u015b\u0107 wykonania pewnych modyfikacji na \u017cyczenie Klienta: skr\u00f3cenie, wyd\u0142u\u017cenie r\u0119kawa, skr\u00f3cenie i wyd\u0142u\u017cenie marynarki, uszycie marynarki w rozmiarze XL. Koszt ustalany indywidualnie, po uprzednim kontakcie.<\/p>\n<p><strong>An individual order is not subject to exchange or refund.<\/strong><\/p>\n<p>Czas realizacji uzale\u017cniony jest od aktualnego stanu magazynowego w pracowni oraz dost\u0119pno\u015bci danego koloru materia\u0142u. Je\u015bli dany p\u0142aszcz jest dost\u0119pny w firmie realizacja zam\u00f3wienia nast\u0105pi bardzo szybko 2-5 dni roboczych. Je\u015bli konieczne jest uszycie p\u0142aszcza\/marynarki b\u0105d\u017a indywidualizacja zam\u00f3wienia \u2013 wykonanie przer\u00f3bki lub uszycie nowego p\u0142aszcza wed\u0142ug specyfikacji \u2013 czas realizacji zam\u00f3wienia mo\u017ce ulec wyd\u0142u\u017ceniu, maksymalnie do 2 tygodni.<\/p>\n<p>Prosimy o cierpliwo\u015b\u0107, w wi\u0119kszo\u015bci przypadk\u00f3w nie szyjemy na magazyn, a uszycie p\u0142aszcza, marynarki czy trencza wymaga czasu i precyzji. Dzi\u0119kujemy, \u017ce wspierasz lokalne rzemios\u0142o.<\/p>\n<p>We encourage you to like our fanpage on <a href=\"https:\/\/www.facebook.com\/talia.plaszcze\">Facebook<\/a>\u00a0i\u00a0<a href=\"https:\/\/www.instagram.com\/talia_plaszcze\/\">Instagram<\/a><\/p>","protected":false},"excerpt":{"rendered":"<p>Camelowy blazer w szkock\u0105 krat\u0119 100% we\u0142na dziewicza Oksford to lu\u017ana marynarka w subteln\u0105 kratk\u0119, kt\u00f3ra \u015bwietnie sprawdzi si\u0119 w roli p\u0142aszcza i zast\u0105pi klasyczny trencz.<\/p>","protected":false},"featured_media":5771,"template":"","meta":{"_acf_changed":false},"product_cat":[28,31,55],"product_tag":[153,302,89,274,78,37,58,34,257,74,80,116,303,121,41,42,43,68,47,84,181,94,49,50,69,60,61,282,304,53,139,63,88,117],"class_list":{"0":"post-5770","1":"product","2":"type-product","3":"status-publish","4":"has-post-thumbnail","6":"product_cat-marynarki-damskie","7":"product_cat-nowosci","8":"product_cat-plaszcze-krotsze","9":"product_tag-blazer","10":"product_tag-camelowa-marynarka","11":"product_tag-cieply","12":"product_tag-deadstock","13":"product_tag-dla-roznych-sylwetek","14":"product_tag-dyplomatka","15":"product_tag-dyplomatka-dwurzedowa","16":"product_tag-handmade","17":"product_tag-krotki-trencz-damski","18":"product_tag-kurtka-damska","19":"product_tag-luzny-kroj","20":"product_tag-marynarka","21":"product_tag-marynarka-welniana","22":"product_tag-materialy-przyjazne-dla-srodowiska","23":"product_tag-na-podszewce","24":"product_tag-nowosc","25":"product_tag-plaszcz-damski","26":"product_tag-plaszcz-jesienny","27":"product_tag-plaszcz-na-guziki","28":"product_tag-plaszcz-oversizowy","29":"product_tag-plaszcz-w-jodelke","30":"product_tag-plaszcz-w-krate","31":"product_tag-plaszcz-wiosenny","32":"product_tag-plaszcz-z-rewersem","33":"product_tag-prochowiec","34":"product_tag-producent-plaszczy-damskich","35":"product_tag-recznie-szyty","36":"product_tag-vintage","37":"product_tag-w-kratke","38":"product_tag-welna","39":"product_tag-welna-dziewicza","40":"product_tag-welniany","41":"product_tag-wiazany","42":"product_tag-zakiet","44":"first","45":"instock","46":"shipping-taxable","47":"purchasable","48":"product-type-variable","49":"has-default-attributes"},"acf":[],"yoast_head":"<!-- This site is optimized with the Yoast SEO plugin v25.7 - https:\/\/yoast.com\/wordpress\/plugins\/seo\/ -->\n<title>Camelowy blazer w szkock\u0105 krat\u0119 100% we\u0142na dziewicza Oksford<\/title>\n<meta name=\"description\" content=\"Camelowy blazer w szkock\u0105 krat\u0119 100% we\u0142na dziewicza to klasyk na lata. Zaprojektowany i uszyty w naszej pracowni, z dba\u0142o\u015bci\u0105 o ka\u017cdy szczeg\u00f3\u0142. Vintage\" \/>\n<meta name=\"robots\" content=\"index, follow, max-snippet:-1, max-image-preview:large, max-video-preview:-1\" \/>\n<link rel=\"canonical\" href=\"https:\/\/talia-fashion.pl\/en\/product\/camelowy-blazer-w-szkocka-krate-100-welna-dziewicza-oksford\/\" \/>\n<meta property=\"og:locale\" content=\"en_GB\" \/>\n<meta property=\"og:type\" content=\"article\" \/>\n<meta property=\"og:title\" content=\"Camelowy blazer w szkock\u0105 krat\u0119 100% we\u0142na dziewicza Oksford\" \/>\n<meta property=\"og:description\" content=\"Camelowy blazer w szkock\u0105 krat\u0119 100% we\u0142na dziewicza to klasyk na lata. Zaprojektowany i uszyty w naszej pracowni, z dba\u0142o\u015bci\u0105 o ka\u017cdy szczeg\u00f3\u0142. Vintage\" \/>\n<meta property=\"og:url\" content=\"https:\/\/talia-fashion.pl\/en\/product\/camelowy-blazer-w-szkocka-krate-100-welna-dziewicza-oksford\/\" \/>\n<meta property=\"og:site_name\" content=\"Talia Fashion\" \/>\n<meta property=\"article:modified_time\" content=\"2026-04-16T10:23:42+00:00\" \/>\n<meta property=\"og:image\" content=\"https:\/\/talia-fashion.pl\/wp-content\/uploads\/2025\/07\/camelowy_welniany_blazer_szkocka_krata.jpg\" \/>\n\t<meta property=\"og:image:width\" content=\"1125\" \/>\n\t<meta property=\"og:image:height\" content=\"2000\" \/>\n\t<meta property=\"og:image:type\" content=\"image\/jpeg\" \/>\n<meta name=\"twitter:card\" content=\"summary_large_image\" \/>\n<meta name=\"twitter:label1\" content=\"Estimated reading time\" \/>\n\t<meta name=\"twitter:data1\" content=\"4 minutes\" \/>\n<script type=\"application\/ld+json\" class=\"yoast-schema-graph\">{\"@context\":\"https:\/\/schema.org\",\"@graph\":[{\"@type\":\"WebPage\",\"@id\":\"https:\/\/talia-fashion.pl\/produkt\/camelowy-blazer-w-szkocka-krate-100-welna-dziewicza-oksford\/\",\"url\":\"https:\/\/talia-fashion.pl\/produkt\/camelowy-blazer-w-szkocka-krate-100-welna-dziewicza-oksford\/\",\"name\":\"Camelowy blazer w szkock\u0105 krat\u0119 100% we\u0142na dziewicza Oksford\",\"isPartOf\":{\"@id\":\"https:\/\/talia-fashion.pl\/#website\"},\"primaryImageOfPage\":{\"@id\":\"https:\/\/talia-fashion.pl\/produkt\/camelowy-blazer-w-szkocka-krate-100-welna-dziewicza-oksford\/#primaryimage\"},\"image\":{\"@id\":\"https:\/\/talia-fashion.pl\/produkt\/camelowy-blazer-w-szkocka-krate-100-welna-dziewicza-oksford\/#primaryimage\"},\"thumbnailUrl\":\"https:\/\/talia-fashion.pl\/wp-content\/uploads\/2025\/07\/camelowy_welniany_blazer_szkocka_krata.jpg\",\"datePublished\":\"2025-02-11T12:22:40+00:00\",\"dateModified\":\"2026-04-16T10:23:42+00:00\",\"description\":\"Camelowy blazer w szkock\u0105 krat\u0119 100% we\u0142na dziewicza to klasyk na lata. Zaprojektowany i uszyty w naszej pracowni, z dba\u0142o\u015bci\u0105 o ka\u017cdy szczeg\u00f3\u0142. Vintage\",\"breadcrumb\":{\"@id\":\"https:\/\/talia-fashion.pl\/produkt\/camelowy-blazer-w-szkocka-krate-100-welna-dziewicza-oksford\/#breadcrumb\"},\"inLanguage\":\"en-GB\",\"potentialAction\":[{\"@type\":\"ReadAction\",\"target\":[\"https:\/\/talia-fashion.pl\/produkt\/camelowy-blazer-w-szkocka-krate-100-welna-dziewicza-oksford\/\"]}]},{\"@type\":\"ImageObject\",\"inLanguage\":\"en-GB\",\"@id\":\"https:\/\/talia-fashion.pl\/produkt\/camelowy-blazer-w-szkocka-krate-100-welna-dziewicza-oksford\/#primaryimage\",\"url\":\"https:\/\/talia-fashion.pl\/wp-content\/uploads\/2025\/07\/camelowy_welniany_blazer_szkocka_krata.jpg\",\"contentUrl\":\"https:\/\/talia-fashion.pl\/wp-content\/uploads\/2025\/07\/camelowy_welniany_blazer_szkocka_krata.jpg\",\"width\":1125,\"height\":2000,\"caption\":\"Camelowy we\u0142niany blazer w szkock\u0105 krat\u0119. Zapinany jednorz\u0119dowo na guziki.\"},{\"@type\":\"BreadcrumbList\",\"@id\":\"https:\/\/talia-fashion.pl\/produkt\/camelowy-blazer-w-szkocka-krate-100-welna-dziewicza-oksford\/#breadcrumb\",\"itemListElement\":[{\"@type\":\"ListItem\",\"position\":1,\"name\":\"Strona g\u0142\u00f3wna\",\"item\":\"https:\/\/talia-fashion.pl\/\"},{\"@type\":\"ListItem\",\"position\":2,\"name\":\"Sklep\",\"item\":\"https:\/\/talia-fashion.pl\/sklep\/\"},{\"@type\":\"ListItem\",\"position\":3,\"name\":\"Camelowy blazer w szkock\u0105 krat\u0119 100% we\u0142na dziewicza Oksford\"}]},{\"@type\":\"WebSite\",\"@id\":\"https:\/\/talia-fashion.pl\/#website\",\"url\":\"https:\/\/talia-fashion.pl\/\",\"name\":\"Talia Fashion\",\"description\":\"\",\"potentialAction\":[{\"@type\":\"SearchAction\",\"target\":{\"@type\":\"EntryPoint\",\"urlTemplate\":\"https:\/\/talia-fashion.pl\/?s={search_term_string}\"},\"query-input\":{\"@type\":\"PropertyValueSpecification\",\"valueRequired\":true,\"valueName\":\"search_term_string\"}}],\"inLanguage\":\"en-GB\"}]}<\/script>\n<!-- \/ Yoast SEO plugin. -->","yoast_head_json":{"title":"Camel blazer in Scottish check 100% virgin wool Oxford","description":"Camelowy blazer w szkock\u0105 krat\u0119 100% we\u0142na dziewicza to klasyk na lata. Zaprojektowany i uszyty w naszej pracowni, z dba\u0142o\u015bci\u0105 o ka\u017cdy szczeg\u00f3\u0142. Vintage","robots":{"index":"index","follow":"follow","max-snippet":"max-snippet:-1","max-image-preview":"max-image-preview:large","max-video-preview":"max-video-preview:-1"},"canonical":"https:\/\/talia-fashion.pl\/en\/product\/camelowy-blazer-w-szkocka-krate-100-welna-dziewicza-oksford\/","og_locale":"en_GB","og_type":"article","og_title":"Camelowy blazer w szkock\u0105 krat\u0119 100% we\u0142na dziewicza Oksford","og_description":"Camelowy blazer w szkock\u0105 krat\u0119 100% we\u0142na dziewicza to klasyk na lata. Zaprojektowany i uszyty w naszej pracowni, z dba\u0142o\u015bci\u0105 o ka\u017cdy szczeg\u00f3\u0142. Vintage","og_url":"https:\/\/talia-fashion.pl\/en\/product\/camelowy-blazer-w-szkocka-krate-100-welna-dziewicza-oksford\/","og_site_name":"Talia Fashion","article_modified_time":"2026-04-16T10:23:42+00:00","og_image":[{"width":1125,"height":2000,"url":"https:\/\/talia-fashion.pl\/wp-content\/uploads\/2025\/07\/camelowy_welniany_blazer_szkocka_krata.jpg","type":"image\/jpeg"}],"twitter_card":"summary_large_image","twitter_misc":{"Estimated reading time":"4 minutes"},"schema":{"@context":"https:\/\/schema.org","@graph":[{"@type":"WebPage","@id":"https:\/\/talia-fashion.pl\/produkt\/camelowy-blazer-w-szkocka-krate-100-welna-dziewicza-oksford\/","url":"https:\/\/talia-fashion.pl\/produkt\/camelowy-blazer-w-szkocka-krate-100-welna-dziewicza-oksford\/","name":"Camel blazer in Scottish check 100% virgin wool Oxford","isPartOf":{"@id":"https:\/\/talia-fashion.pl\/#website"},"primaryImageOfPage":{"@id":"https:\/\/talia-fashion.pl\/produkt\/camelowy-blazer-w-szkocka-krate-100-welna-dziewicza-oksford\/#primaryimage"},"image":{"@id":"https:\/\/talia-fashion.pl\/produkt\/camelowy-blazer-w-szkocka-krate-100-welna-dziewicza-oksford\/#primaryimage"},"thumbnailUrl":"https:\/\/talia-fashion.pl\/wp-content\/uploads\/2025\/07\/camelowy_welniany_blazer_szkocka_krata.jpg","datePublished":"2025-02-11T12:22:40+00:00","dateModified":"2026-04-16T10:23:42+00:00","description":"Camelowy blazer w szkock\u0105 krat\u0119 100% we\u0142na dziewicza to klasyk na lata. Zaprojektowany i uszyty w naszej pracowni, z dba\u0142o\u015bci\u0105 o ka\u017cdy szczeg\u00f3\u0142. Vintage","breadcrumb":{"@id":"https:\/\/talia-fashion.pl\/produkt\/camelowy-blazer-w-szkocka-krate-100-welna-dziewicza-oksford\/#breadcrumb"},"inLanguage":"en-GB","potentialAction":[{"@type":"ReadAction","target":["https:\/\/talia-fashion.pl\/produkt\/camelowy-blazer-w-szkocka-krate-100-welna-dziewicza-oksford\/"]}]},{"@type":"ImageObject","inLanguage":"en-GB","@id":"https:\/\/talia-fashion.pl\/produkt\/camelowy-blazer-w-szkocka-krate-100-welna-dziewicza-oksford\/#primaryimage","url":"https:\/\/talia-fashion.pl\/wp-content\/uploads\/2025\/07\/camelowy_welniany_blazer_szkocka_krata.jpg","contentUrl":"https:\/\/talia-fashion.pl\/wp-content\/uploads\/2025\/07\/camelowy_welniany_blazer_szkocka_krata.jpg","width":1125,"height":2000,"caption":"Camelowy we\u0142niany blazer w szkock\u0105 krat\u0119. Zapinany jednorz\u0119dowo na guziki."},{"@type":"BreadcrumbList","@id":"https:\/\/talia-fashion.pl\/produkt\/camelowy-blazer-w-szkocka-krate-100-welna-dziewicza-oksford\/#breadcrumb","itemListElement":[{"@type":"ListItem","position":1,"name":"Strona g\u0142\u00f3wna","item":"https:\/\/talia-fashion.pl\/"},{"@type":"ListItem","position":2,"name":"Sklep","item":"https:\/\/talia-fashion.pl\/sklep\/"},{"@type":"ListItem","position":3,"name":"Camelowy blazer w szkock\u0105 krat\u0119 100% we\u0142na dziewicza Oksford"}]},{"@type":"WebSite","@id":"https:\/\/talia-fashion.pl\/#website","url":"https:\/\/talia-fashion.pl\/","name":"Talia Fashion","description":"","potentialAction":[{"@type":"SearchAction","target":{"@type":"EntryPoint","urlTemplate":"https:\/\/talia-fashion.pl\/?s={search_term_string}"},"query-input":{"@type":"PropertyValueSpecification","valueRequired":true,"valueName":"search_term_string"}}],"inLanguage":"en-GB"}]}},"_links":{"self":[{"href":"https:\/\/talia-fashion.pl\/en\/wp-json\/wp\/v2\/product\/5770","targetHints":{"allow":["GET"]}}],"collection":[{"href":"https:\/\/talia-fashion.pl\/en\/wp-json\/wp\/v2\/product"}],"about":[{"href":"https:\/\/talia-fashion.pl\/en\/wp-json\/wp\/v2\/types\/product"}],"wp:featuredmedia":[{"embeddable":true,"href":"https:\/\/talia-fashion.pl\/en\/wp-json\/wp\/v2\/media\/5771"}],"wp:attachment":[{"href":"https:\/\/talia-fashion.pl\/en\/wp-json\/wp\/v2\/media?parent=5770"}],"wp:term":[{"taxonomy":"product_cat","embeddable":true,"href":"https:\/\/talia-fashion.pl\/en\/wp-json\/wp\/v2\/product_cat?post=5770"},{"taxonomy":"product_tag","embeddable":true,"href":"https:\/\/talia-fashion.pl\/en\/wp-json\/wp\/v2\/product_tag?post=5770"}],"curies":[{"name":"wp","href":"https:\/\/api.w.org\/{rel}","templated":true}]}}