{"id":5706,"date":"2024-11-21T11:22:41","date_gmt":"2024-11-21T10:22:41","guid":{"rendered":"http:\/\/talia-fashion.pl\/produkt\/brazowy-dlugi-zimowy-kozuch-new-york\/"},"modified":"2026-02-12T16:04:54","modified_gmt":"2026-02-12T15:04:54","slug":"brazowy-dlugi-zimowy-kozuch-new-york","status":"publish","type":"product","link":"https:\/\/talia-fashion.pl\/en\/product\/brazowy-dlugi-zimowy-kozuch-new-york\/","title":{"rendered":"Brown long winter sheepskin coat New York"},"content":{"rendered":"<p>The brown long winter sheepskin New York is a loose single-breasted coat with wide lapels and a large collar. Featuring the sheepskin's characteristic raw finish and visible fur trim on the collar and cuffs (so you can adjust the sleeve length as you wish). Button fastening, with a waist belt for tying. Two side pockets for added functionality. The sheepskin coat has classic sewn-in sleeves, a waisted back with an opening and a shaped front. It is not a voluminous cut, but casual and very comfortable. Ideal for creating layered urban styles.<\/p>\n<p>The New York brown long winter sheepskin is not only a practical outerwear for winter, but also a fashionable accent to your wardrobe that combines tradition with modern style. It's the perfect choice for the cold months and will keep you warm, comfortable and add a glamorous touch. It will go perfectly with a dress, heeled boots, a warm scarf and leather gloves to create a luxurious winter look. You can easily fit a chunky woollen jumper underneath and when paired with jeans and platform sock boots, a cosy everyday look is ready. The sheepskin coat goes well with retro accessories: scarves, woollen berets, large sunglasses or leather shopper bags.<\/p>\n<p>If you're wondering which coat to choose, we suggest you take a look at our tips <a href=\"https:\/\/talia-fashion.pl\/en\/jak-dobrac-plaszcz-do-sylwetki\/\">How do you choose a coat to suit your figure?<\/a><\/p>\n<p>Actual photo - brown<\/p>\n<p>Available colours - brown with cream fur (colour from the first photo - subsequent photos are for illustrative purposes only)<\/p>\n<p>The colours are shown in the pictures of the coats in different cuts, in the other auctions and in the <a href=\"https:\/\/talia-fashion.pl\/en\/paleta-kolorow\/\">colour palette<\/a>. If in doubt, please contact us.<\/p>\n<p>Available sizes: XS, S, M, L, XL<\/p>\n<p>Indicative dimensions:<\/p>\n<p><span lang=\"DE\">XS - bust: 86-88 \/ hips 94-96 \/ length: 120 \/ sleeve 61<br \/>\nS - bust: 90-92 \/ hips: 98-100 \/ length: 120 \/ sleeve: 62<br \/>\nM - bust: 94-96 \/ hips: 102-104 \/ length: 120 \/ sleeve: 62<br \/>\nL - bust: 98-100 \/ hips: 106-108 \/ length: 120 \/ sleeve: 63<br \/>\nXL - bust: 104-106 \/ hips: 112-114 \/ length: 120 \/ sleeve: 64<\/span><\/p>\n<p>If you are unsure about the size, please contact us.<\/p>\n<p>The model is 164cm and a size S.<\/p>\n<p>Outer fabric: 100% polyester<\/p>\n<p>Inner fabric: 100% wool<\/p>\n<p>We designed and sewed the brown long winter sheepskin New York in our family workshop according to sustainable principles. For 37 years we have been promoting Polish traditional craftsmanship, hoping that future generations will love the works of human hands just as much as we do.<\/p>\n<p><span style=\"font-family: 'Helvetica','sans-serif'; color: #858585; background: white;\">Coats need proper care to maintain their appearance and properties for longer. Regular airing, avoiding soaking and gentle cleaning will ensure their longevity. Hand washing at 30 degrees, without bleaching or softeners, is most advisable. Dry upright, without ironing, not in the tumble dryer.<br \/>\n<\/span><\/p>\n<p><strong>Individual order - <\/strong>Some modifications can be made at the client's request: shortening, lengthening of the sleeve, shortening and lengthening of the coat. Cost to be determined individually, after prior contact.<\/p>\n<p><strong>An individual order is not subject to exchange or refund.<\/strong><\/p>\n<p>The delivery time depends on the company's current stock and the availability of the given fabric colour. If a given coat is available in the company, the order will be realised very quickly - 2-5 working days. If individualisation of the order is required - making alterations or sewing a new coat - the lead time may be extended to a maximum of 2 weeks.<\/p>\n<p>Please be patient, in most cases we do not sew for stock and sewing a coat takes time and precision. Thank you for supporting local craftsmanship.<\/p>\n<p>We encourage you to like our fanpage on <a href=\"https:\/\/www.facebook.com\/talia.plaszcze\">Facebook<\/a>\u00a0i\u00a0<a href=\"https:\/\/www.instagram.com\/talia_plaszcze\/\">Instagram<\/a><\/p>","protected":false},"excerpt":{"rendered":"<p>Br\u0105zowy d\u0142ugi zimowy ko\u017cuch New York to lu\u017any jednorz\u0119dowy p\u0142aszcz z szerokimi klapami i du\u017cym ko\u0142nierzem. Charakterystyczne dla ko\u017cuch\u00f3w surowe wyko\u0144czenie i&hellip;<\/p>","protected":false},"featured_media":4186,"template":"","meta":{"_acf_changed":false},"product_cat":[104,29],"product_tag":[89,184,119,37,34,38,185,186,79,80,121,41,42,67,43,44,91,45,164,68,47,75,84,50,86,69,53,63,88,147],"class_list":{"0":"post-5706","1":"product","2":"type-product","3":"status-publish","4":"has-post-thumbnail","6":"product_cat-ostatnie-sztuki","7":"product_cat-sale-plaszcz-damski-w-promocji","8":"product_tag-cieply","9":"product_tag-dlugi-kozuch","10":"product_tag-dlugi-plaszcz-zimowy","11":"product_tag-dyplomatka","12":"product_tag-handmade","13":"product_tag-kamel","14":"product_tag-kozuch","15":"product_tag-krata","16":"product_tag-kremowy-plaszcz","17":"product_tag-luzny-kroj","18":"product_tag-materialy-przyjazne-dla-srodowiska","19":"product_tag-na-podszewce","20":"product_tag-nowosc","21":"product_tag-ocieplany","22":"product_tag-plaszcz-damski","23":"product_tag-plaszcz-damski-dlugi","24":"product_tag-plaszcz-damski-zimowy","25":"product_tag-plaszcz-dlugi","26":"product_tag-plaszcz-jednorzedowy","27":"product_tag-plaszcz-jesienny","28":"product_tag-plaszcz-na-guziki","29":"product_tag-plaszcz-ocieplany","30":"product_tag-plaszcz-oversizowy","31":"product_tag-plaszcz-z-rewersem","32":"product_tag-plaszcz-zimowy-ocieplany","33":"product_tag-prochowiec","34":"product_tag-welna","35":"product_tag-welniany","36":"product_tag-wiazany","37":"product_tag-zrownowazona-produkcja","39":"first","40":"instock","41":"sale","42":"shipping-taxable","43":"purchasable","44":"product-type-variable","45":"has-default-attributes"},"acf":[],"yoast_head":"<!-- This site is optimized with the Yoast SEO plugin v25.7 - https:\/\/yoast.com\/wordpress\/plugins\/seo\/ -->\n<title>Br\u0105zowy d\u0142ugi zimowy ko\u017cuch New York - polski producent p\u0142aszczy<\/title>\n<meta name=\"description\" content=\"Br\u0105zowy d\u0142ugi zimowy ko\u017cuch zapewnia komfort i swobod\u0119 ruch\u00f3w. Zaprojektowany i uszyty z dba\u0142o\u015bci\u0105 o ka\u017cdy szczeg\u00f3\u0142 w naszej rodzinnej pracowni.\" \/>\n<meta name=\"robots\" content=\"index, follow, max-snippet:-1, max-image-preview:large, max-video-preview:-1\" \/>\n<link rel=\"canonical\" href=\"https:\/\/talia-fashion.pl\/en\/product\/brazowy-dlugi-zimowy-kozuch-new-york\/\" \/>\n<meta property=\"og:locale\" content=\"en_GB\" \/>\n<meta property=\"og:type\" content=\"article\" \/>\n<meta property=\"og:title\" content=\"Br\u0105zowy d\u0142ugi zimowy ko\u017cuch New York - polski producent p\u0142aszczy\" \/>\n<meta property=\"og:description\" content=\"Br\u0105zowy d\u0142ugi zimowy ko\u017cuch zapewnia komfort i swobod\u0119 ruch\u00f3w. Zaprojektowany i uszyty z dba\u0142o\u015bci\u0105 o ka\u017cdy szczeg\u00f3\u0142 w naszej rodzinnej pracowni.\" \/>\n<meta property=\"og:url\" content=\"https:\/\/talia-fashion.pl\/en\/product\/brazowy-dlugi-zimowy-kozuch-new-york\/\" \/>\n<meta property=\"og:site_name\" content=\"Talia Fashion\" \/>\n<meta property=\"article:modified_time\" content=\"2026-02-12T15:04:54+00:00\" \/>\n<meta property=\"og:image\" content=\"https:\/\/talia-fashion.pl\/wp-content\/uploads\/2025\/07\/czekoladowy-dlugi-kozuch-welna-scaled-1.jpeg\" \/>\n\t<meta property=\"og:image:width\" content=\"1706\" \/>\n\t<meta property=\"og:image:height\" content=\"2560\" \/>\n\t<meta property=\"og:image:type\" content=\"image\/jpeg\" \/>\n<meta name=\"twitter:card\" content=\"summary_large_image\" \/>\n<meta name=\"twitter:label1\" content=\"Estimated reading time\" \/>\n\t<meta name=\"twitter:data1\" content=\"3 minutes\" \/>\n<script type=\"application\/ld+json\" class=\"yoast-schema-graph\">{\"@context\":\"https:\/\/schema.org\",\"@graph\":[{\"@type\":\"WebPage\",\"@id\":\"https:\/\/talia-fashion.pl\/produkt\/brazowy-dlugi-zimowy-kozuch-new-york\/\",\"url\":\"https:\/\/talia-fashion.pl\/produkt\/brazowy-dlugi-zimowy-kozuch-new-york\/\",\"name\":\"Br\u0105zowy d\u0142ugi zimowy ko\u017cuch New York - polski producent p\u0142aszczy\",\"isPartOf\":{\"@id\":\"https:\/\/talia-fashion.pl\/#website\"},\"primaryImageOfPage\":{\"@id\":\"https:\/\/talia-fashion.pl\/produkt\/brazowy-dlugi-zimowy-kozuch-new-york\/#primaryimage\"},\"image\":{\"@id\":\"https:\/\/talia-fashion.pl\/produkt\/brazowy-dlugi-zimowy-kozuch-new-york\/#primaryimage\"},\"thumbnailUrl\":\"https:\/\/talia-fashion.pl\/wp-content\/uploads\/2025\/07\/czekoladowy-dlugi-kozuch-welna-scaled-1.jpeg\",\"datePublished\":\"2024-11-21T10:22:41+00:00\",\"dateModified\":\"2026-02-12T15:04:54+00:00\",\"description\":\"Br\u0105zowy d\u0142ugi zimowy ko\u017cuch zapewnia komfort i swobod\u0119 ruch\u00f3w. Zaprojektowany i uszyty z dba\u0142o\u015bci\u0105 o ka\u017cdy szczeg\u00f3\u0142 w naszej rodzinnej pracowni.\",\"breadcrumb\":{\"@id\":\"https:\/\/talia-fashion.pl\/produkt\/brazowy-dlugi-zimowy-kozuch-new-york\/#breadcrumb\"},\"inLanguage\":\"en-GB\",\"potentialAction\":[{\"@type\":\"ReadAction\",\"target\":[\"https:\/\/talia-fashion.pl\/produkt\/brazowy-dlugi-zimowy-kozuch-new-york\/\"]}]},{\"@type\":\"ImageObject\",\"inLanguage\":\"en-GB\",\"@id\":\"https:\/\/talia-fashion.pl\/produkt\/brazowy-dlugi-zimowy-kozuch-new-york\/#primaryimage\",\"url\":\"https:\/\/talia-fashion.pl\/wp-content\/uploads\/2025\/07\/czekoladowy-dlugi-kozuch-welna-scaled-1.jpeg\",\"contentUrl\":\"https:\/\/talia-fashion.pl\/wp-content\/uploads\/2025\/07\/czekoladowy-dlugi-kozuch-welna-scaled-1.jpeg\",\"width\":1706,\"height\":2560,\"caption\":\"Czekoladowy d\u0142ugi ko\u017cuch zimowy. Jednorz\u0119dowy, wi\u0105zany i ciep\u0142y.\"},{\"@type\":\"BreadcrumbList\",\"@id\":\"https:\/\/talia-fashion.pl\/produkt\/brazowy-dlugi-zimowy-kozuch-new-york\/#breadcrumb\",\"itemListElement\":[{\"@type\":\"ListItem\",\"position\":1,\"name\":\"Strona g\u0142\u00f3wna\",\"item\":\"https:\/\/talia-fashion.pl\/\"},{\"@type\":\"ListItem\",\"position\":2,\"name\":\"Sklep\",\"item\":\"https:\/\/talia-fashion.pl\/sklep\/\"},{\"@type\":\"ListItem\",\"position\":3,\"name\":\"Br\u0105zowy d\u0142ugi zimowy ko\u017cuch New York\"}]},{\"@type\":\"WebSite\",\"@id\":\"https:\/\/talia-fashion.pl\/#website\",\"url\":\"https:\/\/talia-fashion.pl\/\",\"name\":\"Talia Fashion\",\"description\":\"\",\"potentialAction\":[{\"@type\":\"SearchAction\",\"target\":{\"@type\":\"EntryPoint\",\"urlTemplate\":\"https:\/\/talia-fashion.pl\/?s={search_term_string}\"},\"query-input\":{\"@type\":\"PropertyValueSpecification\",\"valueRequired\":true,\"valueName\":\"search_term_string\"}}],\"inLanguage\":\"en-GB\"}]}<\/script>\n<!-- \/ Yoast SEO plugin. -->","yoast_head_json":{"title":"Br\u0105zowy d\u0142ugi zimowy ko\u017cuch New York - polski producent p\u0142aszczy","description":"Br\u0105zowy d\u0142ugi zimowy ko\u017cuch zapewnia komfort i swobod\u0119 ruch\u00f3w. Zaprojektowany i uszyty z dba\u0142o\u015bci\u0105 o ka\u017cdy szczeg\u00f3\u0142 w naszej rodzinnej pracowni.","robots":{"index":"index","follow":"follow","max-snippet":"max-snippet:-1","max-image-preview":"max-image-preview:large","max-video-preview":"max-video-preview:-1"},"canonical":"https:\/\/talia-fashion.pl\/en\/product\/brazowy-dlugi-zimowy-kozuch-new-york\/","og_locale":"en_GB","og_type":"article","og_title":"Br\u0105zowy d\u0142ugi zimowy ko\u017cuch New York - polski producent p\u0142aszczy","og_description":"Br\u0105zowy d\u0142ugi zimowy ko\u017cuch zapewnia komfort i swobod\u0119 ruch\u00f3w. Zaprojektowany i uszyty z dba\u0142o\u015bci\u0105 o ka\u017cdy szczeg\u00f3\u0142 w naszej rodzinnej pracowni.","og_url":"https:\/\/talia-fashion.pl\/en\/product\/brazowy-dlugi-zimowy-kozuch-new-york\/","og_site_name":"Talia Fashion","article_modified_time":"2026-02-12T15:04:54+00:00","og_image":[{"width":1706,"height":2560,"url":"https:\/\/talia-fashion.pl\/wp-content\/uploads\/2025\/07\/czekoladowy-dlugi-kozuch-welna-scaled-1.jpeg","type":"image\/jpeg"}],"twitter_card":"summary_large_image","twitter_misc":{"Estimated reading time":"3 minutes"},"schema":{"@context":"https:\/\/schema.org","@graph":[{"@type":"WebPage","@id":"https:\/\/talia-fashion.pl\/produkt\/brazowy-dlugi-zimowy-kozuch-new-york\/","url":"https:\/\/talia-fashion.pl\/produkt\/brazowy-dlugi-zimowy-kozuch-new-york\/","name":"Br\u0105zowy d\u0142ugi zimowy ko\u017cuch New York - polski producent p\u0142aszczy","isPartOf":{"@id":"https:\/\/talia-fashion.pl\/#website"},"primaryImageOfPage":{"@id":"https:\/\/talia-fashion.pl\/produkt\/brazowy-dlugi-zimowy-kozuch-new-york\/#primaryimage"},"image":{"@id":"https:\/\/talia-fashion.pl\/produkt\/brazowy-dlugi-zimowy-kozuch-new-york\/#primaryimage"},"thumbnailUrl":"https:\/\/talia-fashion.pl\/wp-content\/uploads\/2025\/07\/czekoladowy-dlugi-kozuch-welna-scaled-1.jpeg","datePublished":"2024-11-21T10:22:41+00:00","dateModified":"2026-02-12T15:04:54+00:00","description":"Br\u0105zowy d\u0142ugi zimowy ko\u017cuch zapewnia komfort i swobod\u0119 ruch\u00f3w. Zaprojektowany i uszyty z dba\u0142o\u015bci\u0105 o ka\u017cdy szczeg\u00f3\u0142 w naszej rodzinnej pracowni.","breadcrumb":{"@id":"https:\/\/talia-fashion.pl\/produkt\/brazowy-dlugi-zimowy-kozuch-new-york\/#breadcrumb"},"inLanguage":"en-GB","potentialAction":[{"@type":"ReadAction","target":["https:\/\/talia-fashion.pl\/produkt\/brazowy-dlugi-zimowy-kozuch-new-york\/"]}]},{"@type":"ImageObject","inLanguage":"en-GB","@id":"https:\/\/talia-fashion.pl\/produkt\/brazowy-dlugi-zimowy-kozuch-new-york\/#primaryimage","url":"https:\/\/talia-fashion.pl\/wp-content\/uploads\/2025\/07\/czekoladowy-dlugi-kozuch-welna-scaled-1.jpeg","contentUrl":"https:\/\/talia-fashion.pl\/wp-content\/uploads\/2025\/07\/czekoladowy-dlugi-kozuch-welna-scaled-1.jpeg","width":1706,"height":2560,"caption":"Czekoladowy d\u0142ugi ko\u017cuch zimowy. Jednorz\u0119dowy, wi\u0105zany i ciep\u0142y."},{"@type":"BreadcrumbList","@id":"https:\/\/talia-fashion.pl\/produkt\/brazowy-dlugi-zimowy-kozuch-new-york\/#breadcrumb","itemListElement":[{"@type":"ListItem","position":1,"name":"Strona g\u0142\u00f3wna","item":"https:\/\/talia-fashion.pl\/"},{"@type":"ListItem","position":2,"name":"Sklep","item":"https:\/\/talia-fashion.pl\/sklep\/"},{"@type":"ListItem","position":3,"name":"Br\u0105zowy d\u0142ugi zimowy ko\u017cuch New York"}]},{"@type":"WebSite","@id":"https:\/\/talia-fashion.pl\/#website","url":"https:\/\/talia-fashion.pl\/","name":"Talia Fashion","description":"","potentialAction":[{"@type":"SearchAction","target":{"@type":"EntryPoint","urlTemplate":"https:\/\/talia-fashion.pl\/?s={search_term_string}"},"query-input":{"@type":"PropertyValueSpecification","valueRequired":true,"valueName":"search_term_string"}}],"inLanguage":"en-GB"}]}},"_links":{"self":[{"href":"https:\/\/talia-fashion.pl\/en\/wp-json\/wp\/v2\/product\/5706","targetHints":{"allow":["GET"]}}],"collection":[{"href":"https:\/\/talia-fashion.pl\/en\/wp-json\/wp\/v2\/product"}],"about":[{"href":"https:\/\/talia-fashion.pl\/en\/wp-json\/wp\/v2\/types\/product"}],"wp:featuredmedia":[{"embeddable":true,"href":"https:\/\/talia-fashion.pl\/en\/wp-json\/wp\/v2\/media\/4186"}],"wp:attachment":[{"href":"https:\/\/talia-fashion.pl\/en\/wp-json\/wp\/v2\/media?parent=5706"}],"wp:term":[{"taxonomy":"product_cat","embeddable":true,"href":"https:\/\/talia-fashion.pl\/en\/wp-json\/wp\/v2\/product_cat?post=5706"},{"taxonomy":"product_tag","embeddable":true,"href":"https:\/\/talia-fashion.pl\/en\/wp-json\/wp\/v2\/product_tag?post=5706"}],"curies":[{"name":"wp","href":"https:\/\/api.w.org\/{rel}","templated":true}]}}