{"id":5680,"date":"2024-10-16T14:25:27","date_gmt":"2024-10-16T12:25:27","guid":{"rendered":"http:\/\/talia-fashion.pl\/produkt\/czekoladowy-dlugi-plaszcz-zimowy-atena\/"},"modified":"2026-04-14T13:23:37","modified_gmt":"2026-04-14T11:23:37","slug":"czekoladowy-dlugi-plaszcz-zimowy-atena","status":"publish","type":"product","link":"https:\/\/talia-fashion.pl\/en\/product\/czekoladowy-dlugi-plaszcz-zimowy-atena\/","title":{"rendered":"Chocolate long winter coat Athena"},"content":{"rendered":"<p><span lang=\"DE\">Czekoladowy d\u0142ugi p\u0142aszcz zimowy Atena to minimalistyczny model o szlafrokowym kroju, kt\u00f3ry jednocze\u015bnie otula i zachwyca. To okrycie wierzchnie idealne na ch\u0142odne dni, kiedy potrzebujemy ciep\u0142a, ale nie chcemy rezygnowa\u0107 ze stylu. Uszyty z przepi\u0119knego, mi\u0119kkiego materia\u0142u z przewag\u0105 we\u0142ny w najmodniejszym w tym sezonie kolorze czekoladowego br\u0105zu. Przody p\u0142aszcza zosta\u0142y dodatkowo podklejone bardzo delikatn\u0105 klejonk\u0105, stabilizuj\u0105ca w\u0142\u00f3kna, podkre\u015blaj\u0105c\u0105 w\u0142a\u015bciwo\u015bci tkaniny i nadaj\u0105c\u0105 p\u0142aszczowi luksusowego wygl\u0105du. <\/span><span lang=\"DE\">The coat has classic sewn-in sleeves and a padded collar with lapels. Waisted back with opening, shaped front, double-breasted fastening with specially dyed buttons. Two side slit pockets. And all tied with a belt, sewn in the same fabric. Mid-calf length. Fully insulated, including the sleeves.<br \/>\n<\/span><\/p>\n<p><span lang=\"DE\">Chocolate long winter coat Athena <\/span>is the perfect coat for both everyday wear and special occasions. The balance of chic and functional makes it easy to match with tailored trousers, boots and a hat, but also with comfortable jeans, Emu boots, a woollen jumper and a beanie.<\/p>\n<p>P\u0142aszcz ma bardzo nowoczesn\u0105 i dopracowan\u0105 konstrukcj\u0119, kt\u00f3ra jednocze\u015bnie zapewnia wygod\u0119 i komfort noszenia, jak i dodaje klasy oraz odrobiny luksusu nawet najprostszym stylizacjom. Pasek \u015bwietnie zbuduje tali\u0119 a podniesiony ko\u0142nierz ochroni przed wiatrem, otuli i ogrzeje. Doskona\u0142a propozycja na zim\u0119. Odkryj nasz c<span lang=\"DE\">zekoladowy d\u0142ugi p\u0142aszcz zimowy Atena <\/span> and delight in the quality of workmanship, warmth and softness. Limited edition.<\/p>\n<p><span lang=\"DE\">Actual photo - chocolate<br \/>\n<\/span><\/p>\n<p>Available colours<span lang=\"DE\">: czekolada<br \/>\n<\/span><\/p>\n<p><span lang=\"DE\">The colours of the fabrics are presented in the different coat cuts, in the other auctions and in the\u00a0<a href=\"https:\/\/talia-fashion.pl\/en\/paleta-kolorow\/\">colour palette<\/a>. If in doubt about the colour, please contact us.<\/span><\/p>\n<p><span lang=\"DE\">Available sizes: XS, S, M, L, XL<\/span><\/p>\n<p><span lang=\"DE\">Indicative dimensions:<\/span><\/p>\n<p><span lang=\"DE\">XS &#8211; biust: 86-88 \/ biodra 94-96 \/ d\u0142ugo\u015b\u0107: 118 \/ r\u0119kaw 61<br \/>\nS - bust: 90-92 \/ hips: 98-100 \/ length: 118 \/ sleeve: 62<br \/>\nM - bust: 94-96 \/ hips: 102-104 \/ length: 118\/ sleeve: 62<br \/>\nL - bust: 98-100 \/ hips: 106-108 \/ length: 119 \/ sleeve: 63<br \/>\nXL &#8211; biust: 104-106 \/ biodra: 112-114 \/ d\u0142ugo\u015b\u0107: 119 \/ r\u0119kaw: 64<\/span><\/p>\n<p><span lang=\"DE\">If you are unsure of your size selection, please contact us.<\/span><\/p>\n<p>Modelka: 164cm i nosi M<\/p>\n<p><span lang=\"DE\">Material: <\/span><span lang=\"DE\">80% we\u0142na dziewicza, 20% poliamid<\/span><\/p>\n<p>Lining: 100% acetate<\/p>\n<p>Like viscose, acetate is produced from cellulose. Acetate yarn can also be made from recycled cellulose such as paper. The acetate lining is excellent at absorbing moisture and permeable to air. It is coated with an antistatic apprettee and is OEKOtex\u00ae Standard 100 certified.<\/p>\n<p>Insulation: 100% non-woven recycled polyester<br \/>\nOur coats are insulated with a compressed thermo-insulating quilted fleece on the lining. The fleece is made from recycled polyester fibres. The material is lightweight, thin and at the same time perfectly insulating. The insulating fleece we use is resistant to moisture (it retains its insulating properties and warming effect even in damp conditions), stops the wind, is hypoallergenic and breathable. It is OEKOtex\u00ae Standard 100 certified.<\/p>\n<p><span lang=\"DE\">Czekoladowy d\u0142ugi p\u0142aszcz zimowy Atena zaprojektowali\u015bmy i uszyli\u015bmy w naszej rodzinnej pracowni, tradycyjnymi i pracoch\u0142onnymi metodami, kt\u00f3re pozwalaj\u0105 na stworzenie unikatowych, precyzyjnie wyko\u0144czonych ubra\u0144, kt\u00f3re zachwycaj\u0105 jako\u015bci\u0105. Wk\u0142adamy w nasz\u0105 prac\u0119 wiele serca, by ka\u017cdy p\u0142aszcz by\u0142 wyj\u0105tkowy,<br \/>\n<\/span><\/p>\n<p><strong>Individual order - <\/strong>Some modifications can be made at the client's request: shortening, lengthening of the sleeve, shortening and lengthening of the coat. Cost to be determined individually, after prior contact.<\/p>\n<p><strong>An individual order is not subject to exchange or refund.<\/strong><\/p>\n<p><span lang=\"DE\">The lead time depends on the current stock in the atelier and the availability of the fabric colour. If a given coat is available in the atelier, the order will be fulfilled very quickly - 2-5 working days. If it is necessary to sew the coat or to individualise the order according to the customer's specifications - making alterations or sewing a new coat - the lead time may be extended, up to a maximum of 2 weeks.<\/span><\/p>\n<p>The coat should be dry-cleaned. For frequent refreshing of the coat we recommend the following <a href=\"https:\/\/talia-fashion.pl\/en\/product\/szczotka-do-czyszczenia-i-pielegnacji-plaszcza\/\">Brush for cleaning and care of the coat<\/a>which can be purchased in our shop.  We also encourage you to read our advice on proper care: <a href=\"https:\/\/talia-fashion.pl\/en\/jak-pielegnowac-i-dbac-o-plaszcz\/\">How to care for and maintain coats? \u00a0<\/a>To keep jackets and coats clean, it is often enough to air them regularly and clean them with a dedicated brush. The process is gentler on the fabrics and avoids using water and energy. Remember that by taking care of your clothes you are protecting our environment.<\/p>\n<p>Please be patient, we need to sew this coat for you.<\/p>\n<p>We encourage you to like our fanpage on\u00a0<a href=\"https:\/\/www.facebook.com\/talia.plaszcze\">Facebook<\/a>\u00a0i\u00a0<a href=\"https:\/\/www.instagram.com\/talia_plaszcze\/\">Instagram<\/a><\/p>","protected":false},"excerpt":{"rendered":"<p>Minimalistyczny, klasyczny kr\u00f3j, czekoladowy kolor i pi\u0119kny, we\u0142niany materia\u0142.<\/p>","protected":false},"featured_media":4484,"template":"","meta":{"_acf_changed":false},"product_cat":[31,36],"product_tag":[89,78,119,32,34,224,121,41,81,42,67,109,299,43,44,251,47,75,122,181,86,124,125,69,60,53,63,88,126],"class_list":{"0":"post-5680","1":"product","2":"type-product","3":"status-publish","4":"has-post-thumbnail","6":"product_cat-nowosci","7":"product_cat-plaszcze-dluzsze","8":"product_tag-cieply","9":"product_tag-dla-roznych-sylwetek","10":"product_tag-dlugi-plaszcz-zimowy","11":"product_tag-dopasowany-kroj","12":"product_tag-handmade","13":"product_tag-limited-edition","14":"product_tag-materialy-przyjazne-dla-srodowiska","15":"product_tag-na-podszewce","16":"product_tag-naturalne-materialy","17":"product_tag-nowosc","18":"product_tag-ocieplany","19":"product_tag-plaszcz-camel","20":"product_tag-plaszcz-czekoladowy","21":"product_tag-plaszcz-damski","22":"product_tag-plaszcz-damski-dlugi","23":"product_tag-plaszcz-kremowy","24":"product_tag-plaszcz-na-guziki","25":"product_tag-plaszcz-ocieplany","26":"product_tag-plaszcz-szlafrokowy","27":"product_tag-plaszcz-w-jodelke","28":"product_tag-plaszcz-zimowy-ocieplany","29":"product_tag-polska-marka","30":"product_tag-polskie-rzemioslo","31":"product_tag-prochowiec","32":"product_tag-producent-plaszczy-damskich","33":"product_tag-welna","34":"product_tag-welniany","35":"product_tag-wiazany","36":"product_tag-wysoka-jakosc","38":"first","39":"instock","40":"shipping-taxable","41":"purchasable","42":"product-type-variable","43":"has-default-attributes"},"acf":[],"yoast_head":"<!-- This site is optimized with the Yoast SEO plugin v25.7 - https:\/\/yoast.com\/wordpress\/plugins\/seo\/ -->\n<title>Czekoladowy d\u0142ugi p\u0142aszcz zimowy Atena - Talia Fashion - p\u0142aszcz zimowy<\/title>\n<meta name=\"description\" content=\"Czekoladowy d\u0142ugi p\u0142aszcz zimowy - szlafrokowy kr\u00f3j, czekoladowy kolor i mi\u0119kki we\u0142niany materia\u0142. \u015awietne po\u0142\u0105czenie elegancji i komfortu. Produkt polski.\" \/>\n<meta name=\"robots\" content=\"index, follow, max-snippet:-1, max-image-preview:large, max-video-preview:-1\" \/>\n<link rel=\"canonical\" href=\"https:\/\/talia-fashion.pl\/en\/product\/czekoladowy-dlugi-plaszcz-zimowy-atena\/\" \/>\n<meta property=\"og:locale\" content=\"en_GB\" \/>\n<meta property=\"og:type\" content=\"article\" \/>\n<meta property=\"og:title\" content=\"Czekoladowy d\u0142ugi p\u0142aszcz zimowy Atena - Talia Fashion - p\u0142aszcz zimowy\" \/>\n<meta property=\"og:description\" content=\"Czekoladowy d\u0142ugi p\u0142aszcz zimowy - szlafrokowy kr\u00f3j, czekoladowy kolor i mi\u0119kki we\u0142niany materia\u0142. \u015awietne po\u0142\u0105czenie elegancji i komfortu. Produkt polski.\" \/>\n<meta property=\"og:url\" content=\"https:\/\/talia-fashion.pl\/en\/product\/czekoladowy-dlugi-plaszcz-zimowy-atena\/\" \/>\n<meta property=\"og:site_name\" content=\"Talia Fashion\" \/>\n<meta property=\"article:modified_time\" content=\"2026-04-14T11:23:37+00:00\" \/>\n<meta property=\"og:image\" content=\"https:\/\/talia-fashion.pl\/wp-content\/uploads\/2025\/07\/czekoladowy-dlugi-plaszcz-zimowy-welniany.jpg\" \/>\n\t<meta property=\"og:image:width\" content=\"1500\" \/>\n\t<meta property=\"og:image:height\" content=\"2000\" \/>\n\t<meta property=\"og:image:type\" content=\"image\/jpeg\" \/>\n<meta name=\"twitter:card\" content=\"summary_large_image\" \/>\n<meta name=\"twitter:label1\" content=\"Estimated reading time\" \/>\n\t<meta name=\"twitter:data1\" content=\"4 minutes\" \/>\n<script type=\"application\/ld+json\" class=\"yoast-schema-graph\">{\"@context\":\"https:\/\/schema.org\",\"@graph\":[{\"@type\":\"WebPage\",\"@id\":\"https:\/\/talia-fashion.pl\/produkt\/czekoladowy-dlugi-plaszcz-zimowy-atena\/\",\"url\":\"https:\/\/talia-fashion.pl\/produkt\/czekoladowy-dlugi-plaszcz-zimowy-atena\/\",\"name\":\"Czekoladowy d\u0142ugi p\u0142aszcz zimowy Atena - Talia Fashion - p\u0142aszcz zimowy\",\"isPartOf\":{\"@id\":\"https:\/\/talia-fashion.pl\/#website\"},\"primaryImageOfPage\":{\"@id\":\"https:\/\/talia-fashion.pl\/produkt\/czekoladowy-dlugi-plaszcz-zimowy-atena\/#primaryimage\"},\"image\":{\"@id\":\"https:\/\/talia-fashion.pl\/produkt\/czekoladowy-dlugi-plaszcz-zimowy-atena\/#primaryimage\"},\"thumbnailUrl\":\"https:\/\/talia-fashion.pl\/wp-content\/uploads\/2025\/07\/czekoladowy-dlugi-plaszcz-zimowy-welniany.jpg\",\"datePublished\":\"2024-10-16T12:25:27+00:00\",\"dateModified\":\"2026-04-14T11:23:37+00:00\",\"description\":\"Czekoladowy d\u0142ugi p\u0142aszcz zimowy - szlafrokowy kr\u00f3j, czekoladowy kolor i mi\u0119kki we\u0142niany materia\u0142. \u015awietne po\u0142\u0105czenie elegancji i komfortu. Produkt polski.\",\"breadcrumb\":{\"@id\":\"https:\/\/talia-fashion.pl\/produkt\/czekoladowy-dlugi-plaszcz-zimowy-atena\/#breadcrumb\"},\"inLanguage\":\"en-GB\",\"potentialAction\":[{\"@type\":\"ReadAction\",\"target\":[\"https:\/\/talia-fashion.pl\/produkt\/czekoladowy-dlugi-plaszcz-zimowy-atena\/\"]}]},{\"@type\":\"ImageObject\",\"inLanguage\":\"en-GB\",\"@id\":\"https:\/\/talia-fashion.pl\/produkt\/czekoladowy-dlugi-plaszcz-zimowy-atena\/#primaryimage\",\"url\":\"https:\/\/talia-fashion.pl\/wp-content\/uploads\/2025\/07\/czekoladowy-dlugi-plaszcz-zimowy-welniany.jpg\",\"contentUrl\":\"https:\/\/talia-fashion.pl\/wp-content\/uploads\/2025\/07\/czekoladowy-dlugi-plaszcz-zimowy-welniany.jpg\",\"width\":1500,\"height\":2000,\"caption\":\"Czekoladowy d\u0142ugi p\u0142aszcz zimowy ocieplany. Dwurz\u0119dowy i wi\u0105zany.\"},{\"@type\":\"BreadcrumbList\",\"@id\":\"https:\/\/talia-fashion.pl\/produkt\/czekoladowy-dlugi-plaszcz-zimowy-atena\/#breadcrumb\",\"itemListElement\":[{\"@type\":\"ListItem\",\"position\":1,\"name\":\"Strona g\u0142\u00f3wna\",\"item\":\"https:\/\/talia-fashion.pl\/\"},{\"@type\":\"ListItem\",\"position\":2,\"name\":\"Sklep\",\"item\":\"https:\/\/talia-fashion.pl\/sklep\/\"},{\"@type\":\"ListItem\",\"position\":3,\"name\":\"Czekoladowy d\u0142ugi p\u0142aszcz zimowy Atena\"}]},{\"@type\":\"WebSite\",\"@id\":\"https:\/\/talia-fashion.pl\/#website\",\"url\":\"https:\/\/talia-fashion.pl\/\",\"name\":\"Talia Fashion\",\"description\":\"\",\"potentialAction\":[{\"@type\":\"SearchAction\",\"target\":{\"@type\":\"EntryPoint\",\"urlTemplate\":\"https:\/\/talia-fashion.pl\/?s={search_term_string}\"},\"query-input\":{\"@type\":\"PropertyValueSpecification\",\"valueRequired\":true,\"valueName\":\"search_term_string\"}}],\"inLanguage\":\"en-GB\"}]}<\/script>\n<!-- \/ Yoast SEO plugin. -->","yoast_head_json":{"title":"Czekoladowy d\u0142ugi p\u0142aszcz zimowy Atena - Talia Fashion - p\u0142aszcz zimowy","description":"Czekoladowy d\u0142ugi p\u0142aszcz zimowy - szlafrokowy kr\u00f3j, czekoladowy kolor i mi\u0119kki we\u0142niany materia\u0142. \u015awietne po\u0142\u0105czenie elegancji i komfortu. Produkt polski.","robots":{"index":"index","follow":"follow","max-snippet":"max-snippet:-1","max-image-preview":"max-image-preview:large","max-video-preview":"max-video-preview:-1"},"canonical":"https:\/\/talia-fashion.pl\/en\/product\/czekoladowy-dlugi-plaszcz-zimowy-atena\/","og_locale":"en_GB","og_type":"article","og_title":"Czekoladowy d\u0142ugi p\u0142aszcz zimowy Atena - Talia Fashion - p\u0142aszcz zimowy","og_description":"Czekoladowy d\u0142ugi p\u0142aszcz zimowy - szlafrokowy kr\u00f3j, czekoladowy kolor i mi\u0119kki we\u0142niany materia\u0142. \u015awietne po\u0142\u0105czenie elegancji i komfortu. Produkt polski.","og_url":"https:\/\/talia-fashion.pl\/en\/product\/czekoladowy-dlugi-plaszcz-zimowy-atena\/","og_site_name":"Talia Fashion","article_modified_time":"2026-04-14T11:23:37+00:00","og_image":[{"width":1500,"height":2000,"url":"https:\/\/talia-fashion.pl\/wp-content\/uploads\/2025\/07\/czekoladowy-dlugi-plaszcz-zimowy-welniany.jpg","type":"image\/jpeg"}],"twitter_card":"summary_large_image","twitter_misc":{"Estimated reading time":"4 minutes"},"schema":{"@context":"https:\/\/schema.org","@graph":[{"@type":"WebPage","@id":"https:\/\/talia-fashion.pl\/produkt\/czekoladowy-dlugi-plaszcz-zimowy-atena\/","url":"https:\/\/talia-fashion.pl\/produkt\/czekoladowy-dlugi-plaszcz-zimowy-atena\/","name":"Czekoladowy d\u0142ugi p\u0142aszcz zimowy Atena - Talia Fashion - p\u0142aszcz zimowy","isPartOf":{"@id":"https:\/\/talia-fashion.pl\/#website"},"primaryImageOfPage":{"@id":"https:\/\/talia-fashion.pl\/produkt\/czekoladowy-dlugi-plaszcz-zimowy-atena\/#primaryimage"},"image":{"@id":"https:\/\/talia-fashion.pl\/produkt\/czekoladowy-dlugi-plaszcz-zimowy-atena\/#primaryimage"},"thumbnailUrl":"https:\/\/talia-fashion.pl\/wp-content\/uploads\/2025\/07\/czekoladowy-dlugi-plaszcz-zimowy-welniany.jpg","datePublished":"2024-10-16T12:25:27+00:00","dateModified":"2026-04-14T11:23:37+00:00","description":"Czekoladowy d\u0142ugi p\u0142aszcz zimowy - szlafrokowy kr\u00f3j, czekoladowy kolor i mi\u0119kki we\u0142niany materia\u0142. \u015awietne po\u0142\u0105czenie elegancji i komfortu. Produkt polski.","breadcrumb":{"@id":"https:\/\/talia-fashion.pl\/produkt\/czekoladowy-dlugi-plaszcz-zimowy-atena\/#breadcrumb"},"inLanguage":"en-GB","potentialAction":[{"@type":"ReadAction","target":["https:\/\/talia-fashion.pl\/produkt\/czekoladowy-dlugi-plaszcz-zimowy-atena\/"]}]},{"@type":"ImageObject","inLanguage":"en-GB","@id":"https:\/\/talia-fashion.pl\/produkt\/czekoladowy-dlugi-plaszcz-zimowy-atena\/#primaryimage","url":"https:\/\/talia-fashion.pl\/wp-content\/uploads\/2025\/07\/czekoladowy-dlugi-plaszcz-zimowy-welniany.jpg","contentUrl":"https:\/\/talia-fashion.pl\/wp-content\/uploads\/2025\/07\/czekoladowy-dlugi-plaszcz-zimowy-welniany.jpg","width":1500,"height":2000,"caption":"Czekoladowy d\u0142ugi p\u0142aszcz zimowy ocieplany. Dwurz\u0119dowy i wi\u0105zany."},{"@type":"BreadcrumbList","@id":"https:\/\/talia-fashion.pl\/produkt\/czekoladowy-dlugi-plaszcz-zimowy-atena\/#breadcrumb","itemListElement":[{"@type":"ListItem","position":1,"name":"Strona g\u0142\u00f3wna","item":"https:\/\/talia-fashion.pl\/"},{"@type":"ListItem","position":2,"name":"Sklep","item":"https:\/\/talia-fashion.pl\/sklep\/"},{"@type":"ListItem","position":3,"name":"Czekoladowy d\u0142ugi p\u0142aszcz zimowy Atena"}]},{"@type":"WebSite","@id":"https:\/\/talia-fashion.pl\/#website","url":"https:\/\/talia-fashion.pl\/","name":"Talia Fashion","description":"","potentialAction":[{"@type":"SearchAction","target":{"@type":"EntryPoint","urlTemplate":"https:\/\/talia-fashion.pl\/?s={search_term_string}"},"query-input":{"@type":"PropertyValueSpecification","valueRequired":true,"valueName":"search_term_string"}}],"inLanguage":"en-GB"}]}},"_links":{"self":[{"href":"https:\/\/talia-fashion.pl\/en\/wp-json\/wp\/v2\/product\/5680","targetHints":{"allow":["GET"]}}],"collection":[{"href":"https:\/\/talia-fashion.pl\/en\/wp-json\/wp\/v2\/product"}],"about":[{"href":"https:\/\/talia-fashion.pl\/en\/wp-json\/wp\/v2\/types\/product"}],"wp:featuredmedia":[{"embeddable":true,"href":"https:\/\/talia-fashion.pl\/en\/wp-json\/wp\/v2\/media\/4484"}],"wp:attachment":[{"href":"https:\/\/talia-fashion.pl\/en\/wp-json\/wp\/v2\/media?parent=5680"}],"wp:term":[{"taxonomy":"product_cat","embeddable":true,"href":"https:\/\/talia-fashion.pl\/en\/wp-json\/wp\/v2\/product_cat?post=5680"},{"taxonomy":"product_tag","embeddable":true,"href":"https:\/\/talia-fashion.pl\/en\/wp-json\/wp\/v2\/product_tag?post=5680"}],"curies":[{"name":"wp","href":"https:\/\/api.w.org\/{rel}","templated":true}]}}