{"id":5583,"date":"2024-09-12T09:31:30","date_gmt":"2024-09-12T07:31:30","guid":{"rendered":"http:\/\/talia-fashion.pl\/produkt\/plaszcz-zimowy-o-luznym-kroju-w-stylu-vintage-milano\/"},"modified":"2026-02-12T15:38:15","modified_gmt":"2026-02-12T14:38:15","slug":"plaszcz-zimowy-o-luznym-kroju-w-stylu-vintage-milano","status":"publish","type":"product","link":"https:\/\/talia-fashion.pl\/en\/product\/plaszcz-zimowy-o-luznym-kroju-w-stylu-vintage-milano\/","title":{"rendered":"Loose-fitting winter coat in vintage Milano style"},"content":{"rendered":"<p>P\u0142aszcz zimowy o lu\u017anym kroju w stylu vintage Milano to limitowana wersja naszego kultowego p\u0142aszcza. Znany, ponadczasowy wz\u00f3r jode\u0142ki powraca <span class=\"ILfuVd\" lang=\"pl\"><span class=\"hgKElc\">udowadniaj\u0105c, \u017ce to, co pi\u0119kne i stylowe nie przemija i nie wychodzi z mody.\u00a0 A w po\u0142\u0105czeniu z lu\u017anym, pude\u0142kowym krojem stanowi ho\u0142d minionych lat, oczywi\u015bcie w nowoczesnym wydaniu. <\/span><\/span><span class=\"ILfuVd\" lang=\"pl\"><span class=\"hgKElc\">Delikatny dese\u0144 popielatej<\/span><\/span> jode\u0142ki to po\u0142\u0105czenie dw\u00f3ch odcieni &#8211; srebrzystego popielu i jasnego be\u017cu. Ca\u0142o\u015b\u0107 utrzymana w stonowanej kolorystyce, sam wz\u00f3r te\u017c nie jest wyrazisty, a momentami zdaje si\u0119 rozmazany. To fason o nieco oversizowym kroju, nadaj\u0105cym sylwetce zrelaksowanego wygl\u0105du. Idealny dla Pa\u0144 o ka\u0144ciastych ramionach.<\/p>\n<p>Celowo przeskalowany, szczeg\u00f3lnie w g\u00f3rnej jego cz\u0119\u015bci. Zosta\u0142a w nim obni\u017cona linia ramion, dzi\u0119ki czemu p\u0142aszcz pomie\u015bci grubszy sweterek, marynark\u0119 czy pikowana kamizelk\u0119. <span lang=\"DE\">Doskona\u0142a harmonia obj\u0119to\u015bci i proporcji.<\/span> Dwurz\u0119dowy, zapinany na r\u0119cznie przyszywane guziki. Do podkre\u015blenia talii, p\u0142aszcz posiada pasek uszyty z tej samej tkaniny. Mo\u017cna go jednak zawi\u0105za\u0107 na tyle lub wyci\u0105gn\u0105\u0107 a wtedy pude\u0142kowy kr\u00f3j p\u0142aszcza idealnie przypasuje Paniom bez wci\u0119cia w talii. Wyk\u0142adany, delikatnie poszerzany ko\u0142nierz z klapami. Postawiony &#8211; ochroni i otuli przed wiatrem. Przednie, wpuszczane sko\u015bnie kieszenie. D\u0142ugo\u015b\u0107 za kolano. Ty\u0142 bez rozporka. P\u0142aszcz w ca\u0142o\u015bci ocieplany, idealny na zim\u0119.<\/p>\n<p>Wybieraj\u0105c P\u0142aszcz zimowy o lu\u017anym kroju w stylu vintage Milano, mo\u017cesz by\u0107 pewna, \u017ce fason ten b\u0119dzie doskonale komponowa\u0142 si\u0119 z rozmaitymi stylizacjami, od eleganckich przez biznesowe a\u017c po sportowe. Mo\u017cesz za\u0142o\u017cy\u0107 do niego zar\u00f3wno eleganckie kozaki jak i wygodne sneakers&#8217;y.\u00a0 We\u0142niana, dziergana czapka, a mo\u017ce kapelusz? Sk\u00f3rzana akt\u00f3wka lub pikowana torba shopper? Stylizuj jak lubisz. Moje ulubiony zestawienie to: p\u0142aszcz Milano, jeansy, golf i botki na grubej podeszwie. Stylizacja nabiera wtedy miejsko-vintage&#8217;owego charakteru, idealna na co dzie\u0144.<\/p>\n<p>We have provided guidance on the choice of cut on our website, under the tab <a href=\"https:\/\/talia-fashion.pl\/en\/jak-dobrac-plaszcz-do-sylwetki\/\">How do you choose a coat to suit your figure?<\/a><\/p>\n<p>Actual photo - herringbone ash and beige<br \/>\nDost\u0119pne kolory: jode\u0142ka popielato-be\u017cowa<br \/>\nAvailable sizes: XS, S, M, L<\/p>\n<p>Indicative dimensions:<\/p>\n<p>XS \u2013 biust: 86-88 \/ biodra: 94-96 \/ d\u0142ugo\u015b\u0107: 105 \/ r\u0119kaw 61<br \/>\nS \u2013 biust: 90-92 \/ biodra: 98-100 \/ d\u0142ugo\u015b\u0107: 106 \/ r\u0119kaw: 61<br \/>\nM - bust: 94-96 \/ hips: 102-104 \/ length: 106 \/ sleeve: 62<br \/>\nL - bust: 98-100 \/ hips: 106-108 \/ length: 107 \/ sleeve: 63<\/p>\n<p>P\u0142aszcz zimowy o lu\u017anym kroju w stylu vintage Milano to model w stylu oversizowym. <span lang=\"DE\">Je\u015bli preferowany jest bardziej dopasowany p\u0142aszcz, sugerujemy wyb\u00f3r mniejszego rozmiaru. Ca\u0142y urok jednak w tej lu\u017aniejszej formie. <\/span>W por\u00f3wnaniu do p\u0142aszczy z klasycznie wszywanym r\u0119kawem wypada o ok rozmiar wi\u0119kszy.<span lang=\"DE\"> Najwa\u017cniejsze w tym fasonie, aby nie opina\u0142 si\u0119 na bioderkach.<br \/>\n<\/span><\/p>\n<p>Under\u00a0<a href=\"https:\/\/talia-fashion.pl\/en\/jak-dobrac-rozmiar\/\">How to choose a size?<\/a> We explain how to interpret the size chart above and also give you tips on how to measure yourself.<br \/>\nIf in doubt, please contact us.<\/p>\n<p>Material: 80% virgin wool, 20% polyamide<\/p>\n<p>Lining: 100% acetate<\/p>\n<p>Like viscose, acetate is produced from cellulose. Acetate yarn can also be made from recycled cellulose such as paper. The acetate lining is excellent at absorbing moisture and permeable to air. It is coated with an antistatic apprettee and is OEKOtex\u00ae Standard 100 certified.<\/p>\n<p>Insulation: 100% non-woven recycled polyester<br \/>\nOur coats are insulated with a compressed thermo-insulating quilted fleece on the lining. The fleece is made from recycled polyester fibres (insulating 100% recycled polyester). The material is lightweight, thin and at the same time perfectly insulating. The insulating material we use is resistant to moisture (it retains its insulating properties and warming effect even in damp conditions), stops the wind, is hypoallergenic and breathable, and is OEKOtex\u00ae Standard 100 certified.<\/p>\n<p>The coat should be dry-cleaned. However, you can take care of it on a day-to-day basis by using the following products offered in our shop <a href=\"https:\/\/talia-fashion.pl\/en\/product\/szczotka-do-czyszczenia-i-pielegnacji-plaszcza\/\">Brushes for cleaning and care of the coat<\/a>. By taking care of your coat you are also helping to protect the environment, which is why in the <a href=\"https:\/\/talia-fashion.pl\/en\/jak-pielegnowac-i-dbac-o-plaszcz\/\">How to nurture and care for the coat?<\/a> we have included tips on how to extend the life of your coat.<\/p>\n<p><strong>Individual order\u00a0<\/strong>- We can carry out certain modifications at the customer's request, such as: shortening, lengthening of the sleeve, shortening and lengthening of the coat. We determine the cost individually, pricing the scope of work, after prior contact.<\/p>\n<p><strong>An individual order is not subject to exchange or refund.<\/strong><\/p>\n<p>Czas realizacji zam\u00f3wienia uzale\u017cniamy od aktualnego stanu magazynowego w firmie oraz dost\u0119pno\u015bci danego koloru materia\u0142u. Je\u015bli dany p\u0142aszcz jest dost\u0119pny w pracowni realizacja zam\u00f3wienia nast\u0105pi bardzo szybko 2-5 dni roboczych. Je\u015bli konieczne jest uszycie p\u0142aszcza lub indywidualizacja zam\u00f3wienia \u2013 wykonanie przer\u00f3bki lub uszycie nowego p\u0142aszcza wed\u0142ug specyfikacji Klienta \u2013 czas realizacji zam\u00f3wienia mo\u017ce ulec wyd\u0142u\u017ceniu, maksymalnie do 2 tygodni.<\/p>\n<p>P\u0142aszcz zimowy o lu\u017anym kroju w stylu vintage Milano jest naszym autorskim projektem i szyjemy go w naszej rodzinnej pracowni. Od ponad 37 lat zajmujemy si\u0119 rzemios\u0142em i szyjemy nasze p\u0142aszcze wed\u0142ug tradycyjnych metod, dlatego te\u017c nie szyjemy p\u0142aszczy na magazyn. Prosimy zatem o cierpliwo\u015b\u0107 w oczekiwaniu na realizacj\u0119 zam\u00f3wienia, poniewa\u017c musimy uszy\u0107 ten p\u0142aszczyk dla Ciebie.<\/p>\n<p>Stay with us longer and watch us on\u00a0<a href=\"https:\/\/www.facebook.com\/talia.plaszcze\">Facebook<\/a>\u00a0i\u00a0<a href=\"https:\/\/www.instagram.com\/talia_plaszcze\/\">Instagram.<\/a><\/p>","protected":false},"excerpt":{"rendered":"<p>Limited edition.<\/p>","protected":false},"featured_media":940,"template":"","meta":{"_acf_changed":false},"product_cat":[36],"product_tag":[78,119,33,34,40,224,80,41,42,67,43,91,68,83,47,84,181,85,50,86,63,88,110,210,131],"class_list":{"0":"post-5583","1":"product","2":"type-product","3":"status-publish","4":"has-post-thumbnail","6":"product_cat-plaszcze-dluzsze","7":"product_tag-dla-roznych-sylwetek","8":"product_tag-dlugi-plaszcz-zimowy","9":"product_tag-dwurzedowy","10":"product_tag-handmade","11":"product_tag-kolnierz","12":"product_tag-limited-edition","13":"product_tag-luzny-kroj","14":"product_tag-na-podszewce","15":"product_tag-nowosc","16":"product_tag-ocieplany","17":"product_tag-plaszcz-damski","18":"product_tag-plaszcz-damski-zimowy","19":"product_tag-plaszcz-jesienny","20":"product_tag-plaszcz-luzny","21":"product_tag-plaszcz-na-guziki","22":"product_tag-plaszcz-oversizowy","23":"product_tag-plaszcz-w-jodelke","24":"product_tag-plaszcz-welniany","25":"product_tag-plaszcz-z-rewersem","26":"product_tag-plaszcz-zimowy-ocieplany","27":"product_tag-welniany","28":"product_tag-wiazany","29":"product_tag-z-paskiem","30":"product_tag-za-kolano","31":"product_tag-zimowy-plaszcz","33":"first","34":"instock","35":"shipping-taxable","36":"purchasable","37":"product-type-variable","38":"has-default-attributes"},"acf":[],"yoast_head":"<!-- This site is optimized with the Yoast SEO plugin v25.7 - https:\/\/yoast.com\/wordpress\/plugins\/seo\/ -->\n<title>P\u0142aszcz zimowy o lu\u017anym kroju w stylu vintage Milano - Talia Fashion - p\u0142aszcze damskie<\/title>\n<meta name=\"description\" content=\"P\u0142aszcz zimowy o lu\u017anym kroju w stylu vintage. Limitowana ilo\u015b\u0107. Bardzo ma\u0142a seria. Szyty r\u0119cznie w Polsce, z dba\u0142o\u015bci\u0105 o ka\u017cdy szczeg\u00f3\u0142. W jode\u0142k\u0119.\" \/>\n<meta name=\"robots\" content=\"index, follow, max-snippet:-1, max-image-preview:large, max-video-preview:-1\" \/>\n<link rel=\"canonical\" href=\"https:\/\/talia-fashion.pl\/en\/product\/plaszcz-zimowy-o-luznym-kroju-w-stylu-vintage-milano\/\" \/>\n<meta property=\"og:locale\" content=\"en_GB\" \/>\n<meta property=\"og:type\" content=\"article\" \/>\n<meta property=\"og:title\" content=\"P\u0142aszcz zimowy o lu\u017anym kroju w stylu vintage Milano - Talia Fashion - p\u0142aszcze damskie\" \/>\n<meta property=\"og:description\" content=\"P\u0142aszcz zimowy o lu\u017anym kroju w stylu vintage. Limitowana ilo\u015b\u0107. Bardzo ma\u0142a seria. Szyty r\u0119cznie w Polsce, z dba\u0142o\u015bci\u0105 o ka\u017cdy szczeg\u00f3\u0142. W jode\u0142k\u0119.\" \/>\n<meta property=\"og:url\" content=\"https:\/\/talia-fashion.pl\/en\/product\/plaszcz-zimowy-o-luznym-kroju-w-stylu-vintage-milano\/\" \/>\n<meta property=\"og:site_name\" content=\"Talia Fashion\" \/>\n<meta property=\"article:modified_time\" content=\"2026-02-12T14:38:15+00:00\" \/>\n<meta property=\"og:image\" content=\"https:\/\/talia-fashion.pl\/wp-content\/uploads\/2024\/10\/plaszcz-zimowy-luzny-kroj-styl-vintage-oversizowy-jodelka-popielata-960x1280.jpg\" \/>\n\t<meta property=\"og:image:width\" content=\"960\" \/>\n\t<meta property=\"og:image:height\" content=\"1280\" \/>\n\t<meta property=\"og:image:type\" content=\"image\/jpeg\" \/>\n<meta name=\"twitter:card\" content=\"summary_large_image\" \/>\n<meta name=\"twitter:label1\" content=\"Estimated reading time\" \/>\n\t<meta name=\"twitter:data1\" content=\"4 minutes\" \/>\n<script type=\"application\/ld+json\" class=\"yoast-schema-graph\">{\"@context\":\"https:\/\/schema.org\",\"@graph\":[{\"@type\":\"WebPage\",\"@id\":\"https:\/\/talia-fashion.pl\/produkt\/plaszcz-zimowy-o-luznym-kroju-w-stylu-vintage-milano\/\",\"url\":\"https:\/\/talia-fashion.pl\/produkt\/plaszcz-zimowy-o-luznym-kroju-w-stylu-vintage-milano\/\",\"name\":\"P\u0142aszcz zimowy o lu\u017anym kroju w stylu vintage Milano - Talia Fashion - p\u0142aszcze damskie\",\"isPartOf\":{\"@id\":\"https:\/\/talia-fashion.pl\/#website\"},\"primaryImageOfPage\":{\"@id\":\"https:\/\/talia-fashion.pl\/produkt\/plaszcz-zimowy-o-luznym-kroju-w-stylu-vintage-milano\/#primaryimage\"},\"image\":{\"@id\":\"https:\/\/talia-fashion.pl\/produkt\/plaszcz-zimowy-o-luznym-kroju-w-stylu-vintage-milano\/#primaryimage\"},\"thumbnailUrl\":\"https:\/\/talia-fashion.pl\/wp-content\/uploads\/2024\/10\/plaszcz-zimowy-luzny-kroj-styl-vintage-oversizowy-jodelka-popielata.jpg\",\"datePublished\":\"2024-09-12T07:31:30+00:00\",\"dateModified\":\"2026-02-12T14:38:15+00:00\",\"description\":\"P\u0142aszcz zimowy o lu\u017anym kroju w stylu vintage. Limitowana ilo\u015b\u0107. Bardzo ma\u0142a seria. Szyty r\u0119cznie w Polsce, z dba\u0142o\u015bci\u0105 o ka\u017cdy szczeg\u00f3\u0142. W jode\u0142k\u0119.\",\"breadcrumb\":{\"@id\":\"https:\/\/talia-fashion.pl\/produkt\/plaszcz-zimowy-o-luznym-kroju-w-stylu-vintage-milano\/#breadcrumb\"},\"inLanguage\":\"en-GB\",\"potentialAction\":[{\"@type\":\"ReadAction\",\"target\":[\"https:\/\/talia-fashion.pl\/produkt\/plaszcz-zimowy-o-luznym-kroju-w-stylu-vintage-milano\/\"]}]},{\"@type\":\"ImageObject\",\"inLanguage\":\"en-GB\",\"@id\":\"https:\/\/talia-fashion.pl\/produkt\/plaszcz-zimowy-o-luznym-kroju-w-stylu-vintage-milano\/#primaryimage\",\"url\":\"https:\/\/talia-fashion.pl\/wp-content\/uploads\/2024\/10\/plaszcz-zimowy-luzny-kroj-styl-vintage-oversizowy-jodelka-popielata.jpg\",\"contentUrl\":\"https:\/\/talia-fashion.pl\/wp-content\/uploads\/2024\/10\/plaszcz-zimowy-luzny-kroj-styl-vintage-oversizowy-jodelka-popielata.jpg\",\"width\":1500,\"height\":2000,\"caption\":\"P\u0142aszcz zimowy o lu\u017anym kroju w stylu vintage. Klasyka w nowoczesnym wydaniu. Pude\u0142kowy kr\u00f3j, wz\u00f3r w jode\u0142k\u0119, oversizowy i swobodny.\"},{\"@type\":\"BreadcrumbList\",\"@id\":\"https:\/\/talia-fashion.pl\/produkt\/plaszcz-zimowy-o-luznym-kroju-w-stylu-vintage-milano\/#breadcrumb\",\"itemListElement\":[{\"@type\":\"ListItem\",\"position\":1,\"name\":\"Strona g\u0142\u00f3wna\",\"item\":\"https:\/\/talia-fashion.pl\/\"},{\"@type\":\"ListItem\",\"position\":2,\"name\":\"Sklep\",\"item\":\"https:\/\/talia-fashion.pl\/sklep\/\"},{\"@type\":\"ListItem\",\"position\":3,\"name\":\"P\u0142aszcz zimowy o lu\u017anym kroju w stylu vintage Milano\"}]},{\"@type\":\"WebSite\",\"@id\":\"https:\/\/talia-fashion.pl\/#website\",\"url\":\"https:\/\/talia-fashion.pl\/\",\"name\":\"Talia Fashion\",\"description\":\"\",\"potentialAction\":[{\"@type\":\"SearchAction\",\"target\":{\"@type\":\"EntryPoint\",\"urlTemplate\":\"https:\/\/talia-fashion.pl\/?s={search_term_string}\"},\"query-input\":{\"@type\":\"PropertyValueSpecification\",\"valueRequired\":true,\"valueName\":\"search_term_string\"}}],\"inLanguage\":\"en-GB\"}]}<\/script>\n<!-- \/ Yoast SEO plugin. -->","yoast_head_json":{"title":"P\u0142aszcz zimowy o lu\u017anym kroju w stylu vintage Milano - Talia Fashion - p\u0142aszcze damskie","description":"P\u0142aszcz zimowy o lu\u017anym kroju w stylu vintage. Limitowana ilo\u015b\u0107. Bardzo ma\u0142a seria. Szyty r\u0119cznie w Polsce, z dba\u0142o\u015bci\u0105 o ka\u017cdy szczeg\u00f3\u0142. W jode\u0142k\u0119.","robots":{"index":"index","follow":"follow","max-snippet":"max-snippet:-1","max-image-preview":"max-image-preview:large","max-video-preview":"max-video-preview:-1"},"canonical":"https:\/\/talia-fashion.pl\/en\/product\/plaszcz-zimowy-o-luznym-kroju-w-stylu-vintage-milano\/","og_locale":"en_GB","og_type":"article","og_title":"P\u0142aszcz zimowy o lu\u017anym kroju w stylu vintage Milano - Talia Fashion - p\u0142aszcze damskie","og_description":"P\u0142aszcz zimowy o lu\u017anym kroju w stylu vintage. Limitowana ilo\u015b\u0107. Bardzo ma\u0142a seria. Szyty r\u0119cznie w Polsce, z dba\u0142o\u015bci\u0105 o ka\u017cdy szczeg\u00f3\u0142. W jode\u0142k\u0119.","og_url":"https:\/\/talia-fashion.pl\/en\/product\/plaszcz-zimowy-o-luznym-kroju-w-stylu-vintage-milano\/","og_site_name":"Talia Fashion","article_modified_time":"2026-02-12T14:38:15+00:00","og_image":[{"width":960,"height":1280,"url":"https:\/\/talia-fashion.pl\/wp-content\/uploads\/2024\/10\/plaszcz-zimowy-luzny-kroj-styl-vintage-oversizowy-jodelka-popielata-960x1280.jpg","type":"image\/jpeg"}],"twitter_card":"summary_large_image","twitter_misc":{"Estimated reading time":"4 minutes"},"schema":{"@context":"https:\/\/schema.org","@graph":[{"@type":"WebPage","@id":"https:\/\/talia-fashion.pl\/produkt\/plaszcz-zimowy-o-luznym-kroju-w-stylu-vintage-milano\/","url":"https:\/\/talia-fashion.pl\/produkt\/plaszcz-zimowy-o-luznym-kroju-w-stylu-vintage-milano\/","name":"P\u0142aszcz zimowy o lu\u017anym kroju w stylu vintage Milano - Talia Fashion - p\u0142aszcze damskie","isPartOf":{"@id":"https:\/\/talia-fashion.pl\/#website"},"primaryImageOfPage":{"@id":"https:\/\/talia-fashion.pl\/produkt\/plaszcz-zimowy-o-luznym-kroju-w-stylu-vintage-milano\/#primaryimage"},"image":{"@id":"https:\/\/talia-fashion.pl\/produkt\/plaszcz-zimowy-o-luznym-kroju-w-stylu-vintage-milano\/#primaryimage"},"thumbnailUrl":"https:\/\/talia-fashion.pl\/wp-content\/uploads\/2024\/10\/plaszcz-zimowy-luzny-kroj-styl-vintage-oversizowy-jodelka-popielata.jpg","datePublished":"2024-09-12T07:31:30+00:00","dateModified":"2026-02-12T14:38:15+00:00","description":"P\u0142aszcz zimowy o lu\u017anym kroju w stylu vintage. Limitowana ilo\u015b\u0107. Bardzo ma\u0142a seria. Szyty r\u0119cznie w Polsce, z dba\u0142o\u015bci\u0105 o ka\u017cdy szczeg\u00f3\u0142. W jode\u0142k\u0119.","breadcrumb":{"@id":"https:\/\/talia-fashion.pl\/produkt\/plaszcz-zimowy-o-luznym-kroju-w-stylu-vintage-milano\/#breadcrumb"},"inLanguage":"en-GB","potentialAction":[{"@type":"ReadAction","target":["https:\/\/talia-fashion.pl\/produkt\/plaszcz-zimowy-o-luznym-kroju-w-stylu-vintage-milano\/"]}]},{"@type":"ImageObject","inLanguage":"en-GB","@id":"https:\/\/talia-fashion.pl\/produkt\/plaszcz-zimowy-o-luznym-kroju-w-stylu-vintage-milano\/#primaryimage","url":"https:\/\/talia-fashion.pl\/wp-content\/uploads\/2024\/10\/plaszcz-zimowy-luzny-kroj-styl-vintage-oversizowy-jodelka-popielata.jpg","contentUrl":"https:\/\/talia-fashion.pl\/wp-content\/uploads\/2024\/10\/plaszcz-zimowy-luzny-kroj-styl-vintage-oversizowy-jodelka-popielata.jpg","width":1500,"height":2000,"caption":"P\u0142aszcz zimowy o lu\u017anym kroju w stylu vintage. Klasyka w nowoczesnym wydaniu. Pude\u0142kowy kr\u00f3j, wz\u00f3r w jode\u0142k\u0119, oversizowy i swobodny."},{"@type":"BreadcrumbList","@id":"https:\/\/talia-fashion.pl\/produkt\/plaszcz-zimowy-o-luznym-kroju-w-stylu-vintage-milano\/#breadcrumb","itemListElement":[{"@type":"ListItem","position":1,"name":"Strona g\u0142\u00f3wna","item":"https:\/\/talia-fashion.pl\/"},{"@type":"ListItem","position":2,"name":"Sklep","item":"https:\/\/talia-fashion.pl\/sklep\/"},{"@type":"ListItem","position":3,"name":"P\u0142aszcz zimowy o lu\u017anym kroju w stylu vintage Milano"}]},{"@type":"WebSite","@id":"https:\/\/talia-fashion.pl\/#website","url":"https:\/\/talia-fashion.pl\/","name":"Talia Fashion","description":"","potentialAction":[{"@type":"SearchAction","target":{"@type":"EntryPoint","urlTemplate":"https:\/\/talia-fashion.pl\/?s={search_term_string}"},"query-input":{"@type":"PropertyValueSpecification","valueRequired":true,"valueName":"search_term_string"}}],"inLanguage":"en-GB"}]}},"_links":{"self":[{"href":"https:\/\/talia-fashion.pl\/en\/wp-json\/wp\/v2\/product\/5583","targetHints":{"allow":["GET"]}}],"collection":[{"href":"https:\/\/talia-fashion.pl\/en\/wp-json\/wp\/v2\/product"}],"about":[{"href":"https:\/\/talia-fashion.pl\/en\/wp-json\/wp\/v2\/types\/product"}],"wp:featuredmedia":[{"embeddable":true,"href":"https:\/\/talia-fashion.pl\/en\/wp-json\/wp\/v2\/media\/940"}],"wp:attachment":[{"href":"https:\/\/talia-fashion.pl\/en\/wp-json\/wp\/v2\/media?parent=5583"}],"wp:term":[{"taxonomy":"product_cat","embeddable":true,"href":"https:\/\/talia-fashion.pl\/en\/wp-json\/wp\/v2\/product_cat?post=5583"},{"taxonomy":"product_tag","embeddable":true,"href":"https:\/\/talia-fashion.pl\/en\/wp-json\/wp\/v2\/product_tag?post=5583"}],"curies":[{"name":"wp","href":"https:\/\/api.w.org\/{rel}","templated":true}]}}