{"id":5575,"date":"2024-09-12T08:12:26","date_gmt":"2024-09-12T06:12:26","guid":{"rendered":"http:\/\/talia-fashion.pl\/produkt\/brazowy-plaszcz-zimowy-z-welny-z-delikatnym-wlosem-kira\/"},"modified":"2026-02-12T16:58:30","modified_gmt":"2026-02-12T15:58:30","slug":"brazowy-plaszcz-zimowy-z-welny-z-delikatnym-wlosem-kira","status":"publish","type":"product","link":"https:\/\/talia-fashion.pl\/en\/product\/brazowy-plaszcz-zimowy-z-welny-z-delikatnym-wlosem-kira\/","title":{"rendered":"Brown wool winter coat with fine hair Kira"},"content":{"rendered":"<div id=\"tabs-list-description\" class=\"tab-pane active in\">\n<div class=\"description\">\n<p>Br\u0105zowy p\u0142aszcz zimowy z we\u0142ny z delikatnym w\u0142osem Kira uszyli\u015bmy z wysokiej jako\u015bci mi\u0119sistej tkaniny z przewag\u0105 we\u0142ny dziewiczej. Materia\u0142 ma delikatn\u0105, w\u0142oskowat\u0105 struktur\u0119, kt\u00f3ra sprawia, i\u017c wz\u00f3r jode\u0142ki nie jest bardzo wyra\u017any, a r\u00f3\u017cne odcienie br\u0105zu i be\u017cu ciekawie si\u0119 przenikaj\u0105. Dodaje to szyku i elegancji. Wyra\u017a swoj\u0105 osobowo\u015b\u0107 i postaw na klasyk\u0119. Wybieraj\u0105c d\u0142ugi, zimowy p\u0142aszcz, o minimalistycznym kroju, w unikatowym materiale i stonowanym kolorze &#8211; wybierasz ponadczasowy p\u0142aszcz. Dopracowany w najmniejszym detalu, idealnie sprawdzi si\u0119 w sezonie zimowym i z \u0142atwo\u015bci\u0105 stworzysz z nim najr\u00f3\u017cniejsze stylizacje, zar\u00f3wno te formalne: do pracy, czy na wielkie wyj\u015bcie, jak i te casualowe, sportowe.<\/p>\n<p>Br\u0105zowy p\u0142aszcz zimowy z we\u0142ny z delikatnym w\u0142osem Kira zapinany jest dwurz\u0119dowo na dobrane kolorystycznie guziki. P\u0142aszcz jest dopasowany z ty\u0142u, z rozporkiem, z przodu profilowany. Ma bardzo wygodny kr\u00f3j, kt\u00f3ry op\u0142ywa sylwetk\u0119 ale jej nie opina. Klasyczna linia ramion oraz wyk\u0142adany ko\u0142nierz z klapami tworz\u0105cymi dekolt w serek, kt\u00f3ry optycznie wysmukla ramiona i wyd\u0142u\u017ca szyj\u0119, sprawiaj\u0105c, \u017ce kobieta wydaje si\u0119 wy\u017csza i szczuplejsza. W ch\u0142odne dni &#8211; podniesiony ko\u0142nierz, ochroni przed wiatrem i prezentowa\u0107 si\u0119 b\u0119dzie stylowo. Wyjmowany pasek, uszyty z tej samej tkaniny, do wi\u0105zania i podkre\u015blenia talii. Dwie, boczne kieszenie zako\u0144czone listewk\u0105. D\u0142ugo\u015b\u0107 do po\u0142owy \u0142ydki. P\u0142aszcz w ca\u0142o\u015bci ocieplany, w\u0142\u0105cznie z r\u0119kawami. Limitowana edycja.<\/p>\n<p>Dzi\u0119ki wielu specjalnym rozwi\u0105zaniom konstrukcyjnym p\u0142aszcz Kira optycznie wyd\u0142u\u017ca i wyszczupla sylwetk\u0119. Je\u015bli chcesz wzmocni\u0107 efekt pami\u0119taj, i\u017c przy d\u0142ugim p\u0142aszczu warto wyeksponowa\u0107 nogi. Wybieraj\u0105c zatem sukienki, sp\u00f3dniczki kieruj si\u0119 d\u0142ugo\u015bci\u0105 &#8211; najlepiej te d\u0142ugo\u015bci midi lub mini. Spodnie natomiast powinny mie\u0107 dopasowan\u0105 nogawk\u0119 albo ods\u0142ania\u0107 kostk\u0119. Podobny efekt uzyskamy zak\u0142adaj\u0105c obuwie na obcasie lub koturnie. Kolejnym trikiem jest total look &#8211; czyli stylizacja w jednym kolorze. Aby taka stylizacja nie by\u0142a md\u0142a \u015bmia\u0142o mo\u017cesz \u0142\u0105czy\u0107 r\u00f3\u017cne odcienie koloru przewodniego i r\u00f3\u017cne faktury materia\u0142u. Monochromatyczne stylizacje zawsze s\u0105 niebanalne i eleganckie, nawet w wersji sportowej.<\/p>\n<p>If you're wondering which coat to choose, we suggest you take a look at our tips\u00a0<a href=\"https:\/\/talia-fashion.pl\/en\/jak-dobrac-plaszcz-do-sylwetki\/\">How do you choose a coat to suit your figure?<\/a><\/p>\n<p><span lang=\"DE\">Zdj\u0119cie rzeczywiste \u2013 jode\u0142ka mokka (przeplataj\u0105ce si\u0119 r\u00f3\u017cne odcienie br\u0105zu i be\u017cu)<br \/>\n<\/span><\/p>\n<p>Available colours<span lang=\"DE\">: jode\u0142ka mokka (tylko L)<\/span><\/p>\n<p>W tym sezonie stawiamy na kolory ziemi: r\u00f3\u017cne odcienie be\u017cowego, br\u0105zowego i kremowego. Mo\u017cna je \u0142atwo \u0142\u0105czy\u0107 z innymi odcieniami tworz\u0105c ciekawe stylizacje.<\/p>\n<p><span lang=\"DE\">Available sizes: XS, S, M, L, XL<br \/>\n<\/span><\/p>\n<p>The model is 172 cm and a size S.<\/p>\n<p><span lang=\"DE\">Indicative dimensions:<\/span><\/p>\n<p><span lang=\"DE\">XS - bust: 86-88 \/ hips 94-96 \/ length: 120 \/ sleeve 61<br \/>\nS - bust: 90-92 \/ hips: 98-100 \/ length: 120 \/ sleeve: 62<br \/>\nM - bust: 94-96 \/ hips: 102-104 \/ length: 120 \/ sleeve: 62<br \/>\nL - bust: 98-100 \/ hips: 106-108 \/ length: 120 \/ sleeve: 63<br \/>\nXL - bust: 104-106 \/ hips: 112-114 \/ length: 120 \/ sleeve: 64<\/span><\/p>\n<p><span lang=\"DE\">If you are unsure of your size selection, please contact us.<\/span><\/p>\n<p><span lang=\"DE\">Material: 80% virgin wool, 20% polyamide<br \/>\n<\/span><\/p>\n<p>Lining: 100% acetate<\/p>\n<p>Acetat podobnie jak wiskoza wytwarzany jest z celulozy. Prz\u0119dza acetatowa mo\u017ce by\u0107 wytworzona r\u00f3wnie\u017c z celulozy przetworzonej np. papieru. Podszewka acetatowa doskonale wch\u0142ania wilgo\u0107 i przepuszcza powietrze, dzi\u0119ki czemu zapewnia komfort i dobrze si\u0119 nosi. Jest powlekany apretur\u0105 antystatyczn\u0105 i posiada certyfikat OEKOtex\u00ae Standard 100.<\/p>\n<p>Insulation: 100% non-woven recycled polyester<br \/>\nOur coats are insulated with a compressed thermo-insulating quilted fleece on the lining. The fleece is made from recycled polyester fibres. The material is lightweight, thin and at the same time perfectly insulating. The insulating fleece we use is resistant to moisture (it retains its insulating properties and warming effect even in damp conditions), stops the wind, is hypoallergenic and breathable. It is OEKOtex\u00ae Standard 100 certified.<\/p>\n<p>Br\u0105zowy p\u0142aszcz zimowy z we\u0142ny z delikatnym w\u0142osem Kira powsta\u0142 w naszym rodzinnym zak\u0142adzie krawieckim w Poznaniu, w spos\u00f3b przyjazny dla \u015brodowiska i zgodnie z zasadami Fair Trade<span lang=\"DE\">.\u00a0 Zosta\u0142 uszyty z wyselekcjonowanego przez nas materia\u0142u z deadstocku, wyprodukowanego wcze\u015bniej dla znanej marki. Proces wyszukiwania materia\u0142\u00f3w jest bardzo pracoch\u0142onny, ale dzi\u0119ki temu mo\u017cemy zaoferowa\u0107 bardzo dobrej jako\u015bci materia\u0142y w dobrej cenie i przyczyni\u0107 si\u0119 do zmniejszenia \u015bwiatowej nadprodukcji. Zr\u00f3wnowa\u017cony rozw\u00f3j jest dla nas bardzo wa\u017cny.<br \/>\n<\/span><\/p>\n<p>The coat should be dry-cleaned. For frequent refreshing of the wool we recommend the following\u00a0<a href=\"https:\/\/talia-fashion.pl\/en\/product\/szczotka-do-czyszczenia-i-pielegnacji-plaszcza\/\">Brush for cleaning and care of the coat<\/a>, kt\u00f3r\u0105 mo\u017cna kupi\u0107 w naszym sklepie. Aby utrzyma\u0107 p\u0142aszcz w czysto\u015bci cz\u0119sto wystarczy wietrzy\u0107 go i regularnie szczotkowa\u0107. Ten proces jest delikatniejszy dla tkanin i pozwala unikn\u0105\u0107 zu\u017cycia wody i energii w procesach prania. Dbaj\u0105c o ubranie, chronisz \u015brodowisko. Zach\u0119camy do zapoznania si\u0119 z naszym poradnikiem: <a href=\"https:\/\/talia-fashion.pl\/en\/jak-pielegnowac-i-dbac-o-plaszcz\/\">How to care for and maintain coats?<\/a><\/p>\n<p>It is possible to make some modifications in the <strong>Individual orders<\/strong> \u2013 na \u017cyczenie Klienta: skr\u00f3cenie, wyd\u0142u\u017cenie r\u0119kawa, skr\u00f3cenie i wyd\u0142u\u017cenie p\u0142aszcza.<\/p>\n<p><strong>An individual order is not subject to exchange or refund.<\/strong><\/p>\n<p><span lang=\"DE\">Czas realizacji zam\u00f3wienia uzale\u017cniamy od aktualnego stanu magazynowego w pracowni oraz dost\u0119pno\u015bci danego koloru materia\u0142u. Je\u015bli dany p\u0142aszcz jest dost\u0119pny w firmie realizacja zam\u00f3wienia nast\u0105pi bardzo szybko 2-5 dni roboczych. Je\u015bli konieczne jest uszycie nowego p\u0142aszcza lub indywidualizacja zam\u00f3wienia \u2013 wykonanie przer\u00f3bki lub uszycie nowego p\u0142aszcza wed\u0142ug specyfikacji Klienta \u2013 czas realizacji zam\u00f3wienia mo\u017ce ulec wyd\u0142u\u017ceniu, maksymalnie do 2 tygodni.<\/span><\/p>\n<p>We do our best to keep the waiting time as short as possible, but our coats are sewn by hand using traditional methods, so please be patient.<\/p>\n<p>We encourage you to like our fanpage on\u00a0<a href=\"https:\/\/www.facebook.com\/talia.plaszcze\">Facebook<\/a>\u00a0i\u00a0<a href=\"https:\/\/www.instagram.com\/talia_plaszcze\/\">Instagram<\/a><\/p>\n<\/div>\n<\/div>","protected":false},"excerpt":{"rendered":"<p>Br\u0105zowy p\u0142aszcz zimowy z we\u0142ny z delikatnym w\u0142osem Kira uszyli\u015bmy z wysokiej jako\u015bci mi\u0119sistej tkaniny z przewag\u0105 we\u0142ny dziewiczej. Materia\u0142 ma delikatn\u0105,&hellip;<\/p>","protected":false},"featured_media":5576,"template":"","meta":{"_acf_changed":false},"product_cat":[31,36],"product_tag":[78,119,209,32,39,224,121,81,42,67,135,47,122,85,102,50,248,95,86,60,87,157,249,63,88],"class_list":{"0":"post-5575","1":"product","2":"type-product","3":"status-publish","4":"has-post-thumbnail","6":"product_cat-nowosci","7":"product_cat-plaszcze-dluzsze","8":"product_tag-dla-roznych-sylwetek","9":"product_tag-dlugi-plaszcz-zimowy","10":"product_tag-do-polowy-lydki","11":"product_tag-dopasowany-kroj","12":"product_tag-klasyczny","13":"product_tag-limited-edition","14":"product_tag-materialy-przyjazne-dla-srodowiska","15":"product_tag-naturalne-materialy","16":"product_tag-nowosc","17":"product_tag-ocieplany","18":"product_tag-plaszcz-brazowy","19":"product_tag-plaszcz-na-guziki","20":"product_tag-plaszcz-szlafrokowy","21":"product_tag-plaszcz-welniany","22":"product_tag-plaszcz-z-alpaki","23":"product_tag-plaszcz-z-rewersem","24":"product_tag-plaszcz-z-welny-dziewiczej","25":"product_tag-plaszcz-zimowy","26":"product_tag-plaszcz-zimowy-ocieplany","27":"product_tag-producent-plaszczy-damskich","28":"product_tag-produkt-premium","29":"product_tag-teddy-bear","30":"product_tag-tkanina-z-dlugim-wlosem","31":"product_tag-welniany","32":"product_tag-wiazany","34":"first","35":"instock","36":"shipping-taxable","37":"purchasable","38":"product-type-variable","39":"has-default-attributes"},"acf":[],"yoast_head":"<!-- This site is optimized with the Yoast SEO plugin v25.7 - https:\/\/yoast.com\/wordpress\/plugins\/seo\/ -->\n<title>Br\u0105zowy p\u0142aszcz zimowy z we\u0142ny z delikatnym w\u0142osem Kira - Talia Fashion - p\u0142aszcze damskie<\/title>\n<meta name=\"description\" content=\"Br\u0105zowy p\u0142aszcz zimowy z we\u0142ny z delikatnym w\u0142osem - uszyty z wysokiej jako\u015bci mi\u0119kkiego materia\u0142u. Dodatkowo ocieplany. Ciep\u0142y, zimowy, d\u0142ugi p\u0142aszcz.\" \/>\n<meta name=\"robots\" content=\"index, follow, max-snippet:-1, max-image-preview:large, max-video-preview:-1\" \/>\n<link rel=\"canonical\" href=\"https:\/\/talia-fashion.pl\/en\/product\/brazowy-plaszcz-zimowy-z-welny-z-delikatnym-wlosem-kira\/\" \/>\n<meta property=\"og:locale\" content=\"en_GB\" \/>\n<meta property=\"og:type\" content=\"article\" \/>\n<meta property=\"og:title\" content=\"Br\u0105zowy p\u0142aszcz zimowy z we\u0142ny z delikatnym w\u0142osem Kira - Talia Fashion - p\u0142aszcze damskie\" \/>\n<meta property=\"og:description\" content=\"Br\u0105zowy p\u0142aszcz zimowy z we\u0142ny z delikatnym w\u0142osem - uszyty z wysokiej jako\u015bci mi\u0119kkiego materia\u0142u. Dodatkowo ocieplany. Ciep\u0142y, zimowy, d\u0142ugi p\u0142aszcz.\" \/>\n<meta property=\"og:url\" content=\"https:\/\/talia-fashion.pl\/en\/product\/brazowy-plaszcz-zimowy-z-welny-z-delikatnym-wlosem-kira\/\" \/>\n<meta property=\"og:site_name\" content=\"Talia Fashion\" \/>\n<meta property=\"article:modified_time\" content=\"2026-02-12T15:58:30+00:00\" \/>\n<meta property=\"og:image\" content=\"https:\/\/talia-fashion.pl\/wp-content\/uploads\/2025\/07\/brazowy-plaszcz-zimowy-welna-wloskowata-struktura-jodelka-dlugi-960x1280.jpg\" \/>\n\t<meta property=\"og:image:width\" content=\"960\" \/>\n\t<meta property=\"og:image:height\" content=\"1280\" \/>\n\t<meta property=\"og:image:type\" content=\"image\/jpeg\" \/>\n<meta name=\"twitter:card\" content=\"summary_large_image\" \/>\n<meta name=\"twitter:label1\" content=\"Estimated reading time\" \/>\n\t<meta name=\"twitter:data1\" content=\"4 minutes\" \/>\n<script type=\"application\/ld+json\" class=\"yoast-schema-graph\">{\"@context\":\"https:\/\/schema.org\",\"@graph\":[{\"@type\":\"WebPage\",\"@id\":\"https:\/\/talia-fashion.pl\/produkt\/brazowy-plaszcz-zimowy-z-welny-z-delikatnym-wlosem-kira\/\",\"url\":\"https:\/\/talia-fashion.pl\/produkt\/brazowy-plaszcz-zimowy-z-welny-z-delikatnym-wlosem-kira\/\",\"name\":\"Br\u0105zowy p\u0142aszcz zimowy z we\u0142ny z delikatnym w\u0142osem Kira - Talia Fashion - p\u0142aszcze damskie\",\"isPartOf\":{\"@id\":\"https:\/\/talia-fashion.pl\/#website\"},\"primaryImageOfPage\":{\"@id\":\"https:\/\/talia-fashion.pl\/produkt\/brazowy-plaszcz-zimowy-z-welny-z-delikatnym-wlosem-kira\/#primaryimage\"},\"image\":{\"@id\":\"https:\/\/talia-fashion.pl\/produkt\/brazowy-plaszcz-zimowy-z-welny-z-delikatnym-wlosem-kira\/#primaryimage\"},\"thumbnailUrl\":\"https:\/\/talia-fashion.pl\/wp-content\/uploads\/2025\/07\/brazowy-plaszcz-zimowy-welna-wloskowata-struktura-jodelka-dlugi.jpg\",\"datePublished\":\"2024-09-12T06:12:26+00:00\",\"dateModified\":\"2026-02-12T15:58:30+00:00\",\"description\":\"Br\u0105zowy p\u0142aszcz zimowy z we\u0142ny z delikatnym w\u0142osem - uszyty z wysokiej jako\u015bci mi\u0119kkiego materia\u0142u. Dodatkowo ocieplany. Ciep\u0142y, zimowy, d\u0142ugi p\u0142aszcz.\",\"breadcrumb\":{\"@id\":\"https:\/\/talia-fashion.pl\/produkt\/brazowy-plaszcz-zimowy-z-welny-z-delikatnym-wlosem-kira\/#breadcrumb\"},\"inLanguage\":\"en-GB\",\"potentialAction\":[{\"@type\":\"ReadAction\",\"target\":[\"https:\/\/talia-fashion.pl\/produkt\/brazowy-plaszcz-zimowy-z-welny-z-delikatnym-wlosem-kira\/\"]}]},{\"@type\":\"ImageObject\",\"inLanguage\":\"en-GB\",\"@id\":\"https:\/\/talia-fashion.pl\/produkt\/brazowy-plaszcz-zimowy-z-welny-z-delikatnym-wlosem-kira\/#primaryimage\",\"url\":\"https:\/\/talia-fashion.pl\/wp-content\/uploads\/2025\/07\/brazowy-plaszcz-zimowy-welna-wloskowata-struktura-jodelka-dlugi.jpg\",\"contentUrl\":\"https:\/\/talia-fashion.pl\/wp-content\/uploads\/2025\/07\/brazowy-plaszcz-zimowy-welna-wloskowata-struktura-jodelka-dlugi.jpg\",\"width\":1500,\"height\":2000,\"caption\":\"Br\u0105zowy p\u0142aszcz damski zimowy w klasyczny wz\u00f3r jode\u0142ki. Uszyli\u015bmy go z wysokiej jako\u015bci mieszanki we\u0142nianej o w\u0142oskowatej strukturze nadajacej miekko\u015bci. Ciep\u0142e, d\u0142ugie i stylowe okrycie wierzchnie. Idealny na zim\u0119.\"},{\"@type\":\"BreadcrumbList\",\"@id\":\"https:\/\/talia-fashion.pl\/produkt\/brazowy-plaszcz-zimowy-z-welny-z-delikatnym-wlosem-kira\/#breadcrumb\",\"itemListElement\":[{\"@type\":\"ListItem\",\"position\":1,\"name\":\"Strona g\u0142\u00f3wna\",\"item\":\"https:\/\/talia-fashion.pl\/\"},{\"@type\":\"ListItem\",\"position\":2,\"name\":\"Sklep\",\"item\":\"https:\/\/talia-fashion.pl\/sklep\/\"},{\"@type\":\"ListItem\",\"position\":3,\"name\":\"Br\u0105zowy p\u0142aszcz zimowy z we\u0142ny z delikatnym w\u0142osem Kira\"}]},{\"@type\":\"WebSite\",\"@id\":\"https:\/\/talia-fashion.pl\/#website\",\"url\":\"https:\/\/talia-fashion.pl\/\",\"name\":\"Talia Fashion\",\"description\":\"\",\"potentialAction\":[{\"@type\":\"SearchAction\",\"target\":{\"@type\":\"EntryPoint\",\"urlTemplate\":\"https:\/\/talia-fashion.pl\/?s={search_term_string}\"},\"query-input\":{\"@type\":\"PropertyValueSpecification\",\"valueRequired\":true,\"valueName\":\"search_term_string\"}}],\"inLanguage\":\"en-GB\"}]}<\/script>\n<!-- \/ Yoast SEO plugin. -->","yoast_head_json":{"title":"Br\u0105zowy p\u0142aszcz zimowy z we\u0142ny z delikatnym w\u0142osem Kira - Talia Fashion - p\u0142aszcze damskie","description":"Br\u0105zowy p\u0142aszcz zimowy z we\u0142ny z delikatnym w\u0142osem - uszyty z wysokiej jako\u015bci mi\u0119kkiego materia\u0142u. Dodatkowo ocieplany. Ciep\u0142y, zimowy, d\u0142ugi p\u0142aszcz.","robots":{"index":"index","follow":"follow","max-snippet":"max-snippet:-1","max-image-preview":"max-image-preview:large","max-video-preview":"max-video-preview:-1"},"canonical":"https:\/\/talia-fashion.pl\/en\/product\/brazowy-plaszcz-zimowy-z-welny-z-delikatnym-wlosem-kira\/","og_locale":"en_GB","og_type":"article","og_title":"Br\u0105zowy p\u0142aszcz zimowy z we\u0142ny z delikatnym w\u0142osem Kira - Talia Fashion - p\u0142aszcze damskie","og_description":"Br\u0105zowy p\u0142aszcz zimowy z we\u0142ny z delikatnym w\u0142osem - uszyty z wysokiej jako\u015bci mi\u0119kkiego materia\u0142u. Dodatkowo ocieplany. Ciep\u0142y, zimowy, d\u0142ugi p\u0142aszcz.","og_url":"https:\/\/talia-fashion.pl\/en\/product\/brazowy-plaszcz-zimowy-z-welny-z-delikatnym-wlosem-kira\/","og_site_name":"Talia Fashion","article_modified_time":"2026-02-12T15:58:30+00:00","og_image":[{"width":960,"height":1280,"url":"https:\/\/talia-fashion.pl\/wp-content\/uploads\/2025\/07\/brazowy-plaszcz-zimowy-welna-wloskowata-struktura-jodelka-dlugi-960x1280.jpg","type":"image\/jpeg"}],"twitter_card":"summary_large_image","twitter_misc":{"Estimated reading time":"4 minutes"},"schema":{"@context":"https:\/\/schema.org","@graph":[{"@type":"WebPage","@id":"https:\/\/talia-fashion.pl\/produkt\/brazowy-plaszcz-zimowy-z-welny-z-delikatnym-wlosem-kira\/","url":"https:\/\/talia-fashion.pl\/produkt\/brazowy-plaszcz-zimowy-z-welny-z-delikatnym-wlosem-kira\/","name":"Br\u0105zowy p\u0142aszcz zimowy z we\u0142ny z delikatnym w\u0142osem Kira - Talia Fashion - p\u0142aszcze damskie","isPartOf":{"@id":"https:\/\/talia-fashion.pl\/#website"},"primaryImageOfPage":{"@id":"https:\/\/talia-fashion.pl\/produkt\/brazowy-plaszcz-zimowy-z-welny-z-delikatnym-wlosem-kira\/#primaryimage"},"image":{"@id":"https:\/\/talia-fashion.pl\/produkt\/brazowy-plaszcz-zimowy-z-welny-z-delikatnym-wlosem-kira\/#primaryimage"},"thumbnailUrl":"https:\/\/talia-fashion.pl\/wp-content\/uploads\/2025\/07\/brazowy-plaszcz-zimowy-welna-wloskowata-struktura-jodelka-dlugi.jpg","datePublished":"2024-09-12T06:12:26+00:00","dateModified":"2026-02-12T15:58:30+00:00","description":"Br\u0105zowy p\u0142aszcz zimowy z we\u0142ny z delikatnym w\u0142osem - uszyty z wysokiej jako\u015bci mi\u0119kkiego materia\u0142u. Dodatkowo ocieplany. Ciep\u0142y, zimowy, d\u0142ugi p\u0142aszcz.","breadcrumb":{"@id":"https:\/\/talia-fashion.pl\/produkt\/brazowy-plaszcz-zimowy-z-welny-z-delikatnym-wlosem-kira\/#breadcrumb"},"inLanguage":"en-GB","potentialAction":[{"@type":"ReadAction","target":["https:\/\/talia-fashion.pl\/produkt\/brazowy-plaszcz-zimowy-z-welny-z-delikatnym-wlosem-kira\/"]}]},{"@type":"ImageObject","inLanguage":"en-GB","@id":"https:\/\/talia-fashion.pl\/produkt\/brazowy-plaszcz-zimowy-z-welny-z-delikatnym-wlosem-kira\/#primaryimage","url":"https:\/\/talia-fashion.pl\/wp-content\/uploads\/2025\/07\/brazowy-plaszcz-zimowy-welna-wloskowata-struktura-jodelka-dlugi.jpg","contentUrl":"https:\/\/talia-fashion.pl\/wp-content\/uploads\/2025\/07\/brazowy-plaszcz-zimowy-welna-wloskowata-struktura-jodelka-dlugi.jpg","width":1500,"height":2000,"caption":"Br\u0105zowy p\u0142aszcz damski zimowy w klasyczny wz\u00f3r jode\u0142ki. Uszyli\u015bmy go z wysokiej jako\u015bci mieszanki we\u0142nianej o w\u0142oskowatej strukturze nadajacej miekko\u015bci. Ciep\u0142e, d\u0142ugie i stylowe okrycie wierzchnie. Idealny na zim\u0119."},{"@type":"BreadcrumbList","@id":"https:\/\/talia-fashion.pl\/produkt\/brazowy-plaszcz-zimowy-z-welny-z-delikatnym-wlosem-kira\/#breadcrumb","itemListElement":[{"@type":"ListItem","position":1,"name":"Strona g\u0142\u00f3wna","item":"https:\/\/talia-fashion.pl\/"},{"@type":"ListItem","position":2,"name":"Sklep","item":"https:\/\/talia-fashion.pl\/sklep\/"},{"@type":"ListItem","position":3,"name":"Br\u0105zowy p\u0142aszcz zimowy z we\u0142ny z delikatnym w\u0142osem Kira"}]},{"@type":"WebSite","@id":"https:\/\/talia-fashion.pl\/#website","url":"https:\/\/talia-fashion.pl\/","name":"Talia Fashion","description":"","potentialAction":[{"@type":"SearchAction","target":{"@type":"EntryPoint","urlTemplate":"https:\/\/talia-fashion.pl\/?s={search_term_string}"},"query-input":{"@type":"PropertyValueSpecification","valueRequired":true,"valueName":"search_term_string"}}],"inLanguage":"en-GB"}]}},"_links":{"self":[{"href":"https:\/\/talia-fashion.pl\/en\/wp-json\/wp\/v2\/product\/5575","targetHints":{"allow":["GET"]}}],"collection":[{"href":"https:\/\/talia-fashion.pl\/en\/wp-json\/wp\/v2\/product"}],"about":[{"href":"https:\/\/talia-fashion.pl\/en\/wp-json\/wp\/v2\/types\/product"}],"wp:featuredmedia":[{"embeddable":true,"href":"https:\/\/talia-fashion.pl\/en\/wp-json\/wp\/v2\/media\/5576"}],"wp:attachment":[{"href":"https:\/\/talia-fashion.pl\/en\/wp-json\/wp\/v2\/media?parent=5575"}],"wp:term":[{"taxonomy":"product_cat","embeddable":true,"href":"https:\/\/talia-fashion.pl\/en\/wp-json\/wp\/v2\/product_cat?post=5575"},{"taxonomy":"product_tag","embeddable":true,"href":"https:\/\/talia-fashion.pl\/en\/wp-json\/wp\/v2\/product_tag?post=5575"}],"curies":[{"name":"wp","href":"https:\/\/api.w.org\/{rel}","templated":true}]}}