{"id":5558,"date":"2024-09-09T13:59:25","date_gmt":"2024-09-09T11:59:25","guid":{"rendered":"http:\/\/talia-fashion.pl\/produkt\/plaszcz-taliowany-z-welny-dziewiczej-z-paskiem-melody\/"},"modified":"2026-03-05T21:01:27","modified_gmt":"2026-03-05T20:01:27","slug":"plaszcz-taliowany-z-welny-dziewiczej-z-paskiem-melody","status":"publish","type":"product","link":"https:\/\/talia-fashion.pl\/en\/product\/plaszcz-taliowany-z-welny-dziewiczej-z-paskiem-melody\/","title":{"rendered":"Melody virgin wool waist coat with belt"},"content":{"rendered":"<p><span lang=\"DE\">The Melody waisted virgin wool coat with belt is a knee-length winter coat that will not only protect you from the cold, but also add a chic touch. We've tailored it in a soft virgin wool fabric that will provide optimum thermal comfort whatever the changing weather. The whole is finished with an acetate lining. The coat is additionally insulated, also in the sleeves. The coat is fastened with one button, the second of which is decorative. It has a belt, which we sewed from the same fabric. Thanks to it, you can emphasise the waist even more. The tie at the back will optically slim your silhouette. The coat has a fitted back and a profiled front, which makes it very comfortable - it skims over your silhouette rather than hugs it. Two side pockets finished with a decorative trim add practicality. No zipper. <\/span><\/p>\n<p><span lang=\"DE\">Noteworthy is the beautiful exponential collar with an interesting form. We designed it to emphasise the neckline and make it slimmer, especially important for ladies with a generous bust, and when raised, it protects from the wind. We have additionally lined the front of the coat with very delicate glue, stabilising the fibres, emphasising the properties of the fabric and giving the coat a luxurious look.<\/span><\/p>\n<p><span lang=\"DE\">Melody virgin wool waist coat with belt<\/span> is our proposal for people who value practicality. The coat is kept in the slow trend - that is, a minimalist cut, without unnecessary decorations, and it goes with just about anything. Put it on and go. Zip it up, tie it at the front or back, or simply wear it open - you will look great every time. Anyone who doesn't like to spend too much time thinking about their everyday outfit will appreciate this feature.<\/p>\n<p>Enjoy great style all season long by reaching for our latest coats. Classic cuts are a must if you want to add an urban touch to your outfit. They are also ideal if you want to look luxurious - interesting boots and an elegant handbag will complete the look. The softness of the material will make you feel enveloped.<\/p>\n<p><span lang=\"DE\">Zdj\u0119cie rzeczywiste \u2013 jode\u0142ka niebiesko-zielono-grafitowa (tylko M)<\/span><\/p>\n<p>Available colours<span lang=\"DE\">: jode\u0142ka niebiesko-zielono-grafitowa\u00a0 (naprzemiennie przeplataj\u0105 si\u0119 trzy nitki grafitowa, jako baza, niebieska i\u00a0 zielena tworz\u0105c niepowtarzalny wz\u00f3r)<br \/>\n<\/span><\/p>\n<p><span lang=\"DE\">Other colours are shown on other coat models and in the <a href=\"https:\/\/talia-fashion.pl\/en\/paleta-kolorow\/\">Colour palette<\/a>. If in doubt, we will be happy to help.\u00a0<\/span><\/p>\n<p><span lang=\"DE\">Available sizes: XS, S, M, L, XL<\/span><\/p>\n<p>The model is 172cm and a size S.<\/p>\n<p><span lang=\"DE\">Indicative dimensions:<\/span><\/p>\n<p><span lang=\"DE\">XS - bust: 86-88 \/ hips 94-96 \/ length: 97 \/ shoulder width 34.5-35 \/ sleeve 61<br \/>\nS - bust: 90-92 \/ hips: 98-100 \/ length: 98 \/ shoulder width 35.5-36 \/ sleeve: 62<br \/>\nM - bust: 94-96 \/ hips: 102-104 \/ length: 98 \/ shoulder width 37-37.5 \/ sleeve: 62<br \/>\nL - bust: 98-100 \/ hips: 106-108 \/ length: 98 \/ shoulder width 39.5-40 \/ sleeve: 63<br \/>\nXL - bust: 104-106 \/ hips: 112-114 \/ length: 98 \/ shoulder width 42-42.5 \/ sleeve: 64<\/span><\/p>\n<p>We encourage you to read our advice on choosing the right size (\u00a0<a href=\"https:\/\/talia-fashion.pl\/en\/jak-wybrac-odpowiedni-rozmiar\/\">How to choose a size?<\/a>\u00a0) and the cut of the coat (\u00a0<a href=\"https:\/\/talia-fashion.pl\/en\/jak-dobrac-plaszcz-do-sylwetki\/\">How do you choose a coat to suit your figure?<\/a>\u00a0).  If in doubt, please contact us.<\/p>\n<p><span lang=\"DE\">Material: 100<\/span><span lang=\"DE\">% virgin wool<br \/>\n<\/span><\/p>\n<p>Lining: 100% acetate<\/p>\n<p>Like viscose, acetate is produced from cellulose. Acetate yarn can also be made from recycled cellulose such as paper. The acetate lining is excellent at absorbing moisture and permeable to air. It is coated with an antistatic apprettee and is OEKOtex\u00ae Standard 100 certified. It ideally provides thermal comfort and is comfortable to wear.<\/p>\n<p>Insulation: 100% non-woven recycled polyester<br \/>\nOur coats are insulated with a compressed thermo-insulating quilted fleece on the lining. The fleece is made from recycled polyester fibres. The material is lightweight, thin and at the same time perfectly insulating. The insulating fleece we use is resistant to moisture (it retains its insulating properties and warming effect even in damp conditions), stops the wind, is hypoallergenic and breathable. It is OEKOtex\u00ae Standard 100 certified.<\/p>\n<p><span lang=\"DE\">We designed the Melody striped virgin wool waist coat with both comfort and aesthetics in mind. It is most important to us that you feel beautiful and comfortable. We sewed the coat in our studio in Pozna\u0144, using traditional, labour-intensive methods and a lot of heart put into it, while being environmentally friendly. Every element of the coat has been thought out and refined by us so that it impresses with its quality.\u00a0\u00a0<\/span><\/p>\n<p><strong>Individual order - <\/strong>Some modifications can be made at the client's request: shortening, lengthening of the sleeve, shortening and lengthening of the coat. Cost to be determined individually, after prior contact.<\/p>\n<p><strong>An individual order is not subject to exchange or refund.<\/strong><\/p>\n<p>The Melody striped virgin wool waist coat should be dry-cleaned. For regular refreshing of the coat we recommend <a href=\"https:\/\/talia-fashion.pl\/en\/product\/szczotka-do-czyszczenia-i-pielegnacji-plaszcza\/\">Brush for cleaning and care<\/a>, which can be purchased in our shop. How to simply look after your coat and enjoy it for years to come is explained in our short guide: <a href=\"https:\/\/talia-fashion.pl\/en\/jak-pielegnowac-i-dbac-o-plaszcz\/\">How to nurture and care for the coat?<\/a> Proper care of garments not only prolongs their lifespan but also contributes to environmental protection.<\/p>\n<p><span lang=\"DE\">The lead time depends on the current stock in the atelier and the availability of the given fabric colour. If the given coat is available in the atelier, the order will be realised within 2-5 working days. If it is necessary to sew the coat or individualise the order - making alterations or sewing a new coat according to the customer's specifications - the order processing time may be extended, up to a maximum of 2 weeks.<\/span><\/p>\n<p>We avoid overproduction and do not sew for stock, so we have to sew this coat for you. And although we try to process orders quickly, sewing a coat takes time and precision. Thank you for supporting Polish craftsmanship.<\/p>\n<p>We encourage you to like our <a href=\"https:\/\/www.instagram.com\/talia_plaszcze\/\">Fanpage on Instagram<\/a>.<\/p>","protected":false},"excerpt":{"rendered":"<p>P\u0142aszcz taliowany z we\u0142ny dziewiczej z paskiem Melody to zimowy p\u0142aszcz o d\u0142ugo\u015bci w kolano, kt\u00f3ry nie tylko ochroni przed ch\u0142odem, ale&hellip;<\/p>","protected":false},"featured_media":933,"template":"","meta":{"_acf_changed":false},"product_cat":[104],"product_tag":[163,89,78,32,176,34,39,66,41,42,67,109,43,91,68,96,181,85,50,86,125,69,60,177,262,263,97,53,139,88],"class_list":{"0":"post-5558","1":"product","2":"type-product","3":"status-publish","4":"has-post-thumbnail","6":"product_cat-ostatnie-sztuki","7":"product_tag-bezowy-plaszcz","8":"product_tag-cieply","9":"product_tag-dla-roznych-sylwetek","10":"product_tag-dopasowany-kroj","11":"product_tag-flausz","12":"product_tag-handmade","13":"product_tag-klasyczny","14":"product_tag-kurtka-zimowa-ocieplana","15":"product_tag-na-podszewce","16":"product_tag-nowosc","17":"product_tag-ocieplany","18":"product_tag-plaszcz-camel","19":"product_tag-plaszcz-damski","20":"product_tag-plaszcz-damski-zimowy","21":"product_tag-plaszcz-jesienny","22":"product_tag-plaszcz-na-chlodne-dni","23":"product_tag-plaszcz-w-jodelke","24":"product_tag-plaszcz-welniany","25":"product_tag-plaszcz-z-rewersem","26":"product_tag-plaszcz-zimowy-ocieplany","27":"product_tag-polskie-rzemioslo","28":"product_tag-prochowiec","29":"product_tag-producent-plaszczy-damskich","30":"product_tag-szlafrokowy-kroj","31":"product_tag-taliowany","32":"product_tag-taliowany-plaszcz","33":"product_tag-trencz","34":"product_tag-welna","35":"product_tag-welna-dziewicza","36":"product_tag-wiazany","38":"first","39":"instock","40":"shipping-taxable","41":"purchasable","42":"product-type-variable","43":"has-default-attributes"},"acf":[],"yoast_head":"<!-- This site is optimized with the Yoast SEO plugin v25.7 - https:\/\/yoast.com\/wordpress\/plugins\/seo\/ -->\n<title>P\u0142aszcz taliowany z we\u0142ny dziewiczej z paskiem Melody - Talia Fashion - klasyka<\/title>\n<meta name=\"description\" content=\"P\u0142aszcz taliowany z we\u0142ny dziewiczej z paskiem to klasyczny zimowy p\u0142aszcz damski, kt\u00f3ry otula i dodaje szyku. Minimalistyczny kr\u00f3j, wz\u00f3r jode\u0142ki. Nurt slow\" \/>\n<meta name=\"robots\" content=\"index, follow, max-snippet:-1, max-image-preview:large, max-video-preview:-1\" \/>\n<link rel=\"canonical\" href=\"https:\/\/talia-fashion.pl\/en\/product\/plaszcz-taliowany-z-welny-dziewiczej-z-paskiem-melody\/\" \/>\n<meta property=\"og:locale\" content=\"en_GB\" \/>\n<meta property=\"og:type\" content=\"article\" \/>\n<meta property=\"og:title\" content=\"P\u0142aszcz taliowany z we\u0142ny dziewiczej z paskiem Melody - Talia Fashion - klasyka\" \/>\n<meta property=\"og:description\" content=\"P\u0142aszcz taliowany z we\u0142ny dziewiczej z paskiem to klasyczny zimowy p\u0142aszcz damski, kt\u00f3ry otula i dodaje szyku. Minimalistyczny kr\u00f3j, wz\u00f3r jode\u0142ki. Nurt slow\" \/>\n<meta property=\"og:url\" content=\"https:\/\/talia-fashion.pl\/en\/product\/plaszcz-taliowany-z-welny-dziewiczej-z-paskiem-melody\/\" \/>\n<meta property=\"og:site_name\" content=\"Talia Fashion\" \/>\n<meta property=\"article:modified_time\" content=\"2026-03-05T20:01:27+00:00\" \/>\n<meta property=\"og:image\" content=\"https:\/\/talia-fashion.pl\/wp-content\/uploads\/2024\/10\/plaszcz-taliowany-welna-dziewicza-pasek-zimowy-slow-fashion-960x1280.jpg\" \/>\n\t<meta property=\"og:image:width\" content=\"960\" \/>\n\t<meta property=\"og:image:height\" content=\"1280\" \/>\n\t<meta property=\"og:image:type\" content=\"image\/jpeg\" \/>\n<meta name=\"twitter:card\" content=\"summary_large_image\" \/>\n<meta name=\"twitter:label1\" content=\"Estimated reading time\" \/>\n\t<meta name=\"twitter:data1\" content=\"4 minutes\" \/>\n<script type=\"application\/ld+json\" class=\"yoast-schema-graph\">{\"@context\":\"https:\/\/schema.org\",\"@graph\":[{\"@type\":\"WebPage\",\"@id\":\"https:\/\/talia-fashion.pl\/produkt\/plaszcz-taliowany-z-welny-dziewiczej-z-paskiem-melody\/\",\"url\":\"https:\/\/talia-fashion.pl\/produkt\/plaszcz-taliowany-z-welny-dziewiczej-z-paskiem-melody\/\",\"name\":\"P\u0142aszcz taliowany z we\u0142ny dziewiczej z paskiem Melody - Talia Fashion - klasyka\",\"isPartOf\":{\"@id\":\"https:\/\/talia-fashion.pl\/#website\"},\"primaryImageOfPage\":{\"@id\":\"https:\/\/talia-fashion.pl\/produkt\/plaszcz-taliowany-z-welny-dziewiczej-z-paskiem-melody\/#primaryimage\"},\"image\":{\"@id\":\"https:\/\/talia-fashion.pl\/produkt\/plaszcz-taliowany-z-welny-dziewiczej-z-paskiem-melody\/#primaryimage\"},\"thumbnailUrl\":\"https:\/\/talia-fashion.pl\/wp-content\/uploads\/2024\/10\/plaszcz-taliowany-welna-dziewicza-pasek-zimowy-slow-fashion.jpg\",\"datePublished\":\"2024-09-09T11:59:25+00:00\",\"dateModified\":\"2026-03-05T20:01:27+00:00\",\"description\":\"P\u0142aszcz taliowany z we\u0142ny dziewiczej z paskiem to klasyczny zimowy p\u0142aszcz damski, kt\u00f3ry otula i dodaje szyku. Minimalistyczny kr\u00f3j, wz\u00f3r jode\u0142ki. Nurt slow\",\"breadcrumb\":{\"@id\":\"https:\/\/talia-fashion.pl\/produkt\/plaszcz-taliowany-z-welny-dziewiczej-z-paskiem-melody\/#breadcrumb\"},\"inLanguage\":\"en-GB\",\"potentialAction\":[{\"@type\":\"ReadAction\",\"target\":[\"https:\/\/talia-fashion.pl\/produkt\/plaszcz-taliowany-z-welny-dziewiczej-z-paskiem-melody\/\"]}]},{\"@type\":\"ImageObject\",\"inLanguage\":\"en-GB\",\"@id\":\"https:\/\/talia-fashion.pl\/produkt\/plaszcz-taliowany-z-welny-dziewiczej-z-paskiem-melody\/#primaryimage\",\"url\":\"https:\/\/talia-fashion.pl\/wp-content\/uploads\/2024\/10\/plaszcz-taliowany-welna-dziewicza-pasek-zimowy-slow-fashion.jpg\",\"contentUrl\":\"https:\/\/talia-fashion.pl\/wp-content\/uploads\/2024\/10\/plaszcz-taliowany-welna-dziewicza-pasek-zimowy-slow-fashion.jpg\",\"width\":1500,\"height\":2000,\"caption\":\"P\u0142aszcz taliowany zimowy z we\u0142ny dziewiczej z paskiem. Minimalistyczny kr\u00f3j, mi\u0119kki i ciep\u0142y materia\u0142, klasyczny wz\u00f3r jode\u0142ki. Otula i dodaje szyku. Utrzymany w duchu slow.\"},{\"@type\":\"BreadcrumbList\",\"@id\":\"https:\/\/talia-fashion.pl\/produkt\/plaszcz-taliowany-z-welny-dziewiczej-z-paskiem-melody\/#breadcrumb\",\"itemListElement\":[{\"@type\":\"ListItem\",\"position\":1,\"name\":\"Strona g\u0142\u00f3wna\",\"item\":\"https:\/\/talia-fashion.pl\/\"},{\"@type\":\"ListItem\",\"position\":2,\"name\":\"Sklep\",\"item\":\"https:\/\/talia-fashion.pl\/sklep\/\"},{\"@type\":\"ListItem\",\"position\":3,\"name\":\"P\u0142aszcz taliowany z we\u0142ny dziewiczej z paskiem Melody\"}]},{\"@type\":\"WebSite\",\"@id\":\"https:\/\/talia-fashion.pl\/#website\",\"url\":\"https:\/\/talia-fashion.pl\/\",\"name\":\"Talia Fashion\",\"description\":\"\",\"potentialAction\":[{\"@type\":\"SearchAction\",\"target\":{\"@type\":\"EntryPoint\",\"urlTemplate\":\"https:\/\/talia-fashion.pl\/?s={search_term_string}\"},\"query-input\":{\"@type\":\"PropertyValueSpecification\",\"valueRequired\":true,\"valueName\":\"search_term_string\"}}],\"inLanguage\":\"en-GB\"}]}<\/script>\n<!-- \/ Yoast SEO plugin. -->","yoast_head_json":{"title":"P\u0142aszcz taliowany z we\u0142ny dziewiczej z paskiem Melody - Talia Fashion - klasyka","description":"P\u0142aszcz taliowany z we\u0142ny dziewiczej z paskiem to klasyczny zimowy p\u0142aszcz damski, kt\u00f3ry otula i dodaje szyku. Minimalistyczny kr\u00f3j, wz\u00f3r jode\u0142ki. Nurt slow","robots":{"index":"index","follow":"follow","max-snippet":"max-snippet:-1","max-image-preview":"max-image-preview:large","max-video-preview":"max-video-preview:-1"},"canonical":"https:\/\/talia-fashion.pl\/en\/product\/plaszcz-taliowany-z-welny-dziewiczej-z-paskiem-melody\/","og_locale":"en_GB","og_type":"article","og_title":"P\u0142aszcz taliowany z we\u0142ny dziewiczej z paskiem Melody - Talia Fashion - klasyka","og_description":"P\u0142aszcz taliowany z we\u0142ny dziewiczej z paskiem to klasyczny zimowy p\u0142aszcz damski, kt\u00f3ry otula i dodaje szyku. Minimalistyczny kr\u00f3j, wz\u00f3r jode\u0142ki. Nurt slow","og_url":"https:\/\/talia-fashion.pl\/en\/product\/plaszcz-taliowany-z-welny-dziewiczej-z-paskiem-melody\/","og_site_name":"Talia Fashion","article_modified_time":"2026-03-05T20:01:27+00:00","og_image":[{"width":960,"height":1280,"url":"https:\/\/talia-fashion.pl\/wp-content\/uploads\/2024\/10\/plaszcz-taliowany-welna-dziewicza-pasek-zimowy-slow-fashion-960x1280.jpg","type":"image\/jpeg"}],"twitter_card":"summary_large_image","twitter_misc":{"Estimated reading time":"4 minutes"},"schema":{"@context":"https:\/\/schema.org","@graph":[{"@type":"WebPage","@id":"https:\/\/talia-fashion.pl\/produkt\/plaszcz-taliowany-z-welny-dziewiczej-z-paskiem-melody\/","url":"https:\/\/talia-fashion.pl\/produkt\/plaszcz-taliowany-z-welny-dziewiczej-z-paskiem-melody\/","name":"P\u0142aszcz taliowany z we\u0142ny dziewiczej z paskiem Melody - Talia Fashion - klasyka","isPartOf":{"@id":"https:\/\/talia-fashion.pl\/#website"},"primaryImageOfPage":{"@id":"https:\/\/talia-fashion.pl\/produkt\/plaszcz-taliowany-z-welny-dziewiczej-z-paskiem-melody\/#primaryimage"},"image":{"@id":"https:\/\/talia-fashion.pl\/produkt\/plaszcz-taliowany-z-welny-dziewiczej-z-paskiem-melody\/#primaryimage"},"thumbnailUrl":"https:\/\/talia-fashion.pl\/wp-content\/uploads\/2024\/10\/plaszcz-taliowany-welna-dziewicza-pasek-zimowy-slow-fashion.jpg","datePublished":"2024-09-09T11:59:25+00:00","dateModified":"2026-03-05T20:01:27+00:00","description":"P\u0142aszcz taliowany z we\u0142ny dziewiczej z paskiem to klasyczny zimowy p\u0142aszcz damski, kt\u00f3ry otula i dodaje szyku. Minimalistyczny kr\u00f3j, wz\u00f3r jode\u0142ki. Nurt slow","breadcrumb":{"@id":"https:\/\/talia-fashion.pl\/produkt\/plaszcz-taliowany-z-welny-dziewiczej-z-paskiem-melody\/#breadcrumb"},"inLanguage":"en-GB","potentialAction":[{"@type":"ReadAction","target":["https:\/\/talia-fashion.pl\/produkt\/plaszcz-taliowany-z-welny-dziewiczej-z-paskiem-melody\/"]}]},{"@type":"ImageObject","inLanguage":"en-GB","@id":"https:\/\/talia-fashion.pl\/produkt\/plaszcz-taliowany-z-welny-dziewiczej-z-paskiem-melody\/#primaryimage","url":"https:\/\/talia-fashion.pl\/wp-content\/uploads\/2024\/10\/plaszcz-taliowany-welna-dziewicza-pasek-zimowy-slow-fashion.jpg","contentUrl":"https:\/\/talia-fashion.pl\/wp-content\/uploads\/2024\/10\/plaszcz-taliowany-welna-dziewicza-pasek-zimowy-slow-fashion.jpg","width":1500,"height":2000,"caption":"P\u0142aszcz taliowany zimowy z we\u0142ny dziewiczej z paskiem. Minimalistyczny kr\u00f3j, mi\u0119kki i ciep\u0142y materia\u0142, klasyczny wz\u00f3r jode\u0142ki. Otula i dodaje szyku. Utrzymany w duchu slow."},{"@type":"BreadcrumbList","@id":"https:\/\/talia-fashion.pl\/produkt\/plaszcz-taliowany-z-welny-dziewiczej-z-paskiem-melody\/#breadcrumb","itemListElement":[{"@type":"ListItem","position":1,"name":"Strona g\u0142\u00f3wna","item":"https:\/\/talia-fashion.pl\/"},{"@type":"ListItem","position":2,"name":"Sklep","item":"https:\/\/talia-fashion.pl\/sklep\/"},{"@type":"ListItem","position":3,"name":"P\u0142aszcz taliowany z we\u0142ny dziewiczej z paskiem Melody"}]},{"@type":"WebSite","@id":"https:\/\/talia-fashion.pl\/#website","url":"https:\/\/talia-fashion.pl\/","name":"Talia Fashion","description":"","potentialAction":[{"@type":"SearchAction","target":{"@type":"EntryPoint","urlTemplate":"https:\/\/talia-fashion.pl\/?s={search_term_string}"},"query-input":{"@type":"PropertyValueSpecification","valueRequired":true,"valueName":"search_term_string"}}],"inLanguage":"en-GB"}]}},"_links":{"self":[{"href":"https:\/\/talia-fashion.pl\/en\/wp-json\/wp\/v2\/product\/5558","targetHints":{"allow":["GET"]}}],"collection":[{"href":"https:\/\/talia-fashion.pl\/en\/wp-json\/wp\/v2\/product"}],"about":[{"href":"https:\/\/talia-fashion.pl\/en\/wp-json\/wp\/v2\/types\/product"}],"wp:featuredmedia":[{"embeddable":true,"href":"https:\/\/talia-fashion.pl\/en\/wp-json\/wp\/v2\/media\/933"}],"wp:attachment":[{"href":"https:\/\/talia-fashion.pl\/en\/wp-json\/wp\/v2\/media?parent=5558"}],"wp:term":[{"taxonomy":"product_cat","embeddable":true,"href":"https:\/\/talia-fashion.pl\/en\/wp-json\/wp\/v2\/product_cat?post=5558"},{"taxonomy":"product_tag","embeddable":true,"href":"https:\/\/talia-fashion.pl\/en\/wp-json\/wp\/v2\/product_tag?post=5558"}],"curies":[{"name":"wp","href":"https:\/\/api.w.org\/{rel}","templated":true}]}}