{"id":5541,"date":"2024-09-08T14:42:19","date_gmt":"2024-09-08T12:42:19","guid":{"rendered":"http:\/\/talia-fashion.pl\/produkt\/dlugi-zimowy-plaszcz-damski-w-jodelke-z-welna-lukka\/"},"modified":"2026-03-05T21:31:55","modified_gmt":"2026-03-05T20:31:55","slug":"dlugi-zimowy-plaszcz-damski-w-jodelke-z-welna-lukka","status":"publish","type":"product","link":"https:\/\/talia-fashion.pl\/en\/product\/dlugi-zimowy-plaszcz-damski-w-jodelke-z-welna-lukka\/","title":{"rendered":"Ladies' long winter herringbone coat with wool Lucca"},"content":{"rendered":"<p>Ladies' long herringbone winter coat with wool Lukka is an insulated winter coat with a classic, timeless cut and pattern. Fitted to the silhouette at the back, the front is profiled, making the coat very comfortable and although fitted, it does not hug the silhouette. The belt, made of the same fabric as the coat, helps to further emphasise the waist. Tied at the back, as in a trench coat, it shows off the sheer form of the coat. Two side slit pockets and a slightly widened collar. The raised collar wraps and protects against the wind and looks very stylish. Opening at the back. Coat length to mid-calf. Two-button placket. Fully lined. Additionally insulated, also in sleeves. Ideal for autumn and winter chills. Carefully tailored and sewn. Refined to the smallest detail. A premium product in limited quantities.<\/p>\n<p><span lang=\"DE\">We designed the coat to be chic and characterful, and with a little effort (adding, for example, a sporty hoodie, jeans or a knitted dress or quilted waistcoat) it undergoes a complete metamorphosis and works well in everyday styling.  Black and white herringbone is a pattern that never loses its value. It is the perfect choice for those who appreciate classics, yet want to add a distinctive yet elegant touch to their styling. <\/span><span lang=\"DE\">It will find its perfect match in monochromatic and multi-layered outfits, e.g. for the office. For the more daring, I recommend pairing it with boldly coloured accessories such as a fuchsia hat, cobalt blue scarf or camel leather handbag. Herringbone works well with other patterns such as checks or stripes if they are in a similar monochrome colour scheme.<br \/>\n<\/span><\/p>\n<p>We invite you to take a look at our guidelines <a href=\"https:\/\/talia-fashion.pl\/en\/jak-dobrac-plaszcz-do-sylwetki\/\">How do you choose a coat to suit your figure?<\/a><\/p>\n<p><span lang=\"DE\">Actual photo - herringbone black and white\u00a0<\/span><\/p>\n<p>Available colours<span lang=\"DE\">: jode\u0142ka czarno-bia\u0142a (miejscami gdzie kontrast nie jest tak wyra\u017any przypomina czarno-szar\u0105)<br \/>\n<\/span><\/p>\n<p><span lang=\"DE\">Available sizes: XS, S, M, L, XL<br \/>\n<\/span><\/p>\n<p><span lang=\"DE\">Indicative dimensions:<\/span><\/p>\n<p><span lang=\"DE\">XS - bust: 86-88 \/ hips 94-96 \/ length: 118 \/ arms 34.5-35 \/ sleeve 61<br \/>\nS - bust: 90-92 \/ hips: 98-100 \/ length: 118\/ shoulders 35.5-36 \/ sleeve: 62<br \/>\nM - bust: 94-96 \/ hips: 102-104 \/ length: 118 \/ shoulders 37.5 \/ sleeve: 62<br \/>\nL - bust: 98-100 \/ hips: 106-108 \/ length: 119 \/ shoulders 39.5-40 \/ sleeve: 63<br \/>\nXL - bust: 104-106 \/ hips: 112-114 \/ length: 119 \/ shoulders 42-42.5 \/ sleeve: 64<\/span><\/p>\n<p><span lang=\"DE\">If you are unsure of your size selection, please contact us.<\/span><\/p>\n<p>Herringbone material: 80% virgin wool, 20% polyamide<\/p>\n<p>Lining: 100% acetate<\/p>\n<p>Like viscose, acetate is produced from cellulose. Acetate yarn can also be made from recycled cellulose such as paper. The acetate lining is excellent at absorbing moisture and permeable to air. It is coated with an antistatic apprettee and is OEKOtex\u00ae Standard 100 certified.<\/p>\n<p>Insulation: 100% non-woven recycled polyester<br \/>\nOur coats are insulated with a compressed thermo-insulating quilted fleece on the lining. The fleece is made from recycled polyester fibres. The material is lightweight, thin and at the same time perfectly insulating. The insulating fleece we use is resistant to moisture (it retains its insulating properties and warming effect even in damp conditions), stops the wind, is hypoallergenic and breathable. It is OEKOtex\u00ae Standard 100 certified.<\/p>\n<p>The ladies' long herringbone winter coat in Lucca wool should be dry-cleaned. For home wool cleaning we recommend <a href=\"https:\/\/talia-fashion.pl\/en\/product\/szczotka-do-czyszczenia-i-pielegnacji-plaszcza\/\">Brush for cleaning and care of the coat,<\/a> which can be purchased in our shop. What to do to enjoy your coat indefinitely is suggested under <a href=\"https:\/\/talia-fashion.pl\/en\/jak-pielegnowac-i-dbac-o-plaszcz\/\">How to care for and maintain coats<\/a>. <strong>By taking care of your clothing you are at the same time taking care of the environment. <\/strong><\/p>\n<p>On special request, we can make small modifications, such as shortening or lengthening the sleeves, shortening or lengthening the coat, sewing a coat with an opening at the back. Such modifications give the order a status of <strong>Individual order. <\/strong>Individual order<strong> is not exchangeable or refundable. <\/strong>All personalisations are agreed and priced separately. Please contact us by email.<\/p>\n<p><span lang=\"DE\">The lead time depends on the company's current stock and the availability of a given fabric colour. If a given coat is available in the company, the order will be realised very quickly - 2-5 working days. If individualisation of the order is necessary - making alterations or sewing a new coat - the lead time may be extended to a maximum of 2 weeks.<\/span><\/p>\n<p>We are a family-run workshop where we practice traditional tailoring. We minimise waste and avoid overproduction, so we do not sew coats for stock. We therefore ask for your patience as we need to sew this coat for you.<\/p>\n<p>We encourage you to like our fanpage on <a href=\"https:\/\/www.facebook.com\/talia.plaszcze\">Facebook<\/a>.<\/p>","protected":false},"excerpt":{"rendered":"<p>D\u0142ugi zimowy p\u0142aszcz damski w jode\u0142k\u0119 z we\u0142n\u0105 Lukka to ocieplany p\u0142aszcz zimowy o klasycznym, ponadczasowym kroju i wzorze. Z ty\u0142u dopasowany&hellip;<\/p>","protected":false},"featured_media":930,"template":"","meta":{"_acf_changed":false},"product_cat":[36],"product_tag":[89,276,119,209,32,33,37,34,39,41,42,67,43,44,91,45,68,47,75,122,181,50,95,86,87,53,139,210],"class_list":{"0":"post-5541","1":"product","2":"type-product","3":"status-publish","4":"has-post-thumbnail","6":"product_cat-plaszcze-dluzsze","7":"product_tag-cieply","8":"product_tag-czarno-biala-jodelka","9":"product_tag-dlugi-plaszcz-zimowy","10":"product_tag-do-polowy-lydki","11":"product_tag-dopasowany-kroj","12":"product_tag-dwurzedowy","13":"product_tag-dyplomatka","14":"product_tag-handmade","15":"product_tag-klasyczny","16":"product_tag-na-podszewce","17":"product_tag-nowosc","18":"product_tag-ocieplany","19":"product_tag-plaszcz-damski","20":"product_tag-plaszcz-damski-dlugi","21":"product_tag-plaszcz-damski-zimowy","22":"product_tag-plaszcz-dlugi","23":"product_tag-plaszcz-jesienny","24":"product_tag-plaszcz-na-guziki","25":"product_tag-plaszcz-ocieplany","26":"product_tag-plaszcz-szlafrokowy","27":"product_tag-plaszcz-w-jodelke","28":"product_tag-plaszcz-z-rewersem","29":"product_tag-plaszcz-zimowy","30":"product_tag-plaszcz-zimowy-ocieplany","31":"product_tag-produkt-premium","32":"product_tag-welna","33":"product_tag-welna-dziewicza","34":"product_tag-za-kolano","36":"first","37":"instock","38":"shipping-taxable","39":"purchasable","40":"product-type-variable","41":"has-default-attributes"},"acf":[],"yoast_head":"<!-- This site is optimized with the Yoast SEO plugin v25.7 - https:\/\/yoast.com\/wordpress\/plugins\/seo\/ -->\n<title>D\u0142ugi zimowy p\u0142aszcz damski w jode\u0142k\u0119 z we\u0142n\u0105 Lukka - Talia Fashion polska moda<\/title>\n<meta name=\"description\" content=\"D\u0142ugi zimowy p\u0142aszcz damski w jode\u0142k\u0119 z we\u0142n\u0105 to naturalna elegancja w klasycznym kroju i w czarno-bia\u0142y wz\u00f3r jode\u0142ki. Ekskluzywne p\u0142aszcze damskie.\" \/>\n<meta name=\"robots\" content=\"index, follow, max-snippet:-1, max-image-preview:large, max-video-preview:-1\" \/>\n<link rel=\"canonical\" href=\"https:\/\/talia-fashion.pl\/en\/product\/dlugi-zimowy-plaszcz-damski-w-jodelke-z-welna-lukka\/\" \/>\n<meta property=\"og:locale\" content=\"en_GB\" \/>\n<meta property=\"og:type\" content=\"article\" \/>\n<meta property=\"og:title\" content=\"D\u0142ugi zimowy p\u0142aszcz damski w jode\u0142k\u0119 z we\u0142n\u0105 Lukka - Talia Fashion polska moda\" \/>\n<meta property=\"og:description\" content=\"D\u0142ugi zimowy p\u0142aszcz damski w jode\u0142k\u0119 z we\u0142n\u0105 to naturalna elegancja w klasycznym kroju i w czarno-bia\u0142y wz\u00f3r jode\u0142ki. Ekskluzywne p\u0142aszcze damskie.\" \/>\n<meta property=\"og:url\" content=\"https:\/\/talia-fashion.pl\/en\/product\/dlugi-zimowy-plaszcz-damski-w-jodelke-z-welna-lukka\/\" \/>\n<meta property=\"og:site_name\" content=\"Talia Fashion\" \/>\n<meta property=\"article:modified_time\" content=\"2026-03-05T20:31:55+00:00\" \/>\n<meta property=\"og:image\" content=\"https:\/\/talia-fashion.pl\/wp-content\/uploads\/2024\/10\/ocieplany-zimowy-plaszcz-dlugi-wiazany-jodelka-czarno-biala-960x1280.jpg\" \/>\n\t<meta property=\"og:image:width\" content=\"960\" \/>\n\t<meta property=\"og:image:height\" content=\"1280\" \/>\n\t<meta property=\"og:image:type\" content=\"image\/jpeg\" \/>\n<meta name=\"twitter:card\" content=\"summary_large_image\" \/>\n<meta name=\"twitter:label1\" content=\"Estimated reading time\" \/>\n\t<meta name=\"twitter:data1\" content=\"4 minutes\" \/>\n<script type=\"application\/ld+json\" class=\"yoast-schema-graph\">{\"@context\":\"https:\/\/schema.org\",\"@graph\":[{\"@type\":\"WebPage\",\"@id\":\"https:\/\/talia-fashion.pl\/produkt\/dlugi-zimowy-plaszcz-damski-w-jodelke-z-welna-lukka\/\",\"url\":\"https:\/\/talia-fashion.pl\/produkt\/dlugi-zimowy-plaszcz-damski-w-jodelke-z-welna-lukka\/\",\"name\":\"D\u0142ugi zimowy p\u0142aszcz damski w jode\u0142k\u0119 z we\u0142n\u0105 Lukka - Talia Fashion polska moda\",\"isPartOf\":{\"@id\":\"https:\/\/talia-fashion.pl\/#website\"},\"primaryImageOfPage\":{\"@id\":\"https:\/\/talia-fashion.pl\/produkt\/dlugi-zimowy-plaszcz-damski-w-jodelke-z-welna-lukka\/#primaryimage\"},\"image\":{\"@id\":\"https:\/\/talia-fashion.pl\/produkt\/dlugi-zimowy-plaszcz-damski-w-jodelke-z-welna-lukka\/#primaryimage\"},\"thumbnailUrl\":\"https:\/\/talia-fashion.pl\/wp-content\/uploads\/2024\/10\/ocieplany-zimowy-plaszcz-dlugi-wiazany-jodelka-czarno-biala.jpg\",\"datePublished\":\"2024-09-08T12:42:19+00:00\",\"dateModified\":\"2026-03-05T20:31:55+00:00\",\"description\":\"D\u0142ugi zimowy p\u0142aszcz damski w jode\u0142k\u0119 z we\u0142n\u0105 to naturalna elegancja w klasycznym kroju i w czarno-bia\u0142y wz\u00f3r jode\u0142ki. Ekskluzywne p\u0142aszcze damskie.\",\"breadcrumb\":{\"@id\":\"https:\/\/talia-fashion.pl\/produkt\/dlugi-zimowy-plaszcz-damski-w-jodelke-z-welna-lukka\/#breadcrumb\"},\"inLanguage\":\"en-GB\",\"potentialAction\":[{\"@type\":\"ReadAction\",\"target\":[\"https:\/\/talia-fashion.pl\/produkt\/dlugi-zimowy-plaszcz-damski-w-jodelke-z-welna-lukka\/\"]}]},{\"@type\":\"ImageObject\",\"inLanguage\":\"en-GB\",\"@id\":\"https:\/\/talia-fashion.pl\/produkt\/dlugi-zimowy-plaszcz-damski-w-jodelke-z-welna-lukka\/#primaryimage\",\"url\":\"https:\/\/talia-fashion.pl\/wp-content\/uploads\/2024\/10\/ocieplany-zimowy-plaszcz-dlugi-wiazany-jodelka-czarno-biala.jpg\",\"contentUrl\":\"https:\/\/talia-fashion.pl\/wp-content\/uploads\/2024\/10\/ocieplany-zimowy-plaszcz-dlugi-wiazany-jodelka-czarno-biala.jpg\",\"width\":1500,\"height\":2000,\"caption\":\"Ocieplany i stylowy p\u0142aszcz zimowy w ponadczasow\u0105 czarno-bia\u0142\u0105 jode\u0142k\u0119. Wygodny, elegancki. \u015awietny do stylizowania na sportowo, do biura czy na wielkie wyj\u015bcie. Limitowana edycja.\"},{\"@type\":\"BreadcrumbList\",\"@id\":\"https:\/\/talia-fashion.pl\/produkt\/dlugi-zimowy-plaszcz-damski-w-jodelke-z-welna-lukka\/#breadcrumb\",\"itemListElement\":[{\"@type\":\"ListItem\",\"position\":1,\"name\":\"Strona g\u0142\u00f3wna\",\"item\":\"https:\/\/talia-fashion.pl\/\"},{\"@type\":\"ListItem\",\"position\":2,\"name\":\"Sklep\",\"item\":\"https:\/\/talia-fashion.pl\/sklep\/\"},{\"@type\":\"ListItem\",\"position\":3,\"name\":\"D\u0142ugi zimowy p\u0142aszcz damski w jode\u0142k\u0119 z we\u0142n\u0105 Lukka\"}]},{\"@type\":\"WebSite\",\"@id\":\"https:\/\/talia-fashion.pl\/#website\",\"url\":\"https:\/\/talia-fashion.pl\/\",\"name\":\"Talia Fashion\",\"description\":\"\",\"potentialAction\":[{\"@type\":\"SearchAction\",\"target\":{\"@type\":\"EntryPoint\",\"urlTemplate\":\"https:\/\/talia-fashion.pl\/?s={search_term_string}\"},\"query-input\":{\"@type\":\"PropertyValueSpecification\",\"valueRequired\":true,\"valueName\":\"search_term_string\"}}],\"inLanguage\":\"en-GB\"}]}<\/script>\n<!-- \/ Yoast SEO plugin. -->","yoast_head_json":{"title":"D\u0142ugi zimowy p\u0142aszcz damski w jode\u0142k\u0119 z we\u0142n\u0105 Lukka - Talia Fashion polska moda","description":"D\u0142ugi zimowy p\u0142aszcz damski w jode\u0142k\u0119 z we\u0142n\u0105 to naturalna elegancja w klasycznym kroju i w czarno-bia\u0142y wz\u00f3r jode\u0142ki. Ekskluzywne p\u0142aszcze damskie.","robots":{"index":"index","follow":"follow","max-snippet":"max-snippet:-1","max-image-preview":"max-image-preview:large","max-video-preview":"max-video-preview:-1"},"canonical":"https:\/\/talia-fashion.pl\/en\/product\/dlugi-zimowy-plaszcz-damski-w-jodelke-z-welna-lukka\/","og_locale":"en_GB","og_type":"article","og_title":"D\u0142ugi zimowy p\u0142aszcz damski w jode\u0142k\u0119 z we\u0142n\u0105 Lukka - Talia Fashion polska moda","og_description":"D\u0142ugi zimowy p\u0142aszcz damski w jode\u0142k\u0119 z we\u0142n\u0105 to naturalna elegancja w klasycznym kroju i w czarno-bia\u0142y wz\u00f3r jode\u0142ki. Ekskluzywne p\u0142aszcze damskie.","og_url":"https:\/\/talia-fashion.pl\/en\/product\/dlugi-zimowy-plaszcz-damski-w-jodelke-z-welna-lukka\/","og_site_name":"Talia Fashion","article_modified_time":"2026-03-05T20:31:55+00:00","og_image":[{"width":960,"height":1280,"url":"https:\/\/talia-fashion.pl\/wp-content\/uploads\/2024\/10\/ocieplany-zimowy-plaszcz-dlugi-wiazany-jodelka-czarno-biala-960x1280.jpg","type":"image\/jpeg"}],"twitter_card":"summary_large_image","twitter_misc":{"Estimated reading time":"4 minutes"},"schema":{"@context":"https:\/\/schema.org","@graph":[{"@type":"WebPage","@id":"https:\/\/talia-fashion.pl\/produkt\/dlugi-zimowy-plaszcz-damski-w-jodelke-z-welna-lukka\/","url":"https:\/\/talia-fashion.pl\/produkt\/dlugi-zimowy-plaszcz-damski-w-jodelke-z-welna-lukka\/","name":"D\u0142ugi zimowy p\u0142aszcz damski w jode\u0142k\u0119 z we\u0142n\u0105 Lukka - Talia Fashion polska moda","isPartOf":{"@id":"https:\/\/talia-fashion.pl\/#website"},"primaryImageOfPage":{"@id":"https:\/\/talia-fashion.pl\/produkt\/dlugi-zimowy-plaszcz-damski-w-jodelke-z-welna-lukka\/#primaryimage"},"image":{"@id":"https:\/\/talia-fashion.pl\/produkt\/dlugi-zimowy-plaszcz-damski-w-jodelke-z-welna-lukka\/#primaryimage"},"thumbnailUrl":"https:\/\/talia-fashion.pl\/wp-content\/uploads\/2024\/10\/ocieplany-zimowy-plaszcz-dlugi-wiazany-jodelka-czarno-biala.jpg","datePublished":"2024-09-08T12:42:19+00:00","dateModified":"2026-03-05T20:31:55+00:00","description":"D\u0142ugi zimowy p\u0142aszcz damski w jode\u0142k\u0119 z we\u0142n\u0105 to naturalna elegancja w klasycznym kroju i w czarno-bia\u0142y wz\u00f3r jode\u0142ki. Ekskluzywne p\u0142aszcze damskie.","breadcrumb":{"@id":"https:\/\/talia-fashion.pl\/produkt\/dlugi-zimowy-plaszcz-damski-w-jodelke-z-welna-lukka\/#breadcrumb"},"inLanguage":"en-GB","potentialAction":[{"@type":"ReadAction","target":["https:\/\/talia-fashion.pl\/produkt\/dlugi-zimowy-plaszcz-damski-w-jodelke-z-welna-lukka\/"]}]},{"@type":"ImageObject","inLanguage":"en-GB","@id":"https:\/\/talia-fashion.pl\/produkt\/dlugi-zimowy-plaszcz-damski-w-jodelke-z-welna-lukka\/#primaryimage","url":"https:\/\/talia-fashion.pl\/wp-content\/uploads\/2024\/10\/ocieplany-zimowy-plaszcz-dlugi-wiazany-jodelka-czarno-biala.jpg","contentUrl":"https:\/\/talia-fashion.pl\/wp-content\/uploads\/2024\/10\/ocieplany-zimowy-plaszcz-dlugi-wiazany-jodelka-czarno-biala.jpg","width":1500,"height":2000,"caption":"Ocieplany i stylowy p\u0142aszcz zimowy w ponadczasow\u0105 czarno-bia\u0142\u0105 jode\u0142k\u0119. Wygodny, elegancki. \u015awietny do stylizowania na sportowo, do biura czy na wielkie wyj\u015bcie. Limitowana edycja."},{"@type":"BreadcrumbList","@id":"https:\/\/talia-fashion.pl\/produkt\/dlugi-zimowy-plaszcz-damski-w-jodelke-z-welna-lukka\/#breadcrumb","itemListElement":[{"@type":"ListItem","position":1,"name":"Strona g\u0142\u00f3wna","item":"https:\/\/talia-fashion.pl\/"},{"@type":"ListItem","position":2,"name":"Sklep","item":"https:\/\/talia-fashion.pl\/sklep\/"},{"@type":"ListItem","position":3,"name":"D\u0142ugi zimowy p\u0142aszcz damski w jode\u0142k\u0119 z we\u0142n\u0105 Lukka"}]},{"@type":"WebSite","@id":"https:\/\/talia-fashion.pl\/#website","url":"https:\/\/talia-fashion.pl\/","name":"Talia Fashion","description":"","potentialAction":[{"@type":"SearchAction","target":{"@type":"EntryPoint","urlTemplate":"https:\/\/talia-fashion.pl\/?s={search_term_string}"},"query-input":{"@type":"PropertyValueSpecification","valueRequired":true,"valueName":"search_term_string"}}],"inLanguage":"en-GB"}]}},"_links":{"self":[{"href":"https:\/\/talia-fashion.pl\/en\/wp-json\/wp\/v2\/product\/5541","targetHints":{"allow":["GET"]}}],"collection":[{"href":"https:\/\/talia-fashion.pl\/en\/wp-json\/wp\/v2\/product"}],"about":[{"href":"https:\/\/talia-fashion.pl\/en\/wp-json\/wp\/v2\/types\/product"}],"wp:featuredmedia":[{"embeddable":true,"href":"https:\/\/talia-fashion.pl\/en\/wp-json\/wp\/v2\/media\/930"}],"wp:attachment":[{"href":"https:\/\/talia-fashion.pl\/en\/wp-json\/wp\/v2\/media?parent=5541"}],"wp:term":[{"taxonomy":"product_cat","embeddable":true,"href":"https:\/\/talia-fashion.pl\/en\/wp-json\/wp\/v2\/product_cat?post=5541"},{"taxonomy":"product_tag","embeddable":true,"href":"https:\/\/talia-fashion.pl\/en\/wp-json\/wp\/v2\/product_tag?post=5541"}],"curies":[{"name":"wp","href":"https:\/\/api.w.org\/{rel}","templated":true}]}}