{"id":5520,"date":"2024-09-08T10:30:41","date_gmt":"2024-09-08T08:30:41","guid":{"rendered":"http:\/\/talia-fashion.pl\/produkt\/dlugi-melanzowy-plaszcz-welniany-z-kaszmirem-gigi\/"},"modified":"2026-02-12T15:09:24","modified_gmt":"2026-02-12T14:09:24","slug":"dlugi-melanzowy-plaszcz-welniany-z-kaszmirem-gigi","status":"publish","type":"product","link":"https:\/\/talia-fashion.pl\/en\/product\/dlugi-melanzowy-plaszcz-welniany-z-kaszmirem-gigi\/","title":{"rendered":"Long melange wool coat with cashmere Gigi"},"content":{"rendered":"<p>D\u0142ugi melan\u017cowy p\u0142aszcz we\u0142niany z kaszmirem Gigi zosta\u0142 wykonany z wysokiej jako\u015bci mi\u0119kkiej tkaniny w przepi\u0119kny, nieregularny dese\u0144. Dzi\u0119ki czemu nie ma dw\u00f3ch tak samo wybarwionych p\u0142aszczy. Zapinany dwurz\u0119dowo na dobrane kolorystycznie guziki. Guziki s\u0105 jak dobrze dobrana bi\u017cuteria. Raz powinny by\u0107 widoczne, innym razem stanowi\u0107 jedynie funkcjonalny dodatek. W tym p\u0142aszczu g\u0142\u00f3wn\u0105 rol\u0119 odgrywa ciekawy i niepowtarzalny kolor materia\u0142u. Model ten jest bardzo minimalistyczny, dzi\u0119ki czemu zyskuje ponadczasowo\u015b\u0107 i elegancj\u0119. Linia ekskluzywna. Kr\u00f3j p\u0142aszcza dopasowany z ty\u0142u, z przodu profilowany, bez dodatkowych ci\u0119\u0107 &#8211; op\u0142ywa sylwetk\u0119, podkre\u015blaj\u0105c jej walory i zapewniaj\u0105c komfort. Klasyczna linia ramion oraz wyk\u0142adany ko\u0142nierz z klapami typu rewers. Podniesiony ko\u0142nierz ochroni przed wiatrem. Wyjmowany pasek, uszyty z tej samej tkaniny, do wi\u0105zania i podkre\u015blenia talii. Pasek r\u00f3wnie dobrze prezentuje si\u0119 przewi\u0105zany z ty\u0142u, ukazuj\u0105c czyst\u0105 form\u0119 p\u0142aszcza. Dwie, boczne kieszenie zako\u0144czone listewk\u0105. D\u0142ugo\u015b\u0107 do po\u0142owy \u0142ydki. Bez rozporka. P\u0142aszcz w ca\u0142o\u015bci ocieplany, w\u0142\u0105cznie z r\u0119kawami. Dopracowany w najmniejszym detalu, idealnie sprawdzi si\u0119 w sezonie zimowym i z \u0142atwo\u015bci\u0105 stworzysz z nim najr\u00f3\u017cniejsze stylizacje. Wszystko zale\u017cy od Twojego stylu, upodoba\u0144 i pomys\u0142u. Sukienka, kozaki, kapelusz i p\u0142aszcz Gigi i stylizacja gotowa. Ocieplane sneakersy oraz mi\u0119ciutki szalik i jeste\u015b gotowa na spacer z psem. Stylowa kamizelka, komfortowo skrojone spodnie materia\u0142owe, loafersy i biurowy outfit stworzony.<\/p>\n<p>D\u0142ugi melan\u017cowy p\u0142aszcz we\u0142niany z kaszmirem Gigi zaprojektowali\u015bmy i od pocz\u0105tku do ko\u0144ca uszyli\u015bmy w naszej rodzinnej pracowni. Od ponad 37 lat pracujemy zgodnie z zasadami zr\u00f3wnowa\u017conego rozwoju a tak\u017ce promujemy polskie, tradycyjne rzemios\u0142o. R\u0119czne uk\u0142adanie tkaniny pozwala nam na idealne spasowanie wzoru na elementach p\u0142aszcza oraz minimalny odpad. Dzi\u0119ki temu, \u017ce uprawiamy tradycyjne krawiectwo trafia do Ciebie produkt stworzony z najwy\u017csz\u0105 precyzj\u0105 i sercem, kt\u00f3re wk\u0142adamy w nasz\u0105 codzienn\u0105 prac\u0119. Dodatkow\u0105 warto\u015bci\u0105 jest minimalizowanie negatywnego wp\u0142ywu na \u015brodowisko.<\/p>\n<p>If you're wondering which coat to choose, we suggest you take a look at our tips <a href=\"https:\/\/talia-fashion.pl\/en\/jak-dobrac-plaszcz-do-sylwetki\/\">How do you choose a coat to suit your figure?<\/a><\/p>\n<p>Zdj\u0119cie rzeczywiste \u2013 fioletowo-granatowy melan\u017c<\/p>\n<p>Dost\u0119pne kolory &#8211; fioletowo-granatowy melan\u017c (brak), czarny melan\u017c (M), szary melan\u017c (XS, S), burgund melan\u017c (S, M)<\/p>\n<p>All colours are presented in our <a href=\"https:\/\/talia-fashion.pl\/en\/paleta-kolorow\/\">Colour palette,<\/a> a tak\u017ce na zdj\u0119ciach produkt\u00f3w na odr\u0119bnych aukcjach. W razie w\u0105tpliwo\u015bci, prosimy o kontakt. W tym sezonie stawiamy na klasyczne wzory, plastyczne materia\u0142y i stonowan\u0105 kolorystyk\u0119, kt\u00f3ra jest ponadczasowa i stanowi idealn\u0105 baz\u0119 dla wielu stylizacjji.<\/p>\n<p>Available sizes: XS, S, M, L, XL<\/p>\n<p>Indicative dimensions:<\/p>\n<p><span lang=\"DE\">XS - bust: 86-88 \/ hips 94-96 \/ length: 117 \/ sleeve 61<br \/>\nS \u2013 biust: 90-92 \/ biodra: 98-100 \/ d\u0142ugo\u015b\u0107: 117\/ r\u0119kaw: 62<br \/>\nM - bust: 94-96 \/ hips: 102-104 \/ length: 118 \/ sleeve: 62<br \/>\nL \u2013 biust: 98-100 \/ biodra: 106-108 \/ d\u0142ugo\u015b\u0107: 118 \/ r\u0119kaw: 63<br \/>\nXL - bust: 104-106 \/ hips: 112-114 \/ length: 119 \/ sleeve: 64<\/span><\/p>\n<p>If you are unsure about the size, please contact us.<\/p>\n<p>The model is 172cm and a size S.<\/p>\n<p>Materia\u0142: we\u0142na dziewicza 97%, kaszmir 3%<\/p>\n<p>Lining: 100% acetate<br \/>\nLike viscose, acetate is produced from cellulose. Acetate yarn can also be made from recycled cellulose such as paper. The acetate lining is excellent at absorbing moisture and allowing air to pass through, so it provides thermal comfort and wears well. It is coated with an antistatic apprette and is OEKOtex\u00ae Standard 100 certified.<\/p>\n<p>Insulation: 100% non-woven recycled polyester<br \/>\nOur coats are insulated with a compressed thermo-insulating quilted fleece on the lining. The fleece is made from recycled polyester fibres. The material is lightweight, thin and at the same time perfectly insulating. The insulating fleece we use is resistant to moisture (it retains its insulating properties and warming effect even in damp conditions), stops the wind, is hypoallergenic and breathable. It is OEKOtex\u00ae Standard 100 certified.<\/p>\n<p>The coat should be dry-cleaned. For frequent refreshing of the wool we recommend the following <a href=\"https:\/\/talia-fashion.pl\/en\/product\/szczotka-do-czyszczenia-i-pielegnacji-plaszcza\/\">Brush for cleaning and care of the coat<\/a><a href=\"https:\/\/talia-fashion.pl\/en\/product\/szczotka-do-czyszczenia-i-pielegnacji-plaszcza\/\">, <\/a>which can be purchased in our shop. With a few simple care steps, you will enjoy your coat far longer, while reducing waste and thus taking care of the environment. We also encourage you to read our advice on proper care: <a href=\"https:\/\/talia-fashion.pl\/en\/jak-pielegnowac-i-dbac-o-plaszcz\/\">How to care for and maintain coats? <\/a><\/p>\n<p><strong>Individual order - <\/strong>Some modifications can be made at the client's request: shortening, lengthening of the sleeve, shortening and lengthening of the coat. Cost to be determined individually, after prior contact.<\/p>\n<p><strong>An individual order is not subject to exchange or refund.<\/strong><\/p>\n<p>Czas realizacji uzale\u017cniony jest od aktualnego stanu magazynowego w pracowni oraz dost\u0119pno\u015bci danego koloru materia\u0142u. Je\u015bli dany p\u0142aszcz jest uszyty realizacja zam\u00f3wienia nast\u0105pi bardzo szybko w ci\u0105gu 2-5 dni roboczych. Je\u015bli konieczne jest uszycie nowego p\u0142aszcza b\u0105d\u017a indywidualizacja zam\u00f3wienia \u2013 wykonanie przer\u00f3bki lub uszycie nowego p\u0142aszcza wed\u0142ug specyfikacji Klienta\u2013 czas realizacji zam\u00f3wienia mo\u017ce ulec wyd\u0142u\u017ceniu, maksymalnie do 2 tygodni.<\/p>\n<p>Prosimy o cierpliwo\u015b\u0107, w wi\u0119kszo\u015bci przypadk\u00f3w nie szyjemy na magazyn, a uszycie p\u0142aszcza wymaga czasu i precyzji. Cho\u0107 do\u0142o\u017cymy wszelkich stara\u0144, by zam\u00f3wiony p\u0142aszcz trafi\u0142 do Ciebie jak najszybciej. Dzi\u0119kujemy, \u017ce jeste\u015b z nami ju\u017c od 36 lat i wspierasz lokalne rzemios\u0142o.<\/p>\n<p>We encourage you to like our fanpage on <a href=\"https:\/\/www.facebook.com\/talia.plaszcze\">Facebook<\/a>\u00a0i\u00a0<a href=\"https:\/\/www.instagram.com\/talia_plaszcze\/\">Instagram<\/a><\/p>","protected":false},"excerpt":{"rendered":"<p>D\u0142ugi melan\u017cowy p\u0142aszcz we\u0142niany z kaszmirem \u0142\u0105czy w sobie klasyczny dese\u0144 z nowoczesn\u0105 lini\u0105 ci\u0119cia. Doskona\u0142a tkanina i swobodny kr\u00f3j, p\u0142aszcz w ca\u0142o\u015bci ocieplany.<\/p>","protected":false},"featured_media":926,"template":"","meta":{"_acf_changed":false},"product_cat":[36],"product_tag":[89,274,78,119,32,37,34,121,239,41,42,67,43,44,91,45,68,47,75,85,50,86,69,53,275,63,88],"class_list":{"0":"post-5520","1":"product","2":"type-product","3":"status-publish","4":"has-post-thumbnail","6":"product_cat-plaszcze-dluzsze","7":"product_tag-cieply","8":"product_tag-deadstock","9":"product_tag-dla-roznych-sylwetek","10":"product_tag-dlugi-plaszcz-zimowy","11":"product_tag-dopasowany-kroj","12":"product_tag-dyplomatka","13":"product_tag-handmade","14":"product_tag-materialy-przyjazne-dla-srodowiska","15":"product_tag-melanzowy-plaszcz","16":"product_tag-na-podszewce","17":"product_tag-nowosc","18":"product_tag-ocieplany","19":"product_tag-plaszcz-damski","20":"product_tag-plaszcz-damski-dlugi","21":"product_tag-plaszcz-damski-zimowy","22":"product_tag-plaszcz-dlugi","23":"product_tag-plaszcz-jesienny","24":"product_tag-plaszcz-na-guziki","25":"product_tag-plaszcz-ocieplany","26":"product_tag-plaszcz-welniany","27":"product_tag-plaszcz-z-rewersem","28":"product_tag-plaszcz-zimowy-ocieplany","29":"product_tag-prochowiec","30":"product_tag-welna","31":"product_tag-welna-z-kaszmirem","32":"product_tag-welniany","33":"product_tag-wiazany","35":"first","36":"instock","37":"shipping-taxable","38":"purchasable","39":"product-type-variable","40":"has-default-attributes"},"acf":[],"yoast_head":"<!-- This site is optimized with the Yoast SEO plugin v25.7 - https:\/\/yoast.com\/wordpress\/plugins\/seo\/ -->\n<title>D\u0142ugi melan\u017cowy p\u0142aszcz we\u0142niany z kaszmirem Gigi - polskie p\u0142aszcze<\/title>\n<meta name=\"description\" content=\"D\u0142ugi melan\u017cowy p\u0142aszcz we\u0142niany z kaszmirem uszyty w naszej rodzinnej pracowni z dba\u0142o\u015bci\u0105 o najmniejszy detal. Ponadczasowy zimowy p\u0142aszcz damski.\" \/>\n<meta name=\"robots\" content=\"index, follow, max-snippet:-1, max-image-preview:large, max-video-preview:-1\" \/>\n<link rel=\"canonical\" href=\"https:\/\/talia-fashion.pl\/en\/product\/dlugi-melanzowy-plaszcz-welniany-z-kaszmirem-gigi\/\" \/>\n<meta property=\"og:locale\" content=\"en_GB\" \/>\n<meta property=\"og:type\" content=\"article\" \/>\n<meta property=\"og:title\" content=\"D\u0142ugi melan\u017cowy p\u0142aszcz we\u0142niany z kaszmirem Gigi - polskie p\u0142aszcze\" \/>\n<meta property=\"og:description\" content=\"D\u0142ugi melan\u017cowy p\u0142aszcz we\u0142niany z kaszmirem uszyty w naszej rodzinnej pracowni z dba\u0142o\u015bci\u0105 o najmniejszy detal. Ponadczasowy zimowy p\u0142aszcz damski.\" \/>\n<meta property=\"og:url\" content=\"https:\/\/talia-fashion.pl\/en\/product\/dlugi-melanzowy-plaszcz-welniany-z-kaszmirem-gigi\/\" \/>\n<meta property=\"og:site_name\" content=\"Talia Fashion\" \/>\n<meta property=\"article:modified_time\" content=\"2026-02-12T14:09:24+00:00\" \/>\n<meta property=\"og:image\" content=\"https:\/\/talia-fashion.pl\/wp-content\/uploads\/2024\/10\/dlugi-melanzowy-plaszcz-welniany-kaszmir-zimowy-ocieplany-960x1280.jpg\" \/>\n\t<meta property=\"og:image:width\" content=\"960\" \/>\n\t<meta property=\"og:image:height\" content=\"1280\" \/>\n\t<meta property=\"og:image:type\" content=\"image\/jpeg\" \/>\n<meta name=\"twitter:card\" content=\"summary_large_image\" \/>\n<meta name=\"twitter:label1\" content=\"Estimated reading time\" \/>\n\t<meta name=\"twitter:data1\" content=\"4 minutes\" \/>\n<script type=\"application\/ld+json\" class=\"yoast-schema-graph\">{\"@context\":\"https:\/\/schema.org\",\"@graph\":[{\"@type\":\"WebPage\",\"@id\":\"https:\/\/talia-fashion.pl\/produkt\/dlugi-melanzowy-plaszcz-welniany-z-kaszmirem-gigi\/\",\"url\":\"https:\/\/talia-fashion.pl\/produkt\/dlugi-melanzowy-plaszcz-welniany-z-kaszmirem-gigi\/\",\"name\":\"D\u0142ugi melan\u017cowy p\u0142aszcz we\u0142niany z kaszmirem Gigi - polskie p\u0142aszcze\",\"isPartOf\":{\"@id\":\"https:\/\/talia-fashion.pl\/#website\"},\"primaryImageOfPage\":{\"@id\":\"https:\/\/talia-fashion.pl\/produkt\/dlugi-melanzowy-plaszcz-welniany-z-kaszmirem-gigi\/#primaryimage\"},\"image\":{\"@id\":\"https:\/\/talia-fashion.pl\/produkt\/dlugi-melanzowy-plaszcz-welniany-z-kaszmirem-gigi\/#primaryimage\"},\"thumbnailUrl\":\"https:\/\/talia-fashion.pl\/wp-content\/uploads\/2024\/10\/dlugi-melanzowy-plaszcz-welniany-kaszmir-zimowy-ocieplany.jpg\",\"datePublished\":\"2024-09-08T08:30:41+00:00\",\"dateModified\":\"2026-02-12T14:09:24+00:00\",\"description\":\"D\u0142ugi melan\u017cowy p\u0142aszcz we\u0142niany z kaszmirem uszyty w naszej rodzinnej pracowni z dba\u0142o\u015bci\u0105 o najmniejszy detal. Ponadczasowy zimowy p\u0142aszcz damski.\",\"breadcrumb\":{\"@id\":\"https:\/\/talia-fashion.pl\/produkt\/dlugi-melanzowy-plaszcz-welniany-z-kaszmirem-gigi\/#breadcrumb\"},\"inLanguage\":\"en-GB\",\"potentialAction\":[{\"@type\":\"ReadAction\",\"target\":[\"https:\/\/talia-fashion.pl\/produkt\/dlugi-melanzowy-plaszcz-welniany-z-kaszmirem-gigi\/\"]}]},{\"@type\":\"ImageObject\",\"inLanguage\":\"en-GB\",\"@id\":\"https:\/\/talia-fashion.pl\/produkt\/dlugi-melanzowy-plaszcz-welniany-z-kaszmirem-gigi\/#primaryimage\",\"url\":\"https:\/\/talia-fashion.pl\/wp-content\/uploads\/2024\/10\/dlugi-melanzowy-plaszcz-welniany-kaszmir-zimowy-ocieplany.jpg\",\"contentUrl\":\"https:\/\/talia-fashion.pl\/wp-content\/uploads\/2024\/10\/dlugi-melanzowy-plaszcz-welniany-kaszmir-zimowy-ocieplany.jpg\",\"width\":1500,\"height\":2000,\"caption\":\"D\u0142ugi melan\u017cowy p\u0142aszcz we\u0142niany z kaszmirem. Klasyczny kr\u00f3j, mi\u0119kki wysokiej jako\u015bci materia\u0142, interesuj\u0105ce wybarwienie. D\u0142ugo\u015b\u0107 do po\u0142owy wydki, wi\u0105zany w pasie. Obowi\u0105zkowa pozycja w szafie kapsu\u0142owej.\"},{\"@type\":\"BreadcrumbList\",\"@id\":\"https:\/\/talia-fashion.pl\/produkt\/dlugi-melanzowy-plaszcz-welniany-z-kaszmirem-gigi\/#breadcrumb\",\"itemListElement\":[{\"@type\":\"ListItem\",\"position\":1,\"name\":\"Strona g\u0142\u00f3wna\",\"item\":\"https:\/\/talia-fashion.pl\/\"},{\"@type\":\"ListItem\",\"position\":2,\"name\":\"Sklep\",\"item\":\"https:\/\/talia-fashion.pl\/sklep\/\"},{\"@type\":\"ListItem\",\"position\":3,\"name\":\"D\u0142ugi melan\u017cowy p\u0142aszcz we\u0142niany z kaszmirem Gigi\"}]},{\"@type\":\"WebSite\",\"@id\":\"https:\/\/talia-fashion.pl\/#website\",\"url\":\"https:\/\/talia-fashion.pl\/\",\"name\":\"Talia Fashion\",\"description\":\"\",\"potentialAction\":[{\"@type\":\"SearchAction\",\"target\":{\"@type\":\"EntryPoint\",\"urlTemplate\":\"https:\/\/talia-fashion.pl\/?s={search_term_string}\"},\"query-input\":{\"@type\":\"PropertyValueSpecification\",\"valueRequired\":true,\"valueName\":\"search_term_string\"}}],\"inLanguage\":\"en-GB\"}]}<\/script>\n<!-- \/ Yoast SEO plugin. -->","yoast_head_json":{"title":"D\u0142ugi melan\u017cowy p\u0142aszcz we\u0142niany z kaszmirem Gigi - polskie p\u0142aszcze","description":"D\u0142ugi melan\u017cowy p\u0142aszcz we\u0142niany z kaszmirem uszyty w naszej rodzinnej pracowni z dba\u0142o\u015bci\u0105 o najmniejszy detal. Ponadczasowy zimowy p\u0142aszcz damski.","robots":{"index":"index","follow":"follow","max-snippet":"max-snippet:-1","max-image-preview":"max-image-preview:large","max-video-preview":"max-video-preview:-1"},"canonical":"https:\/\/talia-fashion.pl\/en\/product\/dlugi-melanzowy-plaszcz-welniany-z-kaszmirem-gigi\/","og_locale":"en_GB","og_type":"article","og_title":"D\u0142ugi melan\u017cowy p\u0142aszcz we\u0142niany z kaszmirem Gigi - polskie p\u0142aszcze","og_description":"D\u0142ugi melan\u017cowy p\u0142aszcz we\u0142niany z kaszmirem uszyty w naszej rodzinnej pracowni z dba\u0142o\u015bci\u0105 o najmniejszy detal. Ponadczasowy zimowy p\u0142aszcz damski.","og_url":"https:\/\/talia-fashion.pl\/en\/product\/dlugi-melanzowy-plaszcz-welniany-z-kaszmirem-gigi\/","og_site_name":"Talia Fashion","article_modified_time":"2026-02-12T14:09:24+00:00","og_image":[{"width":960,"height":1280,"url":"https:\/\/talia-fashion.pl\/wp-content\/uploads\/2024\/10\/dlugi-melanzowy-plaszcz-welniany-kaszmir-zimowy-ocieplany-960x1280.jpg","type":"image\/jpeg"}],"twitter_card":"summary_large_image","twitter_misc":{"Estimated reading time":"4 minutes"},"schema":{"@context":"https:\/\/schema.org","@graph":[{"@type":"WebPage","@id":"https:\/\/talia-fashion.pl\/produkt\/dlugi-melanzowy-plaszcz-welniany-z-kaszmirem-gigi\/","url":"https:\/\/talia-fashion.pl\/produkt\/dlugi-melanzowy-plaszcz-welniany-z-kaszmirem-gigi\/","name":"D\u0142ugi melan\u017cowy p\u0142aszcz we\u0142niany z kaszmirem Gigi - polskie p\u0142aszcze","isPartOf":{"@id":"https:\/\/talia-fashion.pl\/#website"},"primaryImageOfPage":{"@id":"https:\/\/talia-fashion.pl\/produkt\/dlugi-melanzowy-plaszcz-welniany-z-kaszmirem-gigi\/#primaryimage"},"image":{"@id":"https:\/\/talia-fashion.pl\/produkt\/dlugi-melanzowy-plaszcz-welniany-z-kaszmirem-gigi\/#primaryimage"},"thumbnailUrl":"https:\/\/talia-fashion.pl\/wp-content\/uploads\/2024\/10\/dlugi-melanzowy-plaszcz-welniany-kaszmir-zimowy-ocieplany.jpg","datePublished":"2024-09-08T08:30:41+00:00","dateModified":"2026-02-12T14:09:24+00:00","description":"D\u0142ugi melan\u017cowy p\u0142aszcz we\u0142niany z kaszmirem uszyty w naszej rodzinnej pracowni z dba\u0142o\u015bci\u0105 o najmniejszy detal. Ponadczasowy zimowy p\u0142aszcz damski.","breadcrumb":{"@id":"https:\/\/talia-fashion.pl\/produkt\/dlugi-melanzowy-plaszcz-welniany-z-kaszmirem-gigi\/#breadcrumb"},"inLanguage":"en-GB","potentialAction":[{"@type":"ReadAction","target":["https:\/\/talia-fashion.pl\/produkt\/dlugi-melanzowy-plaszcz-welniany-z-kaszmirem-gigi\/"]}]},{"@type":"ImageObject","inLanguage":"en-GB","@id":"https:\/\/talia-fashion.pl\/produkt\/dlugi-melanzowy-plaszcz-welniany-z-kaszmirem-gigi\/#primaryimage","url":"https:\/\/talia-fashion.pl\/wp-content\/uploads\/2024\/10\/dlugi-melanzowy-plaszcz-welniany-kaszmir-zimowy-ocieplany.jpg","contentUrl":"https:\/\/talia-fashion.pl\/wp-content\/uploads\/2024\/10\/dlugi-melanzowy-plaszcz-welniany-kaszmir-zimowy-ocieplany.jpg","width":1500,"height":2000,"caption":"D\u0142ugi melan\u017cowy p\u0142aszcz we\u0142niany z kaszmirem. Klasyczny kr\u00f3j, mi\u0119kki wysokiej jako\u015bci materia\u0142, interesuj\u0105ce wybarwienie. D\u0142ugo\u015b\u0107 do po\u0142owy wydki, wi\u0105zany w pasie. Obowi\u0105zkowa pozycja w szafie kapsu\u0142owej."},{"@type":"BreadcrumbList","@id":"https:\/\/talia-fashion.pl\/produkt\/dlugi-melanzowy-plaszcz-welniany-z-kaszmirem-gigi\/#breadcrumb","itemListElement":[{"@type":"ListItem","position":1,"name":"Strona g\u0142\u00f3wna","item":"https:\/\/talia-fashion.pl\/"},{"@type":"ListItem","position":2,"name":"Sklep","item":"https:\/\/talia-fashion.pl\/sklep\/"},{"@type":"ListItem","position":3,"name":"D\u0142ugi melan\u017cowy p\u0142aszcz we\u0142niany z kaszmirem Gigi"}]},{"@type":"WebSite","@id":"https:\/\/talia-fashion.pl\/#website","url":"https:\/\/talia-fashion.pl\/","name":"Talia Fashion","description":"","potentialAction":[{"@type":"SearchAction","target":{"@type":"EntryPoint","urlTemplate":"https:\/\/talia-fashion.pl\/?s={search_term_string}"},"query-input":{"@type":"PropertyValueSpecification","valueRequired":true,"valueName":"search_term_string"}}],"inLanguage":"en-GB"}]}},"_links":{"self":[{"href":"https:\/\/talia-fashion.pl\/en\/wp-json\/wp\/v2\/product\/5520","targetHints":{"allow":["GET"]}}],"collection":[{"href":"https:\/\/talia-fashion.pl\/en\/wp-json\/wp\/v2\/product"}],"about":[{"href":"https:\/\/talia-fashion.pl\/en\/wp-json\/wp\/v2\/types\/product"}],"wp:featuredmedia":[{"embeddable":true,"href":"https:\/\/talia-fashion.pl\/en\/wp-json\/wp\/v2\/media\/926"}],"wp:attachment":[{"href":"https:\/\/talia-fashion.pl\/en\/wp-json\/wp\/v2\/media?parent=5520"}],"wp:term":[{"taxonomy":"product_cat","embeddable":true,"href":"https:\/\/talia-fashion.pl\/en\/wp-json\/wp\/v2\/product_cat?post=5520"},{"taxonomy":"product_tag","embeddable":true,"href":"https:\/\/talia-fashion.pl\/en\/wp-json\/wp\/v2\/product_tag?post=5520"}],"curies":[{"name":"wp","href":"https:\/\/api.w.org\/{rel}","templated":true}]}}