{"id":5508,"date":"2024-09-07T12:23:47","date_gmt":"2024-09-07T10:23:47","guid":{"rendered":"http:\/\/talia-fashion.pl\/produkt\/welniana-kurtka-bezowa-boxy-sredniej-dlugosci-riva\/"},"modified":"2026-03-03T14:41:57","modified_gmt":"2026-03-03T13:41:57","slug":"welniana-kurtka-bezowa-boxy-sredniej-dlugosci-riva","status":"publish","type":"product","link":"https:\/\/talia-fashion.pl\/en\/product\/welniana-kurtka-bezowa-boxy-sredniej-dlugosci-riva\/","title":{"rendered":"Beige wool boxy mid-length jacket Riva"},"content":{"rendered":"<p><span lang=\"DE\">We\u0142niana kurtka be\u017cowa boxy \u015bredniej d\u0142ugo\u015bci Riva to nasza propozycja zimowego p\u0142aszczyka o d\u0142ugo\u015bci do po\u0142owy uda. Utrzymana w stylu hygge. Mi\u0119kka, ciep\u0142a, stonowany bazowy kolor, nowoczesna, wygodna konstrukcja. Wszystko to ma poprawia\u0107 samopoczucie, gdy\u017c to co nosisz ma du\u017ce znaczenie, szczeg\u00f3lnie w ch\u0142odne i pochmurne jesienno-zimowe dni. Kurtka ozdobiona delikatnie poszerzonym ko\u0142nierzem,\u00a0 kt\u00f3ry mo\u017cna nosi\u0107 podniesiony, by os\u0142oni\u0107 kark i szyj\u0119 przed zimnym wiatrem. P\u0142aszczyk dwurz\u0119dowy, zapinany na kontrastowe guziki. Celowo przeskalowali\u015bmy g\u00f3r\u0119 kurtki obni\u017caj\u0105c lini\u0119 ramion. To one w\u0142a\u015bnie nadaj\u0105 ca\u0142o\u015bci zrelaksowanego wygl\u0105du. Dzi\u0119ki temu r\u00f3wnie\u017c spokojnie zmie\u015bci si\u0119 we\u0142niany sweterek o lu\u017anym splocie, pikowan\u0105 kamizelk\u0119 czy dzianinow\u0105 sukienk\u0119. P\u0142aszcz jest oversizowy, o rozmiar wi\u0119kszy, daje mo\u017cliwo\u015b\u0107 zabawy warstwami. Kieszenie po bokach. Kurtka zimowa, w ca\u0142o\u015bci ocieplana. Uszyta z grubej gramaturowo tkaniny z przewag\u0105 we\u0142ny.<br \/>\n<\/span><\/p>\n<p><span lang=\"DE\">Nie czujesz klasycznych, we\u0142nianych p\u0142aszczy &#8211; wybierz nasz\u0105 be\u017cow\u0105 kurtk\u0119 boxy \u015bredniej d\u0142ugo\u015bci. Nie b\u00f3j si\u0119 obj\u0119to\u015bci i pokochaj komfort i stylowy luz. W nieco mniejszym rozmiarze nawet mi\u0142o\u015bniczkom dopasowanych p\u0142aszczy z pewno\u015bci\u0105 przypadnie do gustu. P\u0142aszcz oversize \u015bwietnie wygl\u0105da z jeansami, we\u0142nianymi swetrami i sportowym obuwiem. Nonszalancko i szykownie prezentowa\u0107 si\u0119 b\u0119dzie w po\u0142\u0105czeniu z sukienkami, sp\u00f3dnicami i botkami na obcasie. To prosty fason, w kt\u00f3rym wszystko jest dobrze przemy\u015blane.<\/span><\/p>\n<p>Jacket<span lang=\"DE\"> dost\u0119pna w nast\u0119puj\u0105cych kolorach: be\u017c<\/span><\/p>\n<p><span lang=\"DE\">Available sizes: XS, S, M, L<br \/>\n<\/span><\/p>\n<p><span lang=\"DE\">Indicative dimensions:<\/span><\/p>\n<p>XS - bust: 86-88 \/ hips 94-96 \/ length: 86\/sleeve 61<br \/>\nS - bust: 90-92 \/ hips: 98-100 \/ length: 86\/sleeve: 62<br \/>\nM - bust: 94-96 \/ hips: 102-104 \/ length: 86 \/ sleeve: 62<br \/>\nL - bust: 98-100 \/ hips: 106-108 \/ length: 87 \/ sleeve: 63<\/p>\n<p><span lang=\"DE\">Ma do\u015b\u0107 du\u017cy zak\u0142ad, st\u0105d \u0142atwo j\u0105 poszerzy\u0107 przesuwaj\u0105c guziki bez wp\u0142ywu na fason. Najwa\u017cniejsze w tym fasonie, by nie opina\u0142 si\u0119 na biodrach. Idealny dla Pa\u0144 o du\u017cym biu\u015bcie, czy te\u017c ka\u0144ciastych ramionach. W razie w\u0105tpliwo\u015bci odno\u015bnie rozmiaru, prosimy o kontakt. Zastanawiasz si\u0119 jak dobra\u0107 p\u0142aszcz do sylwetki? Polecamy nasze wskaz\u00f3wki: <a href=\"https:\/\/talia-fashion.pl\/en\/jak-dobrac-plaszcz-do-sylwetki\/\">How do you choose a coat to suit your figure?<\/a><br \/>\n<\/span><\/p>\n<p>The model is 172 cm with a size XS<\/p>\n<p>Material: 80% wool, 20% polyamide<br \/>\nLining: 100% acetate<br \/>\nLike viscose, acetate is produced from cellulose. Acetate yarn can also be made from recycled cellulose such as paper. The acetate lining is excellent at absorbing moisture and permeable to air. It is coated with an antistatic apprettee and is OEKOtex\u00ae Standard 100 certified.<br \/>\nInsulation: 100% non-woven recycled polyester<br \/>\nOur coats are insulated with a compressed thermo-insulating quilted fleece on the lining. The fleece is made from recycled polyester fibres. The material is lightweight, thin and at the same time perfectly insulating. The insulating fleece we use is resistant to moisture (it retains its insulating properties and warming effect even in damp conditions), stops the wind, is hypoallergenic and breathable. It is OEKOtex\u00ae Standard 100 certified.<\/p>\n<p><span lang=\"DE\">Beige wool boxy mid-length jacket Riva<\/span> zosta\u0142a zaprojektowana i uszyta r\u0119cznie w naszej pracowni, z zachowaniem zasad Fair Trade i w trosce o \u015brodowisko naturalne.<\/p>\n<p>The jacket should be dry-cleaned. For home wool restoration we recommend\u00a0<a href=\"https:\/\/talia-fashion.pl\/en\/product\/szczotka-do-czyszczenia-i-pielegnacji-plaszcza\/\">Brush for cleaning and care of the coat,<\/a> which can be purchased in our shop. Taking care of your clothing is also an expression of concern for the environment, use our tips:\u00a0<a href=\"https:\/\/talia-fashion.pl\/en\/jak-pielegnowac-i-dbac-o-plaszcz\/\">How do you look after your coat?\u00a0 <\/a>All you need to do is: air your coat regularly, hang it on a shaped hanger, brush it and store it properly, and you will enjoy it for years.<\/p>\n<p><strong>Individual order -\u00a0<\/strong>Some modifications can be made at the client's request: shortening, lengthening of the sleeve, shortening and lengthening of the coat. Cost to be determined individually, after prior contact.<br \/>\n<strong>An individual order is not subject to exchange or refund.<\/strong><\/p>\n<p>Czas realizacji uzale\u017cniony jest od aktualnego stanu magazynowego w pracowni oraz dost\u0119pno\u015bci danego koloru materia\u0142u. Je\u015bli dany p\u0142aszcz jest dost\u0119pny w pracowni realizacja zam\u00f3wienia nast\u0105pi bardzo szybko w ci\u0105gu 2-5 dni roboczych. Je\u015bli konieczne jest uszycie nowego p\u0142aszcza lub indywidualizacja zam\u00f3wienia \u2013 wykonanie przer\u00f3bki lub uszycie nowego p\u0142aszcza wed\u0142ug specyfikacji Klienta \u2013 czas realizacji zam\u00f3wienia mo\u017ce ulec wyd\u0142u\u017ceniu, maksymalnie do 2 tygodni.<\/p>\n<p>Nasze p\u0142aszczyki szyjemy tradycyjnymi metodami, zatem bardzo prosimy o cierpliwo\u015b\u0107 w oczekiwaniu na realizacj\u0119 zam\u00f3wienia, nie szyjemy p\u0142aszczy &#8222;na magazyn&#8221;. Zam\u00f3wienia realizujemy na bie\u017c\u0105co i dok\u0142adamy wszelkich stara\u0144 aby\u015bcie jak najszybciej otrzymali swoje zam\u00f3wienie.<br \/>\nThank you for being with us and supporting local crafts.<\/p>\n<p>We encourage you to like our fanpage on\u00a0<a href=\"https:\/\/www.facebook.com\/talia.plaszcze\">Facebook<\/a>\u00a0i\u00a0<a href=\"https:\/\/www.instagram.com\/talia_plaszcze\/\">Instagram<\/a><\/p>","protected":false},"excerpt":{"rendered":"<p>We\u0142niana kurtka be\u017cowa boxy \u015bredniej d\u0142ugo\u015bci Riva to nasza propozycja zimowego p\u0142aszczyka o d\u0142ugo\u015bci do po\u0142owy uda. Utrzymana w stylu hygge. Mi\u0119kka,&hellip;<\/p>","protected":false},"featured_media":924,"template":"","meta":{"_acf_changed":false},"product_cat":[55],"product_tag":[57,163,89,33,206,34,39,40,208,74,65,66,41,42,67,82,43,91,46,68,47,84,50,95,53,63,88],"class_list":{"0":"post-5508","1":"product","2":"type-product","3":"status-publish","4":"has-post-thumbnail","6":"product_cat-plaszcze-krotsze","7":"product_tag-bez-paska","8":"product_tag-bezowy-plaszcz","9":"product_tag-cieply","10":"product_tag-dwurzedowy","11":"product_tag-granatowa-kurtka","12":"product_tag-handmade","13":"product_tag-klasyczny","14":"product_tag-kolnierz","15":"product_tag-kurtka-bosmanka","16":"product_tag-kurtka-damska","17":"product_tag-kurtka-ocieplana","18":"product_tag-kurtka-zimowa-ocieplana","19":"product_tag-na-podszewce","20":"product_tag-nowosc","21":"product_tag-ocieplany","22":"product_tag-oversize","23":"product_tag-plaszcz-damski","24":"product_tag-plaszcz-damski-zimowy","25":"product_tag-plaszcz-dwurzedowy","26":"product_tag-plaszcz-jesienny","27":"product_tag-plaszcz-na-guziki","28":"product_tag-plaszcz-oversizowy","29":"product_tag-plaszcz-z-rewersem","30":"product_tag-plaszcz-zimowy","31":"product_tag-welna","32":"product_tag-welniany","33":"product_tag-wiazany","35":"first","36":"instock","37":"shipping-taxable","38":"purchasable","39":"product-type-variable","40":"has-default-attributes"},"acf":[],"yoast_head":"<!-- This site is optimized with the Yoast SEO plugin v25.7 - https:\/\/yoast.com\/wordpress\/plugins\/seo\/ -->\n<title>We\u0142niana kurtka be\u017cowa boxy \u015bredniej d\u0142ugo\u015bci Riva - Talia Fashion - handmade<\/title>\n<meta name=\"description\" content=\"We\u0142niana kurtka be\u017cowa boxy \u015bredniej d\u0142ugo\u015bci Riva. Oversizowa kurtka dwurz\u0119dowa z obni\u017con\u0105 lini\u0105 ramion, z pi\u0119knym ko\u0142nierzem. Dodatkowo ocieplana.\" \/>\n<meta name=\"robots\" content=\"index, follow, max-snippet:-1, max-image-preview:large, max-video-preview:-1\" \/>\n<link rel=\"canonical\" href=\"https:\/\/talia-fashion.pl\/en\/product\/welniana-kurtka-bezowa-boxy-sredniej-dlugosci-riva\/\" \/>\n<meta property=\"og:locale\" content=\"en_GB\" \/>\n<meta property=\"og:type\" content=\"article\" \/>\n<meta property=\"og:title\" content=\"We\u0142niana kurtka be\u017cowa boxy \u015bredniej d\u0142ugo\u015bci Riva - Talia Fashion - handmade\" \/>\n<meta property=\"og:description\" content=\"We\u0142niana kurtka be\u017cowa boxy \u015bredniej d\u0142ugo\u015bci Riva. Oversizowa kurtka dwurz\u0119dowa z obni\u017con\u0105 lini\u0105 ramion, z pi\u0119knym ko\u0142nierzem. Dodatkowo ocieplana.\" \/>\n<meta property=\"og:url\" content=\"https:\/\/talia-fashion.pl\/en\/product\/welniana-kurtka-bezowa-boxy-sredniej-dlugosci-riva\/\" \/>\n<meta property=\"og:site_name\" content=\"Talia Fashion\" \/>\n<meta property=\"article:modified_time\" content=\"2026-03-03T13:41:57+00:00\" \/>\n<meta property=\"og:image\" content=\"https:\/\/talia-fashion.pl\/wp-content\/uploads\/2024\/10\/welniana-kurtka-bezowa-boxy-srednia-dlugosc-zimowa-960x1280.jpg\" \/>\n\t<meta property=\"og:image:width\" content=\"960\" \/>\n\t<meta property=\"og:image:height\" content=\"1280\" \/>\n\t<meta property=\"og:image:type\" content=\"image\/jpeg\" \/>\n<meta name=\"twitter:card\" content=\"summary_large_image\" \/>\n<meta name=\"twitter:label1\" content=\"Estimated reading time\" \/>\n\t<meta name=\"twitter:data1\" content=\"4 minutes\" \/>\n<script type=\"application\/ld+json\" class=\"yoast-schema-graph\">{\"@context\":\"https:\/\/schema.org\",\"@graph\":[{\"@type\":\"WebPage\",\"@id\":\"https:\/\/talia-fashion.pl\/produkt\/welniana-kurtka-bezowa-boxy-sredniej-dlugosci-riva\/\",\"url\":\"https:\/\/talia-fashion.pl\/produkt\/welniana-kurtka-bezowa-boxy-sredniej-dlugosci-riva\/\",\"name\":\"We\u0142niana kurtka be\u017cowa boxy \u015bredniej d\u0142ugo\u015bci Riva - Talia Fashion - handmade\",\"isPartOf\":{\"@id\":\"https:\/\/talia-fashion.pl\/#website\"},\"primaryImageOfPage\":{\"@id\":\"https:\/\/talia-fashion.pl\/produkt\/welniana-kurtka-bezowa-boxy-sredniej-dlugosci-riva\/#primaryimage\"},\"image\":{\"@id\":\"https:\/\/talia-fashion.pl\/produkt\/welniana-kurtka-bezowa-boxy-sredniej-dlugosci-riva\/#primaryimage\"},\"thumbnailUrl\":\"https:\/\/talia-fashion.pl\/wp-content\/uploads\/2024\/10\/welniana-kurtka-bezowa-boxy-srednia-dlugosc-zimowa.jpg\",\"datePublished\":\"2024-09-07T10:23:47+00:00\",\"dateModified\":\"2026-03-03T13:41:57+00:00\",\"description\":\"We\u0142niana kurtka be\u017cowa boxy \u015bredniej d\u0142ugo\u015bci Riva. Oversizowa kurtka dwurz\u0119dowa z obni\u017con\u0105 lini\u0105 ramion, z pi\u0119knym ko\u0142nierzem. Dodatkowo ocieplana.\",\"breadcrumb\":{\"@id\":\"https:\/\/talia-fashion.pl\/produkt\/welniana-kurtka-bezowa-boxy-sredniej-dlugosci-riva\/#breadcrumb\"},\"inLanguage\":\"en-GB\",\"potentialAction\":[{\"@type\":\"ReadAction\",\"target\":[\"https:\/\/talia-fashion.pl\/produkt\/welniana-kurtka-bezowa-boxy-sredniej-dlugosci-riva\/\"]}]},{\"@type\":\"ImageObject\",\"inLanguage\":\"en-GB\",\"@id\":\"https:\/\/talia-fashion.pl\/produkt\/welniana-kurtka-bezowa-boxy-sredniej-dlugosci-riva\/#primaryimage\",\"url\":\"https:\/\/talia-fashion.pl\/wp-content\/uploads\/2024\/10\/welniana-kurtka-bezowa-boxy-srednia-dlugosc-zimowa.jpg\",\"contentUrl\":\"https:\/\/talia-fashion.pl\/wp-content\/uploads\/2024\/10\/welniana-kurtka-bezowa-boxy-srednia-dlugosc-zimowa.jpg\",\"width\":1500,\"height\":2000,\"caption\":\"We\u0142niana kurtka be\u017cowa o kroju boxy \u015bredniej d\u0142ugo\u015bci w stylu hygge. Idealna na zim\u0119. Wygodna i pomie\u015bci wielowarstwowe stylizacje.\"},{\"@type\":\"BreadcrumbList\",\"@id\":\"https:\/\/talia-fashion.pl\/produkt\/welniana-kurtka-bezowa-boxy-sredniej-dlugosci-riva\/#breadcrumb\",\"itemListElement\":[{\"@type\":\"ListItem\",\"position\":1,\"name\":\"Strona g\u0142\u00f3wna\",\"item\":\"https:\/\/talia-fashion.pl\/\"},{\"@type\":\"ListItem\",\"position\":2,\"name\":\"Sklep\",\"item\":\"https:\/\/talia-fashion.pl\/sklep\/\"},{\"@type\":\"ListItem\",\"position\":3,\"name\":\"We\u0142niana kurtka be\u017cowa boxy \u015bredniej d\u0142ugo\u015bci Riva\"}]},{\"@type\":\"WebSite\",\"@id\":\"https:\/\/talia-fashion.pl\/#website\",\"url\":\"https:\/\/talia-fashion.pl\/\",\"name\":\"Talia Fashion\",\"description\":\"\",\"potentialAction\":[{\"@type\":\"SearchAction\",\"target\":{\"@type\":\"EntryPoint\",\"urlTemplate\":\"https:\/\/talia-fashion.pl\/?s={search_term_string}\"},\"query-input\":{\"@type\":\"PropertyValueSpecification\",\"valueRequired\":true,\"valueName\":\"search_term_string\"}}],\"inLanguage\":\"en-GB\"}]}<\/script>\n<!-- \/ Yoast SEO plugin. -->","yoast_head_json":{"title":"We\u0142niana kurtka be\u017cowa boxy \u015bredniej d\u0142ugo\u015bci Riva - Talia Fashion - handmade","description":"We\u0142niana kurtka be\u017cowa boxy \u015bredniej d\u0142ugo\u015bci Riva. Oversizowa kurtka dwurz\u0119dowa z obni\u017con\u0105 lini\u0105 ramion, z pi\u0119knym ko\u0142nierzem. Dodatkowo ocieplana.","robots":{"index":"index","follow":"follow","max-snippet":"max-snippet:-1","max-image-preview":"max-image-preview:large","max-video-preview":"max-video-preview:-1"},"canonical":"https:\/\/talia-fashion.pl\/en\/product\/welniana-kurtka-bezowa-boxy-sredniej-dlugosci-riva\/","og_locale":"en_GB","og_type":"article","og_title":"We\u0142niana kurtka be\u017cowa boxy \u015bredniej d\u0142ugo\u015bci Riva - Talia Fashion - handmade","og_description":"We\u0142niana kurtka be\u017cowa boxy \u015bredniej d\u0142ugo\u015bci Riva. Oversizowa kurtka dwurz\u0119dowa z obni\u017con\u0105 lini\u0105 ramion, z pi\u0119knym ko\u0142nierzem. Dodatkowo ocieplana.","og_url":"https:\/\/talia-fashion.pl\/en\/product\/welniana-kurtka-bezowa-boxy-sredniej-dlugosci-riva\/","og_site_name":"Talia Fashion","article_modified_time":"2026-03-03T13:41:57+00:00","og_image":[{"width":960,"height":1280,"url":"https:\/\/talia-fashion.pl\/wp-content\/uploads\/2024\/10\/welniana-kurtka-bezowa-boxy-srednia-dlugosc-zimowa-960x1280.jpg","type":"image\/jpeg"}],"twitter_card":"summary_large_image","twitter_misc":{"Estimated reading time":"4 minutes"},"schema":{"@context":"https:\/\/schema.org","@graph":[{"@type":"WebPage","@id":"https:\/\/talia-fashion.pl\/produkt\/welniana-kurtka-bezowa-boxy-sredniej-dlugosci-riva\/","url":"https:\/\/talia-fashion.pl\/produkt\/welniana-kurtka-bezowa-boxy-sredniej-dlugosci-riva\/","name":"We\u0142niana kurtka be\u017cowa boxy \u015bredniej d\u0142ugo\u015bci Riva - Talia Fashion - handmade","isPartOf":{"@id":"https:\/\/talia-fashion.pl\/#website"},"primaryImageOfPage":{"@id":"https:\/\/talia-fashion.pl\/produkt\/welniana-kurtka-bezowa-boxy-sredniej-dlugosci-riva\/#primaryimage"},"image":{"@id":"https:\/\/talia-fashion.pl\/produkt\/welniana-kurtka-bezowa-boxy-sredniej-dlugosci-riva\/#primaryimage"},"thumbnailUrl":"https:\/\/talia-fashion.pl\/wp-content\/uploads\/2024\/10\/welniana-kurtka-bezowa-boxy-srednia-dlugosc-zimowa.jpg","datePublished":"2024-09-07T10:23:47+00:00","dateModified":"2026-03-03T13:41:57+00:00","description":"We\u0142niana kurtka be\u017cowa boxy \u015bredniej d\u0142ugo\u015bci Riva. Oversizowa kurtka dwurz\u0119dowa z obni\u017con\u0105 lini\u0105 ramion, z pi\u0119knym ko\u0142nierzem. Dodatkowo ocieplana.","breadcrumb":{"@id":"https:\/\/talia-fashion.pl\/produkt\/welniana-kurtka-bezowa-boxy-sredniej-dlugosci-riva\/#breadcrumb"},"inLanguage":"en-GB","potentialAction":[{"@type":"ReadAction","target":["https:\/\/talia-fashion.pl\/produkt\/welniana-kurtka-bezowa-boxy-sredniej-dlugosci-riva\/"]}]},{"@type":"ImageObject","inLanguage":"en-GB","@id":"https:\/\/talia-fashion.pl\/produkt\/welniana-kurtka-bezowa-boxy-sredniej-dlugosci-riva\/#primaryimage","url":"https:\/\/talia-fashion.pl\/wp-content\/uploads\/2024\/10\/welniana-kurtka-bezowa-boxy-srednia-dlugosc-zimowa.jpg","contentUrl":"https:\/\/talia-fashion.pl\/wp-content\/uploads\/2024\/10\/welniana-kurtka-bezowa-boxy-srednia-dlugosc-zimowa.jpg","width":1500,"height":2000,"caption":"We\u0142niana kurtka be\u017cowa o kroju boxy \u015bredniej d\u0142ugo\u015bci w stylu hygge. Idealna na zim\u0119. Wygodna i pomie\u015bci wielowarstwowe stylizacje."},{"@type":"BreadcrumbList","@id":"https:\/\/talia-fashion.pl\/produkt\/welniana-kurtka-bezowa-boxy-sredniej-dlugosci-riva\/#breadcrumb","itemListElement":[{"@type":"ListItem","position":1,"name":"Strona g\u0142\u00f3wna","item":"https:\/\/talia-fashion.pl\/"},{"@type":"ListItem","position":2,"name":"Sklep","item":"https:\/\/talia-fashion.pl\/sklep\/"},{"@type":"ListItem","position":3,"name":"We\u0142niana kurtka be\u017cowa boxy \u015bredniej d\u0142ugo\u015bci Riva"}]},{"@type":"WebSite","@id":"https:\/\/talia-fashion.pl\/#website","url":"https:\/\/talia-fashion.pl\/","name":"Talia Fashion","description":"","potentialAction":[{"@type":"SearchAction","target":{"@type":"EntryPoint","urlTemplate":"https:\/\/talia-fashion.pl\/?s={search_term_string}"},"query-input":{"@type":"PropertyValueSpecification","valueRequired":true,"valueName":"search_term_string"}}],"inLanguage":"en-GB"}]}},"_links":{"self":[{"href":"https:\/\/talia-fashion.pl\/en\/wp-json\/wp\/v2\/product\/5508","targetHints":{"allow":["GET"]}}],"collection":[{"href":"https:\/\/talia-fashion.pl\/en\/wp-json\/wp\/v2\/product"}],"about":[{"href":"https:\/\/talia-fashion.pl\/en\/wp-json\/wp\/v2\/types\/product"}],"wp:featuredmedia":[{"embeddable":true,"href":"https:\/\/talia-fashion.pl\/en\/wp-json\/wp\/v2\/media\/924"}],"wp:attachment":[{"href":"https:\/\/talia-fashion.pl\/en\/wp-json\/wp\/v2\/media?parent=5508"}],"wp:term":[{"taxonomy":"product_cat","embeddable":true,"href":"https:\/\/talia-fashion.pl\/en\/wp-json\/wp\/v2\/product_cat?post=5508"},{"taxonomy":"product_tag","embeddable":true,"href":"https:\/\/talia-fashion.pl\/en\/wp-json\/wp\/v2\/product_tag?post=5508"}],"curies":[{"name":"wp","href":"https:\/\/api.w.org\/{rel}","templated":true}]}}