{"id":5499,"date":"2024-09-07T10:30:38","date_gmt":"2024-09-07T08:30:38","guid":{"rendered":"http:\/\/talia-fashion.pl\/produkt\/camelowy-dlugi-plaszcz-z-welny-wielbladziej-lana\/"},"modified":"2026-02-12T17:19:37","modified_gmt":"2026-02-12T16:19:37","slug":"camelowy-dlugi-plaszcz-z-welny-wielbladziej-lana","status":"publish","type":"product","link":"https:\/\/talia-fashion.pl\/en\/product\/camelowy-dlugi-plaszcz-z-welny-wielbladziej-lana\/","title":{"rendered":"Camel long camel wool coat by Lana"},"content":{"rendered":"<p><span lang=\"DE\">Camelowy d\u0142ugi p\u0142aszcz z we\u0142ny wielb\u0142\u0105dziej Lana to minimalistyczny i ikoniczny model, uszyty z przepi\u0119knej, mi\u0119kkiej tkaniny z kr\u00f3tkim w\u0142osem. Szlachetn\u0105 jako\u015b\u0107 materia\u0142u uwypukla naturalny, subtelny po\u0142ysk. Efekt delikatnej falistej struktury na tkaninie, przypominaj\u0105cej wz\u00f3r tworzony przez wiatr na wydmach lub na wodzie nazywa si\u0119 zibellino. Daje on wra\u017cenie tr\u00f3jwymiarowo\u015bci i stosowany jest na naturalnych tkaninach najwy\u017cszej jako\u015bci. Przody p\u0142aszcza zosta\u0142y dodatkowo podklejone bardzo delikatn\u0105 klejonk\u0105, stabilizuj\u0105ca w\u0142\u00f3kna, podkre\u015blaj\u0105c\u0105 w\u0142a\u015bciwo\u015bci tkaniny i luksusowy wygl\u0105d p\u0142aszcza. <\/span><span lang=\"DE\">P\u0142aszcz ma klasycznie wszywane r\u0119kawy oraz wyk\u0142adany ko\u0142nierz z klapami. Taliowany ty\u0142 z wyd\u0142u\u017caj\u0105cym sylwetk\u0119 rozporkiem, profilowany prz\u00f3d, dwurz\u0119dowe zapi\u0119cie na szylkretowe guziki. Dwie, boczne kieszenie zako\u0144czone listewk\u0105. I ca\u0142o\u015b\u0107 wi\u0105zana paskiem, uszytym z tego samego materia\u0142u. D\u0142ugo\u015b\u0107 do po\u0142owy \u0142ydki. P\u0142aszcz w ca\u0142o\u015bci ocieplany, w\u0142\u0105cznie z r\u0119kawami. <\/span>Pasek \u015bwietnie zbuduje tali\u0119 a podniesiony ko\u0142nierz ochroni przed wiatrem. We\u0142niana tkanina zapewni optymalny komfort termiczny, chroni\u0105c przed ch\u0142odem i wilgoci\u0105. Doskona\u0142a propozycja na zim\u0119.<\/p>\n<p>Zachwy\u0107 si\u0119 jako\u015bci\u0105 wykonania, ciep\u0142em i mi\u0119kko\u015bci\u0105. Dopieszczony w ka\u017cdym detalu. W tym p\u0142aszczu nawet podszewka przykuwa wzrok &#8211; l\u015bni\u0105ca, mi\u0119sista i oddychaj\u0105ca. <span lang=\"DE\">Camelowy d\u0142ugi p\u0142aszcz z we\u0142ny wielb\u0142\u0105dziej Lana to inwestycja na lata &#8211; jego ponadczasowy wygl\u0105d i uniwersalno\u015b\u0107 sprawiaj\u0105, \u017ce nigdy nie wyjdzie z mody. Efekt wow murowany, niewa\u017cne czy b\u0119dzie to rodzinna uroczysto\u015b\u0107, biznesowe spotkanie czy codzienne wyj\u015bcie.<br \/>\n<\/span><\/p>\n<p>The model is 172cm tall and a size S.<\/p>\n<p>Available colours<span lang=\"DE\">: karmelowe whisky<br \/>\n<\/span><\/p>\n<p><span lang=\"DE\">Available sizes: XS, S, M, L, XL<\/span><\/p>\n<p><span lang=\"DE\">Indicative dimensions:<\/span><\/p>\n<p><span lang=\"DE\">XS - bust: 86-88 \/ hips 94-96 \/ length: 120 \/ sleeve 61<br \/>\nS - bust: 90-92 \/ hips: 98-100 \/ length: 121 \/ sleeve: 62<br \/>\nM - bust: 94-96 \/ hips: 102-104 \/ length: 122\/ sleeve: 62<br \/>\nL - bust: 98-100 \/ hips: 106-108 \/ length: 122 \/ sleeve: 63<br \/>\nXL - bust: 104-106 \/ hips: 112-114 \/ length: 122 \/ sleeve: 64<\/span><\/p>\n<p><span lang=\"DE\">If you are unsure of your size selection, please contact us.<\/span><\/p>\n<p><span lang=\"DE\">Materia\u0142: 100% we\u0142na wielb\u0142\u0105dzia<\/span><span lang=\"DE\"><br \/>\n<\/span><\/p>\n<p>L\u015bni\u0105ca podszewka: 100% acetat<\/p>\n<p>Like viscose, acetate is produced from cellulose. Acetate yarn can also be made from recycled cellulose such as paper. The acetate lining is excellent at absorbing moisture and allowing air to pass through, so it provides thermal comfort and wears well. It is coated with an antistatic apprette and is OEKOtex\u00ae Standard 100 certified.<br \/>\nInsulation: 100% non-woven recycled polyester<br \/>\nOur coats are insulated with a compressed thermo-insulating quilted fleece on the lining. The fleece is made from recycled polyester fibres. The material is lightweight, thin and at the same time perfectly insulating. The insulating fleece we use is resistant to moisture (it retains its insulating properties and warming effect even in damp conditions), stops the wind, is hypoallergenic and breathable. It is OEKOtex\u00ae Standard 100 certified.<\/p>\n<p><span lang=\"DE\">Camelowy d\u0142ugi p\u0142aszcz z we\u0142ny wielb\u0142\u0105dziej Lana zaprojektowali\u015bmy i uszyli\u015bmy w naszej rodzinnej pracowni, tradycyjnymi, pracoch\u0142onnymi metodami i mn\u00f3stwem w\u0142o\u017conego serca, a jednocze\u015bnie w spos\u00f3b przyjazny \u015brodowisku.<br \/>\n<\/span><\/p>\n<p><strong>Individual order - <\/strong>Some modifications can be made at the client's request: shortening, lengthening of the sleeve, shortening and lengthening of the coat. Cost to be determined individually, after prior contact.<\/p>\n<p><strong>An individual order is not subject to exchange or refund.<\/strong><\/p>\n<p><span lang=\"DE\">The lead time depends on the current stock in the atelier and the availability of a given colour of material. If the given coat is available in the atelier, the order will be realised very quickly within 2-5 working days. If it is necessary to sew the coat or to individualise the order according to the customer's specifications - making alterations or sewing a new coat - the lead time may be extended, up to a maximum of 2 weeks.<\/span><\/p>\n<p>The coat should be dry-cleaned. For frequent refreshing of the coat we recommend the following <a href=\"https:\/\/talia-fashion.pl\/en\/product\/szczotka-do-czyszczenia-i-pielegnacji-plaszcza\/\">Brush for cleaning and care of the coat<\/a>which can be purchased in our shop.  We also encourage you to read our advice on proper care: <a href=\"https:\/\/talia-fashion.pl\/en\/jak-pielegnowac-i-dbac-o-plaszcz\/\">How to care for and maintain coats? \u00a0<\/a>To keep jackets and coats clean, it is often enough to air them regularly and clean them with a dedicated brush. The process is gentler on the fabrics and avoids using water and energy. Remember that by taking care of your clothes you are protecting our environment.<\/p>\n<p>Please be patient, we need to sew this coat for you.<\/p>\n<p>We encourage you to like our fanpage on\u00a0<a href=\"https:\/\/www.facebook.com\/talia.plaszcze\">Facebook<\/a>\u00a0i\u00a0<a href=\"https:\/\/www.instagram.com\/talia_plaszcze\/\">Instagram<\/a><\/p>","protected":false},"excerpt":{"rendered":"<p>Camelowy d\u0142ugi p\u0142aszcz z we\u0142ny wielb\u0142\u0105dziej Lana to minimalistyczny i ikoniczny model, uszyty z przepi\u0119knej, mi\u0119kkiej tkaniny z kr\u00f3tkim w\u0142osem. Szlachetn\u0105 jako\u015b\u0107&hellip;<\/p>","protected":false},"featured_media":920,"template":"","meta":{"_acf_changed":false},"product_cat":[31,36],"product_tag":[89,78,119,32,34,121,41,81,42,67,109,43,44,47,75,122,86,123,124,138,125,69,60,87,53,270,271,63,88,126,272],"class_list":{"0":"post-5499","1":"product","2":"type-product","3":"status-publish","4":"has-post-thumbnail","6":"product_cat-nowosci","7":"product_cat-plaszcze-dluzsze","8":"product_tag-cieply","9":"product_tag-dla-roznych-sylwetek","10":"product_tag-dlugi-plaszcz-zimowy","11":"product_tag-dopasowany-kroj","12":"product_tag-handmade","13":"product_tag-materialy-przyjazne-dla-srodowiska","14":"product_tag-na-podszewce","15":"product_tag-naturalne-materialy","16":"product_tag-nowosc","17":"product_tag-ocieplany","18":"product_tag-plaszcz-camel","19":"product_tag-plaszcz-damski","20":"product_tag-plaszcz-damski-dlugi","21":"product_tag-plaszcz-na-guziki","22":"product_tag-plaszcz-ocieplany","23":"product_tag-plaszcz-szlafrokowy","24":"product_tag-plaszcz-zimowy-ocieplany","25":"product_tag-plaszcze-damskie","26":"product_tag-polska-marka","27":"product_tag-polski-produkt","28":"product_tag-polskie-rzemioslo","29":"product_tag-prochowiec","30":"product_tag-producent-plaszczy-damskich","31":"product_tag-produkt-premium","32":"product_tag-welna","33":"product_tag-welna-jagnieca","34":"product_tag-welna-wielbladzia","35":"product_tag-welniany","36":"product_tag-wiazany","37":"product_tag-wysoka-jakosc","38":"product_tag-zibellino","40":"first","41":"instock","42":"shipping-taxable","43":"purchasable","44":"product-type-variable","45":"has-default-attributes"},"acf":[],"yoast_head":"<!-- This site is optimized with the Yoast SEO plugin v25.7 - https:\/\/yoast.com\/wordpress\/plugins\/seo\/ -->\n<title>Camelowy d\u0142ugi p\u0142aszcz z we\u0142ny wielb\u0142\u0105dziej Lana - Talia Fashion - p\u0142aszcz zimowy<\/title>\n<meta name=\"description\" content=\"Camelowy d\u0142ugi p\u0142aszcz z we\u0142ny wielb\u0142\u0105dziej - minimalistyczny kr\u00f3j i uniwersalny kolor. \u015awietne po\u0142\u0105czenie elegancji, komfortu i wysokiej jako\u015bci tkaniny.\" \/>\n<meta name=\"robots\" content=\"index, follow, max-snippet:-1, max-image-preview:large, max-video-preview:-1\" \/>\n<link rel=\"canonical\" href=\"https:\/\/talia-fashion.pl\/en\/product\/camelowy-dlugi-plaszcz-z-welny-wielbladziej-lana\/\" \/>\n<meta property=\"og:locale\" content=\"en_GB\" \/>\n<meta property=\"og:type\" content=\"article\" \/>\n<meta property=\"og:title\" content=\"Camelowy d\u0142ugi p\u0142aszcz z we\u0142ny wielb\u0142\u0105dziej Lana - Talia Fashion - p\u0142aszcz zimowy\" \/>\n<meta property=\"og:description\" content=\"Camelowy d\u0142ugi p\u0142aszcz z we\u0142ny wielb\u0142\u0105dziej - minimalistyczny kr\u00f3j i uniwersalny kolor. \u015awietne po\u0142\u0105czenie elegancji, komfortu i wysokiej jako\u015bci tkaniny.\" \/>\n<meta property=\"og:url\" content=\"https:\/\/talia-fashion.pl\/en\/product\/camelowy-dlugi-plaszcz-z-welny-wielbladziej-lana\/\" \/>\n<meta property=\"og:site_name\" content=\"Talia Fashion\" \/>\n<meta property=\"article:modified_time\" content=\"2026-02-12T16:19:37+00:00\" \/>\n<meta property=\"og:image\" content=\"https:\/\/talia-fashion.pl\/wp-content\/uploads\/2024\/10\/camelowy-dlugi-plaszcz-welna-wielbladzia-zimowy-wiazany-960x1280.jpg\" \/>\n\t<meta property=\"og:image:width\" content=\"960\" \/>\n\t<meta property=\"og:image:height\" content=\"1280\" \/>\n\t<meta property=\"og:image:type\" content=\"image\/jpeg\" \/>\n<meta name=\"twitter:card\" content=\"summary_large_image\" \/>\n<meta name=\"twitter:label1\" content=\"Estimated reading time\" \/>\n\t<meta name=\"twitter:data1\" content=\"3 minutes\" \/>\n<script type=\"application\/ld+json\" class=\"yoast-schema-graph\">{\"@context\":\"https:\/\/schema.org\",\"@graph\":[{\"@type\":\"WebPage\",\"@id\":\"https:\/\/talia-fashion.pl\/produkt\/camelowy-dlugi-plaszcz-z-welny-wielbladziej-lana\/\",\"url\":\"https:\/\/talia-fashion.pl\/produkt\/camelowy-dlugi-plaszcz-z-welny-wielbladziej-lana\/\",\"name\":\"Camelowy d\u0142ugi p\u0142aszcz z we\u0142ny wielb\u0142\u0105dziej Lana - Talia Fashion - p\u0142aszcz zimowy\",\"isPartOf\":{\"@id\":\"https:\/\/talia-fashion.pl\/#website\"},\"primaryImageOfPage\":{\"@id\":\"https:\/\/talia-fashion.pl\/produkt\/camelowy-dlugi-plaszcz-z-welny-wielbladziej-lana\/#primaryimage\"},\"image\":{\"@id\":\"https:\/\/talia-fashion.pl\/produkt\/camelowy-dlugi-plaszcz-z-welny-wielbladziej-lana\/#primaryimage\"},\"thumbnailUrl\":\"https:\/\/talia-fashion.pl\/wp-content\/uploads\/2024\/10\/camelowy-dlugi-plaszcz-welna-wielbladzia-zimowy-wiazany.jpg\",\"datePublished\":\"2024-09-07T08:30:38+00:00\",\"dateModified\":\"2026-02-12T16:19:37+00:00\",\"description\":\"Camelowy d\u0142ugi p\u0142aszcz z we\u0142ny wielb\u0142\u0105dziej - minimalistyczny kr\u00f3j i uniwersalny kolor. \u015awietne po\u0142\u0105czenie elegancji, komfortu i wysokiej jako\u015bci tkaniny.\",\"breadcrumb\":{\"@id\":\"https:\/\/talia-fashion.pl\/produkt\/camelowy-dlugi-plaszcz-z-welny-wielbladziej-lana\/#breadcrumb\"},\"inLanguage\":\"en-GB\",\"potentialAction\":[{\"@type\":\"ReadAction\",\"target\":[\"https:\/\/talia-fashion.pl\/produkt\/camelowy-dlugi-plaszcz-z-welny-wielbladziej-lana\/\"]}]},{\"@type\":\"ImageObject\",\"inLanguage\":\"en-GB\",\"@id\":\"https:\/\/talia-fashion.pl\/produkt\/camelowy-dlugi-plaszcz-z-welny-wielbladziej-lana\/#primaryimage\",\"url\":\"https:\/\/talia-fashion.pl\/wp-content\/uploads\/2024\/10\/camelowy-dlugi-plaszcz-welna-wielbladzia-zimowy-wiazany.jpg\",\"contentUrl\":\"https:\/\/talia-fashion.pl\/wp-content\/uploads\/2024\/10\/camelowy-dlugi-plaszcz-welna-wielbladzia-zimowy-wiazany.jpg\",\"width\":1500,\"height\":2000,\"caption\":\"Camelowy d\u0142ugi p\u0142aszcz z we\u0142ny wielb\u0142\u0105dziej o szlafrokowym kroju. Wi\u0105zany w pasie, zapinany na guziki. Uszyty z szlachetnej tkaniny o falistej strukturze, efekt zibellino.\"},{\"@type\":\"BreadcrumbList\",\"@id\":\"https:\/\/talia-fashion.pl\/produkt\/camelowy-dlugi-plaszcz-z-welny-wielbladziej-lana\/#breadcrumb\",\"itemListElement\":[{\"@type\":\"ListItem\",\"position\":1,\"name\":\"Strona g\u0142\u00f3wna\",\"item\":\"https:\/\/talia-fashion.pl\/\"},{\"@type\":\"ListItem\",\"position\":2,\"name\":\"Sklep\",\"item\":\"https:\/\/talia-fashion.pl\/sklep\/\"},{\"@type\":\"ListItem\",\"position\":3,\"name\":\"Camelowy d\u0142ugi p\u0142aszcz z we\u0142ny wielb\u0142\u0105dziej Lana\"}]},{\"@type\":\"WebSite\",\"@id\":\"https:\/\/talia-fashion.pl\/#website\",\"url\":\"https:\/\/talia-fashion.pl\/\",\"name\":\"Talia Fashion\",\"description\":\"\",\"potentialAction\":[{\"@type\":\"SearchAction\",\"target\":{\"@type\":\"EntryPoint\",\"urlTemplate\":\"https:\/\/talia-fashion.pl\/?s={search_term_string}\"},\"query-input\":{\"@type\":\"PropertyValueSpecification\",\"valueRequired\":true,\"valueName\":\"search_term_string\"}}],\"inLanguage\":\"en-GB\"}]}<\/script>\n<!-- \/ Yoast SEO plugin. -->","yoast_head_json":{"title":"Camelowy d\u0142ugi p\u0142aszcz z we\u0142ny wielb\u0142\u0105dziej Lana - Talia Fashion - p\u0142aszcz zimowy","description":"Camelowy d\u0142ugi p\u0142aszcz z we\u0142ny wielb\u0142\u0105dziej - minimalistyczny kr\u00f3j i uniwersalny kolor. \u015awietne po\u0142\u0105czenie elegancji, komfortu i wysokiej jako\u015bci tkaniny.","robots":{"index":"index","follow":"follow","max-snippet":"max-snippet:-1","max-image-preview":"max-image-preview:large","max-video-preview":"max-video-preview:-1"},"canonical":"https:\/\/talia-fashion.pl\/en\/product\/camelowy-dlugi-plaszcz-z-welny-wielbladziej-lana\/","og_locale":"en_GB","og_type":"article","og_title":"Camelowy d\u0142ugi p\u0142aszcz z we\u0142ny wielb\u0142\u0105dziej Lana - Talia Fashion - p\u0142aszcz zimowy","og_description":"Camelowy d\u0142ugi p\u0142aszcz z we\u0142ny wielb\u0142\u0105dziej - minimalistyczny kr\u00f3j i uniwersalny kolor. \u015awietne po\u0142\u0105czenie elegancji, komfortu i wysokiej jako\u015bci tkaniny.","og_url":"https:\/\/talia-fashion.pl\/en\/product\/camelowy-dlugi-plaszcz-z-welny-wielbladziej-lana\/","og_site_name":"Talia Fashion","article_modified_time":"2026-02-12T16:19:37+00:00","og_image":[{"width":960,"height":1280,"url":"https:\/\/talia-fashion.pl\/wp-content\/uploads\/2024\/10\/camelowy-dlugi-plaszcz-welna-wielbladzia-zimowy-wiazany-960x1280.jpg","type":"image\/jpeg"}],"twitter_card":"summary_large_image","twitter_misc":{"Estimated reading time":"3 minutes"},"schema":{"@context":"https:\/\/schema.org","@graph":[{"@type":"WebPage","@id":"https:\/\/talia-fashion.pl\/produkt\/camelowy-dlugi-plaszcz-z-welny-wielbladziej-lana\/","url":"https:\/\/talia-fashion.pl\/produkt\/camelowy-dlugi-plaszcz-z-welny-wielbladziej-lana\/","name":"Camelowy d\u0142ugi p\u0142aszcz z we\u0142ny wielb\u0142\u0105dziej Lana - Talia Fashion - p\u0142aszcz zimowy","isPartOf":{"@id":"https:\/\/talia-fashion.pl\/#website"},"primaryImageOfPage":{"@id":"https:\/\/talia-fashion.pl\/produkt\/camelowy-dlugi-plaszcz-z-welny-wielbladziej-lana\/#primaryimage"},"image":{"@id":"https:\/\/talia-fashion.pl\/produkt\/camelowy-dlugi-plaszcz-z-welny-wielbladziej-lana\/#primaryimage"},"thumbnailUrl":"https:\/\/talia-fashion.pl\/wp-content\/uploads\/2024\/10\/camelowy-dlugi-plaszcz-welna-wielbladzia-zimowy-wiazany.jpg","datePublished":"2024-09-07T08:30:38+00:00","dateModified":"2026-02-12T16:19:37+00:00","description":"Camelowy d\u0142ugi p\u0142aszcz z we\u0142ny wielb\u0142\u0105dziej - minimalistyczny kr\u00f3j i uniwersalny kolor. \u015awietne po\u0142\u0105czenie elegancji, komfortu i wysokiej jako\u015bci tkaniny.","breadcrumb":{"@id":"https:\/\/talia-fashion.pl\/produkt\/camelowy-dlugi-plaszcz-z-welny-wielbladziej-lana\/#breadcrumb"},"inLanguage":"en-GB","potentialAction":[{"@type":"ReadAction","target":["https:\/\/talia-fashion.pl\/produkt\/camelowy-dlugi-plaszcz-z-welny-wielbladziej-lana\/"]}]},{"@type":"ImageObject","inLanguage":"en-GB","@id":"https:\/\/talia-fashion.pl\/produkt\/camelowy-dlugi-plaszcz-z-welny-wielbladziej-lana\/#primaryimage","url":"https:\/\/talia-fashion.pl\/wp-content\/uploads\/2024\/10\/camelowy-dlugi-plaszcz-welna-wielbladzia-zimowy-wiazany.jpg","contentUrl":"https:\/\/talia-fashion.pl\/wp-content\/uploads\/2024\/10\/camelowy-dlugi-plaszcz-welna-wielbladzia-zimowy-wiazany.jpg","width":1500,"height":2000,"caption":"Camelowy d\u0142ugi p\u0142aszcz z we\u0142ny wielb\u0142\u0105dziej o szlafrokowym kroju. Wi\u0105zany w pasie, zapinany na guziki. Uszyty z szlachetnej tkaniny o falistej strukturze, efekt zibellino."},{"@type":"BreadcrumbList","@id":"https:\/\/talia-fashion.pl\/produkt\/camelowy-dlugi-plaszcz-z-welny-wielbladziej-lana\/#breadcrumb","itemListElement":[{"@type":"ListItem","position":1,"name":"Strona g\u0142\u00f3wna","item":"https:\/\/talia-fashion.pl\/"},{"@type":"ListItem","position":2,"name":"Sklep","item":"https:\/\/talia-fashion.pl\/sklep\/"},{"@type":"ListItem","position":3,"name":"Camelowy d\u0142ugi p\u0142aszcz z we\u0142ny wielb\u0142\u0105dziej Lana"}]},{"@type":"WebSite","@id":"https:\/\/talia-fashion.pl\/#website","url":"https:\/\/talia-fashion.pl\/","name":"Talia Fashion","description":"","potentialAction":[{"@type":"SearchAction","target":{"@type":"EntryPoint","urlTemplate":"https:\/\/talia-fashion.pl\/?s={search_term_string}"},"query-input":{"@type":"PropertyValueSpecification","valueRequired":true,"valueName":"search_term_string"}}],"inLanguage":"en-GB"}]}},"_links":{"self":[{"href":"https:\/\/talia-fashion.pl\/en\/wp-json\/wp\/v2\/product\/5499","targetHints":{"allow":["GET"]}}],"collection":[{"href":"https:\/\/talia-fashion.pl\/en\/wp-json\/wp\/v2\/product"}],"about":[{"href":"https:\/\/talia-fashion.pl\/en\/wp-json\/wp\/v2\/types\/product"}],"wp:featuredmedia":[{"embeddable":true,"href":"https:\/\/talia-fashion.pl\/en\/wp-json\/wp\/v2\/media\/920"}],"wp:attachment":[{"href":"https:\/\/talia-fashion.pl\/en\/wp-json\/wp\/v2\/media?parent=5499"}],"wp:term":[{"taxonomy":"product_cat","embeddable":true,"href":"https:\/\/talia-fashion.pl\/en\/wp-json\/wp\/v2\/product_cat?post=5499"},{"taxonomy":"product_tag","embeddable":true,"href":"https:\/\/talia-fashion.pl\/en\/wp-json\/wp\/v2\/product_tag?post=5499"}],"curies":[{"name":"wp","href":"https:\/\/api.w.org\/{rel}","templated":true}]}}