{"id":5407,"date":"2024-03-05T06:01:26","date_gmt":"2024-03-05T05:01:26","guid":{"rendered":"http:\/\/talia-fashion.pl\/produkt\/plaszcz-z-bawelnianej-mieszanki-w-jodelke-melody\/"},"modified":"2026-04-13T12:31:41","modified_gmt":"2026-04-13T10:31:41","slug":"plaszcz-z-bawelnianej-mieszanki-w-jodelke-melody","status":"publish","type":"product","link":"https:\/\/talia-fashion.pl\/en\/product\/plaszcz-z-bawelnianej-mieszanki-w-jodelke-melody\/","title":{"rendered":"Melody cotton blend herringbone coat"},"content":{"rendered":"<p><span lang=\"DE\">Melody cotton blend herringbone coat <\/span><span lang=\"DE\">to nasza najnowsza propozycja na przej\u015bciowe pory roku. \u015awietna alternatywa dla klasycznego trencza damskiego. Pokochaj\u0105 go szczeg\u00f3lnie osoby, kt\u00f3re ceni\u0105 prost\u0105 lini\u0119, oszcz\u0119dno\u015b\u0107 w ozdoby i \u0142atwo\u015b\u0107 noszenia. <\/span><span lang=\"DE\"> Uszyli\u015bmy go z mi\u0119kkiego materia\u0142u z bardzo dobrej jako\u015bci mieszanki bawe\u0142nianej. Ca\u0142o\u015b\u0107 wyko\u0144czona acetatow\u0105 podszewk\u0105. Jednorz\u0119dowe zapi\u0119cie (zapinany na jeden guzik, drugi pe\u0142ni funkcj\u0119 ozdoby), idealnie skrojony ko\u0142nierz oraz d\u0142ugo\u015b\u0107 w kolano i wz\u00f3r w jode\u0142k\u0119 sprawiaj\u0105, \u017ce ca\u0142o\u015b\u0107 nabiera ponadczasowego charakteru.<br \/>\n<\/span><\/p>\n<p><span lang=\"DE\">P\u0142aszcz ma dopasowany ty\u0142 i profilowany prz\u00f3d, dzi\u0119ki czemu p\u0142aszczyk jest bardzo wygodny i cho\u0107 dopasowany, nie opina sylwetki. Wi\u0105zany. Pasek wykonany z tej samej tkaniny dodatkowo podkre\u015bla tali\u0119. Dwie boczne kieszenie wyko\u0144czone ozdobn\u0105 listw\u0105 dodaj\u0105 praktyczno\u015bci. Bez rozporka. P\u0142aszczyk zaprojektowali\u015bmy tak, by dodawa\u0142 szyku i elegancji, a przy niewielkim wysi\u0142ku (dodaniu np. T-shirta czy sportowej bluzy z kapturem) przechodzi\u0142 ca\u0142kowit\u0105 metamorfoz\u0119 i sprawdza\u0142 si\u0119 w codziennych stylizacjach.\u00a0 <\/span><\/p>\n<p><span lang=\"DE\">Z uwagi na ciekawy wz\u00f3r materia\u0142u p\u0142aszcz zdecydowanie urozmaici Twoj\u0105 garderob\u0119. Doskonale odnajdzie si\u0119 r\u00f3wnie\u017c w\u00a0 monochromatycznych i wielowarstwowych stylizacjach np. do biura. Dla bardziej odwa\u017cnych polecam po\u0142\u0105czy\u0107 go z dodatkami o zdecydowanych kolorach np. fuksjowym kapeluszem, kobaltow\u0105 chust\u0105 czy kamelow\u0105, sk\u00f3rzan\u0105 torebk\u0105.<br \/>\n<\/span><\/p>\n<p><span lang=\"DE\">Zdj\u0119cie rzeczywiste \u2013 jode\u0142ka czarno-bia\u0142a drobna<\/span><\/p>\n<p>Available colours<span lang=\"DE\">: jode\u0142ka czarno-bia\u0142a drobna, jode\u0142ka pudrowa (ostatnie zdj\u0119cie)<br \/>\n<\/span><\/p>\n<p><span lang=\"DE\">Other colours are shown on other coat models and in the <a href=\"https:\/\/talia-fashion.pl\/en\/paleta-kolorow\/\">Colour palette<\/a>. If in doubt, we will be happy to help.\u00a0<\/span><\/p>\n<p><span lang=\"DE\">Available sizes: XS, S, M, L, XL<\/span><\/p>\n<p>The model is 172cm and a size S.<\/p>\n<p><span lang=\"DE\">Indicative dimensions:<\/span><\/p>\n<p><span lang=\"DE\">XS - bust: 86-88 \/ hips 94-96 \/ length: 97 \/ shoulder width 34.5-35 \/ sleeve 61<br \/>\nS - bust: 90-92 \/ hips: 98-100 \/ length: 98 \/ shoulder width 35.5-36 \/ sleeve: 62<br \/>\nM - bust: 94-96 \/ hips: 102-104 \/ length: 98 \/ shoulder width 37-37.5 \/ sleeve: 62<br \/>\nL - bust: 98-100 \/ hips: 106-108 \/ length: 98 \/ shoulder width 39.5-40 \/ sleeve: 63<br \/>\nXL - bust: 104-106 \/ hips: 112-114 \/ length: 98 \/ shoulder width 42-42.5 \/ sleeve: 64<\/span><\/p>\n<p>We encourage you to read our advice on choosing the right size (\u00a0<a href=\"https:\/\/talia-fashion.pl\/en\/jak-dobrac-rozmiar\/\">How to choose a size?<\/a>\u00a0) and the cut of the coat (\u00a0<a href=\"https:\/\/talia-fashion.pl\/en\/jak-dobrac-plaszcz-do-sylwetki\/\">How do you choose a coat to suit your figure?<\/a>\u00a0).  If in doubt, please contact us.<\/p>\n<p><span lang=\"DE\">Material: 7<\/span><span lang=\"DE\">0% bawe\u0142na, 20% poliester, 10% wiskoza<br \/>\n<\/span><\/p>\n<p>Lining: 100% acetate<\/p>\n<p>Like viscose, acetate is produced from cellulose. Acetate yarn can also be made from recycled cellulose such as paper. The acetate lining is excellent at absorbing moisture and permeable to air. It is coated with an antistatic apprettee and is OEKOtex\u00ae Standard 100 certified. It ideally provides thermal comfort and is comfortable to wear.<\/p>\n<p><span lang=\"DE\">P\u0142aszcz z bawe\u0142nianej mieszanki w jode\u0142k\u0119 Melody zaprojektowali\u015bmy maj\u0105c na uwadze\u00a0 zar\u00f3wno wygod\u0119, jak i estetyk\u0119. Dla nas najwa\u017cne jest by\u015bcie czu\u0142y si\u0119 pi\u0119knie i komfortowo. P\u0142aszcz uszyli\u015bmy w naszej rodzinnej pracowni w Poznaniu, tradycyjnymi, pracoch\u0142onnymi metodami i mn\u00f3stwem w\u0142o\u017conego serca, a jednocze\u015bnie w spos\u00f3b przyjazny \u015brodowisku. Ka\u017cdy element p\u0142aszcza zosta\u0142 przez nas przemy\u015blany i dopieszczony, tak by zachwyca\u0142 jako\u015bci\u0105. Dzi\u0119ki r\u0119cznemu procesowi powstawania p\u0142aszcza, jeste\u015bmy w stanie precyzyjnie dopasowa\u0107 wz\u00f3r materia\u0142u w ka\u017cdym elemencie p\u0142aszcza i jednocze\u015bnie tak u\u0142o\u017cy\u0107 wykr\u00f3j, by powsta\u0142 jak najmniejszy odpad, minimalizuj\u0105c tym samym negatywny wp\u0142yw na \u015brodowisko i dostarczaj\u0105c Wam p\u0142aszcz najwy\u017cszej jako\u015bci. <\/span><\/p>\n<p><strong>Individual order - <\/strong>Some modifications can be made at the client's request: shortening, lengthening of the sleeve, shortening and lengthening of the coat. Cost to be determined individually, after prior contact.<\/p>\n<p><strong>An individual order is not subject to exchange or refund.<\/strong><\/p>\n<p><span lang=\"DE\">Melody cotton blend herringbone coat<\/span> should be dry-cleaned. For regular refreshing of the coat we recommend the following <a href=\"https:\/\/talia-fashion.pl\/en\/product\/szczotka-do-czyszczenia-i-pielegnacji-plaszcza\/\">Brush for cleaning and care<\/a>, which can be purchased in our shop. How to simply look after your coat and enjoy it for years to come is explained in our short guide: <a href=\"https:\/\/talia-fashion.pl\/en\/jak-pielegnowac-i-dbac-o-plaszcz\/\">How to nurture and care for the coat?<\/a> Proper care of garments not only prolongs their lifespan but also contributes to environmental protection.<\/p>\n<p><span lang=\"DE\">The lead time depends on the current stock in the atelier and the availability of the given fabric colour. If the given coat is available in the atelier, the order will be realised within 2-5 working days. If it is necessary to sew the coat or individualise the order - making alterations or sewing a new coat according to the customer's specifications - the order processing time may be extended, up to a maximum of 2 weeks.<\/span><\/p>\n<p>We avoid overproduction and do not sew for stock, so we have to sew this coat for you. And although we try to process orders quickly, sewing a coat takes time and precision. Thank you for supporting Polish craftsmanship.<\/p>\n<p>We encourage you to like our <a href=\"https:\/\/www.instagram.com\/talia_plaszcze\/\">Fanpage on Instagram<\/a>.<\/p>","protected":false},"excerpt":{"rendered":"<p>P\u0142aszcz z bawe\u0142nianej mieszanki w jode\u0142k\u0119 Melody to nasza najnowsza propozycja na przej\u015bciowe pory roku. \u015awietna alternatywa dla klasycznego trencza damskiego. Pokochaj\u0105&hellip;<\/p>","protected":false},"featured_media":913,"template":"","meta":{"_acf_changed":false},"product_cat":[55],"product_tag":[163,89,78,32,176,34,39,41,43,68,96,181,85,49,50,125,69,60,177,262,263,97,53,88],"class_list":{"0":"post-5407","1":"product","2":"type-product","3":"status-publish","4":"has-post-thumbnail","6":"product_cat-plaszcze-krotsze","7":"product_tag-bezowy-plaszcz","8":"product_tag-cieply","9":"product_tag-dla-roznych-sylwetek","10":"product_tag-dopasowany-kroj","11":"product_tag-flausz","12":"product_tag-handmade","13":"product_tag-klasyczny","14":"product_tag-na-podszewce","15":"product_tag-plaszcz-damski","16":"product_tag-plaszcz-jesienny","17":"product_tag-plaszcz-na-chlodne-dni","18":"product_tag-plaszcz-w-jodelke","19":"product_tag-plaszcz-welniany","20":"product_tag-plaszcz-wiosenny","21":"product_tag-plaszcz-z-rewersem","22":"product_tag-polskie-rzemioslo","23":"product_tag-prochowiec","24":"product_tag-producent-plaszczy-damskich","25":"product_tag-szlafrokowy-kroj","26":"product_tag-taliowany","27":"product_tag-taliowany-plaszcz","28":"product_tag-trencz","29":"product_tag-welna","30":"product_tag-wiazany","32":"first","33":"instock","34":"shipping-taxable","35":"purchasable","36":"product-type-variable","37":"has-default-attributes"},"acf":[],"yoast_head":"<!-- This site is optimized with the Yoast SEO plugin v25.7 - https:\/\/yoast.com\/wordpress\/plugins\/seo\/ -->\n<title>P\u0142aszcz z bawe\u0142nianej mieszanki w jode\u0142k\u0119 Melody - Talia Fashion - p\u0142aszcz damski<\/title>\n<meta name=\"description\" content=\"P\u0142aszcz z bawe\u0142nianej mieszanki w jode\u0142k\u0119 to stylowy i funkcjonalny p\u0142aszcz. Polskie rzemios\u0142o, ponadczasowy kr\u00f3j i wz\u00f3r. \u015awietna alternatywa dla trencza.\" \/>\n<meta name=\"robots\" content=\"index, follow, max-snippet:-1, max-image-preview:large, max-video-preview:-1\" \/>\n<link rel=\"canonical\" href=\"https:\/\/talia-fashion.pl\/en\/product\/plaszcz-z-bawelnianej-mieszanki-w-jodelke-melody\/\" \/>\n<meta property=\"og:locale\" content=\"en_GB\" \/>\n<meta property=\"og:type\" content=\"article\" \/>\n<meta property=\"og:title\" content=\"P\u0142aszcz z bawe\u0142nianej mieszanki w jode\u0142k\u0119 Melody - Talia Fashion - p\u0142aszcz damski\" \/>\n<meta property=\"og:description\" content=\"P\u0142aszcz z bawe\u0142nianej mieszanki w jode\u0142k\u0119 to stylowy i funkcjonalny p\u0142aszcz. Polskie rzemios\u0142o, ponadczasowy kr\u00f3j i wz\u00f3r. \u015awietna alternatywa dla trencza.\" \/>\n<meta property=\"og:url\" content=\"https:\/\/talia-fashion.pl\/en\/product\/plaszcz-z-bawelnianej-mieszanki-w-jodelke-melody\/\" \/>\n<meta property=\"og:site_name\" content=\"Talia Fashion\" \/>\n<meta property=\"article:modified_time\" content=\"2026-04-13T10:31:41+00:00\" \/>\n<meta property=\"og:image\" content=\"https:\/\/talia-fashion.pl\/wp-content\/uploads\/2024\/10\/plaszcz_damski_taliowany_bawelniany_jodelka_przejsciowy.jpg\" \/>\n\t<meta property=\"og:image:width\" content=\"1500\" \/>\n\t<meta property=\"og:image:height\" content=\"2000\" \/>\n\t<meta property=\"og:image:type\" content=\"image\/jpeg\" \/>\n<meta name=\"twitter:card\" content=\"summary_large_image\" \/>\n<meta name=\"twitter:label1\" content=\"Estimated reading time\" \/>\n\t<meta name=\"twitter:data1\" content=\"4 minutes\" \/>\n<script type=\"application\/ld+json\" class=\"yoast-schema-graph\">{\"@context\":\"https:\/\/schema.org\",\"@graph\":[{\"@type\":\"WebPage\",\"@id\":\"https:\/\/talia-fashion.pl\/produkt\/plaszcz-z-bawelnianej-mieszanki-w-jodelke-melody\/\",\"url\":\"https:\/\/talia-fashion.pl\/produkt\/plaszcz-z-bawelnianej-mieszanki-w-jodelke-melody\/\",\"name\":\"P\u0142aszcz z bawe\u0142nianej mieszanki w jode\u0142k\u0119 Melody - Talia Fashion - p\u0142aszcz damski\",\"isPartOf\":{\"@id\":\"https:\/\/talia-fashion.pl\/#website\"},\"primaryImageOfPage\":{\"@id\":\"https:\/\/talia-fashion.pl\/produkt\/plaszcz-z-bawelnianej-mieszanki-w-jodelke-melody\/#primaryimage\"},\"image\":{\"@id\":\"https:\/\/talia-fashion.pl\/produkt\/plaszcz-z-bawelnianej-mieszanki-w-jodelke-melody\/#primaryimage\"},\"thumbnailUrl\":\"https:\/\/talia-fashion.pl\/wp-content\/uploads\/2024\/10\/plaszcz_damski_taliowany_bawelniany_jodelka_przejsciowy.jpg\",\"datePublished\":\"2024-03-05T05:01:26+00:00\",\"dateModified\":\"2026-04-13T10:31:41+00:00\",\"description\":\"P\u0142aszcz z bawe\u0142nianej mieszanki w jode\u0142k\u0119 to stylowy i funkcjonalny p\u0142aszcz. Polskie rzemios\u0142o, ponadczasowy kr\u00f3j i wz\u00f3r. \u015awietna alternatywa dla trencza.\",\"breadcrumb\":{\"@id\":\"https:\/\/talia-fashion.pl\/produkt\/plaszcz-z-bawelnianej-mieszanki-w-jodelke-melody\/#breadcrumb\"},\"inLanguage\":\"en-GB\",\"potentialAction\":[{\"@type\":\"ReadAction\",\"target\":[\"https:\/\/talia-fashion.pl\/produkt\/plaszcz-z-bawelnianej-mieszanki-w-jodelke-melody\/\"]}]},{\"@type\":\"ImageObject\",\"inLanguage\":\"en-GB\",\"@id\":\"https:\/\/talia-fashion.pl\/produkt\/plaszcz-z-bawelnianej-mieszanki-w-jodelke-melody\/#primaryimage\",\"url\":\"https:\/\/talia-fashion.pl\/wp-content\/uploads\/2024\/10\/plaszcz_damski_taliowany_bawelniany_jodelka_przejsciowy.jpg\",\"contentUrl\":\"https:\/\/talia-fashion.pl\/wp-content\/uploads\/2024\/10\/plaszcz_damski_taliowany_bawelniany_jodelka_przejsciowy.jpg\",\"width\":1500,\"height\":2000,\"caption\":\"P\u0142aszcz damski z bawe\u0142nianej mieszanki w czarno-bia\u0142\u0105 jode\u0142k\u0119. \u015awietna alternatywa dla prochowca. Taliowany, podkre\u015bla figur\u0119, jednak jej nie przyt\u0142acza. Z paskiem. D\u0142ugo\u015b\u0107 w kolano. R\u0119cznie szyty.\"},{\"@type\":\"BreadcrumbList\",\"@id\":\"https:\/\/talia-fashion.pl\/produkt\/plaszcz-z-bawelnianej-mieszanki-w-jodelke-melody\/#breadcrumb\",\"itemListElement\":[{\"@type\":\"ListItem\",\"position\":1,\"name\":\"Strona g\u0142\u00f3wna\",\"item\":\"https:\/\/talia-fashion.pl\/\"},{\"@type\":\"ListItem\",\"position\":2,\"name\":\"Sklep\",\"item\":\"https:\/\/talia-fashion.pl\/sklep\/\"},{\"@type\":\"ListItem\",\"position\":3,\"name\":\"P\u0142aszcz z bawe\u0142nianej mieszanki w jode\u0142k\u0119 Melody\"}]},{\"@type\":\"WebSite\",\"@id\":\"https:\/\/talia-fashion.pl\/#website\",\"url\":\"https:\/\/talia-fashion.pl\/\",\"name\":\"Talia Fashion\",\"description\":\"\",\"potentialAction\":[{\"@type\":\"SearchAction\",\"target\":{\"@type\":\"EntryPoint\",\"urlTemplate\":\"https:\/\/talia-fashion.pl\/?s={search_term_string}\"},\"query-input\":{\"@type\":\"PropertyValueSpecification\",\"valueRequired\":true,\"valueName\":\"search_term_string\"}}],\"inLanguage\":\"en-GB\"}]}<\/script>\n<!-- \/ Yoast SEO plugin. -->","yoast_head_json":{"title":"P\u0142aszcz z bawe\u0142nianej mieszanki w jode\u0142k\u0119 Melody - Talia Fashion - p\u0142aszcz damski","description":"P\u0142aszcz z bawe\u0142nianej mieszanki w jode\u0142k\u0119 to stylowy i funkcjonalny p\u0142aszcz. Polskie rzemios\u0142o, ponadczasowy kr\u00f3j i wz\u00f3r. \u015awietna alternatywa dla trencza.","robots":{"index":"index","follow":"follow","max-snippet":"max-snippet:-1","max-image-preview":"max-image-preview:large","max-video-preview":"max-video-preview:-1"},"canonical":"https:\/\/talia-fashion.pl\/en\/product\/plaszcz-z-bawelnianej-mieszanki-w-jodelke-melody\/","og_locale":"en_GB","og_type":"article","og_title":"P\u0142aszcz z bawe\u0142nianej mieszanki w jode\u0142k\u0119 Melody - Talia Fashion - p\u0142aszcz damski","og_description":"P\u0142aszcz z bawe\u0142nianej mieszanki w jode\u0142k\u0119 to stylowy i funkcjonalny p\u0142aszcz. Polskie rzemios\u0142o, ponadczasowy kr\u00f3j i wz\u00f3r. \u015awietna alternatywa dla trencza.","og_url":"https:\/\/talia-fashion.pl\/en\/product\/plaszcz-z-bawelnianej-mieszanki-w-jodelke-melody\/","og_site_name":"Talia Fashion","article_modified_time":"2026-04-13T10:31:41+00:00","og_image":[{"width":1500,"height":2000,"url":"https:\/\/talia-fashion.pl\/wp-content\/uploads\/2024\/10\/plaszcz_damski_taliowany_bawelniany_jodelka_przejsciowy.jpg","type":"image\/jpeg"}],"twitter_card":"summary_large_image","twitter_misc":{"Estimated reading time":"4 minutes"},"schema":{"@context":"https:\/\/schema.org","@graph":[{"@type":"WebPage","@id":"https:\/\/talia-fashion.pl\/produkt\/plaszcz-z-bawelnianej-mieszanki-w-jodelke-melody\/","url":"https:\/\/talia-fashion.pl\/produkt\/plaszcz-z-bawelnianej-mieszanki-w-jodelke-melody\/","name":"P\u0142aszcz z bawe\u0142nianej mieszanki w jode\u0142k\u0119 Melody - Talia Fashion - p\u0142aszcz damski","isPartOf":{"@id":"https:\/\/talia-fashion.pl\/#website"},"primaryImageOfPage":{"@id":"https:\/\/talia-fashion.pl\/produkt\/plaszcz-z-bawelnianej-mieszanki-w-jodelke-melody\/#primaryimage"},"image":{"@id":"https:\/\/talia-fashion.pl\/produkt\/plaszcz-z-bawelnianej-mieszanki-w-jodelke-melody\/#primaryimage"},"thumbnailUrl":"https:\/\/talia-fashion.pl\/wp-content\/uploads\/2024\/10\/plaszcz_damski_taliowany_bawelniany_jodelka_przejsciowy.jpg","datePublished":"2024-03-05T05:01:26+00:00","dateModified":"2026-04-13T10:31:41+00:00","description":"P\u0142aszcz z bawe\u0142nianej mieszanki w jode\u0142k\u0119 to stylowy i funkcjonalny p\u0142aszcz. Polskie rzemios\u0142o, ponadczasowy kr\u00f3j i wz\u00f3r. \u015awietna alternatywa dla trencza.","breadcrumb":{"@id":"https:\/\/talia-fashion.pl\/produkt\/plaszcz-z-bawelnianej-mieszanki-w-jodelke-melody\/#breadcrumb"},"inLanguage":"en-GB","potentialAction":[{"@type":"ReadAction","target":["https:\/\/talia-fashion.pl\/produkt\/plaszcz-z-bawelnianej-mieszanki-w-jodelke-melody\/"]}]},{"@type":"ImageObject","inLanguage":"en-GB","@id":"https:\/\/talia-fashion.pl\/produkt\/plaszcz-z-bawelnianej-mieszanki-w-jodelke-melody\/#primaryimage","url":"https:\/\/talia-fashion.pl\/wp-content\/uploads\/2024\/10\/plaszcz_damski_taliowany_bawelniany_jodelka_przejsciowy.jpg","contentUrl":"https:\/\/talia-fashion.pl\/wp-content\/uploads\/2024\/10\/plaszcz_damski_taliowany_bawelniany_jodelka_przejsciowy.jpg","width":1500,"height":2000,"caption":"P\u0142aszcz damski z bawe\u0142nianej mieszanki w czarno-bia\u0142\u0105 jode\u0142k\u0119. \u015awietna alternatywa dla prochowca. Taliowany, podkre\u015bla figur\u0119, jednak jej nie przyt\u0142acza. Z paskiem. D\u0142ugo\u015b\u0107 w kolano. R\u0119cznie szyty."},{"@type":"BreadcrumbList","@id":"https:\/\/talia-fashion.pl\/produkt\/plaszcz-z-bawelnianej-mieszanki-w-jodelke-melody\/#breadcrumb","itemListElement":[{"@type":"ListItem","position":1,"name":"Strona g\u0142\u00f3wna","item":"https:\/\/talia-fashion.pl\/"},{"@type":"ListItem","position":2,"name":"Sklep","item":"https:\/\/talia-fashion.pl\/sklep\/"},{"@type":"ListItem","position":3,"name":"P\u0142aszcz z bawe\u0142nianej mieszanki w jode\u0142k\u0119 Melody"}]},{"@type":"WebSite","@id":"https:\/\/talia-fashion.pl\/#website","url":"https:\/\/talia-fashion.pl\/","name":"Talia Fashion","description":"","potentialAction":[{"@type":"SearchAction","target":{"@type":"EntryPoint","urlTemplate":"https:\/\/talia-fashion.pl\/?s={search_term_string}"},"query-input":{"@type":"PropertyValueSpecification","valueRequired":true,"valueName":"search_term_string"}}],"inLanguage":"en-GB"}]}},"_links":{"self":[{"href":"https:\/\/talia-fashion.pl\/en\/wp-json\/wp\/v2\/product\/5407","targetHints":{"allow":["GET"]}}],"collection":[{"href":"https:\/\/talia-fashion.pl\/en\/wp-json\/wp\/v2\/product"}],"about":[{"href":"https:\/\/talia-fashion.pl\/en\/wp-json\/wp\/v2\/types\/product"}],"wp:featuredmedia":[{"embeddable":true,"href":"https:\/\/talia-fashion.pl\/en\/wp-json\/wp\/v2\/media\/913"}],"wp:attachment":[{"href":"https:\/\/talia-fashion.pl\/en\/wp-json\/wp\/v2\/media?parent=5407"}],"wp:term":[{"taxonomy":"product_cat","embeddable":true,"href":"https:\/\/talia-fashion.pl\/en\/wp-json\/wp\/v2\/product_cat?post=5407"},{"taxonomy":"product_tag","embeddable":true,"href":"https:\/\/talia-fashion.pl\/en\/wp-json\/wp\/v2\/product_tag?post=5407"}],"curies":[{"name":"wp","href":"https:\/\/api.w.org\/{rel}","templated":true}]}}