{"id":5341,"date":"2024-02-04T15:50:20","date_gmt":"2024-02-04T14:50:20","guid":{"rendered":"http:\/\/talia-fashion.pl\/produkt\/dlugi-dwurzedowy-plaszcz-trencz-georgia\/"},"modified":"2026-02-05T11:05:06","modified_gmt":"2026-02-05T10:05:06","slug":"dlugi-dwurzedowy-plaszcz-trencz-georgia","status":"publish","type":"product","link":"https:\/\/talia-fashion.pl\/en\/product\/dlugi-dwurzedowy-plaszcz-trencz-georgia\/","title":{"rendered":"Long double-breasted trench coat Georgia"},"content":{"rendered":"<p><span lang=\"DE\">D\u0142ugi dwurz\u0119dowy p\u0142aszcz trencz Georgia to d\u0142ugi trencz, kt\u00f3ry \u0142\u0105czy w sobie klasyk\u0119 i nowoczesno\u015b\u0107 i kt\u00f3ry przyci\u0105ga uwag\u0119 swoim stylem. Raglanowe wszycie r\u0119kaw\u00f3w sprawia, \u017ce model ten jest lu\u017aniejszy w kroju. Dlatego idealnie sprawdzi si\u0119 w stylizacjach wielowarstwowych, na marynark\u0119 czy grubszy sweterek. A przecie\u017c, im wi\u0119cej warstw tym ciekawiej no i cieplej. Osobom lubi\u0105cym bardziej dopasowane p\u0142aszcze, sugerujemy wyb\u00f3r mniejszego rozmiaru. Ca\u0142y urok jednak w tej lu\u017aniejszej formie, kt\u00f3ra nie przyt\u0142acza a raczej wzbogaca look. Klasyczny, wyk\u0142adany ko\u0142nierz z klapami nadaje ponadczasowego charakteru. Zapinany na kontrastowe guziki. Ramiona ozdobione s\u0105 pagonami z naszytym guzikiem. R\u0119kawy natomiast wyko\u0144czone s\u0105 dekoracyjnym paskiem. Uko\u015bnie wszyte kieszenie boczne, dodaj\u0105 praktyczno\u015bci. Pasek wykonany z tej samej tkaniny, dodatkowo pos\u0142u\u017cy do podkre\u015blenia talii. Z ty\u0142u na dole rozporek. Na plecach ozdobna peleryna. Uszyli\u015bmy go z mi\u0119sistej tkaniny, kt\u00f3ra zapewni ochron\u0119 w ch\u0142odniejsze dni. W ca\u0142o\u015bci trencz zosta\u0142 wyko\u0144czony naturaln\u0105 podszewk\u0105. <\/span><\/p>\n<p><span lang=\"DE\">D\u0142ugi dwurz\u0119dowy p\u0142aszcz trencz Georgia szybko stanie si\u0119 Waszym ulubionym okryciem wierzchnim. Jego d\u0142ugo\u015b\u0107 sprawia, i\u017c nadaje si\u0119 zar\u00f3wno na specjalne okazje do sukienki czy mini sp\u00f3dniczki, jak i na co dzie\u0144 do leggins\u00f3w czy d\u017cins\u00f3w. Natomiast doskona\u0142a harmonia obj\u0119to\u015bci i proporcji pozwoli na tworzenie najr\u00f3\u017cniejszych stylizacji wielowarstowych.\u00a0<\/span>Trencz to podstawowy element damskiej garderoby na przej\u015bciowe pory roku. Nic dziwnego, i\u017c ka\u017cdego roku pojawia si\u0119 na wybiegach w coraz to nowszych ods\u0142onach.<\/p>\n<p>Drobne wskaz\u00f3wki jaki fason p\u0142aszcza wybra\u0107, umie\u015bcili\u015bmy w zak\u0142adce: <a href=\"https:\/\/talia-fashion.pl\/en\/jak-dobrac-plaszcz-do-sylwetki\/\">How do you choose a coat to suit your figure? <\/a>Ten elegancki trencz jest odpowiedni dla ka\u017cdej sylwetki.<\/p>\n<p><span lang=\"DE\">Zdj\u0119cie rzeczywiste &#8211; r\u00f3\u017cowy<\/span><\/p>\n<p>Dost\u0119pne kolory &#8211; r\u00f3\u017cowy (brak), pudrowy r\u00f3\u017c, jasny popiel<\/p>\n<p><span lang=\"DE\">The colours are presented in our <a href=\"https:\/\/talia-fashion.pl\/en\/paleta-kolorow\/\">Colour palette<\/a>. If in doubt, please contact us.<\/span><\/p>\n<p><span lang=\"DE\">Available sizes: XS, S, M, L<\/span><\/p>\n<p><span lang=\"DE\">Indicative dimensions:<\/span><\/p>\n<p>XS - bust: 86-88 \/ hips: 94-96 \/ length: 106 \/ sleeve: 62<br \/>\nS - bust: 90-92 \/ hips: 98-100 \/ length: 106 \/ sleeve: 62<br \/>\nM &#8211; biust: 94-96\u00a0\u00a0\/ biodra: 102-104 \/ d\u0142ugo\u015b\u0107: 106 \/ r\u0119kaw: 62<br \/>\nL - bust: 98-100 \/ hips: 106-108 \/ length: 107 \/ sleeve: 63<br \/>\nXL &#8211; biust: 104-106 \/ biodra: 112-114 \/ d\u0142ugo\u015b\u0107: 107 \/ r\u0119kaw: 64<\/p>\n<p><span lang=\"DE\">What size to choose and how to measure yourself are suggested in our short guide: <a href=\"https:\/\/talia-fashion.pl\/en\/jak-dobrac-rozmiar\/\">How to choose a size? <\/a><\/span><span lang=\"DE\">If you are unsure of your size selection, please contact us.<\/span><\/p>\n<p><span lang=\"DE\">Material: 63% polyester, 33% viscose, 4% elastane<\/span><br \/>\nLining: 100% acetate<\/p>\n<p>Acetat podobnie jak wiskoza wytwarzany jest z celulozy. Prz\u0119dza acetatowa mo\u017ce by\u0107 wytworzona r\u00f3wnie\u017c z celulozy przetworzonej np. papieru. Podszewka acetatowa doskonale wch\u0142ania wilgo\u0107 i przepuszcza powietrze, dzi\u0119ki czemu zapenia komfort noszenia. Jest powlekana apretur\u0105 antystatyczn\u0105 i posiada certyfikat OEKOtex\u00ae Standard 100.<\/p>\n<p><span lang=\"DE\">D\u0142ugi dwurz\u0119dowy p\u0142aszcz trencz Georgia to efekt naszej pracy. Zaprojektowali\u015bmy i uszli\u015bmy go r\u0119cznie w naszej pracowni w Poznaniu. P\u0142aszcze i kurtki to pasja, kt\u00f3r\u0105 rozwijamy od ponad 35 lat. To dla Was szukamy nowych materia\u0142\u00f3w i nieustannie ulepszamy nasze projekty. Odkryj nasze p\u0142aszcze damskie i zachwy\u0107 si\u0119 jako\u015bci\u0105 wykonania.<br \/>\n<\/span><\/p>\n<p><span lang=\"DE\">D\u0142ugi dwurz\u0119dowy p\u0142aszcz trencz Georgia nale\u017cy czy\u015bci\u0107 chemicznie. Odpowiednia piel\u0119gnacja, wieszanie i unikanie zahacze\u0144 sprawi, \u017ce Tw\u00f3j p\u0142aszcz d\u0142ugo pozostanie pi\u0119kny. Zajrzyj do naszej zak\u0142adki: <a href=\"https:\/\/talia-fashion.pl\/en\/jak-pielegnowac-i-dbac-o-plaszcz\/\">How to nurture and care for the coat?\u00a0<\/a><\/span><\/p>\n<p><span lang=\"DE\">Oferujemy mo\u017cliwo\u015b\u0107 <strong>Individual orders<\/strong>, czyli z drobnymi modyfikacjami na \u017cyczenie Klienta. W p\u0142aszczyku mo\u017cemy skr\u00f3ci\u0107, b\u0105d\u017a wyd\u0142u\u017cy\u0107 r\u0119kawy, skr\u00f3ci\u0107 lub wyd\u0142u\u017cy\u0107 jego d\u0142ugo\u015b\u0107. Koszt takiej us\u0142ugi ustalamy indywidualnie po uprzednim kontakcie i ustaleniu mo\u017cliwych opcji.<\/span><\/p>\n<p><strong>Zam\u00f3wienie indywidualne, personalizowane nie podlega wymianie, ani zwrotowi.<\/strong><\/p>\n<p><span lang=\"DE\">Czas realizacji zam\u00f3wienia zale\u017cy od aktualnego stanu magazynowego w pracowni oraz dost\u0119pno\u015bci danego koloru materia\u0142u. Je\u015bli dany p\u0142aszcz jest dost\u0119pny w pracowni realizacja zam\u00f3wienia nast\u0105pi\u00a0 w ci\u0105gu 2-5 dni roboczych. Je\u015bli konieczne jest uszycie p\u0142aszcza lub indywidualizacja zam\u00f3wienia \u2013 wykonanie przer\u00f3bki lub uszycie nowego p\u0142aszcza wed\u0142ug specyfikacji Klienta \u2013 czas realizacji zam\u00f3wienia mo\u017ce ulec wyd\u0142u\u017ceniu, maksymalnie do 2 tygodni.<\/span><\/p>\n<p>Uprawiamy tradycyjne rzemios\u0142o i ka\u017cdy nasz p\u0142aszcz szyjemy r\u0119cznie. Nie szyjemy naszych p\u0142aszczy na magazyn, dlatego prosimy o cierpliwo\u015b\u0107 &#8211; szyjemy p\u0142aszcz dla Ciebie. Dzi\u0119kujemy, \u017ce wspierasz lokaln\u0105 firm\u0119.<\/p>\n<p>Zapraszamy, zosta\u0144 z nami na d\u0142u\u017cej i obserwuj nasze profile na: <a href=\"https:\/\/www.facebook.com\/talia.plaszcze\">Facebook<\/a>\u00a0and\u00a0<a href=\"https:\/\/www.instagram.com\/talia_plaszcze\/\">Instagram<\/a>.<\/p>","protected":false},"excerpt":{"rendered":"<p>D\u0142ugi dwurz\u0119dowy p\u0142aszcz trencz Georgia to d\u0142ugi trencz, kt\u00f3ry \u0142\u0105czy w sobie klasyk\u0119 i nowoczesno\u015b\u0107 i kt\u00f3ry przyci\u0105ga uwag\u0119 swoim stylem. Raglanowe&hellip;<\/p>","protected":false},"featured_media":901,"template":"","meta":{"_acf_changed":false},"product_cat":[104],"product_tag":[78,33,34,39,40,80,41,42,43,44,45,46,83,47,84,49,50,161,69,60,52,114,97,88],"class_list":{"0":"post-5341","1":"product","2":"type-product","3":"status-publish","4":"has-post-thumbnail","6":"product_cat-ostatnie-sztuki","7":"product_tag-dla-roznych-sylwetek","8":"product_tag-dwurzedowy","9":"product_tag-handmade","10":"product_tag-klasyczny","11":"product_tag-kolnierz","12":"product_tag-luzny-kroj","13":"product_tag-na-podszewce","14":"product_tag-nowosc","15":"product_tag-plaszcz-damski","16":"product_tag-plaszcz-damski-dlugi","17":"product_tag-plaszcz-dlugi","18":"product_tag-plaszcz-dwurzedowy","19":"product_tag-plaszcz-luzny","20":"product_tag-plaszcz-na-guziki","21":"product_tag-plaszcz-oversizowy","22":"product_tag-plaszcz-wiosenny","23":"product_tag-plaszcz-z-rewersem","24":"product_tag-polski-producent","25":"product_tag-prochowiec","26":"product_tag-producent-plaszczy-damskich","27":"product_tag-szylkretowe-guziki","28":"product_tag-tencel","29":"product_tag-trencz","30":"product_tag-wiazany","32":"first","33":"instock","34":"shipping-taxable","35":"purchasable","36":"product-type-variable","37":"has-default-attributes"},"acf":[],"yoast_head":"<!-- This site is optimized with the Yoast SEO plugin v25.7 - https:\/\/yoast.com\/wordpress\/plugins\/seo\/ -->\n<title>D\u0142ugi dwurz\u0119dowy p\u0142aszcz trencz Georgia - Talia Fashion - polskie p\u0142aszcze<\/title>\n<meta name=\"description\" content=\"D\u0142ugi dwurz\u0119dowy p\u0142aszcz trencz - raglanowe r\u0119kawy, wi\u0105zanie w pasie, kontrastowe guziki. Oversizowy kr\u00f3j. Uszyty r\u0119cznie w naszej pracowni. Klasyka na lata\" \/>\n<meta name=\"robots\" content=\"index, follow, max-snippet:-1, max-image-preview:large, max-video-preview:-1\" \/>\n<link rel=\"canonical\" href=\"https:\/\/talia-fashion.pl\/en\/product\/dlugi-dwurzedowy-plaszcz-trencz-georgia\/\" \/>\n<meta property=\"og:locale\" content=\"en_GB\" \/>\n<meta property=\"og:type\" content=\"article\" \/>\n<meta property=\"og:title\" content=\"D\u0142ugi dwurz\u0119dowy p\u0142aszcz trencz Georgia - Talia Fashion - polskie p\u0142aszcze\" \/>\n<meta property=\"og:description\" content=\"D\u0142ugi dwurz\u0119dowy p\u0142aszcz trencz - raglanowe r\u0119kawy, wi\u0105zanie w pasie, kontrastowe guziki. Oversizowy kr\u00f3j. Uszyty r\u0119cznie w naszej pracowni. Klasyka na lata\" \/>\n<meta property=\"og:url\" content=\"https:\/\/talia-fashion.pl\/en\/product\/dlugi-dwurzedowy-plaszcz-trencz-georgia\/\" \/>\n<meta property=\"og:site_name\" content=\"Talia Fashion\" \/>\n<meta property=\"article:modified_time\" content=\"2026-02-05T10:05:06+00:00\" \/>\n<meta property=\"og:image\" content=\"https:\/\/talia-fashion.pl\/wp-content\/uploads\/2024\/10\/dlugi_dwurzedowy_trencz_damski_wiazany-scaled-1.jpeg\" \/>\n\t<meta property=\"og:image:width\" content=\"1920\" \/>\n\t<meta property=\"og:image:height\" content=\"2560\" \/>\n\t<meta property=\"og:image:type\" content=\"image\/jpeg\" \/>\n<meta name=\"twitter:card\" content=\"summary_large_image\" \/>\n<meta name=\"twitter:label1\" content=\"Estimated reading time\" \/>\n\t<meta name=\"twitter:data1\" content=\"3 minutes\" \/>\n<script type=\"application\/ld+json\" class=\"yoast-schema-graph\">{\"@context\":\"https:\/\/schema.org\",\"@graph\":[{\"@type\":\"WebPage\",\"@id\":\"https:\/\/talia-fashion.pl\/produkt\/dlugi-dwurzedowy-plaszcz-trencz-georgia\/\",\"url\":\"https:\/\/talia-fashion.pl\/produkt\/dlugi-dwurzedowy-plaszcz-trencz-georgia\/\",\"name\":\"D\u0142ugi dwurz\u0119dowy p\u0142aszcz trencz Georgia - Talia Fashion - polskie p\u0142aszcze\",\"isPartOf\":{\"@id\":\"https:\/\/talia-fashion.pl\/#website\"},\"primaryImageOfPage\":{\"@id\":\"https:\/\/talia-fashion.pl\/produkt\/dlugi-dwurzedowy-plaszcz-trencz-georgia\/#primaryimage\"},\"image\":{\"@id\":\"https:\/\/talia-fashion.pl\/produkt\/dlugi-dwurzedowy-plaszcz-trencz-georgia\/#primaryimage\"},\"thumbnailUrl\":\"https:\/\/talia-fashion.pl\/wp-content\/uploads\/2024\/10\/dlugi_dwurzedowy_trencz_damski_wiazany-scaled-1.jpeg\",\"datePublished\":\"2024-02-04T14:50:20+00:00\",\"dateModified\":\"2026-02-05T10:05:06+00:00\",\"description\":\"D\u0142ugi dwurz\u0119dowy p\u0142aszcz trencz - raglanowe r\u0119kawy, wi\u0105zanie w pasie, kontrastowe guziki. Oversizowy kr\u00f3j. Uszyty r\u0119cznie w naszej pracowni. Klasyka na lata\",\"breadcrumb\":{\"@id\":\"https:\/\/talia-fashion.pl\/produkt\/dlugi-dwurzedowy-plaszcz-trencz-georgia\/#breadcrumb\"},\"inLanguage\":\"en-GB\",\"potentialAction\":[{\"@type\":\"ReadAction\",\"target\":[\"https:\/\/talia-fashion.pl\/produkt\/dlugi-dwurzedowy-plaszcz-trencz-georgia\/\"]}]},{\"@type\":\"ImageObject\",\"inLanguage\":\"en-GB\",\"@id\":\"https:\/\/talia-fashion.pl\/produkt\/dlugi-dwurzedowy-plaszcz-trencz-georgia\/#primaryimage\",\"url\":\"https:\/\/talia-fashion.pl\/wp-content\/uploads\/2024\/10\/dlugi_dwurzedowy_trencz_damski_wiazany-scaled-1.jpeg\",\"contentUrl\":\"https:\/\/talia-fashion.pl\/wp-content\/uploads\/2024\/10\/dlugi_dwurzedowy_trencz_damski_wiazany-scaled-1.jpeg\",\"width\":1920,\"height\":2560,\"caption\":\"D\u0142ugi dwurz\u0119dowy trencz damski w ponadczasowym kroju. Szyty r\u0119cznie na bazie autorskich projekt\u00f3w. Klasyka na lata.\"},{\"@type\":\"BreadcrumbList\",\"@id\":\"https:\/\/talia-fashion.pl\/produkt\/dlugi-dwurzedowy-plaszcz-trencz-georgia\/#breadcrumb\",\"itemListElement\":[{\"@type\":\"ListItem\",\"position\":1,\"name\":\"Strona g\u0142\u00f3wna\",\"item\":\"https:\/\/talia-fashion.pl\/\"},{\"@type\":\"ListItem\",\"position\":2,\"name\":\"Sklep\",\"item\":\"https:\/\/talia-fashion.pl\/sklep\/\"},{\"@type\":\"ListItem\",\"position\":3,\"name\":\"D\u0142ugi dwurz\u0119dowy p\u0142aszcz trencz Georgia\"}]},{\"@type\":\"WebSite\",\"@id\":\"https:\/\/talia-fashion.pl\/#website\",\"url\":\"https:\/\/talia-fashion.pl\/\",\"name\":\"Talia Fashion\",\"description\":\"\",\"potentialAction\":[{\"@type\":\"SearchAction\",\"target\":{\"@type\":\"EntryPoint\",\"urlTemplate\":\"https:\/\/talia-fashion.pl\/?s={search_term_string}\"},\"query-input\":{\"@type\":\"PropertyValueSpecification\",\"valueRequired\":true,\"valueName\":\"search_term_string\"}}],\"inLanguage\":\"en-GB\"}]}<\/script>\n<!-- \/ Yoast SEO plugin. -->","yoast_head_json":{"title":"D\u0142ugi dwurz\u0119dowy p\u0142aszcz trencz Georgia - Talia Fashion - polskie p\u0142aszcze","description":"D\u0142ugi dwurz\u0119dowy p\u0142aszcz trencz - raglanowe r\u0119kawy, wi\u0105zanie w pasie, kontrastowe guziki. Oversizowy kr\u00f3j. Uszyty r\u0119cznie w naszej pracowni. Klasyka na lata","robots":{"index":"index","follow":"follow","max-snippet":"max-snippet:-1","max-image-preview":"max-image-preview:large","max-video-preview":"max-video-preview:-1"},"canonical":"https:\/\/talia-fashion.pl\/en\/product\/dlugi-dwurzedowy-plaszcz-trencz-georgia\/","og_locale":"en_GB","og_type":"article","og_title":"D\u0142ugi dwurz\u0119dowy p\u0142aszcz trencz Georgia - Talia Fashion - polskie p\u0142aszcze","og_description":"D\u0142ugi dwurz\u0119dowy p\u0142aszcz trencz - raglanowe r\u0119kawy, wi\u0105zanie w pasie, kontrastowe guziki. Oversizowy kr\u00f3j. Uszyty r\u0119cznie w naszej pracowni. Klasyka na lata","og_url":"https:\/\/talia-fashion.pl\/en\/product\/dlugi-dwurzedowy-plaszcz-trencz-georgia\/","og_site_name":"Talia Fashion","article_modified_time":"2026-02-05T10:05:06+00:00","og_image":[{"width":1920,"height":2560,"url":"https:\/\/talia-fashion.pl\/wp-content\/uploads\/2024\/10\/dlugi_dwurzedowy_trencz_damski_wiazany-scaled-1.jpeg","type":"image\/jpeg"}],"twitter_card":"summary_large_image","twitter_misc":{"Estimated reading time":"3 minutes"},"schema":{"@context":"https:\/\/schema.org","@graph":[{"@type":"WebPage","@id":"https:\/\/talia-fashion.pl\/produkt\/dlugi-dwurzedowy-plaszcz-trencz-georgia\/","url":"https:\/\/talia-fashion.pl\/produkt\/dlugi-dwurzedowy-plaszcz-trencz-georgia\/","name":"D\u0142ugi dwurz\u0119dowy p\u0142aszcz trencz Georgia - Talia Fashion - polskie p\u0142aszcze","isPartOf":{"@id":"https:\/\/talia-fashion.pl\/#website"},"primaryImageOfPage":{"@id":"https:\/\/talia-fashion.pl\/produkt\/dlugi-dwurzedowy-plaszcz-trencz-georgia\/#primaryimage"},"image":{"@id":"https:\/\/talia-fashion.pl\/produkt\/dlugi-dwurzedowy-plaszcz-trencz-georgia\/#primaryimage"},"thumbnailUrl":"https:\/\/talia-fashion.pl\/wp-content\/uploads\/2024\/10\/dlugi_dwurzedowy_trencz_damski_wiazany-scaled-1.jpeg","datePublished":"2024-02-04T14:50:20+00:00","dateModified":"2026-02-05T10:05:06+00:00","description":"D\u0142ugi dwurz\u0119dowy p\u0142aszcz trencz - raglanowe r\u0119kawy, wi\u0105zanie w pasie, kontrastowe guziki. Oversizowy kr\u00f3j. Uszyty r\u0119cznie w naszej pracowni. Klasyka na lata","breadcrumb":{"@id":"https:\/\/talia-fashion.pl\/produkt\/dlugi-dwurzedowy-plaszcz-trencz-georgia\/#breadcrumb"},"inLanguage":"en-GB","potentialAction":[{"@type":"ReadAction","target":["https:\/\/talia-fashion.pl\/produkt\/dlugi-dwurzedowy-plaszcz-trencz-georgia\/"]}]},{"@type":"ImageObject","inLanguage":"en-GB","@id":"https:\/\/talia-fashion.pl\/produkt\/dlugi-dwurzedowy-plaszcz-trencz-georgia\/#primaryimage","url":"https:\/\/talia-fashion.pl\/wp-content\/uploads\/2024\/10\/dlugi_dwurzedowy_trencz_damski_wiazany-scaled-1.jpeg","contentUrl":"https:\/\/talia-fashion.pl\/wp-content\/uploads\/2024\/10\/dlugi_dwurzedowy_trencz_damski_wiazany-scaled-1.jpeg","width":1920,"height":2560,"caption":"D\u0142ugi dwurz\u0119dowy trencz damski w ponadczasowym kroju. Szyty r\u0119cznie na bazie autorskich projekt\u00f3w. Klasyka na lata."},{"@type":"BreadcrumbList","@id":"https:\/\/talia-fashion.pl\/produkt\/dlugi-dwurzedowy-plaszcz-trencz-georgia\/#breadcrumb","itemListElement":[{"@type":"ListItem","position":1,"name":"Strona g\u0142\u00f3wna","item":"https:\/\/talia-fashion.pl\/"},{"@type":"ListItem","position":2,"name":"Sklep","item":"https:\/\/talia-fashion.pl\/sklep\/"},{"@type":"ListItem","position":3,"name":"D\u0142ugi dwurz\u0119dowy p\u0142aszcz trencz Georgia"}]},{"@type":"WebSite","@id":"https:\/\/talia-fashion.pl\/#website","url":"https:\/\/talia-fashion.pl\/","name":"Talia Fashion","description":"","potentialAction":[{"@type":"SearchAction","target":{"@type":"EntryPoint","urlTemplate":"https:\/\/talia-fashion.pl\/?s={search_term_string}"},"query-input":{"@type":"PropertyValueSpecification","valueRequired":true,"valueName":"search_term_string"}}],"inLanguage":"en-GB"}]}},"_links":{"self":[{"href":"https:\/\/talia-fashion.pl\/en\/wp-json\/wp\/v2\/product\/5341","targetHints":{"allow":["GET"]}}],"collection":[{"href":"https:\/\/talia-fashion.pl\/en\/wp-json\/wp\/v2\/product"}],"about":[{"href":"https:\/\/talia-fashion.pl\/en\/wp-json\/wp\/v2\/types\/product"}],"wp:featuredmedia":[{"embeddable":true,"href":"https:\/\/talia-fashion.pl\/en\/wp-json\/wp\/v2\/media\/901"}],"wp:attachment":[{"href":"https:\/\/talia-fashion.pl\/en\/wp-json\/wp\/v2\/media?parent=5341"}],"wp:term":[{"taxonomy":"product_cat","embeddable":true,"href":"https:\/\/talia-fashion.pl\/en\/wp-json\/wp\/v2\/product_cat?post=5341"},{"taxonomy":"product_tag","embeddable":true,"href":"https:\/\/talia-fashion.pl\/en\/wp-json\/wp\/v2\/product_tag?post=5341"}],"curies":[{"name":"wp","href":"https:\/\/api.w.org\/{rel}","templated":true}]}}