{"id":5312,"date":"2024-01-27T12:16:40","date_gmt":"2024-01-27T11:16:40","guid":{"rendered":"http:\/\/talia-fashion.pl\/produkt\/bezowa-krotka-marynarka-dwurzedowa-hugo\/"},"modified":"2026-03-04T16:01:44","modified_gmt":"2026-03-04T15:01:44","slug":"jasnoszara-welniana-marynarka-premium-wiazana-oslo","status":"publish","type":"product","link":"https:\/\/talia-fashion.pl\/en\/product\/jasnoszara-welniana-marynarka-premium-wiazana-oslo\/","title":{"rendered":"Light grey wool premium tie jacket Oslo"},"content":{"rendered":"<p><strong>Jasnoszara we\u0142niana marynarka premium wi\u0105zana<\/strong> Oslo to idealnie skrojona i zaprojektowana z dba\u0142o\u015bci\u0105 o najdrobniejszy detal <strong>minimalistyczna marynarka<\/strong>. Przy tworzeniu tej marynarki zale\u017ca\u0142o nam, by by\u0142a stylowa, wygodna i wielofunkcyjna, by\u015bcie pokocha\u0142y j\u0105 i by zosta\u0142a z Wami na lata. Dlatego marynarka ma <strong>taliowany ty\u0142 z rozporkiem<\/strong>, zaszewki na przodzie, modeluj\u0105cy dekolt w szpic i <strong>pasuje do wszystkich typ\u00f3w sylwetki<\/strong>. Dodatkowo zachowali\u015bmy klasyczne marynarkowe elementy, jak: <strong>wyk\u0142adane, klasyczne klapy <\/strong><span lang=\"DE\">and <strong>przednie kieszenie wyko\u0144czone ozdobnymi patkami. <\/strong>I <strong>finezyjne zapi\u0119cie<\/strong> &#8211; <strong>Tying on the side<\/strong>. Wpisuj\u0105ce si\u0119 w najnowsze trendy, gdzie paski i kokardy stanowi\u0105 kluczowy akcent. Tego rodzaju wi\u0105zanie umo\u017cliwia lepsze dopasowanie i podkre\u015blenie talii. Marynarka zosta\u0142a uszyta z mi\u0119kkiej tkaniny z przewag\u0105 we\u0142ny. W ca\u0142o\u015bci na oddychaj\u0105cej podszewce. <\/span><span lang=\"DE\">Wszystkie te elementy plus <strong>bazowy kolor<\/strong> marynarki sprawiaj\u0105, i\u017c jest to <strong>obowi\u0105zkowa pozycja w szafie kapsu\u0142owej<\/strong>.\u00a0<\/span><\/p>\n<p><span lang=\"DE\">Warto r\u00f3wnie\u017c <strong>podkre\u015bli\u0107 jej funkcjonalno\u015b\u0107<\/strong>. <strong>Jasnoszara we\u0142niana marynarka premium wi\u0105zana<\/strong> Oslo i<\/span><span lang=\"DE\">dealnie sprawdzi si\u0119 w roli tradycyjnej marynarki zak\u0142adanej np. pod trencz czy p\u0142aszcz (np. pod <a href=\"https:\/\/talia-fashion.pl\/en\/product\/dlugi-trencz-oversize-z-paskiem-stella\/\">trencz Stella<\/a> czy zim\u0105 pod <a href=\"https:\/\/talia-fashion.pl\/en\/product\/czarny-dopasowany-dlugi-plaszcz-como\/\">p\u0142aszcz Como<\/a>) lub jako wiosenne okrycie wierzchnie do sukienki czy do leggins\u00f3w. Jednak moja ulubiona stylizacja to: zwyk\u0142y, bia\u0142y T-shirt, spodnie jeansowe z podwini\u0119t\u0105 nogawk\u0105, sneakersy oraz marynarka Oslo. <strong>Wysokiej jako\u015bci we\u0142na szetlandzka<\/strong> zapewnia ciep\u0142o przy jednoczesnym zachowaniu dobrej przewiewno\u015bci. Dlatego to \u015bwietna atlernatywa dla katany czy kr\u00f3tkiej kurtki.\u00a0<\/span><\/p>\n<p><span lang=\"DE\">Marynarka to element garderoby, kt\u00f3ry nie nosimy tylko od \u015bwi\u0119ta, lecz z powodzeniem mo\u017ce wzbogadza\u0107 nasze codzienne stylizacje. Wybierajmy ubrania, kt\u00f3re mo\u017cemy dowolnie stylizowa\u0107 i kt\u00f3rymi mo\u017cemy cieszy\u0107 przy wielu okazjach.\u00a0<\/span><\/p>\n<p><span lang=\"DE\">Zdj\u0119cie rzeczywiste &#8211; jasnoszary<\/span><\/p>\n<p>Dost\u0119pne kolory &#8211; jasnoszary<\/p>\n<p><span lang=\"DE\">Dost\u0119pne kolory prezentujemy w naszej <a href=\"https:\/\/talia-fashion.pl\/en\/paleta-kolorow\/\">Colour palette<\/a> a tak\u017ce w innych fasonach p\u0142aszczy, na pozosta\u0142ych aukcjach. W razie w\u0105tpliwo\u015bci odno\u015bnie koloru, prosimy o kontakt.<\/span><\/p>\n<p><span lang=\"DE\">Available sizes: XS, S, M, L<\/span><\/p>\n<p><span lang=\"DE\">Indicative dimensions:<\/span><br \/>\nXS - bust: 86-88 \/ hips: 94-96 \/ length: 71 \/ shoulder width 34.5-35 \/ sleeve: 61<br \/>\nS - bust: 90-92 \/ hips: 98-100 \/ length: 71 \/ shoulder width 35.5-36 \/ sleeve: 62<br \/>\nM - bust: 94-96 \/ hips: 102-104 \/ length: 71 \/ shoulder width 37-37.5 \/ sleeve: 62<br \/>\nL - bust: 98-100 \/ hips: 106-108 \/ length:72 \/ shoulder width 39.5-40 \/ sleeve: 63<\/p>\n<p><span lang=\"DE\">Interpretacj\u0119 powy\u017cszej tabeli przedstawiamy w naszej zak\u0142adce <a href=\"https:\/\/talia-fashion.pl\/en\/jak-dobrac-rozmiar\/\">How to choose a size?<\/a>, znajdziesz tam r\u00f3wnie\u017c wskaz\u00f3wki jak si\u0119 zmierzy\u0107.<\/span><\/p>\n<p><span lang=\"DE\">Materia\u0142: 80% we\u0142na szetlandzka, 20% poliamid<\/span><br \/>\nLining: 50% acetate, 50% viscose<br \/>\nAcetat podobnie jak wiskoza wytwarzany jest z celulozy. Prz\u0119dza acetatowa mo\u017ce by\u0107 wytworzona r\u00f3wnie\u017c z celulozy przetworzonej np. papieru. Podszewka acetatowa doskonale wch\u0142ania wilgo\u0107, jest przyjemna dla cia\u0142a oraz oddychaj\u0105ca. Jest powlekana apretur\u0105 antystatyczn\u0105 i posiada certyfikat OEKOtex\u00ae Standard 100. Dzi\u0119ki czemu zapewnia komfort termiczny i wygodnie si\u0119 nosi.<\/p>\n<p>Marynark\u0119 nale\u017cy czy\u015bci\u0107 chemicznie. Odpowiednie wieszanie, regularne wietrzenie i unikanie zahacze\u0144 sprawi, \u017ce Twoja marynarka d\u0142ugo pozostanie pi\u0119kna. Dodatkowo w zak\u0142adce <a href=\"https:\/\/talia-fashion.pl\/en\/jak-pielegnowac-i-dbac-o-plaszcz\/\">How to nurture and care for the coat?<\/a> :\u00a0 podpowiadamy, jak w prosty spos\u00f3b dba\u0107 o ubranie, by m\u00f3c cieszy\u0107 si\u0119 nim latami. Przed\u0142u\u017caj\u0105c \u017cycie swojej garderoby pomagasz chroni\u0107 \u015brodowisko. Do cz\u0119stego od\u015bwie\u017cania marynarki polecamy <a href=\"https:\/\/talia-fashion.pl\/en\/product\/szczotka-do-czyszczenia-i-pielegnacji-plaszcza\/\">Brush for cleaning and care of the coat<\/a>which can be purchased in our shop.<\/p>\n<p><span lang=\"DE\"><strong>Jasnoszara we\u0142niana marynarka premium wi\u0105zana<\/strong> Oslo zosta\u0142a zaprojektowana i uszyta <strong>in our family workshop<\/strong>. Piel\u0119gnujemy rodzinn\u0105 tradycj\u0119 i uprawiamy klasyczne krawiectwo. Nie szyjemy p\u0142aszczy na magazyn. Nie znajdziesz te\u017c u nas tzw. produkcji liniowej a ka\u017cdy guzik przyszywamy r\u0119cznie. Dzi\u0119ki czemu mamy pewno\u015b\u0107, i\u017c tworzymy ubrania wyj\u0105tkowe w jako\u015bci premium.<\/span><\/p>\n<p><span lang=\"DE\">We also offer the possibility of <strong>Individual orders<\/strong>, czyli z drobnymi modyfikacjami na \u017cyczenie Klienta. W marynarce mo\u017cemy skr\u00f3ci\u0107, b\u0105d\u017a wyd\u0142u\u017cy\u0107 r\u0119kawy, skr\u00f3ci\u0107 lub wyd\u0142u\u017cy\u0107 d\u0142ugo\u015b\u0107 marynarki. Koszt takiej us\u0142ugi ustalamy indywidualnie po uprzednim kontakcie.<\/span><\/p>\n<p><span lang=\"DE\">Czas realizacji uzale\u017cniamy od aktualnego stanu magazynowego w pracowni oraz dost\u0119pno\u015bci danego koloru materia\u0142u. Je\u015bli dany produkt jest dost\u0119pny w pracowni &#8222;od r\u0119ki&#8221;, realizacja zam\u00f3wienia nast\u0105pi w ci\u0105gu 2-5 dni roboczych. Je\u015bli konieczne jest uszycie p\u0142aszcza lub indywidualizacja zam\u00f3wienia \u2013 wykonanie przer\u00f3bki lub uszycie spersonalizowanego p\u0142aszcza \u2013 czas realizacji zam\u00f3wienia mo\u017ce ulec wyd\u0142u\u017ceniu, maksymalnie do 2 tygodni.<\/span><\/p>\n<p>Prosimy o cierpliwo\u015b\u0107, musimy uszy\u0107 ten p\u0142aszczyk dla Ciebie.<\/p>\n<p>You are welcome, stay with us and watch us on\u00a0<a href=\"https:\/\/www.facebook.com\/talia.plaszcze\">Facebook<\/a>\u00a0and\u00a0<a href=\"https:\/\/www.instagram.com\/talia_plaszcze\/\">Instagram<\/a>.<\/p>","protected":false},"excerpt":{"rendered":"<p><strong>Jasnoszara we\u0142niana marynarka premium wi\u0105zana<\/strong> Oslo to ponadczasowa marynarka o starannie dopracowanym kroju. Wi\u0105zana finezyjnie z boku. Uszyta ze szlachetnej tkaniny. Produkt premium.<\/p>","protected":false},"featured_media":262278,"template":"","meta":{"_acf_changed":false},"product_cat":[28,31,55],"product_tag":[397,405,78,34,39,40,90,378,388,80,116,387,406,303,41,42,43,49,50,60,87,51,419,76,62,53,311,88,117],"class_list":{"0":"post-5312","1":"product","2":"type-product","3":"status-publish","4":"has-post-thumbnail","6":"product_cat-marynarki-damskie","7":"product_cat-nowosci","8":"product_cat-plaszcze-krotsze","9":"product_tag-blezer-damski","10":"product_tag-blezer-tweedowy","11":"product_tag-dla-roznych-sylwetek","12":"product_tag-handmade","13":"product_tag-klasyczny","14":"product_tag-kolnierz","15":"product_tag-krotki-plaszcz","16":"product_tag-kurtka-jesienna","17":"product_tag-kurtka-na-wiosne","18":"product_tag-luzny-kroj","19":"product_tag-marynarka","20":"product_tag-marynarka-damska","21":"product_tag-marynarka-tweedowa","22":"product_tag-marynarka-welniana","23":"product_tag-na-podszewce","24":"product_tag-nowosc","25":"product_tag-plaszcz-damski","26":"product_tag-plaszcz-wiosenny","27":"product_tag-plaszcz-z-rewersem","28":"product_tag-producent-plaszczy-damskich","29":"product_tag-produkt-premium","30":"product_tag-prosty","31":"product_tag-szara-marynarka","32":"product_tag-szary-plaszcz","33":"product_tag-uszyty-w-polsce","34":"product_tag-welna","35":"product_tag-welna-szetlandzka","36":"product_tag-wiazany","37":"product_tag-zakiet","39":"first","40":"instock","41":"shipping-taxable","42":"purchasable","43":"product-type-variable","44":"has-default-attributes"},"acf":[],"yoast_head":"<!-- This site is optimized with the Yoast SEO plugin v25.7 - https:\/\/yoast.com\/wordpress\/plugins\/seo\/ -->\n<title>Jasnoszara we\u0142niana marynarka premium wi\u0105zana Oslo - Talia Fashion - polski producent<\/title>\n<meta name=\"description\" content=\"Jasnoszara we\u0142niana marynarka premium wi\u0105zana - minimalistyczna, dopasowana marynarka wi\u0105zana finezyjnie po boku. Szlachetny materia\u0142 i bazowy kolor.\" \/>\n<meta name=\"robots\" content=\"index, follow, max-snippet:-1, max-image-preview:large, max-video-preview:-1\" \/>\n<link rel=\"canonical\" href=\"https:\/\/talia-fashion.pl\/en\/product\/jasnoszara-welniana-marynarka-premium-wiazana-oslo\/\" \/>\n<meta property=\"og:locale\" content=\"en_GB\" \/>\n<meta property=\"og:type\" content=\"article\" \/>\n<meta property=\"og:title\" content=\"Jasnoszara we\u0142niana marynarka premium wi\u0105zana Oslo - Talia Fashion - polski producent\" \/>\n<meta property=\"og:description\" content=\"Jasnoszara we\u0142niana marynarka premium wi\u0105zana - minimalistyczna, dopasowana marynarka wi\u0105zana finezyjnie po boku. Szlachetny materia\u0142 i bazowy kolor.\" \/>\n<meta property=\"og:url\" content=\"https:\/\/talia-fashion.pl\/en\/product\/jasnoszara-welniana-marynarka-premium-wiazana-oslo\/\" \/>\n<meta property=\"og:site_name\" content=\"Talia Fashion\" \/>\n<meta property=\"article:modified_time\" content=\"2026-03-04T15:01:44+00:00\" \/>\n<meta property=\"og:image\" content=\"https:\/\/talia-fashion.pl\/wp-content\/uploads\/2024\/01\/jasnoszara-marynarka-welniana-wiazana-z-boku-produkt-premium.jpg\" \/>\n\t<meta property=\"og:image:width\" content=\"1200\" \/>\n\t<meta property=\"og:image:height\" content=\"1600\" \/>\n\t<meta property=\"og:image:type\" content=\"image\/jpeg\" \/>\n<meta name=\"twitter:card\" content=\"summary_large_image\" \/>\n<meta name=\"twitter:label1\" content=\"Estimated reading time\" \/>\n\t<meta name=\"twitter:data1\" content=\"4 minutes\" \/>\n<script type=\"application\/ld+json\" class=\"yoast-schema-graph\">{\"@context\":\"https:\/\/schema.org\",\"@graph\":[{\"@type\":\"WebPage\",\"@id\":\"https:\/\/talia-fashion.pl\/produkt\/jasnoszara-welniana-marynarka-premium-wiazana-oslo\/\",\"url\":\"https:\/\/talia-fashion.pl\/produkt\/jasnoszara-welniana-marynarka-premium-wiazana-oslo\/\",\"name\":\"Jasnoszara we\u0142niana marynarka premium wi\u0105zana Oslo - Talia Fashion - polski producent\",\"isPartOf\":{\"@id\":\"https:\/\/talia-fashion.pl\/#website\"},\"primaryImageOfPage\":{\"@id\":\"https:\/\/talia-fashion.pl\/produkt\/jasnoszara-welniana-marynarka-premium-wiazana-oslo\/#primaryimage\"},\"image\":{\"@id\":\"https:\/\/talia-fashion.pl\/produkt\/jasnoszara-welniana-marynarka-premium-wiazana-oslo\/#primaryimage\"},\"thumbnailUrl\":\"https:\/\/talia-fashion.pl\/wp-content\/uploads\/2024\/01\/jasnoszara-marynarka-welniana-wiazana-z-boku-produkt-premium.jpg\",\"datePublished\":\"2024-01-27T11:16:40+00:00\",\"dateModified\":\"2026-03-04T15:01:44+00:00\",\"description\":\"Jasnoszara we\u0142niana marynarka premium wi\u0105zana - minimalistyczna, dopasowana marynarka wi\u0105zana finezyjnie po boku. Szlachetny materia\u0142 i bazowy kolor.\",\"breadcrumb\":{\"@id\":\"https:\/\/talia-fashion.pl\/produkt\/jasnoszara-welniana-marynarka-premium-wiazana-oslo\/#breadcrumb\"},\"inLanguage\":\"en-GB\",\"potentialAction\":[{\"@type\":\"ReadAction\",\"target\":[\"https:\/\/talia-fashion.pl\/produkt\/jasnoszara-welniana-marynarka-premium-wiazana-oslo\/\"]}]},{\"@type\":\"ImageObject\",\"inLanguage\":\"en-GB\",\"@id\":\"https:\/\/talia-fashion.pl\/produkt\/jasnoszara-welniana-marynarka-premium-wiazana-oslo\/#primaryimage\",\"url\":\"https:\/\/talia-fashion.pl\/wp-content\/uploads\/2024\/01\/jasnoszara-marynarka-welniana-wiazana-z-boku-produkt-premium.jpg\",\"contentUrl\":\"https:\/\/talia-fashion.pl\/wp-content\/uploads\/2024\/01\/jasnoszara-marynarka-welniana-wiazana-z-boku-produkt-premium.jpg\",\"width\":1200,\"height\":1600,\"caption\":\"Jasnoszara marynarka we\u0142niana wi\u0105zana finezyjnie z boku. Dopasowana do sylwetki. Produkt premium.\"},{\"@type\":\"BreadcrumbList\",\"@id\":\"https:\/\/talia-fashion.pl\/produkt\/jasnoszara-welniana-marynarka-premium-wiazana-oslo\/#breadcrumb\",\"itemListElement\":[{\"@type\":\"ListItem\",\"position\":1,\"name\":\"Strona g\u0142\u00f3wna\",\"item\":\"https:\/\/talia-fashion.pl\/\"},{\"@type\":\"ListItem\",\"position\":2,\"name\":\"Sklep\",\"item\":\"https:\/\/talia-fashion.pl\/sklep\/\"},{\"@type\":\"ListItem\",\"position\":3,\"name\":\"Jasnoszara we\u0142niana marynarka premium wi\u0105zana Oslo\"}]},{\"@type\":\"WebSite\",\"@id\":\"https:\/\/talia-fashion.pl\/#website\",\"url\":\"https:\/\/talia-fashion.pl\/\",\"name\":\"Talia Fashion\",\"description\":\"\",\"potentialAction\":[{\"@type\":\"SearchAction\",\"target\":{\"@type\":\"EntryPoint\",\"urlTemplate\":\"https:\/\/talia-fashion.pl\/?s={search_term_string}\"},\"query-input\":{\"@type\":\"PropertyValueSpecification\",\"valueRequired\":true,\"valueName\":\"search_term_string\"}}],\"inLanguage\":\"en-GB\"}]}<\/script>\n<!-- \/ Yoast SEO plugin. -->","yoast_head_json":{"title":"Jasnoszara we\u0142niana marynarka premium wi\u0105zana Oslo - Talia Fashion - polski producent","description":"Jasnoszara we\u0142niana marynarka premium wi\u0105zana - minimalistyczna, dopasowana marynarka wi\u0105zana finezyjnie po boku. Szlachetny materia\u0142 i bazowy kolor.","robots":{"index":"index","follow":"follow","max-snippet":"max-snippet:-1","max-image-preview":"max-image-preview:large","max-video-preview":"max-video-preview:-1"},"canonical":"https:\/\/talia-fashion.pl\/en\/product\/jasnoszara-welniana-marynarka-premium-wiazana-oslo\/","og_locale":"en_GB","og_type":"article","og_title":"Jasnoszara we\u0142niana marynarka premium wi\u0105zana Oslo - Talia Fashion - polski producent","og_description":"Jasnoszara we\u0142niana marynarka premium wi\u0105zana - minimalistyczna, dopasowana marynarka wi\u0105zana finezyjnie po boku. Szlachetny materia\u0142 i bazowy kolor.","og_url":"https:\/\/talia-fashion.pl\/en\/product\/jasnoszara-welniana-marynarka-premium-wiazana-oslo\/","og_site_name":"Talia Fashion","article_modified_time":"2026-03-04T15:01:44+00:00","og_image":[{"width":1200,"height":1600,"url":"https:\/\/talia-fashion.pl\/wp-content\/uploads\/2024\/01\/jasnoszara-marynarka-welniana-wiazana-z-boku-produkt-premium.jpg","type":"image\/jpeg"}],"twitter_card":"summary_large_image","twitter_misc":{"Estimated reading time":"4 minutes"},"schema":{"@context":"https:\/\/schema.org","@graph":[{"@type":"WebPage","@id":"https:\/\/talia-fashion.pl\/produkt\/jasnoszara-welniana-marynarka-premium-wiazana-oslo\/","url":"https:\/\/talia-fashion.pl\/produkt\/jasnoszara-welniana-marynarka-premium-wiazana-oslo\/","name":"Jasnoszara we\u0142niana marynarka premium wi\u0105zana Oslo - Talia Fashion - polski producent","isPartOf":{"@id":"https:\/\/talia-fashion.pl\/#website"},"primaryImageOfPage":{"@id":"https:\/\/talia-fashion.pl\/produkt\/jasnoszara-welniana-marynarka-premium-wiazana-oslo\/#primaryimage"},"image":{"@id":"https:\/\/talia-fashion.pl\/produkt\/jasnoszara-welniana-marynarka-premium-wiazana-oslo\/#primaryimage"},"thumbnailUrl":"https:\/\/talia-fashion.pl\/wp-content\/uploads\/2024\/01\/jasnoszara-marynarka-welniana-wiazana-z-boku-produkt-premium.jpg","datePublished":"2024-01-27T11:16:40+00:00","dateModified":"2026-03-04T15:01:44+00:00","description":"Jasnoszara we\u0142niana marynarka premium wi\u0105zana - minimalistyczna, dopasowana marynarka wi\u0105zana finezyjnie po boku. Szlachetny materia\u0142 i bazowy kolor.","breadcrumb":{"@id":"https:\/\/talia-fashion.pl\/produkt\/jasnoszara-welniana-marynarka-premium-wiazana-oslo\/#breadcrumb"},"inLanguage":"en-GB","potentialAction":[{"@type":"ReadAction","target":["https:\/\/talia-fashion.pl\/produkt\/jasnoszara-welniana-marynarka-premium-wiazana-oslo\/"]}]},{"@type":"ImageObject","inLanguage":"en-GB","@id":"https:\/\/talia-fashion.pl\/produkt\/jasnoszara-welniana-marynarka-premium-wiazana-oslo\/#primaryimage","url":"https:\/\/talia-fashion.pl\/wp-content\/uploads\/2024\/01\/jasnoszara-marynarka-welniana-wiazana-z-boku-produkt-premium.jpg","contentUrl":"https:\/\/talia-fashion.pl\/wp-content\/uploads\/2024\/01\/jasnoszara-marynarka-welniana-wiazana-z-boku-produkt-premium.jpg","width":1200,"height":1600,"caption":"Jasnoszara marynarka we\u0142niana wi\u0105zana finezyjnie z boku. Dopasowana do sylwetki. Produkt premium."},{"@type":"BreadcrumbList","@id":"https:\/\/talia-fashion.pl\/produkt\/jasnoszara-welniana-marynarka-premium-wiazana-oslo\/#breadcrumb","itemListElement":[{"@type":"ListItem","position":1,"name":"Strona g\u0142\u00f3wna","item":"https:\/\/talia-fashion.pl\/"},{"@type":"ListItem","position":2,"name":"Sklep","item":"https:\/\/talia-fashion.pl\/sklep\/"},{"@type":"ListItem","position":3,"name":"Jasnoszara we\u0142niana marynarka premium wi\u0105zana Oslo"}]},{"@type":"WebSite","@id":"https:\/\/talia-fashion.pl\/#website","url":"https:\/\/talia-fashion.pl\/","name":"Talia Fashion","description":"","potentialAction":[{"@type":"SearchAction","target":{"@type":"EntryPoint","urlTemplate":"https:\/\/talia-fashion.pl\/?s={search_term_string}"},"query-input":{"@type":"PropertyValueSpecification","valueRequired":true,"valueName":"search_term_string"}}],"inLanguage":"en-GB"}]}},"_links":{"self":[{"href":"https:\/\/talia-fashion.pl\/en\/wp-json\/wp\/v2\/product\/5312","targetHints":{"allow":["GET"]}}],"collection":[{"href":"https:\/\/talia-fashion.pl\/en\/wp-json\/wp\/v2\/product"}],"about":[{"href":"https:\/\/talia-fashion.pl\/en\/wp-json\/wp\/v2\/types\/product"}],"wp:featuredmedia":[{"embeddable":true,"href":"https:\/\/talia-fashion.pl\/en\/wp-json\/wp\/v2\/media\/262278"}],"wp:attachment":[{"href":"https:\/\/talia-fashion.pl\/en\/wp-json\/wp\/v2\/media?parent=5312"}],"wp:term":[{"taxonomy":"product_cat","embeddable":true,"href":"https:\/\/talia-fashion.pl\/en\/wp-json\/wp\/v2\/product_cat?post=5312"},{"taxonomy":"product_tag","embeddable":true,"href":"https:\/\/talia-fashion.pl\/en\/wp-json\/wp\/v2\/product_tag?post=5312"}],"curies":[{"name":"wp","href":"https:\/\/api.w.org\/{rel}","templated":true}]}}