{"id":5288,"date":"2024-01-25T14:33:49","date_gmt":"2024-01-25T13:33:49","guid":{"rendered":"http:\/\/talia-fashion.pl\/produkt\/dlugi-szlafrokowy-plaszcz-off-white-malaga\/"},"modified":"2026-03-23T08:36:18","modified_gmt":"2026-03-23T07:36:18","slug":"dlugi-szlafrokowy-plaszcz-off-white-malaga","status":"publish","type":"product","link":"https:\/\/talia-fashion.pl\/en\/product\/dlugi-szlafrokowy-plaszcz-off-white-malaga\/","title":{"rendered":"Long dressing gown coat off-white Malaga"},"content":{"rendered":"<p>D\u0142ugi szlafrokowy p\u0142aszcz off-white Malaga to nasza propozycja wiosennego trencza o fasonie szlafrokowym w z\u0142amanej bieli. Tego wygodnego w kroju i ponadczasowego fasonu nie mog\u0142o zabrakn\u0105\u0107 po\u015br\u00f3d okry\u0107 wierzchnich na przej\u015bciowe pory roku. <span lang=\"DE\">Uszyty zosta\u0142 z przepi\u0119knego, plastycznego materia\u0142u i acetatowej, oddychaj\u0105cej podszewki. D\u0142ugo\u015b\u0107 maxi nadaje mu eleganckiego charakteru, a dopasowany kr\u00f3j wysmukla sylwetk\u0119.\u00a0<\/span><span lang=\"DE\">Przody p\u0142aszcza zosta\u0142y dodatkowo podklejone bardzo delikatn\u0105 klejonk\u0105, stabilizuj\u0105ca w\u0142\u00f3kna, podkre\u015blaj\u0105c\u0105 w\u0142a\u015bciwo\u015bci tkaniny i nadaj\u0105c\u0105 p\u0142aszczowi luksusowego wygl\u0105du.\u00a0<\/span><\/p>\n<p><span lang=\"DE\">P\u0142aszcz ma klasycznie wszywane r\u0119kawy ozdobione patk\u0105 z guzikiem. Wyk\u0142adany ko\u0142nierz z klapami typu rewers, kt\u00f3ry mo\u017cna postawi\u0107 na sztorc w ch\u0142odniejsze, wietrzne dni. Taliowany ty\u0142 wyko\u0144czony rozporkiem, profilowany prz\u00f3d, dwurz\u0119dowe zapi\u0119cie na specjalnie farbowane guziki w kontrastowym kolorze. Z przodu dwie sko\u015bne kieszenie dodaj\u0105 praktyczno\u015bci. I ca\u0142o\u015b\u0107 wi\u0105zana paskiem, uszytym z tego samego materia\u0142u. Co pozwala na lepsze dopasowanie i podkre\u015blenie talii. Pasek mo\u017cna wi\u0105za\u0107 r\u00f3wnie\u017c z ty\u0142u p\u0142aszcza stylizuj\u0105c go na spos\u00f3b francuski i optycznie wyszczuplaj\u0105c sylwetk\u0119.<\/span><\/p>\n<p>Ka\u017cdy detal tego d\u0142ugiego szlafrokowego p\u0142aszcza typu trencz zosta\u0142 przez nas starannie dopracowny, by przykuwa\u0107 uwag\u0119 i by podkre\u015bli\u0107 Tw\u00f3j wyj\u0105tkowy styl. M<span lang=\"DE\">ust-have w wiosennej i jesiennej szafie kapsu\u0142owej.<\/span><\/p>\n<p>Klasyczna linia tego d\u0142ugiego trencza pozwoli Ci na pi\u0119kne podkre\u015blenie sylwetki. Wi\u0105zany pasek podkre\u015bli Twoj\u0105 tali\u0119 a sam p\u0142aszcz b\u0119dzie wygl\u0105da\u0142 znakomicie zar\u00f3wno w wersji zapi\u0119tej jak i rozpi\u0119tej. P\u0142aszcz doskonale pasuje do r\u00f3\u017cnych stylizacji i jest \u015bwietn\u0105 alternatyw\u0105 dla kurtki typu bomberka oraz marynarki czy ramoneski. Sukienka i szpilki, garnitur i sk\u00f3rzane loafersy, jeansowe spodnie i bia\u0142e trampki &#8211; wszystko zale\u017cy od Ciebie.<\/p>\n<p>Modelka ma 174cm wzrostu i prezentuje rozmiar S.<\/p>\n<p>If you're wondering which coat to choose, we suggest you take a look at our tips\u00a0<a href=\"https:\/\/talia-fashion.pl\/en\/jak-dobrac-plaszcz-do-sylwetki\/\">How do you choose a coat to suit your figure?<\/a><\/p>\n<p><span lang=\"DE\">Zdj\u0119cie rzeczywiste &#8211;\u00a0 kremowy (off-white &#8211; z\u0142amana biel)<\/span><br \/>\n<span lang=\"DE\">Je\u015bli planujesz rozja\u015bni\u0107 si\u0119 na wiosn\u0119 d\u0142ugi szlafrokowy p\u0142aszcz off-white Malaga to idealny wyb\u00f3r. Dost\u0119pny jest r\u00f3wnie\u017c w takich bazowych kolorach jak: jasny be\u017cowy, jasny popiel, czarny. Na specjalne \u017cyczenie uszyjemy go r\u00f3wnie\u017c w b\u0142\u0119kicie i pudrowym r\u00f3\u017cu.<br \/>\n<\/span><\/p>\n<p><span lang=\"DE\">Zdj\u0119cia prezentuj\u0105ce kolory umie\u015bcili\u015bmy pogl\u0105dowo w <a href=\"https:\/\/talia-fashion.pl\/en\/paleta-kolorow\/\">colour palette<\/a>. If in doubt, please contact us.<\/span><\/p>\n<p><span lang=\"DE\">Available sizes: XS, S, M, L, XL<\/span><\/p>\n<p><span lang=\"DE\">Indicative dimensions:<\/span><\/p>\n<p><span lang=\"DE\">XS &#8211; biust: 86-88 \/ biodra: 92-94 \/ d\u0142ugo\u015b\u0107: 118 \/ r\u0119kaw: 61<\/span><br \/>\n<span lang=\"DE\">S &#8211; biust: 90-92 \/ biodra: 96-98 \/ d\u0142ugo\u015b\u0107: 119 \/ r\u0119kaw: 61,5<br \/>\nM &#8211; biust: 94-96\u00a0\u00a0\/ biodra: 100-102 \/ d\u0142ugo\u015b\u0107: 119 \/ r\u0119kaw: 62<br \/>\nL &#8211; biust: 98-100 \/ biodra: 104-106 \/ d\u0142ugo\u015b\u0107: 120 \/ r\u0119kaw: 63<br \/>\nXL &#8211; biust: 104-106 \/ biodra: 110-112 \/ d\u0142ugo\u015b\u0107: 120 \/ r\u0119kaw: 64<\/span><\/p>\n<p>Modelka ma wzrost: 174cm i rozmiar S<\/p>\n<p><span lang=\"DE\">If you are unsure of your size selection, please contact us.<\/span><\/p>\n<p><span lang=\"DE\">Material: 63% polyester, 33% viscose, 4% elastane<\/span><\/p>\n<p>Lining: 100% acetate<\/p>\n<p>Like viscose, acetate is produced from cellulose. Acetate yarn can also be made from recycled cellulose such as paper. The acetate lining is excellent at absorbing moisture and permeable to air. It is coated with an antistatic apprettee and is OEKOtex\u00ae Standard 100 certified. It ideally provides thermal comfort and is comfortable to wear.<\/p>\n<p><span lang=\"DE\">D\u0142ugi szlafrokowy p\u0142aszcz off-white Malaga z<\/span>aprojektowali\u015bmy i uszyli\u015bmy w naszej pracowni, tradycyjnymi i pracoch\u0142onnymi metodami w spos\u00f3b przyjazny dla \u015brodowiska. W trenczu Malaga nawet ka\u017cdy guzik zosta\u0142 przyszyty r\u0119cznie. Od ponad 37 lat staramy si\u0119 piel\u0119gnowa\u0107 polskie rzemios\u0142o i dzi\u0119ki Wam ubieramy kolejne pokolenia. Dzi\u0119kujemy, \u017ce wybieracie lokalne produkty i cenicie prac\u0119 naszych r\u0105k.<\/p>\n<p>Zalecamy chemiczne czyszczenie p\u0142aszcza.\u00a0 Dodatkowo aby zadba\u0107 o jego kondycj\u0119 wystarczy kilka prostych nawyk\u00f3w \u2013 jakich? podpowiadamy w naszej zak\u0142adce: <a href=\"https:\/\/talia-fashion.pl\/en\/jak-pielegnowac-i-dbac-o-plaszcz\/\">How to nurture and care for the coat?<\/a> Zupe\u0142nie podstawowe czynno\u015bci jak: odpowiednie wieszanie, wietrzenie i unikanie zahacze\u0144 sprawi, \u017ce Tw\u00f3j p\u0142aszcz d\u0142ugo pozostanie pi\u0119kny. Dzi\u0119ki temu r\u00f3wnie\u017c pomagasz chroni\u0107 \u015brodowisko.<\/p>\n<p><span lang=\"DE\">Istnieje mo\u017cliwo\u015b\u0107 skr\u00f3cenia, b\u0105d\u017a wyd\u0142u\u017cenia r\u0119kaw\u00f3w, wyd\u0142u\u017cenia lub\u00a0 skr\u00f3cenia p\u0142aszcza \u2013 tak\u0105 us\u0142ug\u0119 wykonamy na specjalne <strong>Indywidualne Zam\u00f3wienie. <\/strong>Je\u015bli chcesz zam\u00f3wi\u0107 tak\u0105 us\u0142ug\u0119, skontaktuj si\u0119 z nami (najlepiej mailowo), wtedy ustalimy czy oczekiwana modyfikacja jest mo\u017cliwa i jaki b\u0119dzie jej koszt.<\/span><\/p>\n<p><strong>An individual order is not subject to exchange or refund.<\/strong><\/p>\n<p><span lang=\"DE\">Czas realizacji zam\u00f3wienia uzale\u017cniamy od aktualnego stanu magazynowego w pracowni. Je\u015bli dany p\u0142aszcz jest uszyty realizacja zam\u00f3wienia nast\u0105pi w ci\u0105gu 2-5 dni roboczych. Je\u015bli konieczne jest uszycie p\u0142aszcza b\u0105d\u017a indywidualizacja zam\u00f3wienia \u2013 wykonanie przer\u00f3bki lub uszycie nowego p\u0142aszcza wed\u0142ug specyfikacji Klienta\u2013 czas realizacji zam\u00f3wienia mo\u017ce ulec wyd\u0142u\u017ceniu, maksymalnie do 2 tygodni. <\/span><\/p>\n<p>Wi\u0119kszo\u015b\u0107 naszych p\u0142aszczy nie szyjemy na magazyn, <strong>wi\u0119c czas realizacji mo\u017ce potrwa\u0107 do 14 dni. <\/strong>Prosimy o cierpliwo\u015b\u0107, musimy uszy\u0107 ten p\u0142aszcz dla Ciebie. Postaramy si\u0119 jednak jak najszybciej zrealizowa\u0107 zam\u00f3wienie.<\/p>\n<p>We encourage you to like our fanpage on <a href=\"https:\/\/www.facebook.com\/talia.plaszcze\">Facebook<\/a> i <a href=\"https:\/\/www.instagram.com\/talia_plaszcze\/\">Instagram<\/a><\/p>","protected":false},"excerpt":{"rendered":"<p>D\u0142ugi szlafrokowy p\u0142aszcz off-white Malaga to nasza propozycja wiosennego trencza o fasonie szlafrokowym w z\u0142amanej bieli. Tego wygodnego w kroju i ponadczasowego&hellip;<\/p>","protected":false},"featured_media":884,"template":"","meta":{"_acf_changed":false},"product_cat":[36,27],"product_tag":[32,33,34,39,41,42,43,44,46,68,47,259,122,49,50,260,161,69,60,61,52,114,97,88],"class_list":{"0":"post-5288","1":"product","2":"type-product","3":"status-publish","4":"has-post-thumbnail","6":"product_cat-plaszcze-dluzsze","7":"product_cat-trencze","8":"product_tag-dopasowany-kroj","9":"product_tag-dwurzedowy","10":"product_tag-handmade","11":"product_tag-klasyczny","12":"product_tag-na-podszewce","13":"product_tag-nowosc","14":"product_tag-plaszcz-damski","15":"product_tag-plaszcz-damski-dlugi","16":"product_tag-plaszcz-dwurzedowy","17":"product_tag-plaszcz-jesienny","18":"product_tag-plaszcz-na-guziki","19":"product_tag-plaszcz-na-wiosne","20":"product_tag-plaszcz-szlafrokowy","21":"product_tag-plaszcz-wiosenny","22":"product_tag-plaszcz-z-rewersem","23":"product_tag-plaszcze-przejsciowe","24":"product_tag-polski-producent","25":"product_tag-prochowiec","26":"product_tag-producent-plaszczy-damskich","27":"product_tag-recznie-szyty","28":"product_tag-szylkretowe-guziki","29":"product_tag-tencel","30":"product_tag-trencz","31":"product_tag-wiazany","33":"first","34":"instock","35":"shipping-taxable","36":"purchasable","37":"product-type-variable","38":"has-default-attributes"},"acf":[],"yoast_head":"<!-- This site is optimized with the Yoast SEO plugin v25.7 - https:\/\/yoast.com\/wordpress\/plugins\/seo\/ -->\n<title>D\u0142ugi szlafrokowy p\u0142aszcz off-white Malaga - jako\u015b\u0107 premium<\/title>\n<meta name=\"description\" content=\"D\u0142ugi szlafrokowy p\u0142aszcz trencz to propozycja wiosennego trencza o fasonie szlafrokowym. Klasyczny, wi\u0105zany p\u0142aszcz. Must have w ka\u017cdej szafie kapsu\u0142owej.\" \/>\n<meta name=\"robots\" content=\"index, follow, max-snippet:-1, max-image-preview:large, max-video-preview:-1\" \/>\n<link rel=\"canonical\" href=\"https:\/\/talia-fashion.pl\/en\/product\/dlugi-szlafrokowy-plaszcz-off-white-malaga\/\" \/>\n<meta property=\"og:locale\" content=\"en_GB\" \/>\n<meta property=\"og:type\" content=\"article\" \/>\n<meta property=\"og:title\" content=\"D\u0142ugi szlafrokowy p\u0142aszcz off-white Malaga - jako\u015b\u0107 premium\" \/>\n<meta property=\"og:description\" content=\"D\u0142ugi szlafrokowy p\u0142aszcz trencz to propozycja wiosennego trencza o fasonie szlafrokowym. Klasyczny, wi\u0105zany p\u0142aszcz. Must have w ka\u017cdej szafie kapsu\u0142owej.\" \/>\n<meta property=\"og:url\" content=\"https:\/\/talia-fashion.pl\/en\/product\/dlugi-szlafrokowy-plaszcz-off-white-malaga\/\" \/>\n<meta property=\"og:site_name\" content=\"Talia Fashion\" \/>\n<meta property=\"article:modified_time\" content=\"2026-03-23T07:36:18+00:00\" \/>\n<meta property=\"og:image\" content=\"https:\/\/talia-fashion.pl\/wp-content\/uploads\/2024\/10\/dlugi_szlafrokowy_plaszcz_damski_off_white_trencz_damski_minimalistyczny_styl.jpg\" \/>\n\t<meta property=\"og:image:width\" content=\"1500\" \/>\n\t<meta property=\"og:image:height\" content=\"2000\" \/>\n\t<meta property=\"og:image:type\" content=\"image\/jpeg\" \/>\n<meta name=\"twitter:card\" content=\"summary_large_image\" \/>\n<meta name=\"twitter:label1\" content=\"Estimated reading time\" \/>\n\t<meta name=\"twitter:data1\" content=\"4 minutes\" \/>\n<script type=\"application\/ld+json\" class=\"yoast-schema-graph\">{\"@context\":\"https:\/\/schema.org\",\"@graph\":[{\"@type\":\"WebPage\",\"@id\":\"https:\/\/talia-fashion.pl\/produkt\/dlugi-szlafrokowy-plaszcz-off-white-malaga\/\",\"url\":\"https:\/\/talia-fashion.pl\/produkt\/dlugi-szlafrokowy-plaszcz-off-white-malaga\/\",\"name\":\"D\u0142ugi szlafrokowy p\u0142aszcz off-white Malaga - jako\u015b\u0107 premium\",\"isPartOf\":{\"@id\":\"https:\/\/talia-fashion.pl\/#website\"},\"primaryImageOfPage\":{\"@id\":\"https:\/\/talia-fashion.pl\/produkt\/dlugi-szlafrokowy-plaszcz-off-white-malaga\/#primaryimage\"},\"image\":{\"@id\":\"https:\/\/talia-fashion.pl\/produkt\/dlugi-szlafrokowy-plaszcz-off-white-malaga\/#primaryimage\"},\"thumbnailUrl\":\"https:\/\/talia-fashion.pl\/wp-content\/uploads\/2024\/10\/dlugi_szlafrokowy_plaszcz_damski_off_white_trencz_damski_minimalistyczny_styl.jpg\",\"datePublished\":\"2024-01-25T13:33:49+00:00\",\"dateModified\":\"2026-03-23T07:36:18+00:00\",\"description\":\"D\u0142ugi szlafrokowy p\u0142aszcz trencz to propozycja wiosennego trencza o fasonie szlafrokowym. Klasyczny, wi\u0105zany p\u0142aszcz. Must have w ka\u017cdej szafie kapsu\u0142owej.\",\"breadcrumb\":{\"@id\":\"https:\/\/talia-fashion.pl\/produkt\/dlugi-szlafrokowy-plaszcz-off-white-malaga\/#breadcrumb\"},\"inLanguage\":\"en-GB\",\"potentialAction\":[{\"@type\":\"ReadAction\",\"target\":[\"https:\/\/talia-fashion.pl\/produkt\/dlugi-szlafrokowy-plaszcz-off-white-malaga\/\"]}]},{\"@type\":\"ImageObject\",\"inLanguage\":\"en-GB\",\"@id\":\"https:\/\/talia-fashion.pl\/produkt\/dlugi-szlafrokowy-plaszcz-off-white-malaga\/#primaryimage\",\"url\":\"https:\/\/talia-fashion.pl\/wp-content\/uploads\/2024\/10\/dlugi_szlafrokowy_plaszcz_damski_off_white_trencz_damski_minimalistyczny_styl.jpg\",\"contentUrl\":\"https:\/\/talia-fashion.pl\/wp-content\/uploads\/2024\/10\/dlugi_szlafrokowy_plaszcz_damski_off_white_trencz_damski_minimalistyczny_styl.jpg\",\"width\":1500,\"height\":2000,\"caption\":\"D\u0142ugi trencz damski w minimalistycznym stylu. Kr\u00f3j szlafrokowy, wygodny. Wyk\u0142adany ko\u0142nierz typu rewers. Zapi\u0119cie dwurz\u0119dowe na guziki. Dodatkowo wi\u0105zany w pasie. Idealny na przej\u015bciowe pory roku.\"},{\"@type\":\"BreadcrumbList\",\"@id\":\"https:\/\/talia-fashion.pl\/produkt\/dlugi-szlafrokowy-plaszcz-off-white-malaga\/#breadcrumb\",\"itemListElement\":[{\"@type\":\"ListItem\",\"position\":1,\"name\":\"Strona g\u0142\u00f3wna\",\"item\":\"https:\/\/talia-fashion.pl\/\"},{\"@type\":\"ListItem\",\"position\":2,\"name\":\"Sklep\",\"item\":\"https:\/\/talia-fashion.pl\/sklep\/\"},{\"@type\":\"ListItem\",\"position\":3,\"name\":\"D\u0142ugi szlafrokowy p\u0142aszcz off-white Malaga\"}]},{\"@type\":\"WebSite\",\"@id\":\"https:\/\/talia-fashion.pl\/#website\",\"url\":\"https:\/\/talia-fashion.pl\/\",\"name\":\"Talia Fashion\",\"description\":\"\",\"potentialAction\":[{\"@type\":\"SearchAction\",\"target\":{\"@type\":\"EntryPoint\",\"urlTemplate\":\"https:\/\/talia-fashion.pl\/?s={search_term_string}\"},\"query-input\":{\"@type\":\"PropertyValueSpecification\",\"valueRequired\":true,\"valueName\":\"search_term_string\"}}],\"inLanguage\":\"en-GB\"}]}<\/script>\n<!-- \/ Yoast SEO plugin. -->","yoast_head_json":{"title":"D\u0142ugi szlafrokowy p\u0142aszcz off-white Malaga - jako\u015b\u0107 premium","description":"D\u0142ugi szlafrokowy p\u0142aszcz trencz to propozycja wiosennego trencza o fasonie szlafrokowym. Klasyczny, wi\u0105zany p\u0142aszcz. Must have w ka\u017cdej szafie kapsu\u0142owej.","robots":{"index":"index","follow":"follow","max-snippet":"max-snippet:-1","max-image-preview":"max-image-preview:large","max-video-preview":"max-video-preview:-1"},"canonical":"https:\/\/talia-fashion.pl\/en\/product\/dlugi-szlafrokowy-plaszcz-off-white-malaga\/","og_locale":"en_GB","og_type":"article","og_title":"D\u0142ugi szlafrokowy p\u0142aszcz off-white Malaga - jako\u015b\u0107 premium","og_description":"D\u0142ugi szlafrokowy p\u0142aszcz trencz to propozycja wiosennego trencza o fasonie szlafrokowym. Klasyczny, wi\u0105zany p\u0142aszcz. Must have w ka\u017cdej szafie kapsu\u0142owej.","og_url":"https:\/\/talia-fashion.pl\/en\/product\/dlugi-szlafrokowy-plaszcz-off-white-malaga\/","og_site_name":"Talia Fashion","article_modified_time":"2026-03-23T07:36:18+00:00","og_image":[{"width":1500,"height":2000,"url":"https:\/\/talia-fashion.pl\/wp-content\/uploads\/2024\/10\/dlugi_szlafrokowy_plaszcz_damski_off_white_trencz_damski_minimalistyczny_styl.jpg","type":"image\/jpeg"}],"twitter_card":"summary_large_image","twitter_misc":{"Estimated reading time":"4 minutes"},"schema":{"@context":"https:\/\/schema.org","@graph":[{"@type":"WebPage","@id":"https:\/\/talia-fashion.pl\/produkt\/dlugi-szlafrokowy-plaszcz-off-white-malaga\/","url":"https:\/\/talia-fashion.pl\/produkt\/dlugi-szlafrokowy-plaszcz-off-white-malaga\/","name":"D\u0142ugi szlafrokowy p\u0142aszcz off-white Malaga - jako\u015b\u0107 premium","isPartOf":{"@id":"https:\/\/talia-fashion.pl\/#website"},"primaryImageOfPage":{"@id":"https:\/\/talia-fashion.pl\/produkt\/dlugi-szlafrokowy-plaszcz-off-white-malaga\/#primaryimage"},"image":{"@id":"https:\/\/talia-fashion.pl\/produkt\/dlugi-szlafrokowy-plaszcz-off-white-malaga\/#primaryimage"},"thumbnailUrl":"https:\/\/talia-fashion.pl\/wp-content\/uploads\/2024\/10\/dlugi_szlafrokowy_plaszcz_damski_off_white_trencz_damski_minimalistyczny_styl.jpg","datePublished":"2024-01-25T13:33:49+00:00","dateModified":"2026-03-23T07:36:18+00:00","description":"D\u0142ugi szlafrokowy p\u0142aszcz trencz to propozycja wiosennego trencza o fasonie szlafrokowym. Klasyczny, wi\u0105zany p\u0142aszcz. Must have w ka\u017cdej szafie kapsu\u0142owej.","breadcrumb":{"@id":"https:\/\/talia-fashion.pl\/produkt\/dlugi-szlafrokowy-plaszcz-off-white-malaga\/#breadcrumb"},"inLanguage":"en-GB","potentialAction":[{"@type":"ReadAction","target":["https:\/\/talia-fashion.pl\/produkt\/dlugi-szlafrokowy-plaszcz-off-white-malaga\/"]}]},{"@type":"ImageObject","inLanguage":"en-GB","@id":"https:\/\/talia-fashion.pl\/produkt\/dlugi-szlafrokowy-plaszcz-off-white-malaga\/#primaryimage","url":"https:\/\/talia-fashion.pl\/wp-content\/uploads\/2024\/10\/dlugi_szlafrokowy_plaszcz_damski_off_white_trencz_damski_minimalistyczny_styl.jpg","contentUrl":"https:\/\/talia-fashion.pl\/wp-content\/uploads\/2024\/10\/dlugi_szlafrokowy_plaszcz_damski_off_white_trencz_damski_minimalistyczny_styl.jpg","width":1500,"height":2000,"caption":"D\u0142ugi trencz damski w minimalistycznym stylu. Kr\u00f3j szlafrokowy, wygodny. Wyk\u0142adany ko\u0142nierz typu rewers. Zapi\u0119cie dwurz\u0119dowe na guziki. Dodatkowo wi\u0105zany w pasie. Idealny na przej\u015bciowe pory roku."},{"@type":"BreadcrumbList","@id":"https:\/\/talia-fashion.pl\/produkt\/dlugi-szlafrokowy-plaszcz-off-white-malaga\/#breadcrumb","itemListElement":[{"@type":"ListItem","position":1,"name":"Strona g\u0142\u00f3wna","item":"https:\/\/talia-fashion.pl\/"},{"@type":"ListItem","position":2,"name":"Sklep","item":"https:\/\/talia-fashion.pl\/sklep\/"},{"@type":"ListItem","position":3,"name":"D\u0142ugi szlafrokowy p\u0142aszcz off-white Malaga"}]},{"@type":"WebSite","@id":"https:\/\/talia-fashion.pl\/#website","url":"https:\/\/talia-fashion.pl\/","name":"Talia Fashion","description":"","potentialAction":[{"@type":"SearchAction","target":{"@type":"EntryPoint","urlTemplate":"https:\/\/talia-fashion.pl\/?s={search_term_string}"},"query-input":{"@type":"PropertyValueSpecification","valueRequired":true,"valueName":"search_term_string"}}],"inLanguage":"en-GB"}]}},"_links":{"self":[{"href":"https:\/\/talia-fashion.pl\/en\/wp-json\/wp\/v2\/product\/5288","targetHints":{"allow":["GET"]}}],"collection":[{"href":"https:\/\/talia-fashion.pl\/en\/wp-json\/wp\/v2\/product"}],"about":[{"href":"https:\/\/talia-fashion.pl\/en\/wp-json\/wp\/v2\/types\/product"}],"wp:featuredmedia":[{"embeddable":true,"href":"https:\/\/talia-fashion.pl\/en\/wp-json\/wp\/v2\/media\/884"}],"wp:attachment":[{"href":"https:\/\/talia-fashion.pl\/en\/wp-json\/wp\/v2\/media?parent=5288"}],"wp:term":[{"taxonomy":"product_cat","embeddable":true,"href":"https:\/\/talia-fashion.pl\/en\/wp-json\/wp\/v2\/product_cat?post=5288"},{"taxonomy":"product_tag","embeddable":true,"href":"https:\/\/talia-fashion.pl\/en\/wp-json\/wp\/v2\/product_tag?post=5288"}],"curies":[{"name":"wp","href":"https:\/\/api.w.org\/{rel}","templated":true}]}}