{"id":5265,"date":"2024-01-13T11:46:48","date_gmt":"2024-01-13T10:46:48","guid":{"rendered":"http:\/\/talia-fashion.pl\/produkt\/dlugi-bawelniany-trencz-damski-orlando\/"},"modified":"2026-04-18T17:20:25","modified_gmt":"2026-04-18T15:20:25","slug":"dlugi-bawelniany-trencz-damski-orlando","status":"publish","type":"product","link":"https:\/\/talia-fashion.pl\/en\/product\/dlugi-bawelniany-trencz-damski-orlando\/","title":{"rendered":"Women's long cotton trench Orlando"},"content":{"rendered":"<p>D\u0142ugi bawe\u0142niany trencz damski Orlando to stylowy i ponadczasowy p\u0142aszcz uszyty z g\u0142adkiej mieszanki bawe\u0142ny i acetatowej, oddychaj\u0105cej podszewki. <strong>Mid-calf length<\/strong> and <strong>minimalistyczny, dopasowany kr\u00f3j<\/strong> wysmukla sylwetk\u0119. P\u0142aszczyk z dwurz\u0119dowym zapi\u0119ciem na guziki, z ko\u0142nierzem typu rewers z otwartymi klapami. Pi\u0119kny wyk\u0142adany ko\u0142nierz mo\u017cna wywin\u0105\u0107 i uzyska\u0107 stylizacj\u0119 z ko\u0142nierzykiem w szpic. Modnie i funkcjonalnie, szczegolnie w ch\u0142odniejsze, wietrzne dni. Dodatkowo, mo\u017cna go wi\u0105za\u0107 paskiem, co pozwala na lepsze dopasowanie i podkre\u015blenie talii. Pasek mo\u017cna wi\u0105za\u0107 r\u00f3wnie\u017c z ty\u0142u trencza stylizuj\u0105c go na spos\u00f3b francuski, optycznie wyszczuplaj\u0105c sylwetk\u0119. Ten spos\u00f3b noszenia prochowca \u015bwietnie sprawdza si\u0119 w stylizacjach wielowarstowych lub w kt\u00f3rych planujesz postawi\u0107 akcent na inny element garderoby. Prochowiec ma taliowany ty\u0142, prz\u00f3d jest delikatnie profilowany, dzi\u0119ki czemu swobodnie op\u0142ywa sylwetk\u0119. Ty\u0142 p\u0142aszcza z rozporkiem na dole. R\u0119kawy wyko\u0144czone ozdobnymi patkami z guzikiem. Z przodu dwie sko\u015bne kieszenie dodaj\u0105 praktyczno\u015bci.<\/p>\n<p>Ka\u017cdy detal tego dopasowanego bawe\u0142nianego trencza\u00a0 zosta\u0142 przez nas starannie dopracowny, by przykuwa\u0107 uwag\u0119 i by podkre\u015bli\u0107 Tw\u00f3j wyj\u0105tkowy styl. M<span lang=\"DE\">ust-have w wiosennej i jesiennej szafie kapsu\u0142owej.<\/span><\/p>\n<p>Klasyczna linia tego d\u0142ugiego bawe\u0142nianego trencza pozwoli Ci na pi\u0119kne podkre\u015blenie sylwetki. Wi\u0105zany pasek podkre\u015bli Twoj\u0105 tali\u0119 a sam p\u0142aszcz b\u0119dzie wygl\u0105da\u0142 znakomicie zar\u00f3wno w wersji zapi\u0119tej jak i rozpi\u0119tej. P\u0142aszcz doskonale pasuje do r\u00f3\u017cnych stylizacji i jest \u015bwietn\u0105 alternatyw\u0105 dla kurtki typu bomberka oraz marynarki czy ramoneski. Sukienka i szpilki, garnitur i sk\u00f3rzane loafersy na platformie, jeansowe spodnie i bia\u0142e trampki &#8211; wszystko zale\u017cy od Ciebie.<\/p>\n<p>Modelka ma 174cm wzrostu i prezentuje rozmiar S.<\/p>\n<p>If you're wondering which coat to choose, we suggest you take a look at our tips\u00a0<a href=\"https:\/\/talia-fashion.pl\/en\/jak-dobrac-plaszcz-do-sylwetki\/\">How do you choose a coat to suit your figure?<\/a><\/p>\n<p><span lang=\"DE\">Zdj\u0119cie rzeczywiste &#8211; khaki<\/span><br \/>\n<span lang=\"DE\">Je\u015bli planujesz rozja\u015bni\u0107 si\u0119 na wiosn\u0119, d\u0142ugi bawe\u0142niany trencz Orlando dost\u0119pny jest r\u00f3wnie\u017c w ja\u015bniejszych bazowych kolorach jak: ch\u0142odny krem, jasny popiel czy ciemny be\u017c.<br \/>\n<\/span><\/p>\n<p><span lang=\"DE\">Zdj\u0119cia prezentuj\u0105ce kolory umie\u015bcili\u015bmy pogl\u0105dowo w <a href=\"https:\/\/talia-fashion.pl\/en\/paleta-kolorow\/\">colour palette<\/a>. If in doubt, please contact us.<\/span><\/p>\n<p><span lang=\"DE\">Available sizes: XS, S, M, L<br \/>\n<\/span><\/p>\n<p><span lang=\"DE\">Indicative dimensions:<\/span><\/p>\n<p><span lang=\"DE\">XS &#8211; biust: 86-88 \/ biodra: 92-94 \/ d\u0142ugo\u015b\u0107: 116 \/ r\u0119kaw: 61<\/span><br \/>\n<span lang=\"DE\">S &#8211; biust: 90-92 \/ biodra: 96-98 \/ d\u0142ugo\u015b\u0107: 117 \/ r\u0119kaw: 61,5<br \/>\nM &#8211; biust: 94-96\u00a0\u00a0\/ biodra: 100-102 \/ d\u0142ugo\u015b\u0107: 117 \/ r\u0119kaw: 62<br \/>\nL &#8211; biust: 98-100 \/ biodra: 104-106 \/ d\u0142ugo\u015b\u0107: 118 \/ r\u0119kaw: 63<br \/>\nXL &#8211; biust: 104-106 \/ biodra: 110-112 \/ d\u0142ugo\u015b\u0107: 118 \/ r\u0119kaw: 64<\/span><\/p>\n<p>Modelka ma wzrost: 174cm i rozmiar S<\/p>\n<p><span lang=\"DE\">If you are unsure of your size selection, please contact us.<\/span><\/p>\n<p><span lang=\"DE\">Material: 80<\/span><span lang=\"DE\">% bawe\u0142na, 20% nylon<\/span><\/p>\n<p>Lining: 100% acetate<\/p>\n<p>Acetat podobnie jak wiskoza wytwarzany jest z celulozy. Prz\u0119dza acetatowa mo\u017ce by\u0107 wytworzona r\u00f3wnie\u017c z celulozy przetworzonej np. papieru. Podszewka acetatowa doskonale wch\u0142ania wilgo\u0107 i przepuszcza powietrze. Dzi\u0119ki czemu zapewnia komfort noszenia. Jest powlekana apretur\u0105 antystatyczn\u0105 i posiada certyfikat OEKOtex\u00ae Standard 100.<\/p>\n<p><span lang=\"DE\">D\u0142ugi bawe\u0142niany trencz damski Orlando z<\/span>aprojektowali\u015bmy i uszyli\u015bmy w naszej pracowni, tradycyjnymi i pracoch\u0142onnymi metodami w spos\u00f3b przyjazny dla \u015brodowiska. W trenczu Orlando nawet ka\u017cdy guzik przyszyli\u015bmy r\u0119cznie. Od ponad 35 lat staramy si\u0119 piel\u0119gnowa\u0107 polskie rzemios\u0142o i dzi\u0119ki Wam ubieramy ju\u017c kolejne pokolenia. Dzi\u0119kujemy, \u017ce wybieracie lokalne produkty i cenicie prac\u0119 naszych r\u0105k.<\/p>\n<p>Zalecamy chemiczne czyszczenie p\u0142aszcza.\u00a0 Dodatkowo aby zadba\u0107 o jego kondycj\u0119 wystarczy kilka prostych nawyk\u00f3w \u2013 jakich? podpowiadamy w naszej zak\u0142adce: <a href=\"https:\/\/talia-fashion.pl\/en\/jak-pielegnowac-i-dbac-o-plaszcz\/\">How to nurture and care for the coat?<\/a> Zupe\u0142nie podstawowe czynno\u015bci jak: odpowiednie wieszanie, wietrzenie i unikanie zahacze\u0144 sprawi, \u017ce Tw\u00f3j p\u0142aszcz d\u0142ugo pozostanie pi\u0119kny. Dzi\u0119ki temu r\u00f3wnie\u017c pomagasz chroni\u0107 \u015brodowisko.<\/p>\n<p><span lang=\"DE\">Istnieje mo\u017cliwo\u015b\u0107 skr\u00f3cenia, b\u0105d\u017a wyd\u0142u\u017cenia r\u0119kaw\u00f3w, wyd\u0142u\u017cenia lub\u00a0 skr\u00f3cenia p\u0142aszcza oraz uszycie p\u0142aszcza w rozmiarze XL \u2013 tak\u0105 us\u0142ug\u0119 wykonamy na specjalne <strong>Indywidualne Zam\u00f3wienie. <\/strong>Je\u015bli chcesz zam\u00f3wi\u0107 tak\u0105 us\u0142ug\u0119, skontaktuj si\u0119 z nami (najlepiej mailowo), wtedy ustalimy czy oczekiwana modyfikacja jest mo\u017cliwa i jaki b\u0119dzie jej koszt.<\/span><\/p>\n<p><strong>An individual order is not subject to exchange or refund.<\/strong><\/p>\n<p><span lang=\"DE\">Czas realizacji zam\u00f3wienia uzale\u017cniamy od aktualnego stanu magazynowego w pracowni. Je\u015bli dany p\u0142aszcz jest uszyty realizacja zam\u00f3wienia nast\u0105pi w ci\u0105gu 2-5 dni roboczych. Je\u015bli konieczne jest uszycie p\u0142aszcza b\u0105d\u017a indywidualizacja zam\u00f3wienia \u2013 wykonanie przer\u00f3bki lub uszycie nowego p\u0142aszcza wed\u0142ug specyfikacji Klienta\u2013 czas realizacji zam\u00f3wienia mo\u017ce ulec wyd\u0142u\u017ceniu, maksymalnie do 2 tygodni. <\/span><\/p>\n<p>Wi\u0119kszo\u015b\u0107 naszych p\u0142aszczy nie szyjemy na magazyn, <strong>wi\u0119c czas realizacji mo\u017ce potrwa\u0107 do 14 dni. <\/strong>Prosimy o cierpliwo\u015b\u0107, musimy uszy\u0107 ten p\u0142aszcz dla Ciebie. Postaramy si\u0119 jednak jak najszybciej zrealizowa\u0107 zam\u00f3wienie.<\/p>\n<p>We encourage you to like our fanpage on <a href=\"https:\/\/www.facebook.com\/talia.plaszcze\">Facebook<\/a> i <a href=\"https:\/\/www.instagram.com\/talia_plaszcze\/\">Instagram<\/a><\/p>","protected":false},"excerpt":{"rendered":"<p>D\u0142ugi bawe\u0142niany trencz damski Orlando to stylowy i ponadczasowy p\u0142aszcz uszyty z g\u0142adkiej mieszanki bawe\u0142ny i acetatowej, oddychaj\u0105cej podszewki. D\u0142ugo\u015b\u0107 do po\u0142owy&hellip;<\/p>","protected":false},"featured_media":878,"template":"","meta":{"_acf_changed":false},"product_cat":[36,27],"product_tag":[112,32,33,34,39,41,42,43,44,46,68,47,59,150,49,50,173,69,61,52,97,258,88],"class_list":{"0":"post-5265","1":"product","2":"type-product","3":"status-publish","4":"has-post-thumbnail","6":"product_cat-plaszcze-dluzsze","7":"product_cat-trencze","8":"product_tag-bawelniany-trencz","9":"product_tag-dopasowany-kroj","10":"product_tag-dwurzedowy","11":"product_tag-handmade","12":"product_tag-klasyczny","13":"product_tag-na-podszewce","14":"product_tag-nowosc","15":"product_tag-plaszcz-damski","16":"product_tag-plaszcz-damski-dlugi","17":"product_tag-plaszcz-dwurzedowy","18":"product_tag-plaszcz-jesienny","19":"product_tag-plaszcz-na-guziki","20":"product_tag-plaszcz-przejsciowy","21":"product_tag-plaszcz-taliowany","22":"product_tag-plaszcz-wiosenny","23":"product_tag-plaszcz-z-rewersem","24":"product_tag-polski-producent-plaszczy","25":"product_tag-prochowiec","26":"product_tag-recznie-szyty","27":"product_tag-szylkretowe-guziki","28":"product_tag-trencz","29":"product_tag-trencz-damski","30":"product_tag-wiazany","32":"first","33":"instock","34":"shipping-taxable","35":"purchasable","36":"product-type-variable","37":"has-default-attributes"},"acf":[],"yoast_head":"<!-- This site is optimized with the Yoast SEO plugin v25.7 - https:\/\/yoast.com\/wordpress\/plugins\/seo\/ -->\n<title>D\u0142ugi bawe\u0142niany trencz damski Orlando - Talia - polski producent p\u0142aszczy<\/title>\n<meta name=\"description\" content=\"D\u0142ugi bawe\u0142niany trencz damski to klasyczny dwurz\u0119dowy p\u0142aszcz podkre\u015blaj\u0105cy sylwetk\u0119. Idealny wiosn\u0105 i jesieni\u0105. Must have w ka\u017cdej szafie kapsu\u0142owej.\" \/>\n<meta name=\"robots\" content=\"index, follow, max-snippet:-1, max-image-preview:large, max-video-preview:-1\" \/>\n<link rel=\"canonical\" href=\"https:\/\/talia-fashion.pl\/en\/product\/dlugi-bawelniany-trencz-damski-orlando\/\" \/>\n<meta property=\"og:locale\" content=\"en_GB\" \/>\n<meta property=\"og:type\" content=\"article\" \/>\n<meta property=\"og:title\" content=\"D\u0142ugi bawe\u0142niany trencz damski Orlando - Talia - polski producent p\u0142aszczy\" \/>\n<meta property=\"og:description\" content=\"D\u0142ugi bawe\u0142niany trencz damski to klasyczny dwurz\u0119dowy p\u0142aszcz podkre\u015blaj\u0105cy sylwetk\u0119. Idealny wiosn\u0105 i jesieni\u0105. Must have w ka\u017cdej szafie kapsu\u0142owej.\" \/>\n<meta property=\"og:url\" content=\"https:\/\/talia-fashion.pl\/en\/product\/dlugi-bawelniany-trencz-damski-orlando\/\" \/>\n<meta property=\"og:site_name\" content=\"Talia Fashion\" \/>\n<meta property=\"article:modified_time\" content=\"2026-04-18T15:20:25+00:00\" \/>\n<meta property=\"og:image\" content=\"https:\/\/talia-fashion.pl\/wp-content\/uploads\/2024\/10\/dlugi_bawelniany_trencz_damski_dopasowany_kroj_plaszcz_przejsciowy-scaled-1.jpg\" \/>\n\t<meta property=\"og:image:width\" content=\"1920\" \/>\n\t<meta property=\"og:image:height\" content=\"2560\" \/>\n\t<meta property=\"og:image:type\" content=\"image\/jpeg\" \/>\n<meta name=\"twitter:card\" content=\"summary_large_image\" \/>\n<meta name=\"twitter:label1\" content=\"Estimated reading time\" \/>\n\t<meta name=\"twitter:data1\" content=\"4 minutes\" \/>\n<script type=\"application\/ld+json\" class=\"yoast-schema-graph\">{\"@context\":\"https:\/\/schema.org\",\"@graph\":[{\"@type\":\"WebPage\",\"@id\":\"https:\/\/talia-fashion.pl\/produkt\/dlugi-bawelniany-trencz-damski-orlando\/\",\"url\":\"https:\/\/talia-fashion.pl\/produkt\/dlugi-bawelniany-trencz-damski-orlando\/\",\"name\":\"D\u0142ugi bawe\u0142niany trencz damski Orlando - Talia - polski producent p\u0142aszczy\",\"isPartOf\":{\"@id\":\"https:\/\/talia-fashion.pl\/#website\"},\"primaryImageOfPage\":{\"@id\":\"https:\/\/talia-fashion.pl\/produkt\/dlugi-bawelniany-trencz-damski-orlando\/#primaryimage\"},\"image\":{\"@id\":\"https:\/\/talia-fashion.pl\/produkt\/dlugi-bawelniany-trencz-damski-orlando\/#primaryimage\"},\"thumbnailUrl\":\"https:\/\/talia-fashion.pl\/wp-content\/uploads\/2024\/10\/dlugi_bawelniany_trencz_damski_dopasowany_kroj_plaszcz_przejsciowy-scaled-1.jpg\",\"datePublished\":\"2024-01-13T10:46:48+00:00\",\"dateModified\":\"2026-04-18T15:20:25+00:00\",\"description\":\"D\u0142ugi bawe\u0142niany trencz damski to klasyczny dwurz\u0119dowy p\u0142aszcz podkre\u015blaj\u0105cy sylwetk\u0119. Idealny wiosn\u0105 i jesieni\u0105. Must have w ka\u017cdej szafie kapsu\u0142owej.\",\"breadcrumb\":{\"@id\":\"https:\/\/talia-fashion.pl\/produkt\/dlugi-bawelniany-trencz-damski-orlando\/#breadcrumb\"},\"inLanguage\":\"en-GB\",\"potentialAction\":[{\"@type\":\"ReadAction\",\"target\":[\"https:\/\/talia-fashion.pl\/produkt\/dlugi-bawelniany-trencz-damski-orlando\/\"]}]},{\"@type\":\"ImageObject\",\"inLanguage\":\"en-GB\",\"@id\":\"https:\/\/talia-fashion.pl\/produkt\/dlugi-bawelniany-trencz-damski-orlando\/#primaryimage\",\"url\":\"https:\/\/talia-fashion.pl\/wp-content\/uploads\/2024\/10\/dlugi_bawelniany_trencz_damski_dopasowany_kroj_plaszcz_przejsciowy-scaled-1.jpg\",\"contentUrl\":\"https:\/\/talia-fashion.pl\/wp-content\/uploads\/2024\/10\/dlugi_bawelniany_trencz_damski_dopasowany_kroj_plaszcz_przejsciowy-scaled-1.jpg\",\"width\":1920,\"height\":2560,\"caption\":\"D\u0142ugi bawe\u0142niany trencz damski o minimalistycznym kroju. Ko\u0142nierz typu rewers, ozdobne patki na r\u0119kawie. Wi\u0105zany. Produkt premium.\"},{\"@type\":\"BreadcrumbList\",\"@id\":\"https:\/\/talia-fashion.pl\/produkt\/dlugi-bawelniany-trencz-damski-orlando\/#breadcrumb\",\"itemListElement\":[{\"@type\":\"ListItem\",\"position\":1,\"name\":\"Strona g\u0142\u00f3wna\",\"item\":\"https:\/\/talia-fashion.pl\/\"},{\"@type\":\"ListItem\",\"position\":2,\"name\":\"Sklep\",\"item\":\"https:\/\/talia-fashion.pl\/sklep\/\"},{\"@type\":\"ListItem\",\"position\":3,\"name\":\"D\u0142ugi bawe\u0142niany trencz damski Orlando\"}]},{\"@type\":\"WebSite\",\"@id\":\"https:\/\/talia-fashion.pl\/#website\",\"url\":\"https:\/\/talia-fashion.pl\/\",\"name\":\"Talia Fashion\",\"description\":\"\",\"potentialAction\":[{\"@type\":\"SearchAction\",\"target\":{\"@type\":\"EntryPoint\",\"urlTemplate\":\"https:\/\/talia-fashion.pl\/?s={search_term_string}\"},\"query-input\":{\"@type\":\"PropertyValueSpecification\",\"valueRequired\":true,\"valueName\":\"search_term_string\"}}],\"inLanguage\":\"en-GB\"}]}<\/script>\n<!-- \/ Yoast SEO plugin. -->","yoast_head_json":{"title":"D\u0142ugi bawe\u0142niany trencz damski Orlando - Talia - polski producent p\u0142aszczy","description":"D\u0142ugi bawe\u0142niany trencz damski to klasyczny dwurz\u0119dowy p\u0142aszcz podkre\u015blaj\u0105cy sylwetk\u0119. Idealny wiosn\u0105 i jesieni\u0105. Must have w ka\u017cdej szafie kapsu\u0142owej.","robots":{"index":"index","follow":"follow","max-snippet":"max-snippet:-1","max-image-preview":"max-image-preview:large","max-video-preview":"max-video-preview:-1"},"canonical":"https:\/\/talia-fashion.pl\/en\/product\/dlugi-bawelniany-trencz-damski-orlando\/","og_locale":"en_GB","og_type":"article","og_title":"D\u0142ugi bawe\u0142niany trencz damski Orlando - Talia - polski producent p\u0142aszczy","og_description":"D\u0142ugi bawe\u0142niany trencz damski to klasyczny dwurz\u0119dowy p\u0142aszcz podkre\u015blaj\u0105cy sylwetk\u0119. Idealny wiosn\u0105 i jesieni\u0105. Must have w ka\u017cdej szafie kapsu\u0142owej.","og_url":"https:\/\/talia-fashion.pl\/en\/product\/dlugi-bawelniany-trencz-damski-orlando\/","og_site_name":"Talia Fashion","article_modified_time":"2026-04-18T15:20:25+00:00","og_image":[{"width":1920,"height":2560,"url":"https:\/\/talia-fashion.pl\/wp-content\/uploads\/2024\/10\/dlugi_bawelniany_trencz_damski_dopasowany_kroj_plaszcz_przejsciowy-scaled-1.jpg","type":"image\/jpeg"}],"twitter_card":"summary_large_image","twitter_misc":{"Estimated reading time":"4 minutes"},"schema":{"@context":"https:\/\/schema.org","@graph":[{"@type":"WebPage","@id":"https:\/\/talia-fashion.pl\/produkt\/dlugi-bawelniany-trencz-damski-orlando\/","url":"https:\/\/talia-fashion.pl\/produkt\/dlugi-bawelniany-trencz-damski-orlando\/","name":"D\u0142ugi bawe\u0142niany trencz damski Orlando - Talia - polski producent p\u0142aszczy","isPartOf":{"@id":"https:\/\/talia-fashion.pl\/#website"},"primaryImageOfPage":{"@id":"https:\/\/talia-fashion.pl\/produkt\/dlugi-bawelniany-trencz-damski-orlando\/#primaryimage"},"image":{"@id":"https:\/\/talia-fashion.pl\/produkt\/dlugi-bawelniany-trencz-damski-orlando\/#primaryimage"},"thumbnailUrl":"https:\/\/talia-fashion.pl\/wp-content\/uploads\/2024\/10\/dlugi_bawelniany_trencz_damski_dopasowany_kroj_plaszcz_przejsciowy-scaled-1.jpg","datePublished":"2024-01-13T10:46:48+00:00","dateModified":"2026-04-18T15:20:25+00:00","description":"D\u0142ugi bawe\u0142niany trencz damski to klasyczny dwurz\u0119dowy p\u0142aszcz podkre\u015blaj\u0105cy sylwetk\u0119. Idealny wiosn\u0105 i jesieni\u0105. Must have w ka\u017cdej szafie kapsu\u0142owej.","breadcrumb":{"@id":"https:\/\/talia-fashion.pl\/produkt\/dlugi-bawelniany-trencz-damski-orlando\/#breadcrumb"},"inLanguage":"en-GB","potentialAction":[{"@type":"ReadAction","target":["https:\/\/talia-fashion.pl\/produkt\/dlugi-bawelniany-trencz-damski-orlando\/"]}]},{"@type":"ImageObject","inLanguage":"en-GB","@id":"https:\/\/talia-fashion.pl\/produkt\/dlugi-bawelniany-trencz-damski-orlando\/#primaryimage","url":"https:\/\/talia-fashion.pl\/wp-content\/uploads\/2024\/10\/dlugi_bawelniany_trencz_damski_dopasowany_kroj_plaszcz_przejsciowy-scaled-1.jpg","contentUrl":"https:\/\/talia-fashion.pl\/wp-content\/uploads\/2024\/10\/dlugi_bawelniany_trencz_damski_dopasowany_kroj_plaszcz_przejsciowy-scaled-1.jpg","width":1920,"height":2560,"caption":"D\u0142ugi bawe\u0142niany trencz damski o minimalistycznym kroju. Ko\u0142nierz typu rewers, ozdobne patki na r\u0119kawie. Wi\u0105zany. Produkt premium."},{"@type":"BreadcrumbList","@id":"https:\/\/talia-fashion.pl\/produkt\/dlugi-bawelniany-trencz-damski-orlando\/#breadcrumb","itemListElement":[{"@type":"ListItem","position":1,"name":"Strona g\u0142\u00f3wna","item":"https:\/\/talia-fashion.pl\/"},{"@type":"ListItem","position":2,"name":"Sklep","item":"https:\/\/talia-fashion.pl\/sklep\/"},{"@type":"ListItem","position":3,"name":"D\u0142ugi bawe\u0142niany trencz damski Orlando"}]},{"@type":"WebSite","@id":"https:\/\/talia-fashion.pl\/#website","url":"https:\/\/talia-fashion.pl\/","name":"Talia Fashion","description":"","potentialAction":[{"@type":"SearchAction","target":{"@type":"EntryPoint","urlTemplate":"https:\/\/talia-fashion.pl\/?s={search_term_string}"},"query-input":{"@type":"PropertyValueSpecification","valueRequired":true,"valueName":"search_term_string"}}],"inLanguage":"en-GB"}]}},"_links":{"self":[{"href":"https:\/\/talia-fashion.pl\/en\/wp-json\/wp\/v2\/product\/5265","targetHints":{"allow":["GET"]}}],"collection":[{"href":"https:\/\/talia-fashion.pl\/en\/wp-json\/wp\/v2\/product"}],"about":[{"href":"https:\/\/talia-fashion.pl\/en\/wp-json\/wp\/v2\/types\/product"}],"wp:featuredmedia":[{"embeddable":true,"href":"https:\/\/talia-fashion.pl\/en\/wp-json\/wp\/v2\/media\/878"}],"wp:attachment":[{"href":"https:\/\/talia-fashion.pl\/en\/wp-json\/wp\/v2\/media?parent=5265"}],"wp:term":[{"taxonomy":"product_cat","embeddable":true,"href":"https:\/\/talia-fashion.pl\/en\/wp-json\/wp\/v2\/product_cat?post=5265"},{"taxonomy":"product_tag","embeddable":true,"href":"https:\/\/talia-fashion.pl\/en\/wp-json\/wp\/v2\/product_tag?post=5265"}],"curies":[{"name":"wp","href":"https:\/\/api.w.org\/{rel}","templated":true}]}}