{"id":5244,"date":"2024-01-10T12:11:45","date_gmt":"2024-01-10T11:11:45","guid":{"rendered":"http:\/\/talia-fashion.pl\/produkt\/blazer-jednorzedowy-welniany-w-jodelke-brooklyn\/"},"modified":"2026-04-24T10:37:01","modified_gmt":"2026-04-24T08:37:01","slug":"blazer-jednorzedowy-welniany-w-jodelke-brooklyn","status":"publish","type":"product","link":"https:\/\/talia-fashion.pl\/en\/product\/blazer-jednorzedowy-welniany-w-jodelke-brooklyn\/","title":{"rendered":"Brooklyn herringbone single-breasted wool blazer"},"content":{"rendered":"<p><strong>Herringbone single-breasted wool blazer<\/strong> Brooklyn is a classic women's jacket <strong>in a timeless herringbone pattern<\/strong>The most fashionable cut of the season - with balanced proportions - is a great coat and can successfully replace a spring trench. The season's most fashionable cut with balanced proportions. <strong>slimming collar<\/strong> with open asymmetrical flaps finished in a sharp finish, <strong>gently curved back<\/strong> and profiling <strong>darts on the front<\/strong>. Single-row model fastened with two buttons. <strong>Two pockets<\/strong> Finished with patches on the front and a concealed pocket at shoulder height. Long sleeves decorated with hand-sewn buttons. Blazer without a slit at the back with a very comfortable and casual line. A strong, masculine style. Made from a high-quality wool blend. <strong>Limited edition<\/strong>. Fully lined. Excellent for all seasons - whether as a jacket or an outer garment. The woollen material is perfect for spring and autumn chills.<\/p>\n<p>Brooklyn herringbone single-breasted wool blazer is a <strong>year-round classic<\/strong>A jacket that will serve you for years. The traditional pattern of the fabric and the timeless colour combined with the comfortable line of the blazer will make it easy to match with a sweatshirt, jeans and white sneakers for a sporty look. The Brooklyn blazer also wears beautifully with a wool turtleneck and wide-leg trousers. But there's nothing stopping you from pairing it with a fitted dress, heavy military boots and a leather handbag. Style it the way you like it best.<\/p>\n<p>Laying the fabric by hand allows us to fit the herringbone pattern perfectly on the jacket pieces. Thanks to the fact that we practice traditional tailoring, you get a product created with the utmost precision and heart that we put into our daily work.<\/p>\n<p>If you're wondering which coat to choose, we suggest you take a look at our tips <a href=\"https:\/\/talia-fashion.pl\/en\/jak-dobrac-plaszcz-do-sylwetki\/\">How do you choose a coat to suit your figure?<\/a><\/p>\n<p>Actual photo - chocolate-black herringbone<\/p>\n<p>Available colours - chocolate and black herringbone<\/p>\n<p>The colours are shown in the pictures of the coats in different cuts, in the other auctions and in the <a href=\"https:\/\/talia-fashion.pl\/en\/paleta-kolorow\/\">colour palette<\/a>. If in doubt, please contact us.<\/p>\n<p>Available sizes: XS, S, M, L<\/p>\n<p>Indicative dimensions:<\/p>\n<p>XS - bust: 86-88 \/ hips: 94-96 \/ length: 73 \/ sleeve: 61<br \/>\nS - bust: 90-92 \/ hips: 98-100 \/ length: 73\/ sleeve: 62<br \/>\nM - bust: 94-96 \/ hips: 102-104 \/ length: 73 \/ sleeve: 62<br \/>\nL - bust: 98-100 \/ hips: 106-108 \/ length: 73 \/ sleeve: 63<\/p>\n<p>If you are unsure about the size, please contact us.<\/p>\n<p>The model is 172cm and a size S.<\/p>\n<p>Chocolate black herringbone material: 80% wool, 20% polyamide<\/p>\n<p>Lining: 50% acetate, 50% viscose<\/p>\n<p>Like viscose, acetate is produced from cellulose. Acetate yarn can also be made from recycled cellulose such as paper. The acetate lining is excellent at absorbing moisture and permeable to air. It is coated with an antistatic apprettee and is OEKOtex\u00ae Standard 100 certified. It ideally provides thermal comfort and is comfortable to wear.<\/p>\n<p>Brooklyn herringbone single-breasted wool blazer <strong>designed and sewn from start to finish in our workshop<\/strong> in Pozna\u0144. For more than 37 years we have been working according to the principles of sustainable development and promoting Polish traditional craftsmanship. For many years, we have been striving to limit overproduction and reduce the consumption of raw materials, natural resources, water and energy. To this end, we search for interesting materials, already produced, often for well-known brands, and transform them into coats in limited quantities.<\/p>\n<p>The jacket should be dry-cleaned. For frequent refreshing of the wool we recommend the following <a href=\"https:\/\/talia-fashion.pl\/en\/product\/szczotka-do-czyszczenia-i-pielegnacji-plaszcza\/\">Brush for cleaning and care of the coat<\/a><a href=\"https:\/\/talia-fashion.pl\/en\/product\/szczotka-do-czyszczenia-i-pielegnacji-plaszcza\/\">, <\/a>which you can buy in our shop. Caring for clothing is caring for the environment.<\/p>\n<p><strong>Individual order - <\/strong>Some modifications can be made at the client's request: shortening, lengthening of sleeves, shortening and lengthening of the jacket. Cost to be determined individually, after prior contact. <strong>An individual order is not subject to exchange or refund.<\/strong><\/p>\n<p>The lead time depends on the availability of a given product in our workshop. We avoid overproduction, which is why in most cases we do not sew to stock, but only after we have received your order. The stock status visible in the shop does not always mean that the product is physically available, but also that the fabric is available and ready to be sewn. Normally, orders are processed within 2-5 working days. However, if it is necessary to sew a coat\/ jacket or personalise an order - making alterations or sewing a new coat according to the customer's specifications - the lead time may be extended to a maximum of 2 weeks.<\/p>\n<p>Sewing a coat, jacket or trench takes time and precision, so please be patient. We make every effort to process your order as quickly as possible.<\/p>\n<p>Thank you for supporting local crafts. Stay with us for longer and like our fanpage on <a href=\"https:\/\/www.facebook.com\/talia.plaszcze\">Facebook<\/a>\u00a0i\u00a0<a href=\"https:\/\/www.instagram.com\/talia_plaszcze\/\">Instagram<\/a><\/p>","protected":false},"excerpt":{"rendered":"<p><strong>Herringbone single-breasted wool blazer<\/strong> Brooklyn is a women's jacket <strong>in a timeless herringbone pattern<\/strong>, which will work well as a coat and replace the classic trench. <strong>A year-round classic<\/strong>that will serve you for years.<\/p>","protected":false},"featured_media":262055,"template":"","meta":{"_acf_changed":false},"product_cat":[28,31,55],"product_tag":[153,89,37,34,90,256,257,74,80,116,121,41,42,43,44,45,68,47,84,181,49,50,69,53,63,88,117],"class_list":{"0":"post-5244","1":"product","2":"type-product","3":"status-publish","4":"has-post-thumbnail","6":"product_cat-marynarki-damskie","7":"product_cat-nowosci","8":"product_cat-plaszcze-krotsze","9":"product_tag-blazer","10":"product_tag-cieply","11":"product_tag-dyplomatka","12":"product_tag-handmade","13":"product_tag-krotki-plaszcz","14":"product_tag-krotki-prochowiec","15":"product_tag-krotki-trencz-damski","16":"product_tag-kurtka-damska","17":"product_tag-luzny-kroj","18":"product_tag-marynarka","19":"product_tag-materialy-przyjazne-dla-srodowiska","20":"product_tag-na-podszewce","21":"product_tag-nowosc","22":"product_tag-plaszcz-damski","23":"product_tag-plaszcz-damski-dlugi","24":"product_tag-plaszcz-dlugi","25":"product_tag-plaszcz-jesienny","26":"product_tag-plaszcz-na-guziki","27":"product_tag-plaszcz-oversizowy","28":"product_tag-plaszcz-w-jodelke","29":"product_tag-plaszcz-wiosenny","30":"product_tag-plaszcz-z-rewersem","31":"product_tag-prochowiec","32":"product_tag-welna","33":"product_tag-welniany","34":"product_tag-wiazany","35":"product_tag-zakiet","37":"first","38":"instock","39":"shipping-taxable","40":"purchasable","41":"product-type-variable","42":"has-default-attributes"},"acf":[],"yoast_head":"<!-- This site is optimized with the Yoast SEO plugin v25.7 - https:\/\/yoast.com\/wordpress\/plugins\/seo\/ -->\n<title>Blazer jednorz\u0119dowy we\u0142niany w jode\u0142k\u0119 Brooklyn - polskie p\u0142aszcze<\/title>\n<meta name=\"description\" content=\"Blazer jednorz\u0119dowy we\u0142niany w jode\u0142k\u0119 to ca\u0142oroczny klasyk, kt\u00f3ry spe\u0142ni si\u0119 w roli marynarki i p\u0142aszcza. Zaprojektowany i uszyty w naszej pracowni.\" \/>\n<meta name=\"robots\" content=\"index, follow, max-snippet:-1, max-image-preview:large, max-video-preview:-1\" \/>\n<link rel=\"canonical\" href=\"https:\/\/talia-fashion.pl\/en\/product\/blazer-jednorzedowy-welniany-w-jodelke-brooklyn\/\" \/>\n<meta property=\"og:locale\" content=\"en_GB\" \/>\n<meta property=\"og:type\" content=\"article\" \/>\n<meta property=\"og:title\" content=\"Blazer jednorz\u0119dowy we\u0142niany w jode\u0142k\u0119 Brooklyn - polskie p\u0142aszcze\" \/>\n<meta property=\"og:description\" content=\"Blazer jednorz\u0119dowy we\u0142niany w jode\u0142k\u0119 to ca\u0142oroczny klasyk, kt\u00f3ry spe\u0142ni si\u0119 w roli marynarki i p\u0142aszcza. Zaprojektowany i uszyty w naszej pracowni.\" \/>\n<meta property=\"og:url\" content=\"https:\/\/talia-fashion.pl\/en\/product\/blazer-jednorzedowy-welniany-w-jodelke-brooklyn\/\" \/>\n<meta property=\"og:site_name\" content=\"Talia Fashion\" \/>\n<meta property=\"article:modified_time\" content=\"2026-04-24T08:37:01+00:00\" \/>\n<meta property=\"og:image\" content=\"https:\/\/talia-fashion.pl\/wp-content\/uploads\/2026\/02\/blazer-jednorzedowy-welniany-jodelka-kurtka-damska-marynarka-tweedowa-krotki-trencz.jpg\" \/>\n\t<meta property=\"og:image:width\" content=\"1500\" \/>\n\t<meta property=\"og:image:height\" content=\"2000\" \/>\n\t<meta property=\"og:image:type\" content=\"image\/jpeg\" \/>\n<meta name=\"twitter:card\" content=\"summary_large_image\" \/>\n<meta name=\"twitter:label1\" content=\"Estimated reading time\" \/>\n\t<meta name=\"twitter:data1\" content=\"4 minutes\" \/>\n<script type=\"application\/ld+json\" class=\"yoast-schema-graph\">{\"@context\":\"https:\/\/schema.org\",\"@graph\":[{\"@type\":\"WebPage\",\"@id\":\"https:\/\/talia-fashion.pl\/produkt\/blazer-jednorzedowy-welniany-w-jodelke-brooklyn\/\",\"url\":\"https:\/\/talia-fashion.pl\/produkt\/blazer-jednorzedowy-welniany-w-jodelke-brooklyn\/\",\"name\":\"Blazer jednorz\u0119dowy we\u0142niany w jode\u0142k\u0119 Brooklyn - polskie p\u0142aszcze\",\"isPartOf\":{\"@id\":\"https:\/\/talia-fashion.pl\/#website\"},\"primaryImageOfPage\":{\"@id\":\"https:\/\/talia-fashion.pl\/produkt\/blazer-jednorzedowy-welniany-w-jodelke-brooklyn\/#primaryimage\"},\"image\":{\"@id\":\"https:\/\/talia-fashion.pl\/produkt\/blazer-jednorzedowy-welniany-w-jodelke-brooklyn\/#primaryimage\"},\"thumbnailUrl\":\"https:\/\/talia-fashion.pl\/wp-content\/uploads\/2026\/02\/blazer-jednorzedowy-welniany-jodelka-kurtka-damska-marynarka-tweedowa-krotki-trencz.jpg\",\"datePublished\":\"2024-01-10T11:11:45+00:00\",\"dateModified\":\"2026-04-24T08:37:01+00:00\",\"description\":\"Blazer jednorz\u0119dowy we\u0142niany w jode\u0142k\u0119 to ca\u0142oroczny klasyk, kt\u00f3ry spe\u0142ni si\u0119 w roli marynarki i p\u0142aszcza. Zaprojektowany i uszyty w naszej pracowni.\",\"breadcrumb\":{\"@id\":\"https:\/\/talia-fashion.pl\/produkt\/blazer-jednorzedowy-welniany-w-jodelke-brooklyn\/#breadcrumb\"},\"inLanguage\":\"en-GB\",\"potentialAction\":[{\"@type\":\"ReadAction\",\"target\":[\"https:\/\/talia-fashion.pl\/produkt\/blazer-jednorzedowy-welniany-w-jodelke-brooklyn\/\"]}]},{\"@type\":\"ImageObject\",\"inLanguage\":\"en-GB\",\"@id\":\"https:\/\/talia-fashion.pl\/produkt\/blazer-jednorzedowy-welniany-w-jodelke-brooklyn\/#primaryimage\",\"url\":\"https:\/\/talia-fashion.pl\/wp-content\/uploads\/2026\/02\/blazer-jednorzedowy-welniany-jodelka-kurtka-damska-marynarka-tweedowa-krotki-trencz.jpg\",\"contentUrl\":\"https:\/\/talia-fashion.pl\/wp-content\/uploads\/2026\/02\/blazer-jednorzedowy-welniany-jodelka-kurtka-damska-marynarka-tweedowa-krotki-trencz.jpg\",\"width\":1500,\"height\":2000,\"caption\":\"Jednorz\u0119dowy blazer we\u0142niany w czekoladowo-czarn\u0105 jode\u0142k\u0119. Ponadczasowa klasyka na lata.\"},{\"@type\":\"BreadcrumbList\",\"@id\":\"https:\/\/talia-fashion.pl\/produkt\/blazer-jednorzedowy-welniany-w-jodelke-brooklyn\/#breadcrumb\",\"itemListElement\":[{\"@type\":\"ListItem\",\"position\":1,\"name\":\"Strona g\u0142\u00f3wna\",\"item\":\"https:\/\/talia-fashion.pl\/\"},{\"@type\":\"ListItem\",\"position\":2,\"name\":\"Sklep\",\"item\":\"https:\/\/talia-fashion.pl\/sklep\/\"},{\"@type\":\"ListItem\",\"position\":3,\"name\":\"Blazer jednorz\u0119dowy we\u0142niany w jode\u0142k\u0119 Brooklyn\"}]},{\"@type\":\"WebSite\",\"@id\":\"https:\/\/talia-fashion.pl\/#website\",\"url\":\"https:\/\/talia-fashion.pl\/\",\"name\":\"Talia Fashion\",\"description\":\"\",\"potentialAction\":[{\"@type\":\"SearchAction\",\"target\":{\"@type\":\"EntryPoint\",\"urlTemplate\":\"https:\/\/talia-fashion.pl\/?s={search_term_string}\"},\"query-input\":{\"@type\":\"PropertyValueSpecification\",\"valueRequired\":true,\"valueName\":\"search_term_string\"}}],\"inLanguage\":\"en-GB\"}]}<\/script>\n<!-- \/ Yoast SEO plugin. -->","yoast_head_json":{"title":"Blazer jednorz\u0119dowy we\u0142niany w jode\u0142k\u0119 Brooklyn - polskie p\u0142aszcze","description":"Blazer jednorz\u0119dowy we\u0142niany w jode\u0142k\u0119 to ca\u0142oroczny klasyk, kt\u00f3ry spe\u0142ni si\u0119 w roli marynarki i p\u0142aszcza. Zaprojektowany i uszyty w naszej pracowni.","robots":{"index":"index","follow":"follow","max-snippet":"max-snippet:-1","max-image-preview":"max-image-preview:large","max-video-preview":"max-video-preview:-1"},"canonical":"https:\/\/talia-fashion.pl\/en\/product\/blazer-jednorzedowy-welniany-w-jodelke-brooklyn\/","og_locale":"en_GB","og_type":"article","og_title":"Blazer jednorz\u0119dowy we\u0142niany w jode\u0142k\u0119 Brooklyn - polskie p\u0142aszcze","og_description":"Blazer jednorz\u0119dowy we\u0142niany w jode\u0142k\u0119 to ca\u0142oroczny klasyk, kt\u00f3ry spe\u0142ni si\u0119 w roli marynarki i p\u0142aszcza. Zaprojektowany i uszyty w naszej pracowni.","og_url":"https:\/\/talia-fashion.pl\/en\/product\/blazer-jednorzedowy-welniany-w-jodelke-brooklyn\/","og_site_name":"Talia Fashion","article_modified_time":"2026-04-24T08:37:01+00:00","og_image":[{"width":1500,"height":2000,"url":"https:\/\/talia-fashion.pl\/wp-content\/uploads\/2026\/02\/blazer-jednorzedowy-welniany-jodelka-kurtka-damska-marynarka-tweedowa-krotki-trencz.jpg","type":"image\/jpeg"}],"twitter_card":"summary_large_image","twitter_misc":{"Estimated reading time":"4 minutes"},"schema":{"@context":"https:\/\/schema.org","@graph":[{"@type":"WebPage","@id":"https:\/\/talia-fashion.pl\/produkt\/blazer-jednorzedowy-welniany-w-jodelke-brooklyn\/","url":"https:\/\/talia-fashion.pl\/produkt\/blazer-jednorzedowy-welniany-w-jodelke-brooklyn\/","name":"Blazer jednorz\u0119dowy we\u0142niany w jode\u0142k\u0119 Brooklyn - polskie p\u0142aszcze","isPartOf":{"@id":"https:\/\/talia-fashion.pl\/#website"},"primaryImageOfPage":{"@id":"https:\/\/talia-fashion.pl\/produkt\/blazer-jednorzedowy-welniany-w-jodelke-brooklyn\/#primaryimage"},"image":{"@id":"https:\/\/talia-fashion.pl\/produkt\/blazer-jednorzedowy-welniany-w-jodelke-brooklyn\/#primaryimage"},"thumbnailUrl":"https:\/\/talia-fashion.pl\/wp-content\/uploads\/2026\/02\/blazer-jednorzedowy-welniany-jodelka-kurtka-damska-marynarka-tweedowa-krotki-trencz.jpg","datePublished":"2024-01-10T11:11:45+00:00","dateModified":"2026-04-24T08:37:01+00:00","description":"Blazer jednorz\u0119dowy we\u0142niany w jode\u0142k\u0119 to ca\u0142oroczny klasyk, kt\u00f3ry spe\u0142ni si\u0119 w roli marynarki i p\u0142aszcza. Zaprojektowany i uszyty w naszej pracowni.","breadcrumb":{"@id":"https:\/\/talia-fashion.pl\/produkt\/blazer-jednorzedowy-welniany-w-jodelke-brooklyn\/#breadcrumb"},"inLanguage":"en-GB","potentialAction":[{"@type":"ReadAction","target":["https:\/\/talia-fashion.pl\/produkt\/blazer-jednorzedowy-welniany-w-jodelke-brooklyn\/"]}]},{"@type":"ImageObject","inLanguage":"en-GB","@id":"https:\/\/talia-fashion.pl\/produkt\/blazer-jednorzedowy-welniany-w-jodelke-brooklyn\/#primaryimage","url":"https:\/\/talia-fashion.pl\/wp-content\/uploads\/2026\/02\/blazer-jednorzedowy-welniany-jodelka-kurtka-damska-marynarka-tweedowa-krotki-trencz.jpg","contentUrl":"https:\/\/talia-fashion.pl\/wp-content\/uploads\/2026\/02\/blazer-jednorzedowy-welniany-jodelka-kurtka-damska-marynarka-tweedowa-krotki-trencz.jpg","width":1500,"height":2000,"caption":"Jednorz\u0119dowy blazer we\u0142niany w czekoladowo-czarn\u0105 jode\u0142k\u0119. Ponadczasowa klasyka na lata."},{"@type":"BreadcrumbList","@id":"https:\/\/talia-fashion.pl\/produkt\/blazer-jednorzedowy-welniany-w-jodelke-brooklyn\/#breadcrumb","itemListElement":[{"@type":"ListItem","position":1,"name":"Strona g\u0142\u00f3wna","item":"https:\/\/talia-fashion.pl\/"},{"@type":"ListItem","position":2,"name":"Sklep","item":"https:\/\/talia-fashion.pl\/sklep\/"},{"@type":"ListItem","position":3,"name":"Blazer jednorz\u0119dowy we\u0142niany w jode\u0142k\u0119 Brooklyn"}]},{"@type":"WebSite","@id":"https:\/\/talia-fashion.pl\/#website","url":"https:\/\/talia-fashion.pl\/","name":"Talia Fashion","description":"","potentialAction":[{"@type":"SearchAction","target":{"@type":"EntryPoint","urlTemplate":"https:\/\/talia-fashion.pl\/?s={search_term_string}"},"query-input":{"@type":"PropertyValueSpecification","valueRequired":true,"valueName":"search_term_string"}}],"inLanguage":"en-GB"}]}},"_links":{"self":[{"href":"https:\/\/talia-fashion.pl\/en\/wp-json\/wp\/v2\/product\/5244","targetHints":{"allow":["GET"]}}],"collection":[{"href":"https:\/\/talia-fashion.pl\/en\/wp-json\/wp\/v2\/product"}],"about":[{"href":"https:\/\/talia-fashion.pl\/en\/wp-json\/wp\/v2\/types\/product"}],"wp:featuredmedia":[{"embeddable":true,"href":"https:\/\/talia-fashion.pl\/en\/wp-json\/wp\/v2\/media\/262055"}],"wp:attachment":[{"href":"https:\/\/talia-fashion.pl\/en\/wp-json\/wp\/v2\/media?parent=5244"}],"wp:term":[{"taxonomy":"product_cat","embeddable":true,"href":"https:\/\/talia-fashion.pl\/en\/wp-json\/wp\/v2\/product_cat?post=5244"},{"taxonomy":"product_tag","embeddable":true,"href":"https:\/\/talia-fashion.pl\/en\/wp-json\/wp\/v2\/product_tag?post=5244"}],"curies":[{"name":"wp","href":"https:\/\/api.w.org\/{rel}","templated":true}]}}