{"id":5233,"date":"2024-01-07T09:40:34","date_gmt":"2024-01-07T08:40:34","guid":{"rendered":"http:\/\/talia-fashion.pl\/produkt\/dlugi-luzny-trencz-z-paskiem-stella\/"},"modified":"2026-04-08T09:45:21","modified_gmt":"2026-04-08T07:45:21","slug":"dlugi-luzny-trencz-z-paskiem-stella","status":"publish","type":"product","link":"https:\/\/talia-fashion.pl\/en\/product\/dlugi-luzny-trencz-z-paskiem-stella\/","title":{"rendered":"D\u0142ugi lu\u017any trencz z paskiem Stella"},"content":{"rendered":"<p><span lang=\"DE\">D\u0142ugi lu\u017any trencz z paskiem Stella to klasyczny dwurz\u0119dowy prochowiec z peleryn\u0105 na plecach. Z ty\u0142u, na dole p\u0142aszcza znajduje si\u0119 rozporek wyd\u0142u\u017caj\u0105cy optycznie sylwetk\u0119, dzi\u0119ki kt\u00f3remu trencz jest komfortowy w chodzeniu, mimo jego d\u0142ugo\u015bci. Zapinany dwurz\u0119dowo na guziki, stanowi\u0105ce jednocze\u015bnie ozdob\u0119 p\u0142aszczyka. Wysokie podpi\u0119cie chroni przed wiatrem. <\/span>Ko\u0142nierz z mo\u017cliwo\u015bci\u0105 wy\u0142o\u017cenia w formie rewersu. <span lang=\"DE\">Dwie, boczne kieszenie. P\u0142aszcz ma ozdobne pagony naszywane na ramionach i wyko\u0144czone guzikiem oraz ozdobne paski na r\u0119kawach. P\u0142aszcz jest profilowany, jednak z uwagi na raglanowe wyko\u0144czenie r\u0119kaw\u00f3w wypada lu\u017aniejszy. Bez obaw mo\u017cna go stylizowa\u0107 wielowarstwowo. Tali\u0119 mo\u017cna dodatkowo podkre\u015bli\u0107 paskiem. Doskona\u0142a harmonia obj\u0119to\u015bci i proporcji. Je\u015bli preferowany jest bardziej dopasowany p\u0142aszcz, sugerujemy wyb\u00f3r mniejszego rozmiaru. Ca\u0142y urok jednak w tej lu\u017aniejszej formie. P\u0142aszcz ma na ca\u0142o\u015bci naturaln\u0105 podszewk\u0119. Przody p\u0142aszcza zosta\u0142y dodatkowo podklejone bardzo delikatn\u0105 stabilizuj\u0105c\u0105 klejonk\u0105 nadaj\u0105c\u0105 trenczowi luksusowego wygl\u0105du. Odkryj nasz d\u0142ugi lu\u017any trencz z paskiem Stella i zachwy\u0107 si\u0119 jako\u015bci\u0105 wykonania.<\/span><\/p>\n<p><span lang=\"DE\">Idealny na wiosn\u0119 i jesie\u0144, cho\u0107 i latem ochroni Ci\u0119 przed powiewami wiatru. D\u0142ugi, lu\u017any trencz z paskiem\u00a0 to minimalistyczny i ikoniczny model, prosty i elegancki w stonowanych, naturalnych kolorach (szaro\u015bci, be\u017ce, khaki, krem), stanowi\u0107 b\u0119dzie idealn\u0105 baz\u0119 dla ka\u017cdej stylizacji. Pasuje zar\u00f3wno do casualowych, jak i formalnych stylizacji. <\/span>Mo\u017cna go po\u0142\u0105czy\u0107 z bia\u0142\u0105 koszul\u0105, be\u017cowymi chinosami i loafersami. Lub w stylizacji wielowarstowej np. z <a href=\"https:\/\/talia-fashion.pl\/en\/product\/blazer-oversize-welniany-w-jodelke-london\/\">marynark\u0105 London<\/a>. P\u0142aszcz r\u00f3wnie doskonale prezentowa\u0107 si\u0119 b\u0119dzie z T-shirtem, jeansami i bia\u0142ymi sneakersami. Czapka, kapelusz czy modny beret? Sk\u00f3rzana nerka, a mo\u017ce torba w rozmiarze XXL &#8211; wszystko zale\u017cy od Ciebie. <span lang=\"DE\">Z ca\u0142\u0105 pewno\u015bci\u0105 ten trencz d\u0142ugo zago\u015bci w Twojej szafie i sprawdzi si\u0119 w ka\u017cdej sytuacji.<\/span><\/p>\n<p><span lang=\"DE\">Zdj\u0119cie rzeczywiste &#8211; jasny popiel<br \/>\n<\/span><\/p>\n<p><span lang=\"DE\">Kolory g\u0142adkie: ch\u0142odny krem, czarny, khaki, ciemny be\u017c<br \/>\n<\/span><\/p>\n<p>The colours are presented in <a href=\"https:\/\/talia-fashion.pl\/en\/paleta-kolorow\/\">colour palette<\/a>. If in doubt, please contact us.<\/p>\n<p>The model is 172cm and a size XS.<\/p>\n<p><span lang=\"DE\">Available sizes: XS, S, M, L<\/span><\/p>\n<p>Indicative dimensions:<\/p>\n<p>XS &#8211; biust: 86-88 \/ biodra: 94-96 \/ d\u0142ugo\u015b\u0107: 107 \/ r\u0119kaw: 62<br \/>\nS - bust: 90-92 \/ hips: 98-100 \/ length: 107 \/ sleeve: 62<br \/>\nM &#8211; biust: 94-96\u00a0\u00a0\/ biodra: 102-104 \/ d\u0142ugo\u015b\u0107: 108 \/ r\u0119kaw: 62<br \/>\nL - bust: 98-100 \/ hips: 106-108 \/ length: 108 \/ sleeve: 63<\/p>\n<p><span lang=\"DE\">If you are unsure of your size selection, please contact us.<\/span><\/p>\n<p><span lang=\"DE\">Material: 80<\/span><span lang=\"DE\">% bawe\u0142na, 20% nylon<\/span><\/p>\n<p>Lining: 100% acetate<\/p>\n<p>Acetat podobnie jak wiskoza wytwarzany jest z celulozy. Prz\u0119dza acetatowa mo\u017ce by\u0107 wytworzona r\u00f3wnie\u017c z celulozy przetworzonej np. papieru. Podszewka acetatowa doskonale wch\u0142ania wilgo\u0107 i przepuszcza powietrze. Jest powlekany apretur\u0105 antystatyczn\u0105 i posiada certyfikat OEKOtex\u00ae Standard 100. Zapewnia komfort noszenia.<\/p>\n<p><span lang=\"DE\">D\u0142ugi lu\u017any trencz z paskiem Stella zaprojektowali\u015bmy i uszyli\u015bmy w naszej pracowni, tradycyjnymi i pracoch\u0142onnymi metodami w spos\u00f3b przyjazny dla \u015brodowiska. Od 37 lat staramy si\u0119 piel\u0119gnowa\u0107 polskie rzemios\u0142o i dzi\u0119ki Wam ubieramy ju\u017c kolejne pokolenia. Dzi\u0119kujemy, \u017ce wybieracie lokalne produkty. <\/span><\/p>\n<p><span lang=\"DE\">D\u0142ugi trencz oversize z paskiem Stella nale\u017cy czy\u015bci\u0107 chemicznie. Nasze kr\u00f3tkie wskaz\u00f3wki pozwol\u0105 cieszy\u0107 si\u0119 nim d\u0142ugie lata\u00a0<a href=\"https:\/\/talia-fashion.pl\/en\/jak-pielegnowac-i-dbac-o-plaszcz\/\">How to nurture and care for the coat?\u00a0<\/a>Odpowiednie wieszanie, wietrzenie i unikanie zahacze\u0144 sprawi, \u017ce Tw\u00f3j p\u0142aszcz d\u0142ugo pozostanie pi\u0119kny.<\/span><\/p>\n<p><span lang=\"DE\">Wszystkie trencze szyjemy sami dlatego istnieje mo\u017cliwo\u015b\u0107 spersonalizowania p\u0142aszcza &#8211; np. skr\u00f3cenie, b\u0105d\u017a wyd\u0142u\u017cenie r\u0119kaw\u00f3w, wyd\u0142u\u017cenie i skr\u00f3cenie p\u0142aszcza. Koszt ustalany jest indywidualnie po uprzednim kontakcie i zale\u017cy od ilo\u015bci wprowadzanych modyfikacji. Je\u015bli nie przepadacie za pagonami na ramionach &#8211; r\u00f3wnie\u017c istnieje mo\u017cliwo\u015b\u0107 ich usuni\u0119cia.<br \/>\n<\/span><\/p>\n<p><strong>Zam\u00f3wienie indywidualne, personalizowane nie podlega wymianie, ani zwrotowi.<\/strong><\/p>\n<p><span lang=\"DE\">Czas realizacji zam\u00f3wienia uzale\u017cniamy od aktualnego stanu magazynowego w pracowni oraz dost\u0119pno\u015bci danego koloru materia\u0142u. Je\u015bli dany p\u0142aszcz jest dost\u0119pny w firmie realizacja zam\u00f3wienia nast\u0105pi bardzo szybko 2-5 dni roboczych. Je\u015bli konieczne jest uszycie p\u0142aszcza b\u0105d\u017a indywidualizacja zam\u00f3wienia \u2013 wykonanie przer\u00f3bki lub uszycie nowego p\u0142aszcza wed\u0142ug specyfikacji Klienta \u2013 czas realizacji zam\u00f3wienia mo\u017ce ulec wyd\u0142u\u017ceniu, maksymalnie do 2 tygodni.<\/span><\/p>\n<p>Prosimy o cierpliwo\u015b\u0107, musimy uszy\u0107 ten p\u0142aszcz dla Ciebie. Wi\u0119kszo\u015b\u0107 naszych p\u0142aszczy nie szyjemy na magazyn, postaramy si\u0119 jednak jak najszybciej zrealizowa\u0107 zam\u00f3wienie.<\/p>\n<p>Zach\u0119camy do polubienia naszego fanpage&#8217;a na <a href=\"https:\/\/www.facebook.com\/talia.plaszcze\">Facebook<\/a>.<\/p>","protected":false},"excerpt":{"rendered":"<p>D\u0142ugi lu\u017any trencz z paskiem Stella to klasyczny dwurz\u0119dowy prochowiec z peleryn\u0105 na plecach. Z ty\u0142u, na dole p\u0142aszcza znajduje si\u0119 rozporek&hellip;<\/p>","protected":false},"featured_media":868,"template":"","meta":{"_acf_changed":false},"product_cat":[36,27],"product_tag":[112,56,153,78,33,39,80,116,41,42,43,44,46,68,47,84,49,69,156,258,88],"class_list":{"0":"post-5233","1":"product","2":"type-product","3":"status-publish","4":"has-post-thumbnail","6":"product_cat-plaszcze-dluzsze","7":"product_cat-trencze","8":"product_tag-bawelniany-trencz","9":"product_tag-bestseller","10":"product_tag-blazer","11":"product_tag-dla-roznych-sylwetek","12":"product_tag-dwurzedowy","13":"product_tag-klasyczny","14":"product_tag-luzny-kroj","15":"product_tag-marynarka","16":"product_tag-na-podszewce","17":"product_tag-nowosc","18":"product_tag-plaszcz-damski","19":"product_tag-plaszcz-damski-dlugi","20":"product_tag-plaszcz-dwurzedowy","21":"product_tag-plaszcz-jesienny","22":"product_tag-plaszcz-na-guziki","23":"product_tag-plaszcz-oversizowy","24":"product_tag-plaszcz-wiosenny","25":"product_tag-prochowiec","26":"product_tag-raglan","27":"product_tag-trencz-damski","28":"product_tag-wiazany","30":"first","31":"instock","32":"shipping-taxable","33":"purchasable","34":"product-type-variable","35":"has-default-attributes"},"acf":[],"yoast_head":"<!-- This site is optimized with the Yoast SEO plugin v25.7 - https:\/\/yoast.com\/wordpress\/plugins\/seo\/ -->\n<title>D\u0142ugi lu\u017any trencz z paskiem Stella - Talia Fashion<\/title>\n<meta name=\"description\" content=\"D\u0142ugi lu\u017any trencz z paskiem - to dwurz\u0119dowy prochowiec o oversizowym kroju z raglanowymi r\u0119kawami i d\u0142ugo\u015bci maxi. Ponadczasowa odzie\u017c wierzchnia.\" \/>\n<meta name=\"robots\" content=\"index, follow, max-snippet:-1, max-image-preview:large, max-video-preview:-1\" \/>\n<link rel=\"canonical\" href=\"https:\/\/talia-fashion.pl\/en\/product\/dlugi-luzny-trencz-z-paskiem-stella\/\" \/>\n<meta property=\"og:locale\" content=\"en_GB\" \/>\n<meta property=\"og:type\" content=\"article\" \/>\n<meta property=\"og:title\" content=\"D\u0142ugi lu\u017any trencz z paskiem Stella - Talia Fashion\" \/>\n<meta property=\"og:description\" content=\"D\u0142ugi lu\u017any trencz z paskiem - to dwurz\u0119dowy prochowiec o oversizowym kroju z raglanowymi r\u0119kawami i d\u0142ugo\u015bci maxi. Ponadczasowa odzie\u017c wierzchnia.\" \/>\n<meta property=\"og:url\" content=\"https:\/\/talia-fashion.pl\/en\/product\/dlugi-luzny-trencz-z-paskiem-stella\/\" \/>\n<meta property=\"og:site_name\" content=\"Talia Fashion\" \/>\n<meta property=\"article:modified_time\" content=\"2026-04-08T07:45:21+00:00\" \/>\n<meta property=\"og:image\" content=\"https:\/\/talia-fashion.pl\/wp-content\/uploads\/2024\/10\/dlugi_luzny_trencz_damski_oversize_bawelniany_dwurzedowy_peleryna_pagony.jpg\" \/>\n\t<meta property=\"og:image:width\" content=\"1500\" \/>\n\t<meta property=\"og:image:height\" content=\"2000\" \/>\n\t<meta property=\"og:image:type\" content=\"image\/jpeg\" \/>\n<meta name=\"twitter:card\" content=\"summary_large_image\" \/>\n<meta name=\"twitter:label1\" content=\"Estimated reading time\" \/>\n\t<meta name=\"twitter:data1\" content=\"3 minutes\" \/>\n<script type=\"application\/ld+json\" class=\"yoast-schema-graph\">{\"@context\":\"https:\/\/schema.org\",\"@graph\":[{\"@type\":\"WebPage\",\"@id\":\"https:\/\/talia-fashion.pl\/produkt\/dlugi-luzny-trencz-z-paskiem-stella\/\",\"url\":\"https:\/\/talia-fashion.pl\/produkt\/dlugi-luzny-trencz-z-paskiem-stella\/\",\"name\":\"D\u0142ugi lu\u017any trencz z paskiem Stella - Talia Fashion\",\"isPartOf\":{\"@id\":\"https:\/\/talia-fashion.pl\/#website\"},\"primaryImageOfPage\":{\"@id\":\"https:\/\/talia-fashion.pl\/produkt\/dlugi-luzny-trencz-z-paskiem-stella\/#primaryimage\"},\"image\":{\"@id\":\"https:\/\/talia-fashion.pl\/produkt\/dlugi-luzny-trencz-z-paskiem-stella\/#primaryimage\"},\"thumbnailUrl\":\"https:\/\/talia-fashion.pl\/wp-content\/uploads\/2024\/10\/dlugi_luzny_trencz_damski_oversize_bawelniany_dwurzedowy_peleryna_pagony.jpg\",\"datePublished\":\"2024-01-07T08:40:34+00:00\",\"dateModified\":\"2026-04-08T07:45:21+00:00\",\"description\":\"D\u0142ugi lu\u017any trencz z paskiem - to dwurz\u0119dowy prochowiec o oversizowym kroju z raglanowymi r\u0119kawami i d\u0142ugo\u015bci maxi. Ponadczasowa odzie\u017c wierzchnia.\",\"breadcrumb\":{\"@id\":\"https:\/\/talia-fashion.pl\/produkt\/dlugi-luzny-trencz-z-paskiem-stella\/#breadcrumb\"},\"inLanguage\":\"en-GB\",\"potentialAction\":[{\"@type\":\"ReadAction\",\"target\":[\"https:\/\/talia-fashion.pl\/produkt\/dlugi-luzny-trencz-z-paskiem-stella\/\"]}]},{\"@type\":\"ImageObject\",\"inLanguage\":\"en-GB\",\"@id\":\"https:\/\/talia-fashion.pl\/produkt\/dlugi-luzny-trencz-z-paskiem-stella\/#primaryimage\",\"url\":\"https:\/\/talia-fashion.pl\/wp-content\/uploads\/2024\/10\/dlugi_luzny_trencz_damski_oversize_bawelniany_dwurzedowy_peleryna_pagony.jpg\",\"contentUrl\":\"https:\/\/talia-fashion.pl\/wp-content\/uploads\/2024\/10\/dlugi_luzny_trencz_damski_oversize_bawelniany_dwurzedowy_peleryna_pagony.jpg\",\"width\":1500,\"height\":2000,\"caption\":\"D\u0142ugi lu\u017any trencz damski w stylu oversize z raglanowymi r\u0119kawami wyko\u0144czonymi ozdobnymi pagonami. Zapinany dwurz\u0119dowo na guziki i wi\u0105zany w pasie. Ozdobna peleryna na tyle.\"},{\"@type\":\"BreadcrumbList\",\"@id\":\"https:\/\/talia-fashion.pl\/produkt\/dlugi-luzny-trencz-z-paskiem-stella\/#breadcrumb\",\"itemListElement\":[{\"@type\":\"ListItem\",\"position\":1,\"name\":\"Strona g\u0142\u00f3wna\",\"item\":\"https:\/\/talia-fashion.pl\/\"},{\"@type\":\"ListItem\",\"position\":2,\"name\":\"Sklep\",\"item\":\"https:\/\/talia-fashion.pl\/sklep\/\"},{\"@type\":\"ListItem\",\"position\":3,\"name\":\"D\u0142ugi lu\u017any trencz z paskiem Stella\"}]},{\"@type\":\"WebSite\",\"@id\":\"https:\/\/talia-fashion.pl\/#website\",\"url\":\"https:\/\/talia-fashion.pl\/\",\"name\":\"Talia Fashion\",\"description\":\"\",\"potentialAction\":[{\"@type\":\"SearchAction\",\"target\":{\"@type\":\"EntryPoint\",\"urlTemplate\":\"https:\/\/talia-fashion.pl\/?s={search_term_string}\"},\"query-input\":{\"@type\":\"PropertyValueSpecification\",\"valueRequired\":true,\"valueName\":\"search_term_string\"}}],\"inLanguage\":\"en-GB\"}]}<\/script>\n<!-- \/ Yoast SEO plugin. -->","yoast_head_json":{"title":"D\u0142ugi lu\u017any trencz z paskiem Stella - Talia Fashion","description":"D\u0142ugi lu\u017any trencz z paskiem - to dwurz\u0119dowy prochowiec o oversizowym kroju z raglanowymi r\u0119kawami i d\u0142ugo\u015bci maxi. Ponadczasowa odzie\u017c wierzchnia.","robots":{"index":"index","follow":"follow","max-snippet":"max-snippet:-1","max-image-preview":"max-image-preview:large","max-video-preview":"max-video-preview:-1"},"canonical":"https:\/\/talia-fashion.pl\/en\/product\/dlugi-luzny-trencz-z-paskiem-stella\/","og_locale":"en_GB","og_type":"article","og_title":"D\u0142ugi lu\u017any trencz z paskiem Stella - Talia Fashion","og_description":"D\u0142ugi lu\u017any trencz z paskiem - to dwurz\u0119dowy prochowiec o oversizowym kroju z raglanowymi r\u0119kawami i d\u0142ugo\u015bci maxi. Ponadczasowa odzie\u017c wierzchnia.","og_url":"https:\/\/talia-fashion.pl\/en\/product\/dlugi-luzny-trencz-z-paskiem-stella\/","og_site_name":"Talia Fashion","article_modified_time":"2026-04-08T07:45:21+00:00","og_image":[{"width":1500,"height":2000,"url":"https:\/\/talia-fashion.pl\/wp-content\/uploads\/2024\/10\/dlugi_luzny_trencz_damski_oversize_bawelniany_dwurzedowy_peleryna_pagony.jpg","type":"image\/jpeg"}],"twitter_card":"summary_large_image","twitter_misc":{"Estimated reading time":"3 minutes"},"schema":{"@context":"https:\/\/schema.org","@graph":[{"@type":"WebPage","@id":"https:\/\/talia-fashion.pl\/produkt\/dlugi-luzny-trencz-z-paskiem-stella\/","url":"https:\/\/talia-fashion.pl\/produkt\/dlugi-luzny-trencz-z-paskiem-stella\/","name":"D\u0142ugi lu\u017any trencz z paskiem Stella - Talia Fashion","isPartOf":{"@id":"https:\/\/talia-fashion.pl\/#website"},"primaryImageOfPage":{"@id":"https:\/\/talia-fashion.pl\/produkt\/dlugi-luzny-trencz-z-paskiem-stella\/#primaryimage"},"image":{"@id":"https:\/\/talia-fashion.pl\/produkt\/dlugi-luzny-trencz-z-paskiem-stella\/#primaryimage"},"thumbnailUrl":"https:\/\/talia-fashion.pl\/wp-content\/uploads\/2024\/10\/dlugi_luzny_trencz_damski_oversize_bawelniany_dwurzedowy_peleryna_pagony.jpg","datePublished":"2024-01-07T08:40:34+00:00","dateModified":"2026-04-08T07:45:21+00:00","description":"D\u0142ugi lu\u017any trencz z paskiem - to dwurz\u0119dowy prochowiec o oversizowym kroju z raglanowymi r\u0119kawami i d\u0142ugo\u015bci maxi. Ponadczasowa odzie\u017c wierzchnia.","breadcrumb":{"@id":"https:\/\/talia-fashion.pl\/produkt\/dlugi-luzny-trencz-z-paskiem-stella\/#breadcrumb"},"inLanguage":"en-GB","potentialAction":[{"@type":"ReadAction","target":["https:\/\/talia-fashion.pl\/produkt\/dlugi-luzny-trencz-z-paskiem-stella\/"]}]},{"@type":"ImageObject","inLanguage":"en-GB","@id":"https:\/\/talia-fashion.pl\/produkt\/dlugi-luzny-trencz-z-paskiem-stella\/#primaryimage","url":"https:\/\/talia-fashion.pl\/wp-content\/uploads\/2024\/10\/dlugi_luzny_trencz_damski_oversize_bawelniany_dwurzedowy_peleryna_pagony.jpg","contentUrl":"https:\/\/talia-fashion.pl\/wp-content\/uploads\/2024\/10\/dlugi_luzny_trencz_damski_oversize_bawelniany_dwurzedowy_peleryna_pagony.jpg","width":1500,"height":2000,"caption":"D\u0142ugi lu\u017any trencz damski w stylu oversize z raglanowymi r\u0119kawami wyko\u0144czonymi ozdobnymi pagonami. Zapinany dwurz\u0119dowo na guziki i wi\u0105zany w pasie. Ozdobna peleryna na tyle."},{"@type":"BreadcrumbList","@id":"https:\/\/talia-fashion.pl\/produkt\/dlugi-luzny-trencz-z-paskiem-stella\/#breadcrumb","itemListElement":[{"@type":"ListItem","position":1,"name":"Strona g\u0142\u00f3wna","item":"https:\/\/talia-fashion.pl\/"},{"@type":"ListItem","position":2,"name":"Sklep","item":"https:\/\/talia-fashion.pl\/sklep\/"},{"@type":"ListItem","position":3,"name":"D\u0142ugi lu\u017any trencz z paskiem Stella"}]},{"@type":"WebSite","@id":"https:\/\/talia-fashion.pl\/#website","url":"https:\/\/talia-fashion.pl\/","name":"Talia Fashion","description":"","potentialAction":[{"@type":"SearchAction","target":{"@type":"EntryPoint","urlTemplate":"https:\/\/talia-fashion.pl\/?s={search_term_string}"},"query-input":{"@type":"PropertyValueSpecification","valueRequired":true,"valueName":"search_term_string"}}],"inLanguage":"en-GB"}]}},"_links":{"self":[{"href":"https:\/\/talia-fashion.pl\/en\/wp-json\/wp\/v2\/product\/5233","targetHints":{"allow":["GET"]}}],"collection":[{"href":"https:\/\/talia-fashion.pl\/en\/wp-json\/wp\/v2\/product"}],"about":[{"href":"https:\/\/talia-fashion.pl\/en\/wp-json\/wp\/v2\/types\/product"}],"wp:featuredmedia":[{"embeddable":true,"href":"https:\/\/talia-fashion.pl\/en\/wp-json\/wp\/v2\/media\/868"}],"wp:attachment":[{"href":"https:\/\/talia-fashion.pl\/en\/wp-json\/wp\/v2\/media?parent=5233"}],"wp:term":[{"taxonomy":"product_cat","embeddable":true,"href":"https:\/\/talia-fashion.pl\/en\/wp-json\/wp\/v2\/product_cat?post=5233"},{"taxonomy":"product_tag","embeddable":true,"href":"https:\/\/talia-fashion.pl\/en\/wp-json\/wp\/v2\/product_tag?post=5233"}],"curies":[{"name":"wp","href":"https:\/\/api.w.org\/{rel}","templated":true}]}}