{"id":5220,"date":"2024-01-07T08:21:07","date_gmt":"2024-01-07T07:21:07","guid":{"rendered":"http:\/\/talia-fashion.pl\/produkt\/klasyczny-dwurzedowy-prochowiec-damski-hope\/"},"modified":"2026-04-09T08:06:17","modified_gmt":"2026-04-09T06:06:17","slug":"bezowy-dwurzedowy-prochowiec-z-mieszanki-bawelny-chester","status":"publish","type":"product","link":"https:\/\/talia-fashion.pl\/en\/product\/bezowy-dwurzedowy-prochowiec-z-mieszanki-bawelny-chester\/","title":{"rendered":"Chester beige double-breasted cotton blend powder coat"},"content":{"rendered":"<p><strong>Be\u017cowy dwurz\u0119dowy prochowiec z mieszanki bawe\u0142ny<\/strong> Chester to must-have w wiosennej i jesiennej szafie kapsu\u0142owej. <strong>Dopasowany p\u0142aszczyk z dwurz\u0119dowym zapi\u0119ciem na guziki. <\/strong>Chester\u00a0ma wyk\u0142adany <strong>ko\u0142nierz na st\u00f3jce<\/strong>, zwany<strong> ko\u0142nierzem koszulowym,<\/strong> kt\u00f3ry nadaje elegancki, a jednocze\u015bnie ponadczasowy charakter. Mo\u017cna go zapi\u0105\u0107 wysoko lub postawi\u0107, by os\u0142oni\u0107 si\u0119 przed ch\u0142odnymi powiewami wiatru. <span lang=\"DE\">Z kolei w s\u0142oneczne, pogodne dni &#8211; wy\u0142o\u017cy\u0107 klapy tworz\u0105c efektowny rewers.\u00a0<\/span><strong>Modnie i funkcjonalnie<\/strong>. Pasek mo\u017cna wi\u0105za\u0107 na r\u00f3\u017cne sposoby, r\u00f3wnie\u017c z ty\u0142u trencza stylizuj\u0105c go na spos\u00f3b francuski i optycznie wysmuklaj\u0105c sylwetk\u0119. Prochowiec jest<strong> lekko poszerzany ku do\u0142owi<\/strong>. Ty\u0142 p\u0142aszcza z rozporkiem na dole. Ramiona i r\u0119kawy wyko\u0144czone <strong>ozdobnymi patkami z guzikiem.<\/strong> Z przodu, <strong>po bokach dwie praktyczne kieszenie<\/strong>.<span lang=\"DE\"> Be\u017cowy dwurz\u0119dowy prochowiec uszyli\u015bmy z mieszanki bawe\u0142ny pokrytej hydrofobow\u0105 warstw\u0105 oraz oddychaj\u0105cej podszewki.\u00a0<\/span><\/p>\n<p><strong>Klasyczna linia<\/strong> tego prochowca pozwoli Ci na pi\u0119kne podkre\u015blenie sylwetki. Pasek umo\u017cliwi jeszcze lepsze dopasowanie i zaznaczenie talii. Trencz b\u0119dzie wygl\u0105da\u0142 <strong>znakomicie zar\u00f3wno w wersji zapi\u0119tej jak i rozpi\u0119tej<\/strong> dodaj\u0105c lekko\u015bci oraz artystycznego nie\u0142adu. P\u0142aszcz pi\u0119knie komponuje si\u0119 zar\u00f3wno ze swobodnymi, casualowymi stylizacjami jak i mo\u017ce stanowi\u0107 wyko\u0144czenie oficjalnego, biznesowego outfitu. W zestawieniu z tym trenczem doskonale wygl\u0105daj\u0105 zar\u00f3wno buty na obcasie, balerinki jak i sportowe sneakersy. Golf i eleganckie spodnie czy T-shirt i d\u017cinsy &#8211; ile pomys\u0142\u00f3w &#8211; tyle kreacji. Eksperymentuj, szalej i ciesz si\u0119 ka\u017cdym wyj\u015bciem.<\/p>\n<p>If you're wondering which coat to choose, we suggest you take a look at our tips\u00a0<a href=\"https:\/\/talia-fashion.pl\/en\/jak-dobrac-plaszcz-do-sylwetki\/\">How do you choose a coat to suit your figure?<\/a><\/p>\n<p><span lang=\"DE\">Zdj\u0119cie rzeczywiste &#8211; be\u017cowy<\/span><br \/>\n<span lang=\"DE\">Kolory: be\u017cowy, czekoladowy br\u0105z<\/span><\/p>\n<p><span lang=\"DE\">Zdj\u0119cia prezentuj\u0105ce kolory umie\u015bcili\u015bmy pogl\u0105dowo w <a href=\"https:\/\/talia-fashion.pl\/en\/paleta-kolorow\/\">colour palette<\/a>. <span class=\"html-span xdj266r x14z9mp xat24cr x1lziwak xexx8yu xyri2b x18d9i69 x1c1uobl x1hl2dhg x16tdsg8 x1vvkbs x4k7w5x x1h91t0o x1h9r5lt x1jfb8zj xv2umb2 x1beo9mf xaigb6o x12ejxvf x3igimt xarpa2k xedcshv x1lytzrv x1t2pt76 x7ja8zs x1qrby5j\"><span class=\"x193iq5w xeuugli x13faqbe x1vvkbs x1xmvt09 x1lliihq x1s928wv xhkezso x1gmr53x x1cpjm7i x1fgarty x1943h6x xudqn12 x3x7a5m x6prxxf xvq8zen xo1l8bm x14ctfv\" dir=\"auto\">W tym sezonie <strong>stawiamy na stonowane kolory wyra\u017caj\u0105ce potrzeb\u0119 wyciszenia i prostoty<\/strong> w przebod\u017acowanym \u015bwiecie.<\/span><\/span><\/span><\/p>\n<p><span lang=\"DE\">Available sizes: XS, S, M, L, XL<\/span><\/p>\n<p>Modelka ma wzrost: 172cm i nosi rozmiar S.<\/p>\n<p>Indicative dimensions:<br \/>\n<span lang=\"DE\">XS \u2013 biust: 86-88 \/ biodra: 92-94 \/ d\u0142ugo\u015b\u0107: 100 \/ szeroko\u015b\u0107 ramion 34,5-35 \/\u00a0r\u0119kaw: 61<\/span><br \/>\n<span lang=\"DE\">S \u2013 biust: 90-92 \/ biodra: 96-98 \/ d\u0142ugo\u015b\u0107: 100 \/ szeroko\u015b\u0107 ramion 35,5-36 \/\u00a0r\u0119kaw: 61,5<br \/>\nM \u2013 biust: 94-96\u00a0\u00a0\/ biodra: 100-102 \/ d\u0142ugo\u015b\u0107: 100 \/ szeroko\u015b\u0107 ramion 37,5 \/ r\u0119kaw: 62<br \/>\nL \u2013 biust: 98-100 \/ biodra: 104-106 \/ d\u0142ugo\u015b\u0107: 101 \/ szeroko\u015b\u0107 ramion 39,5-40 \/ r\u0119kaw: 63<\/span><br \/>\nXL \u2013 biust: 104-106 \/ biodra: 110-112 \/ d\u0142ugo\u015b\u0107: 102 \/szeroko\u015b\u0107 ramion 42-42,5 \/\u00a0 r\u0119kaw: 64<\/p>\n<p><span lang=\"DE\">W razie w\u0105tpliwo\u015bci odno\u015bnie wyboru rozmiaru, prosimy o kontakt. Be\u017cowy prochowiec Chester wyr\u00f3\u017cnia si\u0119 dopasowanym krojem, idealnym dla os\u00f3b o drobnej sylwetce oraz tych, kt\u00f3rzy ceni\u0105 fasony akcentuj\u0105ce lini\u0119 cia\u0142a.<\/span><\/p>\n<p><span lang=\"DE\">Material: 8<\/span><span lang=\"DE\">0% bawe\u0142na, 20% nylon<\/span><br \/>\nLining: 50% acetate, 50% viscose<\/p>\n<p>Like viscose, acetate is produced from cellulose. Acetate yarn can also be made from recycled cellulose such as paper. The acetate lining is excellent at absorbing moisture and permeable to air. It is coated with an antistatic apprettee and is OEKOtex\u00ae Standard 100 certified. It ideally provides thermal comfort and is comfortable to wear.<\/p>\n<p><span lang=\"DE\"><strong>Be\u017cowy dwurz\u0119dowy prochowiec z mieszanki bawe\u0142ny<\/strong> Chester z<\/span>aprojektowali\u015bmy i uszyli\u015bmy w naszej pracowni, <strong>tradycyjnymi i pracoch\u0142onnymi metodami w spos\u00f3b przyjazny dla \u015brodowiska<\/strong>. Od ponad 37 lat staramy si\u0119 piel\u0119gnowa\u0107 polskie rzemios\u0142o i dzi\u0119ki Wam ubieramy ju\u017c kolejne pokolenia. Dzi\u0119kujemy, \u017ce wybieracie lokalne produkty i cenicie prac\u0119 naszych r\u0105k.<\/p>\n<p>Zalecamy chemiczne czyszczenie p\u0142aszcza. Dodatkowo, aby zadba\u0107 o jego kondycj\u0119 wystarczy kilka prostych nawyk\u00f3w \u2013 jakich? podpowiadamy w naszej zak\u0142adce: <a href=\"https:\/\/talia-fashion.pl\/en\/jak-pielegnowac-i-dbac-o-plaszcz\/\">How to nurture and care for the coat?<\/a>\u00a0Zupe\u0142nie podstawowe czynno\u015bci jak: odpowiednie wieszanie, wietrzenie i unikanie zahacze\u0144 sprawi, \u017ce Tw\u00f3j p\u0142aszcz d\u0142ugo pozostanie pi\u0119kny. Dzi\u0119ki temu r\u00f3wnie\u017c pomagasz chroni\u0107 \u015brodowisko.<\/p>\n<div class=\"woocommerce-tabs tabs-v1\">\n<div class=\"tab-content\">\n<div id=\"tabs-list-description\" class=\"tab-pane active in\">\n<div class=\"description\">\n<p><span lang=\"DE\">Istnieje mo\u017cliwo\u015b\u0107 skr\u00f3cenia, b\u0105d\u017a wyd\u0142u\u017cenia r\u0119kaw\u00f3w, wyd\u0142u\u017cenia lub skr\u00f3cenia p\u0142aszcza \u2013 tak\u0105 us\u0142ug\u0119 wykonamy na specjalne <strong>Indywidualne Zam\u00f3wienie. <\/strong>Je\u015bli chcesz zam\u00f3wi\u0107 tak\u0105 us\u0142ug\u0119, skontaktuj si\u0119 z nami (najlepiej mailowo), wtedy ustalimy czy oczekiwana modyfikacja jest mo\u017cliwa i jaki b\u0119dzie jej koszt. Delikatne pagony na ramionach na pro\u015bb\u0119 mo\u017cna r\u00f3wnie\u017c usun\u0105\u0107. <\/span><strong>An individual order is not subject to exchange or refund.<\/strong><\/p>\n<p><span lang=\"DE\">Czas realizacji zam\u00f3wienia uzale\u017cniamy od aktualnego stanu magazynowego w pracowni oraz dost\u0119pno\u015bci danego koloru materia\u0142u. Je\u015bli dany p\u0142aszcz jest dost\u0119pny &#8222;od r\u0119ki&#8221; realizacja zam\u00f3wienia nast\u0105pi bardzo szybko 2-5 dni roboczych. Je\u015bli konieczne jest uszycie p\u0142aszcza b\u0105d\u017a indywidualizacja zam\u00f3wienia \u2013 wykonanie przer\u00f3bki lub uszycie nowego p\u0142aszcza wed\u0142ug specyfikacji Klienta\u2013 czas realizacji zam\u00f3wienia mo\u017ce ulec wyd\u0142u\u017ceniu, maksymalnie do 2 tygodni.\u00a0<\/span><\/p>\n<p>Prosimy o cierpliwo\u015b\u0107, musimy uszy\u0107 ten p\u0142aszcz dla Ciebie. Wi\u0119kszo\u015b\u0107 naszych p\u0142aszczy nie szyjemy na magazyn, <strong>wi\u0119c czas realizacji mo\u017ce potrwa\u0107 do 14 dni. <\/strong>Postaramy si\u0119 jednak jak najszybciej zrealizowa\u0107 zam\u00f3wienie.<\/p>\n<p>We encourage you to like our fanpage on <a href=\"https:\/\/www.facebook.com\/talia.plaszcze\">Facebook<\/a> i <a href=\"https:\/\/www.instagram.com\/talia_plaszcze\/\">Instagram<\/a><\/p>\n<\/div>\n<\/div>\n<\/div>\n<\/div>","protected":false},"excerpt":{"rendered":"<p><strong>Be\u017cowy dwurz\u0119dowy prochowiec z mieszanki bawe\u0142ny<\/strong> Chester &#8211; modny i praktyczny. Dobrze wygl\u0105da zar\u00f3wno zapi\u0119ty pod szyj\u0119, jak i noszony lu\u017aniej. <strong>Dopasowany kr\u00f3j, d\u0142ugo\u015b\u0107 w kolano &#8211; klasyk na lata.<\/strong><\/p>","protected":false},"featured_media":262383,"template":"","meta":{"_acf_changed":false},"product_cat":[31,36,27],"product_tag":[396,163,391,355,32,33,403,34,39,41,42,43,44,46,68,47,150,49,50,138,69,60,61,52,97,88],"class_list":{"0":"post-5220","1":"product","2":"type-product","3":"status-publish","4":"has-post-thumbnail","6":"product_cat-nowosci","7":"product_cat-plaszcze-dluzsze","8":"product_cat-trencze","9":"product_tag-bawelniany-trencz-damski","10":"product_tag-bezowy-plaszcz","11":"product_tag-bezowy-trencz-damski","12":"product_tag-dlugosc-w-kolano","13":"product_tag-dopasowany-kroj","14":"product_tag-dwurzedowy","15":"product_tag-francuskie-ciecia","16":"product_tag-handmade","17":"product_tag-klasyczny","18":"product_tag-na-podszewce","19":"product_tag-nowosc","20":"product_tag-plaszcz-damski","21":"product_tag-plaszcz-damski-dlugi","22":"product_tag-plaszcz-dwurzedowy","23":"product_tag-plaszcz-jesienny","24":"product_tag-plaszcz-na-guziki","25":"product_tag-plaszcz-taliowany","26":"product_tag-plaszcz-wiosenny","27":"product_tag-plaszcz-z-rewersem","28":"product_tag-polski-produkt","29":"product_tag-prochowiec","30":"product_tag-producent-plaszczy-damskich","31":"product_tag-recznie-szyty","32":"product_tag-szylkretowe-guziki","33":"product_tag-trencz","34":"product_tag-wiazany","36":"first","37":"instock","38":"shipping-taxable","39":"purchasable","40":"product-type-variable","41":"has-default-attributes"},"acf":[],"yoast_head":"<!-- This site is optimized with the Yoast SEO plugin v25.7 - https:\/\/yoast.com\/wordpress\/plugins\/seo\/ -->\n<title>Be\u017cowy dwurz\u0119dowy prochowiec z mieszanki bawe\u0142ny Chester - trencze damskie<\/title>\n<meta name=\"description\" content=\"Be\u017cowy dwurz\u0119dowy prochowiec z mieszanki bawe\u0142ny to dopasowany p\u0142aszczyk podkre\u015blaj\u0105cy sylwetk\u0119. Idealny wiosn\u0105 i jesieni\u0105. R\u0119cznie szyty w Polsce.\" \/>\n<meta name=\"robots\" content=\"index, follow, max-snippet:-1, max-image-preview:large, max-video-preview:-1\" \/>\n<link rel=\"canonical\" href=\"https:\/\/talia-fashion.pl\/en\/product\/bezowy-dwurzedowy-prochowiec-z-mieszanki-bawelny-chester\/\" \/>\n<meta property=\"og:locale\" content=\"en_GB\" \/>\n<meta property=\"og:type\" content=\"article\" \/>\n<meta property=\"og:title\" content=\"Be\u017cowy dwurz\u0119dowy prochowiec z mieszanki bawe\u0142ny Chester - trencze damskie\" \/>\n<meta property=\"og:description\" content=\"Be\u017cowy dwurz\u0119dowy prochowiec z mieszanki bawe\u0142ny to dopasowany p\u0142aszczyk podkre\u015blaj\u0105cy sylwetk\u0119. Idealny wiosn\u0105 i jesieni\u0105. R\u0119cznie szyty w Polsce.\" \/>\n<meta property=\"og:url\" content=\"https:\/\/talia-fashion.pl\/en\/product\/bezowy-dwurzedowy-prochowiec-z-mieszanki-bawelny-chester\/\" \/>\n<meta property=\"og:site_name\" content=\"Talia Fashion\" \/>\n<meta property=\"article:modified_time\" content=\"2026-04-09T06:06:17+00:00\" \/>\n<meta property=\"og:image\" content=\"https:\/\/talia-fashion.pl\/wp-content\/uploads\/2024\/01\/bezowy-dwurzedowy-prochowiec-trencz-dopasowany-kroj.jpg\" \/>\n\t<meta property=\"og:image:width\" content=\"1200\" \/>\n\t<meta property=\"og:image:height\" content=\"1600\" \/>\n\t<meta property=\"og:image:type\" content=\"image\/jpeg\" \/>\n<meta name=\"twitter:card\" content=\"summary_large_image\" \/>\n<meta name=\"twitter:label1\" content=\"Estimated reading time\" \/>\n\t<meta name=\"twitter:data1\" content=\"4 minutes\" \/>\n<script type=\"application\/ld+json\" class=\"yoast-schema-graph\">{\"@context\":\"https:\/\/schema.org\",\"@graph\":[{\"@type\":\"WebPage\",\"@id\":\"https:\/\/talia-fashion.pl\/produkt\/bezowy-dwurzedowy-prochowiec-z-mieszanki-bawelny-chester\/\",\"url\":\"https:\/\/talia-fashion.pl\/produkt\/bezowy-dwurzedowy-prochowiec-z-mieszanki-bawelny-chester\/\",\"name\":\"Be\u017cowy dwurz\u0119dowy prochowiec z mieszanki bawe\u0142ny Chester - trencze damskie\",\"isPartOf\":{\"@id\":\"https:\/\/talia-fashion.pl\/#website\"},\"primaryImageOfPage\":{\"@id\":\"https:\/\/talia-fashion.pl\/produkt\/bezowy-dwurzedowy-prochowiec-z-mieszanki-bawelny-chester\/#primaryimage\"},\"image\":{\"@id\":\"https:\/\/talia-fashion.pl\/produkt\/bezowy-dwurzedowy-prochowiec-z-mieszanki-bawelny-chester\/#primaryimage\"},\"thumbnailUrl\":\"https:\/\/talia-fashion.pl\/wp-content\/uploads\/2024\/01\/bezowy-dwurzedowy-prochowiec-trencz-dopasowany-kroj.jpg\",\"datePublished\":\"2024-01-07T07:21:07+00:00\",\"dateModified\":\"2026-04-09T06:06:17+00:00\",\"description\":\"Be\u017cowy dwurz\u0119dowy prochowiec z mieszanki bawe\u0142ny to dopasowany p\u0142aszczyk podkre\u015blaj\u0105cy sylwetk\u0119. Idealny wiosn\u0105 i jesieni\u0105. R\u0119cznie szyty w Polsce.\",\"breadcrumb\":{\"@id\":\"https:\/\/talia-fashion.pl\/produkt\/bezowy-dwurzedowy-prochowiec-z-mieszanki-bawelny-chester\/#breadcrumb\"},\"inLanguage\":\"en-GB\",\"potentialAction\":[{\"@type\":\"ReadAction\",\"target\":[\"https:\/\/talia-fashion.pl\/produkt\/bezowy-dwurzedowy-prochowiec-z-mieszanki-bawelny-chester\/\"]}]},{\"@type\":\"ImageObject\",\"inLanguage\":\"en-GB\",\"@id\":\"https:\/\/talia-fashion.pl\/produkt\/bezowy-dwurzedowy-prochowiec-z-mieszanki-bawelny-chester\/#primaryimage\",\"url\":\"https:\/\/talia-fashion.pl\/wp-content\/uploads\/2024\/01\/bezowy-dwurzedowy-prochowiec-trencz-dopasowany-kroj.jpg\",\"contentUrl\":\"https:\/\/talia-fashion.pl\/wp-content\/uploads\/2024\/01\/bezowy-dwurzedowy-prochowiec-trencz-dopasowany-kroj.jpg\",\"width\":1200,\"height\":1600,\"caption\":\"Be\u017cowy dwurz\u0119dowy prochowiec, trencz damski z mieszanki bawe\u0142ny o dopasowanym kroju. Klasyk na lata.\"},{\"@type\":\"BreadcrumbList\",\"@id\":\"https:\/\/talia-fashion.pl\/produkt\/bezowy-dwurzedowy-prochowiec-z-mieszanki-bawelny-chester\/#breadcrumb\",\"itemListElement\":[{\"@type\":\"ListItem\",\"position\":1,\"name\":\"Strona g\u0142\u00f3wna\",\"item\":\"https:\/\/talia-fashion.pl\/\"},{\"@type\":\"ListItem\",\"position\":2,\"name\":\"Sklep\",\"item\":\"https:\/\/talia-fashion.pl\/sklep\/\"},{\"@type\":\"ListItem\",\"position\":3,\"name\":\"Be\u017cowy dwurz\u0119dowy prochowiec z mieszanki bawe\u0142ny Chester\"}]},{\"@type\":\"WebSite\",\"@id\":\"https:\/\/talia-fashion.pl\/#website\",\"url\":\"https:\/\/talia-fashion.pl\/\",\"name\":\"Talia Fashion\",\"description\":\"\",\"potentialAction\":[{\"@type\":\"SearchAction\",\"target\":{\"@type\":\"EntryPoint\",\"urlTemplate\":\"https:\/\/talia-fashion.pl\/?s={search_term_string}\"},\"query-input\":{\"@type\":\"PropertyValueSpecification\",\"valueRequired\":true,\"valueName\":\"search_term_string\"}}],\"inLanguage\":\"en-GB\"}]}<\/script>\n<!-- \/ Yoast SEO plugin. -->","yoast_head_json":{"title":"Be\u017cowy dwurz\u0119dowy prochowiec z mieszanki bawe\u0142ny Chester - trencze damskie","description":"Be\u017cowy dwurz\u0119dowy prochowiec z mieszanki bawe\u0142ny to dopasowany p\u0142aszczyk podkre\u015blaj\u0105cy sylwetk\u0119. Idealny wiosn\u0105 i jesieni\u0105. R\u0119cznie szyty w Polsce.","robots":{"index":"index","follow":"follow","max-snippet":"max-snippet:-1","max-image-preview":"max-image-preview:large","max-video-preview":"max-video-preview:-1"},"canonical":"https:\/\/talia-fashion.pl\/en\/product\/bezowy-dwurzedowy-prochowiec-z-mieszanki-bawelny-chester\/","og_locale":"en_GB","og_type":"article","og_title":"Be\u017cowy dwurz\u0119dowy prochowiec z mieszanki bawe\u0142ny Chester - trencze damskie","og_description":"Be\u017cowy dwurz\u0119dowy prochowiec z mieszanki bawe\u0142ny to dopasowany p\u0142aszczyk podkre\u015blaj\u0105cy sylwetk\u0119. Idealny wiosn\u0105 i jesieni\u0105. R\u0119cznie szyty w Polsce.","og_url":"https:\/\/talia-fashion.pl\/en\/product\/bezowy-dwurzedowy-prochowiec-z-mieszanki-bawelny-chester\/","og_site_name":"Talia Fashion","article_modified_time":"2026-04-09T06:06:17+00:00","og_image":[{"width":1200,"height":1600,"url":"https:\/\/talia-fashion.pl\/wp-content\/uploads\/2024\/01\/bezowy-dwurzedowy-prochowiec-trencz-dopasowany-kroj.jpg","type":"image\/jpeg"}],"twitter_card":"summary_large_image","twitter_misc":{"Estimated reading time":"4 minutes"},"schema":{"@context":"https:\/\/schema.org","@graph":[{"@type":"WebPage","@id":"https:\/\/talia-fashion.pl\/produkt\/bezowy-dwurzedowy-prochowiec-z-mieszanki-bawelny-chester\/","url":"https:\/\/talia-fashion.pl\/produkt\/bezowy-dwurzedowy-prochowiec-z-mieszanki-bawelny-chester\/","name":"Be\u017cowy dwurz\u0119dowy prochowiec z mieszanki bawe\u0142ny Chester - trencze damskie","isPartOf":{"@id":"https:\/\/talia-fashion.pl\/#website"},"primaryImageOfPage":{"@id":"https:\/\/talia-fashion.pl\/produkt\/bezowy-dwurzedowy-prochowiec-z-mieszanki-bawelny-chester\/#primaryimage"},"image":{"@id":"https:\/\/talia-fashion.pl\/produkt\/bezowy-dwurzedowy-prochowiec-z-mieszanki-bawelny-chester\/#primaryimage"},"thumbnailUrl":"https:\/\/talia-fashion.pl\/wp-content\/uploads\/2024\/01\/bezowy-dwurzedowy-prochowiec-trencz-dopasowany-kroj.jpg","datePublished":"2024-01-07T07:21:07+00:00","dateModified":"2026-04-09T06:06:17+00:00","description":"Be\u017cowy dwurz\u0119dowy prochowiec z mieszanki bawe\u0142ny to dopasowany p\u0142aszczyk podkre\u015blaj\u0105cy sylwetk\u0119. Idealny wiosn\u0105 i jesieni\u0105. R\u0119cznie szyty w Polsce.","breadcrumb":{"@id":"https:\/\/talia-fashion.pl\/produkt\/bezowy-dwurzedowy-prochowiec-z-mieszanki-bawelny-chester\/#breadcrumb"},"inLanguage":"en-GB","potentialAction":[{"@type":"ReadAction","target":["https:\/\/talia-fashion.pl\/produkt\/bezowy-dwurzedowy-prochowiec-z-mieszanki-bawelny-chester\/"]}]},{"@type":"ImageObject","inLanguage":"en-GB","@id":"https:\/\/talia-fashion.pl\/produkt\/bezowy-dwurzedowy-prochowiec-z-mieszanki-bawelny-chester\/#primaryimage","url":"https:\/\/talia-fashion.pl\/wp-content\/uploads\/2024\/01\/bezowy-dwurzedowy-prochowiec-trencz-dopasowany-kroj.jpg","contentUrl":"https:\/\/talia-fashion.pl\/wp-content\/uploads\/2024\/01\/bezowy-dwurzedowy-prochowiec-trencz-dopasowany-kroj.jpg","width":1200,"height":1600,"caption":"Be\u017cowy dwurz\u0119dowy prochowiec, trencz damski z mieszanki bawe\u0142ny o dopasowanym kroju. Klasyk na lata."},{"@type":"BreadcrumbList","@id":"https:\/\/talia-fashion.pl\/produkt\/bezowy-dwurzedowy-prochowiec-z-mieszanki-bawelny-chester\/#breadcrumb","itemListElement":[{"@type":"ListItem","position":1,"name":"Strona g\u0142\u00f3wna","item":"https:\/\/talia-fashion.pl\/"},{"@type":"ListItem","position":2,"name":"Sklep","item":"https:\/\/talia-fashion.pl\/sklep\/"},{"@type":"ListItem","position":3,"name":"Be\u017cowy dwurz\u0119dowy prochowiec z mieszanki bawe\u0142ny Chester"}]},{"@type":"WebSite","@id":"https:\/\/talia-fashion.pl\/#website","url":"https:\/\/talia-fashion.pl\/","name":"Talia Fashion","description":"","potentialAction":[{"@type":"SearchAction","target":{"@type":"EntryPoint","urlTemplate":"https:\/\/talia-fashion.pl\/?s={search_term_string}"},"query-input":{"@type":"PropertyValueSpecification","valueRequired":true,"valueName":"search_term_string"}}],"inLanguage":"en-GB"}]}},"_links":{"self":[{"href":"https:\/\/talia-fashion.pl\/en\/wp-json\/wp\/v2\/product\/5220","targetHints":{"allow":["GET"]}}],"collection":[{"href":"https:\/\/talia-fashion.pl\/en\/wp-json\/wp\/v2\/product"}],"about":[{"href":"https:\/\/talia-fashion.pl\/en\/wp-json\/wp\/v2\/types\/product"}],"wp:featuredmedia":[{"embeddable":true,"href":"https:\/\/talia-fashion.pl\/en\/wp-json\/wp\/v2\/media\/262383"}],"wp:attachment":[{"href":"https:\/\/talia-fashion.pl\/en\/wp-json\/wp\/v2\/media?parent=5220"}],"wp:term":[{"taxonomy":"product_cat","embeddable":true,"href":"https:\/\/talia-fashion.pl\/en\/wp-json\/wp\/v2\/product_cat?post=5220"},{"taxonomy":"product_tag","embeddable":true,"href":"https:\/\/talia-fashion.pl\/en\/wp-json\/wp\/v2\/product_tag?post=5220"}],"curies":[{"name":"wp","href":"https:\/\/api.w.org\/{rel}","templated":true}]}}