{"id":5175,"date":"2023-11-17T10:30:49","date_gmt":"2023-11-17T09:30:49","guid":{"rendered":"http:\/\/talia-fashion.pl\/produkt\/szary-plaszcz-oversize-z-faktura-yoko\/"},"modified":"2026-03-28T15:47:46","modified_gmt":"2026-03-28T14:47:46","slug":"plaszcz-w-jodelke-oversize-opuszczona-linia-ramion-florence","status":"publish","type":"product","link":"https:\/\/talia-fashion.pl\/en\/product\/plaszcz-w-jodelke-oversize-opuszczona-linia-ramion-florence\/","title":{"rendered":"Herringbone oversize coat dropped shoulder line Florence"},"content":{"rendered":"<p>P\u0142aszcz w jode\u0142k\u0119 oversize opuszczona linia ramion Florence to model celowo zaprojektowany tak, by wygl\u0105da\u0142 <strong data-start=\"253\" data-end=\"267\">na za du\u017cy<\/strong> \u2013 ale w kontrolowany, stylowy spos\u00f3b. To nie jest kwestia kupienia wi\u0119kszego rozmiaru, tylko \u015bwiadomego kroju, kt\u00f3ry daje efekt luzu i obj\u0119to\u015bci. To idealny p\u0142aszcz dla tych, kt\u00f3rzy <strong>ceni\u0105 wygod\u0119<\/strong>, ale <strong>nie chc\u0105 rezygnowa\u0107 z elegancji<\/strong>. P\u0142aszcz ma celowo obni\u017con\u0105 lini\u0119 ramion, by stworzy\u0107 przestrze\u0144 na <strong>multi-layered styling<\/strong> i nada\u0107 ca\u0142o\u015bci mi\u0119kkiego i zrelaksowanego wygl\u0105du.<\/p>\n<p>P\u0142aszcz Florence jest delikatnie lu\u017aniejszy i wi\u0119kszy, szczeg\u00f3lnie w g\u00f3rnej cz\u0119\u015bci. Dzi\u0119ki temu \u015bwietnie sprawdza si\u0119 u os\u00f3b z pe\u0142niejszym biustem. Je\u015bli jednak preferujesz bardziej dopasowany wygl\u0105d, polecamy wyb\u00f3r mniejszego rozmiaru. Kluczowe jest, aby p\u0142aszczyk swobodnie op\u0142ywa\u0142 biodra i nie by\u0142 na nich zbyt obcis\u0142y. Obja\u015bnienia w jaki spos\u00f3b si\u0119 zmierzy\u0107 i kt\u00f3ry wybra\u0107 rozmiar umie\u015bcili\u015bmy na naszej stronie: <a href=\"https:\/\/talia-fashion.pl\/en\/jak-dobrac-rozmiar\/\">How to choose a size?<\/a> \u00a0If in doubt, please contact us.<\/p>\n<p>P\u0142aszcz w jode\u0142k\u0119 oversize opuszczona linia ramion Florence jest <strong>tied<\/strong>. Pasek uszyty zosta\u0142 z tej samej tkaniny i dodany celowo dla tych z Was, kt\u00f3re lubi\u0105 podkre\u015bla\u0107 tali\u0119. Pasek jest jednak \u0142atwo wyjmowany, a pude\u0142kowy kr\u00f3j p\u0142aszcza \u015bwietnie prezentuje si\u0119 r\u00f3wnie\u017c bez niego. Idealna opcja dla os\u00f3b, kt\u00f3re nie lubi\u0105 pask\u00f3w. Doskonale sprawdzi si\u0119 u Pa\u0144 o figurze typu jab\u0142ko. <strong>Two front pockets<\/strong> wyko\u0144czone ozdobnymi listewkami, dodaj\u0105 funkcjonalno\u015bci. Ko\u0142nierz poszerzany z wyci\u0119ciem, modeluj\u0105cy dekolt w wysmuklaj\u0105cy szpic. Podniesiony prezentuje si\u0119 bardzo nonszalancko, a co najwa\u017cniejsze &#8211; chroni przed ch\u0142odem i zimnem. <strong>D\u0142ugo\u015b\u0107 za kolano<\/strong>. Ty\u0142 bez rozporka. P\u0142aszcz w ca\u0142o\u015bci <strong>ocieplany.<\/strong> Znakomita propozycja na zimowe ch\u0142ody.<\/p>\n<p>P\u0142aszcz w jode\u0142k\u0119 oversize opuszczona linia ramion Florence w swoim swobodnym, oversizowym fasonie pomie\u015bci wi\u0119kszo\u015b\u0107 Twoich lu\u017anych kreacji. Swetry, marynarki pod spodem \u2013 jest miejsce. D\u0142ugo\u015b\u0107 p\u0142aszcza z \u0142atwo\u015bci\u0105 schowa sp\u00f3dniczki midi, a w przypadku kr\u00f3tkich, we\u0142nianych spodenek ochroni Ci\u0119 przed podmuchami wiatru. <strong>Idealny do <\/strong>miejskich<strong>, nowoczesnych stylizacji.<\/strong><\/p>\n<p><span lang=\"DE\">Actual photo - chocolate-black herringbone<\/span><br \/>\nAvailable colours<span lang=\"DE\">: jode\u0142ka czekoladowo-czarna, jode\u0142ka grafitowa<\/span><br \/>\nThe colours of the fabric can be seen in<a href=\"https:\/\/talia-fashion.pl\/en\/paleta-kolorow\/\"> Colour palette<\/a> as well as in the pictures of coats in various models. If in doubt, please do not hesitate to contact us.<\/p>\n<p>Modelka ma rozmiar XS i wzrost 172cm.<\/p>\n<p>Available sizes: XS, S, M, L<\/p>\n<p>Indicative dimensions:<\/p>\n<p>XS - bust: 86-88 \/ hips: 94-96 \/ length: 106 \/ sleeve 61<br \/>\nS - bust: 90-92 \/ hips: 98-100 \/ length: 106 \/ sleeve: 61<br \/>\nM - bust: 94-96 \/ hips: 102-104 \/ length: 106 \/ sleeve: 62<br \/>\nL - bust: 98-100 \/ hips: 106-108 \/ length: 107 \/ sleeve: 63<\/p>\n<p>Materia\u0142:jode\u0142ka czekoladowo-czarna: 90% we\u0142na dziewicza, 10% poliamid<\/p>\n<p>Jod\u0142ka grafitowa: 80% we\u0142na, 20% poliamid<br \/>\nLining: 100% acetate<\/p>\n<p>Like viscose, acetate is produced from cellulose. Acetate yarn can also be made from recycled cellulose such as paper. The acetate lining is excellent at absorbing moisture and permeable to air. It is coated with an antistatic apprettee and is OEKOtex\u00ae Standard 100 certified.<\/p>\n<p>Insulation: 100% non-woven recycled polyester<br \/>\nOur coats are insulated with a compressed thermo-insulating quilted fleece on the lining. The fleece is made from polyester fibres produced from recycled materials. The material is lightweight, thin and at the same time perfectly insulating. The insulating fleece we use is resistant to moisture (it retains its insulating properties and warming effect even in damp conditions), stops the wind, is hypoallergenic and breathable, and is OEKOtex\u00ae Standard 100 certified.<\/p>\n<p>Herringbone oversize coat dropped shoulder line Florence <strong>designed and sewn in our family workshop<\/strong>. Od ponad 37 lat staramy si\u0119 piel\u0119gnowa\u0107 i promowa\u0107 tradycyjne rzemios\u0142o, wk\u0142adaj\u0105c w nasz\u0105 prac\u0119 ca\u0142ych siebie i ucz\u0105c kolejne pokolenia poszanowania dla pracy ludzkich r\u0105k. Kierujemy si\u0119 zasad\u0105 #lesswaste i dzi\u0119ki r\u0119cznemu uk\u0142adaniu wykroj\u00f3w minimalizujemy ilo\u015b\u0107 odpad\u00f3w, dlatego u nas nic si\u0119 nie marnuje. Pom\u00f3\u017c chroni\u0107 \u015brodowisko i dbaj o sw\u00f3j p\u0142aszcz, tak aby cieszy\u0142 Ci\u0119 przez d\u0142ugie lata. P\u0142aszczyk nale\u017cy czy\u015bci\u0107 chemicznie. W naszym sklepie oferujemy <span style=\"font-family: 'Helvetica','sans-serif'; color: #858585; background: white;\"> <a href=\"https:\/\/talia-fashion.pl\/en\/product\/szczotka-do-czyszczenia-i-pielegnacji-plaszcza\/\">Brush for cleaning and care of the coat,<\/a> kt\u00f3ra doskonale pomo\u017ce Ci w od\u015bwie\u017caniu we\u0142ny. <\/span><span style=\"font-family: 'Helvetica','sans-serif'; color: #858585; background: white;\">Dodatkowe wskaz\u00f3wki jak przed\u0142u\u017cy\u0107 \u017cywotno\u015b\u0107 Twojego p\u0142aszcza znajdziesz w zak\u0142adce <a href=\"https:\/\/talia-fashion.pl\/en\/jak-pielegnowac-i-dbac-o-plaszcz\/\">How to nurture and care for the coat?<\/a><\/span><\/p>\n<p><strong>Individual order <\/strong>- We can carry out certain modifications at the customer's request, such as: shortening, lengthening of the sleeve, shortening and lengthening of the coat. We determine the cost individually, pricing the scope of work, after prior contact. <strong>An individual order is not subject to exchange or refund.<\/strong><\/p>\n<p>Czas realizacji zam\u00f3wienia uzale\u017cniamy od aktualnego stanu magazynowego w naszym zak\u0142adzie krawieckim oraz dost\u0119pno\u015bci danego koloru materia\u0142u. Je\u015bli dany p\u0142aszcz jest dost\u0119pny w pracowni realizacja zam\u00f3wienia nast\u0105pi bardzo szybko 2-5 dni roboczych. Je\u015bli konieczne jest uszycie p\u0142aszcza lub indywidualizacja zam\u00f3wienia \u2013 wykonanie przer\u00f3bki lub uszycie nowego p\u0142aszcza wed\u0142ug specyfikacji Klienta \u2013 czas realizacji zam\u00f3wienia mo\u017ce ulec wyd\u0142u\u017ceniu, maksymalnie do 2 tygodni.<\/p>\n<p>Jeste\u015bmy rodzinn\u0105 pracowni\u0105 i nasze p\u0142aszcze szyjemy wed\u0142ug tradycyjnych metod, dlatego w wi\u0119kszo\u015bci nie szyjemy &#8222;na zapas&#8221;. Prosimy zatem o cierpliwo\u015b\u0107 poniewa\u017c musimy uszy\u0107 ten p\u0142aszczyk dla Ciebie.<\/p>\n<p>Stay with us longer and watch us on <a href=\"https:\/\/www.facebook.com\/talia.plaszcze\">Facebook<\/a> i <a href=\"https:\/\/www.instagram.com\/talia_plaszcze\/\">Instagram.<\/a><\/p>","protected":false},"excerpt":{"rendered":"<p>Zimowy p\u0142aszcz w stylu oversize ma celowo obni\u017con\u0105 lini\u0119 ramion, by stworzy\u0107 przestrze\u0144 na <strong>stylizacje wielowarstwowe.<\/strong> Nowoczesny, mi\u0119kki i zrelaksowany.<\/p>","protected":false},"featured_media":258881,"template":"","meta":{"_acf_changed":false},"product_cat":[31,36],"product_tag":[57,78,33,34,38,73,40,79,80,41,81,42,67,82,299,43,44,45,46,83,47,75,84,181,85,50,86,60,87,51,61,351,62,53,63,88],"class_list":{"0":"post-5175","1":"product","2":"type-product","3":"status-publish","4":"has-post-thumbnail","6":"product_cat-nowosci","7":"product_cat-plaszcze-dluzsze","8":"product_tag-bez-paska","9":"product_tag-dla-roznych-sylwetek","10":"product_tag-dwurzedowy","11":"product_tag-handmade","12":"product_tag-kamel","13":"product_tag-karmelowy","14":"product_tag-kolnierz","15":"product_tag-kremowy-plaszcz","16":"product_tag-luzny-kroj","17":"product_tag-na-podszewce","18":"product_tag-naturalne-materialy","19":"product_tag-nowosc","20":"product_tag-ocieplany","21":"product_tag-oversize","22":"product_tag-plaszcz-czekoladowy","23":"product_tag-plaszcz-damski","24":"product_tag-plaszcz-damski-dlugi","25":"product_tag-plaszcz-dlugi","26":"product_tag-plaszcz-dwurzedowy","27":"product_tag-plaszcz-luzny","28":"product_tag-plaszcz-na-guziki","29":"product_tag-plaszcz-ocieplany","30":"product_tag-plaszcz-oversizowy","31":"product_tag-plaszcz-w-jodelke","32":"product_tag-plaszcz-welniany","33":"product_tag-plaszcz-z-rewersem","34":"product_tag-plaszcz-zimowy-ocieplany","35":"product_tag-producent-plaszczy-damskich","36":"product_tag-produkt-premium","37":"product_tag-prosty","38":"product_tag-recznie-szyty","39":"product_tag-swobodny-kroj","40":"product_tag-uszyty-w-polsce","41":"product_tag-welna","42":"product_tag-welniany","43":"product_tag-wiazany","45":"first","46":"instock","47":"shipping-taxable","48":"purchasable","49":"product-type-variable","50":"has-default-attributes"},"acf":[],"yoast_head":"<!-- This site is optimized with the Yoast SEO plugin v25.7 - https:\/\/yoast.com\/wordpress\/plugins\/seo\/ -->\n<title>P\u0142aszcz w jode\u0142k\u0119 oversize opuszczona linia ramion Florence - Talia Fashion - produkt premium<\/title>\n<meta name=\"description\" content=\"P\u0142aszcz w jode\u0142k\u0119 oversize opuszczona linia ramion - obni\u017cone ramiona, dwurz\u0119dowe zapi\u0119cie i zrelaksowana linia p\u0142aszcza. R\u0119cznie szyty w Polsce.\" \/>\n<meta name=\"robots\" content=\"index, follow, max-snippet:-1, max-image-preview:large, max-video-preview:-1\" \/>\n<link rel=\"canonical\" href=\"https:\/\/talia-fashion.pl\/en\/product\/plaszcz-w-jodelke-oversize-opuszczona-linia-ramion-florence\/\" \/>\n<meta property=\"og:locale\" content=\"en_GB\" \/>\n<meta property=\"og:type\" content=\"article\" \/>\n<meta property=\"og:title\" content=\"P\u0142aszcz w jode\u0142k\u0119 oversize opuszczona linia ramion Florence - Talia Fashion - produkt premium\" \/>\n<meta property=\"og:description\" content=\"P\u0142aszcz w jode\u0142k\u0119 oversize opuszczona linia ramion - obni\u017cone ramiona, dwurz\u0119dowe zapi\u0119cie i zrelaksowana linia p\u0142aszcza. R\u0119cznie szyty w Polsce.\" \/>\n<meta property=\"og:url\" content=\"https:\/\/talia-fashion.pl\/en\/product\/plaszcz-w-jodelke-oversize-opuszczona-linia-ramion-florence\/\" \/>\n<meta property=\"og:site_name\" content=\"Talia Fashion\" \/>\n<meta property=\"article:modified_time\" content=\"2026-03-28T14:47:46+00:00\" \/>\n<meta property=\"og:image\" content=\"https:\/\/talia-fashion.pl\/wp-content\/uploads\/2023\/11\/plaszcz-damski-opuszczona-linia-ramion-w-jodelke-nowoczesny.jpg\" \/>\n\t<meta property=\"og:image:width\" content=\"1300\" \/>\n\t<meta property=\"og:image:height\" content=\"1733\" \/>\n\t<meta property=\"og:image:type\" content=\"image\/jpeg\" \/>\n<meta name=\"twitter:card\" content=\"summary_large_image\" \/>\n<meta name=\"twitter:label1\" content=\"Estimated reading time\" \/>\n\t<meta name=\"twitter:data1\" content=\"4 minutes\" \/>\n<script type=\"application\/ld+json\" class=\"yoast-schema-graph\">{\"@context\":\"https:\/\/schema.org\",\"@graph\":[{\"@type\":\"WebPage\",\"@id\":\"https:\/\/talia-fashion.pl\/produkt\/plaszcz-w-jodelke-oversize-opuszczona-linia-ramion-florence\/\",\"url\":\"https:\/\/talia-fashion.pl\/produkt\/plaszcz-w-jodelke-oversize-opuszczona-linia-ramion-florence\/\",\"name\":\"P\u0142aszcz w jode\u0142k\u0119 oversize opuszczona linia ramion Florence - Talia Fashion - produkt premium\",\"isPartOf\":{\"@id\":\"https:\/\/talia-fashion.pl\/#website\"},\"primaryImageOfPage\":{\"@id\":\"https:\/\/talia-fashion.pl\/produkt\/plaszcz-w-jodelke-oversize-opuszczona-linia-ramion-florence\/#primaryimage\"},\"image\":{\"@id\":\"https:\/\/talia-fashion.pl\/produkt\/plaszcz-w-jodelke-oversize-opuszczona-linia-ramion-florence\/#primaryimage\"},\"thumbnailUrl\":\"https:\/\/talia-fashion.pl\/wp-content\/uploads\/2023\/11\/plaszcz-damski-opuszczona-linia-ramion-w-jodelke-nowoczesny.jpg\",\"datePublished\":\"2023-11-17T09:30:49+00:00\",\"dateModified\":\"2026-03-28T14:47:46+00:00\",\"description\":\"P\u0142aszcz w jode\u0142k\u0119 oversize opuszczona linia ramion - obni\u017cone ramiona, dwurz\u0119dowe zapi\u0119cie i zrelaksowana linia p\u0142aszcza. R\u0119cznie szyty w Polsce.\",\"breadcrumb\":{\"@id\":\"https:\/\/talia-fashion.pl\/produkt\/plaszcz-w-jodelke-oversize-opuszczona-linia-ramion-florence\/#breadcrumb\"},\"inLanguage\":\"en-GB\",\"potentialAction\":[{\"@type\":\"ReadAction\",\"target\":[\"https:\/\/talia-fashion.pl\/produkt\/plaszcz-w-jodelke-oversize-opuszczona-linia-ramion-florence\/\"]}]},{\"@type\":\"ImageObject\",\"inLanguage\":\"en-GB\",\"@id\":\"https:\/\/talia-fashion.pl\/produkt\/plaszcz-w-jodelke-oversize-opuszczona-linia-ramion-florence\/#primaryimage\",\"url\":\"https:\/\/talia-fashion.pl\/wp-content\/uploads\/2023\/11\/plaszcz-damski-opuszczona-linia-ramion-w-jodelke-nowoczesny.jpg\",\"contentUrl\":\"https:\/\/talia-fashion.pl\/wp-content\/uploads\/2023\/11\/plaszcz-damski-opuszczona-linia-ramion-w-jodelke-nowoczesny.jpg\",\"width\":1300,\"height\":1733,\"caption\":\"Zimowy p\u0142aszcz damski z opuszczon\u0105 lini\u0105 ramion w stylu oversize. W jode\u0142k\u0119. Nowoczesna linia, klasyczny wz\u00f3r. We\u0142niany materia\u0142.\"},{\"@type\":\"BreadcrumbList\",\"@id\":\"https:\/\/talia-fashion.pl\/produkt\/plaszcz-w-jodelke-oversize-opuszczona-linia-ramion-florence\/#breadcrumb\",\"itemListElement\":[{\"@type\":\"ListItem\",\"position\":1,\"name\":\"Strona g\u0142\u00f3wna\",\"item\":\"https:\/\/talia-fashion.pl\/\"},{\"@type\":\"ListItem\",\"position\":2,\"name\":\"Sklep\",\"item\":\"https:\/\/talia-fashion.pl\/sklep\/\"},{\"@type\":\"ListItem\",\"position\":3,\"name\":\"P\u0142aszcz w jode\u0142k\u0119 oversize opuszczona linia ramion Florence\"}]},{\"@type\":\"WebSite\",\"@id\":\"https:\/\/talia-fashion.pl\/#website\",\"url\":\"https:\/\/talia-fashion.pl\/\",\"name\":\"Talia Fashion\",\"description\":\"\",\"potentialAction\":[{\"@type\":\"SearchAction\",\"target\":{\"@type\":\"EntryPoint\",\"urlTemplate\":\"https:\/\/talia-fashion.pl\/?s={search_term_string}\"},\"query-input\":{\"@type\":\"PropertyValueSpecification\",\"valueRequired\":true,\"valueName\":\"search_term_string\"}}],\"inLanguage\":\"en-GB\"}]}<\/script>\n<!-- \/ Yoast SEO plugin. -->","yoast_head_json":{"title":"P\u0142aszcz w jode\u0142k\u0119 oversize opuszczona linia ramion Florence - Talia Fashion - produkt premium","description":"P\u0142aszcz w jode\u0142k\u0119 oversize opuszczona linia ramion - obni\u017cone ramiona, dwurz\u0119dowe zapi\u0119cie i zrelaksowana linia p\u0142aszcza. R\u0119cznie szyty w Polsce.","robots":{"index":"index","follow":"follow","max-snippet":"max-snippet:-1","max-image-preview":"max-image-preview:large","max-video-preview":"max-video-preview:-1"},"canonical":"https:\/\/talia-fashion.pl\/en\/product\/plaszcz-w-jodelke-oversize-opuszczona-linia-ramion-florence\/","og_locale":"en_GB","og_type":"article","og_title":"P\u0142aszcz w jode\u0142k\u0119 oversize opuszczona linia ramion Florence - Talia Fashion - produkt premium","og_description":"P\u0142aszcz w jode\u0142k\u0119 oversize opuszczona linia ramion - obni\u017cone ramiona, dwurz\u0119dowe zapi\u0119cie i zrelaksowana linia p\u0142aszcza. R\u0119cznie szyty w Polsce.","og_url":"https:\/\/talia-fashion.pl\/en\/product\/plaszcz-w-jodelke-oversize-opuszczona-linia-ramion-florence\/","og_site_name":"Talia Fashion","article_modified_time":"2026-03-28T14:47:46+00:00","og_image":[{"width":1300,"height":1733,"url":"https:\/\/talia-fashion.pl\/wp-content\/uploads\/2023\/11\/plaszcz-damski-opuszczona-linia-ramion-w-jodelke-nowoczesny.jpg","type":"image\/jpeg"}],"twitter_card":"summary_large_image","twitter_misc":{"Estimated reading time":"4 minutes"},"schema":{"@context":"https:\/\/schema.org","@graph":[{"@type":"WebPage","@id":"https:\/\/talia-fashion.pl\/produkt\/plaszcz-w-jodelke-oversize-opuszczona-linia-ramion-florence\/","url":"https:\/\/talia-fashion.pl\/produkt\/plaszcz-w-jodelke-oversize-opuszczona-linia-ramion-florence\/","name":"P\u0142aszcz w jode\u0142k\u0119 oversize opuszczona linia ramion Florence - Talia Fashion - produkt premium","isPartOf":{"@id":"https:\/\/talia-fashion.pl\/#website"},"primaryImageOfPage":{"@id":"https:\/\/talia-fashion.pl\/produkt\/plaszcz-w-jodelke-oversize-opuszczona-linia-ramion-florence\/#primaryimage"},"image":{"@id":"https:\/\/talia-fashion.pl\/produkt\/plaszcz-w-jodelke-oversize-opuszczona-linia-ramion-florence\/#primaryimage"},"thumbnailUrl":"https:\/\/talia-fashion.pl\/wp-content\/uploads\/2023\/11\/plaszcz-damski-opuszczona-linia-ramion-w-jodelke-nowoczesny.jpg","datePublished":"2023-11-17T09:30:49+00:00","dateModified":"2026-03-28T14:47:46+00:00","description":"P\u0142aszcz w jode\u0142k\u0119 oversize opuszczona linia ramion - obni\u017cone ramiona, dwurz\u0119dowe zapi\u0119cie i zrelaksowana linia p\u0142aszcza. R\u0119cznie szyty w Polsce.","breadcrumb":{"@id":"https:\/\/talia-fashion.pl\/produkt\/plaszcz-w-jodelke-oversize-opuszczona-linia-ramion-florence\/#breadcrumb"},"inLanguage":"en-GB","potentialAction":[{"@type":"ReadAction","target":["https:\/\/talia-fashion.pl\/produkt\/plaszcz-w-jodelke-oversize-opuszczona-linia-ramion-florence\/"]}]},{"@type":"ImageObject","inLanguage":"en-GB","@id":"https:\/\/talia-fashion.pl\/produkt\/plaszcz-w-jodelke-oversize-opuszczona-linia-ramion-florence\/#primaryimage","url":"https:\/\/talia-fashion.pl\/wp-content\/uploads\/2023\/11\/plaszcz-damski-opuszczona-linia-ramion-w-jodelke-nowoczesny.jpg","contentUrl":"https:\/\/talia-fashion.pl\/wp-content\/uploads\/2023\/11\/plaszcz-damski-opuszczona-linia-ramion-w-jodelke-nowoczesny.jpg","width":1300,"height":1733,"caption":"Zimowy p\u0142aszcz damski z opuszczon\u0105 lini\u0105 ramion w stylu oversize. W jode\u0142k\u0119. Nowoczesna linia, klasyczny wz\u00f3r. We\u0142niany materia\u0142."},{"@type":"BreadcrumbList","@id":"https:\/\/talia-fashion.pl\/produkt\/plaszcz-w-jodelke-oversize-opuszczona-linia-ramion-florence\/#breadcrumb","itemListElement":[{"@type":"ListItem","position":1,"name":"Strona g\u0142\u00f3wna","item":"https:\/\/talia-fashion.pl\/"},{"@type":"ListItem","position":2,"name":"Sklep","item":"https:\/\/talia-fashion.pl\/sklep\/"},{"@type":"ListItem","position":3,"name":"P\u0142aszcz w jode\u0142k\u0119 oversize opuszczona linia ramion Florence"}]},{"@type":"WebSite","@id":"https:\/\/talia-fashion.pl\/#website","url":"https:\/\/talia-fashion.pl\/","name":"Talia Fashion","description":"","potentialAction":[{"@type":"SearchAction","target":{"@type":"EntryPoint","urlTemplate":"https:\/\/talia-fashion.pl\/?s={search_term_string}"},"query-input":{"@type":"PropertyValueSpecification","valueRequired":true,"valueName":"search_term_string"}}],"inLanguage":"en-GB"}]}},"_links":{"self":[{"href":"https:\/\/talia-fashion.pl\/en\/wp-json\/wp\/v2\/product\/5175","targetHints":{"allow":["GET"]}}],"collection":[{"href":"https:\/\/talia-fashion.pl\/en\/wp-json\/wp\/v2\/product"}],"about":[{"href":"https:\/\/talia-fashion.pl\/en\/wp-json\/wp\/v2\/types\/product"}],"wp:featuredmedia":[{"embeddable":true,"href":"https:\/\/talia-fashion.pl\/en\/wp-json\/wp\/v2\/media\/258881"}],"wp:attachment":[{"href":"https:\/\/talia-fashion.pl\/en\/wp-json\/wp\/v2\/media?parent=5175"}],"wp:term":[{"taxonomy":"product_cat","embeddable":true,"href":"https:\/\/talia-fashion.pl\/en\/wp-json\/wp\/v2\/product_cat?post=5175"},{"taxonomy":"product_tag","embeddable":true,"href":"https:\/\/talia-fashion.pl\/en\/wp-json\/wp\/v2\/product_tag?post=5175"}],"curies":[{"name":"wp","href":"https:\/\/api.w.org\/{rel}","templated":true}]}}