{"id":5151,"date":"2023-09-22T12:37:43","date_gmt":"2023-09-22T10:37:43","guid":{"rendered":"http:\/\/talia-fashion.pl\/produkt\/ocieplany-plaszcz-damski-z-paskiem-taupe-ada\/"},"modified":"2026-04-18T12:03:45","modified_gmt":"2026-04-18T10:03:45","slug":"ocieplany-plaszcz-damski-z-paskiem-taupe-ada","status":"publish","type":"product","link":"https:\/\/talia-fashion.pl\/en\/product\/ocieplany-plaszcz-damski-z-paskiem-taupe-ada\/","title":{"rendered":"Ladies' insulated coat with belt taupe Ada"},"content":{"rendered":"<p>Ocieplany p\u0142aszcz damski z paskiem taupe Ada to jedno z bardziej klasycznych damskich okry\u0107 wierzchnich, stanowi\u0105cych fundament ka\u017cdej garderoby. P\u0142aszczyk ma dopasowany ty\u0142, prz\u00f3d jest profilowany, dzi\u0119ki czemu subtelnie podkre\u015bla ksza\u0142t figury, lecz jej nie opina. <span lang=\"DE\">Tali\u0119 mo\u017cna dodatkowo jeszcze podkre\u015bli\u0107 paskiem wykonanym z tej samej tkaniny.<\/span> Bez rozporka. Zapinany na guziki. D\u0142ugo\u015b\u0107 si\u0119gaj\u0105ca do kolan nadaje sylwetce harmonii. Ko\u0142nierz wyko\u0144czony nowoczesnymi w konstrukcji, wysmuklaj\u0105cymi klapami z mo\u017cliwo\u015bci\u0105 podniesienia, co dodaje szyku i ciep\u0142a. Dwie, funkcjonalne i estetyczne kieszenie po bokach. <span lang=\"DE\">Model uszyty z mi\u0119kkiej tkaniny z przewag\u0105 we\u0142ny, w ca\u0142o\u015bci na podszewce i dodatkowo ocieplany. We\u0142niana tkanina zapewni optymalny komfort termiczny, chroni\u0105c przed ch\u0142odem i wilgoci\u0105. Idealna propozycja na zim\u0119. <\/span><\/p>\n<p>Ocieplany p\u0142aszcz damski z paskiem taupe Ada w modnym kolorze taupe wzbudzi zachwyt i \u0142atwo po\u0142\u0105czysz go z pozosta\u0142ymi elementami swojej garderoby. Tym bardziej, i\u017c kolor taupe to po\u0142\u0105czenie br\u0105zu i szarego z kapk\u0105 zieleni, a zatem znakomicie pasuje z biel\u0105, czerni\u0105 i pozosta\u0142ymi kolorami ziemi, jak: szaro\u015b\u0107, be\u017ce, br\u0105zy i khaki. Dla bardziej odwa\u017cnych polecam zestawi\u0107 taupe z bordowymi, musztardowymi lub z\u0142otymi dodatkami. Idealny na oficjalne spotkania, do biznesowych stylizacji czy na spacer do parku. P\u0142aszcz doskonale prezentuje si\u0119 zar\u00f3wno ze sneakersami, sk\u00f3rzanymi kozaki jak i skarpetowymi botkami na platformie. Szykowne r\u0119kawiczki i kapelusz, dzierkany szalik i czapka. Zerknij co masz w szafie i stylizuj.<\/p>\n<p>Dobieraj\u0105c p\u0142aszcz do sylwetki mo\u017cesz wspom\u00f3c si\u0119 naszymi wskaz\u00f3wkami z zak\u0142adki: <a href=\"https:\/\/talia-fashion.pl\/en\/jak-dobrac-plaszcz-do-sylwetki\/\">How do you choose a coat to suit your figure?<\/a><\/p>\n<p>Zdj\u0119cie rzeczywiste \u2013 taupe<\/p>\n<p>P\u0142aszcz dost\u0119pny jest w nast\u0119puj\u0105cych kolorach: taupe\u00a0 (kolor taupe ma 4 guziki &#8211; 2 rz\u0119dy po dwa guziki S, M, L)(po\u0142\u0105czenie szaro\u015bci i br\u0105zu &#8211; ziemisty kolor), jasny be\u017c (XS, S, M, L, XL), czarny (XS, S, XL)<\/p>\n<p>Wszystkie kolory znale\u017a\u0107 mo\u017cna w naszej \u00a0<a href=\"https:\/\/talia-fashion.pl\/en\/paleta-kolorow\/\">Colour palette<\/a>. Prezentujemy je tak\u017ce na zdj\u0119ciach pozosta\u0142ych p\u0142aszczy na innych aukcjach. W razie w\u0105tpliwo\u015bci, prosimy o kontakt.<\/p>\n<p>The model is 172cm and a size S.<\/p>\n<p>Available sizes: XS, S, M, L, XL<\/p>\n<p><span lang=\"DE\">Indicative dimensions:<\/span><\/p>\n<p><span lang=\"DE\">XS &#8211; biust: 86-88 \/ biodra 94-96 \/ szeroko\u015b\u0107 ramion 34,5-35 \/ d\u0142ugo\u015b\u0107: 97 \/ r\u0119kaw 61<br \/>\nS - bust: 90-92 \/ hips: 98-100 \/ length: 98 \/ shoulder width 35.5-36 \/ sleeve: 62<br \/>\nM - bust: 94-96 \/ hips: 102-104 \/ length: 98 \/ shoulder width 37.5 \/ sleeve: 62<br \/>\nL &#8211; biust: 98-100 \/ biodra: 106-108 \/ d\u0142ugo\u015b\u0107: 98 \/ szeroko\u015b\u0107 ramion 39,5-40 \/ r\u0119kaw: 63<br \/>\nXL - bust: 104-106 \/ hips: 112-114 \/ length: 98 \/ shoulder width 42-42.5 \/ sleeve: 64\u00a0<\/span><\/p>\n<p>Jak interpretowa\u0107 powy\u017csz\u0105 tabel\u0119 oraz jak si\u0119 mierzy\u0107 i dobra\u0107 rozmiar, podpowiadamy w zak\u0142adce\u00a0<a href=\"https:\/\/talia-fashion.pl\/en\/jak-dobrac-rozmiar\/\">How do you choose the right size?<\/a><br \/>\nIf in doubt, please contact us.<\/p>\n<p>Materia\u0142: 60% we\u0142na, 22% poliester, 10% wiskoza, 8% alpaka<br \/>\nLining: 100 % acetate<br \/>\nLike viscose, acetate is produced from cellulose. Acetate yarn can also be made from recycled cellulose such as paper. The acetate lining is excellent at absorbing moisture and allowing air to pass through, so it provides thermal comfort and wears well. It is coated with an antistatic apprette and is OEKOtex\u00ae Standard 100 certified.<\/p>\n<p>Insulation: 100% non-woven recycled polyester<br \/>\nOur coats are insulated with a compressed thermo-insulating quilted fleece on the lining. The fleece is made from recycled polyester fibres. The material is lightweight, thin and at the same time perfectly insulating. The insulating fleece we use is resistant to moisture (it retains its insulating properties and warming effect even in damp conditions), stops the wind, is hypoallergenic and breathable. It is OEKOtex\u00ae Standard 100 certified.<\/p>\n<p>Jednorz\u0119dowy p\u0142aszcz we\u0142niany ze st\u00f3jk\u0105 Sisi zaprojektowali\u015bmy i uszyli\u015bmy w naszej rodzinnej pracowni. Dzi\u0119ki tradycyjnemu krawiectwu mamy kontrol\u0119 nad ka\u017cdym etapem tworzenia p\u0142aszcza. Ka\u017cdy nasz p\u0142aszcz jest dla nas wyj\u0105tkowy i wk\u0142adamy w jego uszycie ca\u0142e serce. To rzemie\u015blnicza pere\u0142ka, powsta\u0142a z dba\u0142o\u015bci\u0105 o ka\u017cdy szeczeg\u00f3\u0142. Ju\u017c od ponad 35 lat p\u0142aszcze s\u0105 nasz\u0105 pasj\u0105, kt\u00f3ra przechodzi z pokolenia na pokolenie.<\/p>\n<p>P\u0142aszcz nale\u017cy czy\u015bci\u0107 chemicznie, natomiast warto pami\u0119ta\u0107, \u017ce dbanie o odzie\u017c jest r\u00f3wnie\u017c wyrazem troski o \u015brodowisko. Dbaj\u0105c i piel\u0119gnuj\u0105c sw\u00f3j p\u0142aszcz, cieszysz si\u0119 nim d\u0142u\u017cej a jednocze\u015bnie ograniczasz ilo\u015b\u0107 odpad\u00f3w. W zak\u0142adce\u00a0 <a href=\"https:\/\/talia-fashion.pl\/en\/jak-pielegnowac-i-dbac-o-plaszcz\/\">How to care for and maintain coats?<\/a> znajdziesz gar\u015b\u0107 porad na domow\u0105 piel\u0119gnacj\u0119. Dodatkowo, do cz\u0119stego od\u015bwie\u017cania we\u0142ny polecamy <a href=\"https:\/\/talia-fashion.pl\/en\/product\/szczotka-do-czyszczenia-i-pielegnacji-plaszcza\/\">Brush for cleaning and care of the coat<\/a>, kt\u00f3r\u0105 znajdziesz w naszym sklepie.<\/p>\n<p><strong>Individual order - <\/strong>Some modifications can be made at the client's request: shortening, lengthening of the sleeve, shortening and lengthening of the coat. Cost to be determined individually, after prior contact. <span lang=\"DE\">On individual request, it is possible to sew this coat model in size 34 (XXS).<\/span><\/p>\n<p><strong>An individual order is not subject to exchange or refund.<\/strong><\/p>\n<p>Czas realizacji zam\u00f3wienia uzale\u017cniamy od aktualnego stanu magazynowego w pracowni oraz dost\u0119pno\u015bci danego koloru materia\u0142u. Je\u015bli dany p\u0142aszcz jest uszyty realizacja zam\u00f3wienia nast\u0105pi bardzo szybko w ci\u0105gu 2-5 dni roboczych. Je\u015bli konieczne jest uszycie p\u0142aszcza lub indywidualizacja zam\u00f3wienia \u2013 wykonanie przer\u00f3bki lub uszycie nowego p\u0142aszcza wed\u0142ug specyfikacji Klienta \u2013 czas realizacji zam\u00f3wienia mo\u017ce ulec wyd\u0142u\u017ceniu, maksymalnie do 2 tygodni.<\/p>\n<p>Prosimy o cierpliwo\u015b\u0107 w oczekiwaniu na zam\u00f3wienie, gdy\u017c musimy uszy\u0107 ten p\u0142aszcz dla Ciebie. Szyjemy tradycyjnymi metodami, a to wymaga czasu. Ograniczamy te\u017c \u015bwiatow\u0105 nadprodukcj\u0119 i zu\u017cycie zasob\u00f3w naturalnych, dlatego nie szyjemy p\u0142aszczy na magazyn. <strong>Dzi\u0119kujemy, \u017ce wybierasz i wspierasz lokalne rzemios\u0142o.<\/strong><\/p>\n<p>We invite you to like our profile on <a href=\"https:\/\/www.facebook.com\/talia.plaszcze\">Facebook<\/a> i \u00a0<a href=\"https:\/\/www.instagram.com\/talia_plaszcze\/\">Instagram<\/a>. Zosta\u0144 z nami na d\u0142u\u017cej.<\/p>","protected":false},"excerpt":{"rendered":"<p>Ocieplany p\u0142aszcz damski z paskiem taupe Ada to jedno z bardziej klasycznych damskich okry\u0107 wierzchnich, stanowi\u0105cych fundament ka\u017cdej garderoby. P\u0142aszczyk ma dopasowany&hellip;<\/p>","protected":false},"featured_media":848,"template":"","meta":{"_acf_changed":false},"product_cat":[104,29],"product_tag":[89,78,119,37,34,39,42,67,101,135,43,68,47,75,150,137,85,50,95,86,138,125,60,53,149,88],"class_list":{"0":"post-5151","1":"product","2":"type-product","3":"status-publish","4":"has-post-thumbnail","6":"product_cat-ostatnie-sztuki","7":"product_cat-sale-plaszcz-damski-w-promocji","8":"product_tag-cieply","9":"product_tag-dla-roznych-sylwetek","10":"product_tag-dlugi-plaszcz-zimowy","11":"product_tag-dyplomatka","12":"product_tag-handmade","13":"product_tag-klasyczny","14":"product_tag-nowosc","15":"product_tag-ocieplany","16":"product_tag-oliwkowy-plaszcz","17":"product_tag-plaszcz-brazowy","18":"product_tag-plaszcz-damski","19":"product_tag-plaszcz-jesienny","20":"product_tag-plaszcz-na-guziki","21":"product_tag-plaszcz-ocieplany","22":"product_tag-plaszcz-taliowany","23":"product_tag-plaszcz-w-kolano","24":"product_tag-plaszcz-welniany","25":"product_tag-plaszcz-z-rewersem","26":"product_tag-plaszcz-zimowy","27":"product_tag-plaszcz-zimowy-ocieplany","28":"product_tag-polski-produkt","29":"product_tag-polskie-rzemioslo","30":"product_tag-producent-plaszczy-damskich","31":"product_tag-welna","32":"product_tag-welna-z-alpaki","33":"product_tag-wiazany","35":"first","36":"instock","37":"sale","38":"shipping-taxable","39":"purchasable","40":"product-type-variable","41":"has-default-attributes"},"acf":[],"yoast_head":"<!-- This site is optimized with the Yoast SEO plugin v25.7 - https:\/\/yoast.com\/wordpress\/plugins\/seo\/ -->\n<title>Ocieplany p\u0142aszcz damski z paskiem taupe Ada - Talia Fashion - p\u0142aszcz damskie<\/title>\n<meta name=\"description\" content=\"Ocieplany p\u0142aszcz damski z paskiem taupe Ada zosta\u0142 uszyty w naszej rodzinnej pracowni w Poznaniu. Pod\u0105\u017caj za klasyk\u0105 i elegancj\u0105. Wygodny i ciep\u0142y.\" \/>\n<meta name=\"robots\" content=\"index, follow, max-snippet:-1, max-image-preview:large, max-video-preview:-1\" \/>\n<link rel=\"canonical\" href=\"https:\/\/talia-fashion.pl\/en\/product\/ocieplany-plaszcz-damski-z-paskiem-taupe-ada\/\" \/>\n<meta property=\"og:locale\" content=\"en_GB\" \/>\n<meta property=\"og:type\" content=\"article\" \/>\n<meta property=\"og:title\" content=\"Ocieplany p\u0142aszcz damski z paskiem taupe Ada - Talia Fashion - p\u0142aszcz damskie\" \/>\n<meta property=\"og:description\" content=\"Ocieplany p\u0142aszcz damski z paskiem taupe Ada zosta\u0142 uszyty w naszej rodzinnej pracowni w Poznaniu. Pod\u0105\u017caj za klasyk\u0105 i elegancj\u0105. Wygodny i ciep\u0142y.\" \/>\n<meta property=\"og:url\" content=\"https:\/\/talia-fashion.pl\/en\/product\/ocieplany-plaszcz-damski-z-paskiem-taupe-ada\/\" \/>\n<meta property=\"og:site_name\" content=\"Talia Fashion\" \/>\n<meta property=\"article:modified_time\" content=\"2026-04-18T10:03:45+00:00\" \/>\n<meta property=\"og:image\" content=\"https:\/\/talia-fashion.pl\/wp-content\/uploads\/2024\/10\/ocieplany-plaszcz-damski-pasek-taupe-welna-alpaka-taliowany-960x1280.jpg\" \/>\n\t<meta property=\"og:image:width\" content=\"960\" \/>\n\t<meta property=\"og:image:height\" content=\"1280\" \/>\n\t<meta property=\"og:image:type\" content=\"image\/jpeg\" \/>\n<meta name=\"twitter:card\" content=\"summary_large_image\" \/>\n<meta name=\"twitter:label1\" content=\"Estimated reading time\" \/>\n\t<meta name=\"twitter:data1\" content=\"4 minutes\" \/>\n<script type=\"application\/ld+json\" class=\"yoast-schema-graph\">{\"@context\":\"https:\/\/schema.org\",\"@graph\":[{\"@type\":\"WebPage\",\"@id\":\"https:\/\/talia-fashion.pl\/produkt\/ocieplany-plaszcz-damski-z-paskiem-taupe-ada\/\",\"url\":\"https:\/\/talia-fashion.pl\/produkt\/ocieplany-plaszcz-damski-z-paskiem-taupe-ada\/\",\"name\":\"Ocieplany p\u0142aszcz damski z paskiem taupe Ada - Talia Fashion - p\u0142aszcz damskie\",\"isPartOf\":{\"@id\":\"https:\/\/talia-fashion.pl\/#website\"},\"primaryImageOfPage\":{\"@id\":\"https:\/\/talia-fashion.pl\/produkt\/ocieplany-plaszcz-damski-z-paskiem-taupe-ada\/#primaryimage\"},\"image\":{\"@id\":\"https:\/\/talia-fashion.pl\/produkt\/ocieplany-plaszcz-damski-z-paskiem-taupe-ada\/#primaryimage\"},\"thumbnailUrl\":\"https:\/\/talia-fashion.pl\/wp-content\/uploads\/2024\/10\/ocieplany-plaszcz-damski-pasek-taupe-welna-alpaka-taliowany.jpg\",\"datePublished\":\"2023-09-22T10:37:43+00:00\",\"dateModified\":\"2026-04-18T10:03:45+00:00\",\"description\":\"Ocieplany p\u0142aszcz damski z paskiem taupe Ada zosta\u0142 uszyty w naszej rodzinnej pracowni w Poznaniu. Pod\u0105\u017caj za klasyk\u0105 i elegancj\u0105. Wygodny i ciep\u0142y.\",\"breadcrumb\":{\"@id\":\"https:\/\/talia-fashion.pl\/produkt\/ocieplany-plaszcz-damski-z-paskiem-taupe-ada\/#breadcrumb\"},\"inLanguage\":\"en-GB\",\"potentialAction\":[{\"@type\":\"ReadAction\",\"target\":[\"https:\/\/talia-fashion.pl\/produkt\/ocieplany-plaszcz-damski-z-paskiem-taupe-ada\/\"]}]},{\"@type\":\"ImageObject\",\"inLanguage\":\"en-GB\",\"@id\":\"https:\/\/talia-fashion.pl\/produkt\/ocieplany-plaszcz-damski-z-paskiem-taupe-ada\/#primaryimage\",\"url\":\"https:\/\/talia-fashion.pl\/wp-content\/uploads\/2024\/10\/ocieplany-plaszcz-damski-pasek-taupe-welna-alpaka-taliowany.jpg\",\"contentUrl\":\"https:\/\/talia-fashion.pl\/wp-content\/uploads\/2024\/10\/ocieplany-plaszcz-damski-pasek-taupe-welna-alpaka-taliowany.jpg\",\"width\":1500,\"height\":2000,\"caption\":\"Ocieplany p\u0142aszcz damski z paskiem w modnym kolorze taupe. Klasyczny, wygodny kr\u00f3j, bazowy kolor. \u015awietna alternatywa br\u0105zowego p\u0142aszcza. Lekki i ciep\u0142y - idealny dla niskich os\u00f3b.\"},{\"@type\":\"BreadcrumbList\",\"@id\":\"https:\/\/talia-fashion.pl\/produkt\/ocieplany-plaszcz-damski-z-paskiem-taupe-ada\/#breadcrumb\",\"itemListElement\":[{\"@type\":\"ListItem\",\"position\":1,\"name\":\"Strona g\u0142\u00f3wna\",\"item\":\"https:\/\/talia-fashion.pl\/\"},{\"@type\":\"ListItem\",\"position\":2,\"name\":\"Sklep\",\"item\":\"https:\/\/talia-fashion.pl\/sklep\/\"},{\"@type\":\"ListItem\",\"position\":3,\"name\":\"Ocieplany p\u0142aszcz damski z paskiem taupe Ada\"}]},{\"@type\":\"WebSite\",\"@id\":\"https:\/\/talia-fashion.pl\/#website\",\"url\":\"https:\/\/talia-fashion.pl\/\",\"name\":\"Talia Fashion\",\"description\":\"\",\"potentialAction\":[{\"@type\":\"SearchAction\",\"target\":{\"@type\":\"EntryPoint\",\"urlTemplate\":\"https:\/\/talia-fashion.pl\/?s={search_term_string}\"},\"query-input\":{\"@type\":\"PropertyValueSpecification\",\"valueRequired\":true,\"valueName\":\"search_term_string\"}}],\"inLanguage\":\"en-GB\"}]}<\/script>\n<!-- \/ Yoast SEO plugin. -->","yoast_head_json":{"title":"Ocieplany p\u0142aszcz damski z paskiem taupe Ada - Talia Fashion - p\u0142aszcz damskie","description":"Ocieplany p\u0142aszcz damski z paskiem taupe Ada zosta\u0142 uszyty w naszej rodzinnej pracowni w Poznaniu. Pod\u0105\u017caj za klasyk\u0105 i elegancj\u0105. Wygodny i ciep\u0142y.","robots":{"index":"index","follow":"follow","max-snippet":"max-snippet:-1","max-image-preview":"max-image-preview:large","max-video-preview":"max-video-preview:-1"},"canonical":"https:\/\/talia-fashion.pl\/en\/product\/ocieplany-plaszcz-damski-z-paskiem-taupe-ada\/","og_locale":"en_GB","og_type":"article","og_title":"Ocieplany p\u0142aszcz damski z paskiem taupe Ada - Talia Fashion - p\u0142aszcz damskie","og_description":"Ocieplany p\u0142aszcz damski z paskiem taupe Ada zosta\u0142 uszyty w naszej rodzinnej pracowni w Poznaniu. Pod\u0105\u017caj za klasyk\u0105 i elegancj\u0105. Wygodny i ciep\u0142y.","og_url":"https:\/\/talia-fashion.pl\/en\/product\/ocieplany-plaszcz-damski-z-paskiem-taupe-ada\/","og_site_name":"Talia Fashion","article_modified_time":"2026-04-18T10:03:45+00:00","og_image":[{"width":960,"height":1280,"url":"https:\/\/talia-fashion.pl\/wp-content\/uploads\/2024\/10\/ocieplany-plaszcz-damski-pasek-taupe-welna-alpaka-taliowany-960x1280.jpg","type":"image\/jpeg"}],"twitter_card":"summary_large_image","twitter_misc":{"Estimated reading time":"4 minutes"},"schema":{"@context":"https:\/\/schema.org","@graph":[{"@type":"WebPage","@id":"https:\/\/talia-fashion.pl\/produkt\/ocieplany-plaszcz-damski-z-paskiem-taupe-ada\/","url":"https:\/\/talia-fashion.pl\/produkt\/ocieplany-plaszcz-damski-z-paskiem-taupe-ada\/","name":"Ocieplany p\u0142aszcz damski z paskiem taupe Ada - Talia Fashion - p\u0142aszcz damskie","isPartOf":{"@id":"https:\/\/talia-fashion.pl\/#website"},"primaryImageOfPage":{"@id":"https:\/\/talia-fashion.pl\/produkt\/ocieplany-plaszcz-damski-z-paskiem-taupe-ada\/#primaryimage"},"image":{"@id":"https:\/\/talia-fashion.pl\/produkt\/ocieplany-plaszcz-damski-z-paskiem-taupe-ada\/#primaryimage"},"thumbnailUrl":"https:\/\/talia-fashion.pl\/wp-content\/uploads\/2024\/10\/ocieplany-plaszcz-damski-pasek-taupe-welna-alpaka-taliowany.jpg","datePublished":"2023-09-22T10:37:43+00:00","dateModified":"2026-04-18T10:03:45+00:00","description":"Ocieplany p\u0142aszcz damski z paskiem taupe Ada zosta\u0142 uszyty w naszej rodzinnej pracowni w Poznaniu. Pod\u0105\u017caj za klasyk\u0105 i elegancj\u0105. Wygodny i ciep\u0142y.","breadcrumb":{"@id":"https:\/\/talia-fashion.pl\/produkt\/ocieplany-plaszcz-damski-z-paskiem-taupe-ada\/#breadcrumb"},"inLanguage":"en-GB","potentialAction":[{"@type":"ReadAction","target":["https:\/\/talia-fashion.pl\/produkt\/ocieplany-plaszcz-damski-z-paskiem-taupe-ada\/"]}]},{"@type":"ImageObject","inLanguage":"en-GB","@id":"https:\/\/talia-fashion.pl\/produkt\/ocieplany-plaszcz-damski-z-paskiem-taupe-ada\/#primaryimage","url":"https:\/\/talia-fashion.pl\/wp-content\/uploads\/2024\/10\/ocieplany-plaszcz-damski-pasek-taupe-welna-alpaka-taliowany.jpg","contentUrl":"https:\/\/talia-fashion.pl\/wp-content\/uploads\/2024\/10\/ocieplany-plaszcz-damski-pasek-taupe-welna-alpaka-taliowany.jpg","width":1500,"height":2000,"caption":"Ocieplany p\u0142aszcz damski z paskiem w modnym kolorze taupe. Klasyczny, wygodny kr\u00f3j, bazowy kolor. \u015awietna alternatywa br\u0105zowego p\u0142aszcza. Lekki i ciep\u0142y - idealny dla niskich os\u00f3b."},{"@type":"BreadcrumbList","@id":"https:\/\/talia-fashion.pl\/produkt\/ocieplany-plaszcz-damski-z-paskiem-taupe-ada\/#breadcrumb","itemListElement":[{"@type":"ListItem","position":1,"name":"Strona g\u0142\u00f3wna","item":"https:\/\/talia-fashion.pl\/"},{"@type":"ListItem","position":2,"name":"Sklep","item":"https:\/\/talia-fashion.pl\/sklep\/"},{"@type":"ListItem","position":3,"name":"Ocieplany p\u0142aszcz damski z paskiem taupe Ada"}]},{"@type":"WebSite","@id":"https:\/\/talia-fashion.pl\/#website","url":"https:\/\/talia-fashion.pl\/","name":"Talia Fashion","description":"","potentialAction":[{"@type":"SearchAction","target":{"@type":"EntryPoint","urlTemplate":"https:\/\/talia-fashion.pl\/?s={search_term_string}"},"query-input":{"@type":"PropertyValueSpecification","valueRequired":true,"valueName":"search_term_string"}}],"inLanguage":"en-GB"}]}},"_links":{"self":[{"href":"https:\/\/talia-fashion.pl\/en\/wp-json\/wp\/v2\/product\/5151","targetHints":{"allow":["GET"]}}],"collection":[{"href":"https:\/\/talia-fashion.pl\/en\/wp-json\/wp\/v2\/product"}],"about":[{"href":"https:\/\/talia-fashion.pl\/en\/wp-json\/wp\/v2\/types\/product"}],"wp:featuredmedia":[{"embeddable":true,"href":"https:\/\/talia-fashion.pl\/en\/wp-json\/wp\/v2\/media\/848"}],"wp:attachment":[{"href":"https:\/\/talia-fashion.pl\/en\/wp-json\/wp\/v2\/media?parent=5151"}],"wp:term":[{"taxonomy":"product_cat","embeddable":true,"href":"https:\/\/talia-fashion.pl\/en\/wp-json\/wp\/v2\/product_cat?post=5151"},{"taxonomy":"product_tag","embeddable":true,"href":"https:\/\/talia-fashion.pl\/en\/wp-json\/wp\/v2\/product_tag?post=5151"}],"curies":[{"name":"wp","href":"https:\/\/api.w.org\/{rel}","templated":true}]}}