{"id":5143,"date":"2023-09-20T16:00:58","date_gmt":"2023-09-20T14:00:58","guid":{"rendered":"http:\/\/talia-fashion.pl\/produkt\/plaszcz-zimowy-w-jodelke-oversizowy-florence\/"},"modified":"2026-04-02T13:10:15","modified_gmt":"2026-04-02T11:10:15","slug":"oversizowy-plaszcz-zimowy-w-czekoladowo-biala-jodelke-florence","status":"publish","type":"product","link":"https:\/\/talia-fashion.pl\/en\/product\/oversizowy-plaszcz-zimowy-w-czekoladowo-biala-jodelke-florence\/","title":{"rendered":"Oversized winter coat in chocolate and white herringbone Florence"},"content":{"rendered":"<p><strong>Oversizowy p\u0142aszcz zimowy w czekoladowo-bia\u0142\u0105 jode\u0142k\u0119<\/strong> Florence to <strong>limitowana wersja<\/strong> naszego kultowego p\u0142aszcza. Znany, ponadczasowy wz\u00f3r jode\u0142ki powraca <span class=\"ILfuVd\" lang=\"pl\"><span class=\"hgKElc\">udowadniaj\u0105c, \u017ce to, co pi\u0119kne i stylowe nie przemija i nie wychodzi z mody. Tym razem czarna nitka zosta\u0142a zast\u0105piona br\u0105zow\u0105 tworz\u0105c bardzo oryginalny ciep\u0142y dese\u0144. Z po\u0142\u0105czenia dw\u00f3ch kolor\u00f3w czekoladowego br\u0105zu i roz\u015bwietlaj\u0105cej bieli powsta\u0142a <strong>czekoladowo-bia\u0142a jode\u0142ka<\/strong>.<\/span><\/span><\/p>\n<p>P\u0142aszcz Florence <strong>z obni\u017con\u0105 lini\u0105 ramion<\/strong> uszyli\u015bmy z mi\u0119kkiej i mi\u0119sistej tkaniny z\u00a0wysok\u0105 zawarto\u015bci\u0105 we\u0142ny, kt\u00f3ra nadaje ca\u0142o\u015bci wyj\u0105tkow\u0105 plastyczno\u015b\u0107 i elegancki charakter. To fason <strong>o lu\u017anym<\/strong>, nieco <strong>oversizowym kroju<\/strong>. Celowo przeskalowany, szczeg\u00f3lnie w g\u00f3rnej jego cz\u0119\u015bci, dla wi\u0119kszej wygody i nowoczesnego efektu. Dzi\u0119ki temu p\u0142aszcz pomie\u015bci grubszy sweterek czy marynark\u0119. A ca\u0142o\u015bci stylizacji nada lekko\u015bci i zrelaksowany charakter. <strong>Dwurz\u0119dowy<\/strong>, zapinany na dobrane w ciemniejszej tonacji guziki. Do podkre\u015blenia talii, p\u0142aszcz <strong>posiada pasek<\/strong> uszyty z tej samej tkaniny. Mo\u017cna go jednak zawi\u0105za\u0107 na tyle lub wyci\u0105gn\u0105\u0107 a wtedy <strong>pude\u0142kowy kr\u00f3j<\/strong> p\u0142aszcza idealnie przypasuje Paniom bez wci\u0119cia w talii. Wyk\u0142adany, delikatnie poszerzany ko\u0142nierz z klapami. Przednie, wpuszczane sko\u015bnie kieszenie. D\u0142ugo\u015b\u0107 za kolano. Ty\u0142 bez rozporka. P\u0142aszcz w ca\u0142o\u015bci ocieplany, idealny na zim\u0119.<\/p>\n<p>Wybieraj\u0105c <strong>Oversizowy p\u0142aszcz zimowy w czekoladowo-bia\u0142\u0105 jode\u0142k\u0119<\/strong> Florence, mo\u017cesz by\u0107 pewna, \u017ce fason ten b\u0119dzie doskonale komponowa\u0142 si\u0119 z rozmaitymi stylizacjami, od eleganckich przez biznesowe a\u017c po zupe\u0142nie lu\u017ane, a nawet nieco sportowe. Dzi\u0119ki temu, \u017ce model ten \u0142\u0105czy klasyk\u0119 z nowoczesno\u015bci\u0105, mo\u017cesz za\u0142o\u017cy\u0107 do niego zar\u00f3wno eleganckie kozaki jak i wygodne sneakers&#8217;y. We\u0142niana, dziergana czapka, a mo\u017ce kapelusz? Sk\u00f3rzana akt\u00f3wka lub pikowana torba shopper? Stylizuj jak lubisz.<\/p>\n<p>We have provided guidance on the choice of cut on our website, under the tab <a href=\"https:\/\/talia-fashion.pl\/en\/jak-dobrac-plaszcz-do-sylwetki\/\">How do you choose a coat to suit your figure?<\/a><\/p>\n<p>Zdj\u0119cie rzeczywiste \u2013 jode\u0142ka czekoladowo-bia\u0142a (tylko S, L)<br \/>\nDost\u0119pne kolory: jode\u0142ka czekoladowo-bia\u0142a, jode\u0142ka czarno-bia\u0142a<br \/>\nThe colour of the fabric can also be seen in<a href=\"https:\/\/talia-fashion.pl\/en\/paleta-kolorow\/\"> Colour palette.<\/a><\/p>\n<p>The model is 172cm and a size XS.<\/p>\n<p>Available sizes: XS, S, M, L<\/p>\n<p>Indicative dimensions:<\/p>\n<p>XS \u2013 biust: 86-88 \/ biodra: 94-96 \/ d\u0142ugo\u015b\u0107: 105 \/ r\u0119kaw 61<br \/>\nS \u2013 biust: 90-92 \/ biodra: 98-100 \/ d\u0142ugo\u015b\u0107: 106 \/ r\u0119kaw: 61<br \/>\nM - bust: 94-96 \/ hips: 102-104 \/ length: 106 \/ sleeve: 62<br \/>\nL - bust: 98-100 \/ hips: 106-108 \/ length: 107 \/ sleeve: 63<\/p>\n<p data-start=\"380\" data-end=\"725\">Oversizowy p\u0142aszcz zimowy w czekoladowo-bia\u0142\u0105 jode\u0142k\u0119 Florence to model o zrelaksowanym kroju. <strong>G\u00f3rna cz\u0119\u015b\u0107 ma lu\u017aniejsz\u0105 form\u0119<\/strong>, co nadaje ca\u0142o\u015bci swobodny, nowoczesny charakter. Je\u015bli preferujesz bardziej dopasowany fason, rekomendujemy wyb\u00f3r rozmiaru mniejszego ni\u017c standardowy. Ca\u0142y urok tego modelu tkwi jednak w jego niezobowi\u0105zuj\u0105cym, lekkim przeskalowaniu.<\/p>\n<p data-start=\"727\" data-end=\"939\">W por\u00f3wnaniu do klasycznych p\u0142aszczy z wszywanym r\u0119kawem, Florence wypada mniej wi\u0119cej o jeden rozmiar wi\u0119kszy. Kluczowe w tym fasonie jest to, aby materia\u0142 swobodnie op\u0142ywa\u0142 biodra \u2013 nie powinien ich opina\u0107. W zak\u0142adce\u00a0<a href=\"https:\/\/talia-fashion.pl\/en\/jak-dobrac-rozmiar\/\">How to choose a size?<\/a> wyja\u015bniamy jak interpretowa\u0107 powy\u017csz\u0105 tabel\u0119 rozmiar\u00f3w i dodatkowo podpowiadamy, w jaki spos\u00f3b si\u0119 zmierzy\u0107. W razie w\u0105tpliwo\u015bci prosimy o kontakt.<\/p>\n<p>Materia\u0142: 70% we\u0142na dziewicza, 30% poliamid<\/p>\n<p>Lining: 100% acetate<\/p>\n<p>Like viscose, acetate is produced from cellulose. Acetate yarn can also be made from recycled cellulose such as paper. The acetate lining is excellent at absorbing moisture and allowing air to pass through. It is coated with an antistatic apprettee and is OEKOtex\u00ae Standard 100 certified.<\/p>\n<p>Insulation: 100% non-woven recycled polyester<br \/>\nOur coats are insulated with a compressed thermo-insulating quilted fleece on the lining. The fleece is made from recycled polyester fibres. The material is lightweight, thin and at the same time perfectly insulating. The insulating fleece we use is resistant to moisture (it retains its insulating properties and warming effect even in damp conditions), stops the wind, is hypoallergenic and breathable. It is OEKOtex\u00ae Standard 100 certified.<\/p>\n<p>The coat should be dry-cleaned. However, you can take care of it on a day-to-day basis by using the following products offered in our shop <a href=\"https:\/\/talia-fashion.pl\/en\/product\/szczotka-do-czyszczenia-i-pielegnacji-plaszcza\/\">Brushes for cleaning and care of the coat<\/a>. By taking care of your coat you are also helping to protect the environment, which is why in the <a href=\"https:\/\/talia-fashion.pl\/en\/jak-pielegnowac-i-dbac-o-plaszcz\/\">How to nurture and care for the coat?<\/a> we have included tips on how to extend the life of your coat.<\/p>\n<p>Wszystkie p\u0142aszcze szyjemy w naszej pracowni, dlatego istnieje mo\u017cliwo\u015b\u0107 z\u0142o\u017cenia zam\u00f3wienia personalizowanego, zwi\u0105zanego z wpowadzeniem modyfikacji na \u017cyczenie Klienta. W przypadku tego modelu na <strong>Individual order <\/strong>\u2013 mo\u017cemy skr\u00f3ci\u0107, wyd\u0142u\u017cy\u0107 r\u0119kaw czy zmieni\u0107 d\u0142ugo\u015b\u0107 p\u0142aszcza. Koszt ustalamy indywidualnie, wyceniaj\u0105c zakres prac, po uprzednim kontakcie. <strong>An individual order is not subject to exchange or refund.<\/strong><\/p>\n<p>Czas realizacji zam\u00f3wienia uzale\u017cniamy od aktualnego stanu magazynowego wpracowni oraz dost\u0119pno\u015bci danego koloru materia\u0142u. Je\u015bli dany p\u0142aszcz jest uszyty realizacja zam\u00f3wienia nast\u0105pi bardzo szybko w ci\u0105gu 2-5 dni roboczych. Je\u015bli konieczne jest uszycie p\u0142aszcza lub indywidualizacja zam\u00f3wienia \u2013 wykonanie przer\u00f3bki lub uszycie nowego p\u0142aszcza wed\u0142ug specyfikacji Klienta \u2013 czas realizacji zam\u00f3wienia mo\u017ce ulec wyd\u0142u\u017ceniu, maksymalnie do 2 tygodni.<\/p>\n<p>Oversizowy p\u0142aszcz zimowy w czekoladowo-bia\u0142\u0105 jode\u0142k\u0119 Florence jest naszym autorskim projektem i szyjemy go w naszej rodzinnej pracowni. Od ponad 37 lat zajmujemy si\u0119 rzemios\u0142em i szyjemy p\u0142aszcze, kurtki, trencze wed\u0142ug tradycyjnych, pracoch\u0142onnych metod. <strong>Laying the fabric by hand<\/strong> pozwala nam na idealne spasowanie wzoru jode\u0142ki na elementach p\u0142aszcza, dzi\u0119ki czemu trafia do Ciebie produkt stworzony z najwy\u017csz\u0105 precyzj\u0105 i sercem. Wi\u0119kszo\u015b\u0107 naszych p\u0142aszczy szyjemy na bie\u017c\u0105co. Prosimy zatem o cierpliwo\u015b\u0107 w oczekiwaniu na realizacj\u0119 zam\u00f3wienia, poniewa\u017c musimy uszy\u0107 ten p\u0142aszczyk dla Ciebie.<\/p>\n<p>Stay with us longer and watch us on\u00a0<a href=\"https:\/\/www.facebook.com\/talia.plaszcze\">Facebook<\/a>\u00a0i\u00a0<a href=\"https:\/\/www.instagram.com\/talia_plaszcze\/\">Instagram.<\/a><\/p>","protected":false},"excerpt":{"rendered":"<p>Limited edition. <span lang=\"DE\">Doskona\u0142a harmonia obj\u0119to\u015bci i proporcji.\u00a0<\/span><\/p>","protected":false},"featured_media":258851,"template":"","meta":{"_acf_changed":false},"product_cat":[31,36],"product_tag":[78,119,33,34,340,40,224,80,41,42,67,82,299,43,91,68,83,47,84,181,85,50,86,60,362,63,88,110,210,131],"class_list":{"0":"post-5143","1":"product","2":"type-product","3":"status-publish","4":"has-post-thumbnail","6":"product_cat-nowosci","7":"product_cat-plaszcze-dluzsze","8":"product_tag-dla-roznych-sylwetek","9":"product_tag-dlugi-plaszcz-zimowy","10":"product_tag-dwurzedowy","11":"product_tag-handmade","12":"product_tag-jesionka","13":"product_tag-kolnierz","14":"product_tag-limited-edition","15":"product_tag-luzny-kroj","16":"product_tag-na-podszewce","17":"product_tag-nowosc","18":"product_tag-ocieplany","19":"product_tag-oversize","20":"product_tag-plaszcz-czekoladowy","21":"product_tag-plaszcz-damski","22":"product_tag-plaszcz-damski-zimowy","23":"product_tag-plaszcz-jesienny","24":"product_tag-plaszcz-luzny","25":"product_tag-plaszcz-na-guziki","26":"product_tag-plaszcz-oversizowy","27":"product_tag-plaszcz-w-jodelke","28":"product_tag-plaszcz-welniany","29":"product_tag-plaszcz-z-rewersem","30":"product_tag-plaszcz-zimowy-ocieplany","31":"product_tag-producent-plaszczy-damskich","32":"product_tag-welna-tweed","33":"product_tag-welniany","34":"product_tag-wiazany","35":"product_tag-z-paskiem","36":"product_tag-za-kolano","37":"product_tag-zimowy-plaszcz","39":"first","40":"instock","41":"shipping-taxable","42":"purchasable","43":"product-type-variable","44":"has-default-attributes"},"acf":[],"yoast_head":"<!-- This site is optimized with the Yoast SEO plugin v25.7 - https:\/\/yoast.com\/wordpress\/plugins\/seo\/ -->\n<title>Oversizowy p\u0142aszcz zimowy w czekoladowo-bia\u0142\u0105 jode\u0142k\u0119 Florence - Talia Fashion<\/title>\n<meta name=\"description\" content=\"Oversizowy p\u0142aszcz zimowy w czekoladowo-bia\u0142\u0105 jode\u0142k\u0119. Nietuzinkowy p\u0142aszcz, kt\u00f3ry przykuwa uwag\u0119 i nadaje stylizacji charakteru. Limitowana ilo\u015b\u0107. Handmade\" \/>\n<meta name=\"robots\" content=\"index, follow, max-snippet:-1, max-image-preview:large, max-video-preview:-1\" \/>\n<link rel=\"canonical\" href=\"https:\/\/talia-fashion.pl\/en\/product\/oversizowy-plaszcz-zimowy-w-czekoladowo-biala-jodelke-florence\/\" \/>\n<meta property=\"og:locale\" content=\"en_GB\" \/>\n<meta property=\"og:type\" content=\"article\" \/>\n<meta property=\"og:title\" content=\"Oversizowy p\u0142aszcz zimowy w czekoladowo-bia\u0142\u0105 jode\u0142k\u0119 Florence - Talia Fashion\" \/>\n<meta property=\"og:description\" content=\"Oversizowy p\u0142aszcz zimowy w czekoladowo-bia\u0142\u0105 jode\u0142k\u0119. Nietuzinkowy p\u0142aszcz, kt\u00f3ry przykuwa uwag\u0119 i nadaje stylizacji charakteru. Limitowana ilo\u015b\u0107. Handmade\" \/>\n<meta property=\"og:url\" content=\"https:\/\/talia-fashion.pl\/en\/product\/oversizowy-plaszcz-zimowy-w-czekoladowo-biala-jodelke-florence\/\" \/>\n<meta property=\"og:site_name\" content=\"Talia Fashion\" \/>\n<meta property=\"article:modified_time\" content=\"2026-04-02T11:10:15+00:00\" \/>\n<meta property=\"og:image\" content=\"https:\/\/talia-fashion.pl\/wp-content\/uploads\/2023\/09\/oversizowy-plaszcz-zimowy-w-jodelke-czekoladowy-ocieplany-960x1280.jpg\" \/>\n\t<meta property=\"og:image:width\" content=\"960\" \/>\n\t<meta property=\"og:image:height\" content=\"1280\" \/>\n\t<meta property=\"og:image:type\" content=\"image\/jpeg\" \/>\n<meta name=\"twitter:card\" content=\"summary_large_image\" \/>\n<meta name=\"twitter:label1\" content=\"Estimated reading time\" \/>\n\t<meta name=\"twitter:data1\" content=\"4 minutes\" \/>\n<script type=\"application\/ld+json\" class=\"yoast-schema-graph\">{\"@context\":\"https:\/\/schema.org\",\"@graph\":[{\"@type\":\"WebPage\",\"@id\":\"https:\/\/talia-fashion.pl\/produkt\/oversizowy-plaszcz-zimowy-w-czekoladowo-biala-jodelke-florence\/\",\"url\":\"https:\/\/talia-fashion.pl\/produkt\/oversizowy-plaszcz-zimowy-w-czekoladowo-biala-jodelke-florence\/\",\"name\":\"Oversizowy p\u0142aszcz zimowy w czekoladowo-bia\u0142\u0105 jode\u0142k\u0119 Florence - Talia Fashion\",\"isPartOf\":{\"@id\":\"https:\/\/talia-fashion.pl\/#website\"},\"primaryImageOfPage\":{\"@id\":\"https:\/\/talia-fashion.pl\/produkt\/oversizowy-plaszcz-zimowy-w-czekoladowo-biala-jodelke-florence\/#primaryimage\"},\"image\":{\"@id\":\"https:\/\/talia-fashion.pl\/produkt\/oversizowy-plaszcz-zimowy-w-czekoladowo-biala-jodelke-florence\/#primaryimage\"},\"thumbnailUrl\":\"https:\/\/talia-fashion.pl\/wp-content\/uploads\/2023\/09\/oversizowy-plaszcz-zimowy-w-jodelke-czekoladowy-ocieplany.jpg\",\"datePublished\":\"2023-09-20T14:00:58+00:00\",\"dateModified\":\"2026-04-02T11:10:15+00:00\",\"description\":\"Oversizowy p\u0142aszcz zimowy w czekoladowo-bia\u0142\u0105 jode\u0142k\u0119. Nietuzinkowy p\u0142aszcz, kt\u00f3ry przykuwa uwag\u0119 i nadaje stylizacji charakteru. Limitowana ilo\u015b\u0107. Handmade\",\"breadcrumb\":{\"@id\":\"https:\/\/talia-fashion.pl\/produkt\/oversizowy-plaszcz-zimowy-w-czekoladowo-biala-jodelke-florence\/#breadcrumb\"},\"inLanguage\":\"en-GB\",\"potentialAction\":[{\"@type\":\"ReadAction\",\"target\":[\"https:\/\/talia-fashion.pl\/produkt\/oversizowy-plaszcz-zimowy-w-czekoladowo-biala-jodelke-florence\/\"]}]},{\"@type\":\"ImageObject\",\"inLanguage\":\"en-GB\",\"@id\":\"https:\/\/talia-fashion.pl\/produkt\/oversizowy-plaszcz-zimowy-w-czekoladowo-biala-jodelke-florence\/#primaryimage\",\"url\":\"https:\/\/talia-fashion.pl\/wp-content\/uploads\/2023\/09\/oversizowy-plaszcz-zimowy-w-jodelke-czekoladowy-ocieplany.jpg\",\"contentUrl\":\"https:\/\/talia-fashion.pl\/wp-content\/uploads\/2023\/09\/oversizowy-plaszcz-zimowy-w-jodelke-czekoladowy-ocieplany.jpg\",\"width\":1300,\"height\":1734,\"caption\":\"Oversizowy p\u0142aszcz o lu\u017aniejszym kroju w ponadczasowy wz\u00f3r jode\u0142ki. Stylowy i wygodny.\"},{\"@type\":\"BreadcrumbList\",\"@id\":\"https:\/\/talia-fashion.pl\/produkt\/oversizowy-plaszcz-zimowy-w-czekoladowo-biala-jodelke-florence\/#breadcrumb\",\"itemListElement\":[{\"@type\":\"ListItem\",\"position\":1,\"name\":\"Strona g\u0142\u00f3wna\",\"item\":\"https:\/\/talia-fashion.pl\/\"},{\"@type\":\"ListItem\",\"position\":2,\"name\":\"Sklep\",\"item\":\"https:\/\/talia-fashion.pl\/sklep\/\"},{\"@type\":\"ListItem\",\"position\":3,\"name\":\"Oversizowy p\u0142aszcz zimowy w czekoladowo-bia\u0142\u0105 jode\u0142k\u0119 Florence\"}]},{\"@type\":\"WebSite\",\"@id\":\"https:\/\/talia-fashion.pl\/#website\",\"url\":\"https:\/\/talia-fashion.pl\/\",\"name\":\"Talia Fashion\",\"description\":\"\",\"potentialAction\":[{\"@type\":\"SearchAction\",\"target\":{\"@type\":\"EntryPoint\",\"urlTemplate\":\"https:\/\/talia-fashion.pl\/?s={search_term_string}\"},\"query-input\":{\"@type\":\"PropertyValueSpecification\",\"valueRequired\":true,\"valueName\":\"search_term_string\"}}],\"inLanguage\":\"en-GB\"}]}<\/script>\n<!-- \/ Yoast SEO plugin. -->","yoast_head_json":{"title":"Oversizowy p\u0142aszcz zimowy w czekoladowo-bia\u0142\u0105 jode\u0142k\u0119 Florence - Talia Fashion","description":"Oversizowy p\u0142aszcz zimowy w czekoladowo-bia\u0142\u0105 jode\u0142k\u0119. Nietuzinkowy p\u0142aszcz, kt\u00f3ry przykuwa uwag\u0119 i nadaje stylizacji charakteru. Limitowana ilo\u015b\u0107. Handmade","robots":{"index":"index","follow":"follow","max-snippet":"max-snippet:-1","max-image-preview":"max-image-preview:large","max-video-preview":"max-video-preview:-1"},"canonical":"https:\/\/talia-fashion.pl\/en\/product\/oversizowy-plaszcz-zimowy-w-czekoladowo-biala-jodelke-florence\/","og_locale":"en_GB","og_type":"article","og_title":"Oversizowy p\u0142aszcz zimowy w czekoladowo-bia\u0142\u0105 jode\u0142k\u0119 Florence - Talia Fashion","og_description":"Oversizowy p\u0142aszcz zimowy w czekoladowo-bia\u0142\u0105 jode\u0142k\u0119. Nietuzinkowy p\u0142aszcz, kt\u00f3ry przykuwa uwag\u0119 i nadaje stylizacji charakteru. Limitowana ilo\u015b\u0107. Handmade","og_url":"https:\/\/talia-fashion.pl\/en\/product\/oversizowy-plaszcz-zimowy-w-czekoladowo-biala-jodelke-florence\/","og_site_name":"Talia Fashion","article_modified_time":"2026-04-02T11:10:15+00:00","og_image":[{"width":960,"height":1280,"url":"https:\/\/talia-fashion.pl\/wp-content\/uploads\/2023\/09\/oversizowy-plaszcz-zimowy-w-jodelke-czekoladowy-ocieplany-960x1280.jpg","type":"image\/jpeg"}],"twitter_card":"summary_large_image","twitter_misc":{"Estimated reading time":"4 minutes"},"schema":{"@context":"https:\/\/schema.org","@graph":[{"@type":"WebPage","@id":"https:\/\/talia-fashion.pl\/produkt\/oversizowy-plaszcz-zimowy-w-czekoladowo-biala-jodelke-florence\/","url":"https:\/\/talia-fashion.pl\/produkt\/oversizowy-plaszcz-zimowy-w-czekoladowo-biala-jodelke-florence\/","name":"Oversizowy p\u0142aszcz zimowy w czekoladowo-bia\u0142\u0105 jode\u0142k\u0119 Florence - Talia Fashion","isPartOf":{"@id":"https:\/\/talia-fashion.pl\/#website"},"primaryImageOfPage":{"@id":"https:\/\/talia-fashion.pl\/produkt\/oversizowy-plaszcz-zimowy-w-czekoladowo-biala-jodelke-florence\/#primaryimage"},"image":{"@id":"https:\/\/talia-fashion.pl\/produkt\/oversizowy-plaszcz-zimowy-w-czekoladowo-biala-jodelke-florence\/#primaryimage"},"thumbnailUrl":"https:\/\/talia-fashion.pl\/wp-content\/uploads\/2023\/09\/oversizowy-plaszcz-zimowy-w-jodelke-czekoladowy-ocieplany.jpg","datePublished":"2023-09-20T14:00:58+00:00","dateModified":"2026-04-02T11:10:15+00:00","description":"Oversizowy p\u0142aszcz zimowy w czekoladowo-bia\u0142\u0105 jode\u0142k\u0119. Nietuzinkowy p\u0142aszcz, kt\u00f3ry przykuwa uwag\u0119 i nadaje stylizacji charakteru. Limitowana ilo\u015b\u0107. Handmade","breadcrumb":{"@id":"https:\/\/talia-fashion.pl\/produkt\/oversizowy-plaszcz-zimowy-w-czekoladowo-biala-jodelke-florence\/#breadcrumb"},"inLanguage":"en-GB","potentialAction":[{"@type":"ReadAction","target":["https:\/\/talia-fashion.pl\/produkt\/oversizowy-plaszcz-zimowy-w-czekoladowo-biala-jodelke-florence\/"]}]},{"@type":"ImageObject","inLanguage":"en-GB","@id":"https:\/\/talia-fashion.pl\/produkt\/oversizowy-plaszcz-zimowy-w-czekoladowo-biala-jodelke-florence\/#primaryimage","url":"https:\/\/talia-fashion.pl\/wp-content\/uploads\/2023\/09\/oversizowy-plaszcz-zimowy-w-jodelke-czekoladowy-ocieplany.jpg","contentUrl":"https:\/\/talia-fashion.pl\/wp-content\/uploads\/2023\/09\/oversizowy-plaszcz-zimowy-w-jodelke-czekoladowy-ocieplany.jpg","width":1300,"height":1734,"caption":"Oversizowy p\u0142aszcz o lu\u017aniejszym kroju w ponadczasowy wz\u00f3r jode\u0142ki. Stylowy i wygodny."},{"@type":"BreadcrumbList","@id":"https:\/\/talia-fashion.pl\/produkt\/oversizowy-plaszcz-zimowy-w-czekoladowo-biala-jodelke-florence\/#breadcrumb","itemListElement":[{"@type":"ListItem","position":1,"name":"Strona g\u0142\u00f3wna","item":"https:\/\/talia-fashion.pl\/"},{"@type":"ListItem","position":2,"name":"Sklep","item":"https:\/\/talia-fashion.pl\/sklep\/"},{"@type":"ListItem","position":3,"name":"Oversizowy p\u0142aszcz zimowy w czekoladowo-bia\u0142\u0105 jode\u0142k\u0119 Florence"}]},{"@type":"WebSite","@id":"https:\/\/talia-fashion.pl\/#website","url":"https:\/\/talia-fashion.pl\/","name":"Talia Fashion","description":"","potentialAction":[{"@type":"SearchAction","target":{"@type":"EntryPoint","urlTemplate":"https:\/\/talia-fashion.pl\/?s={search_term_string}"},"query-input":{"@type":"PropertyValueSpecification","valueRequired":true,"valueName":"search_term_string"}}],"inLanguage":"en-GB"}]}},"_links":{"self":[{"href":"https:\/\/talia-fashion.pl\/en\/wp-json\/wp\/v2\/product\/5143","targetHints":{"allow":["GET"]}}],"collection":[{"href":"https:\/\/talia-fashion.pl\/en\/wp-json\/wp\/v2\/product"}],"about":[{"href":"https:\/\/talia-fashion.pl\/en\/wp-json\/wp\/v2\/types\/product"}],"wp:featuredmedia":[{"embeddable":true,"href":"https:\/\/talia-fashion.pl\/en\/wp-json\/wp\/v2\/media\/258851"}],"wp:attachment":[{"href":"https:\/\/talia-fashion.pl\/en\/wp-json\/wp\/v2\/media?parent=5143"}],"wp:term":[{"taxonomy":"product_cat","embeddable":true,"href":"https:\/\/talia-fashion.pl\/en\/wp-json\/wp\/v2\/product_cat?post=5143"},{"taxonomy":"product_tag","embeddable":true,"href":"https:\/\/talia-fashion.pl\/en\/wp-json\/wp\/v2\/product_tag?post=5143"}],"curies":[{"name":"wp","href":"https:\/\/api.w.org\/{rel}","templated":true}]}}