{"id":5128,"date":"2023-09-20T09:24:54","date_gmt":"2023-09-20T07:24:54","guid":{"rendered":"http:\/\/talia-fashion.pl\/produkt\/dlugi-plaszcz-damski-w-jodelke-z-welny-dziewiczej-lukka\/"},"modified":"2026-02-26T13:03:18","modified_gmt":"2026-02-26T12:03:18","slug":"dlugi-plaszcz-damski-w-jodelke-100-welna-dziewicza-lukka","status":"publish","type":"product","link":"https:\/\/talia-fashion.pl\/en\/product\/dlugi-plaszcz-damski-w-jodelke-100-welna-dziewicza-lukka\/","title":{"rendered":"Women's long herringbone coat 100% virgin wool Lucca"},"content":{"rendered":"<p><strong>D\u0142ugi p\u0142aszcz damski w jode\u0142k\u0119 100% we\u0142na dziewicza<\/strong> Lukka to <strong>insulated winter coat<\/strong> o klasycznym, ponadczasowym kroju i wzorze w jode\u0142k\u0119. Z ty\u0142u <strong>cut to fit<\/strong>, <strong>prz\u00f3d profilowany<\/strong>, dzi\u0119ki czemu p\u0142aszczyk jest bardzo wygodny i cho\u0107 dopasowany, nie opina sylwetki. <strong>W talii przewi\u0105zywany paskiem<\/strong> z tej samej tkaniny, co pozwala dodatkowo podkre\u015bli\u0107 kobiec\u0105 figur\u0119. Ozdobny <strong>reverse flange<\/strong> mo\u017cna postawi\u0107, by skutecznie chroni\u0142 przed wiatrem, tworz\u0105c jednocze\u015bnie efektowny akcent stylizacji.<\/p>\n<p data-start=\"687\" data-end=\"884\">Model wyposa\u017cony w <strong>dwie boczne, wpuszczane kieszenie<\/strong>, <strong>rozporek z ty\u0142u<\/strong> oraz klasyczne, dwurz\u0119dowe zapi\u0119cie na guziki. Si\u0119ga <strong>to the mid-calf<\/strong>, dzi\u0119ki czemu doskonale sprawdzi si\u0119 w ch\u0142odniejsze dni. Ca\u0142o\u015b\u0107 wyko\u0144czona podszewk\u0105. Dodatkowo <strong>insulated<\/strong> \u2013 tak\u017ce w r\u0119kawach \u2013 co czyni go idealnym wyborem na jesie\u0144 i zim\u0119.<\/p>\n<p data-start=\"1006\" data-end=\"1092\">It's <strong>premium product<\/strong> \u2013 uszyty z dba\u0142o\u015bci\u0105 o ka\u017cdy detal i dost\u0119pny w limitowanej ilo\u015bci.<\/p>\n<p><strong>Minimalist cut<\/strong> \u015bwietnie komponuje si\u0119 z materia\u0142em o wzorze jode\u0142ki, tworz\u0105c sp\u00f3jn\u0105 i stylow\u0105 ca\u0142o\u015b\u0107. Wszystko w tym p\u0142aszczu wpisuje si\u0119 w estetyk\u0119 <strong data-start=\"390\" data-end=\"406\">quiet luxury<\/strong> and <strong data-start=\"412\" data-end=\"425\">old money<\/strong> \u2013 subtelnego luksusu, kt\u00f3ry nie potrzebuje zb\u0119dnych ozdobnik\u00f3w. Naturalna, <strong>wysokiej jako\u015bci tkanina<\/strong>, <strong>ponadczasowy fason<\/strong> i stonowana kolorystyka to powr\u00f3t do klasyki w najlepszym wydaniu. P\u0142aszcz daje nieograniczone mo\u017cliwo\u015bci w tworzeniu stylizacji. Wz\u00f3r jode\u0142ki bez trudu \u0142\u0105czy si\u0119 z barwami ziemi: szaro\u015bciami, be\u017cami czy br\u0105zami. Przepleciona nitka w kolorze butelkowej zieleni wprowadza ciekawy akcent. Po\u0142\u0105cz go z burgundem, granatem i miodowym, a stworzysz malowniecze looki. No\u015b go na sportowo, do pracy, na co dzie\u0144 lub wyj\u0105tkowe okazje \u2013 za ka\u017cdym razem wypadniesz \u015bwietnie, stylowo, z klas\u0105 i bez przesady.<\/p>\n<p>We invite you to take a look at our guidelines <a href=\"https:\/\/talia-fashion.pl\/en\/jak-dobrac-plaszcz-do-sylwetki\/\">How do you choose a coat to suit your figure?<\/a><\/p>\n<p><span lang=\"DE\">Zdj\u0119cie rzeczywiste \u2013 jode\u0142ka niebiesko-zielono-grafitowa<\/span><\/p>\n<p>Available colours<span lang=\"DE\">: jode\u0142ka niebiesko-zielono-grafitowa\u00a0 (naprzemiennie przeplataj\u0105 si\u0119 trzy nitki grafitowa, jako baza, niebieska i\u00a0 zielena tworz\u0105c niepowtarzalny wz\u00f3r)<\/span><\/p>\n<p>The colours are shown in the pictures of the coats in the various cuts, in the other auctions and in the <a href=\"https:\/\/talia-fashion.pl\/en\/paleta-kolorow\/\">colour palette<\/a>. If in doubt, please contact us.<\/p>\n<p>Modelka ma rozmiar XS i 168cm.<\/p>\n<p><span lang=\"DE\">Available sizes: XS, S, M, L<br \/>\n<\/span><\/p>\n<p><span lang=\"DE\">Indicative dimensions:<\/span><\/p>\n<p><span lang=\"DE\">XS - bust: 86-88 \/ hips 94-96 \/ length: 118 \/ arms 34.5-35 \/ sleeve 61<br \/>\nS - bust: 90-92 \/ hips: 98-100 \/ length: 118\/ shoulders 35.5-36 \/ sleeve: 62<br \/>\nM - bust: 94-96 \/ hips: 102-104 \/ length: 118 \/ shoulders 37.5 \/ sleeve: 62<br \/>\nL - bust: 98-100 \/ hips: 106-108 \/ length: 119 \/ shoulders 39.5-40 \/ sleeve: 63<br \/>\nXL - bust: 104-106 \/ hips: 112-114 \/ length: 119 \/ shoulders 42-42.5 \/ sleeve: 64<\/span><\/p>\n<p><span lang=\"DE\">If you are unsure of your size selection, please contact us.<\/span><\/p>\n<p>Materia\u0142 jode\u0142ka: 100% we\u0142na dziewicza<\/p>\n<p>Lining: 100% acetate<\/p>\n<p>Like viscose, acetate is produced from cellulose. Acetate yarn can also be made from recycled cellulose such as paper. The acetate lining is excellent at absorbing moisture and permeable to air. It is coated with an antistatic apprettee and is OEKOtex\u00ae Standard 100 certified.<\/p>\n<p>Insulation: 100% non-woven recycled polyester<br \/>\nOur coats are insulated with a compressed thermo-insulating quilted fleece on the lining. The fleece is made from recycled polyester fibres. The material is lightweight, thin and at the same time perfectly insulating. The insulating fleece we use is resistant to moisture (it retains its insulating properties and warming effect even in damp conditions), stops the wind, is hypoallergenic and breathable. It is OEKOtex\u00ae Standard 100 certified.<\/p>\n<p>D\u0142ugi p\u0142aszcz damski w jode\u0142k\u0119 100% we\u0142na dziewicza Lukka nale\u017cy czy\u015bci\u0107 chemicznie. Do domowego czyszczenia we\u0142ny polecamy <a href=\"https:\/\/talia-fashion.pl\/en\/product\/szczotka-do-czyszczenia-i-pielegnacji-plaszcza\/\">Brush for cleaning and care of the coat,<\/a> which can be purchased in our shop. What to do to enjoy your coat indefinitely is suggested under <a href=\"https:\/\/talia-fashion.pl\/en\/jak-pielegnowac-i-dbac-o-plaszcz\/\">How to care for and maintain coats<\/a>. <strong>By taking care of your clothing you are at the same time taking care of the environment. <\/strong><\/p>\n<p>On special request, we can make small modifications, such as shortening or lengthening the sleeves, shortening or lengthening the coat, sewing a coat with an opening at the back. Such modifications give the order a status of <strong>Individual order. <\/strong>Individual order<strong> is not exchangeable or refundable. <\/strong>All personalisations are agreed and priced separately. Please contact us by email.<\/p>\n<p><span lang=\"DE\">The lead time depends on the company's current stock and the availability of a given fabric colour. If a given coat is available in the company, the order will be realised very quickly - 2-5 working days. If individualisation of the order is necessary - making alterations or sewing a new coat - the lead time may be extended to a maximum of 2 weeks.<\/span><\/p>\n<p>We are a family-run workshop where we practice traditional tailoring. We minimise waste and avoid overproduction, so we do not sew coats for stock. We therefore ask for your patience as we need to sew this coat for you.<\/p>\n<p>We encourage you to like our fanpage on <a href=\"https:\/\/www.facebook.com\/talia.plaszcze\">Facebook<\/a>.<\/p>","protected":false},"excerpt":{"rendered":"<p>D\u0142ugi p\u0142aszcz damski w jode\u0142k\u0119 100% we\u0142na dziewicza Lukka to ocieplany p\u0142aszcz zimowy o klasycznym, ponadczasowym kroju i wzorze w jode\u0142k\u0119. Z&hellip;<\/p>","protected":false},"featured_media":259797,"template":"","meta":{"_acf_changed":false},"product_cat":[31,36],"product_tag":[89,119,209,32,33,37,34,39,41,42,67,43,44,91,45,68,47,75,50,95,86,87,52,53,139,210],"class_list":{"0":"post-5128","1":"product","2":"type-product","3":"status-publish","4":"has-post-thumbnail","6":"product_cat-nowosci","7":"product_cat-plaszcze-dluzsze","8":"product_tag-cieply","9":"product_tag-dlugi-plaszcz-zimowy","10":"product_tag-do-polowy-lydki","11":"product_tag-dopasowany-kroj","12":"product_tag-dwurzedowy","13":"product_tag-dyplomatka","14":"product_tag-handmade","15":"product_tag-klasyczny","16":"product_tag-na-podszewce","17":"product_tag-nowosc","18":"product_tag-ocieplany","19":"product_tag-plaszcz-damski","20":"product_tag-plaszcz-damski-dlugi","21":"product_tag-plaszcz-damski-zimowy","22":"product_tag-plaszcz-dlugi","23":"product_tag-plaszcz-jesienny","24":"product_tag-plaszcz-na-guziki","25":"product_tag-plaszcz-ocieplany","26":"product_tag-plaszcz-z-rewersem","27":"product_tag-plaszcz-zimowy","28":"product_tag-plaszcz-zimowy-ocieplany","29":"product_tag-produkt-premium","30":"product_tag-szylkretowe-guziki","31":"product_tag-welna","32":"product_tag-welna-dziewicza","33":"product_tag-za-kolano","35":"first","36":"outofstock","37":"shipping-taxable","38":"purchasable","39":"product-type-variable","40":"has-default-attributes"},"acf":[],"yoast_head":"<!-- This site is optimized with the Yoast SEO plugin v25.7 - https:\/\/yoast.com\/wordpress\/plugins\/seo\/ -->\n<title>D\u0142ugi p\u0142aszcz damski w jode\u0142k\u0119 100% we\u0142na dziewicza Lukka - Talia Fashion<\/title>\n<meta name=\"description\" content=\"D\u0142ugi p\u0142aszcz damski w jode\u0142k\u0119 100% we\u0142na dziewicza, to naturalna elegancja w klasycznym kroju i w ponadczasowy wz\u00f3r jode\u0142ki. Ekskluzywne p\u0142aszcze damskie.\" \/>\n<meta name=\"robots\" content=\"index, follow, max-snippet:-1, max-image-preview:large, max-video-preview:-1\" \/>\n<link rel=\"canonical\" href=\"https:\/\/talia-fashion.pl\/en\/product\/dlugi-plaszcz-damski-w-jodelke-100-welna-dziewicza-lukka\/\" \/>\n<meta property=\"og:locale\" content=\"en_GB\" \/>\n<meta property=\"og:type\" content=\"article\" \/>\n<meta property=\"og:title\" content=\"D\u0142ugi p\u0142aszcz damski w jode\u0142k\u0119 100% we\u0142na dziewicza Lukka - Talia Fashion\" \/>\n<meta property=\"og:description\" content=\"D\u0142ugi p\u0142aszcz damski w jode\u0142k\u0119 100% we\u0142na dziewicza, to naturalna elegancja w klasycznym kroju i w ponadczasowy wz\u00f3r jode\u0142ki. Ekskluzywne p\u0142aszcze damskie.\" \/>\n<meta property=\"og:url\" content=\"https:\/\/talia-fashion.pl\/en\/product\/dlugi-plaszcz-damski-w-jodelke-100-welna-dziewicza-lukka\/\" \/>\n<meta property=\"og:site_name\" content=\"Talia Fashion\" \/>\n<meta property=\"article:modified_time\" content=\"2026-02-26T12:03:18+00:00\" \/>\n<meta property=\"og:image\" content=\"https:\/\/talia-fashion.pl\/wp-content\/uploads\/2023\/09\/dlugi-plaszcz-zimowy-100-welna-dziewicza-ocieplany.jpg\" \/>\n\t<meta property=\"og:image:width\" content=\"1334\" \/>\n\t<meta property=\"og:image:height\" content=\"2000\" \/>\n\t<meta property=\"og:image:type\" content=\"image\/jpeg\" \/>\n<meta name=\"twitter:card\" content=\"summary_large_image\" \/>\n<meta name=\"twitter:label1\" content=\"Estimated reading time\" \/>\n\t<meta name=\"twitter:data1\" content=\"4 minutes\" \/>\n<script type=\"application\/ld+json\" class=\"yoast-schema-graph\">{\"@context\":\"https:\/\/schema.org\",\"@graph\":[{\"@type\":\"WebPage\",\"@id\":\"https:\/\/talia-fashion.pl\/produkt\/dlugi-plaszcz-damski-w-jodelke-100-welna-dziewicza-lukka\/\",\"url\":\"https:\/\/talia-fashion.pl\/produkt\/dlugi-plaszcz-damski-w-jodelke-100-welna-dziewicza-lukka\/\",\"name\":\"D\u0142ugi p\u0142aszcz damski w jode\u0142k\u0119 100% we\u0142na dziewicza Lukka - Talia Fashion\",\"isPartOf\":{\"@id\":\"https:\/\/talia-fashion.pl\/#website\"},\"primaryImageOfPage\":{\"@id\":\"https:\/\/talia-fashion.pl\/produkt\/dlugi-plaszcz-damski-w-jodelke-100-welna-dziewicza-lukka\/#primaryimage\"},\"image\":{\"@id\":\"https:\/\/talia-fashion.pl\/produkt\/dlugi-plaszcz-damski-w-jodelke-100-welna-dziewicza-lukka\/#primaryimage\"},\"thumbnailUrl\":\"https:\/\/talia-fashion.pl\/wp-content\/uploads\/2023\/09\/dlugi-plaszcz-zimowy-100-welna-dziewicza-ocieplany.jpg\",\"datePublished\":\"2023-09-20T07:24:54+00:00\",\"dateModified\":\"2026-02-26T12:03:18+00:00\",\"description\":\"D\u0142ugi p\u0142aszcz damski w jode\u0142k\u0119 100% we\u0142na dziewicza, to naturalna elegancja w klasycznym kroju i w ponadczasowy wz\u00f3r jode\u0142ki. Ekskluzywne p\u0142aszcze damskie.\",\"breadcrumb\":{\"@id\":\"https:\/\/talia-fashion.pl\/produkt\/dlugi-plaszcz-damski-w-jodelke-100-welna-dziewicza-lukka\/#breadcrumb\"},\"inLanguage\":\"en-GB\",\"potentialAction\":[{\"@type\":\"ReadAction\",\"target\":[\"https:\/\/talia-fashion.pl\/produkt\/dlugi-plaszcz-damski-w-jodelke-100-welna-dziewicza-lukka\/\"]}]},{\"@type\":\"ImageObject\",\"inLanguage\":\"en-GB\",\"@id\":\"https:\/\/talia-fashion.pl\/produkt\/dlugi-plaszcz-damski-w-jodelke-100-welna-dziewicza-lukka\/#primaryimage\",\"url\":\"https:\/\/talia-fashion.pl\/wp-content\/uploads\/2023\/09\/dlugi-plaszcz-zimowy-100-welna-dziewicza-ocieplany.jpg\",\"contentUrl\":\"https:\/\/talia-fashion.pl\/wp-content\/uploads\/2023\/09\/dlugi-plaszcz-zimowy-100-welna-dziewicza-ocieplany.jpg\",\"width\":1334,\"height\":2000,\"caption\":\"D\u0142ugi, zimowy p\u0142aszcz w jode\u0142k\u0119 100% we\u0142na dziewicza. Klasyczny kr\u00f3j i wz\u00f3r. Pi\u0119kny materia\u0142.\"},{\"@type\":\"BreadcrumbList\",\"@id\":\"https:\/\/talia-fashion.pl\/produkt\/dlugi-plaszcz-damski-w-jodelke-100-welna-dziewicza-lukka\/#breadcrumb\",\"itemListElement\":[{\"@type\":\"ListItem\",\"position\":1,\"name\":\"Strona g\u0142\u00f3wna\",\"item\":\"https:\/\/talia-fashion.pl\/\"},{\"@type\":\"ListItem\",\"position\":2,\"name\":\"Sklep\",\"item\":\"https:\/\/talia-fashion.pl\/sklep\/\"},{\"@type\":\"ListItem\",\"position\":3,\"name\":\"D\u0142ugi p\u0142aszcz damski w jode\u0142k\u0119 100% we\u0142na dziewicza Lukka\"}]},{\"@type\":\"WebSite\",\"@id\":\"https:\/\/talia-fashion.pl\/#website\",\"url\":\"https:\/\/talia-fashion.pl\/\",\"name\":\"Talia Fashion\",\"description\":\"\",\"potentialAction\":[{\"@type\":\"SearchAction\",\"target\":{\"@type\":\"EntryPoint\",\"urlTemplate\":\"https:\/\/talia-fashion.pl\/?s={search_term_string}\"},\"query-input\":{\"@type\":\"PropertyValueSpecification\",\"valueRequired\":true,\"valueName\":\"search_term_string\"}}],\"inLanguage\":\"en-GB\"}]}<\/script>\n<!-- \/ Yoast SEO plugin. -->","yoast_head_json":{"title":"D\u0142ugi p\u0142aszcz damski w jode\u0142k\u0119 100% we\u0142na dziewicza Lukka - Talia Fashion","description":"D\u0142ugi p\u0142aszcz damski w jode\u0142k\u0119 100% we\u0142na dziewicza, to naturalna elegancja w klasycznym kroju i w ponadczasowy wz\u00f3r jode\u0142ki. Ekskluzywne p\u0142aszcze damskie.","robots":{"index":"index","follow":"follow","max-snippet":"max-snippet:-1","max-image-preview":"max-image-preview:large","max-video-preview":"max-video-preview:-1"},"canonical":"https:\/\/talia-fashion.pl\/en\/product\/dlugi-plaszcz-damski-w-jodelke-100-welna-dziewicza-lukka\/","og_locale":"en_GB","og_type":"article","og_title":"D\u0142ugi p\u0142aszcz damski w jode\u0142k\u0119 100% we\u0142na dziewicza Lukka - Talia Fashion","og_description":"D\u0142ugi p\u0142aszcz damski w jode\u0142k\u0119 100% we\u0142na dziewicza, to naturalna elegancja w klasycznym kroju i w ponadczasowy wz\u00f3r jode\u0142ki. Ekskluzywne p\u0142aszcze damskie.","og_url":"https:\/\/talia-fashion.pl\/en\/product\/dlugi-plaszcz-damski-w-jodelke-100-welna-dziewicza-lukka\/","og_site_name":"Talia Fashion","article_modified_time":"2026-02-26T12:03:18+00:00","og_image":[{"width":1334,"height":2000,"url":"https:\/\/talia-fashion.pl\/wp-content\/uploads\/2023\/09\/dlugi-plaszcz-zimowy-100-welna-dziewicza-ocieplany.jpg","type":"image\/jpeg"}],"twitter_card":"summary_large_image","twitter_misc":{"Estimated reading time":"4 minutes"},"schema":{"@context":"https:\/\/schema.org","@graph":[{"@type":"WebPage","@id":"https:\/\/talia-fashion.pl\/produkt\/dlugi-plaszcz-damski-w-jodelke-100-welna-dziewicza-lukka\/","url":"https:\/\/talia-fashion.pl\/produkt\/dlugi-plaszcz-damski-w-jodelke-100-welna-dziewicza-lukka\/","name":"D\u0142ugi p\u0142aszcz damski w jode\u0142k\u0119 100% we\u0142na dziewicza Lukka - Talia Fashion","isPartOf":{"@id":"https:\/\/talia-fashion.pl\/#website"},"primaryImageOfPage":{"@id":"https:\/\/talia-fashion.pl\/produkt\/dlugi-plaszcz-damski-w-jodelke-100-welna-dziewicza-lukka\/#primaryimage"},"image":{"@id":"https:\/\/talia-fashion.pl\/produkt\/dlugi-plaszcz-damski-w-jodelke-100-welna-dziewicza-lukka\/#primaryimage"},"thumbnailUrl":"https:\/\/talia-fashion.pl\/wp-content\/uploads\/2023\/09\/dlugi-plaszcz-zimowy-100-welna-dziewicza-ocieplany.jpg","datePublished":"2023-09-20T07:24:54+00:00","dateModified":"2026-02-26T12:03:18+00:00","description":"D\u0142ugi p\u0142aszcz damski w jode\u0142k\u0119 100% we\u0142na dziewicza, to naturalna elegancja w klasycznym kroju i w ponadczasowy wz\u00f3r jode\u0142ki. Ekskluzywne p\u0142aszcze damskie.","breadcrumb":{"@id":"https:\/\/talia-fashion.pl\/produkt\/dlugi-plaszcz-damski-w-jodelke-100-welna-dziewicza-lukka\/#breadcrumb"},"inLanguage":"en-GB","potentialAction":[{"@type":"ReadAction","target":["https:\/\/talia-fashion.pl\/produkt\/dlugi-plaszcz-damski-w-jodelke-100-welna-dziewicza-lukka\/"]}]},{"@type":"ImageObject","inLanguage":"en-GB","@id":"https:\/\/talia-fashion.pl\/produkt\/dlugi-plaszcz-damski-w-jodelke-100-welna-dziewicza-lukka\/#primaryimage","url":"https:\/\/talia-fashion.pl\/wp-content\/uploads\/2023\/09\/dlugi-plaszcz-zimowy-100-welna-dziewicza-ocieplany.jpg","contentUrl":"https:\/\/talia-fashion.pl\/wp-content\/uploads\/2023\/09\/dlugi-plaszcz-zimowy-100-welna-dziewicza-ocieplany.jpg","width":1334,"height":2000,"caption":"D\u0142ugi, zimowy p\u0142aszcz w jode\u0142k\u0119 100% we\u0142na dziewicza. Klasyczny kr\u00f3j i wz\u00f3r. Pi\u0119kny materia\u0142."},{"@type":"BreadcrumbList","@id":"https:\/\/talia-fashion.pl\/produkt\/dlugi-plaszcz-damski-w-jodelke-100-welna-dziewicza-lukka\/#breadcrumb","itemListElement":[{"@type":"ListItem","position":1,"name":"Strona g\u0142\u00f3wna","item":"https:\/\/talia-fashion.pl\/"},{"@type":"ListItem","position":2,"name":"Sklep","item":"https:\/\/talia-fashion.pl\/sklep\/"},{"@type":"ListItem","position":3,"name":"D\u0142ugi p\u0142aszcz damski w jode\u0142k\u0119 100% we\u0142na dziewicza Lukka"}]},{"@type":"WebSite","@id":"https:\/\/talia-fashion.pl\/#website","url":"https:\/\/talia-fashion.pl\/","name":"Talia Fashion","description":"","potentialAction":[{"@type":"SearchAction","target":{"@type":"EntryPoint","urlTemplate":"https:\/\/talia-fashion.pl\/?s={search_term_string}"},"query-input":{"@type":"PropertyValueSpecification","valueRequired":true,"valueName":"search_term_string"}}],"inLanguage":"en-GB"}]}},"_links":{"self":[{"href":"https:\/\/talia-fashion.pl\/en\/wp-json\/wp\/v2\/product\/5128","targetHints":{"allow":["GET"]}}],"collection":[{"href":"https:\/\/talia-fashion.pl\/en\/wp-json\/wp\/v2\/product"}],"about":[{"href":"https:\/\/talia-fashion.pl\/en\/wp-json\/wp\/v2\/types\/product"}],"wp:featuredmedia":[{"embeddable":true,"href":"https:\/\/talia-fashion.pl\/en\/wp-json\/wp\/v2\/media\/259797"}],"wp:attachment":[{"href":"https:\/\/talia-fashion.pl\/en\/wp-json\/wp\/v2\/media?parent=5128"}],"wp:term":[{"taxonomy":"product_cat","embeddable":true,"href":"https:\/\/talia-fashion.pl\/en\/wp-json\/wp\/v2\/product_cat?post=5128"},{"taxonomy":"product_tag","embeddable":true,"href":"https:\/\/talia-fashion.pl\/en\/wp-json\/wp\/v2\/product_tag?post=5128"}],"curies":[{"name":"wp","href":"https:\/\/api.w.org\/{rel}","templated":true}]}}