{"id":5114,"date":"2023-09-15T16:09:12","date_gmt":"2023-09-15T14:09:12","guid":{"rendered":"http:\/\/talia-fashion.pl\/produkt\/kremowy-welniany-dlugi-plaszcz-z-faktura-mela\/"},"modified":"2026-03-15T15:46:02","modified_gmt":"2026-03-15T14:46:02","slug":"bawelniany-dlugi-plaszcz-w-krate-z-faktura-marie","status":"publish","type":"product","link":"https:\/\/talia-fashion.pl\/en\/product\/bawelniany-dlugi-plaszcz-w-krate-z-faktura-marie\/","title":{"rendered":"Marie textured cotton long checked coat"},"content":{"rendered":"<p><span lang=\"DE\"><strong>Bawe\u0142niany d\u0142ugi p\u0142aszcz w krat\u0119 z faktur\u0105<\/strong> Marie to <strong>minimalistyczny model o szlafrokowym kroju<\/strong>, kt\u00f3ry jednocze\u015bnie otula i zachwyca. To stylowe i bardzo oryginalne okrycie wierzchnie, doskona\u0142e<strong>\u00a0na wiosn\u0119 i jesie\u0144<\/strong>. Uszyty z przepi\u0119knego <strong>bawe\u0142nianego materia\u0142u<\/strong> o delikatnej fakturze, kt\u00f3ra nadaje mu subtelny efekt tr\u00f3jwymiarowo\u015bci. <strong>W efektown\u0105 krat\u0119, w ciep\u0142ej, camelowej kolorystyce<\/strong>. <\/span><span lang=\"DE\">Przody p\u0142aszcza wzmocniono ultralekk\u0105 klejonk\u0105, kt\u00f3ra stabilizuje w\u0142\u00f3kna tkaniny, podkre\u015bla jej jako\u015b\u0107 i nadaje p\u0142aszczowi szlachetny, luksusowy wygl\u0105d. <\/span><span lang=\"DE\">The coat has <strong>classic sewn-in sleeves<\/strong> and <strong>wyk\u0142adany ko\u0142nierz z klapami<\/strong>. <strong>Waisted back with opening<\/strong>, profiled front, <strong>double-row fastening<\/strong> na specjalnie farbowane guziki. Dwie, boczne kieszenie zako\u0144czone listewk\u0105. Ca\u0142o\u015b\u0107 wi\u0105zana paskiem, uszytym z tego samego materia\u0142u. <strong>Mid-calf length<\/strong>. Na <strong>breathable<\/strong> wiskozowo-acetatowej <strong>lining<\/strong>.<\/span><\/p>\n<p>P\u0142aszcz Marie ma bardzo <strong>nowoczesn\u0105 i dopracowan\u0105 konstrukcj\u0119<\/strong>, kt\u00f3ra jednocze\u015bnie zapewnia komfort noszenia, jak i dodaje klasy oraz odrobin\u0119 finezji, nawet najprostszym stylizacjom. <span lang=\"DE\">Wywa\u017cony, oszcz\u0119dny w formie kr\u00f3j p\u0142aszcza dope\u0142nia dekoracyjna krata i interesuj\u0105ca faktura materia\u0142u, kt\u00f3re stanowi\u0105 jego g\u0142\u00f3wn\u0105 ozdob\u0119. Krata w camelowej tonacji wygl\u0105da bardzo elegancko i harmonijnie. To idealny p\u0142aszcz do noszenia zar\u00f3wno <strong>na co dzie\u0144<\/strong>as well as <strong>na specjalne okazje<\/strong>. \u0141atwo go dopasowa\u0107 do spodni w kant, loafers\u00f3w i kapelusza, ale tak\u017ce do wygodnych jeans\u00f3w, sneakers\u00f3w i czapki z daszkiem. Z p\u0142aszczem Marie stylizacja &#8222;robi si\u0119 sama&#8221;. <\/span>Odkryj nasz <strong>b<\/strong><span lang=\"DE\"><strong>awe\u0142niany d\u0142ugi p\u0142aszcz w krat\u0119 z faktur\u0105<\/strong> <\/span>i zachwy\u0107 si\u0119 jako\u015bci\u0105 jego wykonania. Edycja limitowana.<\/p>\n<p><span lang=\"DE\">Zdj\u0119cie rzeczywiste &#8211; kamelowa krata<\/span><\/p>\n<p>Available colours<span lang=\"DE\">: krata kamelowa<\/span><\/p>\n<p><span lang=\"DE\">The colours of the fabrics are presented in the different coat cuts, in the other auctions and in the\u00a0<a href=\"https:\/\/talia-fashion.pl\/en\/paleta-kolorow\/\">colour palette<\/a>. If in doubt about the colour, please contact us.<\/span><\/p>\n<p><span lang=\"DE\">Available sizes: XS, S, M, L, XL<\/span><\/p>\n<p><span lang=\"DE\">Indicative dimensions:<\/span><\/p>\n<p><span lang=\"DE\">XS - bust: 86-88 \/ hips 94-96 \/ length: 117 \/ sleeve 61<br \/>\nS &#8211; biust: 90-92 \/ biodra: 98-100 \/ d\u0142ugo\u015b\u0107: 117 \/ r\u0119kaw: 62<br \/>\nM - bust: 94-96 \/ hips: 102-104 \/ length: 118\/ sleeve: 62<br \/>\nL - bust: 98-100 \/ hips: 106-108 \/ length: 118 \/ sleeve: 63<br \/>\nXL - bust: 104-106 \/ hips: 112-114 \/ length: 118 \/ sleeve: 64<\/span><\/p>\n<p><span lang=\"DE\">If you are unsure of your size selection, please contact us.<\/span><\/p>\n<p><span lang=\"DE\">Materia\u0142: 100% bawe\u0142na<\/span><span lang=\"DE\"><br \/>\n<\/span><\/p>\n<p>Lining: 50% acetate, 50% viscose<\/p>\n<p>Like viscose, acetate is produced from cellulose. Acetate yarn can also be made from recycled cellulose such as paper. The acetate lining is excellent at absorbing moisture and permeable to air. It is coated with an antistatic apprettee and is OEKOtex\u00ae Standard 100 certified.<\/p>\n<p><span lang=\"DE\">Bawe\u0142niany d\u0142ugi p\u0142aszcz w krat\u0119 z faktur\u0105 Marie zaprojektowali\u015bmy i uszyli\u015bmy <strong>in our family workshop<\/strong>, tradycyjnymi i pracoch\u0142onnymi metodami, kt\u00f3re pozwalaj\u0105 na stworzenie unikatowych, precyzyjnie wyko\u0144czonych ubra\u0144, kt\u00f3re zachwycaj\u0105 jako\u015bci\u0105. Aby wz\u00f3r na ka\u017cdym elemencie p\u0142aszcza pasowa\u0142 do siebie, <strong>materia\u0142 jest k\u0142adziony r\u0119cznie<\/strong>. Dzi\u0119ki temu nie tylko powstaje mniejszy odpad, ale przede wszystkim mamy pewno\u015b\u0107, i\u017c trafia do Was <strong>p\u0142aszczyk dopracowany w najdrobniejszym detalu<\/strong>. Wk\u0142adamy w nasz\u0105 prac\u0119 wiele serca, by ka\u017cdy p\u0142aszcz by\u0142 wyj\u0105tkowy,<br \/>\n<\/span><\/p>\n<p><strong>Individual order - <\/strong>Some modifications can be made at the client's request: shortening, lengthening of the sleeve, shortening and lengthening of the coat. Cost to be determined individually, after prior contact. <strong>An individual order is not subject to exchange or refund.<\/strong><\/p>\n<p><span lang=\"DE\">Czas realizacji zam\u00f3wienia uzale\u017cniamy od aktualnego stanu magazynowego w pracowni oraz dost\u0119pno\u015bci danego koloru materia\u0142u. Je\u015bli dany p\u0142aszcz jest dost\u0119pny &#8222;od r\u0119ki&#8221; w pracowni realizacja zam\u00f3wienia nast\u0105pi bardzo szybko, w ci\u0105gu 2-5 dni roboczych. Je\u015bli konieczne jest uszycie p\u0142aszcza b\u0105d\u017a indywidualizacja zam\u00f3wienia wed\u0142ug specyfikacji Klienta \u2013 wykonanie przer\u00f3bki lub uszycie nowego p\u0142aszcza \u2013 czas realizacji zam\u00f3wienia mo\u017ce ulec wyd\u0142u\u017ceniu, maksymalnie do 2 tygodni.<\/span><\/p>\n<p>P\u0142aszczyk nale\u017cy czy\u015bci\u0107 chemicznie. Zach\u0119camy r\u00f3wnie\u017c do zapoznania si\u0119 z naszymi radami odno\u015bnie w\u0142a\u015bciwej piel\u0119gnacji: <a href=\"https:\/\/talia-fashion.pl\/en\/jak-pielegnowac-i-dbac-o-plaszcz\/\">How to care for and maintain coats? \u00a0<\/a>Aby utrzyma\u0107 kurtki i p\u0142aszcze w dobrej kondycji cz\u0119sto wystarczy regularnie je wietrzy\u0107, unika\u0107 zahacze\u0144 i odpowiednio je przechowywa\u0107.<\/p>\n<p>We encourage you to like our fanpage on\u00a0<a href=\"https:\/\/www.facebook.com\/talia.plaszcze\">Facebook<\/a>\u00a0i\u00a0<a href=\"https:\/\/www.instagram.com\/talia_plaszcze\/\">Instagram<\/a><\/p>","protected":false},"excerpt":{"rendered":"<p><span lang=\"DE\"><strong>Bawe\u0142niany d\u0142ugi p\u0142aszcz w krat\u0119 z faktur\u0105<\/strong> Marie to <strong>minimalistyczny model o szlafrokowym kroju<\/strong><\/span> w camelow\u0105, efektown\u0105 krat\u0119. Stylowy i szykowny. To p\u0142aszcz, obok kt\u00f3rego nie spos\u00f3b przej\u015b\u0107 oboj\u0119tnie.<\/p>","protected":false},"featured_media":262180,"template":"","meta":{"_acf_changed":false},"product_cat":[31,36],"product_tag":[425,112,396,78,414,32,34,415,224,121,41,81,42,109,43,44,136,47,59,122,187,94,124,125,69,60,226,87,61,88,126],"class_list":{"0":"post-5114","1":"product","2":"type-product","3":"status-publish","4":"has-post-thumbnail","6":"product_cat-nowosci","7":"product_cat-plaszcze-dluzsze","8":"product_tag-bawelniany-plaszcz","9":"product_tag-bawelniany-trencz","10":"product_tag-bawelniany-trencz-damski","11":"product_tag-dla-roznych-sylwetek","12":"product_tag-dlugi-plaszcz-damski","13":"product_tag-dopasowany-kroj","14":"product_tag-handmade","15":"product_tag-krata-camelowa","16":"product_tag-limited-edition","17":"product_tag-materialy-przyjazne-dla-srodowiska","18":"product_tag-na-podszewce","19":"product_tag-naturalne-materialy","20":"product_tag-nowosc","21":"product_tag-plaszcz-camel","22":"product_tag-plaszcz-damski","23":"product_tag-plaszcz-damski-dlugi","24":"product_tag-plaszcz-kamelowy","25":"product_tag-plaszcz-na-guziki","26":"product_tag-plaszcz-przejsciowy","27":"product_tag-plaszcz-szlafrokowy","28":"product_tag-plaszcz-trencz","29":"product_tag-plaszcz-w-krate","30":"product_tag-polska-marka","31":"product_tag-polskie-rzemioslo","32":"product_tag-prochowiec","33":"product_tag-producent-plaszczy-damskich","34":"product_tag-produkt-polski","35":"product_tag-produkt-premium","36":"product_tag-recznie-szyty","37":"product_tag-wiazany","38":"product_tag-wysoka-jakosc","40":"first","41":"instock","42":"shipping-taxable","43":"purchasable","44":"product-type-variable","45":"has-default-attributes"},"acf":[],"yoast_head":"<!-- This site is optimized with the Yoast SEO plugin v25.7 - https:\/\/yoast.com\/wordpress\/plugins\/seo\/ -->\n<title>Bawe\u0142niany d\u0142ugi p\u0142aszcz w krat\u0119 z faktur\u0105 Marie - Talia Fashion - p\u0142aszcz damski<\/title>\n<meta name=\"description\" content=\"Bawe\u0142niany d\u0142ugi p\u0142aszcz w krat\u0119 z faktur\u0105 - szlafrokowy kr\u00f3j, camelowa krata i ciekawa faktura materia\u0142u. \u015awietne po\u0142\u0105czenie elegancji i komfortu.\" \/>\n<meta name=\"robots\" content=\"index, follow, max-snippet:-1, max-image-preview:large, max-video-preview:-1\" \/>\n<link rel=\"canonical\" href=\"https:\/\/talia-fashion.pl\/en\/product\/bawelniany-dlugi-plaszcz-w-krate-z-faktura-marie\/\" \/>\n<meta property=\"og:locale\" content=\"en_GB\" \/>\n<meta property=\"og:type\" content=\"article\" \/>\n<meta property=\"og:title\" content=\"Bawe\u0142niany d\u0142ugi p\u0142aszcz w krat\u0119 z faktur\u0105 Marie - Talia Fashion - p\u0142aszcz damski\" \/>\n<meta property=\"og:description\" content=\"Bawe\u0142niany d\u0142ugi p\u0142aszcz w krat\u0119 z faktur\u0105 - szlafrokowy kr\u00f3j, camelowa krata i ciekawa faktura materia\u0142u. \u015awietne po\u0142\u0105czenie elegancji i komfortu.\" \/>\n<meta property=\"og:url\" content=\"https:\/\/talia-fashion.pl\/en\/product\/bawelniany-dlugi-plaszcz-w-krate-z-faktura-marie\/\" \/>\n<meta property=\"og:site_name\" content=\"Talia Fashion\" \/>\n<meta property=\"article:modified_time\" content=\"2026-03-15T14:46:02+00:00\" \/>\n<meta property=\"og:image\" content=\"https:\/\/talia-fashion.pl\/wp-content\/uploads\/2023\/09\/bawelniany-dlugi-wiosenny-plaszcz-damski-w-krate-kamelowy.jpg\" \/>\n\t<meta property=\"og:image:width\" content=\"1067\" \/>\n\t<meta property=\"og:image:height\" content=\"1600\" \/>\n\t<meta property=\"og:image:type\" content=\"image\/jpeg\" \/>\n<meta name=\"twitter:card\" content=\"summary_large_image\" \/>\n<meta name=\"twitter:label1\" content=\"Estimated reading time\" \/>\n\t<meta name=\"twitter:data1\" content=\"3 minutes\" \/>\n<script type=\"application\/ld+json\" class=\"yoast-schema-graph\">{\"@context\":\"https:\/\/schema.org\",\"@graph\":[{\"@type\":\"WebPage\",\"@id\":\"https:\/\/talia-fashion.pl\/produkt\/bawelniany-dlugi-plaszcz-w-krate-z-faktura-marie\/\",\"url\":\"https:\/\/talia-fashion.pl\/produkt\/bawelniany-dlugi-plaszcz-w-krate-z-faktura-marie\/\",\"name\":\"Bawe\u0142niany d\u0142ugi p\u0142aszcz w krat\u0119 z faktur\u0105 Marie - Talia Fashion - p\u0142aszcz damski\",\"isPartOf\":{\"@id\":\"https:\/\/talia-fashion.pl\/#website\"},\"primaryImageOfPage\":{\"@id\":\"https:\/\/talia-fashion.pl\/produkt\/bawelniany-dlugi-plaszcz-w-krate-z-faktura-marie\/#primaryimage\"},\"image\":{\"@id\":\"https:\/\/talia-fashion.pl\/produkt\/bawelniany-dlugi-plaszcz-w-krate-z-faktura-marie\/#primaryimage\"},\"thumbnailUrl\":\"https:\/\/talia-fashion.pl\/wp-content\/uploads\/2023\/09\/bawelniany-dlugi-wiosenny-plaszcz-damski-w-krate-kamelowy.jpg\",\"datePublished\":\"2023-09-15T14:09:12+00:00\",\"dateModified\":\"2026-03-15T14:46:02+00:00\",\"description\":\"Bawe\u0142niany d\u0142ugi p\u0142aszcz w krat\u0119 z faktur\u0105 - szlafrokowy kr\u00f3j, camelowa krata i ciekawa faktura materia\u0142u. \u015awietne po\u0142\u0105czenie elegancji i komfortu.\",\"breadcrumb\":{\"@id\":\"https:\/\/talia-fashion.pl\/produkt\/bawelniany-dlugi-plaszcz-w-krate-z-faktura-marie\/#breadcrumb\"},\"inLanguage\":\"en-GB\",\"potentialAction\":[{\"@type\":\"ReadAction\",\"target\":[\"https:\/\/talia-fashion.pl\/produkt\/bawelniany-dlugi-plaszcz-w-krate-z-faktura-marie\/\"]}]},{\"@type\":\"ImageObject\",\"inLanguage\":\"en-GB\",\"@id\":\"https:\/\/talia-fashion.pl\/produkt\/bawelniany-dlugi-plaszcz-w-krate-z-faktura-marie\/#primaryimage\",\"url\":\"https:\/\/talia-fashion.pl\/wp-content\/uploads\/2023\/09\/bawelniany-dlugi-wiosenny-plaszcz-damski-w-krate-kamelowy.jpg\",\"contentUrl\":\"https:\/\/talia-fashion.pl\/wp-content\/uploads\/2023\/09\/bawelniany-dlugi-wiosenny-plaszcz-damski-w-krate-kamelowy.jpg\",\"width\":1067,\"height\":1600,\"caption\":\"Bawe\u0142niany, d\u0142ugi, wiosenny p\u0142aszcz damski w camelow\u0105 krat\u0119. Uszyty zosta\u0142 z wysokiej jako\u015bci materia\u0142u z faktur\u0105.\"},{\"@type\":\"BreadcrumbList\",\"@id\":\"https:\/\/talia-fashion.pl\/produkt\/bawelniany-dlugi-plaszcz-w-krate-z-faktura-marie\/#breadcrumb\",\"itemListElement\":[{\"@type\":\"ListItem\",\"position\":1,\"name\":\"Strona g\u0142\u00f3wna\",\"item\":\"https:\/\/talia-fashion.pl\/\"},{\"@type\":\"ListItem\",\"position\":2,\"name\":\"Sklep\",\"item\":\"https:\/\/talia-fashion.pl\/sklep\/\"},{\"@type\":\"ListItem\",\"position\":3,\"name\":\"Bawe\u0142niany d\u0142ugi p\u0142aszcz w krat\u0119 z faktur\u0105 Marie\"}]},{\"@type\":\"WebSite\",\"@id\":\"https:\/\/talia-fashion.pl\/#website\",\"url\":\"https:\/\/talia-fashion.pl\/\",\"name\":\"Talia Fashion\",\"description\":\"\",\"potentialAction\":[{\"@type\":\"SearchAction\",\"target\":{\"@type\":\"EntryPoint\",\"urlTemplate\":\"https:\/\/talia-fashion.pl\/?s={search_term_string}\"},\"query-input\":{\"@type\":\"PropertyValueSpecification\",\"valueRequired\":true,\"valueName\":\"search_term_string\"}}],\"inLanguage\":\"en-GB\"}]}<\/script>\n<!-- \/ Yoast SEO plugin. -->","yoast_head_json":{"title":"Bawe\u0142niany d\u0142ugi p\u0142aszcz w krat\u0119 z faktur\u0105 Marie - Talia Fashion - p\u0142aszcz damski","description":"Bawe\u0142niany d\u0142ugi p\u0142aszcz w krat\u0119 z faktur\u0105 - szlafrokowy kr\u00f3j, camelowa krata i ciekawa faktura materia\u0142u. \u015awietne po\u0142\u0105czenie elegancji i komfortu.","robots":{"index":"index","follow":"follow","max-snippet":"max-snippet:-1","max-image-preview":"max-image-preview:large","max-video-preview":"max-video-preview:-1"},"canonical":"https:\/\/talia-fashion.pl\/en\/product\/bawelniany-dlugi-plaszcz-w-krate-z-faktura-marie\/","og_locale":"en_GB","og_type":"article","og_title":"Bawe\u0142niany d\u0142ugi p\u0142aszcz w krat\u0119 z faktur\u0105 Marie - Talia Fashion - p\u0142aszcz damski","og_description":"Bawe\u0142niany d\u0142ugi p\u0142aszcz w krat\u0119 z faktur\u0105 - szlafrokowy kr\u00f3j, camelowa krata i ciekawa faktura materia\u0142u. \u015awietne po\u0142\u0105czenie elegancji i komfortu.","og_url":"https:\/\/talia-fashion.pl\/en\/product\/bawelniany-dlugi-plaszcz-w-krate-z-faktura-marie\/","og_site_name":"Talia Fashion","article_modified_time":"2026-03-15T14:46:02+00:00","og_image":[{"width":1067,"height":1600,"url":"https:\/\/talia-fashion.pl\/wp-content\/uploads\/2023\/09\/bawelniany-dlugi-wiosenny-plaszcz-damski-w-krate-kamelowy.jpg","type":"image\/jpeg"}],"twitter_card":"summary_large_image","twitter_misc":{"Estimated reading time":"3 minutes"},"schema":{"@context":"https:\/\/schema.org","@graph":[{"@type":"WebPage","@id":"https:\/\/talia-fashion.pl\/produkt\/bawelniany-dlugi-plaszcz-w-krate-z-faktura-marie\/","url":"https:\/\/talia-fashion.pl\/produkt\/bawelniany-dlugi-plaszcz-w-krate-z-faktura-marie\/","name":"Bawe\u0142niany d\u0142ugi p\u0142aszcz w krat\u0119 z faktur\u0105 Marie - Talia Fashion - p\u0142aszcz damski","isPartOf":{"@id":"https:\/\/talia-fashion.pl\/#website"},"primaryImageOfPage":{"@id":"https:\/\/talia-fashion.pl\/produkt\/bawelniany-dlugi-plaszcz-w-krate-z-faktura-marie\/#primaryimage"},"image":{"@id":"https:\/\/talia-fashion.pl\/produkt\/bawelniany-dlugi-plaszcz-w-krate-z-faktura-marie\/#primaryimage"},"thumbnailUrl":"https:\/\/talia-fashion.pl\/wp-content\/uploads\/2023\/09\/bawelniany-dlugi-wiosenny-plaszcz-damski-w-krate-kamelowy.jpg","datePublished":"2023-09-15T14:09:12+00:00","dateModified":"2026-03-15T14:46:02+00:00","description":"Bawe\u0142niany d\u0142ugi p\u0142aszcz w krat\u0119 z faktur\u0105 - szlafrokowy kr\u00f3j, camelowa krata i ciekawa faktura materia\u0142u. \u015awietne po\u0142\u0105czenie elegancji i komfortu.","breadcrumb":{"@id":"https:\/\/talia-fashion.pl\/produkt\/bawelniany-dlugi-plaszcz-w-krate-z-faktura-marie\/#breadcrumb"},"inLanguage":"en-GB","potentialAction":[{"@type":"ReadAction","target":["https:\/\/talia-fashion.pl\/produkt\/bawelniany-dlugi-plaszcz-w-krate-z-faktura-marie\/"]}]},{"@type":"ImageObject","inLanguage":"en-GB","@id":"https:\/\/talia-fashion.pl\/produkt\/bawelniany-dlugi-plaszcz-w-krate-z-faktura-marie\/#primaryimage","url":"https:\/\/talia-fashion.pl\/wp-content\/uploads\/2023\/09\/bawelniany-dlugi-wiosenny-plaszcz-damski-w-krate-kamelowy.jpg","contentUrl":"https:\/\/talia-fashion.pl\/wp-content\/uploads\/2023\/09\/bawelniany-dlugi-wiosenny-plaszcz-damski-w-krate-kamelowy.jpg","width":1067,"height":1600,"caption":"Bawe\u0142niany, d\u0142ugi, wiosenny p\u0142aszcz damski w camelow\u0105 krat\u0119. Uszyty zosta\u0142 z wysokiej jako\u015bci materia\u0142u z faktur\u0105."},{"@type":"BreadcrumbList","@id":"https:\/\/talia-fashion.pl\/produkt\/bawelniany-dlugi-plaszcz-w-krate-z-faktura-marie\/#breadcrumb","itemListElement":[{"@type":"ListItem","position":1,"name":"Strona g\u0142\u00f3wna","item":"https:\/\/talia-fashion.pl\/"},{"@type":"ListItem","position":2,"name":"Sklep","item":"https:\/\/talia-fashion.pl\/sklep\/"},{"@type":"ListItem","position":3,"name":"Bawe\u0142niany d\u0142ugi p\u0142aszcz w krat\u0119 z faktur\u0105 Marie"}]},{"@type":"WebSite","@id":"https:\/\/talia-fashion.pl\/#website","url":"https:\/\/talia-fashion.pl\/","name":"Talia Fashion","description":"","potentialAction":[{"@type":"SearchAction","target":{"@type":"EntryPoint","urlTemplate":"https:\/\/talia-fashion.pl\/?s={search_term_string}"},"query-input":{"@type":"PropertyValueSpecification","valueRequired":true,"valueName":"search_term_string"}}],"inLanguage":"en-GB"}]}},"_links":{"self":[{"href":"https:\/\/talia-fashion.pl\/en\/wp-json\/wp\/v2\/product\/5114","targetHints":{"allow":["GET"]}}],"collection":[{"href":"https:\/\/talia-fashion.pl\/en\/wp-json\/wp\/v2\/product"}],"about":[{"href":"https:\/\/talia-fashion.pl\/en\/wp-json\/wp\/v2\/types\/product"}],"wp:featuredmedia":[{"embeddable":true,"href":"https:\/\/talia-fashion.pl\/en\/wp-json\/wp\/v2\/media\/262180"}],"wp:attachment":[{"href":"https:\/\/talia-fashion.pl\/en\/wp-json\/wp\/v2\/media?parent=5114"}],"wp:term":[{"taxonomy":"product_cat","embeddable":true,"href":"https:\/\/talia-fashion.pl\/en\/wp-json\/wp\/v2\/product_cat?post=5114"},{"taxonomy":"product_tag","embeddable":true,"href":"https:\/\/talia-fashion.pl\/en\/wp-json\/wp\/v2\/product_tag?post=5114"}],"curies":[{"name":"wp","href":"https:\/\/api.w.org\/{rel}","templated":true}]}}