{"id":5092,"date":"2023-09-14T13:16:06","date_gmt":"2023-09-14T11:16:06","guid":{"rendered":"http:\/\/talia-fashion.pl\/produkt\/szary-melanzowy-plaszcz-zimowy-freja\/"},"modified":"2026-02-14T16:14:10","modified_gmt":"2026-02-14T15:14:10","slug":"szary-melanzowy-plaszcz-zimowy-freja","status":"publish","type":"product","link":"https:\/\/talia-fashion.pl\/en\/product\/szary-melanzowy-plaszcz-zimowy-freja\/","title":{"rendered":"Grey melange winter coat from Freja"},"content":{"rendered":"<p><strong>Szary melan\u017cowy p\u0142aszcz zimowy Freja to oversizowy<\/strong> model o lu\u017anym kroju z dwurz\u0119dowym zapi\u0119ciem na guziki. P\u0142aszcz z obni\u017con\u0105 lini\u0105 ramion, wi\u0105zany, dwie przednie uko\u015bnie wszyte kieszenie. D\u0142ugo\u015b\u0107 midi. Ty\u0142 bez rozci\u0119cia na dole. Pasek uszyty z tego samego materia\u0142u. Idealnie zbuduje tali\u0119 i nada sylwetce proporcji. Poszerzany, wyk\u0142adany ko\u0142nierz typu rewers z delikatnie zaokr\u0105glonymi brzegami. P\u0142aszcz w ca\u0142o\u015bci na podszewce i dodatkowo ocieplony. Uszyty z mi\u0119kkiego, mi\u0119sistego we\u0142nianego materia\u0142u w przepi\u0119kny, delikatny, nieregularny dese\u0144. Produkt premium w limitowanej dost\u0119pno\u015bci. Dopracowany w najmniejszym detalu idealnie sprawdzi si\u0119 w sezonie zimowym.<\/p>\n<p>Tworz\u0105c ten p\u0142aszcz chcieli\u015bmy, by oddawa\u0142 charakter stylu skandynawskiego &#8211; przytulny minimalizm &#8211;\u00a0 prosta, geometryczna forma, naturalne kolory, bez zb\u0119dnych upi\u0119ksze\u0144, skupiaj\u0105ca si\u0119 na funkcjonalno\u015bci i wygodzie. Mi\u0119kka forma i mi\u0119kki materia\u0142 zapewni\u0105 komfort noszenia zim\u0105. Swobodny, nieco oversizowy fason pomie\u015bci wi\u0119kszo\u015b\u0107 Twoich ubra\u0144. D\u0142ugo\u015b\u0107 p\u0142aszcza z \u0142atwo\u015bci\u0105 ochroni Ci\u0119 i zapewni ciep\u0142o, nawet gdy wystylizujesz go z mini sp\u00f3dniczk\u0105. Podniesiony ko\u0142nierz otuli i os\u0142oni przed zimnym wiatrem. Szary melan\u017cowy p\u0142aszcz zimowy Freja doskonale sprawdzi si\u0119 zar\u00f3wno do codziennych outfit\u00f3w jak i na wytworne, eleganckie wyj\u015bcie.<\/p>\n<p>Model w stylu oversizowym, dlatego osobom lubi\u0105cym bardziej dopasowane fasony polecamy wyb\u00f3r mniejszego rozmiaru. Pasek mo\u017cna wyj\u0105\u0107 b\u0105d\u017a zawi\u0105za\u0107 na tyle, wtedy ten pude\u0142kowy fason idealnie sprawdzi si\u0119 u Pa\u0144 o figurze jab\u0142ka. Zajrzyj do naszych wskaz\u00f3wek <a href=\"https:\/\/talia-fashion.pl\/en\/jak-dobrac-plaszcz-do-sylwetki\/\">How do you choose a coat to suit your figure? <\/a><\/p>\n<p><span lang=\"DE\">Zdj\u0119cie rzeczywiste \u2013 szary melan\u017c<\/span><br \/>\nAvailable colours<span lang=\"DE\">: szary melan\u017c (brak), czarny melan\u017c (S,M), burgund melan\u017c (XS, S), fioletowo-granatowy melan\u017c (M)<\/span><br \/>\nThe colours of the fabric can be seen in<a href=\"https:\/\/talia-fashion.pl\/en\/paleta-kolorow\/\"> Colour palette<\/a> as well as in the pictures of coats in various models. If in doubt, please do not hesitate to contact us.<\/p>\n<p>Available sizes: XS, S, M<\/p>\n<p>Indicative dimensions:<\/p>\n<p>XS - bust: 86-88 \/ hips: 94-96 \/ length: 106 \/ sleeve 61<br \/>\nS - bust: 90-92 \/ hips: 98-100 \/ length: 106 \/ sleeve: 61<br \/>\nM - bust: 94-96 \/ hips: 102-104 \/ length: 106 \/ sleeve: 62<br \/>\nL - bust: 98-100 \/ hips: 106-108 \/ length: 107 \/ sleeve: 63<\/p>\n<p>We have included explanations on how to measure yourself and which size to choose on our website: <a href=\"https:\/\/talia-fashion.pl\/en\/jak-dobrac-rozmiar\/\">How to choose a size?<\/a><br \/>\nIf in doubt, please contact us.<\/p>\n<p>Materia\u0142: 97% we\u0142na dziewicza, 3% kaszmir<br \/>\nLining: 100% acetate<\/p>\n<p>Like viscose, acetate is produced from cellulose. Acetate yarn can also be made from recycled cellulose such as paper. The acetate lining is excellent at absorbing moisture and permeable to air. It is coated with an antistatic apprettee and is OEKOtex\u00ae Standard 100 certified.<br \/>\nInsulation: 100% non-woven recycled polyester<br \/>\nOur coats are insulated with a compressed thermo-insulating quilted fleece on the lining. The fleece is made from polyester fibres produced from recycled materials. The material is lightweight, thin and at the same time perfectly insulating. The insulating fleece we use is resistant to moisture (it retains its insulating properties and warming effect even in damp conditions), stops the wind, is hypoallergenic and breathable, and is OEKOtex\u00ae Standard 100 certified.<\/p>\n<p>Szary melan\u017cowy p\u0142aszcz zimowy Freja zaprojektowali\u015bmy i uszyli\u015bmy w naszej rodzinnej pracowni. Od ponad 35 lat staramy si\u0119 piel\u0119gnowa\u0107 i promowa\u0107 tradycyjne rzemios\u0142o, wk\u0142adaj\u0105c w nasz\u0105 prac\u0119 ca\u0142ych siebie i ucz\u0105c kolejne pokolenia poszanowania dla pracy ludzkich r\u0105k. Kierujemy si\u0119 zasad\u0105 #lesswaste i dzi\u0119ki r\u0119cznemu uk\u0142adaniu wykroj\u00f3w minimalizujemy ilo\u015b\u0107 odpad\u00f3w. U nas nic si\u0119 nie marnuje. Ponadto, by ograniczy\u0107 nadprodukcj\u0119 nie szyjemy na magazyn. Dlatego prosimy o cierpliwo\u015b\u0107 i wyrozumia\u0142o\u015b\u0107. Do\u0142o\u017cymy wszelkich stara\u0144, by jak najszybciej zrealizowa\u0107 Twoje zam\u00f3wienie. Niemniej jednak ca\u0142y proces jest do\u015b\u0107 czaso- i pracoch\u0142onny. U nas nawet guziki przyszywamy r\u0119cznie.<\/p>\n<p>Pom\u00f3\u017c chroni\u0107 \u015brodowisko i dbaj o sw\u00f3j p\u0142aszcz, tak aby cieszy\u0142 Ci\u0119 przez d\u0142ugie lata. P\u0142aszczyk nale\u017cy czy\u015bci\u0107 chemicznie. W naszym sklepie oferujemy <span style=\"font-family: 'Helvetica','sans-serif'; color: #858585; background: white;\"> <a href=\"https:\/\/talia-fashion.pl\/en\/product\/szczotka-do-czyszczenia-i-pielegnacji-plaszcza\/\">Brush for cleaning and care of the coat<\/a>, kt\u00f3ra doskonale pomo\u017ce Ci w od\u015bwie\u017caniu we\u0142ny. <\/span><span style=\"font-family: 'Helvetica','sans-serif'; color: #858585; background: white;\">Dodatkowe wskaz\u00f3wki jak przed\u0142u\u017cy\u0107 \u017cywotno\u015b\u0107 Twojego p\u0142aszcza znajdziesz w zak\u0142adce <a href=\"https:\/\/talia-fashion.pl\/en\/jak-pielegnowac-i-dbac-o-plaszcz\/\">How to nurture and care for the coat?<\/a><\/span><\/p>\n<p><strong>Individual order <\/strong>\u2013 wszystkie p\u0142aszcze szyjemy sami i dlatego mo\u017cemy wykona\u0107 pewne modyfikacje na \u017cyczenie Klienta, jak: skr\u00f3cenie, wyd\u0142u\u017cenie r\u0119kawa, skr\u00f3cenie i wyd\u0142u\u017cenie p\u0142aszcza. Koszt ustalamy indywidualnie, wyceniaj\u0105c zakres prac, po uprzednim kontakcie.<\/p>\n<p><strong>An individual order is not subject to exchange or refund.<\/strong><\/p>\n<p>Czas realizacji zam\u00f3wienia uzale\u017cniamy od aktualnego stanu magazynowego w naszym zak\u0142adzie krawieckim oraz dost\u0119pno\u015bci danego koloru materia\u0142u. Je\u015bli dany p\u0142aszcz jest dost\u0119pny w pracowni realizacja zam\u00f3wienia nast\u0105pi bardzo szybko 2-5 dni roboczych. Je\u015bli konieczne jest uszycie p\u0142aszcza lub indywidualizacja zam\u00f3wienia \u2013 wykonanie przer\u00f3bki lub uszycie nowego p\u0142aszcza wed\u0142ug specyfikacji Klienta \u2013 czas realizacji zam\u00f3wienia mo\u017ce ulec wyd\u0142u\u017ceniu, maksymalnie do 2 tygodni.<\/p>\n<p>Stay with us longer and watch us on <a href=\"https:\/\/www.facebook.com\/talia.plaszcze\">Facebook<\/a> i <a href=\"https:\/\/www.instagram.com\/talia_plaszcze\/\">Instagram.<\/a><\/p>","protected":false},"excerpt":{"rendered":"<p>Szary melan\u017cowy p\u0142aszcz zimowy Freja to oversizowy model o lu\u017anym kroju z dwurz\u0119dowym zapi\u0119ciem na guziki. P\u0142aszcz z obni\u017con\u0105 lini\u0105 ramion, wi\u0105zany,&hellip;<\/p>","protected":false},"featured_media":810,"template":"","meta":{"_acf_changed":false},"product_cat":[36,29],"product_tag":[57,78,33,34,38,73,40,79,80,41,81,42,82,43,44,45,46,83,47,75,84,106,85,50,86,60,87,107,51,61,62,53,63,88],"class_list":{"0":"post-5092","1":"product","2":"type-product","3":"status-publish","4":"has-post-thumbnail","6":"product_cat-plaszcze-dluzsze","7":"product_cat-sale-plaszcz-damski-w-promocji","8":"product_tag-bez-paska","9":"product_tag-dla-roznych-sylwetek","10":"product_tag-dwurzedowy","11":"product_tag-handmade","12":"product_tag-kamel","13":"product_tag-karmelowy","14":"product_tag-kolnierz","15":"product_tag-kremowy-plaszcz","16":"product_tag-luzny-kroj","17":"product_tag-na-podszewce","18":"product_tag-naturalne-materialy","19":"product_tag-nowosc","20":"product_tag-oversize","21":"product_tag-plaszcz-damski","22":"product_tag-plaszcz-damski-dlugi","23":"product_tag-plaszcz-dlugi","24":"product_tag-plaszcz-dwurzedowy","25":"product_tag-plaszcz-luzny","26":"product_tag-plaszcz-na-guziki","27":"product_tag-plaszcz-ocieplany","28":"product_tag-plaszcz-oversizowy","29":"product_tag-plaszcz-w-promocji","30":"product_tag-plaszcz-welniany","31":"product_tag-plaszcz-z-rewersem","32":"product_tag-plaszcz-zimowy-ocieplany","33":"product_tag-producent-plaszczy-damskich","34":"product_tag-produkt-premium","35":"product_tag-promocje","36":"product_tag-prosty","37":"product_tag-recznie-szyty","38":"product_tag-uszyty-w-polsce","39":"product_tag-welna","40":"product_tag-welniany","41":"product_tag-wiazany","43":"first","44":"instock","45":"sale","46":"shipping-taxable","47":"purchasable","48":"product-type-variable","49":"has-default-attributes"},"acf":[],"yoast_head":"<!-- This site is optimized with the Yoast SEO plugin v25.7 - https:\/\/yoast.com\/wordpress\/plugins\/seo\/ -->\n<title>Szary melan\u017cowy p\u0142aszcz zimowy Freja - Talia Fashion - handmade<\/title>\n<meta name=\"description\" content=\"Szary melan\u017cowy p\u0142aszcz zimowy - obni\u017cone ramiona, dwurz\u0119dowe zapi\u0119cie i pi\u0119kna, zr\u00f3wnowa\u017cona linia p\u0142aszcza, we\u0142niany materia\u0142. R\u0119cznie szyty w Polsce.\" \/>\n<meta name=\"robots\" content=\"index, follow, max-snippet:-1, max-image-preview:large, max-video-preview:-1\" \/>\n<link rel=\"canonical\" href=\"https:\/\/talia-fashion.pl\/en\/product\/szary-melanzowy-plaszcz-zimowy-freja\/\" \/>\n<meta property=\"og:locale\" content=\"en_GB\" \/>\n<meta property=\"og:type\" content=\"article\" \/>\n<meta property=\"og:title\" content=\"Szary melan\u017cowy p\u0142aszcz zimowy Freja - Talia Fashion - handmade\" \/>\n<meta property=\"og:description\" content=\"Szary melan\u017cowy p\u0142aszcz zimowy - obni\u017cone ramiona, dwurz\u0119dowe zapi\u0119cie i pi\u0119kna, zr\u00f3wnowa\u017cona linia p\u0142aszcza, we\u0142niany materia\u0142. R\u0119cznie szyty w Polsce.\" \/>\n<meta property=\"og:url\" content=\"https:\/\/talia-fashion.pl\/en\/product\/szary-melanzowy-plaszcz-zimowy-freja\/\" \/>\n<meta property=\"og:site_name\" content=\"Talia Fashion\" \/>\n<meta property=\"article:modified_time\" content=\"2026-02-14T15:14:10+00:00\" \/>\n<meta property=\"og:image\" content=\"https:\/\/talia-fashion.pl\/wp-content\/uploads\/2024\/10\/szary-melanzowy-plaszcz-zimowy-welniany-oversizowy-960x1280.jpg\" \/>\n\t<meta property=\"og:image:width\" content=\"960\" \/>\n\t<meta property=\"og:image:height\" content=\"1280\" \/>\n\t<meta property=\"og:image:type\" content=\"image\/jpeg\" \/>\n<meta name=\"twitter:card\" content=\"summary_large_image\" \/>\n<meta name=\"twitter:label1\" content=\"Estimated reading time\" \/>\n\t<meta name=\"twitter:data1\" content=\"4 minutes\" \/>\n<script type=\"application\/ld+json\" class=\"yoast-schema-graph\">{\"@context\":\"https:\/\/schema.org\",\"@graph\":[{\"@type\":\"WebPage\",\"@id\":\"https:\/\/talia-fashion.pl\/produkt\/szary-melanzowy-plaszcz-zimowy-freja\/\",\"url\":\"https:\/\/talia-fashion.pl\/produkt\/szary-melanzowy-plaszcz-zimowy-freja\/\",\"name\":\"Szary melan\u017cowy p\u0142aszcz zimowy Freja - Talia Fashion - handmade\",\"isPartOf\":{\"@id\":\"https:\/\/talia-fashion.pl\/#website\"},\"primaryImageOfPage\":{\"@id\":\"https:\/\/talia-fashion.pl\/produkt\/szary-melanzowy-plaszcz-zimowy-freja\/#primaryimage\"},\"image\":{\"@id\":\"https:\/\/talia-fashion.pl\/produkt\/szary-melanzowy-plaszcz-zimowy-freja\/#primaryimage\"},\"thumbnailUrl\":\"https:\/\/talia-fashion.pl\/wp-content\/uploads\/2024\/10\/szary-melanzowy-plaszcz-zimowy-welniany-oversizowy.jpg\",\"datePublished\":\"2023-09-14T11:16:06+00:00\",\"dateModified\":\"2026-02-14T15:14:10+00:00\",\"description\":\"Szary melan\u017cowy p\u0142aszcz zimowy - obni\u017cone ramiona, dwurz\u0119dowe zapi\u0119cie i pi\u0119kna, zr\u00f3wnowa\u017cona linia p\u0142aszcza, we\u0142niany materia\u0142. R\u0119cznie szyty w Polsce.\",\"breadcrumb\":{\"@id\":\"https:\/\/talia-fashion.pl\/produkt\/szary-melanzowy-plaszcz-zimowy-freja\/#breadcrumb\"},\"inLanguage\":\"en-GB\",\"potentialAction\":[{\"@type\":\"ReadAction\",\"target\":[\"https:\/\/talia-fashion.pl\/produkt\/szary-melanzowy-plaszcz-zimowy-freja\/\"]}]},{\"@type\":\"ImageObject\",\"inLanguage\":\"en-GB\",\"@id\":\"https:\/\/talia-fashion.pl\/produkt\/szary-melanzowy-plaszcz-zimowy-freja\/#primaryimage\",\"url\":\"https:\/\/talia-fashion.pl\/wp-content\/uploads\/2024\/10\/szary-melanzowy-plaszcz-zimowy-welniany-oversizowy.jpg\",\"contentUrl\":\"https:\/\/talia-fashion.pl\/wp-content\/uploads\/2024\/10\/szary-melanzowy-plaszcz-zimowy-welniany-oversizowy.jpg\",\"width\":1500,\"height\":2000,\"caption\":\"Szary, melan\u017cowy p\u0142aszcz zimowy. Zapinany dwurz\u0119dowo. Wi\u0105zany. Minimalistyczny kr\u00f3j, ponadczasowy kolor i \u015bwietny we\u0142niany materia\u0142.\"},{\"@type\":\"BreadcrumbList\",\"@id\":\"https:\/\/talia-fashion.pl\/produkt\/szary-melanzowy-plaszcz-zimowy-freja\/#breadcrumb\",\"itemListElement\":[{\"@type\":\"ListItem\",\"position\":1,\"name\":\"Strona g\u0142\u00f3wna\",\"item\":\"https:\/\/talia-fashion.pl\/\"},{\"@type\":\"ListItem\",\"position\":2,\"name\":\"Sklep\",\"item\":\"https:\/\/talia-fashion.pl\/sklep\/\"},{\"@type\":\"ListItem\",\"position\":3,\"name\":\"Szary melan\u017cowy p\u0142aszcz zimowy Freja\"}]},{\"@type\":\"WebSite\",\"@id\":\"https:\/\/talia-fashion.pl\/#website\",\"url\":\"https:\/\/talia-fashion.pl\/\",\"name\":\"Talia Fashion\",\"description\":\"\",\"potentialAction\":[{\"@type\":\"SearchAction\",\"target\":{\"@type\":\"EntryPoint\",\"urlTemplate\":\"https:\/\/talia-fashion.pl\/?s={search_term_string}\"},\"query-input\":{\"@type\":\"PropertyValueSpecification\",\"valueRequired\":true,\"valueName\":\"search_term_string\"}}],\"inLanguage\":\"en-GB\"}]}<\/script>\n<!-- \/ Yoast SEO plugin. -->","yoast_head_json":{"title":"Szary melan\u017cowy p\u0142aszcz zimowy Freja - Talia Fashion - handmade","description":"Szary melan\u017cowy p\u0142aszcz zimowy - obni\u017cone ramiona, dwurz\u0119dowe zapi\u0119cie i pi\u0119kna, zr\u00f3wnowa\u017cona linia p\u0142aszcza, we\u0142niany materia\u0142. R\u0119cznie szyty w Polsce.","robots":{"index":"index","follow":"follow","max-snippet":"max-snippet:-1","max-image-preview":"max-image-preview:large","max-video-preview":"max-video-preview:-1"},"canonical":"https:\/\/talia-fashion.pl\/en\/product\/szary-melanzowy-plaszcz-zimowy-freja\/","og_locale":"en_GB","og_type":"article","og_title":"Szary melan\u017cowy p\u0142aszcz zimowy Freja - Talia Fashion - handmade","og_description":"Szary melan\u017cowy p\u0142aszcz zimowy - obni\u017cone ramiona, dwurz\u0119dowe zapi\u0119cie i pi\u0119kna, zr\u00f3wnowa\u017cona linia p\u0142aszcza, we\u0142niany materia\u0142. R\u0119cznie szyty w Polsce.","og_url":"https:\/\/talia-fashion.pl\/en\/product\/szary-melanzowy-plaszcz-zimowy-freja\/","og_site_name":"Talia Fashion","article_modified_time":"2026-02-14T15:14:10+00:00","og_image":[{"width":960,"height":1280,"url":"https:\/\/talia-fashion.pl\/wp-content\/uploads\/2024\/10\/szary-melanzowy-plaszcz-zimowy-welniany-oversizowy-960x1280.jpg","type":"image\/jpeg"}],"twitter_card":"summary_large_image","twitter_misc":{"Estimated reading time":"4 minutes"},"schema":{"@context":"https:\/\/schema.org","@graph":[{"@type":"WebPage","@id":"https:\/\/talia-fashion.pl\/produkt\/szary-melanzowy-plaszcz-zimowy-freja\/","url":"https:\/\/talia-fashion.pl\/produkt\/szary-melanzowy-plaszcz-zimowy-freja\/","name":"Szary melan\u017cowy p\u0142aszcz zimowy Freja - Talia Fashion - handmade","isPartOf":{"@id":"https:\/\/talia-fashion.pl\/#website"},"primaryImageOfPage":{"@id":"https:\/\/talia-fashion.pl\/produkt\/szary-melanzowy-plaszcz-zimowy-freja\/#primaryimage"},"image":{"@id":"https:\/\/talia-fashion.pl\/produkt\/szary-melanzowy-plaszcz-zimowy-freja\/#primaryimage"},"thumbnailUrl":"https:\/\/talia-fashion.pl\/wp-content\/uploads\/2024\/10\/szary-melanzowy-plaszcz-zimowy-welniany-oversizowy.jpg","datePublished":"2023-09-14T11:16:06+00:00","dateModified":"2026-02-14T15:14:10+00:00","description":"Szary melan\u017cowy p\u0142aszcz zimowy - obni\u017cone ramiona, dwurz\u0119dowe zapi\u0119cie i pi\u0119kna, zr\u00f3wnowa\u017cona linia p\u0142aszcza, we\u0142niany materia\u0142. R\u0119cznie szyty w Polsce.","breadcrumb":{"@id":"https:\/\/talia-fashion.pl\/produkt\/szary-melanzowy-plaszcz-zimowy-freja\/#breadcrumb"},"inLanguage":"en-GB","potentialAction":[{"@type":"ReadAction","target":["https:\/\/talia-fashion.pl\/produkt\/szary-melanzowy-plaszcz-zimowy-freja\/"]}]},{"@type":"ImageObject","inLanguage":"en-GB","@id":"https:\/\/talia-fashion.pl\/produkt\/szary-melanzowy-plaszcz-zimowy-freja\/#primaryimage","url":"https:\/\/talia-fashion.pl\/wp-content\/uploads\/2024\/10\/szary-melanzowy-plaszcz-zimowy-welniany-oversizowy.jpg","contentUrl":"https:\/\/talia-fashion.pl\/wp-content\/uploads\/2024\/10\/szary-melanzowy-plaszcz-zimowy-welniany-oversizowy.jpg","width":1500,"height":2000,"caption":"Szary, melan\u017cowy p\u0142aszcz zimowy. Zapinany dwurz\u0119dowo. Wi\u0105zany. Minimalistyczny kr\u00f3j, ponadczasowy kolor i \u015bwietny we\u0142niany materia\u0142."},{"@type":"BreadcrumbList","@id":"https:\/\/talia-fashion.pl\/produkt\/szary-melanzowy-plaszcz-zimowy-freja\/#breadcrumb","itemListElement":[{"@type":"ListItem","position":1,"name":"Strona g\u0142\u00f3wna","item":"https:\/\/talia-fashion.pl\/"},{"@type":"ListItem","position":2,"name":"Sklep","item":"https:\/\/talia-fashion.pl\/sklep\/"},{"@type":"ListItem","position":3,"name":"Szary melan\u017cowy p\u0142aszcz zimowy Freja"}]},{"@type":"WebSite","@id":"https:\/\/talia-fashion.pl\/#website","url":"https:\/\/talia-fashion.pl\/","name":"Talia Fashion","description":"","potentialAction":[{"@type":"SearchAction","target":{"@type":"EntryPoint","urlTemplate":"https:\/\/talia-fashion.pl\/?s={search_term_string}"},"query-input":{"@type":"PropertyValueSpecification","valueRequired":true,"valueName":"search_term_string"}}],"inLanguage":"en-GB"}]}},"_links":{"self":[{"href":"https:\/\/talia-fashion.pl\/en\/wp-json\/wp\/v2\/product\/5092","targetHints":{"allow":["GET"]}}],"collection":[{"href":"https:\/\/talia-fashion.pl\/en\/wp-json\/wp\/v2\/product"}],"about":[{"href":"https:\/\/talia-fashion.pl\/en\/wp-json\/wp\/v2\/types\/product"}],"wp:featuredmedia":[{"embeddable":true,"href":"https:\/\/talia-fashion.pl\/en\/wp-json\/wp\/v2\/media\/810"}],"wp:attachment":[{"href":"https:\/\/talia-fashion.pl\/en\/wp-json\/wp\/v2\/media?parent=5092"}],"wp:term":[{"taxonomy":"product_cat","embeddable":true,"href":"https:\/\/talia-fashion.pl\/en\/wp-json\/wp\/v2\/product_cat?post=5092"},{"taxonomy":"product_tag","embeddable":true,"href":"https:\/\/talia-fashion.pl\/en\/wp-json\/wp\/v2\/product_tag?post=5092"}],"curies":[{"name":"wp","href":"https:\/\/api.w.org\/{rel}","templated":true}]}}