{"id":5023,"date":"2023-09-10T16:52:37","date_gmt":"2023-09-10T14:52:37","guid":{"rendered":"http:\/\/talia-fashion.pl\/produkt\/welniany-plaszcz-w-stylu-szlafrokowym-helena\/"},"modified":"2026-02-24T07:35:50","modified_gmt":"2026-02-24T06:35:50","slug":"welniany-plaszcz-w-stylu-szlafrokowym-helena","status":"publish","type":"product","link":"https:\/\/talia-fashion.pl\/en\/product\/welniany-plaszcz-w-stylu-szlafrokowym-helena\/","title":{"rendered":"Wool dressing gown style coat Helena"},"content":{"rendered":"<p><span lang=\"DE\">We\u0142niany p\u0142aszcz w stylu szlafrokowym Helena z raglanowymi r\u0119kawami, zapinany dwurz\u0119dowo na guziki i wi\u0105zany w pasie. Jest to przej\u015bciowy d\u0142ugi p\u0142aszcz o lu\u017aniejszym kroju przypominaj\u0105cym bardzo elegancki szlafrok. Jednak dzi\u0119ki wielu specjalnym rozwi\u0105zaniom konstrukcyjnym p\u0142aszcz optycznie wyd\u0142u\u017ca i wyszczupla sylwetk\u0119. A mi\u0119sista tkanina dodaje klasy i ciep\u0142a, co sprawia, \u017ce jest to doskona\u0142a opcja na wiosenne i jesienne ch\u0142ody. Raglanowe r\u0119kawy nadaj\u0105 figurze mi\u0119kko\u015bci i zapewniaj\u0105 du\u017cy komfort noszenia. Co jest niezwykle istotne przy tworzeniu wielowarstwowych stylizacji. Zmie\u015bci si\u0119 sweterek lub marynarka do pracy. Wyjmowany pasek, z tej samej tkaniny, umo\u017cliwia dopasowanie p\u0142aszcza do sylwetki i podkre\u015blenie talii. Wi\u0105zany tradycyjnie na przodzie, jak i na tyle &#8211; na mod\u0142\u0119 francusk\u0105. <\/span>Wyk\u0142adany ko\u0142nierz z klapami tworz\u0105cymi dekolt w serek. Tego typu dekolt (zwany r\u00f3wnie\u017c dekoltem typu V) optycznie wysmukla ramiona i wyd\u0142u\u017ca szyj\u0119, sprawiaj\u0105c, \u017ce kobieta wydaje si\u0119 wy\u017csza i szczuplejsza. Podniesiony ko\u0142nierz natomiast ochroni przed wiatrem.<\/p>\n<p><span lang=\"DE\">P\u0142aszcz ma ozdobne pagony naszywane na ramionach. Wszystko wyko\u0144czone guzikami. Dwie, boczne kieszenie zako\u0144czone listewk\u0105. D\u0142ugo\u015b\u0107 do po\u0142owy \u0142ydki. Rozci\u0119cie z ty\u0142u. P\u0142aszcz w ca\u0142o\u015bci na podszewce. Wersja limitowana.<br \/>\n<\/span><\/p>\n<p><span lang=\"DE\">Wool dressing gown style coat Helena<\/span> daje nieograniczone mo\u017cliwo\u015bci w tworzeniu stylizacji. To ponadczasowy w kroju p\u0142aszcz, zapewniaj\u0105cy swobod\u0119 i jednocze\u015bnie podkre\u015blaj\u0105cy walory sylwetki. Panie <span lang=\"DE\">with broader shoulders or a generous bust <\/span>can confidently consider this proposal. For tips on which coat cut to choose, please see: <a href=\"https:\/\/talia-fashion.pl\/en\/jak-dobrac-plaszcz-do-sylwetki\/\">How do you choose a coat to suit your figure?<\/a><\/p>\n<p><span lang=\"DE\">Wool dressing gown style coat Helena<\/span> to \u015bwietna baza ka\u017cdej garderoby. W stylizacji casualowej z jeansami i mokka golfem, na sportowo do bluzy i sneakers\u00f3w na platformie czy do ma\u0142ej czarnej i szpilek, za ka\u017cdym razem wypadniesz \u015bwietnie i stylowo. Je\u015bli chcesz wzmocni\u0107 efekt wyszczuplenia, pami\u0119taj, i\u017c przy d\u0142ugim p\u0142aszczu warto wyeksponowa\u0107 nogi. Wybieraj\u0105c zatem sukienki, sp\u00f3dniczki kieruj si\u0119 d\u0142ugo\u015bci\u0105 \u2013 najlepiej te d\u0142ugo\u015bci midi lub mini. Spodnie natomiast powinny mie\u0107 dopasowan\u0105 nogawk\u0119 albo ods\u0142ania\u0107 kostk\u0119.<\/p>\n<p><span lang=\"DE\">Zdj\u0119cie rzeczywiste &#8211; pastelowy niebieski (delikatny odcie\u0144 niebieskiego z nut\u0105 szaro\u015bci)<\/span><\/p>\n<p>Dost\u0119pne kolory: <span lang=\"DE\">pastelowy niebieski<\/span>, szary<\/p>\n<p>Modelka ma 174cm i rozmiar S.<\/p>\n<p><span lang=\"DE\">The colours are presented in our <a href=\"https:\/\/talia-fashion.pl\/en\/paleta-kolorow\/\">Colour palette<\/a>. If in doubt, please contact us.<\/span><\/p>\n<p><span lang=\"DE\">Available sizes: XS, S, M, L<\/span><\/p>\n<p><span lang=\"DE\">Indicative dimensions:<\/span><\/p>\n<p>XS - bust: 86-88 \/ hips: 94-96 \/ length: 116 \/ sleeve: 62<br \/>\nS - bust: 90-92 \/ hips: 98-100 \/ length: 116 \/ sleeve: 62<br \/>\nM - bust: 94-96 \/ hips: 102-104 \/ length: 117 \/ sleeve: 62<br \/>\nL - bust: 98-100 \/ hips: 106-108 \/ length: 118 \/ sleeve: 63<br \/>\nXL - bust: 104-106 \/ hips: 112-114 \/ length: 118 \/ sleeve: 64<\/p>\n<p><span lang=\"DE\">What size to choose and how to measure yourself are suggested in our short guide: <a href=\"https:\/\/talia-fashion.pl\/en\/jak-dobrac-rozmiar\/\">How to choose a size?<\/a><\/span><br \/>\n<span lang=\"DE\">P\u0142aszcz ma swobodny, ale nie oversizowy kr\u00f3j. Z uwagi na konstrukcj\u0119 r\u0119kawa wypada delikatnie lu\u017aniejszy, szczeg\u00f3lnie w g\u00f3rnych partiach. W razie w\u0105tpliwo\u015bci odno\u015bnie wyboru rozmiaru, prosimy o kontakt.<\/span><\/p>\n<p><span lang=\"DE\">Material: 80% wool, 20% polyamide<\/span><br \/>\nLining: 100% acetate<\/p>\n<p>Like viscose, acetate is produced from cellulose. Acetate yarn can also be made from recycled cellulose such as paper. The acetate lining is excellent at absorbing moisture and permeable to air. It is coated with an antistatic apprettee and is OEKOtex\u00ae Standard 100 certified.<\/p>\n<p><span lang=\"DE\">Wool dressing gown style coat Helena<\/span> powsta\u0142 w naszym rodzinnym zak\u0142adzie krawieckim w Poznaniu, w spos\u00f3b przyjazny dla \u015brodowiska i zgodnie z zasadami Fair Trade<span lang=\"DE\">. Our coat is an artisanal creation in which even the buttons have been sewn by hand. It has been sewn from deadstock material selected by us, previously produced for a well-known brand. The process of finding materials is very labour-intensive, but this allows us to offer very good quality materials at a good price and contribute to reducing global overproduction. Sustainability is very important to us.<\/span><\/p>\n<p><span lang=\"DE\">Plaszcz przej\u015bciowy nale\u017cy czy\u015bci\u0107 chemicznie. Odpowiednia piel\u0119gnacja, wieszanie i unikanie zahacze\u0144 sprawi, \u017ce Tw\u00f3j p\u0142aszcz d\u0142ugo pozostanie pi\u0119kny. Zajrzyj do naszej zak\u0142adki: <a href=\"https:\/\/talia-fashion.pl\/en\/jak-pielegnowac-i-dbac-o-plaszcz\/\">How to nurture and care for the coat?<\/a>, where we have included simple methods for enjoying your coat for a long time. And to refresh your wool frequently, we recommend the following\u00a0<a href=\"https:\/\/talia-fashion.pl\/en\/product\/szczotka-do-czyszczenia-i-pielegnacji-plaszcza\/\">Brush for cleaning and care of the coat<\/a>which can be purchased in our shop.<\/span><\/p>\n<p><span lang=\"DE\">There is also the possibility of <strong>Individual orders<\/strong>The coat can be modified at the customer's request. We can shorten or lengthen sleeves, shorten or lengthen the coat, remove decorative epaulettes and patches. The cost of such a service is determined individually after prior contact and determination of possible options.<\/span><\/p>\n<p><strong>An individual order is not subject to exchange or refund.<\/strong><\/p>\n<p><span lang=\"DE\">The lead time depends on the current stock in the atelier and the availability of the fabric colour in question. If the given coat is available in the atelier, the order will be fulfilled very quickly - 2-5 working days. If it is necessary to sew the coat or individualise the order - making alterations or sewing a new coat - the lead time may be extended, up to a maximum of 2 weeks.<\/span><\/p>\n<p>We practice traditional craftsmanship and each of our coats is sewn by hand. For this reason, we do not sew coats for stock, so please be patient - we need to sew this coat for you. Thank you for supporting a local business.<\/p>\n<p>We invite you to stay with us for longer and to follow our profiles on <a href=\"https:\/\/www.facebook.com\/talia.plaszcze\">Facebook<\/a>\u00a0and\u00a0<a href=\"https:\/\/www.instagram.com\/talia_plaszcze\/\">Instagram<\/a>.<\/p>","protected":false},"excerpt":{"rendered":"<p><span lang=\"DE\">We\u0142niany p\u0142aszcz w stylu szlafrokowym Helena to przej\u015bciowy p\u0142aszcz o lu\u017aniejszym kroju w pi\u0119knym pastelowym odcieniu niebieskiego. <\/span><\/p>","protected":false},"featured_media":5024,"template":"","meta":{"_acf_changed":false},"product_cat":[31,36],"product_tag":[78,119,34,39,40,80,41,297,42,43,44,45,46,68,83,47,259,59,122,187,195,85,50,173,69,60,52,97,258,53,88,147],"class_list":{"0":"post-5023","1":"product","2":"type-product","3":"status-publish","4":"has-post-thumbnail","6":"product_cat-nowosci","7":"product_cat-plaszcze-dluzsze","8":"product_tag-dla-roznych-sylwetek","9":"product_tag-dlugi-plaszcz-zimowy","10":"product_tag-handmade","11":"product_tag-klasyczny","12":"product_tag-kolnierz","13":"product_tag-luzny-kroj","14":"product_tag-na-podszewce","15":"product_tag-niebieski-plaszcz","16":"product_tag-nowosc","17":"product_tag-plaszcz-damski","18":"product_tag-plaszcz-damski-dlugi","19":"product_tag-plaszcz-dlugi","20":"product_tag-plaszcz-dwurzedowy","21":"product_tag-plaszcz-jesienny","22":"product_tag-plaszcz-luzny","23":"product_tag-plaszcz-na-guziki","24":"product_tag-plaszcz-na-wiosne","25":"product_tag-plaszcz-przejsciowy","26":"product_tag-plaszcz-szlafrokowy","27":"product_tag-plaszcz-trencz","28":"product_tag-plaszcz-typu-basic","29":"product_tag-plaszcz-welniany","30":"product_tag-plaszcz-z-rewersem","31":"product_tag-polski-producent-plaszczy","32":"product_tag-prochowiec","33":"product_tag-producent-plaszczy-damskich","34":"product_tag-szylkretowe-guziki","35":"product_tag-trencz","36":"product_tag-trencz-damski","37":"product_tag-welna","38":"product_tag-wiazany","39":"product_tag-zrownowazona-produkcja","41":"first","42":"instock","43":"shipping-taxable","44":"purchasable","45":"product-type-variable","46":"has-default-attributes"},"acf":[],"yoast_head":"<!-- This site is optimized with the Yoast SEO plugin v25.7 - https:\/\/yoast.com\/wordpress\/plugins\/seo\/ -->\n<title>We\u0142niany p\u0142aszcz w stylu szlafrokowym Helena - Talia Fashion - p\u0142aszcze damskie<\/title>\n<meta name=\"description\" content=\"We\u0142niany p\u0142aszcz w stylu szlafrokowym - wygodny kr\u00f3j, \u015bwietny materia\u0142. Uszyty r\u0119cznie w naszej pracowni. Przej\u015bciowy plaszcz damski na wiosn\u0119 i jesie\u0144.\" \/>\n<meta name=\"robots\" content=\"index, follow, max-snippet:-1, max-image-preview:large, max-video-preview:-1\" \/>\n<link rel=\"canonical\" href=\"https:\/\/talia-fashion.pl\/en\/product\/welniany-plaszcz-w-stylu-szlafrokowym-helena\/\" \/>\n<meta property=\"og:locale\" content=\"en_GB\" \/>\n<meta property=\"og:type\" content=\"article\" \/>\n<meta property=\"og:title\" content=\"We\u0142niany p\u0142aszcz w stylu szlafrokowym Helena - Talia Fashion - p\u0142aszcze damskie\" \/>\n<meta property=\"og:description\" content=\"We\u0142niany p\u0142aszcz w stylu szlafrokowym - wygodny kr\u00f3j, \u015bwietny materia\u0142. Uszyty r\u0119cznie w naszej pracowni. Przej\u015bciowy plaszcz damski na wiosn\u0119 i jesie\u0144.\" \/>\n<meta property=\"og:url\" content=\"https:\/\/talia-fashion.pl\/en\/product\/welniany-plaszcz-w-stylu-szlafrokowym-helena\/\" \/>\n<meta property=\"og:site_name\" content=\"Talia Fashion\" \/>\n<meta property=\"article:modified_time\" content=\"2026-02-24T06:35:50+00:00\" \/>\n<meta property=\"og:image\" content=\"https:\/\/talia-fashion.pl\/wp-content\/uploads\/2025\/07\/welniany_plaszcz_szlafrokowy_niebieski.jpg\" \/>\n\t<meta property=\"og:image:width\" content=\"1333\" \/>\n\t<meta property=\"og:image:height\" content=\"2000\" \/>\n\t<meta property=\"og:image:type\" content=\"image\/jpeg\" \/>\n<meta name=\"twitter:card\" content=\"summary_large_image\" \/>\n<meta name=\"twitter:label1\" content=\"Estimated reading time\" \/>\n\t<meta name=\"twitter:data1\" content=\"4 minutes\" \/>\n<script type=\"application\/ld+json\" class=\"yoast-schema-graph\">{\"@context\":\"https:\/\/schema.org\",\"@graph\":[{\"@type\":\"WebPage\",\"@id\":\"https:\/\/talia-fashion.pl\/produkt\/welniany-plaszcz-w-stylu-szlafrokowym-helena\/\",\"url\":\"https:\/\/talia-fashion.pl\/produkt\/welniany-plaszcz-w-stylu-szlafrokowym-helena\/\",\"name\":\"We\u0142niany p\u0142aszcz w stylu szlafrokowym Helena - Talia Fashion - p\u0142aszcze damskie\",\"isPartOf\":{\"@id\":\"https:\/\/talia-fashion.pl\/#website\"},\"primaryImageOfPage\":{\"@id\":\"https:\/\/talia-fashion.pl\/produkt\/welniany-plaszcz-w-stylu-szlafrokowym-helena\/#primaryimage\"},\"image\":{\"@id\":\"https:\/\/talia-fashion.pl\/produkt\/welniany-plaszcz-w-stylu-szlafrokowym-helena\/#primaryimage\"},\"thumbnailUrl\":\"https:\/\/talia-fashion.pl\/wp-content\/uploads\/2025\/07\/welniany_plaszcz_szlafrokowy_niebieski.jpg\",\"datePublished\":\"2023-09-10T14:52:37+00:00\",\"dateModified\":\"2026-02-24T06:35:50+00:00\",\"description\":\"We\u0142niany p\u0142aszcz w stylu szlafrokowym - wygodny kr\u00f3j, \u015bwietny materia\u0142. Uszyty r\u0119cznie w naszej pracowni. Przej\u015bciowy plaszcz damski na wiosn\u0119 i jesie\u0144.\",\"breadcrumb\":{\"@id\":\"https:\/\/talia-fashion.pl\/produkt\/welniany-plaszcz-w-stylu-szlafrokowym-helena\/#breadcrumb\"},\"inLanguage\":\"en-GB\",\"potentialAction\":[{\"@type\":\"ReadAction\",\"target\":[\"https:\/\/talia-fashion.pl\/produkt\/welniany-plaszcz-w-stylu-szlafrokowym-helena\/\"]}]},{\"@type\":\"ImageObject\",\"inLanguage\":\"en-GB\",\"@id\":\"https:\/\/talia-fashion.pl\/produkt\/welniany-plaszcz-w-stylu-szlafrokowym-helena\/#primaryimage\",\"url\":\"https:\/\/talia-fashion.pl\/wp-content\/uploads\/2025\/07\/welniany_plaszcz_szlafrokowy_niebieski.jpg\",\"contentUrl\":\"https:\/\/talia-fashion.pl\/wp-content\/uploads\/2025\/07\/welniany_plaszcz_szlafrokowy_niebieski.jpg\",\"width\":1333,\"height\":2000,\"caption\":\"We\u0142niany p\u0142aszcz szlafrokowy w niebieskim kolorze. D\u0142ugi, swobodny kr\u00f3j na wiosn\u0119 i jesie\u0144.\"},{\"@type\":\"BreadcrumbList\",\"@id\":\"https:\/\/talia-fashion.pl\/produkt\/welniany-plaszcz-w-stylu-szlafrokowym-helena\/#breadcrumb\",\"itemListElement\":[{\"@type\":\"ListItem\",\"position\":1,\"name\":\"Strona g\u0142\u00f3wna\",\"item\":\"https:\/\/talia-fashion.pl\/\"},{\"@type\":\"ListItem\",\"position\":2,\"name\":\"Sklep\",\"item\":\"https:\/\/talia-fashion.pl\/sklep\/\"},{\"@type\":\"ListItem\",\"position\":3,\"name\":\"We\u0142niany p\u0142aszcz w stylu szlafrokowym Helena\"}]},{\"@type\":\"WebSite\",\"@id\":\"https:\/\/talia-fashion.pl\/#website\",\"url\":\"https:\/\/talia-fashion.pl\/\",\"name\":\"Talia Fashion\",\"description\":\"\",\"potentialAction\":[{\"@type\":\"SearchAction\",\"target\":{\"@type\":\"EntryPoint\",\"urlTemplate\":\"https:\/\/talia-fashion.pl\/?s={search_term_string}\"},\"query-input\":{\"@type\":\"PropertyValueSpecification\",\"valueRequired\":true,\"valueName\":\"search_term_string\"}}],\"inLanguage\":\"en-GB\"}]}<\/script>\n<!-- \/ Yoast SEO plugin. -->","yoast_head_json":{"title":"We\u0142niany p\u0142aszcz w stylu szlafrokowym Helena - Talia Fashion - p\u0142aszcze damskie","description":"We\u0142niany p\u0142aszcz w stylu szlafrokowym - wygodny kr\u00f3j, \u015bwietny materia\u0142. Uszyty r\u0119cznie w naszej pracowni. Przej\u015bciowy plaszcz damski na wiosn\u0119 i jesie\u0144.","robots":{"index":"index","follow":"follow","max-snippet":"max-snippet:-1","max-image-preview":"max-image-preview:large","max-video-preview":"max-video-preview:-1"},"canonical":"https:\/\/talia-fashion.pl\/en\/product\/welniany-plaszcz-w-stylu-szlafrokowym-helena\/","og_locale":"en_GB","og_type":"article","og_title":"We\u0142niany p\u0142aszcz w stylu szlafrokowym Helena - Talia Fashion - p\u0142aszcze damskie","og_description":"We\u0142niany p\u0142aszcz w stylu szlafrokowym - wygodny kr\u00f3j, \u015bwietny materia\u0142. Uszyty r\u0119cznie w naszej pracowni. Przej\u015bciowy plaszcz damski na wiosn\u0119 i jesie\u0144.","og_url":"https:\/\/talia-fashion.pl\/en\/product\/welniany-plaszcz-w-stylu-szlafrokowym-helena\/","og_site_name":"Talia Fashion","article_modified_time":"2026-02-24T06:35:50+00:00","og_image":[{"width":1333,"height":2000,"url":"https:\/\/talia-fashion.pl\/wp-content\/uploads\/2025\/07\/welniany_plaszcz_szlafrokowy_niebieski.jpg","type":"image\/jpeg"}],"twitter_card":"summary_large_image","twitter_misc":{"Estimated reading time":"4 minutes"},"schema":{"@context":"https:\/\/schema.org","@graph":[{"@type":"WebPage","@id":"https:\/\/talia-fashion.pl\/produkt\/welniany-plaszcz-w-stylu-szlafrokowym-helena\/","url":"https:\/\/talia-fashion.pl\/produkt\/welniany-plaszcz-w-stylu-szlafrokowym-helena\/","name":"We\u0142niany p\u0142aszcz w stylu szlafrokowym Helena - Talia Fashion - p\u0142aszcze damskie","isPartOf":{"@id":"https:\/\/talia-fashion.pl\/#website"},"primaryImageOfPage":{"@id":"https:\/\/talia-fashion.pl\/produkt\/welniany-plaszcz-w-stylu-szlafrokowym-helena\/#primaryimage"},"image":{"@id":"https:\/\/talia-fashion.pl\/produkt\/welniany-plaszcz-w-stylu-szlafrokowym-helena\/#primaryimage"},"thumbnailUrl":"https:\/\/talia-fashion.pl\/wp-content\/uploads\/2025\/07\/welniany_plaszcz_szlafrokowy_niebieski.jpg","datePublished":"2023-09-10T14:52:37+00:00","dateModified":"2026-02-24T06:35:50+00:00","description":"We\u0142niany p\u0142aszcz w stylu szlafrokowym - wygodny kr\u00f3j, \u015bwietny materia\u0142. Uszyty r\u0119cznie w naszej pracowni. Przej\u015bciowy plaszcz damski na wiosn\u0119 i jesie\u0144.","breadcrumb":{"@id":"https:\/\/talia-fashion.pl\/produkt\/welniany-plaszcz-w-stylu-szlafrokowym-helena\/#breadcrumb"},"inLanguage":"en-GB","potentialAction":[{"@type":"ReadAction","target":["https:\/\/talia-fashion.pl\/produkt\/welniany-plaszcz-w-stylu-szlafrokowym-helena\/"]}]},{"@type":"ImageObject","inLanguage":"en-GB","@id":"https:\/\/talia-fashion.pl\/produkt\/welniany-plaszcz-w-stylu-szlafrokowym-helena\/#primaryimage","url":"https:\/\/talia-fashion.pl\/wp-content\/uploads\/2025\/07\/welniany_plaszcz_szlafrokowy_niebieski.jpg","contentUrl":"https:\/\/talia-fashion.pl\/wp-content\/uploads\/2025\/07\/welniany_plaszcz_szlafrokowy_niebieski.jpg","width":1333,"height":2000,"caption":"We\u0142niany p\u0142aszcz szlafrokowy w niebieskim kolorze. D\u0142ugi, swobodny kr\u00f3j na wiosn\u0119 i jesie\u0144."},{"@type":"BreadcrumbList","@id":"https:\/\/talia-fashion.pl\/produkt\/welniany-plaszcz-w-stylu-szlafrokowym-helena\/#breadcrumb","itemListElement":[{"@type":"ListItem","position":1,"name":"Strona g\u0142\u00f3wna","item":"https:\/\/talia-fashion.pl\/"},{"@type":"ListItem","position":2,"name":"Sklep","item":"https:\/\/talia-fashion.pl\/sklep\/"},{"@type":"ListItem","position":3,"name":"We\u0142niany p\u0142aszcz w stylu szlafrokowym Helena"}]},{"@type":"WebSite","@id":"https:\/\/talia-fashion.pl\/#website","url":"https:\/\/talia-fashion.pl\/","name":"Talia Fashion","description":"","potentialAction":[{"@type":"SearchAction","target":{"@type":"EntryPoint","urlTemplate":"https:\/\/talia-fashion.pl\/?s={search_term_string}"},"query-input":{"@type":"PropertyValueSpecification","valueRequired":true,"valueName":"search_term_string"}}],"inLanguage":"en-GB"}]}},"_links":{"self":[{"href":"https:\/\/talia-fashion.pl\/en\/wp-json\/wp\/v2\/product\/5023","targetHints":{"allow":["GET"]}}],"collection":[{"href":"https:\/\/talia-fashion.pl\/en\/wp-json\/wp\/v2\/product"}],"about":[{"href":"https:\/\/talia-fashion.pl\/en\/wp-json\/wp\/v2\/types\/product"}],"wp:featuredmedia":[{"embeddable":true,"href":"https:\/\/talia-fashion.pl\/en\/wp-json\/wp\/v2\/media\/5024"}],"wp:attachment":[{"href":"https:\/\/talia-fashion.pl\/en\/wp-json\/wp\/v2\/media?parent=5023"}],"wp:term":[{"taxonomy":"product_cat","embeddable":true,"href":"https:\/\/talia-fashion.pl\/en\/wp-json\/wp\/v2\/product_cat?post=5023"},{"taxonomy":"product_tag","embeddable":true,"href":"https:\/\/talia-fashion.pl\/en\/wp-json\/wp\/v2\/product_tag?post=5023"}],"curies":[{"name":"wp","href":"https:\/\/api.w.org\/{rel}","templated":true}]}}