{"id":5009,"date":"2023-09-10T14:00:06","date_gmt":"2023-09-10T12:00:06","guid":{"rendered":"http:\/\/talia-fashion.pl\/produkt\/plaszcz-damski-zimowy-w-jodelke-florence\/"},"modified":"2026-02-23T16:44:00","modified_gmt":"2026-02-23T15:44:00","slug":"plaszcz-damski-zimowy-w-jodelke-florence","status":"publish","type":"product","link":"https:\/\/talia-fashion.pl\/en\/product\/plaszcz-damski-zimowy-w-jodelke-florence\/","title":{"rendered":"Women's herringbone winter coat Florence"},"content":{"rendered":"<p>P\u0142aszcz damski zimowy w jode\u0142k\u0119 Florence to dwurz\u0119dowy ocieplany p\u0142aszcz w jode\u0142k\u0119 o lu\u017anym, prostym kroju. P\u0142aszcz z wyjmowanym paskiem uszytym z tej samej tkaniny. Obni\u017cona linia ramion sprawia, \u017ce p\u0142aszcz jest lu\u017aniejszy, nieco oversizowy. Wi\u0105zany pasek podkre\u015bla tali\u0119. Delikatnie poszerzony wyk\u0142adany ko\u0142nierz z zaokr\u0105glonymi rogami, nawi\u0105zuj\u0105cy do stylu retro. Przednie, wpuszczane sko\u015bnie kieszenie. D\u0142ugo\u015b\u0107 za kolano. Ty\u0142 bez rozporka. Wersja limitowana. P\u0142aszcz w ca\u0142o\u015bci ocieplany, idealny na zim\u0119.<\/p>\n<p>Szykowna, we\u0142niana Florence w klasyczny wz\u00f3r jode\u0142ki mi\u0119kko otuli Ci\u0119 w zimne dni. Poszerzany, wyk\u0142adany ko\u0142nierz mo\u017cesz nosi\u0107 podniesiony i dodatkowo chroni\u0107 si\u0119 przed zimnem i wiatrem. Ten nieco oversizowy styl p\u0142aszcza pozwala na r\u00f3\u017cnorodne stylizacje i po\u0142\u0105czenia. Ni\u017cej wszyte r\u0119kawy zapewniaj\u0105 wysoki komfort noszenia i s\u0105 idealn\u0105 propozycj\u0105 dla os\u00f3b, kt\u00f3re lubi\u0105 wielowarstwowe stylizacje. Sam w sobie, model ten, \u0142\u0105czy klasyk\u0119 z nowoczesno\u015bci\u0105 i stanie si\u0119 nieodzownym elementem Twojej codziennej garderoby. Tym bardziej, i\u017c dost\u0119pny jest w kilku kolorach jode\u0142ki, nie tylko w wersji czarno-bia\u0142ej. Cho\u0107 to w\u0142a\u015bnie po\u0142\u0105czenie i p\u0142aszcz mojej babci by\u0142o inspiracj\u0105 do powstania tego modelu. Z reszt\u0105 chyba ka\u017cda z naszych bab\u0107 mia\u0142a w szafie p\u0142aszcz w jode\u0142k\u0119. Nasza Florence to uk\u0142on w stron\u0119 klasycznego kroju i wzoru w nowoczesnej ods\u0142onie.<\/p>\n<p>\u015awietnie b\u0119dzie wygl\u0105da\u0142 zar\u00f3wno z kozakami i sk\u00f3rzan\u0105 torebk\u0105 jak r\u00f3wnie\u017c z mi\u0119kk\u0105 dziergan\u0105 czapk\u0105 i obszernym szalem. Stylizuj go dowolnie, tak, jak lubisz.<\/p>\n<p>Oversize to poj\u0119cie, kt\u00f3re opisuje ubrania lu\u017aniejsze, kt\u00f3re w za\u0142o\u017ceniu powinny pasowa\u0107 na osoby nosz\u0105ce r\u00f3\u017cne rozmiary.\u00a0 P\u0142aszcz damski zimowy w jode\u0142k\u0119 Florence to model w\u0142a\u015bnie w stylu oversizowym, celowo przeskalowany, szczeg\u00f3lnie w g\u00f3rnych partiach, dlatego osobom lubi\u0105cym bardziej dopasowane fasony rekomendujemy wyb\u00f3r mniejszego rozmiaru. Polecamy nasze wskaz\u00f3wki dotycz\u0105ce wyboru fasonu znajduj\u0105ce si\u0119 w zak\u0142adce\u00a0<a href=\"https:\/\/talia-fashion.pl\/en\/jak-dobrac-plaszcz-do-sylwetki\/\">How do you choose a coat to suit your figure?<\/a><\/p>\n<p>P\u0142aszcze w naszej pracowni szyjemy r\u0119cznie. Proces powstawania p\u0142aszcza zaczyna si\u0119 od r\u0119cznego uk\u0142adania materia\u0142u, tak aby ka\u017cdy element p\u0142aszcza pasowa\u0142 do siebie\u00a0 zar\u00f3wno pod wzgl\u0119dem konstrukcyjnym, jak i wzoru jode\u0142ki. Nast\u0119pnie odszycie p\u0142aszcza i r\u0119czne przyszywanie guzik\u00f3w. Ca\u0142y proces jest pracoch\u0142onny. Mamy jednak pewno\u015b\u0107, i\u017c dostarczamy ubrania wyprodukowane z dba\u0142o\u015bci\u0105 o najdrobniejszy detal. Zgodnie z przy\u015bwiecaj\u0105c\u0105 nam filozofi\u0105, aby minimalizowa\u0107 negatywny wp\u0142yw na \u015brodowisko, unikamy nadprodukcji i nie szyjemy p\u0142aszczy na magazyn. Dlatego prosimy o cierpliwo\u015b\u0107 w oczekiwaniu na realizacj\u0119 zam\u00f3wienia. Dok\u0142adamy wszelkich stara\u0144 aby Tw\u00f3j p\u0142aszczyk trafi\u0142 do Ciebie jak najszybciej.<\/p>\n<p>Zdj\u0119cie rzeczywiste \u2013 jode\u0142ka niebieska<br \/>\nDost\u0119pne kolory: jode\u0142ka niebieska<br \/>\nThe colours of the fabric can be seen in<a href=\"https:\/\/talia-fashion.pl\/en\/paleta-kolorow\/\">\u00a0Colour palette<\/a>\u00a0as well as in the pictures of coats in various models. If in doubt, please do not hesitate to contact us.<\/p>\n<p>Available sizes: XS, S, M, L<\/p>\n<p>Modelka ma 172 cm wzrostu i p\u0142aszcz w rozmiarze XS.<\/p>\n<p>Indicative dimensions:<\/p>\n<p>XS \u2013 biust: 86-88 \/ biodra: 94-96 \/ d\u0142ugo\u015b\u0107: 105 \/ r\u0119kaw 61<br \/>\nS \u2013 biust: 90-92 \/ biodra: 98-100 \/ d\u0142ugo\u015b\u0107: 106 \/ r\u0119kaw: 61<br \/>\nM - bust: 94-96 \/ hips: 102-104 \/ length: 106 \/ sleeve: 62<br \/>\nL - bust: 98-100 \/ hips: 106-108 \/ length: 107 \/ sleeve: 63<\/p>\n<p>Under\u00a0<a href=\"https:\/\/talia-fashion.pl\/en\/jak-dobrac-rozmiar\/\">How to choose a size?<\/a> wyja\u015bniamy jak interpretowa\u0107 powy\u017csz\u0105 tabel\u0119 rozmiar\u00f3w i dodatkowo podpowiadamy w jaki spos\u00f3b si\u0119 zmierzy\u0107. W razie w\u0105tpliwo\u015bci prosimy o kontakt.<\/p>\n<p>Materia\u0142: 70% we\u0142na, 30% poliamid<br \/>\nLining: 100% acetate<br \/>\nAcetate retains its vapour permeability and excellent moisture absorption. It is coated with an antistatic apprettee and is OEKOtex\u00ae Standard 100 certified.<\/p>\n<p>Insulation: 100% non-woven recycled polyester<br \/>\nOur coats are insulated with a compressed thermo-insulating quilted fleece on the lining. The fleece is made from recycled polyester fibres. The material is lightweight, thin and at the same time perfectly insulating. The insulating fleece we use is resistant to moisture (it retains its insulating properties and warming effect even in damp conditions), stops the wind, is hypoallergenic and breathable. It is OEKOtex\u00ae Standard 100 certified.<\/p>\n<p>The coat should be dry-cleaned. However, you can take care of it on a day-to-day basis by using the following products offered in our shop <a href=\"https:\/\/talia-fashion.pl\/en\/product\/szczotka-do-czyszczenia-i-pielegnacji-plaszcza\/\">Brushes for cleaning and care of the coat<\/a>. By taking care of your coat you are also helping to protect the environment, which is why in the <a href=\"https:\/\/talia-fashion.pl\/en\/jak-pielegnowac-i-dbac-o-plaszcz\/\">How to nurture and care for the coat?<\/a> we have included tips on how to extend the life of your coat.<\/p>\n<p><strong>Individual order\u00a0<\/strong>- We can carry out certain modifications at the customer's request, such as: shortening, lengthening of the sleeve, shortening and lengthening of the coat. We determine the cost individually, pricing the scope of work, after prior contact.<\/p>\n<p>Czas realizacji zam\u00f3wienia uzale\u017cniamy od aktualnego stanu magazynowego w naszej pracowni oraz dost\u0119pno\u015bci danego koloru materia\u0142u. Je\u015bli dany p\u0142aszcz jest dost\u0119pny w firmie realizacja zam\u00f3wienia nast\u0105pi bardzo szybko 2-5 dni roboczych. Je\u015bli konieczne jest uszycie p\u0142aszcza lub indywidualizacja zam\u00f3wienia \u2013 wykonanie przer\u00f3bki lub uszycie nowego p\u0142aszcza \u2013 czas realizacji zam\u00f3wienia mo\u017ce ulec wyd\u0142u\u017ceniu, maksymalnie do 2 tygodni.<\/p>\n<p>P\u0142aszcz damski zimowy w jode\u0142k\u0119 Florence jest naszym autorskim projektem i szyjemy go w naszej rodzinnej pracowni. Od ponad 36 lat zajmujemy si\u0119 rzemios\u0142em i szyjemy nasze p\u0142aszcze wed\u0142ug tradycyjnych metod, dlatego te\u017c nie szyjemy p\u0142aszczy na magazyn. Prosimy zatem o cierpliwo\u015b\u0107 w oczekiwaniu na realizacj\u0119 zam\u00f3wienia, \u00a0poniewa\u017c musimy uszy\u0107 ten p\u0142aszczyk dla Ciebie.<\/p>\n<p>Stay with us longer and watch us on\u00a0<a href=\"https:\/\/www.facebook.com\/talia.plaszcze\">Facebook<\/a>\u00a0i\u00a0<a href=\"https:\/\/www.instagram.com\/talia_plaszcze\/\">Instagram.<\/a><\/p>","protected":false},"excerpt":{"rendered":"<p>P\u0142aszcz damski zimowy w jode\u0142k\u0119 Florence to dwurz\u0119dowy ocieplany p\u0142aszcz w jode\u0142k\u0119 o lu\u017anym, prostym kroju. P\u0142aszcz z wyjmowanym paskiem uszytym z&hellip;<\/p>","protected":false},"featured_media":790,"template":"","meta":{"_acf_changed":false},"product_cat":[36],"product_tag":[78,119,33,34,40,224,80,42,43,91,68,83,47,84,181,85,50,86,123,60,63,88,110,210,131],"class_list":{"0":"post-5009","1":"product","2":"type-product","3":"status-publish","4":"has-post-thumbnail","6":"product_cat-plaszcze-dluzsze","7":"product_tag-dla-roznych-sylwetek","8":"product_tag-dlugi-plaszcz-zimowy","9":"product_tag-dwurzedowy","10":"product_tag-handmade","11":"product_tag-kolnierz","12":"product_tag-limited-edition","13":"product_tag-luzny-kroj","14":"product_tag-nowosc","15":"product_tag-plaszcz-damski","16":"product_tag-plaszcz-damski-zimowy","17":"product_tag-plaszcz-jesienny","18":"product_tag-plaszcz-luzny","19":"product_tag-plaszcz-na-guziki","20":"product_tag-plaszcz-oversizowy","21":"product_tag-plaszcz-w-jodelke","22":"product_tag-plaszcz-welniany","23":"product_tag-plaszcz-z-rewersem","24":"product_tag-plaszcz-zimowy-ocieplany","25":"product_tag-plaszcze-damskie","26":"product_tag-producent-plaszczy-damskich","27":"product_tag-welniany","28":"product_tag-wiazany","29":"product_tag-z-paskiem","30":"product_tag-za-kolano","31":"product_tag-zimowy-plaszcz","33":"first","34":"instock","35":"shipping-taxable","36":"purchasable","37":"product-type-variable","38":"has-default-attributes"},"acf":[],"yoast_head":"<!-- This site is optimized with the Yoast SEO plugin v25.7 - https:\/\/yoast.com\/wordpress\/plugins\/seo\/ -->\n<title>P\u0142aszcz damski zimowy w jode\u0142k\u0119 Florence - Talia Fashion<\/title>\n<meta name=\"description\" content=\"P\u0142aszcz damski zimowy w jode\u0142k\u0119 Florence - we\u0142niany i szyty r\u0119cznie w Polsce, z dba\u0142o\u015bci\u0105 o ka\u017cdy szczeg\u00f3\u0142. Ponadczasowa jode\u0142ka i unikatowy fason.\" \/>\n<meta name=\"robots\" content=\"index, follow, max-snippet:-1, max-image-preview:large, max-video-preview:-1\" \/>\n<link rel=\"canonical\" href=\"https:\/\/talia-fashion.pl\/en\/product\/plaszcz-damski-zimowy-w-jodelke-florence\/\" \/>\n<meta property=\"og:locale\" content=\"en_GB\" \/>\n<meta property=\"og:type\" content=\"article\" \/>\n<meta property=\"og:title\" content=\"P\u0142aszcz damski zimowy w jode\u0142k\u0119 Florence - Talia Fashion\" \/>\n<meta property=\"og:description\" content=\"P\u0142aszcz damski zimowy w jode\u0142k\u0119 Florence - we\u0142niany i szyty r\u0119cznie w Polsce, z dba\u0142o\u015bci\u0105 o ka\u017cdy szczeg\u00f3\u0142. Ponadczasowa jode\u0142ka i unikatowy fason.\" \/>\n<meta property=\"og:url\" content=\"https:\/\/talia-fashion.pl\/en\/product\/plaszcz-damski-zimowy-w-jodelke-florence\/\" \/>\n<meta property=\"og:site_name\" content=\"Talia Fashion\" \/>\n<meta property=\"article:modified_time\" content=\"2026-02-23T15:44:00+00:00\" \/>\n<meta property=\"og:image\" content=\"https:\/\/talia-fashion.pl\/wp-content\/uploads\/2024\/10\/plaszcz-damski-zimowy-jodelka-ocieplany-dwurzedowy-wiazany-960x1280.jpg\" \/>\n\t<meta property=\"og:image:width\" content=\"960\" \/>\n\t<meta property=\"og:image:height\" content=\"1280\" \/>\n\t<meta property=\"og:image:type\" content=\"image\/jpeg\" \/>\n<meta name=\"twitter:card\" content=\"summary_large_image\" \/>\n<meta name=\"twitter:label1\" content=\"Estimated reading time\" \/>\n\t<meta name=\"twitter:data1\" content=\"4 minutes\" \/>\n<script type=\"application\/ld+json\" class=\"yoast-schema-graph\">{\"@context\":\"https:\/\/schema.org\",\"@graph\":[{\"@type\":\"WebPage\",\"@id\":\"https:\/\/talia-fashion.pl\/produkt\/plaszcz-damski-zimowy-w-jodelke-florence\/\",\"url\":\"https:\/\/talia-fashion.pl\/produkt\/plaszcz-damski-zimowy-w-jodelke-florence\/\",\"name\":\"P\u0142aszcz damski zimowy w jode\u0142k\u0119 Florence - Talia Fashion\",\"isPartOf\":{\"@id\":\"https:\/\/talia-fashion.pl\/#website\"},\"primaryImageOfPage\":{\"@id\":\"https:\/\/talia-fashion.pl\/produkt\/plaszcz-damski-zimowy-w-jodelke-florence\/#primaryimage\"},\"image\":{\"@id\":\"https:\/\/talia-fashion.pl\/produkt\/plaszcz-damski-zimowy-w-jodelke-florence\/#primaryimage\"},\"thumbnailUrl\":\"https:\/\/talia-fashion.pl\/wp-content\/uploads\/2024\/10\/plaszcz-damski-zimowy-jodelka-ocieplany-dwurzedowy-wiazany.jpg\",\"datePublished\":\"2023-09-10T12:00:06+00:00\",\"dateModified\":\"2026-02-23T15:44:00+00:00\",\"description\":\"P\u0142aszcz damski zimowy w jode\u0142k\u0119 Florence - we\u0142niany i szyty r\u0119cznie w Polsce, z dba\u0142o\u015bci\u0105 o ka\u017cdy szczeg\u00f3\u0142. Ponadczasowa jode\u0142ka i unikatowy fason.\",\"breadcrumb\":{\"@id\":\"https:\/\/talia-fashion.pl\/produkt\/plaszcz-damski-zimowy-w-jodelke-florence\/#breadcrumb\"},\"inLanguage\":\"en-GB\",\"potentialAction\":[{\"@type\":\"ReadAction\",\"target\":[\"https:\/\/talia-fashion.pl\/produkt\/plaszcz-damski-zimowy-w-jodelke-florence\/\"]}]},{\"@type\":\"ImageObject\",\"inLanguage\":\"en-GB\",\"@id\":\"https:\/\/talia-fashion.pl\/produkt\/plaszcz-damski-zimowy-w-jodelke-florence\/#primaryimage\",\"url\":\"https:\/\/talia-fashion.pl\/wp-content\/uploads\/2024\/10\/plaszcz-damski-zimowy-jodelka-ocieplany-dwurzedowy-wiazany.jpg\",\"contentUrl\":\"https:\/\/talia-fashion.pl\/wp-content\/uploads\/2024\/10\/plaszcz-damski-zimowy-jodelka-ocieplany-dwurzedowy-wiazany.jpg\",\"width\":1500,\"height\":2000,\"caption\":\"P\u0142aszcz damski zimowy w jode\u0142k\u0119 zapinany dwurz\u0119dowo na dobrane pod kolor guziki. Wi\u0105zany w pasie. Poszerzany ko\u0142nierz w stylu reto. Idealny na zimow\u0105 por\u0119.\"},{\"@type\":\"BreadcrumbList\",\"@id\":\"https:\/\/talia-fashion.pl\/produkt\/plaszcz-damski-zimowy-w-jodelke-florence\/#breadcrumb\",\"itemListElement\":[{\"@type\":\"ListItem\",\"position\":1,\"name\":\"Strona g\u0142\u00f3wna\",\"item\":\"https:\/\/talia-fashion.pl\/\"},{\"@type\":\"ListItem\",\"position\":2,\"name\":\"Sklep\",\"item\":\"https:\/\/talia-fashion.pl\/sklep\/\"},{\"@type\":\"ListItem\",\"position\":3,\"name\":\"P\u0142aszcz damski zimowy w jode\u0142k\u0119 Florence\"}]},{\"@type\":\"WebSite\",\"@id\":\"https:\/\/talia-fashion.pl\/#website\",\"url\":\"https:\/\/talia-fashion.pl\/\",\"name\":\"Talia Fashion\",\"description\":\"\",\"potentialAction\":[{\"@type\":\"SearchAction\",\"target\":{\"@type\":\"EntryPoint\",\"urlTemplate\":\"https:\/\/talia-fashion.pl\/?s={search_term_string}\"},\"query-input\":{\"@type\":\"PropertyValueSpecification\",\"valueRequired\":true,\"valueName\":\"search_term_string\"}}],\"inLanguage\":\"en-GB\"}]}<\/script>\n<!-- \/ Yoast SEO plugin. -->","yoast_head_json":{"title":"P\u0142aszcz damski zimowy w jode\u0142k\u0119 Florence - Talia Fashion","description":"P\u0142aszcz damski zimowy w jode\u0142k\u0119 Florence - we\u0142niany i szyty r\u0119cznie w Polsce, z dba\u0142o\u015bci\u0105 o ka\u017cdy szczeg\u00f3\u0142. Ponadczasowa jode\u0142ka i unikatowy fason.","robots":{"index":"index","follow":"follow","max-snippet":"max-snippet:-1","max-image-preview":"max-image-preview:large","max-video-preview":"max-video-preview:-1"},"canonical":"https:\/\/talia-fashion.pl\/en\/product\/plaszcz-damski-zimowy-w-jodelke-florence\/","og_locale":"en_GB","og_type":"article","og_title":"P\u0142aszcz damski zimowy w jode\u0142k\u0119 Florence - Talia Fashion","og_description":"P\u0142aszcz damski zimowy w jode\u0142k\u0119 Florence - we\u0142niany i szyty r\u0119cznie w Polsce, z dba\u0142o\u015bci\u0105 o ka\u017cdy szczeg\u00f3\u0142. Ponadczasowa jode\u0142ka i unikatowy fason.","og_url":"https:\/\/talia-fashion.pl\/en\/product\/plaszcz-damski-zimowy-w-jodelke-florence\/","og_site_name":"Talia Fashion","article_modified_time":"2026-02-23T15:44:00+00:00","og_image":[{"width":960,"height":1280,"url":"https:\/\/talia-fashion.pl\/wp-content\/uploads\/2024\/10\/plaszcz-damski-zimowy-jodelka-ocieplany-dwurzedowy-wiazany-960x1280.jpg","type":"image\/jpeg"}],"twitter_card":"summary_large_image","twitter_misc":{"Estimated reading time":"4 minutes"},"schema":{"@context":"https:\/\/schema.org","@graph":[{"@type":"WebPage","@id":"https:\/\/talia-fashion.pl\/produkt\/plaszcz-damski-zimowy-w-jodelke-florence\/","url":"https:\/\/talia-fashion.pl\/produkt\/plaszcz-damski-zimowy-w-jodelke-florence\/","name":"P\u0142aszcz damski zimowy w jode\u0142k\u0119 Florence - Talia Fashion","isPartOf":{"@id":"https:\/\/talia-fashion.pl\/#website"},"primaryImageOfPage":{"@id":"https:\/\/talia-fashion.pl\/produkt\/plaszcz-damski-zimowy-w-jodelke-florence\/#primaryimage"},"image":{"@id":"https:\/\/talia-fashion.pl\/produkt\/plaszcz-damski-zimowy-w-jodelke-florence\/#primaryimage"},"thumbnailUrl":"https:\/\/talia-fashion.pl\/wp-content\/uploads\/2024\/10\/plaszcz-damski-zimowy-jodelka-ocieplany-dwurzedowy-wiazany.jpg","datePublished":"2023-09-10T12:00:06+00:00","dateModified":"2026-02-23T15:44:00+00:00","description":"P\u0142aszcz damski zimowy w jode\u0142k\u0119 Florence - we\u0142niany i szyty r\u0119cznie w Polsce, z dba\u0142o\u015bci\u0105 o ka\u017cdy szczeg\u00f3\u0142. Ponadczasowa jode\u0142ka i unikatowy fason.","breadcrumb":{"@id":"https:\/\/talia-fashion.pl\/produkt\/plaszcz-damski-zimowy-w-jodelke-florence\/#breadcrumb"},"inLanguage":"en-GB","potentialAction":[{"@type":"ReadAction","target":["https:\/\/talia-fashion.pl\/produkt\/plaszcz-damski-zimowy-w-jodelke-florence\/"]}]},{"@type":"ImageObject","inLanguage":"en-GB","@id":"https:\/\/talia-fashion.pl\/produkt\/plaszcz-damski-zimowy-w-jodelke-florence\/#primaryimage","url":"https:\/\/talia-fashion.pl\/wp-content\/uploads\/2024\/10\/plaszcz-damski-zimowy-jodelka-ocieplany-dwurzedowy-wiazany.jpg","contentUrl":"https:\/\/talia-fashion.pl\/wp-content\/uploads\/2024\/10\/plaszcz-damski-zimowy-jodelka-ocieplany-dwurzedowy-wiazany.jpg","width":1500,"height":2000,"caption":"P\u0142aszcz damski zimowy w jode\u0142k\u0119 zapinany dwurz\u0119dowo na dobrane pod kolor guziki. Wi\u0105zany w pasie. Poszerzany ko\u0142nierz w stylu reto. Idealny na zimow\u0105 por\u0119."},{"@type":"BreadcrumbList","@id":"https:\/\/talia-fashion.pl\/produkt\/plaszcz-damski-zimowy-w-jodelke-florence\/#breadcrumb","itemListElement":[{"@type":"ListItem","position":1,"name":"Strona g\u0142\u00f3wna","item":"https:\/\/talia-fashion.pl\/"},{"@type":"ListItem","position":2,"name":"Sklep","item":"https:\/\/talia-fashion.pl\/sklep\/"},{"@type":"ListItem","position":3,"name":"P\u0142aszcz damski zimowy w jode\u0142k\u0119 Florence"}]},{"@type":"WebSite","@id":"https:\/\/talia-fashion.pl\/#website","url":"https:\/\/talia-fashion.pl\/","name":"Talia Fashion","description":"","potentialAction":[{"@type":"SearchAction","target":{"@type":"EntryPoint","urlTemplate":"https:\/\/talia-fashion.pl\/?s={search_term_string}"},"query-input":{"@type":"PropertyValueSpecification","valueRequired":true,"valueName":"search_term_string"}}],"inLanguage":"en-GB"}]}},"_links":{"self":[{"href":"https:\/\/talia-fashion.pl\/en\/wp-json\/wp\/v2\/product\/5009","targetHints":{"allow":["GET"]}}],"collection":[{"href":"https:\/\/talia-fashion.pl\/en\/wp-json\/wp\/v2\/product"}],"about":[{"href":"https:\/\/talia-fashion.pl\/en\/wp-json\/wp\/v2\/types\/product"}],"wp:featuredmedia":[{"embeddable":true,"href":"https:\/\/talia-fashion.pl\/en\/wp-json\/wp\/v2\/media\/790"}],"wp:attachment":[{"href":"https:\/\/talia-fashion.pl\/en\/wp-json\/wp\/v2\/media?parent=5009"}],"wp:term":[{"taxonomy":"product_cat","embeddable":true,"href":"https:\/\/talia-fashion.pl\/en\/wp-json\/wp\/v2\/product_cat?post=5009"},{"taxonomy":"product_tag","embeddable":true,"href":"https:\/\/talia-fashion.pl\/en\/wp-json\/wp\/v2\/product_tag?post=5009"}],"curies":[{"name":"wp","href":"https:\/\/api.w.org\/{rel}","templated":true}]}}