{"id":5001,"date":"2023-09-10T13:08:00","date_gmt":"2023-09-10T11:08:00","guid":{"rendered":"http:\/\/talia-fashion.pl\/produkt\/czarny-dopasowany-dlugi-plaszcz-como\/"},"modified":"2026-02-21T14:05:39","modified_gmt":"2026-02-21T13:05:39","slug":"czarny-dopasowany-dlugi-plaszcz-como","status":"publish","type":"product","link":"https:\/\/talia-fashion.pl\/en\/product\/czarny-dopasowany-dlugi-plaszcz-como\/","title":{"rendered":"Black fitted long coat Como"},"content":{"rendered":"<p><span lang=\"DE\"><strong>Czarny dopasowany d\u0142ugi p\u0142aszcz<\/strong> Como to<strong> minimalistyczny i ikoniczny<\/strong> model w <strong>ponadczasowym kroju i kolorze<\/strong>. Od tego modelu \u015bmia\u0142o mo\u017cesz zacz\u0105\u0107 budowanie swojej szafy kapsu\u0142owej. Czarny klasyczny p\u0142aszcz powinien znale\u017a\u0107 si\u0119 w ka\u017cdej garderobie. Uszyty z przepi\u0119knego, mi\u0119kkiego materia\u0142u z przewag\u0105 we\u0142ny. Przody p\u0142aszcza zosta\u0142y dodatkowo podklejone bardzo delikatn\u0105 klejonk\u0105, stabilizuj\u0105ca w\u0142\u00f3kna, podkre\u015blaj\u0105c\u0105 w\u0142a\u015bciwo\u015bci tkaniny i nadaj\u0105c\u0105 p\u0142aszczowi luksusowego wygl\u0105du. <\/span><span lang=\"DE\">P\u0142aszcz ma klasycznie wszywane r\u0119kawy oraz wyk\u0142adany ko\u0142nierz z klapami. Taliowany ty\u0142 z wysmuklaj\u0105cym rozporkiem, profilowany prz\u00f3d, dwurz\u0119dowe zapi\u0119cie na guziki. Dwie, boczne kieszenie zako\u0144czone listewk\u0105. I ca\u0142o\u015b\u0107 wi\u0105zana paskiem, uszytym z tego samego materia\u0142u. D\u0142ugo\u015b\u0107 do po\u0142owy \u0142ydki. P\u0142aszcz w ca\u0142o\u015bci <strong>insulated<\/strong>including sleeves.<br \/>\n<\/span><\/p>\n<p>Czarny dopasowany d\u0142ugi p\u0142aszcz Como to idealny p\u0142aszcz do tworzenia najr\u00f3\u017cniejszych stylizacji, poniewa\u017c \u0142atwo go dopasowa\u0107 do eleganckich element\u00f3w garderoby, a tak\u017ce do codziennych outfit\u00f3w. Jednakowo zgran\u0105 ca\u0142o\u015b\u0107 tworzy z wytworn\u0105 sukienk\u0105, kozakami i kapeluszem, jak i wygodnymi jeansami, skarpetowymi botkami oraz we\u0142nian\u0105 czapk\u0105.<\/p>\n<p>Pasek \u015bwietnie zbuduje tali\u0119 a podniesiony ko\u0142nierz ochroni przed wiatrem. We\u0142niana tkanina zapewni optymalny komfort termiczny, chroni\u0105c przed ch\u0142odem i wilgoci\u0105. Doskona\u0142a propozycja na zim\u0119, dodaj\u0105ca ka\u017cdej stylizacji wyrafinowanego charakteru. Odkryj nasz czarny dopasowany d\u0142ugi p\u0142aszcz Como i zachwy\u0107 si\u0119 jako\u015bci\u0105 wykonania, ciep\u0142em i mi\u0119kko\u015bci\u0105.<\/p>\n<p>Black fitted long coat Como <strong>skonstruowany zosta\u0142 tak, by optycznie wyszczupla\u0142 i wyd\u0142u\u017ca\u0142 sylwetk\u0119<\/strong>. Jednolity kolor (a ciemny tym bardziej), odpowiednie modelowanie kroju p\u0142aszcza i efekt osi\u0105gni\u0119ty. Ten fason nie zaburza proporcji cia\u0142a i nie przyt\u0142acza sylwetki, dlatego nawet <strong>niskie osoby b\u0119d\u0105 w nim \u015bwietnie wygl\u0105da\u0142y<\/strong>. D\u0142ugi p\u0142aszcz doda im lekko\u015bci i optycznie wyd\u0142u\u017cy. Taki sam efekt zyskamy przy rozpi\u0119tym p\u0142aszczu lub z przewi\u0105zanym na tyle pasku. Je\u015bli jeszcze dodatkowo za\u0142o\u017cymy buty na obcasie, efekt b\u0119dzie wzmocniony. Wi\u0119cej takich ciekawostek znajdziecie w naszym poradniku: <a href=\"https:\/\/talia-fashion.pl\/en\/jak-dobrac-plaszcz-do-sylwetki\/\">How do you choose a coat to suit your figure?<\/a><\/p>\n<p><span lang=\"DE\">Zdj\u0119cie rzeczywiste &#8211; czarny<br \/>\n<\/span><\/p>\n<p>The model is 172cm tall and a size S.<\/p>\n<p>Available colours<span lang=\"DE\">: czarny<br \/>\n<\/span><\/p>\n<p><span lang=\"DE\">The colours of the fabrics are presented in the different coat cuts, in the other auctions and in the\u00a0<a href=\"https:\/\/talia-fashion.pl\/en\/paleta-kolorow\/\">colour palette<\/a>. If in doubt about the colour, please contact us.<\/span><\/p>\n<p><span lang=\"DE\">Available sizes: XS, S, M, L, XL<\/span><\/p>\n<p><span lang=\"DE\">Indicative dimensions:<\/span><\/p>\n<p><span lang=\"DE\">XS &#8211; biust: 86-88 \/ biodra 94-96 \/ d\u0142ugo\u015b\u0107: 118 \/ r\u0119kaw 61<br \/>\nS - bust: 90-92 \/ hips: 98-100 \/ length: 118 \/ sleeve: 62<br \/>\nM &#8211; biust: 94-96\u00a0\u00a0\/ biodra: 102-104 \/ d\u0142ugo\u015b\u0107: 119\/ r\u0119kaw: 62<br \/>\nL &#8211; biust: 98-100 \/ biodra: 106-108 \/ d\u0142ugo\u015b\u0107: 120 \/ r\u0119kaw: 63<br \/>\nXL - bust: 104-106 \/ hips: 112-114 \/ length: 120 \/ sleeve: 64<\/span><\/p>\n<p><span lang=\"DE\">If you are unsure of your size selection, please contact us.<\/span><\/p>\n<p><span lang=\"DE\">Material: 80<\/span><span lang=\"DE\">% wool, 20% polyamide<\/span><\/p>\n<p>Lining: 100% acetate<br \/>\nLike viscose, acetate is produced from cellulose. Acetate yarn can also be made from recycled cellulose such as paper. The acetate lining is excellent at absorbing moisture and permeable to air. It is coated with an antistatic apprettee and is OEKOtex\u00ae Standard 100 certified.<\/p>\n<p>Insulation: 100% non-woven recycled polyester<br \/>\nOur coats are insulated with a compressed thermo-insulating quilted fleece on the lining. The fleece is made from recycled polyester fibres. The material is lightweight, thin and at the same time perfectly insulating. The insulating fleece we use is resistant to moisture (it retains its insulating properties and warming effect even in damp conditions), stops the wind, is hypoallergenic and breathable. It is OEKOtex\u00ae Standard 100 certified.<\/p>\n<p><span lang=\"DE\">Czarny dopasowany d\u0142ugi p\u0142aszcz Como zaprojektowali\u015bmy i uszyli\u015bmy w naszej pracowni, tradycyjnymi, pracoch\u0142onnymi metodami i mn\u00f3stwem w\u0142o\u017conego serca, a jednocze\u015bnie w spos\u00f3b przyjazny \u015brodowisku.<br \/>\n<\/span><\/p>\n<p><strong>Individual order - <\/strong>Some modifications can be made at the client's request: shortening, lengthening of the sleeve, shortening and lengthening of the coat. Cost to be determined individually, after prior contact.<\/p>\n<p><strong>An individual order is not subject to exchange or refund.<\/strong><\/p>\n<p><span lang=\"DE\">The lead time depends on the current stock in the atelier and the availability of the fabric colour. If a given coat is available in the atelier, the order will be fulfilled very quickly - 2-5 working days. If it is necessary to sew the coat or to individualise the order according to the customer's specifications - making alterations or sewing a new coat - the lead time may be extended, up to a maximum of 2 weeks.<\/span><\/p>\n<p>The coat should be dry-cleaned. For frequent refreshing of the coat we recommend the following <a href=\"https:\/\/talia-fashion.pl\/en\/product\/szczotka-do-czyszczenia-i-pielegnacji-plaszcza\/\">Brush for cleaning and care of the coat<\/a>which can be purchased in our shop.  We also encourage you to read our advice on proper care: <a href=\"https:\/\/talia-fashion.pl\/en\/jak-pielegnowac-i-dbac-o-plaszcz\/\">How to care for and maintain coats? \u00a0<\/a>To keep jackets and coats clean, it is often enough to air them regularly and clean them with a dedicated brush. The process is gentler on the fabrics and avoids using water and energy. Remember that by taking care of your clothes you are protecting our environment.<\/p>\n<p>Please be patient, we need to sew this coat for you.<\/p>\n<p>We encourage you to like our fanpage on\u00a0<a href=\"https:\/\/www.facebook.com\/talia.plaszcze\">Facebook<\/a>\u00a0i\u00a0<a href=\"https:\/\/www.instagram.com\/talia_plaszcze\/\">Instagram<\/a><\/p>","protected":false},"excerpt":{"rendered":"<p>Czarny dopasowany d\u0142ugi p\u0142aszcz Como to minimalistyczny i ikoniczny model w ponadczasowym kroju i kolorze. Od tego modelu \u015bmia\u0142o mo\u017cesz zacz\u0105\u0107 budowanie&hellip;<\/p>","protected":false},"featured_media":787,"template":"","meta":{"_acf_changed":false},"product_cat":[36],"product_tag":[89,247,78,119,32,34,121,41,81,42,67,109,43,44,47,75,122,86,123,124,125,69,60,53,275,63,88,126],"class_list":{"0":"post-5001","1":"product","2":"type-product","3":"status-publish","4":"has-post-thumbnail","6":"product_cat-plaszcze-dluzsze","7":"product_tag-cieply","8":"product_tag-czarny-plaszczyk","9":"product_tag-dla-roznych-sylwetek","10":"product_tag-dlugi-plaszcz-zimowy","11":"product_tag-dopasowany-kroj","12":"product_tag-handmade","13":"product_tag-materialy-przyjazne-dla-srodowiska","14":"product_tag-na-podszewce","15":"product_tag-naturalne-materialy","16":"product_tag-nowosc","17":"product_tag-ocieplany","18":"product_tag-plaszcz-camel","19":"product_tag-plaszcz-damski","20":"product_tag-plaszcz-damski-dlugi","21":"product_tag-plaszcz-na-guziki","22":"product_tag-plaszcz-ocieplany","23":"product_tag-plaszcz-szlafrokowy","24":"product_tag-plaszcz-zimowy-ocieplany","25":"product_tag-plaszcze-damskie","26":"product_tag-polska-marka","27":"product_tag-polskie-rzemioslo","28":"product_tag-prochowiec","29":"product_tag-producent-plaszczy-damskich","30":"product_tag-welna","31":"product_tag-welna-z-kaszmirem","32":"product_tag-welniany","33":"product_tag-wiazany","34":"product_tag-wysoka-jakosc","36":"first","37":"instock","38":"shipping-taxable","39":"purchasable","40":"product-type-variable","41":"has-default-attributes"},"acf":[],"yoast_head":"<!-- This site is optimized with the Yoast SEO plugin v25.7 - https:\/\/yoast.com\/wordpress\/plugins\/seo\/ -->\n<title>Czarny dopasowany d\u0142ugi p\u0142aszcz Como - Talia Fashion - p\u0142aszcz zimowy<\/title>\n<meta name=\"description\" content=\"Camelowy d\u0142ugi p\u0142aszcz szlafrokowy - minimalistyczny kr\u00f3j i uniwersalny kolor. \u015awietne po\u0142\u0105czenie elegancji, komfortu i wysokiej jako\u015bci tkaniny. Must have.\" \/>\n<meta name=\"robots\" content=\"index, follow, max-snippet:-1, max-image-preview:large, max-video-preview:-1\" \/>\n<link rel=\"canonical\" href=\"https:\/\/talia-fashion.pl\/en\/product\/czarny-dopasowany-dlugi-plaszcz-como\/\" \/>\n<meta property=\"og:locale\" content=\"en_GB\" \/>\n<meta property=\"og:type\" content=\"article\" \/>\n<meta property=\"og:title\" content=\"Czarny dopasowany d\u0142ugi p\u0142aszcz Como - Talia Fashion - p\u0142aszcz zimowy\" \/>\n<meta property=\"og:description\" content=\"Camelowy d\u0142ugi p\u0142aszcz szlafrokowy - minimalistyczny kr\u00f3j i uniwersalny kolor. \u015awietne po\u0142\u0105czenie elegancji, komfortu i wysokiej jako\u015bci tkaniny. Must have.\" \/>\n<meta property=\"og:url\" content=\"https:\/\/talia-fashion.pl\/en\/product\/czarny-dopasowany-dlugi-plaszcz-como\/\" \/>\n<meta property=\"og:site_name\" content=\"Talia Fashion\" \/>\n<meta property=\"article:modified_time\" content=\"2026-02-21T13:05:39+00:00\" \/>\n<meta property=\"og:image\" content=\"https:\/\/talia-fashion.pl\/wp-content\/uploads\/2024\/10\/czarny-dopasowany-dlugi-plaszcz-welniany-zimowy-wiazany-kolnierz-rewers-960x1280.jpg\" \/>\n\t<meta property=\"og:image:width\" content=\"960\" \/>\n\t<meta property=\"og:image:height\" content=\"1280\" \/>\n\t<meta property=\"og:image:type\" content=\"image\/jpeg\" \/>\n<meta name=\"twitter:card\" content=\"summary_large_image\" \/>\n<meta name=\"twitter:label1\" content=\"Estimated reading time\" \/>\n\t<meta name=\"twitter:data1\" content=\"4 minutes\" \/>\n<script type=\"application\/ld+json\" class=\"yoast-schema-graph\">{\"@context\":\"https:\/\/schema.org\",\"@graph\":[{\"@type\":\"WebPage\",\"@id\":\"https:\/\/talia-fashion.pl\/produkt\/czarny-dopasowany-dlugi-plaszcz-como\/\",\"url\":\"https:\/\/talia-fashion.pl\/produkt\/czarny-dopasowany-dlugi-plaszcz-como\/\",\"name\":\"Czarny dopasowany d\u0142ugi p\u0142aszcz Como - Talia Fashion - p\u0142aszcz zimowy\",\"isPartOf\":{\"@id\":\"https:\/\/talia-fashion.pl\/#website\"},\"primaryImageOfPage\":{\"@id\":\"https:\/\/talia-fashion.pl\/produkt\/czarny-dopasowany-dlugi-plaszcz-como\/#primaryimage\"},\"image\":{\"@id\":\"https:\/\/talia-fashion.pl\/produkt\/czarny-dopasowany-dlugi-plaszcz-como\/#primaryimage\"},\"thumbnailUrl\":\"https:\/\/talia-fashion.pl\/wp-content\/uploads\/2024\/10\/czarny-dopasowany-dlugi-plaszcz-welniany-zimowy-wiazany-kolnierz-rewers.jpg\",\"datePublished\":\"2023-09-10T11:08:00+00:00\",\"dateModified\":\"2026-02-21T13:05:39+00:00\",\"description\":\"Camelowy d\u0142ugi p\u0142aszcz szlafrokowy - minimalistyczny kr\u00f3j i uniwersalny kolor. \u015awietne po\u0142\u0105czenie elegancji, komfortu i wysokiej jako\u015bci tkaniny. Must have.\",\"breadcrumb\":{\"@id\":\"https:\/\/talia-fashion.pl\/produkt\/czarny-dopasowany-dlugi-plaszcz-como\/#breadcrumb\"},\"inLanguage\":\"en-GB\",\"potentialAction\":[{\"@type\":\"ReadAction\",\"target\":[\"https:\/\/talia-fashion.pl\/produkt\/czarny-dopasowany-dlugi-plaszcz-como\/\"]}]},{\"@type\":\"ImageObject\",\"inLanguage\":\"en-GB\",\"@id\":\"https:\/\/talia-fashion.pl\/produkt\/czarny-dopasowany-dlugi-plaszcz-como\/#primaryimage\",\"url\":\"https:\/\/talia-fashion.pl\/wp-content\/uploads\/2024\/10\/czarny-dopasowany-dlugi-plaszcz-welniany-zimowy-wiazany-kolnierz-rewers.jpg\",\"contentUrl\":\"https:\/\/talia-fashion.pl\/wp-content\/uploads\/2024\/10\/czarny-dopasowany-dlugi-plaszcz-welniany-zimowy-wiazany-kolnierz-rewers.jpg\",\"width\":1500,\"height\":2000,\"caption\":\"Czarny, dopasowany d\u0142ugi p\u0142aszcz zimowy z tkaniny z przewag\u0105 we\u0142ny. Zapinany dwurz\u0119dowo, wi\u0105zany. Minimalistyczny kr\u00f3j i bazowe kolory.\"},{\"@type\":\"BreadcrumbList\",\"@id\":\"https:\/\/talia-fashion.pl\/produkt\/czarny-dopasowany-dlugi-plaszcz-como\/#breadcrumb\",\"itemListElement\":[{\"@type\":\"ListItem\",\"position\":1,\"name\":\"Strona g\u0142\u00f3wna\",\"item\":\"https:\/\/talia-fashion.pl\/\"},{\"@type\":\"ListItem\",\"position\":2,\"name\":\"Sklep\",\"item\":\"https:\/\/talia-fashion.pl\/sklep\/\"},{\"@type\":\"ListItem\",\"position\":3,\"name\":\"Czarny dopasowany d\u0142ugi p\u0142aszcz Como\"}]},{\"@type\":\"WebSite\",\"@id\":\"https:\/\/talia-fashion.pl\/#website\",\"url\":\"https:\/\/talia-fashion.pl\/\",\"name\":\"Talia Fashion\",\"description\":\"\",\"potentialAction\":[{\"@type\":\"SearchAction\",\"target\":{\"@type\":\"EntryPoint\",\"urlTemplate\":\"https:\/\/talia-fashion.pl\/?s={search_term_string}\"},\"query-input\":{\"@type\":\"PropertyValueSpecification\",\"valueRequired\":true,\"valueName\":\"search_term_string\"}}],\"inLanguage\":\"en-GB\"}]}<\/script>\n<!-- \/ Yoast SEO plugin. -->","yoast_head_json":{"title":"Czarny dopasowany d\u0142ugi p\u0142aszcz Como - Talia Fashion - p\u0142aszcz zimowy","description":"Camelowy d\u0142ugi p\u0142aszcz szlafrokowy - minimalistyczny kr\u00f3j i uniwersalny kolor. \u015awietne po\u0142\u0105czenie elegancji, komfortu i wysokiej jako\u015bci tkaniny. Must have.","robots":{"index":"index","follow":"follow","max-snippet":"max-snippet:-1","max-image-preview":"max-image-preview:large","max-video-preview":"max-video-preview:-1"},"canonical":"https:\/\/talia-fashion.pl\/en\/product\/czarny-dopasowany-dlugi-plaszcz-como\/","og_locale":"en_GB","og_type":"article","og_title":"Czarny dopasowany d\u0142ugi p\u0142aszcz Como - Talia Fashion - p\u0142aszcz zimowy","og_description":"Camelowy d\u0142ugi p\u0142aszcz szlafrokowy - minimalistyczny kr\u00f3j i uniwersalny kolor. \u015awietne po\u0142\u0105czenie elegancji, komfortu i wysokiej jako\u015bci tkaniny. Must have.","og_url":"https:\/\/talia-fashion.pl\/en\/product\/czarny-dopasowany-dlugi-plaszcz-como\/","og_site_name":"Talia Fashion","article_modified_time":"2026-02-21T13:05:39+00:00","og_image":[{"width":960,"height":1280,"url":"https:\/\/talia-fashion.pl\/wp-content\/uploads\/2024\/10\/czarny-dopasowany-dlugi-plaszcz-welniany-zimowy-wiazany-kolnierz-rewers-960x1280.jpg","type":"image\/jpeg"}],"twitter_card":"summary_large_image","twitter_misc":{"Estimated reading time":"4 minutes"},"schema":{"@context":"https:\/\/schema.org","@graph":[{"@type":"WebPage","@id":"https:\/\/talia-fashion.pl\/produkt\/czarny-dopasowany-dlugi-plaszcz-como\/","url":"https:\/\/talia-fashion.pl\/produkt\/czarny-dopasowany-dlugi-plaszcz-como\/","name":"Czarny dopasowany d\u0142ugi p\u0142aszcz Como - Talia Fashion - p\u0142aszcz zimowy","isPartOf":{"@id":"https:\/\/talia-fashion.pl\/#website"},"primaryImageOfPage":{"@id":"https:\/\/talia-fashion.pl\/produkt\/czarny-dopasowany-dlugi-plaszcz-como\/#primaryimage"},"image":{"@id":"https:\/\/talia-fashion.pl\/produkt\/czarny-dopasowany-dlugi-plaszcz-como\/#primaryimage"},"thumbnailUrl":"https:\/\/talia-fashion.pl\/wp-content\/uploads\/2024\/10\/czarny-dopasowany-dlugi-plaszcz-welniany-zimowy-wiazany-kolnierz-rewers.jpg","datePublished":"2023-09-10T11:08:00+00:00","dateModified":"2026-02-21T13:05:39+00:00","description":"Camelowy d\u0142ugi p\u0142aszcz szlafrokowy - minimalistyczny kr\u00f3j i uniwersalny kolor. \u015awietne po\u0142\u0105czenie elegancji, komfortu i wysokiej jako\u015bci tkaniny. Must have.","breadcrumb":{"@id":"https:\/\/talia-fashion.pl\/produkt\/czarny-dopasowany-dlugi-plaszcz-como\/#breadcrumb"},"inLanguage":"en-GB","potentialAction":[{"@type":"ReadAction","target":["https:\/\/talia-fashion.pl\/produkt\/czarny-dopasowany-dlugi-plaszcz-como\/"]}]},{"@type":"ImageObject","inLanguage":"en-GB","@id":"https:\/\/talia-fashion.pl\/produkt\/czarny-dopasowany-dlugi-plaszcz-como\/#primaryimage","url":"https:\/\/talia-fashion.pl\/wp-content\/uploads\/2024\/10\/czarny-dopasowany-dlugi-plaszcz-welniany-zimowy-wiazany-kolnierz-rewers.jpg","contentUrl":"https:\/\/talia-fashion.pl\/wp-content\/uploads\/2024\/10\/czarny-dopasowany-dlugi-plaszcz-welniany-zimowy-wiazany-kolnierz-rewers.jpg","width":1500,"height":2000,"caption":"Czarny, dopasowany d\u0142ugi p\u0142aszcz zimowy z tkaniny z przewag\u0105 we\u0142ny. Zapinany dwurz\u0119dowo, wi\u0105zany. Minimalistyczny kr\u00f3j i bazowe kolory."},{"@type":"BreadcrumbList","@id":"https:\/\/talia-fashion.pl\/produkt\/czarny-dopasowany-dlugi-plaszcz-como\/#breadcrumb","itemListElement":[{"@type":"ListItem","position":1,"name":"Strona g\u0142\u00f3wna","item":"https:\/\/talia-fashion.pl\/"},{"@type":"ListItem","position":2,"name":"Sklep","item":"https:\/\/talia-fashion.pl\/sklep\/"},{"@type":"ListItem","position":3,"name":"Czarny dopasowany d\u0142ugi p\u0142aszcz Como"}]},{"@type":"WebSite","@id":"https:\/\/talia-fashion.pl\/#website","url":"https:\/\/talia-fashion.pl\/","name":"Talia Fashion","description":"","potentialAction":[{"@type":"SearchAction","target":{"@type":"EntryPoint","urlTemplate":"https:\/\/talia-fashion.pl\/?s={search_term_string}"},"query-input":{"@type":"PropertyValueSpecification","valueRequired":true,"valueName":"search_term_string"}}],"inLanguage":"en-GB"}]}},"_links":{"self":[{"href":"https:\/\/talia-fashion.pl\/en\/wp-json\/wp\/v2\/product\/5001","targetHints":{"allow":["GET"]}}],"collection":[{"href":"https:\/\/talia-fashion.pl\/en\/wp-json\/wp\/v2\/product"}],"about":[{"href":"https:\/\/talia-fashion.pl\/en\/wp-json\/wp\/v2\/types\/product"}],"wp:featuredmedia":[{"embeddable":true,"href":"https:\/\/talia-fashion.pl\/en\/wp-json\/wp\/v2\/media\/787"}],"wp:attachment":[{"href":"https:\/\/talia-fashion.pl\/en\/wp-json\/wp\/v2\/media?parent=5001"}],"wp:term":[{"taxonomy":"product_cat","embeddable":true,"href":"https:\/\/talia-fashion.pl\/en\/wp-json\/wp\/v2\/product_cat?post=5001"},{"taxonomy":"product_tag","embeddable":true,"href":"https:\/\/talia-fashion.pl\/en\/wp-json\/wp\/v2\/product_tag?post=5001"}],"curies":[{"name":"wp","href":"https:\/\/api.w.org\/{rel}","templated":true}]}}