{"id":4991,"date":"2023-09-10T06:25:17","date_gmt":"2023-09-10T04:25:17","guid":{"rendered":"http:\/\/talia-fashion.pl\/produkt\/szara-welniana-dyplomatka-zimowa-mia\/"},"modified":"2026-02-12T15:17:35","modified_gmt":"2026-02-12T14:17:35","slug":"szara-welniana-dyplomatka-zimowa-mia","status":"publish","type":"product","link":"https:\/\/talia-fashion.pl\/en\/product\/szara-welniana-dyplomatka-zimowa-mia\/","title":{"rendered":"Grey wool-blend Mia winter dress"},"content":{"rendered":"<p>The grey woolen Mia winter coat is a stylish double-breasted winter coat in a versatile colour. Simple, classic cut, double-breasted fastening with contrasting buttons. Long, classically sewn-in sleeves. Cuffs decorated with sewn-on buttons. Straight shoulder line. Model without belt. Side slanted pockets, finished with stripes, topped with decorative patches. The back of the coat is gently waisted, with an opening at the bottom. Pointed collar flaps - the reverse is lined, forming a pointed neckline. Fully insulated coat, ideal for winter.<\/p>\n<p>The grey Mia will perfectly suit women who like simple and functional cuts. It is a base model, a must-have item in a capsule wardrobe. Tube trousers or, very fashionable recently, trousers with wide legs, short skirts will go perfectly with our model. You can also wear the coat unbuttoned, Mia looks great and will make your silhouette longer and slimmer. The grey of the coat is the perfect backdrop for accessories, which you are free to choose from. Colourful or even patterned, it's up to you what you like to wear. If you want an austere look, add high boots, a turtleneck in a similar colour and leather gloves. And there you have it!<\/p>\n<p>On our tab <a href=\"https:\/\/talia-fashion.pl\/en\/jak-dobrac-plaszcz-do-sylwetki\/\">How do you choose a coat to suit your figure?<\/a> we have included some tips on what to look for when choosing a coat cut.<\/p>\n<p><span lang=\"DE\">Actual photo - grey<\/span><br \/>\nAvailable colours: grey (XS, XL only), light camel (XS, S only)<br \/>\n<span lang=\"DE\">The fabric colours are presented in our <a href=\"https:\/\/talia-fashion.pl\/en\/paleta-kolorow\/\">Colour palette<\/a> as well as in the models of other coats, in the other auctions. <\/span><span lang=\"DE\">If in doubt about the colour, please contact us.<\/span><\/p>\n<p><span lang=\"DE\">Available sizes: XS, S, M, L, XL<\/span><\/p>\n<p><span lang=\"DE\">Indicative dimensions:<\/span><br \/>\nXS - bust: 84-86 \/ hips: 92-94 \/ length: 100 \/ shoulder width 34.5-35 \/ sleeve: 61<br \/>\n<span lang=\"DE\">S - bust: 88-90 \/ hips: 96-98 \/ length: 100 \/ shoulder width 35.5-36 \/ sleeve: 61<\/span><br \/>\n<span lang=\"DE\">M - bust: 92-94 \/ hips: 100-102 \/ length: 100 \/ shoulder width 37-37.5 \/ sleeve: 62<\/span><br \/>\n<span lang=\"DE\">L - bust: 96-98 \/ hips: 104-106 \/ length: 101 \/ shoulder width 39.5-40 \/ sleeve: 63<\/span><br \/>\nXL - bust: 102-104 \/ hips: 110-112 \/ length: 101 \/\u00a0<span lang=\"DE\">shoulder width 42-42.5 \/\u00a0<\/span>sleeve: 64<\/p>\n<p>We have included how to interpret the above size chart and tips on how to measure yourself in our tab:\u00a0 <a href=\"https:\/\/talia-fashion.pl\/en\/jak-dobrac-rozmiar\/\">How to choose a size?<\/a><\/p>\n<p><span lang=\"DE\">Grey material: 80% wool, 20% polyamide<br \/>\n<\/span><\/p>\n<p><span lang=\"DE\">Material light camel: 80% wool, 20% polyamide<\/span><br \/>\nLining: 100% acetate<\/p>\n<p>Like viscose, acetate is produced from cellulose. Acetate yarn can also be made from recycled cellulose such as paper. The acetate lining is excellent at absorbing moisture and allowing air to pass through. It is coated with an antistatic apprettee and is OEKOtex\u00ae Standard 100 certified.<\/p>\n<p>Insulation: 100% non-woven recycled polyester<br \/>\nOur coats are insulated with a compressed thermo-insulating quilted fleece on the lining. The fleece is made from recycled polyester fibres. The material is lightweight, thin and at the same time perfectly insulating. The insulating fleece we use is resistant to moisture (it retains its insulating properties and warming effect even in damp conditions), stops the wind, is hypoallergenic and breathable. It is OEKOtex\u00ae Standard 100 certified.<\/p>\n<p><span lang=\"DE\">The grey woollen Mia winter dress is sewn by us in our family workshop in Poznan. It is a model designed in our tailor shop, where we have been operating transparently and sustainably since 1988, with traditional and labour-intensive methods. We put a lot of heart and work into each of our coats to refine it to the smallest detail.<br \/>\n<\/span><\/p>\n<p><strong>Individual order - <\/strong>All our coats are made from start to finish in our workshop, hence there is the possibility of certain modifications at the client's request: shortening, lengthening of the sleeves, shortening and lengthening of the coat. The cost is determined individually, after prior contact.<\/p>\n<p><strong>An individual order is not subject to exchange or refund.<\/strong><\/p>\n<p>The Mia coat should be dry-cleaned. To refresh the wool in the privacy of your home, we recommend the following <a href=\"https:\/\/talia-fashion.pl\/en\/product\/szczotka-do-czyszczenia-i-pielegnacji-plaszcza\/\">Brush for cleaning and care of the coat<\/a> which can be purchased in our shop. Taking care of your garments not only allows you to enjoy them longer, but also contributes to the environment. Take advantage of our advice and see <a href=\"https:\/\/talia-fashion.pl\/en\/jak-pielegnowac-i-dbac-o-plaszcz\/\">How to nurture and care for the coat?<\/a><\/p>\n<p><span lang=\"DE\">The lead time depends on the company's current stock and the availability of the fabric colour in question. If a particular coat is available in the atelier, the order will be processed very quickly 2-5 working days. If it is necessary to sew the coat or to individualise the order - making alterations or sewing a new coat - the lead time may be extended, up to a maximum of 2 weeks.<\/span><\/p>\n<p>We practice traditional tailoring and avoid overproduction, so we do not sew coats for stock. So please be patient while waiting to receive your parcel, sometimes you have to wait a while:) We make every effort to keep the delivery time as short as possible.<br \/>\nThank you for supporting indigenous crafts and local family businesses.<\/p>\n<p>If you would like to keep up to date, we invite you to like our profile on<a href=\"https:\/\/www.facebook.com\/talia.plaszcze\"> Facebook<\/a> i <a href=\"https:\/\/www.instagram.com\/talia_plaszcze\/\">Instagram<\/a>.<\/p>","protected":false},"excerpt":{"rendered":"<p>Szara we\u0142niana dyplomatka zimowa Mia to stylowy dwurz\u0119dowy p\u0142aszcz zimowy w uniwersalnym kolorze. Prosty, klasyczny kr\u00f3j, dwurz\u0119dowe zapi\u0119cie na kontrastuj\u0105ce guziki. R\u0119kawy&hellip;<\/p>","protected":false},"featured_media":781,"template":"","meta":{"_acf_changed":false},"product_cat":[36],"product_tag":[89,119,33,37,34,39,40,42,67,43,44,91,45,46,68,96,47,75,85,50,95,86,60,51,152,53,63,147],"class_list":{"0":"post-4991","1":"product","2":"type-product","3":"status-publish","4":"has-post-thumbnail","6":"product_cat-plaszcze-dluzsze","7":"product_tag-cieply","8":"product_tag-dlugi-plaszcz-zimowy","9":"product_tag-dwurzedowy","10":"product_tag-dyplomatka","11":"product_tag-handmade","12":"product_tag-klasyczny","13":"product_tag-kolnierz","14":"product_tag-nowosc","15":"product_tag-ocieplany","16":"product_tag-plaszcz-damski","17":"product_tag-plaszcz-damski-dlugi","18":"product_tag-plaszcz-damski-zimowy","19":"product_tag-plaszcz-dlugi","20":"product_tag-plaszcz-dwurzedowy","21":"product_tag-plaszcz-jesienny","22":"product_tag-plaszcz-na-chlodne-dni","23":"product_tag-plaszcz-na-guziki","24":"product_tag-plaszcz-ocieplany","25":"product_tag-plaszcz-welniany","26":"product_tag-plaszcz-z-rewersem","27":"product_tag-plaszcz-zimowy","28":"product_tag-plaszcz-zimowy-ocieplany","29":"product_tag-producent-plaszczy-damskich","30":"product_tag-prosty","31":"product_tag-szary","32":"product_tag-welna","33":"product_tag-welniany","34":"product_tag-zrownowazona-produkcja","36":"first","37":"instock","38":"shipping-taxable","39":"purchasable","40":"product-type-variable","41":"has-default-attributes"},"acf":[],"yoast_head":"<!-- This site is optimized with the Yoast SEO plugin v25.7 - https:\/\/yoast.com\/wordpress\/plugins\/seo\/ -->\n<title>Szara we\u0142niana dyplomatka zimowa Mia - Talia Fashion - zimowy p\u0142aszcz damski<\/title>\n<meta name=\"description\" content=\"Szara we\u0142niana dyplomatka zimowa Mia - klasyczny dwurz\u0119dowy p\u0142aszcz we\u0142niany w pi\u0119knym i stonowanym kolorze. Ciep\u0142y p\u0142aszcz w ca\u0142o\u015bci szyty w Polsce.\" \/>\n<meta name=\"robots\" content=\"index, follow, max-snippet:-1, max-image-preview:large, max-video-preview:-1\" \/>\n<link rel=\"canonical\" href=\"https:\/\/talia-fashion.pl\/en\/product\/szara-welniana-dyplomatka-zimowa-mia\/\" \/>\n<meta property=\"og:locale\" content=\"en_GB\" \/>\n<meta property=\"og:type\" content=\"article\" \/>\n<meta property=\"og:title\" content=\"Szara we\u0142niana dyplomatka zimowa Mia - Talia Fashion - zimowy p\u0142aszcz damski\" \/>\n<meta property=\"og:description\" content=\"Szara we\u0142niana dyplomatka zimowa Mia - klasyczny dwurz\u0119dowy p\u0142aszcz we\u0142niany w pi\u0119knym i stonowanym kolorze. Ciep\u0142y p\u0142aszcz w ca\u0142o\u015bci szyty w Polsce.\" \/>\n<meta property=\"og:url\" content=\"https:\/\/talia-fashion.pl\/en\/product\/szara-welniana-dyplomatka-zimowa-mia\/\" \/>\n<meta property=\"og:site_name\" content=\"Talia Fashion\" \/>\n<meta property=\"article:modified_time\" content=\"2026-02-12T14:17:35+00:00\" \/>\n<meta property=\"og:image\" content=\"https:\/\/talia-fashion.pl\/wp-content\/uploads\/2024\/10\/dyplomatka-dwurzedowa-szara-welniana-zimowa-kontrastowe-guziki.jpg\" \/>\n\t<meta property=\"og:image:width\" content=\"1500\" \/>\n\t<meta property=\"og:image:height\" content=\"2000\" \/>\n\t<meta property=\"og:image:type\" content=\"image\/jpeg\" \/>\n<meta name=\"twitter:card\" content=\"summary_large_image\" \/>\n<meta name=\"twitter:label1\" content=\"Estimated reading time\" \/>\n\t<meta name=\"twitter:data1\" content=\"4 minutes\" \/>\n<script type=\"application\/ld+json\" class=\"yoast-schema-graph\">{\"@context\":\"https:\/\/schema.org\",\"@graph\":[{\"@type\":\"WebPage\",\"@id\":\"https:\/\/talia-fashion.pl\/produkt\/szara-welniana-dyplomatka-zimowa-mia\/\",\"url\":\"https:\/\/talia-fashion.pl\/produkt\/szara-welniana-dyplomatka-zimowa-mia\/\",\"name\":\"Szara we\u0142niana dyplomatka zimowa Mia - Talia Fashion - zimowy p\u0142aszcz damski\",\"isPartOf\":{\"@id\":\"https:\/\/talia-fashion.pl\/#website\"},\"primaryImageOfPage\":{\"@id\":\"https:\/\/talia-fashion.pl\/produkt\/szara-welniana-dyplomatka-zimowa-mia\/#primaryimage\"},\"image\":{\"@id\":\"https:\/\/talia-fashion.pl\/produkt\/szara-welniana-dyplomatka-zimowa-mia\/#primaryimage\"},\"thumbnailUrl\":\"https:\/\/talia-fashion.pl\/wp-content\/uploads\/2024\/10\/dyplomatka-dwurzedowa-szara-welniana-zimowa-kontrastowe-guziki.jpg\",\"datePublished\":\"2023-09-10T04:25:17+00:00\",\"dateModified\":\"2026-02-12T14:17:35+00:00\",\"description\":\"Szara we\u0142niana dyplomatka zimowa Mia - klasyczny dwurz\u0119dowy p\u0142aszcz we\u0142niany w pi\u0119knym i stonowanym kolorze. Ciep\u0142y p\u0142aszcz w ca\u0142o\u015bci szyty w Polsce.\",\"breadcrumb\":{\"@id\":\"https:\/\/talia-fashion.pl\/produkt\/szara-welniana-dyplomatka-zimowa-mia\/#breadcrumb\"},\"inLanguage\":\"en-GB\",\"potentialAction\":[{\"@type\":\"ReadAction\",\"target\":[\"https:\/\/talia-fashion.pl\/produkt\/szara-welniana-dyplomatka-zimowa-mia\/\"]}]},{\"@type\":\"ImageObject\",\"inLanguage\":\"en-GB\",\"@id\":\"https:\/\/talia-fashion.pl\/produkt\/szara-welniana-dyplomatka-zimowa-mia\/#primaryimage\",\"url\":\"https:\/\/talia-fashion.pl\/wp-content\/uploads\/2024\/10\/dyplomatka-dwurzedowa-szara-welniana-zimowa-kontrastowe-guziki.jpg\",\"contentUrl\":\"https:\/\/talia-fashion.pl\/wp-content\/uploads\/2024\/10\/dyplomatka-dwurzedowa-szara-welniana-zimowa-kontrastowe-guziki.jpg\",\"width\":1500,\"height\":2000,\"caption\":\"Szara we\u0142niana dyplomatka zimowa zapinana dwurz\u0119dowo na guziki. Bazowy kolor i minimalistyczny kr\u00f3j. Dopracowany w ka\u017cdym detalu. Uszyty w naszej pracowni.\"},{\"@type\":\"BreadcrumbList\",\"@id\":\"https:\/\/talia-fashion.pl\/produkt\/szara-welniana-dyplomatka-zimowa-mia\/#breadcrumb\",\"itemListElement\":[{\"@type\":\"ListItem\",\"position\":1,\"name\":\"Strona g\u0142\u00f3wna\",\"item\":\"https:\/\/talia-fashion.pl\/\"},{\"@type\":\"ListItem\",\"position\":2,\"name\":\"Sklep\",\"item\":\"https:\/\/talia-fashion.pl\/sklep\/\"},{\"@type\":\"ListItem\",\"position\":3,\"name\":\"Szara we\u0142niana dyplomatka zimowa Mia\"}]},{\"@type\":\"WebSite\",\"@id\":\"https:\/\/talia-fashion.pl\/#website\",\"url\":\"https:\/\/talia-fashion.pl\/\",\"name\":\"Talia Fashion\",\"description\":\"\",\"potentialAction\":[{\"@type\":\"SearchAction\",\"target\":{\"@type\":\"EntryPoint\",\"urlTemplate\":\"https:\/\/talia-fashion.pl\/?s={search_term_string}\"},\"query-input\":{\"@type\":\"PropertyValueSpecification\",\"valueRequired\":true,\"valueName\":\"search_term_string\"}}],\"inLanguage\":\"en-GB\"}]}<\/script>\n<!-- \/ Yoast SEO plugin. -->","yoast_head_json":{"title":"Szara we\u0142niana dyplomatka zimowa Mia - Talia Fashion - zimowy p\u0142aszcz damski","description":"Szara we\u0142niana dyplomatka zimowa Mia - klasyczny dwurz\u0119dowy p\u0142aszcz we\u0142niany w pi\u0119knym i stonowanym kolorze. Ciep\u0142y p\u0142aszcz w ca\u0142o\u015bci szyty w Polsce.","robots":{"index":"index","follow":"follow","max-snippet":"max-snippet:-1","max-image-preview":"max-image-preview:large","max-video-preview":"max-video-preview:-1"},"canonical":"https:\/\/talia-fashion.pl\/en\/product\/szara-welniana-dyplomatka-zimowa-mia\/","og_locale":"en_GB","og_type":"article","og_title":"Szara we\u0142niana dyplomatka zimowa Mia - Talia Fashion - zimowy p\u0142aszcz damski","og_description":"Szara we\u0142niana dyplomatka zimowa Mia - klasyczny dwurz\u0119dowy p\u0142aszcz we\u0142niany w pi\u0119knym i stonowanym kolorze. Ciep\u0142y p\u0142aszcz w ca\u0142o\u015bci szyty w Polsce.","og_url":"https:\/\/talia-fashion.pl\/en\/product\/szara-welniana-dyplomatka-zimowa-mia\/","og_site_name":"Talia Fashion","article_modified_time":"2026-02-12T14:17:35+00:00","og_image":[{"width":1500,"height":2000,"url":"https:\/\/talia-fashion.pl\/wp-content\/uploads\/2024\/10\/dyplomatka-dwurzedowa-szara-welniana-zimowa-kontrastowe-guziki.jpg","type":"image\/jpeg"}],"twitter_card":"summary_large_image","twitter_misc":{"Estimated reading time":"4 minutes"},"schema":{"@context":"https:\/\/schema.org","@graph":[{"@type":"WebPage","@id":"https:\/\/talia-fashion.pl\/produkt\/szara-welniana-dyplomatka-zimowa-mia\/","url":"https:\/\/talia-fashion.pl\/produkt\/szara-welniana-dyplomatka-zimowa-mia\/","name":"Szara we\u0142niana dyplomatka zimowa Mia - Talia Fashion - zimowy p\u0142aszcz damski","isPartOf":{"@id":"https:\/\/talia-fashion.pl\/#website"},"primaryImageOfPage":{"@id":"https:\/\/talia-fashion.pl\/produkt\/szara-welniana-dyplomatka-zimowa-mia\/#primaryimage"},"image":{"@id":"https:\/\/talia-fashion.pl\/produkt\/szara-welniana-dyplomatka-zimowa-mia\/#primaryimage"},"thumbnailUrl":"https:\/\/talia-fashion.pl\/wp-content\/uploads\/2024\/10\/dyplomatka-dwurzedowa-szara-welniana-zimowa-kontrastowe-guziki.jpg","datePublished":"2023-09-10T04:25:17+00:00","dateModified":"2026-02-12T14:17:35+00:00","description":"Szara we\u0142niana dyplomatka zimowa Mia - klasyczny dwurz\u0119dowy p\u0142aszcz we\u0142niany w pi\u0119knym i stonowanym kolorze. Ciep\u0142y p\u0142aszcz w ca\u0142o\u015bci szyty w Polsce.","breadcrumb":{"@id":"https:\/\/talia-fashion.pl\/produkt\/szara-welniana-dyplomatka-zimowa-mia\/#breadcrumb"},"inLanguage":"en-GB","potentialAction":[{"@type":"ReadAction","target":["https:\/\/talia-fashion.pl\/produkt\/szara-welniana-dyplomatka-zimowa-mia\/"]}]},{"@type":"ImageObject","inLanguage":"en-GB","@id":"https:\/\/talia-fashion.pl\/produkt\/szara-welniana-dyplomatka-zimowa-mia\/#primaryimage","url":"https:\/\/talia-fashion.pl\/wp-content\/uploads\/2024\/10\/dyplomatka-dwurzedowa-szara-welniana-zimowa-kontrastowe-guziki.jpg","contentUrl":"https:\/\/talia-fashion.pl\/wp-content\/uploads\/2024\/10\/dyplomatka-dwurzedowa-szara-welniana-zimowa-kontrastowe-guziki.jpg","width":1500,"height":2000,"caption":"Szara we\u0142niana dyplomatka zimowa zapinana dwurz\u0119dowo na guziki. Bazowy kolor i minimalistyczny kr\u00f3j. Dopracowany w ka\u017cdym detalu. Uszyty w naszej pracowni."},{"@type":"BreadcrumbList","@id":"https:\/\/talia-fashion.pl\/produkt\/szara-welniana-dyplomatka-zimowa-mia\/#breadcrumb","itemListElement":[{"@type":"ListItem","position":1,"name":"Strona g\u0142\u00f3wna","item":"https:\/\/talia-fashion.pl\/"},{"@type":"ListItem","position":2,"name":"Sklep","item":"https:\/\/talia-fashion.pl\/sklep\/"},{"@type":"ListItem","position":3,"name":"Szara we\u0142niana dyplomatka zimowa Mia"}]},{"@type":"WebSite","@id":"https:\/\/talia-fashion.pl\/#website","url":"https:\/\/talia-fashion.pl\/","name":"Talia Fashion","description":"","potentialAction":[{"@type":"SearchAction","target":{"@type":"EntryPoint","urlTemplate":"https:\/\/talia-fashion.pl\/?s={search_term_string}"},"query-input":{"@type":"PropertyValueSpecification","valueRequired":true,"valueName":"search_term_string"}}],"inLanguage":"en-GB"}]}},"_links":{"self":[{"href":"https:\/\/talia-fashion.pl\/en\/wp-json\/wp\/v2\/product\/4991","targetHints":{"allow":["GET"]}}],"collection":[{"href":"https:\/\/talia-fashion.pl\/en\/wp-json\/wp\/v2\/product"}],"about":[{"href":"https:\/\/talia-fashion.pl\/en\/wp-json\/wp\/v2\/types\/product"}],"wp:featuredmedia":[{"embeddable":true,"href":"https:\/\/talia-fashion.pl\/en\/wp-json\/wp\/v2\/media\/781"}],"wp:attachment":[{"href":"https:\/\/talia-fashion.pl\/en\/wp-json\/wp\/v2\/media?parent=4991"}],"wp:term":[{"taxonomy":"product_cat","embeddable":true,"href":"https:\/\/talia-fashion.pl\/en\/wp-json\/wp\/v2\/product_cat?post=4991"},{"taxonomy":"product_tag","embeddable":true,"href":"https:\/\/talia-fashion.pl\/en\/wp-json\/wp\/v2\/product_tag?post=4991"}],"curies":[{"name":"wp","href":"https:\/\/api.w.org\/{rel}","templated":true}]}}