{"id":4980,"date":"2023-09-09T12:35:36","date_gmt":"2023-09-09T10:35:36","guid":{"rendered":"http:\/\/talia-fashion.pl\/produkt\/czarny-melanzowy-plaszcz-welniany-vivienne\/"},"modified":"2026-03-29T17:56:07","modified_gmt":"2026-03-29T15:56:07","slug":"czarny-melanzowy-plaszcz-welniany-vivienne","status":"publish","type":"product","link":"https:\/\/talia-fashion.pl\/en\/product\/czarny-melanzowy-plaszcz-welniany-vivienne\/","title":{"rendered":"Black melange wool coat by Vivienne"},"content":{"rendered":"<p>Czarny melan\u017cowy p\u0142aszcz we\u0142niany Vivienne to lu\u017any zimowy p\u0142aszcz uszyty z we\u0142nianej, mi\u0119sistej tkaniny w przepi\u0119kny, delikatny, nieregularny dese\u0144. Dzi\u0119ki czemu ka\u017cdy p\u0142aszcz jest unikatowy. Mi\u0119kka, plastyczna tkanina wymaga mi\u0119kkiej formy. I st\u0105d p\u0142aszcz ma raglanowe r\u0119kawy, \u0142agodz\u0105ce zarys ramion i jednocze\u015bnie umo\u017cliwiaj\u0105ce du\u017c\u0105 swobod\u0119 ruch\u00f3w. Przody p\u0142aszcza zosta\u0142y podklejone bardzo delikatn\u0105 klejonk\u0105 stabilizuj\u0105c\u0105 w\u0142\u00f3kna tkaniny, nadaj\u0105c mu ekskluzywny charakter. P\u0142aszcz z ko\u0142nierzem typu rewers i wyjmowanym paskiem z tego samego materia\u0142u. Pasek \u015bwietnie zbuduje tali\u0119. R\u00f3wnie dobrze prezentuje si\u0119 przewi\u0105zany z ty\u0142u, ukazuj\u0105c prost\u0105 i minimalistyczn\u0105 form\u0119 p\u0142aszcza. Model zapinany na r\u0119cznie przyszywane guziki, jednorz\u0119dowy. Szerokie listwy wie\u0144cz\u0105 przednie, uko\u015bnie wszyte kieszenie. P\u0142aszcz bez rozci\u0119cia z ty\u0142u. Jest profilowany, o bardzo wygodnej i swobodnej linii. Z \u0142atwo\u015bci\u0105 otulisz si\u0119 nim w zimowe dni. Podnosz\u0105c ko\u0142nierz dodatkowo ochronisz si\u0119 przed wiatrem. Wersja limitowana. W ca\u0142o\u015bci ocieplony.<\/p>\n<p>Czarny melan\u017cowy p\u0142aszcz we\u0142niany Vivienne stanie si\u0119 nieodzownym elementem Twojej szafy, kt\u00f3ry z pewno\u015bci\u0105 b\u0119dzie towarzyszy\u0107 Ci przez lata. Uniwersalny wz\u00f3r tkaniny po\u0142\u0105czony z wygodn\u0105 lini\u0105 raglanowo wszytych r\u0119kaw\u00f3w stanowi idealn\u0105 ca\u0142o\u015b\u0107. Doskonale pomie\u015bci zar\u00f3wno nieco obszerniejsze stylizacje, takie jak bluza czy lu\u017any sweter, jak i marynark\u0119 czy \u017cakiet. Swobodna i do\u015b\u0107 obszerna linia tego p\u0142aszcza sprawia, \u017ce z \u0142atwo\u015bci\u0105 stworzysz sportow\u0105 stylizacj\u0119. Sportowe buty, shopper bag, beanie o oversizowym kroju &#8211; i gotowe! Nic nie stoi jednak na przeszkodzie, by wystroi\u0107 si\u0119 w wysokie obcasy, po\u0144czochy z szewkiem i eleganck\u0105 torebk\u0119. Stylizuj, tak jak lubisz najbardziej.<\/p>\n<p>R\u0119czne uk\u0142adanie tkaniny pozwala nam na idealne spasowanie wzoru na elementach p\u0142aszcza oraz minimalny odpad. Dzi\u0119ki temu, \u017ce uprawiamy tradycyjne krawiectwo trafia do Ciebie produkt stworzony z najwy\u017csz\u0105 precyzj\u0105 i sercem, kt\u00f3re wk\u0142adamy w nasz\u0105 codzienn\u0105 prac\u0119. Dodatkow\u0105 warto\u015bci\u0105 jest minimalizowanie negatywnego wp\u0142ywu na \u015brodowisko.<\/p>\n<p>If you're wondering which coat to choose, we suggest you take a look at our tips <a href=\"https:\/\/talia-fashion.pl\/en\/jak-dobrac-plaszcz-do-sylwetki\/\">How do you choose a coat to suit your figure?<\/a><\/p>\n<p>Zdj\u0119cie rzeczywiste \u2013 czarny melan\u017c<\/p>\n<p>Dost\u0119pne kolory &#8211; czarny melan\u017c (brak), szary melan\u017c (tylko S), czekoladowy (tylko M, L), burgund melan\u017c (S, M)<\/p>\n<p>All colours are presented in our <a href=\"https:\/\/talia-fashion.pl\/en\/paleta-kolorow\/\">Colour palette,<\/a> a tak\u017ce na zdj\u0119ciach produkt\u00f3w na odr\u0119bnych aukcjach. W razie w\u0105tpliwo\u015bci, prosimy o kontakt. W tym sezonie stawiamy na klasyczne wzory, plastyczne materia\u0142y i stonowan\u0105 kolorystyk\u0119, kt\u00f3ra jest ponadczasowa i stanowi idealn\u0105 baz\u0119 dla wielu stylizacjji. P\u0142aszcz z uwagi na raglanow\u0105 konstrukcj\u0119 r\u0119kawa mo\u017ce wypada\u0107 lu\u017aniejszy, szczeg\u00f3lnie w g\u00f3rnych partiach. Je\u015bli preferowany jest bardziej dopasowany fason, sugerujemy wyb\u00f3r mniejszego rozmiaru.<\/p>\n<p>Available sizes: XS, S, M, L<\/p>\n<p>Indicative dimensions:<\/p>\n<p>XS - bust: 86-88 \/ hips: 94-96 \/ length: 107 \/ sleeve: 61<br \/>\nS - bust: 90-92 \/ hips: 98-100 \/ length: 107 \/ sleeve: 62<br \/>\nM - bust: 94-96 \/ hips: 102-104 \/ length: 107 \/ sleeve: 62<br \/>\nL - bust: 98-100 \/ hips: 106-108 \/ length: 108 \/ sleeve: 63<\/p>\n<p>If you are unsure about the size, please contact us.<\/p>\n<p>The model is 172cm and a size S.<\/p>\n<p>Materia\u0142 czarny melan\u017c, szary melan\u017c, wino melan\u017c: we\u0142na dziewicza 97%, kaszmir 3%<\/p>\n<p>Materia\u0142 czekoladowy, mokka: 60% alpaka, 30% we\u0142na, 10% poliamid<\/p>\n<p>Lining: 100% acetate<br \/>\nLike viscose, acetate is produced from cellulose. Acetate yarn can also be made from recycled cellulose such as paper. The acetate lining is excellent at absorbing moisture and allowing air to pass through. It is coated with an antistatic apprettee and is OEKOtex\u00ae Standard 100 certified.<\/p>\n<p>Insulation: 100% non-woven recycled polyester<br \/>\nOur coats are insulated with a compressed thermo-insulating quilted fleece on the lining. The fleece is made from recycled polyester fibres. The material is lightweight, thin and at the same time perfectly insulating. The insulating fleece we use is resistant to moisture (it retains its insulating properties and warming effect even in damp conditions), stops the wind, is hypoallergenic and breathable. It is OEKOtex\u00ae Standard 100 certified.<\/p>\n<p>Czarny melan\u017cowy p\u0142aszcz we\u0142niany Vivienne zaprojektowali\u015bmy i od pocz\u0105tku do ko\u0144ca uszyli\u015bmy w naszej rodzinnej pracowni. Od ponad 37 lat pracujemy zgodnie z zasadami zr\u00f3wnowa\u017conego rozwoju a tak\u017ce promujemy polskie, tradycyjne rzemios\u0142o.<\/p>\n<p>The coat should be dry-cleaned. For frequent refreshing of the wool we recommend the following <a href=\"https:\/\/talia-fashion.pl\/en\/product\/szczotka-do-czyszczenia-i-pielegnacji-plaszcza\/\">Brush for cleaning and care of the coat<\/a><a href=\"https:\/\/talia-fashion.pl\/en\/product\/szczotka-do-czyszczenia-i-pielegnacji-plaszcza\/\">, <\/a>which can be purchased in our shop. With a few simple care steps, you will enjoy your coat far longer, while reducing waste and thus taking care of the environment. We also encourage you to read our advice on proper care: <a href=\"https:\/\/talia-fashion.pl\/en\/jak-pielegnowac-i-dbac-o-plaszcz\/\">How to care for and maintain coats? <\/a><\/p>\n<p><strong>Individual order - <\/strong>Some modifications can be made at the client's request: shortening, lengthening of the sleeve, shortening and lengthening of the coat. Cost to be determined individually, after prior contact.<\/p>\n<p><strong>An individual order is not subject to exchange or refund.<\/strong><\/p>\n<p>The lead time depends on the company's current stock and the availability of the fabric colour in question. If a given coat is available in the workshop, the order will be realised very quickly - 2-5 working days. If it is necessary to sew a new coat or individualise the order, i.e. make an alteration or sew a new coat according to the customer's specifications, the lead time may be extended to a maximum of 2 weeks.<\/p>\n<p>Please be patient, in most cases we do not sew to stock and sewing a coat takes time and precision. Thank you for being with us and supporting local craftsmanship.<\/p>\n<p>We encourage you to like our fanpage on <a href=\"https:\/\/www.facebook.com\/talia.plaszcze\">Facebook<\/a>\u00a0i\u00a0<a href=\"https:\/\/www.instagram.com\/talia_plaszcze\/\">Instagram<\/a><\/p>","protected":false},"excerpt":{"rendered":"<p>Czarny melan\u017cowy p\u0142aszcz we\u0142niany \u0142\u0105czy w sobie klasyczny dese\u0144 z nowoczesn\u0105 lini\u0105 ci\u0119cia. Doskona\u0142a tkanina i swobodny kr\u00f3j, p\u0142aszcz w ca\u0142o\u015bci ocieplany.<\/p>","protected":false},"featured_media":774,"template":"","meta":{"_acf_changed":false},"product_cat":[104,29],"product_tag":[89,119,37,34,80,121,239,41,42,67,43,44,91,45,68,47,75,84,85,50,86,69,157,53,63,88],"class_list":{"0":"post-4980","1":"product","2":"type-product","3":"status-publish","4":"has-post-thumbnail","6":"product_cat-ostatnie-sztuki","7":"product_cat-sale-plaszcz-damski-w-promocji","8":"product_tag-cieply","9":"product_tag-dlugi-plaszcz-zimowy","10":"product_tag-dyplomatka","11":"product_tag-handmade","12":"product_tag-luzny-kroj","13":"product_tag-materialy-przyjazne-dla-srodowiska","14":"product_tag-melanzowy-plaszcz","15":"product_tag-na-podszewce","16":"product_tag-nowosc","17":"product_tag-ocieplany","18":"product_tag-plaszcz-damski","19":"product_tag-plaszcz-damski-dlugi","20":"product_tag-plaszcz-damski-zimowy","21":"product_tag-plaszcz-dlugi","22":"product_tag-plaszcz-jesienny","23":"product_tag-plaszcz-na-guziki","24":"product_tag-plaszcz-ocieplany","25":"product_tag-plaszcz-oversizowy","26":"product_tag-plaszcz-welniany","27":"product_tag-plaszcz-z-rewersem","28":"product_tag-plaszcz-zimowy-ocieplany","29":"product_tag-prochowiec","30":"product_tag-teddy-bear","31":"product_tag-welna","32":"product_tag-welniany","33":"product_tag-wiazany","35":"first","36":"instock","37":"sale","38":"shipping-taxable","39":"purchasable","40":"product-type-variable","41":"has-default-attributes"},"acf":[],"yoast_head":"<!-- This site is optimized with the Yoast SEO plugin v25.7 - https:\/\/yoast.com\/wordpress\/plugins\/seo\/ -->\n<title>Czarny melan\u017cowy p\u0142aszcz we\u0142niany Vivienne - polskie p\u0142aszcze<\/title>\n<meta name=\"description\" content=\"Czarny melan\u017cowy p\u0142aszcz we\u0142niany stanie si\u0119 ulubionym elementem Twojej garderoby. Zaprojektowany i uszyty w naszej pracowni, z dba\u0142o\u015bci\u0105 o ka\u017cdy szczeg\u00f3\u0142 .\" \/>\n<meta name=\"robots\" content=\"index, follow, max-snippet:-1, max-image-preview:large, max-video-preview:-1\" \/>\n<link rel=\"canonical\" href=\"https:\/\/talia-fashion.pl\/en\/product\/czarny-melanzowy-plaszcz-welniany-vivienne\/\" \/>\n<meta property=\"og:locale\" content=\"en_GB\" \/>\n<meta property=\"og:type\" content=\"article\" \/>\n<meta property=\"og:title\" content=\"Czarny melan\u017cowy p\u0142aszcz we\u0142niany Vivienne - polskie p\u0142aszcze\" \/>\n<meta property=\"og:description\" content=\"Czarny melan\u017cowy p\u0142aszcz we\u0142niany stanie si\u0119 ulubionym elementem Twojej garderoby. Zaprojektowany i uszyty w naszej pracowni, z dba\u0142o\u015bci\u0105 o ka\u017cdy szczeg\u00f3\u0142 .\" \/>\n<meta property=\"og:url\" content=\"https:\/\/talia-fashion.pl\/en\/product\/czarny-melanzowy-plaszcz-welniany-vivienne\/\" \/>\n<meta property=\"og:site_name\" content=\"Talia Fashion\" \/>\n<meta property=\"article:modified_time\" content=\"2026-03-29T15:56:07+00:00\" \/>\n<meta property=\"og:image\" content=\"https:\/\/talia-fashion.pl\/wp-content\/uploads\/2024\/10\/czarny-melanzowy-plaszcz-welniany-raglanowe-rekawy-jednorzedowy-960x1280.jpg\" \/>\n\t<meta property=\"og:image:width\" content=\"960\" \/>\n\t<meta property=\"og:image:height\" content=\"1280\" \/>\n\t<meta property=\"og:image:type\" content=\"image\/jpeg\" \/>\n<meta name=\"twitter:card\" content=\"summary_large_image\" \/>\n<meta name=\"twitter:label1\" content=\"Estimated reading time\" \/>\n\t<meta name=\"twitter:data1\" content=\"4 minutes\" \/>\n<script type=\"application\/ld+json\" class=\"yoast-schema-graph\">{\"@context\":\"https:\/\/schema.org\",\"@graph\":[{\"@type\":\"WebPage\",\"@id\":\"https:\/\/talia-fashion.pl\/produkt\/czarny-melanzowy-plaszcz-welniany-vivienne\/\",\"url\":\"https:\/\/talia-fashion.pl\/produkt\/czarny-melanzowy-plaszcz-welniany-vivienne\/\",\"name\":\"Czarny melan\u017cowy p\u0142aszcz we\u0142niany Vivienne - polskie p\u0142aszcze\",\"isPartOf\":{\"@id\":\"https:\/\/talia-fashion.pl\/#website\"},\"primaryImageOfPage\":{\"@id\":\"https:\/\/talia-fashion.pl\/produkt\/czarny-melanzowy-plaszcz-welniany-vivienne\/#primaryimage\"},\"image\":{\"@id\":\"https:\/\/talia-fashion.pl\/produkt\/czarny-melanzowy-plaszcz-welniany-vivienne\/#primaryimage\"},\"thumbnailUrl\":\"https:\/\/talia-fashion.pl\/wp-content\/uploads\/2024\/10\/czarny-melanzowy-plaszcz-welniany-raglanowe-rekawy-jednorzedowy.jpg\",\"datePublished\":\"2023-09-09T10:35:36+00:00\",\"dateModified\":\"2026-03-29T15:56:07+00:00\",\"description\":\"Czarny melan\u017cowy p\u0142aszcz we\u0142niany stanie si\u0119 ulubionym elementem Twojej garderoby. Zaprojektowany i uszyty w naszej pracowni, z dba\u0142o\u015bci\u0105 o ka\u017cdy szczeg\u00f3\u0142 .\",\"breadcrumb\":{\"@id\":\"https:\/\/talia-fashion.pl\/produkt\/czarny-melanzowy-plaszcz-welniany-vivienne\/#breadcrumb\"},\"inLanguage\":\"en-GB\",\"potentialAction\":[{\"@type\":\"ReadAction\",\"target\":[\"https:\/\/talia-fashion.pl\/produkt\/czarny-melanzowy-plaszcz-welniany-vivienne\/\"]}]},{\"@type\":\"ImageObject\",\"inLanguage\":\"en-GB\",\"@id\":\"https:\/\/talia-fashion.pl\/produkt\/czarny-melanzowy-plaszcz-welniany-vivienne\/#primaryimage\",\"url\":\"https:\/\/talia-fashion.pl\/wp-content\/uploads\/2024\/10\/czarny-melanzowy-plaszcz-welniany-raglanowe-rekawy-jednorzedowy.jpg\",\"contentUrl\":\"https:\/\/talia-fashion.pl\/wp-content\/uploads\/2024\/10\/czarny-melanzowy-plaszcz-welniany-raglanowe-rekawy-jednorzedowy.jpg\",\"width\":1500,\"height\":2000,\"caption\":\"Czarny melan\u017cowy p\u0142aszcz we\u0142niany z mi\u0119sistego materia\u0142u. Jednorz\u0119dowy, zapinany na guziki. Wi\u0105zany w pasie. Idealnie sprawdzi si\u0119 zim\u0105. Ocieplany.\"},{\"@type\":\"BreadcrumbList\",\"@id\":\"https:\/\/talia-fashion.pl\/produkt\/czarny-melanzowy-plaszcz-welniany-vivienne\/#breadcrumb\",\"itemListElement\":[{\"@type\":\"ListItem\",\"position\":1,\"name\":\"Strona g\u0142\u00f3wna\",\"item\":\"https:\/\/talia-fashion.pl\/\"},{\"@type\":\"ListItem\",\"position\":2,\"name\":\"Sklep\",\"item\":\"https:\/\/talia-fashion.pl\/sklep\/\"},{\"@type\":\"ListItem\",\"position\":3,\"name\":\"Czarny melan\u017cowy p\u0142aszcz we\u0142niany Vivienne\"}]},{\"@type\":\"WebSite\",\"@id\":\"https:\/\/talia-fashion.pl\/#website\",\"url\":\"https:\/\/talia-fashion.pl\/\",\"name\":\"Talia Fashion\",\"description\":\"\",\"potentialAction\":[{\"@type\":\"SearchAction\",\"target\":{\"@type\":\"EntryPoint\",\"urlTemplate\":\"https:\/\/talia-fashion.pl\/?s={search_term_string}\"},\"query-input\":{\"@type\":\"PropertyValueSpecification\",\"valueRequired\":true,\"valueName\":\"search_term_string\"}}],\"inLanguage\":\"en-GB\"}]}<\/script>\n<!-- \/ Yoast SEO plugin. -->","yoast_head_json":{"title":"Czarny melan\u017cowy p\u0142aszcz we\u0142niany Vivienne - polskie p\u0142aszcze","description":"Czarny melan\u017cowy p\u0142aszcz we\u0142niany stanie si\u0119 ulubionym elementem Twojej garderoby. Zaprojektowany i uszyty w naszej pracowni, z dba\u0142o\u015bci\u0105 o ka\u017cdy szczeg\u00f3\u0142 .","robots":{"index":"index","follow":"follow","max-snippet":"max-snippet:-1","max-image-preview":"max-image-preview:large","max-video-preview":"max-video-preview:-1"},"canonical":"https:\/\/talia-fashion.pl\/en\/product\/czarny-melanzowy-plaszcz-welniany-vivienne\/","og_locale":"en_GB","og_type":"article","og_title":"Czarny melan\u017cowy p\u0142aszcz we\u0142niany Vivienne - polskie p\u0142aszcze","og_description":"Czarny melan\u017cowy p\u0142aszcz we\u0142niany stanie si\u0119 ulubionym elementem Twojej garderoby. Zaprojektowany i uszyty w naszej pracowni, z dba\u0142o\u015bci\u0105 o ka\u017cdy szczeg\u00f3\u0142 .","og_url":"https:\/\/talia-fashion.pl\/en\/product\/czarny-melanzowy-plaszcz-welniany-vivienne\/","og_site_name":"Talia Fashion","article_modified_time":"2026-03-29T15:56:07+00:00","og_image":[{"width":960,"height":1280,"url":"https:\/\/talia-fashion.pl\/wp-content\/uploads\/2024\/10\/czarny-melanzowy-plaszcz-welniany-raglanowe-rekawy-jednorzedowy-960x1280.jpg","type":"image\/jpeg"}],"twitter_card":"summary_large_image","twitter_misc":{"Estimated reading time":"4 minutes"},"schema":{"@context":"https:\/\/schema.org","@graph":[{"@type":"WebPage","@id":"https:\/\/talia-fashion.pl\/produkt\/czarny-melanzowy-plaszcz-welniany-vivienne\/","url":"https:\/\/talia-fashion.pl\/produkt\/czarny-melanzowy-plaszcz-welniany-vivienne\/","name":"Czarny melan\u017cowy p\u0142aszcz we\u0142niany Vivienne - polskie p\u0142aszcze","isPartOf":{"@id":"https:\/\/talia-fashion.pl\/#website"},"primaryImageOfPage":{"@id":"https:\/\/talia-fashion.pl\/produkt\/czarny-melanzowy-plaszcz-welniany-vivienne\/#primaryimage"},"image":{"@id":"https:\/\/talia-fashion.pl\/produkt\/czarny-melanzowy-plaszcz-welniany-vivienne\/#primaryimage"},"thumbnailUrl":"https:\/\/talia-fashion.pl\/wp-content\/uploads\/2024\/10\/czarny-melanzowy-plaszcz-welniany-raglanowe-rekawy-jednorzedowy.jpg","datePublished":"2023-09-09T10:35:36+00:00","dateModified":"2026-03-29T15:56:07+00:00","description":"Czarny melan\u017cowy p\u0142aszcz we\u0142niany stanie si\u0119 ulubionym elementem Twojej garderoby. Zaprojektowany i uszyty w naszej pracowni, z dba\u0142o\u015bci\u0105 o ka\u017cdy szczeg\u00f3\u0142 .","breadcrumb":{"@id":"https:\/\/talia-fashion.pl\/produkt\/czarny-melanzowy-plaszcz-welniany-vivienne\/#breadcrumb"},"inLanguage":"en-GB","potentialAction":[{"@type":"ReadAction","target":["https:\/\/talia-fashion.pl\/produkt\/czarny-melanzowy-plaszcz-welniany-vivienne\/"]}]},{"@type":"ImageObject","inLanguage":"en-GB","@id":"https:\/\/talia-fashion.pl\/produkt\/czarny-melanzowy-plaszcz-welniany-vivienne\/#primaryimage","url":"https:\/\/talia-fashion.pl\/wp-content\/uploads\/2024\/10\/czarny-melanzowy-plaszcz-welniany-raglanowe-rekawy-jednorzedowy.jpg","contentUrl":"https:\/\/talia-fashion.pl\/wp-content\/uploads\/2024\/10\/czarny-melanzowy-plaszcz-welniany-raglanowe-rekawy-jednorzedowy.jpg","width":1500,"height":2000,"caption":"Czarny melan\u017cowy p\u0142aszcz we\u0142niany z mi\u0119sistego materia\u0142u. Jednorz\u0119dowy, zapinany na guziki. Wi\u0105zany w pasie. Idealnie sprawdzi si\u0119 zim\u0105. Ocieplany."},{"@type":"BreadcrumbList","@id":"https:\/\/talia-fashion.pl\/produkt\/czarny-melanzowy-plaszcz-welniany-vivienne\/#breadcrumb","itemListElement":[{"@type":"ListItem","position":1,"name":"Strona g\u0142\u00f3wna","item":"https:\/\/talia-fashion.pl\/"},{"@type":"ListItem","position":2,"name":"Sklep","item":"https:\/\/talia-fashion.pl\/sklep\/"},{"@type":"ListItem","position":3,"name":"Czarny melan\u017cowy p\u0142aszcz we\u0142niany Vivienne"}]},{"@type":"WebSite","@id":"https:\/\/talia-fashion.pl\/#website","url":"https:\/\/talia-fashion.pl\/","name":"Talia Fashion","description":"","potentialAction":[{"@type":"SearchAction","target":{"@type":"EntryPoint","urlTemplate":"https:\/\/talia-fashion.pl\/?s={search_term_string}"},"query-input":{"@type":"PropertyValueSpecification","valueRequired":true,"valueName":"search_term_string"}}],"inLanguage":"en-GB"}]}},"_links":{"self":[{"href":"https:\/\/talia-fashion.pl\/en\/wp-json\/wp\/v2\/product\/4980","targetHints":{"allow":["GET"]}}],"collection":[{"href":"https:\/\/talia-fashion.pl\/en\/wp-json\/wp\/v2\/product"}],"about":[{"href":"https:\/\/talia-fashion.pl\/en\/wp-json\/wp\/v2\/types\/product"}],"wp:featuredmedia":[{"embeddable":true,"href":"https:\/\/talia-fashion.pl\/en\/wp-json\/wp\/v2\/media\/774"}],"wp:attachment":[{"href":"https:\/\/talia-fashion.pl\/en\/wp-json\/wp\/v2\/media?parent=4980"}],"wp:term":[{"taxonomy":"product_cat","embeddable":true,"href":"https:\/\/talia-fashion.pl\/en\/wp-json\/wp\/v2\/product_cat?post=4980"},{"taxonomy":"product_tag","embeddable":true,"href":"https:\/\/talia-fashion.pl\/en\/wp-json\/wp\/v2\/product_tag?post=4980"}],"curies":[{"name":"wp","href":"https:\/\/api.w.org\/{rel}","templated":true}]}}