{"id":4875,"date":"2023-03-15T20:16:17","date_gmt":"2023-03-15T19:16:17","guid":{"rendered":"http:\/\/talia-fashion.pl\/produkt\/blazer-jednorzedowy-z-mieszanki-welny-relaxed-fit-boston\/"},"modified":"2026-04-13T13:09:58","modified_gmt":"2026-04-13T11:09:58","slug":"blazer-jednorzedowy-z-mieszanki-welny-relaxed-fit-boston","status":"publish","type":"product","link":"https:\/\/talia-fashion.pl\/en\/product\/blazer-jednorzedowy-z-mieszanki-welny-relaxed-fit-boston\/","title":{"rendered":"Wool blend single-breasted blazer relaxed fit Boston"},"content":{"rendered":"<p><span lang=\"DE\">Blazer jednorz\u0119dowy z mieszanki we\u0142ny relaxed fit Boston to nasza propozycja jednorz\u0119dowej marynarki o klasycznym kroju, Fason charakteryzuje si\u0119 prostym, elaganckim wygl\u0105dem, bez zb\u0119dnych ozd\u00f3b, dzi\u0119ki czemu pasuje zar\u00f3wno do formalnych, jak i casualowych stylizacji. Surowa elegancja pozostawiaj\u0105ca du\u017ce pole do popisu. \u015awietna baza, i to zar\u00f3wno dla zwolennik\u00f3w minimalizmu, jak tych, kt\u00f3rzy uwielbiaj\u0105 przepych.<br \/>\n<\/span><\/p>\n<p><span lang=\"DE\">Wool blend single-breasted blazer relaxed fit Boston<\/span> ma <span lang=\"DE\">swobodny, niekr\u0119puj\u0105cy ruch\u00f3w i zapewniaj\u0105cy komfort noszenia kr\u00f3j z delikatnie taliowanym ty\u0142em oraz zaszewkami z przodu. Bez rozporka z ty\u0142u. Zale\u017ca\u0142o nam, by marynarka by\u0142a wygodna i jednocze\u015bnie podkre\u015bla\u0142a sylwetk\u0119. St\u0105d prosta forma i zaszewki. Dla os\u00f3b preferuj\u0105cych jeszcze wi\u0119ksze dopasowanie, z pomoc\u0105 przychodzi powr\u00f3t mody na paski &#8211; \u015bmia\u0142o dodaj do marynarki sk\u00f3rzany pasek, by wygl\u0105da\u0107 nonszalancko i nowocze\u015bnie. <\/span><span lang=\"DE\">Marynarkowy ko\u0142nierz modeluj\u0105cy dekolt w szpic. Dwie przednie kieszenie wyko\u0144czone patkami. Model bez zb\u0119dnych ozd\u00f3b, jedynie z ponadczasowymi elementami, jak: brustasza (kieszonka na piersi) czy guziki na mankietach. Marynarka zosta\u0142a uszyta z mi\u0119kkiej tkaniny z przewag\u0105 we\u0142ny. W ca\u0142o\u015bci na podszewce. <\/span><\/p>\n<p>Marynark\u0119 Boston wyr\u00f3\u017cnia jedna linia guzik\u00f3w. Co sprawia, i\u017c jest uwa\u017cana za \u0142atwiejsz\u0105 do noszenia na co dzie\u0144. Blazer Boston sprawdzi si\u0119 zar\u00f3wno z d\u017cinasami, loafersami oraz shopper bag &#8211; b\u0119dzie i wygodnie, i stylowo. Mo\u017cesz te\u017c po\u0142\u0105czy\u0107 t\u0119 marynark\u0119 z o\u0142\u00f3wkow\u0105 sp\u00f3dnic\u0105 i podkre\u015bli\u0107 tali\u0119 paskiem w kolorze sp\u00f3dnicy &#8211; Twoja stylizacja nabierze wtedy wyj\u0105tkowego charakteru, kt\u00f3ry niew\u0105tpliwie b\u0119dzie wpada\u0142 w oko, zw\u0142aszcza je\u015bli dodasz szpilki lub cz\u00f3\u0142enka na s\u0142upku. A co najwa\u017cniejsze \u015bwietnie odnajdzie si\u0119 zar\u00f3wno w roli marynarki, jak i z powodzeniem zast\u0105pi kurtk\u0119, katan\u0119 czy prochowiec. Wszystko zale\u017cy od Twoich preferencji.<\/p>\n<p><span lang=\"DE\">Zdj\u0119cie rzeczywiste &#8211; czarny<\/span><br \/>\nDost\u0119pne kolory &#8211; czarny, szary<\/p>\n<p><span lang=\"DE\">Dost\u0119pne kolory prezentujemy w naszej <a href=\"https:\/\/talia-fashion.pl\/en\/paleta-kolorow\/\">Colour palette<\/a> a tak\u017ce w innych fasonach p\u0142aszczy, na pozosta\u0142ych aukcjach. W razie w\u0105tpliwo\u015bci odno\u015bnie koloru, prosimy o kontakt.<\/span><\/p>\n<p><span lang=\"DE\">Available sizes: XS, S, M, L<\/span><\/p>\n<p><span lang=\"DE\">Indicative dimensions:<\/span><br \/>\nXS \u2013 biust: 86-88 \/ biodra: 94-96 \/ d\u0142ugo\u015b\u0107: 75 \/ szeroko\u015b\u0107 ramion 34,5-35 \/ r\u0119kaw: 61<br \/>\nS \u2013 biust: 90-92 \/ biodra: 98-100 \/ d\u0142ugo\u015b\u0107: 75 \/ szeroko\u015b\u0107 ramion 35,5-36 \/ r\u0119kaw: 62<br \/>\nM \u2013 biust: 94-96 \/ biodra: 102-104 \/ d\u0142ugo\u015b\u0107: 75 \/ szeroko\u015b\u0107 ramion 37-37,5 \/ r\u0119kaw: 62<br \/>\nL \u2013 biust: 98-100 \/ biodra: 106-108 \/ d\u0142ugo\u015b\u0107:76 \/ szeroko\u015b\u0107 ramion 39,5-40 \/ r\u0119kaw: 63<br \/>\nXL \u2013 biust: 104-106 \/ biodra: 112-114 \/ d\u0142ugo\u015b\u0107:76 \/ \u00a0<span lang=\"DE\">shoulder width 42-42.5 \/\u00a0<\/span>sleeve: 63<\/p>\n<p><span lang=\"DE\">Jak interpretowa\u0107 powy\u017csz\u0105 tabel\u0119 przedstawiamy w naszej zak\u0142adce <a href=\"https:\/\/talia-fashion.pl\/en\/jak-dobrac-rozmiar\/\">How to choose a size?<\/a>, znajdziesz tam r\u00f3wnie\u017c wskaz\u00f3wki jak si\u0119 zmierzy\u0107.<\/span><\/p>\n<p><span lang=\"DE\">Material: 80% wool, 20% polyamide<\/span><br \/>\nLining: 100% acetate<br \/>\nLike viscose, acetate is produced from cellulose. Acetate yarn can also be made from recycled cellulose such as paper. The acetate lining is excellent at absorbing moisture and allowing air to pass through, so it wears well. It is coated with an antistatic apprettee and is OEKOtex\u00ae Standard 100 certified.<\/p>\n<p>Marynark\u0119 Boston nale\u017cy czy\u015bci\u0107 chemicznie. W naszej zak\u0142adce <a href=\"https:\/\/talia-fashion.pl\/en\/jak-pielegnowac-i-dbac-o-plaszcz\/\">How to nurture and care for the coat?<\/a> podpowiadamy jak w prosty spos\u00f3b przed\u0142u\u017cy\u0107 \u017cycie p\u0142aszcza, aby cieszy\u0107 si\u0119 nim latami. Odpowiednie wieszanie, wietrzenie i unikanie zahacze\u0144 sprawi, \u017ce Tw\u00f3j p\u0142aszczyk d\u0142ugo pozostanie pi\u0119kny. Przed\u0142u\u017caj\u0105c \u017cycie swojej garderoby pomagasz r\u00f3wnie\u017c chroni\u0107 \u015brodowisko.<\/p>\n<p><span lang=\"DE\">Blazer jednorz\u0119dowy z mieszanki we\u0142ny relaxed fit Boston, tak jak pozosta\u0142e modele z naszej kolekcji, zosta\u0142 zaprojektowany i uszyty w naszej rodzinnej pracowni. Od wielu lat zajmujemy si\u0119 projektowaniem oraz szyciem p\u0142aszczy i kurtek damskich &#8211; to nasza pasja. Uprawiamy tradycyjne krawiectwo, dlatego nie znajdziesz u nas ta\u015bmowej produkcji a ka\u017cdy nasz guzik jest przyszyty r\u0119cznie.\u00a0<\/span><\/p>\n<p><span lang=\"DE\">Istnieje mo\u017cliwo\u015b\u0107 <strong>Individual orders<\/strong>, czyli z drobnymi modyfikacjami na \u017cyczenie Klienta. W marynarce mo\u017cemy skr\u00f3ci\u0107, b\u0105d\u017a wyd\u0142u\u017cy\u0107 r\u0119kawy, skr\u00f3ci\u0107 lub wyd\u0142u\u017cy\u0107 jej d\u0142ugo\u015b\u0107. Koszt takiej us\u0142ugi ustalamy indywidualnie po uprzednim kontakcie i ocenie mo\u017cliwo\u015bci wprowadzenia oczekiwanych zmian.<\/span><\/p>\n<p><span lang=\"DE\">Czas realizacji uzale\u017cniamy od aktualnego stanu magazynowego w pracowni oraz dost\u0119pno\u015bci danego koloru materia\u0142u. Je\u015bli dany p\u0142aszcz jest dost\u0119pny w firmie, realizacja zam\u00f3wienia nast\u0105pi bardzo szybko 2-5 dni roboczych. Je\u015bli konieczne jest uszycie p\u0142aszcza lub personalizacja zam\u00f3wienia \u2013 wykonanie przer\u00f3bki lub uszycie nowego p\u0142aszcza \u2013 czas realizacji zam\u00f3wienia mo\u017ce ulec wyd\u0142u\u017ceniu, maksymalnie do 2 tygodni.<\/span><\/p>\n<p>Prosimy o cierpliwo\u015b\u0107, musimy uszy\u0107 t\u0119 marynark\u0119 dla Ciebie.<\/p>\n<p>You are welcome, stay with us and watch us on\u00a0<a href=\"https:\/\/www.facebook.com\/talia.plaszcze\">Facebook<\/a>\u00a0and\u00a0<a href=\"https:\/\/www.instagram.com\/talia_plaszcze\/\">Instagram<\/a>.<\/p>","protected":false},"excerpt":{"rendered":"<p>Blazer jednorz\u0119dowy z mieszanki we\u0142ny relaxed fit Boston to nasza propozycja jednorz\u0119dowej marynarki o klasycznym kroju, Fason charakteryzuje si\u0119 prostym, elaganckim wygl\u0105dem,&hellip;<\/p>","protected":false},"featured_media":4876,"template":"","meta":{"_acf_changed":false},"product_cat":[28,55],"product_tag":[294,153,235,289,78,34,39,40,90,74,80,116,295,41,42,43,164,47,84,49,50,60,51,62,53,117,147],"class_list":{"0":"post-4875","1":"product","2":"type-product","3":"status-publish","4":"has-post-thumbnail","6":"product_cat-marynarki-damskie","7":"product_cat-plaszcze-krotsze","8":"product_tag-acetatowa-podszewka","9":"product_tag-blazer","10":"product_tag-brustasza","11":"product_tag-czarny-trencz-damski","12":"product_tag-dla-roznych-sylwetek","13":"product_tag-handmade","14":"product_tag-klasyczny","15":"product_tag-kolnierz","16":"product_tag-krotki-plaszcz","17":"product_tag-kurtka-damska","18":"product_tag-luzny-kroj","19":"product_tag-marynarka","20":"product_tag-marynarka-jednorzedowa","21":"product_tag-na-podszewce","22":"product_tag-nowosc","23":"product_tag-plaszcz-damski","24":"product_tag-plaszcz-jednorzedowy","25":"product_tag-plaszcz-na-guziki","26":"product_tag-plaszcz-oversizowy","27":"product_tag-plaszcz-wiosenny","28":"product_tag-plaszcz-z-rewersem","29":"product_tag-producent-plaszczy-damskich","30":"product_tag-prosty","31":"product_tag-uszyty-w-polsce","32":"product_tag-welna","33":"product_tag-zakiet","34":"product_tag-zrownowazona-produkcja","36":"first","37":"instock","38":"shipping-taxable","39":"purchasable","40":"product-type-variable","41":"has-default-attributes"},"acf":[],"yoast_head":"<!-- This site is optimized with the Yoast SEO plugin v25.7 - https:\/\/yoast.com\/wordpress\/plugins\/seo\/ -->\n<title>Blazer jednorz\u0119dowy z mieszanki we\u0142ny relaxed fit Boston - Talia Fashion - trencz<\/title>\n<meta name=\"description\" content=\"Blazer jednorz\u0119dowy z mieszanki we\u0142ny relaxed fit - surowa elegancja, klasyczny kr\u00f3j i minimalistyczny styl. Marynarki szyjemy r\u0119cznie w naszej pracowni.\" \/>\n<meta name=\"robots\" content=\"index, follow, max-snippet:-1, max-image-preview:large, max-video-preview:-1\" \/>\n<link rel=\"canonical\" href=\"https:\/\/talia-fashion.pl\/en\/product\/blazer-jednorzedowy-z-mieszanki-welny-relaxed-fit-boston\/\" \/>\n<meta property=\"og:locale\" content=\"en_GB\" \/>\n<meta property=\"og:type\" content=\"article\" \/>\n<meta property=\"og:title\" content=\"Blazer jednorz\u0119dowy z mieszanki we\u0142ny relaxed fit Boston - Talia Fashion - trencz\" \/>\n<meta property=\"og:description\" content=\"Blazer jednorz\u0119dowy z mieszanki we\u0142ny relaxed fit - surowa elegancja, klasyczny kr\u00f3j i minimalistyczny styl. Marynarki szyjemy r\u0119cznie w naszej pracowni.\" \/>\n<meta property=\"og:url\" content=\"https:\/\/talia-fashion.pl\/en\/product\/blazer-jednorzedowy-z-mieszanki-welny-relaxed-fit-boston\/\" \/>\n<meta property=\"og:site_name\" content=\"Talia Fashion\" \/>\n<meta property=\"article:modified_time\" content=\"2026-04-13T11:09:58+00:00\" \/>\n<meta property=\"og:image\" content=\"https:\/\/talia-fashion.pl\/wp-content\/uploads\/2025\/07\/blazer-jednorzedowy-mieszanka-welny-czarny-relaxed-fit.jpg\" \/>\n\t<meta property=\"og:image:width\" content=\"1500\" \/>\n\t<meta property=\"og:image:height\" content=\"2000\" \/>\n\t<meta property=\"og:image:type\" content=\"image\/jpeg\" \/>\n<meta name=\"twitter:card\" content=\"summary_large_image\" \/>\n<meta name=\"twitter:label1\" content=\"Estimated reading time\" \/>\n\t<meta name=\"twitter:data1\" content=\"4 minutes\" \/>\n<script type=\"application\/ld+json\" class=\"yoast-schema-graph\">{\"@context\":\"https:\/\/schema.org\",\"@graph\":[{\"@type\":\"WebPage\",\"@id\":\"https:\/\/talia-fashion.pl\/produkt\/blazer-jednorzedowy-z-mieszanki-welny-relaxed-fit-boston\/\",\"url\":\"https:\/\/talia-fashion.pl\/produkt\/blazer-jednorzedowy-z-mieszanki-welny-relaxed-fit-boston\/\",\"name\":\"Blazer jednorz\u0119dowy z mieszanki we\u0142ny relaxed fit Boston - Talia Fashion - trencz\",\"isPartOf\":{\"@id\":\"https:\/\/talia-fashion.pl\/#website\"},\"primaryImageOfPage\":{\"@id\":\"https:\/\/talia-fashion.pl\/produkt\/blazer-jednorzedowy-z-mieszanki-welny-relaxed-fit-boston\/#primaryimage\"},\"image\":{\"@id\":\"https:\/\/talia-fashion.pl\/produkt\/blazer-jednorzedowy-z-mieszanki-welny-relaxed-fit-boston\/#primaryimage\"},\"thumbnailUrl\":\"https:\/\/talia-fashion.pl\/wp-content\/uploads\/2025\/07\/blazer-jednorzedowy-mieszanka-welny-czarny-relaxed-fit.jpg\",\"datePublished\":\"2023-03-15T19:16:17+00:00\",\"dateModified\":\"2026-04-13T11:09:58+00:00\",\"description\":\"Blazer jednorz\u0119dowy z mieszanki we\u0142ny relaxed fit - surowa elegancja, klasyczny kr\u00f3j i minimalistyczny styl. Marynarki szyjemy r\u0119cznie w naszej pracowni.\",\"breadcrumb\":{\"@id\":\"https:\/\/talia-fashion.pl\/produkt\/blazer-jednorzedowy-z-mieszanki-welny-relaxed-fit-boston\/#breadcrumb\"},\"inLanguage\":\"en-GB\",\"potentialAction\":[{\"@type\":\"ReadAction\",\"target\":[\"https:\/\/talia-fashion.pl\/produkt\/blazer-jednorzedowy-z-mieszanki-welny-relaxed-fit-boston\/\"]}]},{\"@type\":\"ImageObject\",\"inLanguage\":\"en-GB\",\"@id\":\"https:\/\/talia-fashion.pl\/produkt\/blazer-jednorzedowy-z-mieszanki-welny-relaxed-fit-boston\/#primaryimage\",\"url\":\"https:\/\/talia-fashion.pl\/wp-content\/uploads\/2025\/07\/blazer-jednorzedowy-mieszanka-welny-czarny-relaxed-fit.jpg\",\"contentUrl\":\"https:\/\/talia-fashion.pl\/wp-content\/uploads\/2025\/07\/blazer-jednorzedowy-mieszanka-welny-czarny-relaxed-fit.jpg\",\"width\":1500,\"height\":2000,\"caption\":\"Blazer jednorz\u0119dowy z wysokiej jako\u015bci mieszanki we\u0142ny o wygodnym kroju. Minimalistyczny.\"},{\"@type\":\"BreadcrumbList\",\"@id\":\"https:\/\/talia-fashion.pl\/produkt\/blazer-jednorzedowy-z-mieszanki-welny-relaxed-fit-boston\/#breadcrumb\",\"itemListElement\":[{\"@type\":\"ListItem\",\"position\":1,\"name\":\"Strona g\u0142\u00f3wna\",\"item\":\"https:\/\/talia-fashion.pl\/\"},{\"@type\":\"ListItem\",\"position\":2,\"name\":\"Sklep\",\"item\":\"https:\/\/talia-fashion.pl\/sklep\/\"},{\"@type\":\"ListItem\",\"position\":3,\"name\":\"Blazer jednorz\u0119dowy z mieszanki we\u0142ny relaxed fit Boston\"}]},{\"@type\":\"WebSite\",\"@id\":\"https:\/\/talia-fashion.pl\/#website\",\"url\":\"https:\/\/talia-fashion.pl\/\",\"name\":\"Talia Fashion\",\"description\":\"\",\"potentialAction\":[{\"@type\":\"SearchAction\",\"target\":{\"@type\":\"EntryPoint\",\"urlTemplate\":\"https:\/\/talia-fashion.pl\/?s={search_term_string}\"},\"query-input\":{\"@type\":\"PropertyValueSpecification\",\"valueRequired\":true,\"valueName\":\"search_term_string\"}}],\"inLanguage\":\"en-GB\"}]}<\/script>\n<!-- \/ Yoast SEO plugin. -->","yoast_head_json":{"title":"Blazer jednorz\u0119dowy z mieszanki we\u0142ny relaxed fit Boston - Talia Fashion - trencz","description":"Blazer jednorz\u0119dowy z mieszanki we\u0142ny relaxed fit - surowa elegancja, klasyczny kr\u00f3j i minimalistyczny styl. Marynarki szyjemy r\u0119cznie w naszej pracowni.","robots":{"index":"index","follow":"follow","max-snippet":"max-snippet:-1","max-image-preview":"max-image-preview:large","max-video-preview":"max-video-preview:-1"},"canonical":"https:\/\/talia-fashion.pl\/en\/product\/blazer-jednorzedowy-z-mieszanki-welny-relaxed-fit-boston\/","og_locale":"en_GB","og_type":"article","og_title":"Blazer jednorz\u0119dowy z mieszanki we\u0142ny relaxed fit Boston - Talia Fashion - trencz","og_description":"Blazer jednorz\u0119dowy z mieszanki we\u0142ny relaxed fit - surowa elegancja, klasyczny kr\u00f3j i minimalistyczny styl. Marynarki szyjemy r\u0119cznie w naszej pracowni.","og_url":"https:\/\/talia-fashion.pl\/en\/product\/blazer-jednorzedowy-z-mieszanki-welny-relaxed-fit-boston\/","og_site_name":"Talia Fashion","article_modified_time":"2026-04-13T11:09:58+00:00","og_image":[{"width":1500,"height":2000,"url":"https:\/\/talia-fashion.pl\/wp-content\/uploads\/2025\/07\/blazer-jednorzedowy-mieszanka-welny-czarny-relaxed-fit.jpg","type":"image\/jpeg"}],"twitter_card":"summary_large_image","twitter_misc":{"Estimated reading time":"4 minutes"},"schema":{"@context":"https:\/\/schema.org","@graph":[{"@type":"WebPage","@id":"https:\/\/talia-fashion.pl\/produkt\/blazer-jednorzedowy-z-mieszanki-welny-relaxed-fit-boston\/","url":"https:\/\/talia-fashion.pl\/produkt\/blazer-jednorzedowy-z-mieszanki-welny-relaxed-fit-boston\/","name":"Blazer jednorz\u0119dowy z mieszanki we\u0142ny relaxed fit Boston - Talia Fashion - trencz","isPartOf":{"@id":"https:\/\/talia-fashion.pl\/#website"},"primaryImageOfPage":{"@id":"https:\/\/talia-fashion.pl\/produkt\/blazer-jednorzedowy-z-mieszanki-welny-relaxed-fit-boston\/#primaryimage"},"image":{"@id":"https:\/\/talia-fashion.pl\/produkt\/blazer-jednorzedowy-z-mieszanki-welny-relaxed-fit-boston\/#primaryimage"},"thumbnailUrl":"https:\/\/talia-fashion.pl\/wp-content\/uploads\/2025\/07\/blazer-jednorzedowy-mieszanka-welny-czarny-relaxed-fit.jpg","datePublished":"2023-03-15T19:16:17+00:00","dateModified":"2026-04-13T11:09:58+00:00","description":"Blazer jednorz\u0119dowy z mieszanki we\u0142ny relaxed fit - surowa elegancja, klasyczny kr\u00f3j i minimalistyczny styl. Marynarki szyjemy r\u0119cznie w naszej pracowni.","breadcrumb":{"@id":"https:\/\/talia-fashion.pl\/produkt\/blazer-jednorzedowy-z-mieszanki-welny-relaxed-fit-boston\/#breadcrumb"},"inLanguage":"en-GB","potentialAction":[{"@type":"ReadAction","target":["https:\/\/talia-fashion.pl\/produkt\/blazer-jednorzedowy-z-mieszanki-welny-relaxed-fit-boston\/"]}]},{"@type":"ImageObject","inLanguage":"en-GB","@id":"https:\/\/talia-fashion.pl\/produkt\/blazer-jednorzedowy-z-mieszanki-welny-relaxed-fit-boston\/#primaryimage","url":"https:\/\/talia-fashion.pl\/wp-content\/uploads\/2025\/07\/blazer-jednorzedowy-mieszanka-welny-czarny-relaxed-fit.jpg","contentUrl":"https:\/\/talia-fashion.pl\/wp-content\/uploads\/2025\/07\/blazer-jednorzedowy-mieszanka-welny-czarny-relaxed-fit.jpg","width":1500,"height":2000,"caption":"Blazer jednorz\u0119dowy z wysokiej jako\u015bci mieszanki we\u0142ny o wygodnym kroju. Minimalistyczny."},{"@type":"BreadcrumbList","@id":"https:\/\/talia-fashion.pl\/produkt\/blazer-jednorzedowy-z-mieszanki-welny-relaxed-fit-boston\/#breadcrumb","itemListElement":[{"@type":"ListItem","position":1,"name":"Strona g\u0142\u00f3wna","item":"https:\/\/talia-fashion.pl\/"},{"@type":"ListItem","position":2,"name":"Sklep","item":"https:\/\/talia-fashion.pl\/sklep\/"},{"@type":"ListItem","position":3,"name":"Blazer jednorz\u0119dowy z mieszanki we\u0142ny relaxed fit Boston"}]},{"@type":"WebSite","@id":"https:\/\/talia-fashion.pl\/#website","url":"https:\/\/talia-fashion.pl\/","name":"Talia Fashion","description":"","potentialAction":[{"@type":"SearchAction","target":{"@type":"EntryPoint","urlTemplate":"https:\/\/talia-fashion.pl\/?s={search_term_string}"},"query-input":{"@type":"PropertyValueSpecification","valueRequired":true,"valueName":"search_term_string"}}],"inLanguage":"en-GB"}]}},"_links":{"self":[{"href":"https:\/\/talia-fashion.pl\/en\/wp-json\/wp\/v2\/product\/4875","targetHints":{"allow":["GET"]}}],"collection":[{"href":"https:\/\/talia-fashion.pl\/en\/wp-json\/wp\/v2\/product"}],"about":[{"href":"https:\/\/talia-fashion.pl\/en\/wp-json\/wp\/v2\/types\/product"}],"wp:featuredmedia":[{"embeddable":true,"href":"https:\/\/talia-fashion.pl\/en\/wp-json\/wp\/v2\/media\/4876"}],"wp:attachment":[{"href":"https:\/\/talia-fashion.pl\/en\/wp-json\/wp\/v2\/media?parent=4875"}],"wp:term":[{"taxonomy":"product_cat","embeddable":true,"href":"https:\/\/talia-fashion.pl\/en\/wp-json\/wp\/v2\/product_cat?post=4875"},{"taxonomy":"product_tag","embeddable":true,"href":"https:\/\/talia-fashion.pl\/en\/wp-json\/wp\/v2\/product_tag?post=4875"}],"curies":[{"name":"wp","href":"https:\/\/api.w.org\/{rel}","templated":true}]}}