{"id":4843,"date":"2023-03-05T18:41:29","date_gmt":"2023-03-05T17:41:29","guid":{"rendered":"http:\/\/talia-fashion.pl\/produkt\/prosta-oversizowa-marynarka-jednorzedowa-boston\/"},"modified":"2026-02-13T10:43:24","modified_gmt":"2026-02-13T09:43:24","slug":"prosta-oversizowa-marynarka-jednorzedowa-boston","status":"publish","type":"product","link":"https:\/\/talia-fashion.pl\/en\/product\/prosta-oversizowa-marynarka-jednorzedowa-boston\/","title":{"rendered":"Prosta oversizowa marynarka jednorz\u0119dowa Boston"},"content":{"rendered":"<p><span lang=\"DE\">Prosta oversizowa marynarka jednorz\u0119dowa Boston. Delikatnie profilowana z ty\u0142u, z przodu z zaszewkami.\u00a0 Modna linia szerokich, nieco przeskalowanych ramion. Ko\u0142nierz rewers modeluj\u0105cy dekolt w szpic. Dwa szylkretowe guziki zapinaj\u0105ce, a na r\u0119kawach naszyte guziczki w roli ozdoby. Przednie kieszenie wyko\u0144czone ozdobnymi patkami, na piersi klasyczna marynarkowa kieszonka &#8211; brustasza. Bez rozporka z ty\u0142u. Marynarka na podszewce. \u015awietna zar\u00f3wno jako tradycyjna marynarka jak i wiosenne okrycie wierzchnie.<\/span><\/p>\n<p>Doskonale skrojona i bardzo wygodna, w klasycznych kolorach, stanowi nieod\u0142\u0105czny element szafy kapsu\u0142owej. Mi\u0119kki, lu\u017ano uk\u0142adaj\u0105cy si\u0119 materia\u0142 sprawi, \u017ce poczujesz si\u0119 niezwykle komfortowo. Mo\u017cesz zestawi\u0107 j\u0105 z klasycznymi rurkami i T-shirtem &#8211; i zawsze b\u0119dziesz wygl\u0105da\u0107 odpowiednio &#8211; na spotkaniu z przyjaci\u00f3\u0142mi czy te\u017c bardziej oficjalnych okazjach. Je\u015bli lubisz podkre\u015bli\u0107 tali\u0119, mo\u017cesz \u015bmia\u0142o u\u017cy\u0107 swojego ulubionego paska w tej samej lub kontrastowej kolorystyce. Baw si\u0119 dodatkami i stylizuj marynark\u0119 Boston na r\u00f3\u017cne okazje.<\/p>\n<p><span lang=\"DE\">Zdj\u0119cie rzeczywiste &#8211; \u015bmietankowy<\/span><br \/>\nDost\u0119pne kolory &#8211; \u015bmietankowy, jasny be\u017cowy, czarny<\/p>\n<p><span lang=\"DE\">Kolory mo\u017cesz obejrze\u0107 w <a href=\"https:\/\/talia-fashion.pl\/en\/paleta-kolorow\/\">Colour palette<\/a> a tak\u017ce w innych fasonach p\u0142aszczy, na pozosta\u0142ych aukcjach. W razie w\u0105tpliwo\u015bci, prosimy o kontakt.<\/span><\/p>\n<p><span lang=\"DE\">Dost\u0119pne rozmiary: S, M<br \/>\n<\/span><\/p>\n<p><span lang=\"DE\">Indicative dimensions:<\/span><br \/>\nXS \u2013 biust: 86-88 \/ biodra: 94-96 \/ d\u0142ugo\u015b\u0107: 75 \/ szeroko\u015b\u0107 ramion 34,5-35 \/ r\u0119kaw: 61<br \/>\nS \u2013 biust: 90-92 \/ biodra: 98-100 \/ d\u0142ugo\u015b\u0107: 75 \/ szeroko\u015b\u0107 ramion 35,5-36 \/ r\u0119kaw: 62<br \/>\nM \u2013 biust: 94-96 \/ biodra: 102-104 \/ d\u0142ugo\u015b\u0107: 75 \/ szeroko\u015b\u0107 ramion 37-37,5 \/ r\u0119kaw: 62<br \/>\nL \u2013 biust: 98-100 \/ biodra: 106-108 \/ d\u0142ugo\u015b\u0107:76 \/ szeroko\u015b\u0107 ramion 39,5-40 \/ r\u0119kaw: 63<br \/>\nXL \u2013 biust: 104-106 \/ biodra: 112-114 \/ d\u0142ugo\u015b\u0107:76 \/ \u00a0<span lang=\"DE\">shoulder width 42-42.5 \/\u00a0<\/span>sleeve: 63<\/p>\n<p><span lang=\"DE\">Jak si\u0119 zmierzy\u0107 i jak Interpretowa\u0107 powy\u017csz\u0105 tabel\u0119 prezentujemy w naszej zak\u0142adce <a href=\"https:\/\/talia-fashion.pl\/en\/jak-dobrac-rozmiar\/\">How to choose a size?<\/a><\/span><\/p>\n<p><span lang=\"DE\">Material: 63% polyester, 33% viscose, 4% elastane<\/span><br \/>\nLining: 100% acetate<br \/>\nLike viscose, acetate is produced from cellulose. Acetate yarn can also be made from recycled cellulose such as paper. The acetate lining is excellent at absorbing moisture and allowing air to pass through. It is coated with an antistatic apprettee and is OEKOtex\u00ae Standard 100 certified.<\/p>\n<p>Marynark\u0119 nale\u017cy czy\u015bci\u0107 chemicznie. Jak odpowiednio dba\u0107 o swoj\u0105 odzie\u017c podpowiadamy w zak\u0142adce <a href=\"https:\/\/talia-fashion.pl\/en\/jak-pielegnowac-i-dbac-o-plaszcz\/\">How to nurture and care for the coat?<\/a> Odpowiednie wieszanie, wietrzenie i unikanie zahacze\u0144 sprawi, \u017ce Twoja marynarka d\u0142ugo pozostanie pi\u0119kna.<\/p>\n<p><span lang=\"DE\">Prosta oversizowa marynarka jednorz\u0119dowa Boston zosta\u0142a zaprojektowana i uszyta w naszej pracowni, w Poznaniu. Uprawiamy klasyczne krawiectwo, wi\u0119c ca\u0142y proces tworzenia opiera si\u0119 na manualnych umiej\u0119tno\u015bciach. P\u0142aszcze s\u0105 nasz\u0105 pasj\u0105 wi\u0119c tworzymy je wk\u0142adaj\u0105c w nie ca\u0142e nasze serce.<\/span><\/p>\n<p><span lang=\"DE\">Oferujemy mo\u017cliwo\u015b\u0107 <strong>Individual orders<\/strong>, czyli z drobnymi modyfikacjami na \u017cyczenie Klienta. W p\u0142aszczyku mo\u017cemy skr\u00f3ci\u0107, b\u0105d\u017a wyd\u0142u\u017cy\u0107 r\u0119kawy, skr\u00f3ci\u0107 lub wyd\u0142u\u017cy\u0107 d\u0142ugo\u015b\u0107 p\u0142aszcza. Koszt takiej us\u0142ugi ustalamy indywidualnie po uprzednim kontakcie.<\/span><\/p>\n<p><span lang=\"DE\">Czas realizacji uzale\u017cniamy od aktualnego stanu magazynowego w firmie oraz dost\u0119pno\u015bci danego koloru materia\u0142u. Je\u015bli dany p\u0142aszcz jest dost\u0119pny w firmie, realizacja zam\u00f3wienia nast\u0105pi bardzo szybko 2-5 dni roboczych. Je\u015bli konieczna jest uszycie p\u0142aszcza lub indywidualizacja zam\u00f3wienia \u2013 wykonanie przer\u00f3bki lub uszycie nowego p\u0142aszcza \u2013 czas realizacji zam\u00f3wienia mo\u017ce ulec wyd\u0142u\u017ceniu, maksymalnie do 2 tygodni.<\/span><\/p>\n<p>Poniewa\u017c nie szyjemy naszych p\u0142aszczy na magazyn, prosimy o cierpliwo\u015b\u0107, musimy uszy\u0107 ten p\u0142aszczyk dla Ciebie \ud83d\ude42<\/p>\n<p>You are welcome, stay with us and watch us on\u00a0<a href=\"https:\/\/www.facebook.com\/talia.plaszcze\">Facebook<\/a>\u00a0and\u00a0<a href=\"https:\/\/www.instagram.com\/talia_plaszcze\/\">Instagram<\/a>.<\/p>","protected":false},"excerpt":{"rendered":"<p>Prosta oversizowa marynarka jednorz\u0119dowa Boston. Delikatnie profilowana z ty\u0142u, z przodu z zaszewkami.\u00a0 Modna linia szerokich, nieco przeskalowanych ramion. Ko\u0142nierz rewers modeluj\u0105cy&hellip;<\/p>","protected":false},"featured_media":749,"template":"","meta":{"_acf_changed":false},"product_cat":[55],"product_tag":[235,78,34,39,40,90,80,116,41,42,43,47,84,49,50,51,52,62,117],"class_list":{"0":"post-4843","1":"product","2":"type-product","3":"status-publish","4":"has-post-thumbnail","6":"product_cat-plaszcze-krotsze","7":"product_tag-brustasza","8":"product_tag-dla-roznych-sylwetek","9":"product_tag-handmade","10":"product_tag-klasyczny","11":"product_tag-kolnierz","12":"product_tag-krotki-plaszcz","13":"product_tag-luzny-kroj","14":"product_tag-marynarka","15":"product_tag-na-podszewce","16":"product_tag-nowosc","17":"product_tag-plaszcz-damski","18":"product_tag-plaszcz-na-guziki","19":"product_tag-plaszcz-oversizowy","20":"product_tag-plaszcz-wiosenny","21":"product_tag-plaszcz-z-rewersem","22":"product_tag-prosty","23":"product_tag-szylkretowe-guziki","24":"product_tag-uszyty-w-polsce","25":"product_tag-zakiet","27":"first","28":"instock","29":"shipping-taxable","30":"purchasable","31":"product-type-variable","32":"has-default-attributes"},"acf":[],"yoast_head":"<!-- This site is optimized with the Yoast SEO plugin v25.7 - https:\/\/yoast.com\/wordpress\/plugins\/seo\/ -->\n<title>Prosta oversizowa marynarka jednorz\u0119dowa Boston - Talia Fashion<\/title>\n<meta name=\"description\" content=\"Prosta oversizowa marynarka jednorz\u0119dowa Boston w klasycznych, eleganckich kolorach. P\u0142aszcze szyjemy r\u0119cznie w naszej pracowni w Poznaniu.\" \/>\n<meta name=\"robots\" content=\"index, follow, max-snippet:-1, max-image-preview:large, max-video-preview:-1\" \/>\n<link rel=\"canonical\" href=\"https:\/\/talia-fashion.pl\/en\/product\/prosta-oversizowa-marynarka-jednorzedowa-boston\/\" \/>\n<meta property=\"og:locale\" content=\"en_GB\" \/>\n<meta property=\"og:type\" content=\"article\" \/>\n<meta property=\"og:title\" content=\"Prosta oversizowa marynarka jednorz\u0119dowa Boston - Talia Fashion\" \/>\n<meta property=\"og:description\" content=\"Prosta oversizowa marynarka jednorz\u0119dowa Boston w klasycznych, eleganckich kolorach. P\u0142aszcze szyjemy r\u0119cznie w naszej pracowni w Poznaniu.\" \/>\n<meta property=\"og:url\" content=\"https:\/\/talia-fashion.pl\/en\/product\/prosta-oversizowa-marynarka-jednorzedowa-boston\/\" \/>\n<meta property=\"og:site_name\" content=\"Talia Fashion\" \/>\n<meta property=\"article:modified_time\" content=\"2026-02-13T09:43:24+00:00\" \/>\n<meta property=\"og:image\" content=\"https:\/\/talia-fashion.pl\/wp-content\/uploads\/2024\/10\/oversizowa-marynarka-jednorzedowa-wiosenna.jpg\" \/>\n\t<meta property=\"og:image:width\" content=\"1500\" \/>\n\t<meta property=\"og:image:height\" content=\"2000\" \/>\n\t<meta property=\"og:image:type\" content=\"image\/jpeg\" \/>\n<meta name=\"twitter:card\" content=\"summary_large_image\" \/>\n<meta name=\"twitter:label1\" content=\"Estimated reading time\" \/>\n\t<meta name=\"twitter:data1\" content=\"3 minutes\" \/>\n<script type=\"application\/ld+json\" class=\"yoast-schema-graph\">{\"@context\":\"https:\/\/schema.org\",\"@graph\":[{\"@type\":\"WebPage\",\"@id\":\"https:\/\/talia-fashion.pl\/produkt\/prosta-oversizowa-marynarka-jednorzedowa-boston\/\",\"url\":\"https:\/\/talia-fashion.pl\/produkt\/prosta-oversizowa-marynarka-jednorzedowa-boston\/\",\"name\":\"Prosta oversizowa marynarka jednorz\u0119dowa Boston - Talia Fashion\",\"isPartOf\":{\"@id\":\"https:\/\/talia-fashion.pl\/#website\"},\"primaryImageOfPage\":{\"@id\":\"https:\/\/talia-fashion.pl\/produkt\/prosta-oversizowa-marynarka-jednorzedowa-boston\/#primaryimage\"},\"image\":{\"@id\":\"https:\/\/talia-fashion.pl\/produkt\/prosta-oversizowa-marynarka-jednorzedowa-boston\/#primaryimage\"},\"thumbnailUrl\":\"https:\/\/talia-fashion.pl\/wp-content\/uploads\/2024\/10\/oversizowa-marynarka-jednorzedowa-wiosenna.jpg\",\"datePublished\":\"2023-03-05T17:41:29+00:00\",\"dateModified\":\"2026-02-13T09:43:24+00:00\",\"description\":\"Prosta oversizowa marynarka jednorz\u0119dowa Boston w klasycznych, eleganckich kolorach. P\u0142aszcze szyjemy r\u0119cznie w naszej pracowni w Poznaniu.\",\"breadcrumb\":{\"@id\":\"https:\/\/talia-fashion.pl\/produkt\/prosta-oversizowa-marynarka-jednorzedowa-boston\/#breadcrumb\"},\"inLanguage\":\"en-GB\",\"potentialAction\":[{\"@type\":\"ReadAction\",\"target\":[\"https:\/\/talia-fashion.pl\/produkt\/prosta-oversizowa-marynarka-jednorzedowa-boston\/\"]}]},{\"@type\":\"ImageObject\",\"inLanguage\":\"en-GB\",\"@id\":\"https:\/\/talia-fashion.pl\/produkt\/prosta-oversizowa-marynarka-jednorzedowa-boston\/#primaryimage\",\"url\":\"https:\/\/talia-fashion.pl\/wp-content\/uploads\/2024\/10\/oversizowa-marynarka-jednorzedowa-wiosenna.jpg\",\"contentUrl\":\"https:\/\/talia-fashion.pl\/wp-content\/uploads\/2024\/10\/oversizowa-marynarka-jednorzedowa-wiosenna.jpg\",\"width\":1500,\"height\":2000,\"caption\":\"Prosta oversizowa marynarka jednorz\u0119dowa z poszerzanymi ramionami i szylkretowymi guzikami\"},{\"@type\":\"BreadcrumbList\",\"@id\":\"https:\/\/talia-fashion.pl\/produkt\/prosta-oversizowa-marynarka-jednorzedowa-boston\/#breadcrumb\",\"itemListElement\":[{\"@type\":\"ListItem\",\"position\":1,\"name\":\"Strona g\u0142\u00f3wna\",\"item\":\"https:\/\/talia-fashion.pl\/\"},{\"@type\":\"ListItem\",\"position\":2,\"name\":\"Sklep\",\"item\":\"https:\/\/talia-fashion.pl\/sklep\/\"},{\"@type\":\"ListItem\",\"position\":3,\"name\":\"Prosta oversizowa marynarka jednorz\u0119dowa Boston\"}]},{\"@type\":\"WebSite\",\"@id\":\"https:\/\/talia-fashion.pl\/#website\",\"url\":\"https:\/\/talia-fashion.pl\/\",\"name\":\"Talia Fashion\",\"description\":\"\",\"potentialAction\":[{\"@type\":\"SearchAction\",\"target\":{\"@type\":\"EntryPoint\",\"urlTemplate\":\"https:\/\/talia-fashion.pl\/?s={search_term_string}\"},\"query-input\":{\"@type\":\"PropertyValueSpecification\",\"valueRequired\":true,\"valueName\":\"search_term_string\"}}],\"inLanguage\":\"en-GB\"}]}<\/script>\n<!-- \/ Yoast SEO plugin. -->","yoast_head_json":{"title":"Prosta oversizowa marynarka jednorz\u0119dowa Boston - Talia Fashion","description":"Prosta oversizowa marynarka jednorz\u0119dowa Boston w klasycznych, eleganckich kolorach. P\u0142aszcze szyjemy r\u0119cznie w naszej pracowni w Poznaniu.","robots":{"index":"index","follow":"follow","max-snippet":"max-snippet:-1","max-image-preview":"max-image-preview:large","max-video-preview":"max-video-preview:-1"},"canonical":"https:\/\/talia-fashion.pl\/en\/product\/prosta-oversizowa-marynarka-jednorzedowa-boston\/","og_locale":"en_GB","og_type":"article","og_title":"Prosta oversizowa marynarka jednorz\u0119dowa Boston - Talia Fashion","og_description":"Prosta oversizowa marynarka jednorz\u0119dowa Boston w klasycznych, eleganckich kolorach. P\u0142aszcze szyjemy r\u0119cznie w naszej pracowni w Poznaniu.","og_url":"https:\/\/talia-fashion.pl\/en\/product\/prosta-oversizowa-marynarka-jednorzedowa-boston\/","og_site_name":"Talia Fashion","article_modified_time":"2026-02-13T09:43:24+00:00","og_image":[{"width":1500,"height":2000,"url":"https:\/\/talia-fashion.pl\/wp-content\/uploads\/2024\/10\/oversizowa-marynarka-jednorzedowa-wiosenna.jpg","type":"image\/jpeg"}],"twitter_card":"summary_large_image","twitter_misc":{"Estimated reading time":"3 minutes"},"schema":{"@context":"https:\/\/schema.org","@graph":[{"@type":"WebPage","@id":"https:\/\/talia-fashion.pl\/produkt\/prosta-oversizowa-marynarka-jednorzedowa-boston\/","url":"https:\/\/talia-fashion.pl\/produkt\/prosta-oversizowa-marynarka-jednorzedowa-boston\/","name":"Prosta oversizowa marynarka jednorz\u0119dowa Boston - Talia Fashion","isPartOf":{"@id":"https:\/\/talia-fashion.pl\/#website"},"primaryImageOfPage":{"@id":"https:\/\/talia-fashion.pl\/produkt\/prosta-oversizowa-marynarka-jednorzedowa-boston\/#primaryimage"},"image":{"@id":"https:\/\/talia-fashion.pl\/produkt\/prosta-oversizowa-marynarka-jednorzedowa-boston\/#primaryimage"},"thumbnailUrl":"https:\/\/talia-fashion.pl\/wp-content\/uploads\/2024\/10\/oversizowa-marynarka-jednorzedowa-wiosenna.jpg","datePublished":"2023-03-05T17:41:29+00:00","dateModified":"2026-02-13T09:43:24+00:00","description":"Prosta oversizowa marynarka jednorz\u0119dowa Boston w klasycznych, eleganckich kolorach. P\u0142aszcze szyjemy r\u0119cznie w naszej pracowni w Poznaniu.","breadcrumb":{"@id":"https:\/\/talia-fashion.pl\/produkt\/prosta-oversizowa-marynarka-jednorzedowa-boston\/#breadcrumb"},"inLanguage":"en-GB","potentialAction":[{"@type":"ReadAction","target":["https:\/\/talia-fashion.pl\/produkt\/prosta-oversizowa-marynarka-jednorzedowa-boston\/"]}]},{"@type":"ImageObject","inLanguage":"en-GB","@id":"https:\/\/talia-fashion.pl\/produkt\/prosta-oversizowa-marynarka-jednorzedowa-boston\/#primaryimage","url":"https:\/\/talia-fashion.pl\/wp-content\/uploads\/2024\/10\/oversizowa-marynarka-jednorzedowa-wiosenna.jpg","contentUrl":"https:\/\/talia-fashion.pl\/wp-content\/uploads\/2024\/10\/oversizowa-marynarka-jednorzedowa-wiosenna.jpg","width":1500,"height":2000,"caption":"Prosta oversizowa marynarka jednorz\u0119dowa z poszerzanymi ramionami i szylkretowymi guzikami"},{"@type":"BreadcrumbList","@id":"https:\/\/talia-fashion.pl\/produkt\/prosta-oversizowa-marynarka-jednorzedowa-boston\/#breadcrumb","itemListElement":[{"@type":"ListItem","position":1,"name":"Strona g\u0142\u00f3wna","item":"https:\/\/talia-fashion.pl\/"},{"@type":"ListItem","position":2,"name":"Sklep","item":"https:\/\/talia-fashion.pl\/sklep\/"},{"@type":"ListItem","position":3,"name":"Prosta oversizowa marynarka jednorz\u0119dowa Boston"}]},{"@type":"WebSite","@id":"https:\/\/talia-fashion.pl\/#website","url":"https:\/\/talia-fashion.pl\/","name":"Talia Fashion","description":"","potentialAction":[{"@type":"SearchAction","target":{"@type":"EntryPoint","urlTemplate":"https:\/\/talia-fashion.pl\/?s={search_term_string}"},"query-input":{"@type":"PropertyValueSpecification","valueRequired":true,"valueName":"search_term_string"}}],"inLanguage":"en-GB"}]}},"_links":{"self":[{"href":"https:\/\/talia-fashion.pl\/en\/wp-json\/wp\/v2\/product\/4843","targetHints":{"allow":["GET"]}}],"collection":[{"href":"https:\/\/talia-fashion.pl\/en\/wp-json\/wp\/v2\/product"}],"about":[{"href":"https:\/\/talia-fashion.pl\/en\/wp-json\/wp\/v2\/types\/product"}],"wp:featuredmedia":[{"embeddable":true,"href":"https:\/\/talia-fashion.pl\/en\/wp-json\/wp\/v2\/media\/749"}],"wp:attachment":[{"href":"https:\/\/talia-fashion.pl\/en\/wp-json\/wp\/v2\/media?parent=4843"}],"wp:term":[{"taxonomy":"product_cat","embeddable":true,"href":"https:\/\/talia-fashion.pl\/en\/wp-json\/wp\/v2\/product_cat?post=4843"},{"taxonomy":"product_tag","embeddable":true,"href":"https:\/\/talia-fashion.pl\/en\/wp-json\/wp\/v2\/product_tag?post=4843"}],"curies":[{"name":"wp","href":"https:\/\/api.w.org\/{rel}","templated":true}]}}