{"id":4832,"date":"2023-03-05T16:53:08","date_gmt":"2023-03-05T15:53:08","guid":{"rendered":"http:\/\/talia-fashion.pl\/produkt\/marynarka-jednorzedowa-z-kontrastowymi-guzikami-boston\/"},"modified":"2026-02-13T10:42:34","modified_gmt":"2026-02-13T09:42:34","slug":"marynarka-jednorzedowa-z-kontrastowymi-guzikami-boston","status":"publish","type":"product","link":"https:\/\/talia-fashion.pl\/en\/product\/marynarka-jednorzedowa-z-kontrastowymi-guzikami-boston\/","title":{"rendered":"Boston single-breasted blazer with contrasting buttons"},"content":{"rendered":"<p><span lang=\"DE\">Marynarka jednorz\u0119dowa z kontrastowymi guzikami Boston. Propozycja lekkiego okrycia wierzchniego z modn\u0105 lini\u0105 szerokich, nieco przeskalowanych ramion. Prosty kr\u00f3j, z delikatnie taliowanym ty\u0142em i zaszewkami z przodu. Klasyczne marynarkowe elementy: brustasza (kieszonka na piersi) oraz przednie kieszenie wyko\u0144czone ozdobnymi patkami. Ko\u0142nierz rewers modeluj\u0105cy dekolt w szpic. Guziki w kontrastowym kolorze, przyszywane r\u0119cznie, na wyko\u0144czeniu mankiet\u00f3w pe\u0142ni\u0105 rol\u0119 ozdoby. Bez rozporka z ty\u0142u. Marynarka na podszewce. Idealna jako wiosenne okrycie wierzchnie lub w roli tradycyjnej marynarki zak\u0142adanej pod trencz.<\/span><\/p>\n<p>Boston z przeskalowanymi ramionami, mo\u017cesz w\u0142o\u017cy\u0107 z Twoim ulubionym paskiem &#8211; niew\u0105tpliwie zrobi efekt &#8222;wow&#8221;. \u015awietnie b\u0119dzie wygl\u0105da\u0142 w stylizacji z w\u0105skimi spodniami lub o\u0142\u00f3wkow\u0105 sp\u00f3dnic\u0105. Idealnie nada si\u0119 r\u00f3wnie\u017c do stylizacji na lata 80-te. Zwyk\u0142y T-shirt, d\u017cinsy z wysokim stanem i r\u00f3\u017cowy Boston! &#8211; nie spos\u00f3b oboj\u0119tnie przej\u015b\u0107 obok takiej stylizacji. Wielozadaniowo\u015b\u0107 tej wiosennej marynarki jest niepodwa\u017calna. Smart casual, business look czy sportowy outfit &#8211; obcasy, mokasyny czy tenis\u00f3wki, nie ma znaczenia co wybierzesz, w ka\u017cdej z tych stylizacji b\u0119dziesz czu\u0142a si\u0119 pi\u0119knie i komfortowo.<\/p>\n<p><span lang=\"DE\">Zdj\u0119cie rzeczywiste &#8211; r\u00f3\u017cowy<\/span><br \/>\nDost\u0119pne kolory &#8211; r\u00f3\u017cowy, pomara\u0144czowy<\/p>\n<p><span lang=\"DE\">Dost\u0119pne kolory prezentujemy w naszej <a href=\"https:\/\/talia-fashion.pl\/en\/paleta-kolorow\/\">Colour palette<\/a> a tak\u017ce w innych fasonach p\u0142aszczy, na pozosta\u0142ych aukcjach. W razie w\u0105tpliwo\u015bci odno\u015bnie koloru, prosimy o kontakt.<\/span><\/p>\n<p><span lang=\"DE\">Dost\u0119pne rozmiary: S, M<br \/>\n<\/span><\/p>\n<p><span lang=\"DE\">Indicative dimensions:<\/span><br \/>\nXS \u2013 biust: 86-88 \/ biodra: 94-96 \/ d\u0142ugo\u015b\u0107: 75 \/ szeroko\u015b\u0107 ramion 34,5-35 \/ r\u0119kaw: 61<br \/>\nS \u2013 biust: 90-92 \/ biodra: 98-100 \/ d\u0142ugo\u015b\u0107: 75 \/ szeroko\u015b\u0107 ramion 35,5-36 \/ r\u0119kaw: 62<br \/>\nM \u2013 biust: 94-96 \/ biodra: 102-104 \/ d\u0142ugo\u015b\u0107: 75 \/ szeroko\u015b\u0107 ramion 37-37,5 \/ r\u0119kaw: 62<br \/>\nL \u2013 biust: 98-100 \/ biodra: 106-108 \/ d\u0142ugo\u015b\u0107:76 \/ szeroko\u015b\u0107 ramion 39,5-40 \/ r\u0119kaw: 63<br \/>\nXL \u2013 biust: 104-106 \/ biodra: 112-114 \/ d\u0142ugo\u015b\u0107:76 \/ \u00a0<span lang=\"DE\">shoulder width 42-42.5 \/\u00a0<\/span>sleeve: 63<\/p>\n<p><span lang=\"DE\">Interpretacj\u0119 powy\u017cszej tabeli przedstawiamy w naszej zak\u0142adce <a href=\"https:\/\/talia-fashion.pl\/en\/jak-dobrac-rozmiar\/\">How to choose a size?<\/a>, znajdziesz tam r\u00f3wnie\u017c wskaz\u00f3wki jak si\u0119 zmierzy\u0107.<\/span><\/p>\n<p><span lang=\"DE\">Material: 63% polyester, 33% viscose, 4% elastane<\/span><br \/>\nLining: 100% acetate<br \/>\nLike viscose, acetate is produced from cellulose. Acetate yarn can also be made from recycled cellulose such as paper. The acetate lining is excellent at absorbing moisture and allowing air to pass through. It is coated with an antistatic apprettee and is OEKOtex\u00ae Standard 100 certified.<\/p>\n<p>Marynark\u0119 nale\u017cy czy\u015bci\u0107 chemicznie. Odpowiednie wieszanie, wietrzenie i unikanie zahacze\u0144 sprawi, \u017ce Tw\u00f3j p\u0142aszczyk d\u0142ugo pozostanie pi\u0119kny. Dodatkowo podpowiadamy jak w prosty spos\u00f3b dba\u0107 o p\u0142aszcz by m\u00f3c cieszy\u0107 si\u0119 nim latami <a href=\"https:\/\/talia-fashion.pl\/en\/jak-pielegnowac-i-dbac-o-plaszcz\/\">How to nurture and care for the coat?<\/a>\u00a0 Przed\u0142u\u017caj\u0105c \u017cycie swojej garderoby pomagasz chroni\u0107 \u015brodowisko.<\/p>\n<p><span lang=\"DE\">Marynarka jednorz\u0119dowa z kontrastowymi guzikami Boston zosta\u0142a zaprojektowana i uszyta w naszej pracowni. Piel\u0119gnujemy rodzinn\u0105 tradycj\u0119 i uprawiamy klasyczne krawiectwo. Nie szyjemy p\u0142aszczy na magazyn, nie znajdziesz te\u017c u nas tzw. produkcji liniowej a ka\u017cdy guzik jest przyszyty r\u0119cznie.<\/span><\/p>\n<p><span lang=\"DE\">We also offer the possibility of <strong>Individual orders<\/strong>, czyli z drobnymi modyfikacjami na \u017cyczenie Klienta. W p\u0142aszczyku mo\u017cemy skr\u00f3ci\u0107, b\u0105d\u017a wyd\u0142u\u017cy\u0107 r\u0119kawy, skr\u00f3ci\u0107 lub wyd\u0142u\u017cy\u0107 d\u0142ugo\u015b\u0107 p\u0142aszcza. Koszt takiej us\u0142ugi ustalamy indywidualnie po uprzednim kontakcie.<\/span><\/p>\n<p><span lang=\"DE\">Czas realizacji uzale\u017cniamy od aktualnego stanu magazynowego w firmie oraz dost\u0119pno\u015bci danego koloru materia\u0142u. Je\u015bli dany p\u0142aszcz jest dost\u0119pny w firmie, realizacja zam\u00f3wienia nast\u0105pi bardzo szybko 2-5 dni roboczych. Je\u015bli konieczna jest uszycie p\u0142aszcza lub indywidualizacja zam\u00f3wienia \u2013 wykonanie przer\u00f3bki lub uszycie nowego p\u0142aszcza \u2013 czas realizacji zam\u00f3wienia mo\u017ce ulec wyd\u0142u\u017ceniu, maksymalnie do 2 tygodni.<\/span><\/p>\n<p>Prosimy o cierpliwo\u015b\u0107, musimy uszy\u0107 ten p\u0142aszczyk dla Ciebie.<\/p>\n<p>You are welcome, stay with us and watch us on\u00a0<a href=\"https:\/\/www.facebook.com\/talia.plaszcze\">Facebook<\/a>\u00a0and\u00a0<a href=\"https:\/\/www.instagram.com\/talia_plaszcze\/\">Instagram<\/a>.<\/p>","protected":false},"excerpt":{"rendered":"<p>Marynarka jednorz\u0119dowa z kontrastowymi guzikami Boston. Propozycja lekkiego okrycia wierzchniego z modn\u0105 lini\u0105 szerokich, nieco przeskalowanych ramion. Prosty kr\u00f3j, z delikatnie taliowanym&hellip;<\/p>","protected":false},"featured_media":746,"template":"","meta":{"_acf_changed":false},"product_cat":[55],"product_tag":[235,78,34,39,40,90,80,116,41,42,43,47,84,49,50,51,62,117],"class_list":{"0":"post-4832","1":"product","2":"type-product","3":"status-publish","4":"has-post-thumbnail","6":"product_cat-plaszcze-krotsze","7":"product_tag-brustasza","8":"product_tag-dla-roznych-sylwetek","9":"product_tag-handmade","10":"product_tag-klasyczny","11":"product_tag-kolnierz","12":"product_tag-krotki-plaszcz","13":"product_tag-luzny-kroj","14":"product_tag-marynarka","15":"product_tag-na-podszewce","16":"product_tag-nowosc","17":"product_tag-plaszcz-damski","18":"product_tag-plaszcz-na-guziki","19":"product_tag-plaszcz-oversizowy","20":"product_tag-plaszcz-wiosenny","21":"product_tag-plaszcz-z-rewersem","22":"product_tag-prosty","23":"product_tag-uszyty-w-polsce","24":"product_tag-zakiet","26":"first","27":"instock","28":"shipping-taxable","29":"purchasable","30":"product-type-variable","31":"has-default-attributes"},"acf":[],"yoast_head":"<!-- This site is optimized with the Yoast SEO plugin v25.7 - https:\/\/yoast.com\/wordpress\/plugins\/seo\/ -->\n<title>Marynarka jednorz\u0119dowa z kontrastowymi guzikami Boston - Talia Fashion<\/title>\n<meta name=\"description\" content=\"Marynarka jednorz\u0119dowa z kontrastowymi guzikami Boston - wiosenne, lekkie okrycie wierzchnie. P\u0142aszcze szyjemy r\u0119cznie w naszej pracowni w Poznaniu.\" \/>\n<meta name=\"robots\" content=\"index, follow, max-snippet:-1, max-image-preview:large, max-video-preview:-1\" \/>\n<link rel=\"canonical\" href=\"https:\/\/talia-fashion.pl\/en\/product\/marynarka-jednorzedowa-z-kontrastowymi-guzikami-boston\/\" \/>\n<meta property=\"og:locale\" content=\"en_GB\" \/>\n<meta property=\"og:type\" content=\"article\" \/>\n<meta property=\"og:title\" content=\"Marynarka jednorz\u0119dowa z kontrastowymi guzikami Boston - Talia Fashion\" \/>\n<meta property=\"og:description\" content=\"Marynarka jednorz\u0119dowa z kontrastowymi guzikami Boston - wiosenne, lekkie okrycie wierzchnie. P\u0142aszcze szyjemy r\u0119cznie w naszej pracowni w Poznaniu.\" \/>\n<meta property=\"og:url\" content=\"https:\/\/talia-fashion.pl\/en\/product\/marynarka-jednorzedowa-z-kontrastowymi-guzikami-boston\/\" \/>\n<meta property=\"og:site_name\" content=\"Talia Fashion\" \/>\n<meta property=\"article:modified_time\" content=\"2026-02-13T09:42:34+00:00\" \/>\n<meta property=\"og:image\" content=\"https:\/\/talia-fashion.pl\/wp-content\/uploads\/2024\/10\/marynarka-jednorzedowa-z-kontrastowymi-guzikami.jpg\" \/>\n\t<meta property=\"og:image:width\" content=\"1500\" \/>\n\t<meta property=\"og:image:height\" content=\"2000\" \/>\n\t<meta property=\"og:image:type\" content=\"image\/jpeg\" \/>\n<meta name=\"twitter:card\" content=\"summary_large_image\" \/>\n<meta name=\"twitter:label1\" content=\"Estimated reading time\" \/>\n\t<meta name=\"twitter:data1\" content=\"3 minutes\" \/>\n<script type=\"application\/ld+json\" class=\"yoast-schema-graph\">{\"@context\":\"https:\/\/schema.org\",\"@graph\":[{\"@type\":\"WebPage\",\"@id\":\"https:\/\/talia-fashion.pl\/produkt\/marynarka-jednorzedowa-z-kontrastowymi-guzikami-boston\/\",\"url\":\"https:\/\/talia-fashion.pl\/produkt\/marynarka-jednorzedowa-z-kontrastowymi-guzikami-boston\/\",\"name\":\"Marynarka jednorz\u0119dowa z kontrastowymi guzikami Boston - Talia Fashion\",\"isPartOf\":{\"@id\":\"https:\/\/talia-fashion.pl\/#website\"},\"primaryImageOfPage\":{\"@id\":\"https:\/\/talia-fashion.pl\/produkt\/marynarka-jednorzedowa-z-kontrastowymi-guzikami-boston\/#primaryimage\"},\"image\":{\"@id\":\"https:\/\/talia-fashion.pl\/produkt\/marynarka-jednorzedowa-z-kontrastowymi-guzikami-boston\/#primaryimage\"},\"thumbnailUrl\":\"https:\/\/talia-fashion.pl\/wp-content\/uploads\/2024\/10\/marynarka-jednorzedowa-z-kontrastowymi-guzikami.jpg\",\"datePublished\":\"2023-03-05T15:53:08+00:00\",\"dateModified\":\"2026-02-13T09:42:34+00:00\",\"description\":\"Marynarka jednorz\u0119dowa z kontrastowymi guzikami Boston - wiosenne, lekkie okrycie wierzchnie. P\u0142aszcze szyjemy r\u0119cznie w naszej pracowni w Poznaniu.\",\"breadcrumb\":{\"@id\":\"https:\/\/talia-fashion.pl\/produkt\/marynarka-jednorzedowa-z-kontrastowymi-guzikami-boston\/#breadcrumb\"},\"inLanguage\":\"en-GB\",\"potentialAction\":[{\"@type\":\"ReadAction\",\"target\":[\"https:\/\/talia-fashion.pl\/produkt\/marynarka-jednorzedowa-z-kontrastowymi-guzikami-boston\/\"]}]},{\"@type\":\"ImageObject\",\"inLanguage\":\"en-GB\",\"@id\":\"https:\/\/talia-fashion.pl\/produkt\/marynarka-jednorzedowa-z-kontrastowymi-guzikami-boston\/#primaryimage\",\"url\":\"https:\/\/talia-fashion.pl\/wp-content\/uploads\/2024\/10\/marynarka-jednorzedowa-z-kontrastowymi-guzikami.jpg\",\"contentUrl\":\"https:\/\/talia-fashion.pl\/wp-content\/uploads\/2024\/10\/marynarka-jednorzedowa-z-kontrastowymi-guzikami.jpg\",\"width\":1500,\"height\":2000,\"caption\":\"Marynarka jednorz\u0119dowa w kolorze r\u00f3\u017cowym, z kontrastowymi guzikami,.\"},{\"@type\":\"BreadcrumbList\",\"@id\":\"https:\/\/talia-fashion.pl\/produkt\/marynarka-jednorzedowa-z-kontrastowymi-guzikami-boston\/#breadcrumb\",\"itemListElement\":[{\"@type\":\"ListItem\",\"position\":1,\"name\":\"Strona g\u0142\u00f3wna\",\"item\":\"https:\/\/talia-fashion.pl\/\"},{\"@type\":\"ListItem\",\"position\":2,\"name\":\"Sklep\",\"item\":\"https:\/\/talia-fashion.pl\/sklep\/\"},{\"@type\":\"ListItem\",\"position\":3,\"name\":\"Marynarka jednorz\u0119dowa z kontrastowymi guzikami Boston\"}]},{\"@type\":\"WebSite\",\"@id\":\"https:\/\/talia-fashion.pl\/#website\",\"url\":\"https:\/\/talia-fashion.pl\/\",\"name\":\"Talia Fashion\",\"description\":\"\",\"potentialAction\":[{\"@type\":\"SearchAction\",\"target\":{\"@type\":\"EntryPoint\",\"urlTemplate\":\"https:\/\/talia-fashion.pl\/?s={search_term_string}\"},\"query-input\":{\"@type\":\"PropertyValueSpecification\",\"valueRequired\":true,\"valueName\":\"search_term_string\"}}],\"inLanguage\":\"en-GB\"}]}<\/script>\n<!-- \/ Yoast SEO plugin. -->","yoast_head_json":{"title":"Marynarka jednorz\u0119dowa z kontrastowymi guzikami Boston - Talia Fashion","description":"Marynarka jednorz\u0119dowa z kontrastowymi guzikami Boston - wiosenne, lekkie okrycie wierzchnie. P\u0142aszcze szyjemy r\u0119cznie w naszej pracowni w Poznaniu.","robots":{"index":"index","follow":"follow","max-snippet":"max-snippet:-1","max-image-preview":"max-image-preview:large","max-video-preview":"max-video-preview:-1"},"canonical":"https:\/\/talia-fashion.pl\/en\/product\/marynarka-jednorzedowa-z-kontrastowymi-guzikami-boston\/","og_locale":"en_GB","og_type":"article","og_title":"Marynarka jednorz\u0119dowa z kontrastowymi guzikami Boston - Talia Fashion","og_description":"Marynarka jednorz\u0119dowa z kontrastowymi guzikami Boston - wiosenne, lekkie okrycie wierzchnie. P\u0142aszcze szyjemy r\u0119cznie w naszej pracowni w Poznaniu.","og_url":"https:\/\/talia-fashion.pl\/en\/product\/marynarka-jednorzedowa-z-kontrastowymi-guzikami-boston\/","og_site_name":"Talia Fashion","article_modified_time":"2026-02-13T09:42:34+00:00","og_image":[{"width":1500,"height":2000,"url":"https:\/\/talia-fashion.pl\/wp-content\/uploads\/2024\/10\/marynarka-jednorzedowa-z-kontrastowymi-guzikami.jpg","type":"image\/jpeg"}],"twitter_card":"summary_large_image","twitter_misc":{"Estimated reading time":"3 minutes"},"schema":{"@context":"https:\/\/schema.org","@graph":[{"@type":"WebPage","@id":"https:\/\/talia-fashion.pl\/produkt\/marynarka-jednorzedowa-z-kontrastowymi-guzikami-boston\/","url":"https:\/\/talia-fashion.pl\/produkt\/marynarka-jednorzedowa-z-kontrastowymi-guzikami-boston\/","name":"Marynarka jednorz\u0119dowa z kontrastowymi guzikami Boston - Talia Fashion","isPartOf":{"@id":"https:\/\/talia-fashion.pl\/#website"},"primaryImageOfPage":{"@id":"https:\/\/talia-fashion.pl\/produkt\/marynarka-jednorzedowa-z-kontrastowymi-guzikami-boston\/#primaryimage"},"image":{"@id":"https:\/\/talia-fashion.pl\/produkt\/marynarka-jednorzedowa-z-kontrastowymi-guzikami-boston\/#primaryimage"},"thumbnailUrl":"https:\/\/talia-fashion.pl\/wp-content\/uploads\/2024\/10\/marynarka-jednorzedowa-z-kontrastowymi-guzikami.jpg","datePublished":"2023-03-05T15:53:08+00:00","dateModified":"2026-02-13T09:42:34+00:00","description":"Marynarka jednorz\u0119dowa z kontrastowymi guzikami Boston - wiosenne, lekkie okrycie wierzchnie. P\u0142aszcze szyjemy r\u0119cznie w naszej pracowni w Poznaniu.","breadcrumb":{"@id":"https:\/\/talia-fashion.pl\/produkt\/marynarka-jednorzedowa-z-kontrastowymi-guzikami-boston\/#breadcrumb"},"inLanguage":"en-GB","potentialAction":[{"@type":"ReadAction","target":["https:\/\/talia-fashion.pl\/produkt\/marynarka-jednorzedowa-z-kontrastowymi-guzikami-boston\/"]}]},{"@type":"ImageObject","inLanguage":"en-GB","@id":"https:\/\/talia-fashion.pl\/produkt\/marynarka-jednorzedowa-z-kontrastowymi-guzikami-boston\/#primaryimage","url":"https:\/\/talia-fashion.pl\/wp-content\/uploads\/2024\/10\/marynarka-jednorzedowa-z-kontrastowymi-guzikami.jpg","contentUrl":"https:\/\/talia-fashion.pl\/wp-content\/uploads\/2024\/10\/marynarka-jednorzedowa-z-kontrastowymi-guzikami.jpg","width":1500,"height":2000,"caption":"Marynarka jednorz\u0119dowa w kolorze r\u00f3\u017cowym, z kontrastowymi guzikami,."},{"@type":"BreadcrumbList","@id":"https:\/\/talia-fashion.pl\/produkt\/marynarka-jednorzedowa-z-kontrastowymi-guzikami-boston\/#breadcrumb","itemListElement":[{"@type":"ListItem","position":1,"name":"Strona g\u0142\u00f3wna","item":"https:\/\/talia-fashion.pl\/"},{"@type":"ListItem","position":2,"name":"Sklep","item":"https:\/\/talia-fashion.pl\/sklep\/"},{"@type":"ListItem","position":3,"name":"Marynarka jednorz\u0119dowa z kontrastowymi guzikami Boston"}]},{"@type":"WebSite","@id":"https:\/\/talia-fashion.pl\/#website","url":"https:\/\/talia-fashion.pl\/","name":"Talia Fashion","description":"","potentialAction":[{"@type":"SearchAction","target":{"@type":"EntryPoint","urlTemplate":"https:\/\/talia-fashion.pl\/?s={search_term_string}"},"query-input":{"@type":"PropertyValueSpecification","valueRequired":true,"valueName":"search_term_string"}}],"inLanguage":"en-GB"}]}},"_links":{"self":[{"href":"https:\/\/talia-fashion.pl\/en\/wp-json\/wp\/v2\/product\/4832","targetHints":{"allow":["GET"]}}],"collection":[{"href":"https:\/\/talia-fashion.pl\/en\/wp-json\/wp\/v2\/product"}],"about":[{"href":"https:\/\/talia-fashion.pl\/en\/wp-json\/wp\/v2\/types\/product"}],"wp:featuredmedia":[{"embeddable":true,"href":"https:\/\/talia-fashion.pl\/en\/wp-json\/wp\/v2\/media\/746"}],"wp:attachment":[{"href":"https:\/\/talia-fashion.pl\/en\/wp-json\/wp\/v2\/media?parent=4832"}],"wp:term":[{"taxonomy":"product_cat","embeddable":true,"href":"https:\/\/talia-fashion.pl\/en\/wp-json\/wp\/v2\/product_cat?post=4832"},{"taxonomy":"product_tag","embeddable":true,"href":"https:\/\/talia-fashion.pl\/en\/wp-json\/wp\/v2\/product_tag?post=4832"}],"curies":[{"name":"wp","href":"https:\/\/api.w.org\/{rel}","templated":true}]}}