{"id":4821,"date":"2023-03-05T15:00:10","date_gmt":"2023-03-05T14:00:10","guid":{"rendered":"http:\/\/talia-fashion.pl\/produkt\/melanzowy-welniany-plaszcz-z-kaszmirem-ola\/"},"modified":"2026-02-05T07:05:08","modified_gmt":"2026-02-05T06:05:08","slug":"melanzowy-welniany-plaszcz-z-kaszmirem-ola","status":"publish","type":"product","link":"https:\/\/talia-fashion.pl\/en\/product\/melanzowy-welniany-plaszcz-z-kaszmirem-ola\/","title":{"rendered":"Melange wool coat with cashmere Ola"},"content":{"rendered":"<p>Melan\u017cowy we\u0142niany p\u0142aszcz z kaszmirem Ola to model o klasycznej linii. Dwurz\u0119dowy, jednak\u017ce zapinany na jeden guzik (drugi pe\u0142ni rol\u0119 ozdoby).\u00a0 Ozdobny, lekko poszerzany ko\u0142nierz typu rewers. Przednie po\u0142y p\u0142aszcza profilowane, bez zaszewek. Ty\u0142 taliowany, bez rozporka. Do podkre\u015blenia talii &#8211; pasek uszyty z tej samej tkaniny. Dwie przednie, uko\u015bnie wszyte, wpuszczane kieszenie, zako\u0144czone ozdobnymi listewkami. D\u0142ugo\u015b\u0107 w kolano. Ol\u0119 szyjemy z wysokiej jako\u015bci we\u0142nianego materia\u0142u i podszywamy na ca\u0142o\u015bci podszewk\u0105. Dodatkowo p\u0142aszcz jest ocieplany. Idealna pozycja w Twojej garderobie na ch\u0142ody jesienno-zimowe.<\/p>\n<p>Melan\u017c to po\u0142\u0105czenie nitek o r\u00f3\u017cnych barwach, dzi\u0119ki czemu powstaje ciekawy efekt ko\u0144cowy i ka\u017cdy p\u0142aszcz wygl\u0105da inaczej. A Ty b\u0119dziesz prezentowa\u0107 si\u0119 niebanalnie i zjawiskowo! Klasyczny w stylu p\u0142aszcz mo\u017cesz zestawi\u0107 z eleganckimi spodniami o modnej szerokiej nogawce lub postawi\u0107 na cygaretki i kozaki na szpilce. Dla mi\u0142o\u015bniczek sportowego stylu, doskonale sprawdz\u0105 si\u0119 sportowe buty na p\u0142askiej podeszwie, takie jak trampki, adidasy, a w zimniejsze dni botki typu UGG . Casualowo lub biznesowo &#8211; lepiej nie mo\u017cesz trafi\u0107 z wyborem p\u0142aszcza &#8211; ten model dopasuje si\u0119 do ka\u017cdej sytuacji.<\/p>\n<p><span lang=\"DE\">Zdj\u0119cie rzeczywiste &#8211; czarny melan\u017c<\/span><br \/>\nAvailable colours<span lang=\"DE\">: czarny melan\u017c (brak), szary melan\u017c (tylko M)<br \/>\n<\/span><\/p>\n<p>Kolory mo\u017cesz sprawdzi\u0107 w naszej <a href=\"https:\/\/talia-fashion.pl\/en\/paleta-kolorow\/\">Colour palette<\/a> as well as on the other auctions of other coat models in our shop.<\/p>\n<p><span lang=\"DE\">Available sizes: XS, S, M, L, XL<\/span><\/p>\n<p><span lang=\"DE\">Indicative dimensions:<\/span><br \/>\nXS - bust: 86-88 \/ hips 94-96 \/ length: 97 \/ shoulder width 34.5-35 \/ sleeve 61<br \/>\nS - bust: 90-92 \/ hips: 98-100 \/ length: 98 \/ shoulder width 35.5-36 \/ sleeve: 62<br \/>\nM - bust: 94-96 \/ hips: 102-104 \/ length: 98 \/ shoulder width 37.5 \/ sleeve: 62<br \/>\nL - bust: 98-100 \/ hips: 106-108 \/ length: 98 \/ shoulder width 39.5-40 \/ sleeve: 63<br \/>\nXL - bust: 104-106 \/ hips: 112-114 \/ length: 98 \/ shoulder width 42-42.5 \/ sleeve: 64<\/p>\n<p><span lang=\"DE\">How to measure yourself and how to interpret our table is explained in our short guide <a href=\"https:\/\/talia-fashion.pl\/en\/jak-dobrac-rozmiar\/\">How to choose a size?<\/a>\u00a0 If you have any further questions or concerns, please do not hesitate to contact us.<\/span><\/p>\n<p><span lang=\"DE\">Materia\u0142: 97<\/span><span lang=\"DE\">% we\u0142na dziewicza, 3% kaszmir<\/span><br \/>\nLining: 100% acetate<br \/>\nLike viscose, acetate is produced from cellulose. Acetate yarn can also be made from recycled cellulose such as paper. The acetate lining is excellent at absorbing moisture and allowing air to pass through. It is coated with an antistatic apprettee and is OEKOtex\u00ae Standard 100 certified.<\/p>\n<p>Insulation: 100% non-woven recycled polyester<br \/>\nOur coats are insulated with a compressed thermo-insulating quilted fleece on the lining. The fleece is made from recycled polyester fibres. The material is lightweight, thin and at the same time perfectly insulating. The insulating fleece we use is resistant to moisture (it retains its insulating properties and warming effect even in damp conditions), stops the wind, is hypoallergenic and breathable. It is OEKOtex\u00ae Standard 100 certified.<\/p>\n<p><span lang=\"DE\">Wszystkie nasze modele p\u0142aszczy projektujemy <\/span><span lang=\"DE\">w naszej rodzinnej pracowni, w Poznaniu. Wykonujemy je tradycyjnymi metodami, przyk\u0142adaj\u0105c uwag\u0119 do ka\u017cdego szczeg\u00f3\u0142u. Ka\u017cdy nasz p\u0142aszcz jest wyj\u0105tkowy, gdy\u017c nie znajdziesz u nas produkcji ta\u015bmowej. Szukamy idealnego materia\u0142u, nabieramy koncepcji, szyjemy pr\u00f3bnie. R\u0119cznie dopasowujemy wykroje i r\u00f3wnie\u017c r\u0119cznie przyszywamy ka\u017cdy guzik. P\u0142aszcze to nasza pasja.<\/span><\/p>\n<p><span lang=\"DE\">Mo\u017cemy na Twoje specjalnie \u017cyczenie wykona\u0107 pewne modyfikacje w p\u0142aszczu &#8211; skr\u00f3cenia, b\u0105d\u017a wyd\u0142u\u017cenie r\u0119kaw\u00f3w, wyd\u0142u\u017cenia i skr\u00f3cenie p\u0142aszcza. Takie\u00a0 <strong>Indywidualne<\/strong> <strong>Order <\/strong>wyceniamy po uprzednim kontakcie i okre\u015bleniu mo\u017cliwo\u015bci oraz wielko\u015bci zmian.<\/span><\/p>\n<p><span lang=\"DE\"><strong>An individual order is not subject to exchange or refund.<\/strong><\/span><\/p>\n<p><span style=\"font-family: 'Helvetica','sans-serif'; color: #858585; background: white;\">Melan\u017cowy we\u0142niany p\u0142aszcz z kaszmirem Ola nale\u017cy czy\u015bci\u0107 chemicznie. Aby d\u0142ugo cieszy\u0107 si\u0119 pi\u0119knym p\u0142aszczem polecamy do cz\u0119stego od\u015bwie\u017cania we\u0142ny <a href=\"https:\/\/talia-fashion.pl\/en\/product\/szczotka-do-czyszczenia-i-pielegnacji-plaszcza\/\">Brush for cleaning and care of the coat<\/a>which can be purchased in our shop. <a href=\"https:\/\/talia-fashion.pl\/en\/jak-pielegnowac-i-dbac-o-plaszcz\/\">How to nurture and care for the coat?<\/a> dowiesz si\u0119 z naszego kr\u00f3tkiego poradnika. Wystarczy kilka prostych nawyk\u00f3w\u00a0aby przed\u0142u\u017cy\u0107 \u017cywotno\u015b\u0107 p\u0142aszcza a tym samym zadba\u0107 o \u015brodowisko. Im d\u0142u\u017cej nosisz, tym mniej zanieczyszczasz.<\/span><\/p>\n<p><span lang=\"DE\">The lead time depends on the company's current stock and the availability of a given fabric colour. If a given coat is available in the company, the order will be realised very quickly - 2-5 working days. If individualisation of the order is necessary - making alterations or sewing a new coat - the lead time may be extended to a maximum of 2 weeks.<\/span><\/p>\n<p>Prosimy o cierpliwo\u015b\u0107 w oczekiwaniu na realizacj\u0119 zam\u00f3wienia. Uprawiamy klasyczne krawiectwo, dlatego nie szyjemy naszych p\u0142aszczy na magazyn. Dok\u0142adamy wszelkich stara\u0144 aby jak najszybciej uszy\u0107 ten p\u0142aszczyk dla Ciebie.<\/p>\n<p><strong>Thanks for supporting local crafts \ud83d\ude42<\/strong><\/p>\n<p>To keep up to date, we invite you to like our fanpag on <a href=\"https:\/\/www.facebook.com\/talia.plaszcze\">Facebook<\/a> i <a href=\"https:\/\/www.instagram.com\/talia_plaszcze\/\">Instagram<\/a>.<\/p>","protected":false},"excerpt":{"rendered":"<p>Melan\u017cowy we\u0142niany p\u0142aszcz z kaszmirem Ola to model o klasycznej linii. Dwurz\u0119dowy, jednak\u017ce zapinany na jeden guzik (drugi pe\u0142ni rol\u0119 ozdoby).\u00a0 Ozdobny,&hellip;<\/p>","protected":false},"featured_media":741,"template":"","meta":{"_acf_changed":false},"product_cat":[104,29],"product_tag":[78,33,34,39,40,66,239,41,67,222,105,43,91,46,47,85,50,60,61,53,63,110],"class_list":{"0":"post-4821","1":"product","2":"type-product","3":"status-publish","4":"has-post-thumbnail","6":"product_cat-ostatnie-sztuki","7":"product_cat-sale-plaszcz-damski-w-promocji","8":"product_tag-dla-roznych-sylwetek","9":"product_tag-dwurzedowy","10":"product_tag-handmade","11":"product_tag-klasyczny","12":"product_tag-kolnierz","13":"product_tag-kurtka-zimowa-ocieplana","14":"product_tag-melanzowy-plaszcz","15":"product_tag-na-podszewce","16":"product_tag-ocieplany","17":"product_tag-ostanie-sztuki","18":"product_tag-ostatnie-sztuki","19":"product_tag-plaszcz-damski","20":"product_tag-plaszcz-damski-zimowy","21":"product_tag-plaszcz-dwurzedowy","22":"product_tag-plaszcz-na-guziki","23":"product_tag-plaszcz-welniany","24":"product_tag-plaszcz-z-rewersem","25":"product_tag-producent-plaszczy-damskich","26":"product_tag-recznie-szyty","27":"product_tag-welna","28":"product_tag-welniany","29":"product_tag-z-paskiem","31":"first","32":"instock","33":"sale","34":"shipping-taxable","35":"purchasable","36":"product-type-variable","37":"has-default-attributes"},"acf":[],"yoast_head":"<!-- This site is optimized with the Yoast SEO plugin v25.7 - https:\/\/yoast.com\/wordpress\/plugins\/seo\/ -->\n<title>Melan\u017cowy we\u0142niany p\u0142aszcz z kaszmirem Ola - polskie p\u0142aszcze<\/title>\n<meta name=\"description\" content=\"Melan\u017cowy we\u0142niany p\u0142aszcz z kaszmirem Ola uszyty w Polsce z wysokiej jako\u015bci we\u0142nianej tkaniny z kaszmirem. Klasyczna linia. Handmade in Poland.\" \/>\n<meta name=\"robots\" content=\"index, follow, max-snippet:-1, max-image-preview:large, max-video-preview:-1\" \/>\n<link rel=\"canonical\" href=\"https:\/\/talia-fashion.pl\/en\/product\/melanzowy-welniany-plaszcz-z-kaszmirem-ola\/\" \/>\n<meta property=\"og:locale\" content=\"en_GB\" \/>\n<meta property=\"og:type\" content=\"article\" \/>\n<meta property=\"og:title\" content=\"Melan\u017cowy we\u0142niany p\u0142aszcz z kaszmirem Ola - polskie p\u0142aszcze\" \/>\n<meta property=\"og:description\" content=\"Melan\u017cowy we\u0142niany p\u0142aszcz z kaszmirem Ola uszyty w Polsce z wysokiej jako\u015bci we\u0142nianej tkaniny z kaszmirem. Klasyczna linia. Handmade in Poland.\" \/>\n<meta property=\"og:url\" content=\"https:\/\/talia-fashion.pl\/en\/product\/melanzowy-welniany-plaszcz-z-kaszmirem-ola\/\" \/>\n<meta property=\"og:site_name\" content=\"Talia Fashion\" \/>\n<meta property=\"article:modified_time\" content=\"2026-02-05T06:05:08+00:00\" \/>\n<meta property=\"og:image\" content=\"https:\/\/talia-fashion.pl\/wp-content\/uploads\/2024\/10\/melanzowy-welniany-plaszcz-kaszmir-ocieplany-klasyczny.jpg\" \/>\n\t<meta property=\"og:image:width\" content=\"1500\" \/>\n\t<meta property=\"og:image:height\" content=\"2000\" \/>\n\t<meta property=\"og:image:type\" content=\"image\/jpeg\" \/>\n<meta name=\"twitter:card\" content=\"summary_large_image\" \/>\n<meta name=\"twitter:label1\" content=\"Estimated reading time\" \/>\n\t<meta name=\"twitter:data1\" content=\"4 minutes\" \/>\n<script type=\"application\/ld+json\" class=\"yoast-schema-graph\">{\"@context\":\"https:\/\/schema.org\",\"@graph\":[{\"@type\":\"WebPage\",\"@id\":\"https:\/\/talia-fashion.pl\/produkt\/melanzowy-welniany-plaszcz-z-kaszmirem-ola\/\",\"url\":\"https:\/\/talia-fashion.pl\/produkt\/melanzowy-welniany-plaszcz-z-kaszmirem-ola\/\",\"name\":\"Melan\u017cowy we\u0142niany p\u0142aszcz z kaszmirem Ola - polskie p\u0142aszcze\",\"isPartOf\":{\"@id\":\"https:\/\/talia-fashion.pl\/#website\"},\"primaryImageOfPage\":{\"@id\":\"https:\/\/talia-fashion.pl\/produkt\/melanzowy-welniany-plaszcz-z-kaszmirem-ola\/#primaryimage\"},\"image\":{\"@id\":\"https:\/\/talia-fashion.pl\/produkt\/melanzowy-welniany-plaszcz-z-kaszmirem-ola\/#primaryimage\"},\"thumbnailUrl\":\"https:\/\/talia-fashion.pl\/wp-content\/uploads\/2024\/10\/melanzowy-welniany-plaszcz-kaszmir-ocieplany-klasyczny.jpg\",\"datePublished\":\"2023-03-05T14:00:10+00:00\",\"dateModified\":\"2026-02-05T06:05:08+00:00\",\"description\":\"Melan\u017cowy we\u0142niany p\u0142aszcz z kaszmirem Ola uszyty w Polsce z wysokiej jako\u015bci we\u0142nianej tkaniny z kaszmirem. Klasyczna linia. Handmade in Poland.\",\"breadcrumb\":{\"@id\":\"https:\/\/talia-fashion.pl\/produkt\/melanzowy-welniany-plaszcz-z-kaszmirem-ola\/#breadcrumb\"},\"inLanguage\":\"en-GB\",\"potentialAction\":[{\"@type\":\"ReadAction\",\"target\":[\"https:\/\/talia-fashion.pl\/produkt\/melanzowy-welniany-plaszcz-z-kaszmirem-ola\/\"]}]},{\"@type\":\"ImageObject\",\"inLanguage\":\"en-GB\",\"@id\":\"https:\/\/talia-fashion.pl\/produkt\/melanzowy-welniany-plaszcz-z-kaszmirem-ola\/#primaryimage\",\"url\":\"https:\/\/talia-fashion.pl\/wp-content\/uploads\/2024\/10\/melanzowy-welniany-plaszcz-kaszmir-ocieplany-klasyczny.jpg\",\"contentUrl\":\"https:\/\/talia-fashion.pl\/wp-content\/uploads\/2024\/10\/melanzowy-welniany-plaszcz-kaszmir-ocieplany-klasyczny.jpg\",\"width\":1500,\"height\":2000,\"caption\":\"Melan\u017cowy we\u0142niany p\u0142aszcz zimowy z dodatkiem kaszmiru. Klasyczny kr\u00f3j, wi\u0105zany w pasie. Dopasowany ty\u0142 i profilowny prz\u00f3d. Klapy wyko\u0144czone rewersem.\"},{\"@type\":\"BreadcrumbList\",\"@id\":\"https:\/\/talia-fashion.pl\/produkt\/melanzowy-welniany-plaszcz-z-kaszmirem-ola\/#breadcrumb\",\"itemListElement\":[{\"@type\":\"ListItem\",\"position\":1,\"name\":\"Strona g\u0142\u00f3wna\",\"item\":\"https:\/\/talia-fashion.pl\/\"},{\"@type\":\"ListItem\",\"position\":2,\"name\":\"Sklep\",\"item\":\"https:\/\/talia-fashion.pl\/sklep\/\"},{\"@type\":\"ListItem\",\"position\":3,\"name\":\"Melan\u017cowy we\u0142niany p\u0142aszcz z kaszmirem Ola\"}]},{\"@type\":\"WebSite\",\"@id\":\"https:\/\/talia-fashion.pl\/#website\",\"url\":\"https:\/\/talia-fashion.pl\/\",\"name\":\"Talia Fashion\",\"description\":\"\",\"potentialAction\":[{\"@type\":\"SearchAction\",\"target\":{\"@type\":\"EntryPoint\",\"urlTemplate\":\"https:\/\/talia-fashion.pl\/?s={search_term_string}\"},\"query-input\":{\"@type\":\"PropertyValueSpecification\",\"valueRequired\":true,\"valueName\":\"search_term_string\"}}],\"inLanguage\":\"en-GB\"}]}<\/script>\n<!-- \/ Yoast SEO plugin. -->","yoast_head_json":{"title":"Melan\u017cowy we\u0142niany p\u0142aszcz z kaszmirem Ola - polskie p\u0142aszcze","description":"Melan\u017cowy we\u0142niany p\u0142aszcz z kaszmirem Ola uszyty w Polsce z wysokiej jako\u015bci we\u0142nianej tkaniny z kaszmirem. Klasyczna linia. Handmade in Poland.","robots":{"index":"index","follow":"follow","max-snippet":"max-snippet:-1","max-image-preview":"max-image-preview:large","max-video-preview":"max-video-preview:-1"},"canonical":"https:\/\/talia-fashion.pl\/en\/product\/melanzowy-welniany-plaszcz-z-kaszmirem-ola\/","og_locale":"en_GB","og_type":"article","og_title":"Melan\u017cowy we\u0142niany p\u0142aszcz z kaszmirem Ola - polskie p\u0142aszcze","og_description":"Melan\u017cowy we\u0142niany p\u0142aszcz z kaszmirem Ola uszyty w Polsce z wysokiej jako\u015bci we\u0142nianej tkaniny z kaszmirem. Klasyczna linia. Handmade in Poland.","og_url":"https:\/\/talia-fashion.pl\/en\/product\/melanzowy-welniany-plaszcz-z-kaszmirem-ola\/","og_site_name":"Talia Fashion","article_modified_time":"2026-02-05T06:05:08+00:00","og_image":[{"width":1500,"height":2000,"url":"https:\/\/talia-fashion.pl\/wp-content\/uploads\/2024\/10\/melanzowy-welniany-plaszcz-kaszmir-ocieplany-klasyczny.jpg","type":"image\/jpeg"}],"twitter_card":"summary_large_image","twitter_misc":{"Estimated reading time":"4 minutes"},"schema":{"@context":"https:\/\/schema.org","@graph":[{"@type":"WebPage","@id":"https:\/\/talia-fashion.pl\/produkt\/melanzowy-welniany-plaszcz-z-kaszmirem-ola\/","url":"https:\/\/talia-fashion.pl\/produkt\/melanzowy-welniany-plaszcz-z-kaszmirem-ola\/","name":"Melan\u017cowy we\u0142niany p\u0142aszcz z kaszmirem Ola - polskie p\u0142aszcze","isPartOf":{"@id":"https:\/\/talia-fashion.pl\/#website"},"primaryImageOfPage":{"@id":"https:\/\/talia-fashion.pl\/produkt\/melanzowy-welniany-plaszcz-z-kaszmirem-ola\/#primaryimage"},"image":{"@id":"https:\/\/talia-fashion.pl\/produkt\/melanzowy-welniany-plaszcz-z-kaszmirem-ola\/#primaryimage"},"thumbnailUrl":"https:\/\/talia-fashion.pl\/wp-content\/uploads\/2024\/10\/melanzowy-welniany-plaszcz-kaszmir-ocieplany-klasyczny.jpg","datePublished":"2023-03-05T14:00:10+00:00","dateModified":"2026-02-05T06:05:08+00:00","description":"Melan\u017cowy we\u0142niany p\u0142aszcz z kaszmirem Ola uszyty w Polsce z wysokiej jako\u015bci we\u0142nianej tkaniny z kaszmirem. Klasyczna linia. Handmade in Poland.","breadcrumb":{"@id":"https:\/\/talia-fashion.pl\/produkt\/melanzowy-welniany-plaszcz-z-kaszmirem-ola\/#breadcrumb"},"inLanguage":"en-GB","potentialAction":[{"@type":"ReadAction","target":["https:\/\/talia-fashion.pl\/produkt\/melanzowy-welniany-plaszcz-z-kaszmirem-ola\/"]}]},{"@type":"ImageObject","inLanguage":"en-GB","@id":"https:\/\/talia-fashion.pl\/produkt\/melanzowy-welniany-plaszcz-z-kaszmirem-ola\/#primaryimage","url":"https:\/\/talia-fashion.pl\/wp-content\/uploads\/2024\/10\/melanzowy-welniany-plaszcz-kaszmir-ocieplany-klasyczny.jpg","contentUrl":"https:\/\/talia-fashion.pl\/wp-content\/uploads\/2024\/10\/melanzowy-welniany-plaszcz-kaszmir-ocieplany-klasyczny.jpg","width":1500,"height":2000,"caption":"Melan\u017cowy we\u0142niany p\u0142aszcz zimowy z dodatkiem kaszmiru. Klasyczny kr\u00f3j, wi\u0105zany w pasie. Dopasowany ty\u0142 i profilowny prz\u00f3d. Klapy wyko\u0144czone rewersem."},{"@type":"BreadcrumbList","@id":"https:\/\/talia-fashion.pl\/produkt\/melanzowy-welniany-plaszcz-z-kaszmirem-ola\/#breadcrumb","itemListElement":[{"@type":"ListItem","position":1,"name":"Strona g\u0142\u00f3wna","item":"https:\/\/talia-fashion.pl\/"},{"@type":"ListItem","position":2,"name":"Sklep","item":"https:\/\/talia-fashion.pl\/sklep\/"},{"@type":"ListItem","position":3,"name":"Melan\u017cowy we\u0142niany p\u0142aszcz z kaszmirem Ola"}]},{"@type":"WebSite","@id":"https:\/\/talia-fashion.pl\/#website","url":"https:\/\/talia-fashion.pl\/","name":"Talia Fashion","description":"","potentialAction":[{"@type":"SearchAction","target":{"@type":"EntryPoint","urlTemplate":"https:\/\/talia-fashion.pl\/?s={search_term_string}"},"query-input":{"@type":"PropertyValueSpecification","valueRequired":true,"valueName":"search_term_string"}}],"inLanguage":"en-GB"}]}},"_links":{"self":[{"href":"https:\/\/talia-fashion.pl\/en\/wp-json\/wp\/v2\/product\/4821","targetHints":{"allow":["GET"]}}],"collection":[{"href":"https:\/\/talia-fashion.pl\/en\/wp-json\/wp\/v2\/product"}],"about":[{"href":"https:\/\/talia-fashion.pl\/en\/wp-json\/wp\/v2\/types\/product"}],"wp:featuredmedia":[{"embeddable":true,"href":"https:\/\/talia-fashion.pl\/en\/wp-json\/wp\/v2\/media\/741"}],"wp:attachment":[{"href":"https:\/\/talia-fashion.pl\/en\/wp-json\/wp\/v2\/media?parent=4821"}],"wp:term":[{"taxonomy":"product_cat","embeddable":true,"href":"https:\/\/talia-fashion.pl\/en\/wp-json\/wp\/v2\/product_cat?post=4821"},{"taxonomy":"product_tag","embeddable":true,"href":"https:\/\/talia-fashion.pl\/en\/wp-json\/wp\/v2\/product_tag?post=4821"}],"curies":[{"name":"wp","href":"https:\/\/api.w.org\/{rel}","templated":true}]}}