{"id":4763,"date":"2023-03-01T16:20:46","date_gmt":"2023-03-01T15:20:46","guid":{"rendered":"http:\/\/talia-fashion.pl\/produkt\/marynarka-jednorzedowa-welniana-w-jodelke-czekoladowa-london\/"},"modified":"2026-04-16T08:53:33","modified_gmt":"2026-04-16T06:53:33","slug":"marynarka-jednorzedowa-welniana-w-jodelke-czekoladowa-london","status":"publish","type":"product","link":"https:\/\/talia-fashion.pl\/en\/product\/marynarka-jednorzedowa-welniana-w-jodelke-czekoladowa-london\/","title":{"rendered":"Chocolate herringbone wool single-breasted blazer London"},"content":{"rendered":"<p>Marynarka jednorz\u0119dowa we\u0142niana w jode\u0142k\u0119 czekoladow\u0105 London to lu\u017ana marynarka zainspirowana m\u0119skim stylem. Prosty kr\u00f3j o zr\u00f3wnowa\u017conych proporcjach, <span lang=\"DE\">z delikatnie taliowanym ty\u0142em oraz zaszewkami z przodu. Dwie przednie kieszenie wyko\u0144czone patkami. Marynarkowy ko\u0142nierz modeluj\u0105cy dekolt w szpic. Model wyko\u0144czony klasycznymi elementami: brustasz\u0105 (kieszonka na piersi) oraz guzikami na mankietach. Marynarka jednorz\u0119dowa, bez rozporka z ty\u0142u, w ca\u0142o\u015bci na podszewce. Uszyta z wysokiej jako\u015bci mieszanki we\u0142nianej. Wersja limitowana.<\/span><\/p>\n<p>Marynarka jednorz\u0119dowa we\u0142niana w jode\u0142k\u0119 czekoladow\u0105 London to klasyczny element garderoby, kt\u00f3ry \u015bwietnie sprawdzi si\u0119 w wielu stylizacjach, od formalnych po bardziej casualowe i kt\u00f3ry z pewno\u015bci\u0105 b\u0119dzie towarzyszy\u0107 Ci latami. Marynark\u0119 London mo\u017cesz nosi\u0107 ca\u0142y rok. Gdy za oknem \u015bnieg i mr\u00f3z &#8211; idealnie uzupe\u0142ni Twoj\u0105 wielowarstwow\u0105 stylizacj\u0119 noszona pod p\u0142aszcz w zestawieniu z golfem, jeansami i butami Emu. Gdy z kolei zrobi si\u0119 cieplej, \u015bmia\u0142o wcieli sie w rol\u0119 okrycia wierzchniego zastepuj\u0105c kurtk\u0119, czy bomberk\u0119. Mo\u017cesz te\u017c po\u0142\u0105czy\u0107 t\u0105 j\u0105 z o\u0142\u00f3wkow\u0105 sp\u00f3dnic\u0105 lub we\u0142nianymi spodniami i podkre\u015bli\u0107 tali\u0119 paskiem w kolorze sp\u00f3dnicy\/spodni \u2013 Twoja stylizacja nabierze wtedy wyj\u0105tkowego charakteru, kt\u00f3ry niew\u0105tpliwie b\u0119dzie wpada\u0142 w oko. Moje ukochane po\u0142\u0105czenie to to z oversizowym trenczem. Stylizuj, tak jak lubisz najbardziej.<\/p>\n<p>If you're wondering which coat to choose, we suggest you take a look at our tips <a href=\"https:\/\/talia-fashion.pl\/en\/jak-dobrac-plaszcz-do-sylwetki\/\">How do you choose a coat to suit your figure?<\/a><\/p>\n<p>Zdj\u0119cie rzeczywiste \u2013 jode\u0142ka czekoladowa<\/p>\n<p>Dost\u0119pne kolory &#8211; jode\u0142ka czekoladowa<\/p>\n<p>The colours are shown in the pictures of the coats in different cuts, in the other auctions and in the <a href=\"https:\/\/talia-fashion.pl\/en\/paleta-kolorow\/\">colour palette<\/a>. If in doubt, please contact us.<\/p>\n<p>Available sizes: XS, S, M, L<\/p>\n<p>Indicative dimensions:<\/p>\n<p>XS &#8211; biust: 86-88 \/ biodra: 94-96 \/ d\u0142ugo\u015b\u0107: 75 \/ r\u0119kaw: 61<br \/>\nS &#8211; biust: 90-92 \/ biodra: 98-100 \/ d\u0142ugo\u015b\u0107: 75\/ r\u0119kaw: 62<br \/>\nM &#8211; biust: 94-96 \/ biodra: 102-104 \/ d\u0142ugo\u015b\u0107: 75 \/ r\u0119kaw: 62<br \/>\nL &#8211; biust: 98-100 \/ biodra: 106-108 \/ d\u0142ugo\u015b\u0107: 75 \/ r\u0119kaw: 63<\/p>\n<p>If you are unsure about the size, please contact us.<\/p>\n<p>The model is 172cm and a size S.<\/p>\n<p>Material: 80% wool, 20% polyamide<\/p>\n<p>Lining: 100% acetate<\/p>\n<p>Acetat podobnie jak wiskoza wytwarzany jest z celulozy. Prz\u0119dza acetatowa mo\u017ce by\u0107 wytworzona r\u00f3wnie\u017c z celulozy przetworzonej np. papieru. Podszewka acetatowa doskonale wch\u0142ania wilgo\u0107 i przepuszcza powietrze, dzi\u0119ki czemu zapewnia komfort noszenia. Jest powlekana apretur\u0105 antystatyczn\u0105 i posiada certyfikat OEKOtex\u00ae Standard 100.<\/p>\n<p>Marynarka jednorz\u0119dowa we\u0142niana w jode\u0142k\u0119 czekoladow\u0105 London zosta\u0142a zaprojektowana i od pocz\u0105tku do ko\u0144ca wykonana w naszej rodzinne pracowni w Poznaniu. R\u0119czne uk\u0142adanie tkaniny pozwala nam na idealne spasowanie wzoru jode\u0142ki w ka\u017cdym elemencie marynarki. Dzi\u0119ki temu, \u017ce uprawiamy tradycyjne krawiectwo trafia do Ciebie produkt stworzony z najwy\u017csz\u0105 precyzj\u0105 i sercem, kt\u00f3re wk\u0142adamy w nasz\u0105 codzienn\u0105 prac\u0119. A dodatkowo, staramy si\u0119, by powsta\u0142, jak najmniejszy odpad, minimalizuj\u0105c tym samym negatywny wp\u0142yw na \u015brodowisko.<\/p>\n<p>Marynark\u0119 nale\u017cy czy\u015bci\u0107 chemicznie. Jednak, aby utrzyma\u0107 marynark\u0119 w czysto\u015bci wystarczy j\u0105 wietrzy\u0107 i regularnie szczotkowa\u0107. Ten proces jest delikatniejszy dla tkanin i pozwala unikn\u0105\u0107 zu\u017cycia wody i energii. Do cz\u0119stego od\u015bwie\u017cania we\u0142ny polecamy <a href=\"https:\/\/talia-fashion.pl\/en\/product\/szczotka-do-czyszczenia-i-pielegnacji-plaszcza\/\">Brush for cleaning and care of the coat<\/a><a href=\"https:\/\/talia-fashion.pl\/en\/product\/szczotka-do-czyszczenia-i-pielegnacji-plaszcza\/\">, <\/a>which you can buy in our shop. Caring for clothing is caring for the environment.<\/p>\n<p><strong>Individual order - <\/strong>istnieje mo\u017cliwo\u015b\u0107 wykonania pewnych modyfikacji na \u017cyczenie Klienta: skr\u00f3cenie, wyd\u0142u\u017cenie r\u0119kawa, skr\u00f3cenie i wyd\u0142u\u017cenie marynarki, uszycie marynarki w rozmiarze XL. Koszt ustalany indywidualnie, po uprzednim kontakcie.<\/p>\n<p><strong>An individual order is not subject to exchange or refund.<\/strong><\/p>\n<p>Czas realizacji uzale\u017cniony jest od aktualnego stanu magazynowego w pracowni oraz dost\u0119pno\u015bci danego koloru materia\u0142u. Je\u015bli dany p\u0142aszcz jest dost\u0119pny w firmie realizacja zam\u00f3wienia nast\u0105pi bardzo szybko 2-5 dni roboczych. Je\u015bli konieczne jest uszycie p\u0142aszcza\/marynarki b\u0105d\u017a indywidualizacja zam\u00f3wienia \u2013 wykonanie przer\u00f3bki lub uszycie nowego p\u0142aszcza wed\u0142ug specyfikacji \u2013 czas realizacji zam\u00f3wienia mo\u017ce ulec wyd\u0142u\u017ceniu, maksymalnie do 2 tygodni.<\/p>\n<p>Prosimy o cierpliwo\u015b\u0107, w wi\u0119kszo\u015bci przypadk\u00f3w nie szyjemy na magazyn, a uszycie p\u0142aszcza, marynarki czy trencza wymaga czasu i precyzji. Dzi\u0119kujemy, \u017ce wspierasz lokalne rzemios\u0142o.<\/p>\n<p>We encourage you to like our fanpage on <a href=\"https:\/\/www.facebook.com\/talia.plaszcze\">Facebook<\/a>\u00a0i\u00a0<a href=\"https:\/\/www.instagram.com\/talia_plaszcze\/\">Instagram<\/a><\/p>","protected":false},"excerpt":{"rendered":"<p>Blazer oversize we\u0142niany w jode\u0142k\u0119 London to lu\u017ana marynarka w ponadczasowy wz\u00f3r jode\u0142ki, kt\u00f3ra \u015bwietnie sprawdzi si\u0119 w roli p\u0142aszcza i zast\u0105pi klasyczny trencz.<\/p>","protected":false},"featured_media":4764,"template":"","meta":{"_acf_changed":false},"product_cat":[28,31,55],"product_tag":[153,89,37,34,74,80,116,121,41,42,43,44,45,68,47,84,181,49,50,69,53,63,88,117],"class_list":{"0":"post-4763","1":"product","2":"type-product","3":"status-publish","4":"has-post-thumbnail","6":"product_cat-marynarki-damskie","7":"product_cat-nowosci","8":"product_cat-plaszcze-krotsze","9":"product_tag-blazer","10":"product_tag-cieply","11":"product_tag-dyplomatka","12":"product_tag-handmade","13":"product_tag-kurtka-damska","14":"product_tag-luzny-kroj","15":"product_tag-marynarka","16":"product_tag-materialy-przyjazne-dla-srodowiska","17":"product_tag-na-podszewce","18":"product_tag-nowosc","19":"product_tag-plaszcz-damski","20":"product_tag-plaszcz-damski-dlugi","21":"product_tag-plaszcz-dlugi","22":"product_tag-plaszcz-jesienny","23":"product_tag-plaszcz-na-guziki","24":"product_tag-plaszcz-oversizowy","25":"product_tag-plaszcz-w-jodelke","26":"product_tag-plaszcz-wiosenny","27":"product_tag-plaszcz-z-rewersem","28":"product_tag-prochowiec","29":"product_tag-welna","30":"product_tag-welniany","31":"product_tag-wiazany","32":"product_tag-zakiet","34":"first","35":"instock","36":"shipping-taxable","37":"purchasable","38":"product-type-variable","39":"has-default-attributes"},"acf":[],"yoast_head":"<!-- This site is optimized with the Yoast SEO plugin v25.7 - https:\/\/yoast.com\/wordpress\/plugins\/seo\/ -->\n<title>Marynarka jednorz\u0119dowa we\u0142niana w jode\u0142k\u0119 czekoladow\u0105 London - we\u0142niane marynarki<\/title>\n<meta name=\"description\" content=\"Marynarka jednorz\u0119dowa we\u0142niana w jode\u0142k\u0119 to nieodzowny element Twojej garderoby. Zaprojektowany i uszyty w naszej pracowni, z dba\u0142o\u015bci\u0105 o ka\u017cdy szczeg\u00f3\u0142.\" \/>\n<meta name=\"robots\" content=\"index, follow, max-snippet:-1, max-image-preview:large, max-video-preview:-1\" \/>\n<link rel=\"canonical\" href=\"https:\/\/talia-fashion.pl\/en\/product\/marynarka-jednorzedowa-welniana-w-jodelke-czekoladowa-london\/\" \/>\n<meta property=\"og:locale\" content=\"en_GB\" \/>\n<meta property=\"og:type\" content=\"article\" \/>\n<meta property=\"og:title\" content=\"Marynarka jednorz\u0119dowa we\u0142niana w jode\u0142k\u0119 czekoladow\u0105 London - we\u0142niane marynarki\" \/>\n<meta property=\"og:description\" content=\"Marynarka jednorz\u0119dowa we\u0142niana w jode\u0142k\u0119 to nieodzowny element Twojej garderoby. Zaprojektowany i uszyty w naszej pracowni, z dba\u0142o\u015bci\u0105 o ka\u017cdy szczeg\u00f3\u0142.\" \/>\n<meta property=\"og:url\" content=\"https:\/\/talia-fashion.pl\/en\/product\/marynarka-jednorzedowa-welniana-w-jodelke-czekoladowa-london\/\" \/>\n<meta property=\"og:site_name\" content=\"Talia Fashion\" \/>\n<meta property=\"article:modified_time\" content=\"2026-04-16T06:53:33+00:00\" \/>\n<meta property=\"og:image\" content=\"https:\/\/talia-fashion.pl\/wp-content\/uploads\/2025\/07\/marynarka-jednorzedowa-welniana-w-jodelke-kurtka-damska-scaled-1.jpg\" \/>\n\t<meta property=\"og:image:width\" content=\"1920\" \/>\n\t<meta property=\"og:image:height\" content=\"2560\" \/>\n\t<meta property=\"og:image:type\" content=\"image\/jpeg\" \/>\n<meta name=\"twitter:card\" content=\"summary_large_image\" \/>\n<meta name=\"twitter:label1\" content=\"Estimated reading time\" \/>\n\t<meta name=\"twitter:data1\" content=\"3 minutes\" \/>\n<script type=\"application\/ld+json\" class=\"yoast-schema-graph\">{\"@context\":\"https:\/\/schema.org\",\"@graph\":[{\"@type\":\"WebPage\",\"@id\":\"https:\/\/talia-fashion.pl\/produkt\/marynarka-jednorzedowa-welniana-w-jodelke-czekoladowa-london\/\",\"url\":\"https:\/\/talia-fashion.pl\/produkt\/marynarka-jednorzedowa-welniana-w-jodelke-czekoladowa-london\/\",\"name\":\"Marynarka jednorz\u0119dowa we\u0142niana w jode\u0142k\u0119 czekoladow\u0105 London - we\u0142niane marynarki\",\"isPartOf\":{\"@id\":\"https:\/\/talia-fashion.pl\/#website\"},\"primaryImageOfPage\":{\"@id\":\"https:\/\/talia-fashion.pl\/produkt\/marynarka-jednorzedowa-welniana-w-jodelke-czekoladowa-london\/#primaryimage\"},\"image\":{\"@id\":\"https:\/\/talia-fashion.pl\/produkt\/marynarka-jednorzedowa-welniana-w-jodelke-czekoladowa-london\/#primaryimage\"},\"thumbnailUrl\":\"https:\/\/talia-fashion.pl\/wp-content\/uploads\/2025\/07\/marynarka-jednorzedowa-welniana-w-jodelke-kurtka-damska-scaled-1.jpg\",\"datePublished\":\"2023-03-01T15:20:46+00:00\",\"dateModified\":\"2026-04-16T06:53:33+00:00\",\"description\":\"Marynarka jednorz\u0119dowa we\u0142niana w jode\u0142k\u0119 to nieodzowny element Twojej garderoby. Zaprojektowany i uszyty w naszej pracowni, z dba\u0142o\u015bci\u0105 o ka\u017cdy szczeg\u00f3\u0142.\",\"breadcrumb\":{\"@id\":\"https:\/\/talia-fashion.pl\/produkt\/marynarka-jednorzedowa-welniana-w-jodelke-czekoladowa-london\/#breadcrumb\"},\"inLanguage\":\"en-GB\",\"potentialAction\":[{\"@type\":\"ReadAction\",\"target\":[\"https:\/\/talia-fashion.pl\/produkt\/marynarka-jednorzedowa-welniana-w-jodelke-czekoladowa-london\/\"]}]},{\"@type\":\"ImageObject\",\"inLanguage\":\"en-GB\",\"@id\":\"https:\/\/talia-fashion.pl\/produkt\/marynarka-jednorzedowa-welniana-w-jodelke-czekoladowa-london\/#primaryimage\",\"url\":\"https:\/\/talia-fashion.pl\/wp-content\/uploads\/2025\/07\/marynarka-jednorzedowa-welniana-w-jodelke-kurtka-damska-scaled-1.jpg\",\"contentUrl\":\"https:\/\/talia-fashion.pl\/wp-content\/uploads\/2025\/07\/marynarka-jednorzedowa-welniana-w-jodelke-kurtka-damska-scaled-1.jpg\",\"width\":1920,\"height\":2560,\"caption\":\"Marynarka jednorz\u0119dowa we\u0142niana w jode\u0142k\u0119. Zr\u00f3wnowa\u017cona proporcja. Klasyczny styl.\"},{\"@type\":\"BreadcrumbList\",\"@id\":\"https:\/\/talia-fashion.pl\/produkt\/marynarka-jednorzedowa-welniana-w-jodelke-czekoladowa-london\/#breadcrumb\",\"itemListElement\":[{\"@type\":\"ListItem\",\"position\":1,\"name\":\"Strona g\u0142\u00f3wna\",\"item\":\"https:\/\/talia-fashion.pl\/\"},{\"@type\":\"ListItem\",\"position\":2,\"name\":\"Sklep\",\"item\":\"https:\/\/talia-fashion.pl\/sklep\/\"},{\"@type\":\"ListItem\",\"position\":3,\"name\":\"Marynarka jednorz\u0119dowa we\u0142niana w jode\u0142k\u0119 czekoladow\u0105 London\"}]},{\"@type\":\"WebSite\",\"@id\":\"https:\/\/talia-fashion.pl\/#website\",\"url\":\"https:\/\/talia-fashion.pl\/\",\"name\":\"Talia Fashion\",\"description\":\"\",\"potentialAction\":[{\"@type\":\"SearchAction\",\"target\":{\"@type\":\"EntryPoint\",\"urlTemplate\":\"https:\/\/talia-fashion.pl\/?s={search_term_string}\"},\"query-input\":{\"@type\":\"PropertyValueSpecification\",\"valueRequired\":true,\"valueName\":\"search_term_string\"}}],\"inLanguage\":\"en-GB\"}]}<\/script>\n<!-- \/ Yoast SEO plugin. -->","yoast_head_json":{"title":"Marynarka jednorz\u0119dowa we\u0142niana w jode\u0142k\u0119 czekoladow\u0105 London - we\u0142niane marynarki","description":"Marynarka jednorz\u0119dowa we\u0142niana w jode\u0142k\u0119 to nieodzowny element Twojej garderoby. Zaprojektowany i uszyty w naszej pracowni, z dba\u0142o\u015bci\u0105 o ka\u017cdy szczeg\u00f3\u0142.","robots":{"index":"index","follow":"follow","max-snippet":"max-snippet:-1","max-image-preview":"max-image-preview:large","max-video-preview":"max-video-preview:-1"},"canonical":"https:\/\/talia-fashion.pl\/en\/product\/marynarka-jednorzedowa-welniana-w-jodelke-czekoladowa-london\/","og_locale":"en_GB","og_type":"article","og_title":"Marynarka jednorz\u0119dowa we\u0142niana w jode\u0142k\u0119 czekoladow\u0105 London - we\u0142niane marynarki","og_description":"Marynarka jednorz\u0119dowa we\u0142niana w jode\u0142k\u0119 to nieodzowny element Twojej garderoby. Zaprojektowany i uszyty w naszej pracowni, z dba\u0142o\u015bci\u0105 o ka\u017cdy szczeg\u00f3\u0142.","og_url":"https:\/\/talia-fashion.pl\/en\/product\/marynarka-jednorzedowa-welniana-w-jodelke-czekoladowa-london\/","og_site_name":"Talia Fashion","article_modified_time":"2026-04-16T06:53:33+00:00","og_image":[{"width":1920,"height":2560,"url":"https:\/\/talia-fashion.pl\/wp-content\/uploads\/2025\/07\/marynarka-jednorzedowa-welniana-w-jodelke-kurtka-damska-scaled-1.jpg","type":"image\/jpeg"}],"twitter_card":"summary_large_image","twitter_misc":{"Estimated reading time":"3 minutes"},"schema":{"@context":"https:\/\/schema.org","@graph":[{"@type":"WebPage","@id":"https:\/\/talia-fashion.pl\/produkt\/marynarka-jednorzedowa-welniana-w-jodelke-czekoladowa-london\/","url":"https:\/\/talia-fashion.pl\/produkt\/marynarka-jednorzedowa-welniana-w-jodelke-czekoladowa-london\/","name":"Marynarka jednorz\u0119dowa we\u0142niana w jode\u0142k\u0119 czekoladow\u0105 London - we\u0142niane marynarki","isPartOf":{"@id":"https:\/\/talia-fashion.pl\/#website"},"primaryImageOfPage":{"@id":"https:\/\/talia-fashion.pl\/produkt\/marynarka-jednorzedowa-welniana-w-jodelke-czekoladowa-london\/#primaryimage"},"image":{"@id":"https:\/\/talia-fashion.pl\/produkt\/marynarka-jednorzedowa-welniana-w-jodelke-czekoladowa-london\/#primaryimage"},"thumbnailUrl":"https:\/\/talia-fashion.pl\/wp-content\/uploads\/2025\/07\/marynarka-jednorzedowa-welniana-w-jodelke-kurtka-damska-scaled-1.jpg","datePublished":"2023-03-01T15:20:46+00:00","dateModified":"2026-04-16T06:53:33+00:00","description":"Marynarka jednorz\u0119dowa we\u0142niana w jode\u0142k\u0119 to nieodzowny element Twojej garderoby. Zaprojektowany i uszyty w naszej pracowni, z dba\u0142o\u015bci\u0105 o ka\u017cdy szczeg\u00f3\u0142.","breadcrumb":{"@id":"https:\/\/talia-fashion.pl\/produkt\/marynarka-jednorzedowa-welniana-w-jodelke-czekoladowa-london\/#breadcrumb"},"inLanguage":"en-GB","potentialAction":[{"@type":"ReadAction","target":["https:\/\/talia-fashion.pl\/produkt\/marynarka-jednorzedowa-welniana-w-jodelke-czekoladowa-london\/"]}]},{"@type":"ImageObject","inLanguage":"en-GB","@id":"https:\/\/talia-fashion.pl\/produkt\/marynarka-jednorzedowa-welniana-w-jodelke-czekoladowa-london\/#primaryimage","url":"https:\/\/talia-fashion.pl\/wp-content\/uploads\/2025\/07\/marynarka-jednorzedowa-welniana-w-jodelke-kurtka-damska-scaled-1.jpg","contentUrl":"https:\/\/talia-fashion.pl\/wp-content\/uploads\/2025\/07\/marynarka-jednorzedowa-welniana-w-jodelke-kurtka-damska-scaled-1.jpg","width":1920,"height":2560,"caption":"Marynarka jednorz\u0119dowa we\u0142niana w jode\u0142k\u0119. Zr\u00f3wnowa\u017cona proporcja. Klasyczny styl."},{"@type":"BreadcrumbList","@id":"https:\/\/talia-fashion.pl\/produkt\/marynarka-jednorzedowa-welniana-w-jodelke-czekoladowa-london\/#breadcrumb","itemListElement":[{"@type":"ListItem","position":1,"name":"Strona g\u0142\u00f3wna","item":"https:\/\/talia-fashion.pl\/"},{"@type":"ListItem","position":2,"name":"Sklep","item":"https:\/\/talia-fashion.pl\/sklep\/"},{"@type":"ListItem","position":3,"name":"Marynarka jednorz\u0119dowa we\u0142niana w jode\u0142k\u0119 czekoladow\u0105 London"}]},{"@type":"WebSite","@id":"https:\/\/talia-fashion.pl\/#website","url":"https:\/\/talia-fashion.pl\/","name":"Talia Fashion","description":"","potentialAction":[{"@type":"SearchAction","target":{"@type":"EntryPoint","urlTemplate":"https:\/\/talia-fashion.pl\/?s={search_term_string}"},"query-input":{"@type":"PropertyValueSpecification","valueRequired":true,"valueName":"search_term_string"}}],"inLanguage":"en-GB"}]}},"_links":{"self":[{"href":"https:\/\/talia-fashion.pl\/en\/wp-json\/wp\/v2\/product\/4763","targetHints":{"allow":["GET"]}}],"collection":[{"href":"https:\/\/talia-fashion.pl\/en\/wp-json\/wp\/v2\/product"}],"about":[{"href":"https:\/\/talia-fashion.pl\/en\/wp-json\/wp\/v2\/types\/product"}],"wp:featuredmedia":[{"embeddable":true,"href":"https:\/\/talia-fashion.pl\/en\/wp-json\/wp\/v2\/media\/4764"}],"wp:attachment":[{"href":"https:\/\/talia-fashion.pl\/en\/wp-json\/wp\/v2\/media?parent=4763"}],"wp:term":[{"taxonomy":"product_cat","embeddable":true,"href":"https:\/\/talia-fashion.pl\/en\/wp-json\/wp\/v2\/product_cat?post=4763"},{"taxonomy":"product_tag","embeddable":true,"href":"https:\/\/talia-fashion.pl\/en\/wp-json\/wp\/v2\/product_tag?post=4763"}],"curies":[{"name":"wp","href":"https:\/\/api.w.org\/{rel}","templated":true}]}}