{"id":4741,"date":"2025-09-03T16:38:05","date_gmt":"2025-09-03T14:38:05","guid":{"rendered":"http:\/\/talia-fashion.pl\/produkt\/dyplomatka-dwurzedowa-dluzsza-marynarka-maya\/"},"modified":"2026-04-04T22:15:13","modified_gmt":"2026-04-04T20:15:13","slug":"dyplomatka-dwurzedowa-dluzsza-marynarka-maya","status":"publish","type":"product","link":"https:\/\/talia-fashion.pl\/en\/product\/dyplomatka-dwurzedowa-dluzsza-marynarka-maya\/","title":{"rendered":"Diplomat double-breasted long jacket Maya"},"content":{"rendered":"<p><span lang=\"DE\">Dyplomatka dwurz\u0119dowa d\u0142u\u017csza marynarka Maya to \u015bwietna propozycja na nadchodz\u0105cy sezon wiosenny. P\u0142aszcz na podszewce, ma rozporek. Ty\u0142 delikatnie taliowany. Na przodzie ma\u0142e zaszewki profiluj\u0105ce. Kieszenie po bokach, dwie ozdobne patki na przodzie. D\u0142ugi r\u0119kaw wyko\u0144czony r\u0119cznie przyszywanymi guzikami. Ko\u0142nierz typu rewers &#8211; wysmuklaj\u0105cy sylwetk\u0119. D\u0142ugo\u015b\u0107 do po\u0142owy uda nadaj\u0105ca lekko\u015b\u0107. P\u0142aszcz jest dwurz\u0119dowy, co daje mo\u017cliwo\u015b\u0107 przesuni\u0119cia delikatnie guzik\u00f3w w celu powi\u0119kszenia go na biodrach, bez wp\u0142ywu na fason. Dyplomatka tego typu, z regu\u0142y noszona jest rozpi\u0119ta i wtedy prezentuje si\u0119 stylowo. Ponadczasowa klasyczna linia i do tego mocny kolor &#8211; nietuzinkowe po\u0142\u0105czenie daj\u0105ce efekt &#8222;wow&#8221;. W tym p\u0142aszczu nie przejdziesz niezauwa\u017cona.<br \/>\n<\/span><\/p>\n<p><span lang=\"DE\">Dyplomatka dwurz\u0119dowa d\u0142u\u017csza marynarka Maya to idealne okrycie wierzchnie na sezon zar\u00f3wno wiosenny, jak i jesienny. \u015awietna propozycja dla ka\u017cdej aktywnej kobiety. Wygodny i klasyczny kr\u00f3j daje nieograniczon\u0105 mo\u017cliwo\u015b\u0107 stylizacji, a mocny kolor sprawi, i\u017c za ka\u017cdym razem poczujesz si\u0119 wyj\u0105tkowo. D\u017cinsy, t-shirt, trampki, dyplomatka Maya i stylizacja gotowa. Czarna, basicowa sukienka oraz pomara\u0144czowa dyplomatka jak marynarka &#8211; wi\u0119cej nie trzeba. <\/span><\/p>\n<p>If you're wondering how to choose a coat to suit your figure, we recommend our tips:\u00a0<a href=\"https:\/\/talia-fashion.pl\/en\/jak-dobrac-plaszcz-do-sylwetki\/\">How do you choose a coat to suit your figure?\u00a0<\/a><\/p>\n<p>In this model, the hips are the most important (unless you plan to wear the coat unbuttoned), because too tight precisely in the hip area - it loses its lightness.<\/p>\n<p><span lang=\"DE\">Actual photo - orange<br \/>\n<\/span><\/p>\n<p>P\u0142aszcz dost\u0119pny w nast\u0119puj\u0105cych kolorach: pomara\u0144czowy (XS, S, M), zielony (XS, S, M)<\/p>\n<p><span lang=\"DE\">The colours of the fabrics are presented in the different coat cuts, in the other auctions and in the\u00a0<a href=\"https:\/\/talia-fashion.pl\/en\/paleta-kolorow\/\">colour palette<\/a>. If in doubt about the colour, please contact us.<\/span><\/p>\n<p><span lang=\"DE\">Available sizes: XS, S, M, L, XL<br \/>\n<\/span><\/p>\n<p><span lang=\"DE\">Indicative dimensions:<br \/>\nXS - bust: 84-86 \/ hips: 92-94 \/ length: 87 \/ sleeve: 61<\/span><br \/>\n<span lang=\"DE\">S - bust: 88-90 \/ hips: 96-98 \/ length: 87 \/ sleeve: 61<\/span><br \/>\n<span lang=\"DE\">M - bust: 92-94 \/ hips: 100-102 \/ length: 88 \/ sleeve: 62<\/span><br \/>\n<span lang=\"DE\">L - bust: 96-98 \/ hips: 104-106 \/ length: 88 \/ sleeve: 63<\/span><br \/>\nXL - bust: 102-104 \/ hips: 110 - 112 \/ length: 88 \/ sleeve: 64<\/p>\n<p><span lang=\"DE\">If you are unsure about the size, please contact us.<\/span><\/p>\n<p><span lang=\"DE\">Materia\u0142: 47% we\u0142na, 23% wiskoza, 30% poliester\u00a0<\/span><\/p>\n<p>Lining: 100% acetate<\/p>\n<p>Like viscose, acetate is produced from cellulose. Acetate yarn can also be made from recycled cellulose such as paper. The acetate lining is excellent at absorbing moisture and allowing air to pass through. It is coated with an antistatic apprettee and is OEKOtex\u00ae Standard 100 certified.<\/p>\n<p><span lang=\"DE\">Dyplomatka dwurz\u0119dowa d\u0142u\u017csza marynarka zosta\u0142a zaprojektowana i uszyta w naszej pracowni, w kt\u00f3rej od 1988 roku dzia\u0142amy przejrzy\u015bcie i zgodnie z zasadami zr\u00f3wnowa\u017conego rozwoju, z zachowaniem tradycyjnych, pracoch\u0142onnych metod. Dzi\u0119kuj\u0119, \u017ce wspierasz polskie rzemios\u0142o.<\/span><\/p>\n<p><span lang=\"DE\">It is possible to personalise the coat according to the client's specifications: shortening or lengthening the sleeves and the possibility of lengthening the coat - each modification and its cost is determined individually after prior contact.<\/span><\/p>\n<p><strong>An individual order is not subject to exchange or refund.<\/strong><\/p>\n<p>The coat should be dry-cleaned. For frequent refreshing of the coat we recommend the following <a href=\"https:\/\/talia-fashion.pl\/en\/product\/szczotka-do-czyszczenia-i-pielegnacji-plaszcza\/\">Brush for cleaning and care of the coat<\/a>which can be purchased in our shop.  We also encourage you to read our advice on proper care: <a href=\"https:\/\/talia-fashion.pl\/en\/jak-pielegnowac-i-dbac-o-plaszcz\/\">How to care for and maintain coats? <\/a><br \/>\nTaking proper care of your clothes means that you enjoy them far longer while caring for the environment by reducing waste.<\/p>\n<p><span lang=\"DE\">The lead time depends on the current stock in the atelier and the availability of the fabric colour in question. If the given coat is available in the company, the order will be fulfilled very quickly - 2-5 working days. If it is necessary to sew the coat or individualise the order - making alterations or sewing a new coat - the lead time may be extended, up to a maximum of 2 weeks.<\/span><\/p>\n<p>Please be patient, we need to sew this coat for you.<\/p>\n<p>We encourage you to like our profile on <a href=\"https:\/\/www.instagram.com\/talia_plaszcze\/\">Instagram<\/a>.<\/p>","protected":false},"excerpt":{"rendered":"<p>Dyplomatka dwurz\u0119dowa d\u0142u\u017csza marynarka Maya to \u015bwietna propozycja na nadchodz\u0105cy sezon wiosenny. P\u0142aszcz na podszewce, ma rozporek. Ty\u0142 delikatnie taliowany. Na przodzie&hellip;<\/p>","protected":false},"featured_media":728,"template":"","meta":{"_acf_changed":false},"product_cat":[55],"product_tag":[56,37,39,74,116,41,42,43,46,68,47,106,49,69,60,130,107,97,53,117],"class_list":{"0":"post-4741","1":"product","2":"type-product","3":"status-publish","4":"has-post-thumbnail","6":"product_cat-plaszcze-krotsze","7":"product_tag-bestseller","8":"product_tag-dyplomatka","9":"product_tag-klasyczny","10":"product_tag-kurtka-damska","11":"product_tag-marynarka","12":"product_tag-na-podszewce","13":"product_tag-nowosc","14":"product_tag-plaszcz-damski","15":"product_tag-plaszcz-dwurzedowy","16":"product_tag-plaszcz-jesienny","17":"product_tag-plaszcz-na-guziki","18":"product_tag-plaszcz-w-promocji","19":"product_tag-plaszcz-wiosenny","20":"product_tag-prochowiec","21":"product_tag-producent-plaszczy-damskich","22":"product_tag-promocja","23":"product_tag-promocje","24":"product_tag-trencz","25":"product_tag-welna","26":"product_tag-zakiet","28":"first","29":"instock","30":"sale","31":"shipping-taxable","32":"purchasable","33":"product-type-variable","34":"has-default-attributes"},"acf":[],"yoast_head":"<!-- This site is optimized with the Yoast SEO plugin v25.7 - https:\/\/yoast.com\/wordpress\/plugins\/seo\/ -->\n<title>Dyplomatka dwurz\u0119dowa d\u0142u\u017csza marynarka Maya - Talia Fashion<\/title>\n<meta name=\"description\" content=\"Polecamy! Dyplomatka dwurz\u0119dowa d\u0142u\u017csza marynarka. Prosta linia, ko\u0142nierz typu rewers, zapinana na guziki, z podszewk\u0105. Szyta r\u0119cznie. Mocny kolor.\" \/>\n<meta name=\"robots\" content=\"index, follow, max-snippet:-1, max-image-preview:large, max-video-preview:-1\" \/>\n<link rel=\"canonical\" href=\"https:\/\/talia-fashion.pl\/en\/product\/dyplomatka-dwurzedowa-dluzsza-marynarka-maya\/\" \/>\n<meta property=\"og:locale\" content=\"en_GB\" \/>\n<meta property=\"og:type\" content=\"article\" \/>\n<meta property=\"og:title\" content=\"Dyplomatka dwurz\u0119dowa d\u0142u\u017csza marynarka Maya - Talia Fashion\" \/>\n<meta property=\"og:description\" content=\"Polecamy! Dyplomatka dwurz\u0119dowa d\u0142u\u017csza marynarka. Prosta linia, ko\u0142nierz typu rewers, zapinana na guziki, z podszewk\u0105. Szyta r\u0119cznie. Mocny kolor.\" \/>\n<meta property=\"og:url\" content=\"https:\/\/talia-fashion.pl\/en\/product\/dyplomatka-dwurzedowa-dluzsza-marynarka-maya\/\" \/>\n<meta property=\"og:site_name\" content=\"Talia Fashion\" \/>\n<meta property=\"article:modified_time\" content=\"2026-04-04T20:15:13+00:00\" \/>\n<meta property=\"og:image\" content=\"https:\/\/talia-fashion.pl\/wp-content\/uploads\/2024\/10\/dyplomatka_dwurzedowa_dluzsza_marynarka_mocny_pomaranczowy_kolor.jpg\" \/>\n\t<meta property=\"og:image:width\" content=\"1500\" \/>\n\t<meta property=\"og:image:height\" content=\"2000\" \/>\n\t<meta property=\"og:image:type\" content=\"image\/jpeg\" \/>\n<meta name=\"twitter:card\" content=\"summary_large_image\" \/>\n<meta name=\"twitter:label1\" content=\"Estimated reading time\" \/>\n\t<meta name=\"twitter:data1\" content=\"3 minutes\" \/>\n<script type=\"application\/ld+json\" class=\"yoast-schema-graph\">{\"@context\":\"https:\/\/schema.org\",\"@graph\":[{\"@type\":\"WebPage\",\"@id\":\"https:\/\/talia-fashion.pl\/produkt\/dyplomatka-dwurzedowa-dluzsza-marynarka-maya\/\",\"url\":\"https:\/\/talia-fashion.pl\/produkt\/dyplomatka-dwurzedowa-dluzsza-marynarka-maya\/\",\"name\":\"Dyplomatka dwurz\u0119dowa d\u0142u\u017csza marynarka Maya - Talia Fashion\",\"isPartOf\":{\"@id\":\"https:\/\/talia-fashion.pl\/#website\"},\"primaryImageOfPage\":{\"@id\":\"https:\/\/talia-fashion.pl\/produkt\/dyplomatka-dwurzedowa-dluzsza-marynarka-maya\/#primaryimage\"},\"image\":{\"@id\":\"https:\/\/talia-fashion.pl\/produkt\/dyplomatka-dwurzedowa-dluzsza-marynarka-maya\/#primaryimage\"},\"thumbnailUrl\":\"https:\/\/talia-fashion.pl\/wp-content\/uploads\/2024\/10\/dyplomatka_dwurzedowa_dluzsza_marynarka_mocny_pomaranczowy_kolor.jpg\",\"datePublished\":\"2025-09-03T14:38:05+00:00\",\"dateModified\":\"2026-04-04T20:15:13+00:00\",\"description\":\"Polecamy! Dyplomatka dwurz\u0119dowa d\u0142u\u017csza marynarka. Prosta linia, ko\u0142nierz typu rewers, zapinana na guziki, z podszewk\u0105. Szyta r\u0119cznie. Mocny kolor.\",\"breadcrumb\":{\"@id\":\"https:\/\/talia-fashion.pl\/produkt\/dyplomatka-dwurzedowa-dluzsza-marynarka-maya\/#breadcrumb\"},\"inLanguage\":\"en-GB\",\"potentialAction\":[{\"@type\":\"ReadAction\",\"target\":[\"https:\/\/talia-fashion.pl\/produkt\/dyplomatka-dwurzedowa-dluzsza-marynarka-maya\/\"]}]},{\"@type\":\"ImageObject\",\"inLanguage\":\"en-GB\",\"@id\":\"https:\/\/talia-fashion.pl\/produkt\/dyplomatka-dwurzedowa-dluzsza-marynarka-maya\/#primaryimage\",\"url\":\"https:\/\/talia-fashion.pl\/wp-content\/uploads\/2024\/10\/dyplomatka_dwurzedowa_dluzsza_marynarka_mocny_pomaranczowy_kolor.jpg\",\"contentUrl\":\"https:\/\/talia-fashion.pl\/wp-content\/uploads\/2024\/10\/dyplomatka_dwurzedowa_dluzsza_marynarka_mocny_pomaranczowy_kolor.jpg\",\"width\":1500,\"height\":2000,\"caption\":\"Dyplomatka dwurz\u0119dowa \u015bwietna w roli p\u0142aszcza, jak i d\u0142u\u017cszej marynarki. Mocny kolor - dopamine color. R\u0119cznie szyta.\"},{\"@type\":\"BreadcrumbList\",\"@id\":\"https:\/\/talia-fashion.pl\/produkt\/dyplomatka-dwurzedowa-dluzsza-marynarka-maya\/#breadcrumb\",\"itemListElement\":[{\"@type\":\"ListItem\",\"position\":1,\"name\":\"Strona g\u0142\u00f3wna\",\"item\":\"https:\/\/talia-fashion.pl\/\"},{\"@type\":\"ListItem\",\"position\":2,\"name\":\"Sklep\",\"item\":\"https:\/\/talia-fashion.pl\/sklep\/\"},{\"@type\":\"ListItem\",\"position\":3,\"name\":\"Dyplomatka dwurz\u0119dowa d\u0142u\u017csza marynarka Maya\"}]},{\"@type\":\"WebSite\",\"@id\":\"https:\/\/talia-fashion.pl\/#website\",\"url\":\"https:\/\/talia-fashion.pl\/\",\"name\":\"Talia Fashion\",\"description\":\"\",\"potentialAction\":[{\"@type\":\"SearchAction\",\"target\":{\"@type\":\"EntryPoint\",\"urlTemplate\":\"https:\/\/talia-fashion.pl\/?s={search_term_string}\"},\"query-input\":{\"@type\":\"PropertyValueSpecification\",\"valueRequired\":true,\"valueName\":\"search_term_string\"}}],\"inLanguage\":\"en-GB\"}]}<\/script>\n<!-- \/ Yoast SEO plugin. -->","yoast_head_json":{"title":"Dyplomatka dwurz\u0119dowa d\u0142u\u017csza marynarka Maya - Talia Fashion","description":"Polecamy! Dyplomatka dwurz\u0119dowa d\u0142u\u017csza marynarka. Prosta linia, ko\u0142nierz typu rewers, zapinana na guziki, z podszewk\u0105. Szyta r\u0119cznie. Mocny kolor.","robots":{"index":"index","follow":"follow","max-snippet":"max-snippet:-1","max-image-preview":"max-image-preview:large","max-video-preview":"max-video-preview:-1"},"canonical":"https:\/\/talia-fashion.pl\/en\/product\/dyplomatka-dwurzedowa-dluzsza-marynarka-maya\/","og_locale":"en_GB","og_type":"article","og_title":"Dyplomatka dwurz\u0119dowa d\u0142u\u017csza marynarka Maya - Talia Fashion","og_description":"Polecamy! Dyplomatka dwurz\u0119dowa d\u0142u\u017csza marynarka. Prosta linia, ko\u0142nierz typu rewers, zapinana na guziki, z podszewk\u0105. Szyta r\u0119cznie. Mocny kolor.","og_url":"https:\/\/talia-fashion.pl\/en\/product\/dyplomatka-dwurzedowa-dluzsza-marynarka-maya\/","og_site_name":"Talia Fashion","article_modified_time":"2026-04-04T20:15:13+00:00","og_image":[{"width":1500,"height":2000,"url":"https:\/\/talia-fashion.pl\/wp-content\/uploads\/2024\/10\/dyplomatka_dwurzedowa_dluzsza_marynarka_mocny_pomaranczowy_kolor.jpg","type":"image\/jpeg"}],"twitter_card":"summary_large_image","twitter_misc":{"Estimated reading time":"3 minutes"},"schema":{"@context":"https:\/\/schema.org","@graph":[{"@type":"WebPage","@id":"https:\/\/talia-fashion.pl\/produkt\/dyplomatka-dwurzedowa-dluzsza-marynarka-maya\/","url":"https:\/\/talia-fashion.pl\/produkt\/dyplomatka-dwurzedowa-dluzsza-marynarka-maya\/","name":"Dyplomatka dwurz\u0119dowa d\u0142u\u017csza marynarka Maya - Talia Fashion","isPartOf":{"@id":"https:\/\/talia-fashion.pl\/#website"},"primaryImageOfPage":{"@id":"https:\/\/talia-fashion.pl\/produkt\/dyplomatka-dwurzedowa-dluzsza-marynarka-maya\/#primaryimage"},"image":{"@id":"https:\/\/talia-fashion.pl\/produkt\/dyplomatka-dwurzedowa-dluzsza-marynarka-maya\/#primaryimage"},"thumbnailUrl":"https:\/\/talia-fashion.pl\/wp-content\/uploads\/2024\/10\/dyplomatka_dwurzedowa_dluzsza_marynarka_mocny_pomaranczowy_kolor.jpg","datePublished":"2025-09-03T14:38:05+00:00","dateModified":"2026-04-04T20:15:13+00:00","description":"Polecamy! Dyplomatka dwurz\u0119dowa d\u0142u\u017csza marynarka. Prosta linia, ko\u0142nierz typu rewers, zapinana na guziki, z podszewk\u0105. Szyta r\u0119cznie. Mocny kolor.","breadcrumb":{"@id":"https:\/\/talia-fashion.pl\/produkt\/dyplomatka-dwurzedowa-dluzsza-marynarka-maya\/#breadcrumb"},"inLanguage":"en-GB","potentialAction":[{"@type":"ReadAction","target":["https:\/\/talia-fashion.pl\/produkt\/dyplomatka-dwurzedowa-dluzsza-marynarka-maya\/"]}]},{"@type":"ImageObject","inLanguage":"en-GB","@id":"https:\/\/talia-fashion.pl\/produkt\/dyplomatka-dwurzedowa-dluzsza-marynarka-maya\/#primaryimage","url":"https:\/\/talia-fashion.pl\/wp-content\/uploads\/2024\/10\/dyplomatka_dwurzedowa_dluzsza_marynarka_mocny_pomaranczowy_kolor.jpg","contentUrl":"https:\/\/talia-fashion.pl\/wp-content\/uploads\/2024\/10\/dyplomatka_dwurzedowa_dluzsza_marynarka_mocny_pomaranczowy_kolor.jpg","width":1500,"height":2000,"caption":"Dyplomatka dwurz\u0119dowa \u015bwietna w roli p\u0142aszcza, jak i d\u0142u\u017cszej marynarki. Mocny kolor - dopamine color. R\u0119cznie szyta."},{"@type":"BreadcrumbList","@id":"https:\/\/talia-fashion.pl\/produkt\/dyplomatka-dwurzedowa-dluzsza-marynarka-maya\/#breadcrumb","itemListElement":[{"@type":"ListItem","position":1,"name":"Strona g\u0142\u00f3wna","item":"https:\/\/talia-fashion.pl\/"},{"@type":"ListItem","position":2,"name":"Sklep","item":"https:\/\/talia-fashion.pl\/sklep\/"},{"@type":"ListItem","position":3,"name":"Dyplomatka dwurz\u0119dowa d\u0142u\u017csza marynarka Maya"}]},{"@type":"WebSite","@id":"https:\/\/talia-fashion.pl\/#website","url":"https:\/\/talia-fashion.pl\/","name":"Talia Fashion","description":"","potentialAction":[{"@type":"SearchAction","target":{"@type":"EntryPoint","urlTemplate":"https:\/\/talia-fashion.pl\/?s={search_term_string}"},"query-input":{"@type":"PropertyValueSpecification","valueRequired":true,"valueName":"search_term_string"}}],"inLanguage":"en-GB"}]}},"_links":{"self":[{"href":"https:\/\/talia-fashion.pl\/en\/wp-json\/wp\/v2\/product\/4741","targetHints":{"allow":["GET"]}}],"collection":[{"href":"https:\/\/talia-fashion.pl\/en\/wp-json\/wp\/v2\/product"}],"about":[{"href":"https:\/\/talia-fashion.pl\/en\/wp-json\/wp\/v2\/types\/product"}],"wp:featuredmedia":[{"embeddable":true,"href":"https:\/\/talia-fashion.pl\/en\/wp-json\/wp\/v2\/media\/728"}],"wp:attachment":[{"href":"https:\/\/talia-fashion.pl\/en\/wp-json\/wp\/v2\/media?parent=4741"}],"wp:term":[{"taxonomy":"product_cat","embeddable":true,"href":"https:\/\/talia-fashion.pl\/en\/wp-json\/wp\/v2\/product_cat?post=4741"},{"taxonomy":"product_tag","embeddable":true,"href":"https:\/\/talia-fashion.pl\/en\/wp-json\/wp\/v2\/product_tag?post=4741"}],"curies":[{"name":"wp","href":"https:\/\/api.w.org\/{rel}","templated":true}]}}