{"id":4685,"date":"2022-09-28T09:47:40","date_gmt":"2022-09-28T07:47:40","guid":{"rendered":"http:\/\/talia-fashion.pl\/produkt\/wysoko-zapinany-plaszcz-zimowy-nikki\/"},"modified":"2026-02-12T15:42:36","modified_gmt":"2026-02-12T14:42:36","slug":"wysoko-zapinany-plaszcz-zimowy-nikki","status":"publish","type":"product","link":"https:\/\/talia-fashion.pl\/en\/product\/wysoko-zapinany-plaszcz-zimowy-nikki\/","title":{"rendered":"Nikki high-button winter coat"},"content":{"rendered":"<p>Wysoko zapinany p\u0142aszcz zimowy Nikki to super wygodny p\u0142aszcz jesienno-zimowy, uszyty z wysokiej jako\u015bci mieszanki we\u0142ny. P\u0142aszcz w ca\u0142o\u015bci ocieplany, w\u0142\u0105cznie z r\u0119kawami. P\u0142aszcz wysoko zapinany z mo\u017cliwo\u015bci\u0105 wy\u0142o\u017cenia klap w formie ko\u0142nierza. Wy\u0142o\u017cone po\u0142y modeluj\u0105 dekolt w szpic.<\/p>\n<p>P\u0142aszcz jest zapinany na 3 guziki. Podpi\u0119ty wysoko tworzy ma\u0142\u0105 otulaj\u0105c\u0105 st\u00f3jk\u0119. Jednak mo\u017cesz zapina\u0107 go na dowoln\u0105 ilo\u015b\u0107 guzik\u00f3w, tworz\u0105c mniejszy lub wi\u0119kszy ko\u0142nierzyk przy p\u0142aszczu. To rozwi\u0105zanie daje wiele mo\u017cliwo\u015bci i za ka\u017cdym razem p\u0142aszcz wygl\u0105da inaczej. Na zdj\u0119ciu prezentowana jest opcja, gdy p\u0142aszcz zapi\u0119ty jest na 1 guzik lub ca\u0142kowicie rozpi\u0119ty. Wersja zapi\u0119ta wysoko prezentowana jest na zdj\u0119ciu p\u0142aszcza na drzwiach. Fason z asymetryczn\u0105 lini\u0105 ci\u0119cia. Klasyczna, prosta linia ramion. Ty\u0142 p\u0142aszcza dopasowany, z rozporkiem na dole. Przody bez zaszewek. Wi\u0105zany pasek uszyty z tej samej tkaniny co p\u0142aszcz, do podkre\u015blenia talii. Zapinany na trzy guziki. D\u0142ugo\u015b\u0107 w kolano. Wpuszczane uko\u015bnie boczne kieszenie zako\u0144czone listewkami. Idealny na jesie\u0144 i zim\u0119.<\/p>\n<p>Nikki w ponadczasowy wz\u00f3r jode\u0142ki w pi\u0119knych odcieniach: niebieskim i szarym, o lekkiej, m\u0142odzie\u0144czej linii odejmie Ci lat i sprawi, \u017ce poczujesz si\u0119 wytwornie. Mi\u0119kka tkanina doskonale si\u0119 uk\u0142ada i z przyjemno\u015bci\u0105 b\u0119dziesz go zak\u0142ada\u0107 ka\u017cdego dnia. Do tego modelu p\u0142aszcza mo\u017cesz za\u0142o\u017cy\u0107 zar\u00f3wno d\u017cinsy jak i spodnie na kant. Pasuje do codziennych outfit\u00f3w z trampkami jak i eleganckich czy biznesowych zestawie\u0144. Szal, czapka czy r\u0119kawiczki nadadz\u0105 charakter Twojej stylizacji. Cokolwiek wybierzesz mo\u017cesz by\u0107 pewna, \u017ce w tym p\u0142aszczu b\u0119dzie Ci wygodnie i b\u0119dziesz wygl\u0105da\u0107 modnie. Wysoko zapinany p\u0142aszcz zimowy Nikki otuli Ci\u0119 przed ch\u0142odem.<\/p>\n<p>Uprawiamy tradycyjne krawiectwo i nasze p\u0142aszcze szyjemy r\u0119cznie. Prosimy zatem o cierpliwo\u015b\u0107. Musimy uszy\u0107 dla Was wymarzony p\u0142aszcz. Zgodnie z ide\u0105 zr\u00f3wnowa\u017conego rozwoju, unikamy nadprodukcji, dlatego te\u017c nie szyjemy na magazyn.<\/p>\n<p>Dzi\u0119ki wyj\u0105tkowej konstrukcji, po ten p\u0142aszcz mog\u0105 si\u0119gn\u0105\u0107 panie o r\u00f3\u017cnych figurach. Ten model w \u0142atwy spos\u00f3b pomo\u017ce wymodelowa\u0107 sylwetk\u0119, nawet u pa\u0144 typu &#8222;gruszka&#8221;. Wybieraj\u0105c p\u0142aszcz z asymetrycznym przodem mo\u017cna pokusi\u0107 si\u0119 o wyb\u00f3r mniejszego rozmiaru, odpowiadaj\u0105cego ramionom, gdy\u017c asymetryczny p\u0142aszcz i tak b\u0119dzie si\u0119 naturalnie rozchyla\u0142 na biodrach, optycznie je zmniejszaj\u0105c i niweluj\u0105c r\u00f3\u017cnic\u0119 mi\u0119dzy g\u00f3r\u0105 a do\u0142em sylwetki. Dodatkowo du\u017cy ko\u0142nierz na g\u00f3rze zr\u00f3wnowa\u017cy dysproporcje. A pasek podkre\u015bli tali\u0119. Dobieraj\u0105c p\u0142aszcz do sylwetki mo\u017cesz wspom\u00f3c si\u0119 naszymi wskaz\u00f3wkami z zak\u0142adki: <a href=\"https:\/\/talia-fashion.pl\/en\/jak-dobrac-plaszcz-do-sylwetki\/\">How do you choose a coat to suit your figure?<\/a><\/p>\n<p>Zdj\u0119cie rzeczywiste \u2013 jode\u0142ka niebieska<br \/>\nP\u0142aszcz dost\u0119pny w nast\u0119puj\u0105cych kolorach: jode\u0142ka niebieska<\/p>\n<p>Wszystkie kolory znale\u017a\u0107 mo\u017cna w naszej \u00a0<a href=\"https:\/\/talia-fashion.pl\/en\/paleta-kolorow\/\">Colour palette<\/a>. Prezentujemy je tak\u017ce na zdj\u0119ciach pozosta\u0142ych p\u0142aszczy na innych aukcjach. W razie w\u0105tpliwo\u015bci, prosimy o kontakt.<\/p>\n<p>Available sizes: XS, S, M, L<\/p>\n<p>Indicative dimensions:<\/p>\n<p><span lang=\"DE\">XS \u2013\u00a0<\/span><span lang=\"DE\">biust: 86-88 \/ biodra: 94-96 \/ d\u0142ugo\u015b\u0107: 95 \/ r\u0119kaw: 61<\/span><br \/>\nS \u2013 biust: 90-92 \/ biodra: 98-100 \/ d\u0142ugo\u015b\u0107: 96 \/ r\u0119kaw: 62<br \/>\nM \u2013 biust: 94-96\u00a0\u00a0\/ biodra: 102-104 \/ d\u0142ugo\u015b\u0107: 96 \/ r\u0119kaw: 62<br \/>\nL \u2013 biust: 98-100 \/ biodra: 106-108 \/ d\u0142ugo\u015b\u0107: 97 \/ r\u0119kaw: 63<br \/>\nXL &#8211; biust: 102-104 \/ biodra: 112-114 \/ d\u0142ugo\u015b\u0107: 97 \/ r\u0119kaw: 64<\/p>\n<p><span lang=\"DE\">P\u0142aszcz ma do\u015b\u0107 du\u017cy zak\u0142ad, dzi\u0119ki czemu zawsze istnieje mo\u017cliwo\u015b\u0107 przesuni\u0119cia guzik\u00f3w, by zyska\u0107 dodatkowe centymetry b\u0105d\u017a go odpowiednio zmniejszy\u0107, bez wp\u0142ywu na fason p\u0142aszcza. Je\u015bli preferujecie bardziej dopasowany p\u0142aszcz, sugerujemy wyb\u00f3r mniejszego rozmiaru. W razie w\u0105tpliwo\u015bci, prosimy o kontakt.<br \/>\n<\/span><\/p>\n<p>Jak interpretowa\u0107 powy\u017csz\u0105 tabel\u0119 oraz jak si\u0119 mierzy\u0107 i dobra\u0107 rozmiar, podpowiadamy w zak\u0142adce\u00a0<a href=\"https:\/\/talia-fashion.pl\/en\/jak-dobrac-rozmiar\/\">How do you choose the right size?<\/a><br \/>\nIf in doubt, please contact us.<\/p>\n<p><span lang=\"DE\">Materia\u0142: 70<\/span><span lang=\"DE\">% we\u0142na, 30% poliamid<\/span><br \/>\nLining: 100% acetate<\/p>\n<p>Like viscose, acetate is produced from cellulose. Acetate yarn can also be made from recycled cellulose such as paper. The acetate lining is excellent at absorbing moisture and allowing air to pass through. It is coated with an antistatic apprettee and is OEKOtex\u00ae Standard 100 certified.<br \/>\nInsulation: 100% non-woven recycled polyester<br \/>\nOur coats are insulated with a compressed thermo-insulating quilted fleece on the lining. The fleece is made from recycled polyester fibres. The material is lightweight, thin and at the same time perfectly insulating. The insulating fleece we use is resistant to moisture (it retains its insulating properties and warming effect even in damp conditions), stops the wind, is hypoallergenic and breathable. It is OEKOtex\u00ae Standard 100 certified.<\/p>\n<p>Wysoko zapinany p\u0142aszcz zimowy Nikki zaprojektowali\u015bmy oraz szyjemy w naszej pracowni. Dzi\u0119ki tradycyjnemu krawiectwu mamy kontrol\u0119 nad ka\u017cdym etapem tworzenia p\u0142aszcza. Ka\u017cdy nasz p\u0142aszcz jest dla nas wyj\u0105tkowy i wk\u0142adamy w jego uszycie ca\u0142e serce. Ju\u017c od ponad 37 lat p\u0142aszcze s\u0105 nasz\u0105 pasj\u0105.<\/p>\n<p>P\u0142aszcz nale\u017cy czy\u015bci\u0107 chemicznie, natomiast warto pami\u0119ta\u0107, \u017ce dbanie o odzie\u017c jest r\u00f3wnie\u017c wyrazem troski o \u015brodowisko. Dbaj\u0105c i piel\u0119gnuj\u0105c sw\u00f3j p\u0142aszcz, cieszysz si\u0119 nim d\u0142u\u017cej a jednocze\u015bnie ograniczasz ilo\u015b\u0107 odpad\u00f3w. W zak\u0142adce\u00a0 <a href=\"https:\/\/talia-fashion.pl\/en\/jak-pielegnowac-i-dbac-o-plaszcz\/\">How to care for and maintain coats?<\/a> znajdziesz gar\u015b\u0107 porad na domow\u0105 piel\u0119gnacj\u0119. Dodatkowo, do cz\u0119stego od\u015bwie\u017cania we\u0142ny polecamy <a href=\"https:\/\/talia-fashion.pl\/en\/product\/szczotka-do-czyszczenia-i-pielegnacji-plaszcza\/\">Brush for cleaning and care of the coat<\/a>, kt\u00f3r\u0105 znajdziesz w naszym sklepie.<\/p>\n<p>Istnieje mo\u017cliwo\u015b\u0107 wykonania pewnych modyfikacji na \u017cyczenie Klienta na tzw. <strong>Individual order<\/strong>: skr\u00f3cenie, wyd\u0142u\u017cenie r\u0119kawa, skr\u00f3cenie i wyd\u0142u\u017cenie p\u0142aszcza. Koszt us\u0142ugi ustalamy indywidualnie, po uprzednim okre\u015bleniu zakresu zmian.<\/p>\n<p><strong>An individual order is not subject to exchange or refund.<\/strong><\/p>\n<p>The lead time depends on the current stock in the atelier and the availability of the fabric colour in question. If a given coat is available in the company, the order will be fulfilled very quickly - 2-5 working days. If it is necessary to sew the coat or individualise the order - making alterations or sewing a new coat - the lead time may be extended, up to a maximum of 2 weeks.<\/p>\n<p>Prosimy o cierpliwo\u015b\u0107 w oczekiwaniu na zam\u00f3wienie, gdy\u017c musimy uszy\u0107 ten p\u0142aszcz dla Ciebie. Szyjemy tradycyjnymi metodami, dlatego nie szyjemy p\u0142aszczy na magazyn.<\/p>\n<p><strong>Thank you for supporting local crafts.<\/strong><\/p>\n<p>We invite you to like our profile on <a href=\"https:\/\/www.facebook.com\/talia.plaszcze\">Facebook<\/a> i \u00a0<a href=\"https:\/\/www.instagram.com\/talia_plaszcze\/\">Instagram<\/a>.<\/p>","protected":false},"excerpt":{"rendered":"<p>Wysoko zapinany p\u0142aszcz zimowy Nikki to super wygodny p\u0142aszcz jesienno-zimowy, uszyty z wysokiej jako\u015bci mieszanki we\u0142ny. P\u0142aszcz w ca\u0142o\u015bci ocieplany, w\u0142\u0105cznie z&hellip;<\/p>","protected":false},"featured_media":708,"template":"","meta":{"_acf_changed":false},"product_cat":[104,55],"product_tag":[162,89,78,119,34,231,39,42,67,43,68,47,75,181,85,165,95,86,232,200,149,168],"class_list":{"0":"post-4685","1":"product","2":"type-product","3":"status-publish","4":"has-post-thumbnail","6":"product_cat-ostatnie-sztuki","7":"product_cat-plaszcze-krotsze","8":"product_tag-asymetryczny-plaszcz","9":"product_tag-cieply","10":"product_tag-dla-roznych-sylwetek","11":"product_tag-dlugi-plaszcz-zimowy","12":"product_tag-handmade","13":"product_tag-jodelka","14":"product_tag-klasyczny","15":"product_tag-nowosc","16":"product_tag-ocieplany","17":"product_tag-plaszcz-damski","18":"product_tag-plaszcz-jesienny","19":"product_tag-plaszcz-na-guziki","20":"product_tag-plaszcz-ocieplany","21":"product_tag-plaszcz-w-jodelke","22":"product_tag-plaszcz-welniany","23":"product_tag-plaszcz-ze-stojka","24":"product_tag-plaszcz-zimowy","25":"product_tag-plaszcz-zimowy-ocieplany","26":"product_tag-stojka","27":"product_tag-w-kolano","28":"product_tag-welna-z-alpaki","29":"product_tag-wysoko-zapinany","31":"first","32":"instock","33":"shipping-taxable","34":"purchasable","35":"product-type-variable","36":"has-default-attributes"},"acf":[],"yoast_head":"<!-- This site is optimized with the Yoast SEO plugin v25.7 - https:\/\/yoast.com\/wordpress\/plugins\/seo\/ -->\n<title>Wysoko zapinany p\u0142aszcz zimowy Nikki - Talia Fashion<\/title>\n<meta name=\"description\" content=\"Wysoko zapinany p\u0142aszcz zimowy Nikki zosta\u0142 uszyty tradycyjnymi metodami, w naszej pracowni w Poznaniu. Nowoczesna linia w we\u0142nianej tkaninie w jode\u0142k\u0119.\" \/>\n<meta name=\"robots\" content=\"index, follow, max-snippet:-1, max-image-preview:large, max-video-preview:-1\" \/>\n<link rel=\"canonical\" href=\"https:\/\/talia-fashion.pl\/en\/product\/wysoko-zapinany-plaszcz-zimowy-nikki\/\" \/>\n<meta property=\"og:locale\" content=\"en_GB\" \/>\n<meta property=\"og:type\" content=\"article\" \/>\n<meta property=\"og:title\" content=\"Wysoko zapinany p\u0142aszcz zimowy Nikki - Talia Fashion\" \/>\n<meta property=\"og:description\" content=\"Wysoko zapinany p\u0142aszcz zimowy Nikki zosta\u0142 uszyty tradycyjnymi metodami, w naszej pracowni w Poznaniu. Nowoczesna linia w we\u0142nianej tkaninie w jode\u0142k\u0119.\" \/>\n<meta property=\"og:url\" content=\"https:\/\/talia-fashion.pl\/en\/product\/wysoko-zapinany-plaszcz-zimowy-nikki\/\" \/>\n<meta property=\"og:site_name\" content=\"Talia Fashion\" \/>\n<meta property=\"article:modified_time\" content=\"2026-02-12T14:42:36+00:00\" \/>\n<meta property=\"og:image\" content=\"https:\/\/talia-fashion.pl\/wp-content\/uploads\/2024\/10\/wysoko-zapinany-plaszcz-zimowy-asymetryczny-przod-wiazany-jodelka.jpg\" \/>\n\t<meta property=\"og:image:width\" content=\"1000\" \/>\n\t<meta property=\"og:image:height\" content=\"1500\" \/>\n\t<meta property=\"og:image:type\" content=\"image\/jpeg\" \/>\n<meta name=\"twitter:card\" content=\"summary_large_image\" \/>\n<meta name=\"twitter:label1\" content=\"Estimated reading time\" \/>\n\t<meta name=\"twitter:data1\" content=\"5 minutes\" \/>\n<script type=\"application\/ld+json\" class=\"yoast-schema-graph\">{\"@context\":\"https:\/\/schema.org\",\"@graph\":[{\"@type\":\"WebPage\",\"@id\":\"https:\/\/talia-fashion.pl\/produkt\/wysoko-zapinany-plaszcz-zimowy-nikki\/\",\"url\":\"https:\/\/talia-fashion.pl\/produkt\/wysoko-zapinany-plaszcz-zimowy-nikki\/\",\"name\":\"Wysoko zapinany p\u0142aszcz zimowy Nikki - Talia Fashion\",\"isPartOf\":{\"@id\":\"https:\/\/talia-fashion.pl\/#website\"},\"primaryImageOfPage\":{\"@id\":\"https:\/\/talia-fashion.pl\/produkt\/wysoko-zapinany-plaszcz-zimowy-nikki\/#primaryimage\"},\"image\":{\"@id\":\"https:\/\/talia-fashion.pl\/produkt\/wysoko-zapinany-plaszcz-zimowy-nikki\/#primaryimage\"},\"thumbnailUrl\":\"https:\/\/talia-fashion.pl\/wp-content\/uploads\/2024\/10\/wysoko-zapinany-plaszcz-zimowy-asymetryczny-przod-wiazany-jodelka.jpg\",\"datePublished\":\"2022-09-28T07:47:40+00:00\",\"dateModified\":\"2026-02-12T14:42:36+00:00\",\"description\":\"Wysoko zapinany p\u0142aszcz zimowy Nikki zosta\u0142 uszyty tradycyjnymi metodami, w naszej pracowni w Poznaniu. Nowoczesna linia w we\u0142nianej tkaninie w jode\u0142k\u0119.\",\"breadcrumb\":{\"@id\":\"https:\/\/talia-fashion.pl\/produkt\/wysoko-zapinany-plaszcz-zimowy-nikki\/#breadcrumb\"},\"inLanguage\":\"en-GB\",\"potentialAction\":[{\"@type\":\"ReadAction\",\"target\":[\"https:\/\/talia-fashion.pl\/produkt\/wysoko-zapinany-plaszcz-zimowy-nikki\/\"]}]},{\"@type\":\"ImageObject\",\"inLanguage\":\"en-GB\",\"@id\":\"https:\/\/talia-fashion.pl\/produkt\/wysoko-zapinany-plaszcz-zimowy-nikki\/#primaryimage\",\"url\":\"https:\/\/talia-fashion.pl\/wp-content\/uploads\/2024\/10\/wysoko-zapinany-plaszcz-zimowy-asymetryczny-przod-wiazany-jodelka.jpg\",\"contentUrl\":\"https:\/\/talia-fashion.pl\/wp-content\/uploads\/2024\/10\/wysoko-zapinany-plaszcz-zimowy-asymetryczny-przod-wiazany-jodelka.jpg\",\"width\":1000,\"height\":1500,\"caption\":\"Wysoko zapinany p\u0142aszcz zimowy w jode\u0142k\u0119. Zapinany na 3 guziki - wtedy tworzy ma\u0142\u0105 otulaj\u0105c\u0105 st\u00f3jk\u0119. Rozpi\u0119ty ko\u0142nierz uk\u0142ada si\u0119 w szpic. Asymetryczny prz\u00f3d. We\u0142niany.\"},{\"@type\":\"BreadcrumbList\",\"@id\":\"https:\/\/talia-fashion.pl\/produkt\/wysoko-zapinany-plaszcz-zimowy-nikki\/#breadcrumb\",\"itemListElement\":[{\"@type\":\"ListItem\",\"position\":1,\"name\":\"Strona g\u0142\u00f3wna\",\"item\":\"https:\/\/talia-fashion.pl\/\"},{\"@type\":\"ListItem\",\"position\":2,\"name\":\"Sklep\",\"item\":\"https:\/\/talia-fashion.pl\/sklep\/\"},{\"@type\":\"ListItem\",\"position\":3,\"name\":\"Wysoko zapinany p\u0142aszcz zimowy Nikki\"}]},{\"@type\":\"WebSite\",\"@id\":\"https:\/\/talia-fashion.pl\/#website\",\"url\":\"https:\/\/talia-fashion.pl\/\",\"name\":\"Talia Fashion\",\"description\":\"\",\"potentialAction\":[{\"@type\":\"SearchAction\",\"target\":{\"@type\":\"EntryPoint\",\"urlTemplate\":\"https:\/\/talia-fashion.pl\/?s={search_term_string}\"},\"query-input\":{\"@type\":\"PropertyValueSpecification\",\"valueRequired\":true,\"valueName\":\"search_term_string\"}}],\"inLanguage\":\"en-GB\"}]}<\/script>\n<!-- \/ Yoast SEO plugin. -->","yoast_head_json":{"title":"Wysoko zapinany p\u0142aszcz zimowy Nikki - Talia Fashion","description":"Wysoko zapinany p\u0142aszcz zimowy Nikki zosta\u0142 uszyty tradycyjnymi metodami, w naszej pracowni w Poznaniu. Nowoczesna linia w we\u0142nianej tkaninie w jode\u0142k\u0119.","robots":{"index":"index","follow":"follow","max-snippet":"max-snippet:-1","max-image-preview":"max-image-preview:large","max-video-preview":"max-video-preview:-1"},"canonical":"https:\/\/talia-fashion.pl\/en\/product\/wysoko-zapinany-plaszcz-zimowy-nikki\/","og_locale":"en_GB","og_type":"article","og_title":"Wysoko zapinany p\u0142aszcz zimowy Nikki - Talia Fashion","og_description":"Wysoko zapinany p\u0142aszcz zimowy Nikki zosta\u0142 uszyty tradycyjnymi metodami, w naszej pracowni w Poznaniu. Nowoczesna linia w we\u0142nianej tkaninie w jode\u0142k\u0119.","og_url":"https:\/\/talia-fashion.pl\/en\/product\/wysoko-zapinany-plaszcz-zimowy-nikki\/","og_site_name":"Talia Fashion","article_modified_time":"2026-02-12T14:42:36+00:00","og_image":[{"width":1000,"height":1500,"url":"https:\/\/talia-fashion.pl\/wp-content\/uploads\/2024\/10\/wysoko-zapinany-plaszcz-zimowy-asymetryczny-przod-wiazany-jodelka.jpg","type":"image\/jpeg"}],"twitter_card":"summary_large_image","twitter_misc":{"Estimated reading time":"5 minutes"},"schema":{"@context":"https:\/\/schema.org","@graph":[{"@type":"WebPage","@id":"https:\/\/talia-fashion.pl\/produkt\/wysoko-zapinany-plaszcz-zimowy-nikki\/","url":"https:\/\/talia-fashion.pl\/produkt\/wysoko-zapinany-plaszcz-zimowy-nikki\/","name":"Wysoko zapinany p\u0142aszcz zimowy Nikki - Talia Fashion","isPartOf":{"@id":"https:\/\/talia-fashion.pl\/#website"},"primaryImageOfPage":{"@id":"https:\/\/talia-fashion.pl\/produkt\/wysoko-zapinany-plaszcz-zimowy-nikki\/#primaryimage"},"image":{"@id":"https:\/\/talia-fashion.pl\/produkt\/wysoko-zapinany-plaszcz-zimowy-nikki\/#primaryimage"},"thumbnailUrl":"https:\/\/talia-fashion.pl\/wp-content\/uploads\/2024\/10\/wysoko-zapinany-plaszcz-zimowy-asymetryczny-przod-wiazany-jodelka.jpg","datePublished":"2022-09-28T07:47:40+00:00","dateModified":"2026-02-12T14:42:36+00:00","description":"Wysoko zapinany p\u0142aszcz zimowy Nikki zosta\u0142 uszyty tradycyjnymi metodami, w naszej pracowni w Poznaniu. Nowoczesna linia w we\u0142nianej tkaninie w jode\u0142k\u0119.","breadcrumb":{"@id":"https:\/\/talia-fashion.pl\/produkt\/wysoko-zapinany-plaszcz-zimowy-nikki\/#breadcrumb"},"inLanguage":"en-GB","potentialAction":[{"@type":"ReadAction","target":["https:\/\/talia-fashion.pl\/produkt\/wysoko-zapinany-plaszcz-zimowy-nikki\/"]}]},{"@type":"ImageObject","inLanguage":"en-GB","@id":"https:\/\/talia-fashion.pl\/produkt\/wysoko-zapinany-plaszcz-zimowy-nikki\/#primaryimage","url":"https:\/\/talia-fashion.pl\/wp-content\/uploads\/2024\/10\/wysoko-zapinany-plaszcz-zimowy-asymetryczny-przod-wiazany-jodelka.jpg","contentUrl":"https:\/\/talia-fashion.pl\/wp-content\/uploads\/2024\/10\/wysoko-zapinany-plaszcz-zimowy-asymetryczny-przod-wiazany-jodelka.jpg","width":1000,"height":1500,"caption":"Wysoko zapinany p\u0142aszcz zimowy w jode\u0142k\u0119. Zapinany na 3 guziki - wtedy tworzy ma\u0142\u0105 otulaj\u0105c\u0105 st\u00f3jk\u0119. Rozpi\u0119ty ko\u0142nierz uk\u0142ada si\u0119 w szpic. Asymetryczny prz\u00f3d. We\u0142niany."},{"@type":"BreadcrumbList","@id":"https:\/\/talia-fashion.pl\/produkt\/wysoko-zapinany-plaszcz-zimowy-nikki\/#breadcrumb","itemListElement":[{"@type":"ListItem","position":1,"name":"Strona g\u0142\u00f3wna","item":"https:\/\/talia-fashion.pl\/"},{"@type":"ListItem","position":2,"name":"Sklep","item":"https:\/\/talia-fashion.pl\/sklep\/"},{"@type":"ListItem","position":3,"name":"Wysoko zapinany p\u0142aszcz zimowy Nikki"}]},{"@type":"WebSite","@id":"https:\/\/talia-fashion.pl\/#website","url":"https:\/\/talia-fashion.pl\/","name":"Talia Fashion","description":"","potentialAction":[{"@type":"SearchAction","target":{"@type":"EntryPoint","urlTemplate":"https:\/\/talia-fashion.pl\/?s={search_term_string}"},"query-input":{"@type":"PropertyValueSpecification","valueRequired":true,"valueName":"search_term_string"}}],"inLanguage":"en-GB"}]}},"_links":{"self":[{"href":"https:\/\/talia-fashion.pl\/en\/wp-json\/wp\/v2\/product\/4685","targetHints":{"allow":["GET"]}}],"collection":[{"href":"https:\/\/talia-fashion.pl\/en\/wp-json\/wp\/v2\/product"}],"about":[{"href":"https:\/\/talia-fashion.pl\/en\/wp-json\/wp\/v2\/types\/product"}],"wp:featuredmedia":[{"embeddable":true,"href":"https:\/\/talia-fashion.pl\/en\/wp-json\/wp\/v2\/media\/708"}],"wp:attachment":[{"href":"https:\/\/talia-fashion.pl\/en\/wp-json\/wp\/v2\/media?parent=4685"}],"wp:term":[{"taxonomy":"product_cat","embeddable":true,"href":"https:\/\/talia-fashion.pl\/en\/wp-json\/wp\/v2\/product_cat?post=4685"},{"taxonomy":"product_tag","embeddable":true,"href":"https:\/\/talia-fashion.pl\/en\/wp-json\/wp\/v2\/product_tag?post=4685"}],"curies":[{"name":"wp","href":"https:\/\/api.w.org\/{rel}","templated":true}]}}